{"id":21800,"date":"2023-10-20T09:38:53","date_gmt":"2023-10-20T09:38:53","guid":{"rendered":"https:\/\/www.delongtop.com\/?post_type=product&#038;p=21800"},"modified":"2023-12-18T02:58:01","modified_gmt":"2023-12-18T02:58:01","slug":"25-6v-100ah-lifepo4-powerwall-2-56kwh-wall-mounted-lithium-battery-dl-lfp24100j","status":"publish","type":"product","link":"https:\/\/www.delongtop.com\/de\/product\/25-6v-100ah-lifepo4-powerwall-2-56kwh-wall-mounted-lithium-battery-dl-lfp24100j\/","title":{"rendered":"25.6V 100Ah Lifepo4 Powerwall 2.56kwh Lithium Wandbatterie DL-LFP24100J"},"content":{"rendered":"<div>\n<h3><span style=\"color: #339966;\"><strong><b>25.6V 100Ah Lifepo4 Powerwall 2.56kwh Wandmontierte Lithium Batterie<\/b><\/strong><strong><b>\u00a0F\u00fcr Solar-Batteriespeicher f\u00fcr Wohngeb\u00e4ude<\/b><\/strong><\/span><\/h3>\n<p>Die 25,6V 100Ah 2,56kwh Wandbatterie von Delong Energy ist leicht, nur 27,5kg. Das kompakte Design reduziert die Dicke des Produkts und macht die Batterie kleiner. Das Material der positiven Elektrode der Wandbatterie ist Lithium-Eisenphosphat, das eine bessere Sicherheitsleistung aufweist. Das eingebaute Batteriemanagementsystem verf\u00fcgt \u00fcber Schutzfunktionen gegen \u00dcberladung, \u00dcberentladung, \u00dcberstrom sowie hohe und niedrige Temperaturen.<\/p>\n<\/div>\n<h3><\/h3>\n<h3><span style=\"color: #339966;\"><strong><b>Vorteile von <\/b><\/strong><strong><b>2,56kwh <\/b><\/strong><b><\/b><\/span><span style=\"color: #339966;\"><strong><b>Lifepo4 Powerwall<\/b><\/strong><\/span><\/h3>\n<ul>\n<li>Wandmontierte Lithium-Batterie spart Platz<\/li>\n<li>Eingebautes Smart BMS \u00fcberwacht Ihre Batterie in Echtzeit<\/li>\n<li>LiFePO4-Zellen der G\u00fcteklasse A, wie z. B. CATL, weisen eine h\u00f6here Sicherheit auf.<\/li>\n<li>\u00dcber 6500 lange Zykluslebensdauer senken Ihre Kosten: Sie k\u00f6nnen die Batterie bis zu 12 Jahre lang verwenden.<\/li>\n<li>Unterst\u00fctzung f\u00fcr Parallelschaltung zur Kapazit\u00e4tserweiterung, 5kwh, 10kwh, 15kwh, 20kwh, 25kwh, etc.<\/li>\n<li>Unterst\u00fctzt die Anpassung an Ihre Bed\u00fcrfnisse, wandmontiert, rackmontiert, all-in-one und stapelbar.<\/li>\n<li>Internationale Zertifizierungen wie CE, MSDS, UN38.3, ISO und IEC.<\/li>\n<li>Kompatibel mit Wechselrichtern verschiedener Marken, wie Deye, Growatt und Goodwe.<\/li>\n<\/ul>\n<h3><\/h3>\n<h3><span style=\"color: #339966;\"><strong>Anwendung der 25.6V 100Ah Lithium-Wandbatterie<\/strong><\/span><\/h3>\n<div>\n<p>Die 25,6V 100Ah Lithium-Wandbatterie hat eine hohe Sicherheit, Energiedichte und robuste Skalierbarkeit. Sie eignet sich sehr gut f\u00fcr die Energiespeicherung zu Hause, die Speicherung von Solarenergie, USV-Systeme, Firmenb\u00fcros, Kommunikation, Basisstationen, Stromversorgungssysteme usw.<\/p>\n<h3><\/h3>\n<h3><span style=\"color: #339966;\"><strong><b>\u00dcber Delong Energy - Hersteller von wandmontierten Lithium-Batterien<\/b><\/strong><\/span><\/h3>\n<p>Wir wurden 2012 gegr\u00fcndet und verf\u00fcgen \u00fcber eine 6.000 Quadratmeter gro\u00dfe Lithiumbatteriefabrik und 3 fortschrittliche Produktionslinien. Die hocheffizienten Produktionsprozesse erm\u00f6glichen es den Kunden, die bestellten Produkte p\u00fcnktlich zu erhalten. Wir bieten nicht nur 12-V-Lithiumbatterien an, sondern k\u00f6nnen auch kundenspezifische L\u00f6sungen f\u00fcr die Energiespeicherung zu Hause anbieten, wie z. B. wandmontierte Solarbatterien, All-in-One-Energiespeichersysteme, stapelbare Lithiumbatterien und rackmontierte lifepo4-Batterien. Delong Lithium-Batterien werden in das Vereinigte K\u00f6nigreich, Deutschland, die Vereinigten Staaten, Italien, Polen, Australien, Japan, S\u00fcdkorea, etc. exportiert.<\/p>\n<div id=\"attachment_21815\" style=\"width: 1010px\" class=\"wp-caption aligncenter\"><img data-recalc-dims=\"1\" decoding=\"async\" aria-describedby=\"caption-attachment-21815\" class=\"lazyload size-full wp-image-21815\" src=\"https:\/\/i0.wp.com\/www.delongtop.com\/wp-content\/uploads\/2023\/10\/About-Delong-Energy.jpg?resize=1000%2C800\" data-orig-src=\"http:\/\/www.delongtop.com\/wp-content\/uploads\/2023\/10\/About-Delong-Energy.jpg\" alt=\"\u00dcber Delong Energy\" width=\"1000\" height=\"800\" srcset=\"data:image\/svg+xml,%3Csvg%20xmlns%3D%27http%3A%2F%2Fwww.w3.org%2F2000%2Fsvg%27%20width%3D%271000%27%20height%3D%27800%27%20viewBox%3D%270%200%201000%20800%27%3E%3Crect%20width%3D%271000%27%20height%3D%27800%27%20fill-opacity%3D%220%22%2F%3E%3C%2Fsvg%3E\" data-srcset=\"https:\/\/i0.wp.com\/www.delongtop.com\/wp-content\/uploads\/2023\/10\/About-Delong-Energy.jpg?resize=177%2C142&amp;ssl=1 177w, https:\/\/i0.wp.com\/www.delongtop.com\/wp-content\/uploads\/2023\/10\/About-Delong-Energy.jpg?resize=200%2C160&amp;ssl=1 200w, https:\/\/i0.wp.com\/www.delongtop.com\/wp-content\/uploads\/2023\/10\/About-Delong-Energy.jpg?resize=300%2C240&amp;ssl=1 300w, https:\/\/i0.wp.com\/www.delongtop.com\/wp-content\/uploads\/2023\/10\/About-Delong-Energy.jpg?resize=400%2C320&amp;ssl=1 400w, https:\/\/i0.wp.com\/www.delongtop.com\/wp-content\/uploads\/2023\/10\/About-Delong-Energy.jpg?resize=500%2C400&amp;ssl=1 500w, https:\/\/i0.wp.com\/www.delongtop.com\/wp-content\/uploads\/2023\/10\/About-Delong-Energy.jpg?resize=600%2C480&amp;ssl=1 600w, https:\/\/i0.wp.com\/www.delongtop.com\/wp-content\/uploads\/2023\/10\/About-Delong-Energy.jpg?resize=700%2C560&amp;ssl=1 700w, https:\/\/i0.wp.com\/www.delongtop.com\/wp-content\/uploads\/2023\/10\/About-Delong-Energy.jpg?resize=768%2C614&amp;ssl=1 768w, https:\/\/i0.wp.com\/www.delongtop.com\/wp-content\/uploads\/2023\/10\/About-Delong-Energy.jpg?resize=800%2C640&amp;ssl=1 800w, https:\/\/i0.wp.com\/www.delongtop.com\/wp-content\/uploads\/2023\/10\/About-Delong-Energy.jpg?fit=1000%2C800&amp;ssl=1 1000w\" data-sizes=\"auto\" data-orig-sizes=\"(max-width: 1000px) 100vw, 1000px\" \/><p id=\"caption-attachment-21815\" class=\"wp-caption-text\">\u00dcber Delong Energy<\/p><\/div>\n<h3><\/h3>\n<h3><span style=\"color: #339966;\"><strong><b>Warum Sie Delong Energy als Ihren Lieferanten w\u00e4hlen sollten<\/b><\/strong><\/span><\/h3>\n<ul>\n<li>Fabrik mit 11 Jahren Erfahrung in der Herstellung von Lithiumbatterien;<\/li>\n<li>Hohe Produktionseffizienz - 3 Produktionslinien und mehr als 200 Facharbeiter;<\/li>\n<li>Ein professionelles Forschungs- und Entwicklungsteam passt die Batterieparameter, Funktionen und das Aussehen an;<\/li>\n<li>Professionelle Dienstleistungen vor und nach dem Kauf, praktische Vorschl\u00e4ge und technische Unterst\u00fctzung;<\/li>\n<li>Unterst\u00fctzung von Kundenanpassungen, OEM- und ODM-Diensten sowie Mustertests.<\/li>\n<\/ul>\n<h3><\/h3>\n<h3><span style=\"color: #339966;\"><strong><b>Nach dem Verkauf ohne Sorgen!<\/b><\/strong><\/span><\/h3>\n<p>Wir bieten eine 10-Jahres-Garantie f\u00fcr Kundendienst und technischen Support.<\/p>\n<p>* R\u00fccksendung einer neuen Batterie innerhalb des 1. Jahres, wenn etwas mit der Qualit\u00e4t des Produkts nicht in Ordnung ist.<\/p>\n<p>* Wir bieten kostenloses Kaufzubeh\u00f6r innerhalb des 2. bis 5. Jahres der Garantie.<\/p>\n<p>* Wir bieten innerhalb des 6. bis 10. Garantiejahres kostenlosen technischen Support.<\/p>\n<h3><\/h3>\n<h3><span style=\"color: #339966;\"><strong><b>Wandmontierte Lithium-Batterie Zertifizierungen<\/b><\/strong><\/span><\/h3>\n<p><img data-recalc-dims=\"1\" decoding=\"async\" class=\"lazyload size-full wp-image-21345 aligncenter\" src=\"https:\/\/i0.wp.com\/www.delongtop.com\/wp-content\/uploads\/2023\/10\/Lithium-Battery-Certification.jpg?resize=1170%2C488\" data-orig-src=\"http:\/\/www.delongtop.com\/wp-content\/uploads\/2023\/10\/Lithium-Battery-Certification.jpg\" alt=\"Lithium-Batterie-Zertifizierung\" width=\"1170\" height=\"488\" srcset=\"data:image\/svg+xml,%3Csvg%20xmlns%3D%27http%3A%2F%2Fwww.w3.org%2F2000%2Fsvg%27%20width%3D%271920%27%20height%3D%27800%27%20viewBox%3D%270%200%201920%20800%27%3E%3Crect%20width%3D%271920%27%20height%3D%27800%27%20fill-opacity%3D%220%22%2F%3E%3C%2Fsvg%3E\" data-srcset=\"https:\/\/i0.wp.com\/www.delongtop.com\/wp-content\/uploads\/2023\/10\/Lithium-Battery-Certification.jpg?resize=200%2C83&amp;ssl=1 200w, https:\/\/i0.wp.com\/www.delongtop.com\/wp-content\/uploads\/2023\/10\/Lithium-Battery-Certification.jpg?resize=300%2C125&amp;ssl=1 300w, https:\/\/i0.wp.com\/www.delongtop.com\/wp-content\/uploads\/2023\/10\/Lithium-Battery-Certification.jpg?resize=400%2C167&amp;ssl=1 400w, https:\/\/i0.wp.com\/www.delongtop.com\/wp-content\/uploads\/2023\/10\/Lithium-Battery-Certification.jpg?resize=500%2C208&amp;ssl=1 500w, https:\/\/i0.wp.com\/www.delongtop.com\/wp-content\/uploads\/2023\/10\/Lithium-Battery-Certification.jpg?resize=600%2C250&amp;ssl=1 600w, https:\/\/i0.wp.com\/www.delongtop.com\/wp-content\/uploads\/2023\/10\/Lithium-Battery-Certification.jpg?resize=700%2C292&amp;ssl=1 700w, https:\/\/i0.wp.com\/www.delongtop.com\/wp-content\/uploads\/2023\/10\/Lithium-Battery-Certification.jpg?resize=768%2C320&amp;ssl=1 768w, https:\/\/i0.wp.com\/www.delongtop.com\/wp-content\/uploads\/2023\/10\/Lithium-Battery-Certification.jpg?resize=800%2C333&amp;ssl=1 800w, https:\/\/i0.wp.com\/www.delongtop.com\/wp-content\/uploads\/2023\/10\/Lithium-Battery-Certification.jpg?resize=1024%2C427&amp;ssl=1 1024w, https:\/\/i0.wp.com\/www.delongtop.com\/wp-content\/uploads\/2023\/10\/Lithium-Battery-Certification.jpg?resize=1200%2C500&amp;ssl=1 1200w, https:\/\/i0.wp.com\/www.delongtop.com\/wp-content\/uploads\/2023\/10\/Lithium-Battery-Certification.jpg?resize=1536%2C640&amp;ssl=1 1536w, https:\/\/i0.wp.com\/www.delongtop.com\/wp-content\/uploads\/2023\/10\/Lithium-Battery-Certification.jpg?fit=1920%2C800&amp;ssl=1 1920w\" data-sizes=\"auto\" data-orig-sizes=\"(max-width: 1170px) 100vw, 1170px\" \/><\/p>\n<h3><span style=\"color: #339966;\"><strong><b>Liste kompatibler Wechselrichter <\/b><\/strong><\/span><\/h3>\n<div id=\"attachment_21816\" style=\"width: 1010px\" class=\"wp-caption aligncenter\"><img data-recalc-dims=\"1\" decoding=\"async\" aria-describedby=\"caption-attachment-21816\" class=\"lazyload size-full wp-image-21816\" src=\"https:\/\/i0.wp.com\/www.delongtop.com\/wp-content\/uploads\/2023\/10\/Compatible-Inverter-List-.png?resize=1000%2C546\" data-orig-src=\"http:\/\/www.delongtop.com\/wp-content\/uploads\/2023\/10\/Compatible-Inverter-List-.png\" alt=\"Liste kompatibler Wechselrichter\" width=\"1000\" height=\"546\" srcset=\"data:image\/svg+xml,%3Csvg%20xmlns%3D%27http%3A%2F%2Fwww.w3.org%2F2000%2Fsvg%27%20width%3D%271000%27%20height%3D%27546%27%20viewBox%3D%270%200%201000%20546%27%3E%3Crect%20width%3D%271000%27%20height%3D%27546%27%20fill-opacity%3D%220%22%2F%3E%3C%2Fsvg%3E\" data-srcset=\"https:\/\/i0.wp.com\/www.delongtop.com\/wp-content\/uploads\/2023\/10\/Compatible-Inverter-List-.png?resize=200%2C109&amp;ssl=1 200w, https:\/\/i0.wp.com\/www.delongtop.com\/wp-content\/uploads\/2023\/10\/Compatible-Inverter-List-.png?resize=300%2C164&amp;ssl=1 300w, https:\/\/i0.wp.com\/www.delongtop.com\/wp-content\/uploads\/2023\/10\/Compatible-Inverter-List-.png?resize=400%2C218&amp;ssl=1 400w, https:\/\/i0.wp.com\/www.delongtop.com\/wp-content\/uploads\/2023\/10\/Compatible-Inverter-List-.png?resize=500%2C273&amp;ssl=1 500w, https:\/\/i0.wp.com\/www.delongtop.com\/wp-content\/uploads\/2023\/10\/Compatible-Inverter-List-.png?resize=600%2C328&amp;ssl=1 600w, https:\/\/i0.wp.com\/www.delongtop.com\/wp-content\/uploads\/2023\/10\/Compatible-Inverter-List-.png?resize=700%2C382&amp;ssl=1 700w, https:\/\/i0.wp.com\/www.delongtop.com\/wp-content\/uploads\/2023\/10\/Compatible-Inverter-List-.png?resize=768%2C419&amp;ssl=1 768w, https:\/\/i0.wp.com\/www.delongtop.com\/wp-content\/uploads\/2023\/10\/Compatible-Inverter-List-.png?resize=800%2C437&amp;ssl=1 800w, https:\/\/i0.wp.com\/www.delongtop.com\/wp-content\/uploads\/2023\/10\/Compatible-Inverter-List-.png?fit=1000%2C546&amp;ssl=1 1000w\" data-sizes=\"auto\" data-orig-sizes=\"(max-width: 1000px) 100vw, 1000px\" \/><p id=\"caption-attachment-21816\" class=\"wp-caption-text\">Liste kompatibler Wechselrichter<\/p><\/div>\n<p>&nbsp;<\/p>\n<\/div>\n<p>&nbsp;<\/p>","protected":false},"excerpt":{"rendered":"<p>25.6V 100Ah 2.56kwh Lifepo4 Powerwall Batteriespeicher| DL-LFP24100J<\/p>","protected":false},"featured_media":22356,"comment_status":"open","ping_status":"closed","template":"","meta":[],"product_brand":[],"product_cat":[100,208],"product_tag":[],"class_list":{"0":"post-21800","1":"product","2":"type-product","3":"status-publish","4":"has-post-thumbnail","6":"product_cat-energy-storage-battery","7":"product_cat-wall-mounted-lithium-battery","9":"first","10":"instock","11":"shipping-taxable","12":"product-type-simple"},"yoast_head":"<!-- This site is optimized with the Yoast SEO plugin v25.0 - https:\/\/yoast.com\/wordpress\/plugins\/seo\/ -->\n<title>25.6V 100Ah Lifepo4 Powerwall 2.56kwh Wall Mounted Lithium Battery DL-LFP24100J - Delong Energy<\/title>\n<meta name=\"description\" content=\"Delong Energy Is A Wall Mounted Lithium Battery Manufacturer in China Supplying 25.6V 100Ah 2.56kwh Lifepo4 Powerwall.\" \/>\n<meta name=\"robots\" content=\"index, follow, max-snippet:-1, max-image-preview:large, max-video-preview:-1\" \/>\n<link rel=\"canonical\" href=\"https:\/\/www.delongtop.com\/de\/product\/25-6v-100ah-lifepo4-powerwall-2-56kwh-wall-mounted-lithium-battery-dl-lfp24100j\/\" \/>\n<meta property=\"og:locale\" content=\"de_DE\" \/>\n<meta property=\"og:type\" content=\"article\" \/>\n<meta property=\"og:title\" content=\"25.6V 100Ah Lifepo4 Powerwall 2.56kwh Wall Mounted Lithium Battery DL-LFP24100J - Delong Energy\" \/>\n<meta property=\"og:description\" content=\"Delong Energy Is A Wall Mounted Lithium Battery Manufacturer in China Supplying 25.6V 100Ah 2.56kwh Lifepo4 Powerwall.\" \/>\n<meta property=\"og:url\" content=\"https:\/\/www.delongtop.com\/de\/product\/25-6v-100ah-lifepo4-powerwall-2-56kwh-wall-mounted-lithium-battery-dl-lfp24100j\/\" \/>\n<meta property=\"og:site_name\" content=\"Delong Energy\" \/>\n<meta property=\"article:modified_time\" content=\"2023-12-18T02:58:01+00:00\" \/>\n<meta property=\"og:image\" content=\"https:\/\/i0.wp.com\/www.delongtop.com\/wp-content\/uploads\/2023\/10\/25.6V-200Ah-Lithium-Powerwall-05.jpg?fit=1000%2C1000&ssl=1\" \/>\n\t<meta property=\"og:image:width\" content=\"1000\" \/>\n\t<meta property=\"og:image:height\" content=\"1000\" \/>\n\t<meta property=\"og:image:type\" content=\"image\/jpeg\" \/>\n<meta name=\"twitter:card\" content=\"summary_large_image\" \/>\n<meta name=\"twitter:label1\" content=\"Gesch\u00e4tzte Lesezeit\" \/>\n\t<meta name=\"twitter:data1\" content=\"3\u00a0Minuten\" \/>\n<script type=\"application\/ld+json\" class=\"yoast-schema-graph\">{\"@context\":\"https:\/\/schema.org\",\"@graph\":[{\"@type\":\"WebPage\",\"@id\":\"https:\/\/www.delongtop.com\/product\/25-6v-100ah-lifepo4-powerwall-2-56kwh-wall-mounted-lithium-battery-dl-lfp24100j\/\",\"url\":\"https:\/\/www.delongtop.com\/product\/25-6v-100ah-lifepo4-powerwall-2-56kwh-wall-mounted-lithium-battery-dl-lfp24100j\/\",\"name\":\"25.6V 100Ah Lifepo4 Powerwall 2.56kwh Wall Mounted Lithium Battery DL-LFP24100J - Delong Energy\",\"isPartOf\":{\"@id\":\"https:\/\/www.delongtop.com\/#website\"},\"primaryImageOfPage\":{\"@id\":\"https:\/\/www.delongtop.com\/product\/25-6v-100ah-lifepo4-powerwall-2-56kwh-wall-mounted-lithium-battery-dl-lfp24100j\/#primaryimage\"},\"image\":{\"@id\":\"https:\/\/www.delongtop.com\/product\/25-6v-100ah-lifepo4-powerwall-2-56kwh-wall-mounted-lithium-battery-dl-lfp24100j\/#primaryimage\"},\"thumbnailUrl\":\"https:\/\/i0.wp.com\/www.delongtop.com\/wp-content\/uploads\/2023\/10\/25.6V-200Ah-Lithium-Powerwall-05.jpg?fit=1000%2C1000&ssl=1\",\"datePublished\":\"2023-10-20T09:38:53+00:00\",\"dateModified\":\"2023-12-18T02:58:01+00:00\",\"description\":\"Delong Energy Is A Wall Mounted Lithium Battery Manufacturer in China Supplying 25.6V 100Ah 2.56kwh Lifepo4 Powerwall.\",\"breadcrumb\":{\"@id\":\"https:\/\/www.delongtop.com\/product\/25-6v-100ah-lifepo4-powerwall-2-56kwh-wall-mounted-lithium-battery-dl-lfp24100j\/#breadcrumb\"},\"inLanguage\":\"de\",\"potentialAction\":[{\"@type\":\"ReadAction\",\"target\":[\"https:\/\/www.delongtop.com\/product\/25-6v-100ah-lifepo4-powerwall-2-56kwh-wall-mounted-lithium-battery-dl-lfp24100j\/\"]}]},{\"@type\":\"ImageObject\",\"inLanguage\":\"de\",\"@id\":\"https:\/\/www.delongtop.com\/product\/25-6v-100ah-lifepo4-powerwall-2-56kwh-wall-mounted-lithium-battery-dl-lfp24100j\/#primaryimage\",\"url\":\"https:\/\/i0.wp.com\/www.delongtop.com\/wp-content\/uploads\/2023\/10\/25.6V-200Ah-Lithium-Powerwall-05.jpg?fit=1000%2C1000&ssl=1\",\"contentUrl\":\"https:\/\/i0.wp.com\/www.delongtop.com\/wp-content\/uploads\/2023\/10\/25.6V-200Ah-Lithium-Powerwall-05.jpg?fit=1000%2C1000&ssl=1\",\"width\":1000,\"height\":1000,\"caption\":\"Lithium Powerwall\"},{\"@type\":\"BreadcrumbList\",\"@id\":\"https:\/\/www.delongtop.com\/product\/25-6v-100ah-lifepo4-powerwall-2-56kwh-wall-mounted-lithium-battery-dl-lfp24100j\/#breadcrumb\",\"itemListElement\":[{\"@type\":\"ListItem\",\"position\":1,\"name\":\"Home\",\"item\":\"https:\/\/www.delongtop.com\/\"},{\"@type\":\"ListItem\",\"position\":2,\"name\":\"Modern Products\",\"item\":\"https:\/\/www.delongtop.com\/products\/\"},{\"@type\":\"ListItem\",\"position\":3,\"name\":\"25.6V 100Ah Lifepo4 Powerwall 2.56kwh Wall Mounted Lithium Battery DL-LFP24100J\"}]},{\"@type\":\"WebSite\",\"@id\":\"https:\/\/www.delongtop.com\/#website\",\"url\":\"https:\/\/www.delongtop.com\/\",\"name\":\"Delong Energy\",\"description\":\"Lithium Ion Battery Manufacturer &amp; Factory In China\",\"potentialAction\":[{\"@type\":\"SearchAction\",\"target\":{\"@type\":\"EntryPoint\",\"urlTemplate\":\"https:\/\/www.delongtop.com\/?s={search_term_string}\"},\"query-input\":{\"@type\":\"PropertyValueSpecification\",\"valueRequired\":true,\"valueName\":\"search_term_string\"}}],\"inLanguage\":\"de\"}]}<\/script>\n<!-- \/ Yoast SEO plugin. -->","yoast_head_json":{"title":"25.6V 100Ah Lifepo4 Powerwall 2.56kwh Wall Mounted Lithium Battery DL-LFP24100J - Delong Energy","description":"Delong Energy Is A Wall Mounted Lithium Battery Manufacturer in China Supplying 25.6V 100Ah 2.56kwh Lifepo4 Powerwall.","robots":{"index":"index","follow":"follow","max-snippet":"max-snippet:-1","max-image-preview":"max-image-preview:large","max-video-preview":"max-video-preview:-1"},"canonical":"https:\/\/www.delongtop.com\/de\/product\/25-6v-100ah-lifepo4-powerwall-2-56kwh-wall-mounted-lithium-battery-dl-lfp24100j\/","og_locale":"de_DE","og_type":"article","og_title":"25.6V 100Ah Lifepo4 Powerwall 2.56kwh Wall Mounted Lithium Battery DL-LFP24100J - Delong Energy","og_description":"Delong Energy Is A Wall Mounted Lithium Battery Manufacturer in China Supplying 25.6V 100Ah 2.56kwh Lifepo4 Powerwall.","og_url":"https:\/\/www.delongtop.com\/de\/product\/25-6v-100ah-lifepo4-powerwall-2-56kwh-wall-mounted-lithium-battery-dl-lfp24100j\/","og_site_name":"Delong Energy","article_modified_time":"2023-12-18T02:58:01+00:00","og_image":[{"width":1000,"height":1000,"url":"https:\/\/i0.wp.com\/www.delongtop.com\/wp-content\/uploads\/2023\/10\/25.6V-200Ah-Lithium-Powerwall-05.jpg?fit=1000%2C1000&ssl=1","type":"image\/jpeg"}],"twitter_card":"summary_large_image","twitter_misc":{"Gesch\u00e4tzte Lesezeit":"3\u00a0Minuten"},"schema":{"@context":"https:\/\/schema.org","@graph":[{"@type":"WebPage","@id":"https:\/\/www.delongtop.com\/product\/25-6v-100ah-lifepo4-powerwall-2-56kwh-wall-mounted-lithium-battery-dl-lfp24100j\/","url":"https:\/\/www.delongtop.com\/product\/25-6v-100ah-lifepo4-powerwall-2-56kwh-wall-mounted-lithium-battery-dl-lfp24100j\/","name":"25.6V 100Ah Lifepo4 Powerwall 2.56kwh Wall Mounted Lithium Battery DL-LFP24100J - Delong Energy","isPartOf":{"@id":"https:\/\/www.delongtop.com\/#website"},"primaryImageOfPage":{"@id":"https:\/\/www.delongtop.com\/product\/25-6v-100ah-lifepo4-powerwall-2-56kwh-wall-mounted-lithium-battery-dl-lfp24100j\/#primaryimage"},"image":{"@id":"https:\/\/www.delongtop.com\/product\/25-6v-100ah-lifepo4-powerwall-2-56kwh-wall-mounted-lithium-battery-dl-lfp24100j\/#primaryimage"},"thumbnailUrl":"https:\/\/i0.wp.com\/www.delongtop.com\/wp-content\/uploads\/2023\/10\/25.6V-200Ah-Lithium-Powerwall-05.jpg?fit=1000%2C1000&ssl=1","datePublished":"2023-10-20T09:38:53+00:00","dateModified":"2023-12-18T02:58:01+00:00","description":"Delong Energy Is A Wall Mounted Lithium Battery Manufacturer in China Supplying 25.6V 100Ah 2.56kwh Lifepo4 Powerwall.","breadcrumb":{"@id":"https:\/\/www.delongtop.com\/product\/25-6v-100ah-lifepo4-powerwall-2-56kwh-wall-mounted-lithium-battery-dl-lfp24100j\/#breadcrumb"},"inLanguage":"de","potentialAction":[{"@type":"ReadAction","target":["https:\/\/www.delongtop.com\/product\/25-6v-100ah-lifepo4-powerwall-2-56kwh-wall-mounted-lithium-battery-dl-lfp24100j\/"]}]},{"@type":"ImageObject","inLanguage":"de","@id":"https:\/\/www.delongtop.com\/product\/25-6v-100ah-lifepo4-powerwall-2-56kwh-wall-mounted-lithium-battery-dl-lfp24100j\/#primaryimage","url":"https:\/\/i0.wp.com\/www.delongtop.com\/wp-content\/uploads\/2023\/10\/25.6V-200Ah-Lithium-Powerwall-05.jpg?fit=1000%2C1000&ssl=1","contentUrl":"https:\/\/i0.wp.com\/www.delongtop.com\/wp-content\/uploads\/2023\/10\/25.6V-200Ah-Lithium-Powerwall-05.jpg?fit=1000%2C1000&ssl=1","width":1000,"height":1000,"caption":"Lithium Powerwall"},{"@type":"BreadcrumbList","@id":"https:\/\/www.delongtop.com\/product\/25-6v-100ah-lifepo4-powerwall-2-56kwh-wall-mounted-lithium-battery-dl-lfp24100j\/#breadcrumb","itemListElement":[{"@type":"ListItem","position":1,"name":"Home","item":"https:\/\/www.delongtop.com\/"},{"@type":"ListItem","position":2,"name":"Modern Products","item":"https:\/\/www.delongtop.com\/products\/"},{"@type":"ListItem","position":3,"name":"25.6V 100Ah Lifepo4 Powerwall 2.56kwh Wall Mounted Lithium Battery DL-LFP24100J"}]},{"@type":"WebSite","@id":"https:\/\/www.delongtop.com\/#website","url":"https:\/\/www.delongtop.com\/","name":"Delong Energy","description":"Lithium Ion Battery Manufacturer &amp; Factory In China","potentialAction":[{"@type":"SearchAction","target":{"@type":"EntryPoint","urlTemplate":"https:\/\/www.delongtop.com\/?s={search_term_string}"},"query-input":{"@type":"PropertyValueSpecification","valueRequired":true,"valueName":"search_term_string"}}],"inLanguage":"de"}]}},"jetpack_sharing_enabled":true,"_links":{"self":[{"href":"https:\/\/www.delongtop.com\/de\/wp-json\/wp\/v2\/product\/21800","targetHints":{"allow":["GET"]}}],"collection":[{"href":"https:\/\/www.delongtop.com\/de\/wp-json\/wp\/v2\/product"}],"about":[{"href":"https:\/\/www.delongtop.com\/de\/wp-json\/wp\/v2\/types\/product"}],"replies":[{"embeddable":true,"href":"https:\/\/www.delongtop.com\/de\/wp-json\/wp\/v2\/comments?post=21800"}],"wp:featuredmedia":[{"embeddable":true,"href":"https:\/\/www.delongtop.com\/de\/wp-json\/wp\/v2\/media\/22356"}],"wp:attachment":[{"href":"https:\/\/www.delongtop.com\/de\/wp-json\/wp\/v2\/media?parent=21800"}],"wp:term":[{"taxonomy":"product_brand","embeddable":true,"href":"https:\/\/www.delongtop.com\/de\/wp-json\/wp\/v2\/product_brand?post=21800"},{"taxonomy":"product_cat","embeddable":true,"href":"https:\/\/www.delongtop.com\/de\/wp-json\/wp\/v2\/product_cat?post=21800"},{"taxonomy":"product_tag","embeddable":true,"href":"https:\/\/www.delongtop.com\/de\/wp-json\/wp\/v2\/product_tag?post=21800"}],"curies":[{"name":"wp","href":"https:\/\/api.w.org\/{rel}","templated":true}]}}