{"id":21802,"date":"2023-10-20T09:43:43","date_gmt":"2023-10-20T09:43:43","guid":{"rendered":"https:\/\/www.delongtop.com\/?post_type=product&#038;p=21802"},"modified":"2023-12-18T02:58:26","modified_gmt":"2023-12-18T02:58:26","slug":"48v-100ah-lifepo4-battery-pack-4-28kwh-lithium-powerwall-dl-lfp48100j","status":"publish","type":"product","link":"https:\/\/www.delongtop.com\/de\/product\/48v-100ah-lifepo4-battery-pack-4-28kwh-lithium-powerwall-dl-lfp48100j\/","title":{"rendered":"48V 100Ah Lifepo4 Akku-Pack 4,28kwh Lithium Powerwall DL-LFP48100J"},"content":{"rendered":"<div>\n<h3><span style=\"color: #339966;\"><strong><b>48V 100Ah L<\/b><\/strong><strong><b>ifepo4 <\/b><\/strong><strong><b>B<\/b><\/strong><strong><b>attery<\/b><\/strong><strong><b>\u00a0Pack 4.28kwh Lithium Powerwall<\/b><\/strong><strong><b>\u00a0F\u00fcr die Energiespeicherung im Haushalt<\/b><\/strong><\/span><\/h3>\n<p>Die 4,28kwh 48V 100Ah Lithium-Ionen-Batterie von Delong Energy besteht aus 15 in Reihe geschalteten 3,2V Lithium-Eisenphosphat(lifepo4)-Zellen. Das integrierte BMS, das von einem professionellen Team entwickelt wurde, kann die Batterie vor \u00dcberladung, \u00dcberentladung, \u00dcberstrom, hohen und niedrigen Temperaturen und Kurzschl\u00fcssen sch\u00fctzen.<\/p>\n<p>Der 48V 100Ah lifepo4-Akku passt zu den meisten Mainstream-Wechselrichtern wie Deye und Growatt. Die A-Grade-Zellen und das Batteriemanagementsystem erm\u00f6glichen der Batterie mehr als 6.500 Zyklen und eine Lebensdauer von bis zu 12 Jahren.<\/p>\n<p>Der 48V 100Ah lifepo4 Akkupack wird an der Wand montiert. Er hat eine geringe Gr\u00f6\u00dfe und ein geringes Gewicht. Er nimmt nicht zu viel Platz in der Wohnung ein und ist eine zuverl\u00e4ssige Energiequelle f\u00fcr den Haushalt. Wandbatterien sind einfach zu installieren und erfordern wenig bis keine Wartung. Das LCD-Display zeigt den Betriebsstatus der Batterie in Echtzeit an und erleichtert so die Verwaltung.<\/p>\n<p>Wir bieten mehrere internationale Zertifizierungen wie CE\/UN38.3\/MSDS f\u00fcr einen 48V 100ah lifepo4 Akkupack. Dar\u00fcber hinaus gibt es eine 10-Jahres-Garantie, die einen professionellen Kundendienst und technischen Support bietet.<\/p>\n<p>Unsere Produkte unterst\u00fctzen den Parallelbetrieb, wenn Sie die Batteriekapazit\u00e4t erweitern m\u00f6chten.<\/p>\n<div id=\"attachment_21839\" style=\"width: 810px\" class=\"wp-caption aligncenter\"><img data-recalc-dims=\"1\" decoding=\"async\" aria-describedby=\"caption-attachment-21839\" class=\"lazyload wp-image-21839 size-fusion-800\" src=\"https:\/\/i0.wp.com\/www.delongtop.com\/wp-content\/uploads\/2023\/10\/Parallel-Connection-Diagram-of-Wall-Mounted-Battery-.png?resize=800%2C501&#038;ssl=1\" data-orig-src=\"https:\/\/www.delongtop.com\/wp-content\/uploads\/2023\/10\/Parallel-Connection-Diagram-of-Wall-Mounted-Battery--800x501.png\" alt=\"Parallelschaltplan der Wandbatterie\" width=\"800\" height=\"501\" srcset=\"data:image\/svg+xml,%3Csvg%20xmlns%3D%27http%3A%2F%2Fwww.w3.org%2F2000%2Fsvg%27%20width%3D%27800%27%20height%3D%27501%27%20viewBox%3D%270%200%20800%20501%27%3E%3Crect%20width%3D%27800%27%20height%3D%27501%27%20fill-opacity%3D%220%22%2F%3E%3C%2Fsvg%3E\" data-srcset=\"https:\/\/i0.wp.com\/www.delongtop.com\/wp-content\/uploads\/2023\/10\/Parallel-Connection-Diagram-of-Wall-Mounted-Battery-.png?resize=200%2C125&amp;ssl=1 200w, https:\/\/i0.wp.com\/www.delongtop.com\/wp-content\/uploads\/2023\/10\/Parallel-Connection-Diagram-of-Wall-Mounted-Battery-.png?resize=300%2C188&amp;ssl=1 300w, https:\/\/i0.wp.com\/www.delongtop.com\/wp-content\/uploads\/2023\/10\/Parallel-Connection-Diagram-of-Wall-Mounted-Battery-.png?resize=400%2C250&amp;ssl=1 400w, https:\/\/i0.wp.com\/www.delongtop.com\/wp-content\/uploads\/2023\/10\/Parallel-Connection-Diagram-of-Wall-Mounted-Battery-.png?resize=500%2C313&amp;ssl=1 500w, https:\/\/i0.wp.com\/www.delongtop.com\/wp-content\/uploads\/2023\/10\/Parallel-Connection-Diagram-of-Wall-Mounted-Battery-.png?resize=600%2C375&amp;ssl=1 600w, https:\/\/i0.wp.com\/www.delongtop.com\/wp-content\/uploads\/2023\/10\/Parallel-Connection-Diagram-of-Wall-Mounted-Battery-.png?resize=700%2C438&amp;ssl=1 700w, https:\/\/i0.wp.com\/www.delongtop.com\/wp-content\/uploads\/2023\/10\/Parallel-Connection-Diagram-of-Wall-Mounted-Battery-.png?resize=768%2C481&amp;ssl=1 768w, https:\/\/i0.wp.com\/www.delongtop.com\/wp-content\/uploads\/2023\/10\/Parallel-Connection-Diagram-of-Wall-Mounted-Battery-.png?resize=800%2C501&amp;ssl=1 800w, https:\/\/i0.wp.com\/www.delongtop.com\/wp-content\/uploads\/2023\/10\/Parallel-Connection-Diagram-of-Wall-Mounted-Battery-.png?w=938&amp;ssl=1 938w\" data-sizes=\"auto\" data-orig-sizes=\"(max-width: 800px) 100vw, 800px\" \/><p id=\"caption-attachment-21839\" class=\"wp-caption-text\">Parallelschaltplan der Wandbatterie<\/p><\/div>\n<\/div>\n<h3><span style=\"color: #339966;\"><strong>Anwendung - 10kwh Lithium-Batterie f\u00fcr die Wandmontage<\/strong><\/span><\/h3>\n<div>\n<ul>\n<li>Energiespeicherung im Haushalt<\/li>\n<li>USV-Anlage<\/li>\n<li>Solarenergie-Speichersystem<\/li>\n<li>Zentralb\u00fcro<\/li>\n<li>Basis-Transceiver-Station<\/li>\n<li>Elektrisches Energiesystem<\/li>\n<li>Telekommunikationssysteme<\/li>\n<li>Kommunikationsausr\u00fcstung<\/li>\n<li>Anwendungen schalten und mehr<\/li>\n<\/ul>\n<h3><\/h3>\n<h3><span style=\"color: #339966;\"><strong><b>48V Lithium-Ionen-Akku Zertifizierungen<\/b><\/strong><\/span><\/h3>\n<p><img data-recalc-dims=\"1\" decoding=\"async\" class=\"lazyload aligncenter wp-image-21345\" src=\"https:\/\/i0.wp.com\/www.delongtop.com\/wp-content\/uploads\/2023\/10\/Lithium-Battery-Certification.jpg?resize=1000%2C417\" data-orig-src=\"http:\/\/www.delongtop.com\/wp-content\/uploads\/2023\/10\/Lithium-Battery-Certification.jpg\" alt=\"Lithium-Batterie-Zertifizierung\" width=\"1000\" height=\"417\" srcset=\"data:image\/svg+xml,%3Csvg%20xmlns%3D%27http%3A%2F%2Fwww.w3.org%2F2000%2Fsvg%27%20width%3D%271000%27%20height%3D%27417%27%20viewBox%3D%270%200%201000%20417%27%3E%3Crect%20width%3D%271000%27%20height%3D%27417%27%20fill-opacity%3D%220%22%2F%3E%3C%2Fsvg%3E\" data-srcset=\"https:\/\/i0.wp.com\/www.delongtop.com\/wp-content\/uploads\/2023\/10\/Lithium-Battery-Certification.jpg?resize=200%2C83&amp;ssl=1 200w, https:\/\/i0.wp.com\/www.delongtop.com\/wp-content\/uploads\/2023\/10\/Lithium-Battery-Certification.jpg?resize=300%2C125&amp;ssl=1 300w, https:\/\/i0.wp.com\/www.delongtop.com\/wp-content\/uploads\/2023\/10\/Lithium-Battery-Certification.jpg?resize=400%2C167&amp;ssl=1 400w, https:\/\/i0.wp.com\/www.delongtop.com\/wp-content\/uploads\/2023\/10\/Lithium-Battery-Certification.jpg?resize=500%2C208&amp;ssl=1 500w, https:\/\/i0.wp.com\/www.delongtop.com\/wp-content\/uploads\/2023\/10\/Lithium-Battery-Certification.jpg?resize=600%2C250&amp;ssl=1 600w, https:\/\/i0.wp.com\/www.delongtop.com\/wp-content\/uploads\/2023\/10\/Lithium-Battery-Certification.jpg?resize=700%2C292&amp;ssl=1 700w, https:\/\/i0.wp.com\/www.delongtop.com\/wp-content\/uploads\/2023\/10\/Lithium-Battery-Certification.jpg?resize=768%2C320&amp;ssl=1 768w, https:\/\/i0.wp.com\/www.delongtop.com\/wp-content\/uploads\/2023\/10\/Lithium-Battery-Certification.jpg?resize=800%2C333&amp;ssl=1 800w, https:\/\/i0.wp.com\/www.delongtop.com\/wp-content\/uploads\/2023\/10\/Lithium-Battery-Certification.jpg?resize=1024%2C427&amp;ssl=1 1024w, https:\/\/i0.wp.com\/www.delongtop.com\/wp-content\/uploads\/2023\/10\/Lithium-Battery-Certification.jpg?resize=1200%2C500&amp;ssl=1 1200w, https:\/\/i0.wp.com\/www.delongtop.com\/wp-content\/uploads\/2023\/10\/Lithium-Battery-Certification.jpg?resize=1536%2C640&amp;ssl=1 1536w, https:\/\/i0.wp.com\/www.delongtop.com\/wp-content\/uploads\/2023\/10\/Lithium-Battery-Certification.jpg?fit=1920%2C800&amp;ssl=1 1920w\" data-sizes=\"auto\" data-orig-sizes=\"(max-width: 1000px) 100vw, 1000px\" \/><\/p>\n<h3><span style=\"color: #339966;\"><strong><b>Liste kompatibler Wechselrichter <\/b><\/strong><\/span><\/h3>\n<div id=\"attachment_21816\" style=\"width: 1010px\" class=\"wp-caption aligncenter\"><img data-recalc-dims=\"1\" decoding=\"async\" aria-describedby=\"caption-attachment-21816\" class=\"lazyload size-full wp-image-21816\" src=\"https:\/\/i0.wp.com\/www.delongtop.com\/wp-content\/uploads\/2023\/10\/Compatible-Inverter-List-.png?resize=1000%2C546&#038;ssl=1\" data-orig-src=\"https:\/\/www.delongtop.com\/wp-content\/uploads\/2023\/10\/Compatible-Inverter-List-.png\" alt=\"Liste kompatibler Wechselrichter\" width=\"1000\" height=\"546\" srcset=\"data:image\/svg+xml,%3Csvg%20xmlns%3D%27http%3A%2F%2Fwww.w3.org%2F2000%2Fsvg%27%20width%3D%271000%27%20height%3D%27546%27%20viewBox%3D%270%200%201000%20546%27%3E%3Crect%20width%3D%271000%27%20height%3D%27546%27%20fill-opacity%3D%220%22%2F%3E%3C%2Fsvg%3E\" data-srcset=\"https:\/\/i0.wp.com\/www.delongtop.com\/wp-content\/uploads\/2023\/10\/Compatible-Inverter-List-.png?resize=200%2C109&amp;ssl=1 200w, https:\/\/i0.wp.com\/www.delongtop.com\/wp-content\/uploads\/2023\/10\/Compatible-Inverter-List-.png?resize=300%2C164&amp;ssl=1 300w, https:\/\/i0.wp.com\/www.delongtop.com\/wp-content\/uploads\/2023\/10\/Compatible-Inverter-List-.png?resize=400%2C218&amp;ssl=1 400w, https:\/\/i0.wp.com\/www.delongtop.com\/wp-content\/uploads\/2023\/10\/Compatible-Inverter-List-.png?resize=500%2C273&amp;ssl=1 500w, https:\/\/i0.wp.com\/www.delongtop.com\/wp-content\/uploads\/2023\/10\/Compatible-Inverter-List-.png?resize=600%2C328&amp;ssl=1 600w, https:\/\/i0.wp.com\/www.delongtop.com\/wp-content\/uploads\/2023\/10\/Compatible-Inverter-List-.png?resize=700%2C382&amp;ssl=1 700w, https:\/\/i0.wp.com\/www.delongtop.com\/wp-content\/uploads\/2023\/10\/Compatible-Inverter-List-.png?resize=768%2C419&amp;ssl=1 768w, https:\/\/i0.wp.com\/www.delongtop.com\/wp-content\/uploads\/2023\/10\/Compatible-Inverter-List-.png?resize=800%2C437&amp;ssl=1 800w, https:\/\/i0.wp.com\/www.delongtop.com\/wp-content\/uploads\/2023\/10\/Compatible-Inverter-List-.png?w=1000&amp;ssl=1 1000w\" data-sizes=\"auto\" data-orig-sizes=\"(max-width: 1000px) 100vw, 1000px\" \/><p id=\"caption-attachment-21816\" class=\"wp-caption-text\">Liste kompatibler Wechselrichter<\/p><\/div>\n<\/div>\n<h3><\/h3>\n<h3><span style=\"color: #339966;\"><strong><b>\u00dcber Delong Energy<\/b><\/strong><\/span><\/h3>\n<div id=\"attachment_21815\" style=\"width: 1010px\" class=\"wp-caption aligncenter\"><img data-recalc-dims=\"1\" decoding=\"async\" aria-describedby=\"caption-attachment-21815\" class=\"lazyload size-full wp-image-21815\" src=\"https:\/\/i0.wp.com\/www.delongtop.com\/wp-content\/uploads\/2023\/10\/About-Delong-Energy.jpg?resize=1000%2C800&#038;ssl=1\" data-orig-src=\"https:\/\/www.delongtop.com\/wp-content\/uploads\/2023\/10\/About-Delong-Energy.jpg\" alt=\"\u00dcber Delong Energy\" width=\"1000\" height=\"800\" srcset=\"data:image\/svg+xml,%3Csvg%20xmlns%3D%27http%3A%2F%2Fwww.w3.org%2F2000%2Fsvg%27%20width%3D%271000%27%20height%3D%27800%27%20viewBox%3D%270%200%201000%20800%27%3E%3Crect%20width%3D%271000%27%20height%3D%27800%27%20fill-opacity%3D%220%22%2F%3E%3C%2Fsvg%3E\" data-srcset=\"https:\/\/i0.wp.com\/www.delongtop.com\/wp-content\/uploads\/2023\/10\/About-Delong-Energy.jpg?resize=177%2C142&amp;ssl=1 177w, https:\/\/i0.wp.com\/www.delongtop.com\/wp-content\/uploads\/2023\/10\/About-Delong-Energy.jpg?resize=200%2C160&amp;ssl=1 200w, https:\/\/i0.wp.com\/www.delongtop.com\/wp-content\/uploads\/2023\/10\/About-Delong-Energy.jpg?resize=300%2C240&amp;ssl=1 300w, https:\/\/i0.wp.com\/www.delongtop.com\/wp-content\/uploads\/2023\/10\/About-Delong-Energy.jpg?resize=400%2C320&amp;ssl=1 400w, https:\/\/i0.wp.com\/www.delongtop.com\/wp-content\/uploads\/2023\/10\/About-Delong-Energy.jpg?resize=500%2C400&amp;ssl=1 500w, https:\/\/i0.wp.com\/www.delongtop.com\/wp-content\/uploads\/2023\/10\/About-Delong-Energy.jpg?resize=600%2C480&amp;ssl=1 600w, https:\/\/i0.wp.com\/www.delongtop.com\/wp-content\/uploads\/2023\/10\/About-Delong-Energy.jpg?resize=700%2C560&amp;ssl=1 700w, https:\/\/i0.wp.com\/www.delongtop.com\/wp-content\/uploads\/2023\/10\/About-Delong-Energy.jpg?resize=768%2C614&amp;ssl=1 768w, https:\/\/i0.wp.com\/www.delongtop.com\/wp-content\/uploads\/2023\/10\/About-Delong-Energy.jpg?resize=800%2C640&amp;ssl=1 800w, https:\/\/i0.wp.com\/www.delongtop.com\/wp-content\/uploads\/2023\/10\/About-Delong-Energy.jpg?w=1000&amp;ssl=1 1000w\" data-sizes=\"auto\" data-orig-sizes=\"(max-width: 1000px) 100vw, 1000px\" \/><p id=\"caption-attachment-21815\" class=\"wp-caption-text\">\u00dcber Delong Energy<\/p><\/div>\n<p>&nbsp;<\/p>","protected":false},"excerpt":{"rendered":"<p>48V 50ah 2.4kwh lifepo4 powerwall Batteriespeicher | DL-LFP48100J<\/p>","protected":false},"featured_media":22356,"comment_status":"open","ping_status":"closed","template":"","meta":[],"product_brand":[],"product_cat":[213,100,208],"product_tag":[],"class_list":{"0":"post-21802","1":"product","2":"type-product","3":"status-publish","4":"has-post-thumbnail","6":"product_cat-48v-lithium-battery","7":"product_cat-energy-storage-battery","8":"product_cat-wall-mounted-lithium-battery","10":"first","11":"instock","12":"shipping-taxable","13":"product-type-simple"},"yoast_head":"<!-- This site is optimized with the Yoast SEO plugin v25.0 - https:\/\/yoast.com\/wordpress\/plugins\/seo\/ -->\n<title>48V 100Ah Lifepo4 Battery Pack 4.28kwh Lithium Powerwall DL-LFP48100J - Delong Energy<\/title>\n<meta name=\"description\" content=\"We Supply High Quality 48V 100Ah Lifepo4 Battery Packs. They Are 4.28kwh Lithium Powerwalls For Household Energy Storage.\" \/>\n<meta name=\"robots\" content=\"index, follow, max-snippet:-1, max-image-preview:large, max-video-preview:-1\" \/>\n<link rel=\"canonical\" href=\"https:\/\/www.delongtop.com\/de\/product\/48v-100ah-lifepo4-battery-pack-4-28kwh-lithium-powerwall-dl-lfp48100j\/\" \/>\n<meta property=\"og:locale\" content=\"de_DE\" \/>\n<meta property=\"og:type\" content=\"article\" \/>\n<meta property=\"og:title\" content=\"48V 100Ah Lifepo4 Battery Pack 4.28kwh Lithium Powerwall DL-LFP48100J - Delong Energy\" \/>\n<meta property=\"og:description\" content=\"We Supply High Quality 48V 100Ah Lifepo4 Battery Packs. They Are 4.28kwh Lithium Powerwalls For Household Energy Storage.\" \/>\n<meta property=\"og:url\" content=\"https:\/\/www.delongtop.com\/de\/product\/48v-100ah-lifepo4-battery-pack-4-28kwh-lithium-powerwall-dl-lfp48100j\/\" \/>\n<meta property=\"og:site_name\" content=\"Delong Energy\" \/>\n<meta property=\"article:modified_time\" content=\"2023-12-18T02:58:26+00:00\" \/>\n<meta property=\"og:image\" content=\"https:\/\/i0.wp.com\/www.delongtop.com\/wp-content\/uploads\/2023\/10\/25.6V-200Ah-Lithium-Powerwall-05.jpg?fit=1000%2C1000&ssl=1\" \/>\n\t<meta property=\"og:image:width\" content=\"1000\" \/>\n\t<meta property=\"og:image:height\" content=\"1000\" \/>\n\t<meta property=\"og:image:type\" content=\"image\/jpeg\" \/>\n<meta name=\"twitter:card\" content=\"summary_large_image\" \/>\n<meta name=\"twitter:label1\" content=\"Gesch\u00e4tzte Lesezeit\" \/>\n\t<meta name=\"twitter:data1\" content=\"2\u00a0Minuten\" \/>\n<script type=\"application\/ld+json\" class=\"yoast-schema-graph\">{\"@context\":\"https:\/\/schema.org\",\"@graph\":[{\"@type\":\"WebPage\",\"@id\":\"https:\/\/www.delongtop.com\/de\/product\/48v-100ah-lifepo4-battery-pack-4-28kwh-lithium-powerwall-dl-lfp48100j\/\",\"url\":\"https:\/\/www.delongtop.com\/de\/product\/48v-100ah-lifepo4-battery-pack-4-28kwh-lithium-powerwall-dl-lfp48100j\/\",\"name\":\"48V 100Ah Lifepo4 Battery Pack 4.28kwh Lithium Powerwall DL-LFP48100J - Delong Energy\",\"isPartOf\":{\"@id\":\"https:\/\/www.delongtop.com\/#website\"},\"primaryImageOfPage\":{\"@id\":\"https:\/\/www.delongtop.com\/de\/product\/48v-100ah-lifepo4-battery-pack-4-28kwh-lithium-powerwall-dl-lfp48100j\/#primaryimage\"},\"image\":{\"@id\":\"https:\/\/www.delongtop.com\/de\/product\/48v-100ah-lifepo4-battery-pack-4-28kwh-lithium-powerwall-dl-lfp48100j\/#primaryimage\"},\"thumbnailUrl\":\"https:\/\/i0.wp.com\/www.delongtop.com\/wp-content\/uploads\/2023\/10\/25.6V-200Ah-Lithium-Powerwall-05.jpg?fit=1000%2C1000&ssl=1\",\"datePublished\":\"2023-10-20T09:43:43+00:00\",\"dateModified\":\"2023-12-18T02:58:26+00:00\",\"description\":\"We Supply High Quality 48V 100Ah Lifepo4 Battery Packs. They Are 4.28kwh Lithium Powerwalls For Household Energy Storage.\",\"breadcrumb\":{\"@id\":\"https:\/\/www.delongtop.com\/de\/product\/48v-100ah-lifepo4-battery-pack-4-28kwh-lithium-powerwall-dl-lfp48100j\/#breadcrumb\"},\"inLanguage\":\"de\",\"potentialAction\":[{\"@type\":\"ReadAction\",\"target\":[\"https:\/\/www.delongtop.com\/de\/product\/48v-100ah-lifepo4-battery-pack-4-28kwh-lithium-powerwall-dl-lfp48100j\/\"]}]},{\"@type\":\"ImageObject\",\"inLanguage\":\"de\",\"@id\":\"https:\/\/www.delongtop.com\/de\/product\/48v-100ah-lifepo4-battery-pack-4-28kwh-lithium-powerwall-dl-lfp48100j\/#primaryimage\",\"url\":\"https:\/\/i0.wp.com\/www.delongtop.com\/wp-content\/uploads\/2023\/10\/25.6V-200Ah-Lithium-Powerwall-05.jpg?fit=1000%2C1000&ssl=1\",\"contentUrl\":\"https:\/\/i0.wp.com\/www.delongtop.com\/wp-content\/uploads\/2023\/10\/25.6V-200Ah-Lithium-Powerwall-05.jpg?fit=1000%2C1000&ssl=1\",\"width\":1000,\"height\":1000,\"caption\":\"Lithium Powerwall\"},{\"@type\":\"BreadcrumbList\",\"@id\":\"https:\/\/www.delongtop.com\/de\/product\/48v-100ah-lifepo4-battery-pack-4-28kwh-lithium-powerwall-dl-lfp48100j\/#breadcrumb\",\"itemListElement\":[{\"@type\":\"ListItem\",\"position\":1,\"name\":\"Home\",\"item\":\"https:\/\/www.delongtop.com\/\"},{\"@type\":\"ListItem\",\"position\":2,\"name\":\"Modern Products\",\"item\":\"https:\/\/www.delongtop.com\/products\/\"},{\"@type\":\"ListItem\",\"position\":3,\"name\":\"48V 100Ah Lifepo4 Battery Pack 4.28kwh Lithium Powerwall DL-LFP48100J\"}]},{\"@type\":\"WebSite\",\"@id\":\"https:\/\/www.delongtop.com\/#website\",\"url\":\"https:\/\/www.delongtop.com\/\",\"name\":\"Delong Energy\",\"description\":\"Lithium Ion Battery Manufacturer &amp; Factory In China\",\"potentialAction\":[{\"@type\":\"SearchAction\",\"target\":{\"@type\":\"EntryPoint\",\"urlTemplate\":\"https:\/\/www.delongtop.com\/?s={search_term_string}\"},\"query-input\":{\"@type\":\"PropertyValueSpecification\",\"valueRequired\":true,\"valueName\":\"search_term_string\"}}],\"inLanguage\":\"de\"}]}<\/script>\n<!-- \/ Yoast SEO plugin. -->","yoast_head_json":{"title":"48V 100Ah Lifepo4 Battery Pack 4.28kwh Lithium Powerwall DL-LFP48100J - Delong Energy","description":"We Supply High Quality 48V 100Ah Lifepo4 Battery Packs. They Are 4.28kwh Lithium Powerwalls For Household Energy Storage.","robots":{"index":"index","follow":"follow","max-snippet":"max-snippet:-1","max-image-preview":"max-image-preview:large","max-video-preview":"max-video-preview:-1"},"canonical":"https:\/\/www.delongtop.com\/de\/product\/48v-100ah-lifepo4-battery-pack-4-28kwh-lithium-powerwall-dl-lfp48100j\/","og_locale":"de_DE","og_type":"article","og_title":"48V 100Ah Lifepo4 Battery Pack 4.28kwh Lithium Powerwall DL-LFP48100J - Delong Energy","og_description":"We Supply High Quality 48V 100Ah Lifepo4 Battery Packs. They Are 4.28kwh Lithium Powerwalls For Household Energy Storage.","og_url":"https:\/\/www.delongtop.com\/de\/product\/48v-100ah-lifepo4-battery-pack-4-28kwh-lithium-powerwall-dl-lfp48100j\/","og_site_name":"Delong Energy","article_modified_time":"2023-12-18T02:58:26+00:00","og_image":[{"width":1000,"height":1000,"url":"https:\/\/i0.wp.com\/www.delongtop.com\/wp-content\/uploads\/2023\/10\/25.6V-200Ah-Lithium-Powerwall-05.jpg?fit=1000%2C1000&ssl=1","type":"image\/jpeg"}],"twitter_card":"summary_large_image","twitter_misc":{"Gesch\u00e4tzte Lesezeit":"2\u00a0Minuten"},"schema":{"@context":"https:\/\/schema.org","@graph":[{"@type":"WebPage","@id":"https:\/\/www.delongtop.com\/de\/product\/48v-100ah-lifepo4-battery-pack-4-28kwh-lithium-powerwall-dl-lfp48100j\/","url":"https:\/\/www.delongtop.com\/de\/product\/48v-100ah-lifepo4-battery-pack-4-28kwh-lithium-powerwall-dl-lfp48100j\/","name":"48V 100Ah Lifepo4 Battery Pack 4.28kwh Lithium Powerwall DL-LFP48100J - Delong Energy","isPartOf":{"@id":"https:\/\/www.delongtop.com\/#website"},"primaryImageOfPage":{"@id":"https:\/\/www.delongtop.com\/de\/product\/48v-100ah-lifepo4-battery-pack-4-28kwh-lithium-powerwall-dl-lfp48100j\/#primaryimage"},"image":{"@id":"https:\/\/www.delongtop.com\/de\/product\/48v-100ah-lifepo4-battery-pack-4-28kwh-lithium-powerwall-dl-lfp48100j\/#primaryimage"},"thumbnailUrl":"https:\/\/i0.wp.com\/www.delongtop.com\/wp-content\/uploads\/2023\/10\/25.6V-200Ah-Lithium-Powerwall-05.jpg?fit=1000%2C1000&ssl=1","datePublished":"2023-10-20T09:43:43+00:00","dateModified":"2023-12-18T02:58:26+00:00","description":"We Supply High Quality 48V 100Ah Lifepo4 Battery Packs. They Are 4.28kwh Lithium Powerwalls For Household Energy Storage.","breadcrumb":{"@id":"https:\/\/www.delongtop.com\/de\/product\/48v-100ah-lifepo4-battery-pack-4-28kwh-lithium-powerwall-dl-lfp48100j\/#breadcrumb"},"inLanguage":"de","potentialAction":[{"@type":"ReadAction","target":["https:\/\/www.delongtop.com\/de\/product\/48v-100ah-lifepo4-battery-pack-4-28kwh-lithium-powerwall-dl-lfp48100j\/"]}]},{"@type":"ImageObject","inLanguage":"de","@id":"https:\/\/www.delongtop.com\/de\/product\/48v-100ah-lifepo4-battery-pack-4-28kwh-lithium-powerwall-dl-lfp48100j\/#primaryimage","url":"https:\/\/i0.wp.com\/www.delongtop.com\/wp-content\/uploads\/2023\/10\/25.6V-200Ah-Lithium-Powerwall-05.jpg?fit=1000%2C1000&ssl=1","contentUrl":"https:\/\/i0.wp.com\/www.delongtop.com\/wp-content\/uploads\/2023\/10\/25.6V-200Ah-Lithium-Powerwall-05.jpg?fit=1000%2C1000&ssl=1","width":1000,"height":1000,"caption":"Lithium Powerwall"},{"@type":"BreadcrumbList","@id":"https:\/\/www.delongtop.com\/de\/product\/48v-100ah-lifepo4-battery-pack-4-28kwh-lithium-powerwall-dl-lfp48100j\/#breadcrumb","itemListElement":[{"@type":"ListItem","position":1,"name":"Home","item":"https:\/\/www.delongtop.com\/"},{"@type":"ListItem","position":2,"name":"Modern Products","item":"https:\/\/www.delongtop.com\/products\/"},{"@type":"ListItem","position":3,"name":"48V 100Ah Lifepo4 Battery Pack 4.28kwh Lithium Powerwall DL-LFP48100J"}]},{"@type":"WebSite","@id":"https:\/\/www.delongtop.com\/#website","url":"https:\/\/www.delongtop.com\/","name":"Delong Energy","description":"Lithium Ion Battery Manufacturer &amp; Factory In China","potentialAction":[{"@type":"SearchAction","target":{"@type":"EntryPoint","urlTemplate":"https:\/\/www.delongtop.com\/?s={search_term_string}"},"query-input":{"@type":"PropertyValueSpecification","valueRequired":true,"valueName":"search_term_string"}}],"inLanguage":"de"}]}},"jetpack_sharing_enabled":true,"_links":{"self":[{"href":"https:\/\/www.delongtop.com\/de\/wp-json\/wp\/v2\/product\/21802","targetHints":{"allow":["GET"]}}],"collection":[{"href":"https:\/\/www.delongtop.com\/de\/wp-json\/wp\/v2\/product"}],"about":[{"href":"https:\/\/www.delongtop.com\/de\/wp-json\/wp\/v2\/types\/product"}],"replies":[{"embeddable":true,"href":"https:\/\/www.delongtop.com\/de\/wp-json\/wp\/v2\/comments?post=21802"}],"wp:featuredmedia":[{"embeddable":true,"href":"https:\/\/www.delongtop.com\/de\/wp-json\/wp\/v2\/media\/22356"}],"wp:attachment":[{"href":"https:\/\/www.delongtop.com\/de\/wp-json\/wp\/v2\/media?parent=21802"}],"wp:term":[{"taxonomy":"product_brand","embeddable":true,"href":"https:\/\/www.delongtop.com\/de\/wp-json\/wp\/v2\/product_brand?post=21802"},{"taxonomy":"product_cat","embeddable":true,"href":"https:\/\/www.delongtop.com\/de\/wp-json\/wp\/v2\/product_cat?post=21802"},{"taxonomy":"product_tag","embeddable":true,"href":"https:\/\/www.delongtop.com\/de\/wp-json\/wp\/v2\/product_tag?post=21802"}],"curies":[{"name":"wp","href":"https:\/\/api.w.org\/{rel}","templated":true}]}}