{"id":21805,"date":"2023-10-20T09:50:12","date_gmt":"2023-10-20T09:50:12","guid":{"rendered":"https:\/\/www.delongtop.com\/?post_type=product&#038;p=21805"},"modified":"2023-12-18T02:58:57","modified_gmt":"2023-12-18T02:58:57","slug":"51-2v-100ah-5-12kwh-wall-mounted-lithium-battery-dl-lfp51100j","status":"publish","type":"product","link":"https:\/\/www.delongtop.com\/de\/product\/51-2v-100ah-5-12kwh-wall-mounted-lithium-battery-dl-lfp51100j\/","title":{"rendered":"51,2V 100Ah 5,12kwh Lithium-Wandbatterie DL-LFP51100J"},"content":{"rendered":"<div>\n<h3><span style=\"color: #339966;\"><strong>51.2V\/48V 100Ah wandmontierte Lithium-Batterie 5.12kwh Lifepo4 Powerwall f\u00fcr die Energiespeicherung im Haushalt<\/strong><\/span><\/h3>\n<p>51,2V 100Ah Lithium-Wandbatterie liefert 5,12kwh Energie. Eingebautes Batterie-Management-System mit Schutzfunktion, um die Spannung jeder Zelle auszugleichen und \u00dcberladung, \u00dcberentladung, \u00dcberstrom, Kurzschluss, hohe und niedrige Temperatur zu verhindern.<\/p>\n<p>&nbsp;<\/p>\n<\/div>\n<h3><span style=\"color: #339966;\"><strong><b>Vorteile von 5.12Kwh<\/b><\/strong><strong><b>\u00a0Wandmontiert<\/b><\/strong><strong><b>\u00a0<\/b><\/strong><strong><b>Lithium <\/b><\/strong><strong><b>Batterie<\/b><\/strong><\/span><\/h3>\n<div>\n<p>1. Die Wandbatterie verwendet Lithiumeisenphosphat (lifepo4) als positives Elektrodenmaterial mit stabilen chemischen Eigenschaften und hoher Sicherheitsleistung.<\/p>\n<p>2. Mit einer Lebensdauer von \u00fcber 6.500 Zyklen kann es als langfristige und stabile Reserveenergiequelle f\u00fcr den Haushalt genutzt werden.<\/p>\n<p>3. Das BMS-System ist mit RS485- und CAN-Kommunikationsanschl\u00fcssen ausgestattet, die in hohem Ma\u00dfe mit dem Wechselrichter kompatibel sind, z. B. mit Deye.<\/p>\n<p>4. Wandbatterien sind klein und nehmen wenig Platz ein, sind aber einfach zu installieren und erfordern fast keine Wartung.<\/p>\n<p>5. Die Batterie unterst\u00fctzt eine Parallelschaltung, um die Kapazit\u00e4t zu erweitern und die ben\u00f6tigte Leistung zu erreichen.<\/p>\n<p>&nbsp;<\/p>\n<h3><span style=\"color: #339966;\"><strong><b>Wandmontierte Lithium-Batterie Zertifizierungen<\/b><\/strong><\/span><\/h3>\n<p><img data-recalc-dims=\"1\" decoding=\"async\" class=\"lazyload size-full wp-image-21345 aligncenter\" src=\"https:\/\/i0.wp.com\/www.delongtop.com\/wp-content\/uploads\/2023\/10\/Lithium-Battery-Certification.jpg?resize=1170%2C488\" data-orig-src=\"http:\/\/www.delongtop.com\/wp-content\/uploads\/2023\/10\/Lithium-Battery-Certification.jpg\" alt=\"Lithium-Batterie-Zertifizierung\" width=\"1170\" height=\"488\" srcset=\"data:image\/svg+xml,%3Csvg%20xmlns%3D%27http%3A%2F%2Fwww.w3.org%2F2000%2Fsvg%27%20width%3D%271920%27%20height%3D%27800%27%20viewBox%3D%270%200%201920%20800%27%3E%3Crect%20width%3D%271920%27%20height%3D%27800%27%20fill-opacity%3D%220%22%2F%3E%3C%2Fsvg%3E\" data-srcset=\"https:\/\/i0.wp.com\/www.delongtop.com\/wp-content\/uploads\/2023\/10\/Lithium-Battery-Certification.jpg?resize=200%2C83&amp;ssl=1 200w, https:\/\/i0.wp.com\/www.delongtop.com\/wp-content\/uploads\/2023\/10\/Lithium-Battery-Certification.jpg?resize=300%2C125&amp;ssl=1 300w, https:\/\/i0.wp.com\/www.delongtop.com\/wp-content\/uploads\/2023\/10\/Lithium-Battery-Certification.jpg?resize=400%2C167&amp;ssl=1 400w, https:\/\/i0.wp.com\/www.delongtop.com\/wp-content\/uploads\/2023\/10\/Lithium-Battery-Certification.jpg?resize=500%2C208&amp;ssl=1 500w, https:\/\/i0.wp.com\/www.delongtop.com\/wp-content\/uploads\/2023\/10\/Lithium-Battery-Certification.jpg?resize=600%2C250&amp;ssl=1 600w, https:\/\/i0.wp.com\/www.delongtop.com\/wp-content\/uploads\/2023\/10\/Lithium-Battery-Certification.jpg?resize=700%2C292&amp;ssl=1 700w, https:\/\/i0.wp.com\/www.delongtop.com\/wp-content\/uploads\/2023\/10\/Lithium-Battery-Certification.jpg?resize=768%2C320&amp;ssl=1 768w, https:\/\/i0.wp.com\/www.delongtop.com\/wp-content\/uploads\/2023\/10\/Lithium-Battery-Certification.jpg?resize=800%2C333&amp;ssl=1 800w, https:\/\/i0.wp.com\/www.delongtop.com\/wp-content\/uploads\/2023\/10\/Lithium-Battery-Certification.jpg?resize=1024%2C427&amp;ssl=1 1024w, https:\/\/i0.wp.com\/www.delongtop.com\/wp-content\/uploads\/2023\/10\/Lithium-Battery-Certification.jpg?resize=1200%2C500&amp;ssl=1 1200w, https:\/\/i0.wp.com\/www.delongtop.com\/wp-content\/uploads\/2023\/10\/Lithium-Battery-Certification.jpg?resize=1536%2C640&amp;ssl=1 1536w, https:\/\/i0.wp.com\/www.delongtop.com\/wp-content\/uploads\/2023\/10\/Lithium-Battery-Certification.jpg?fit=1920%2C800&amp;ssl=1 1920w\" data-sizes=\"auto\" data-orig-sizes=\"(max-width: 1170px) 100vw, 1170px\" \/><\/p>\n<h3><span style=\"color: #339966;\"><strong><b>Liste kompatibler Wechselrichter <\/b><\/strong><\/span><\/h3>\n<div id=\"attachment_21816\" style=\"width: 1010px\" class=\"wp-caption aligncenter\"><img data-recalc-dims=\"1\" decoding=\"async\" aria-describedby=\"caption-attachment-21816\" class=\"lazyload wp-image-21816 size-full\" title=\"Liste kompatibler Wechselrichter\" src=\"https:\/\/i0.wp.com\/www.delongtop.com\/wp-content\/uploads\/2023\/10\/Compatible-Inverter-List-.png?resize=1000%2C546&#038;ssl=1\" data-orig-src=\"https:\/\/www.delongtop.com\/wp-content\/uploads\/2023\/10\/Compatible-Inverter-List-.png\" alt=\"Liste kompatibler Wechselrichter\" width=\"1000\" height=\"546\" srcset=\"data:image\/svg+xml,%3Csvg%20xmlns%3D%27http%3A%2F%2Fwww.w3.org%2F2000%2Fsvg%27%20width%3D%271000%27%20height%3D%27546%27%20viewBox%3D%270%200%201000%20546%27%3E%3Crect%20width%3D%271000%27%20height%3D%27546%27%20fill-opacity%3D%220%22%2F%3E%3C%2Fsvg%3E\" data-srcset=\"https:\/\/i0.wp.com\/www.delongtop.com\/wp-content\/uploads\/2023\/10\/Compatible-Inverter-List-.png?resize=200%2C109&amp;ssl=1 200w, https:\/\/i0.wp.com\/www.delongtop.com\/wp-content\/uploads\/2023\/10\/Compatible-Inverter-List-.png?resize=300%2C164&amp;ssl=1 300w, https:\/\/i0.wp.com\/www.delongtop.com\/wp-content\/uploads\/2023\/10\/Compatible-Inverter-List-.png?resize=400%2C218&amp;ssl=1 400w, https:\/\/i0.wp.com\/www.delongtop.com\/wp-content\/uploads\/2023\/10\/Compatible-Inverter-List-.png?resize=500%2C273&amp;ssl=1 500w, https:\/\/i0.wp.com\/www.delongtop.com\/wp-content\/uploads\/2023\/10\/Compatible-Inverter-List-.png?resize=600%2C328&amp;ssl=1 600w, https:\/\/i0.wp.com\/www.delongtop.com\/wp-content\/uploads\/2023\/10\/Compatible-Inverter-List-.png?resize=700%2C382&amp;ssl=1 700w, https:\/\/i0.wp.com\/www.delongtop.com\/wp-content\/uploads\/2023\/10\/Compatible-Inverter-List-.png?resize=768%2C419&amp;ssl=1 768w, https:\/\/i0.wp.com\/www.delongtop.com\/wp-content\/uploads\/2023\/10\/Compatible-Inverter-List-.png?resize=800%2C437&amp;ssl=1 800w, https:\/\/i0.wp.com\/www.delongtop.com\/wp-content\/uploads\/2023\/10\/Compatible-Inverter-List-.png?w=1000&amp;ssl=1 1000w\" data-sizes=\"auto\" data-orig-sizes=\"(max-width: 1000px) 100vw, 1000px\" \/><p id=\"caption-attachment-21816\" class=\"wp-caption-text\">Liste kompatibler Wechselrichter<\/p><\/div>\n<\/div>\n<h3><span style=\"color: #339966;\"><strong><b>\u00dcber Delong Energy<\/b><\/strong><\/span><\/h3>\n<div id=\"attachment_21815\" style=\"width: 1010px\" class=\"wp-caption aligncenter\"><img data-recalc-dims=\"1\" decoding=\"async\" aria-describedby=\"caption-attachment-21815\" class=\"lazyload size-full wp-image-21815\" src=\"https:\/\/i0.wp.com\/www.delongtop.com\/wp-content\/uploads\/2023\/10\/About-Delong-Energy.jpg?resize=1000%2C800&#038;ssl=1\" data-orig-src=\"https:\/\/www.delongtop.com\/wp-content\/uploads\/2023\/10\/About-Delong-Energy.jpg\" alt=\"\u00dcber Delong Energy\" width=\"1000\" height=\"800\" srcset=\"data:image\/svg+xml,%3Csvg%20xmlns%3D%27http%3A%2F%2Fwww.w3.org%2F2000%2Fsvg%27%20width%3D%271000%27%20height%3D%27800%27%20viewBox%3D%270%200%201000%20800%27%3E%3Crect%20width%3D%271000%27%20height%3D%27800%27%20fill-opacity%3D%220%22%2F%3E%3C%2Fsvg%3E\" data-srcset=\"https:\/\/i0.wp.com\/www.delongtop.com\/wp-content\/uploads\/2023\/10\/About-Delong-Energy.jpg?resize=177%2C142&amp;ssl=1 177w, https:\/\/i0.wp.com\/www.delongtop.com\/wp-content\/uploads\/2023\/10\/About-Delong-Energy.jpg?resize=200%2C160&amp;ssl=1 200w, https:\/\/i0.wp.com\/www.delongtop.com\/wp-content\/uploads\/2023\/10\/About-Delong-Energy.jpg?resize=300%2C240&amp;ssl=1 300w, https:\/\/i0.wp.com\/www.delongtop.com\/wp-content\/uploads\/2023\/10\/About-Delong-Energy.jpg?resize=400%2C320&amp;ssl=1 400w, https:\/\/i0.wp.com\/www.delongtop.com\/wp-content\/uploads\/2023\/10\/About-Delong-Energy.jpg?resize=500%2C400&amp;ssl=1 500w, https:\/\/i0.wp.com\/www.delongtop.com\/wp-content\/uploads\/2023\/10\/About-Delong-Energy.jpg?resize=600%2C480&amp;ssl=1 600w, https:\/\/i0.wp.com\/www.delongtop.com\/wp-content\/uploads\/2023\/10\/About-Delong-Energy.jpg?resize=700%2C560&amp;ssl=1 700w, https:\/\/i0.wp.com\/www.delongtop.com\/wp-content\/uploads\/2023\/10\/About-Delong-Energy.jpg?resize=768%2C614&amp;ssl=1 768w, https:\/\/i0.wp.com\/www.delongtop.com\/wp-content\/uploads\/2023\/10\/About-Delong-Energy.jpg?resize=800%2C640&amp;ssl=1 800w, https:\/\/i0.wp.com\/www.delongtop.com\/wp-content\/uploads\/2023\/10\/About-Delong-Energy.jpg?w=1000&amp;ssl=1 1000w\" data-sizes=\"auto\" data-orig-sizes=\"(max-width: 1000px) 100vw, 1000px\" \/><p id=\"caption-attachment-21815\" class=\"wp-caption-text\">\u00dcber Delong Energy<\/p><\/div>\n<p>&nbsp;<\/p>","protected":false},"excerpt":{"rendered":"<p>5.12kwh 51.2V\/48V 100Ah Wandmontierter Lithium-Batteriespeicher mit CE \/ UN38.3 \/ MSDS | DL-LFP51100J<\/p>","protected":false},"featured_media":21849,"comment_status":"open","ping_status":"closed","template":"","meta":[],"product_brand":[],"product_cat":[100,208],"product_tag":[],"class_list":{"0":"post-21805","1":"product","2":"type-product","3":"status-publish","4":"has-post-thumbnail","6":"product_cat-energy-storage-battery","7":"product_cat-wall-mounted-lithium-battery","9":"first","10":"instock","11":"shipping-taxable","12":"product-type-simple"},"yoast_head":"<!-- This site is optimized with the Yoast SEO plugin v25.0 - https:\/\/yoast.com\/wordpress\/plugins\/seo\/ -->\n<title>51.2V 100Ah 5.12kwh Wall Mounted Lithium Battery DL-LFP51100J - Delong Energy<\/title>\n<meta name=\"description\" content=\"51.2V 100Ah 5.12kwh Wall Mounted Lithium Battery From Delong Energy is Hot Sale.\" \/>\n<meta name=\"robots\" content=\"index, follow, max-snippet:-1, max-image-preview:large, max-video-preview:-1\" \/>\n<link rel=\"canonical\" href=\"https:\/\/www.delongtop.com\/de\/product\/51-2v-100ah-5-12kwh-wall-mounted-lithium-battery-dl-lfp51100j\/\" \/>\n<meta property=\"og:locale\" content=\"de_DE\" \/>\n<meta property=\"og:type\" content=\"article\" \/>\n<meta property=\"og:title\" content=\"51.2V 100Ah 5.12kwh Wall Mounted Lithium Battery DL-LFP51100J - Delong Energy\" \/>\n<meta property=\"og:description\" content=\"51.2V 100Ah 5.12kwh Wall Mounted Lithium Battery From Delong Energy is Hot Sale.\" \/>\n<meta property=\"og:url\" content=\"https:\/\/www.delongtop.com\/de\/product\/51-2v-100ah-5-12kwh-wall-mounted-lithium-battery-dl-lfp51100j\/\" \/>\n<meta property=\"og:site_name\" content=\"Delong Energy\" \/>\n<meta property=\"article:modified_time\" content=\"2023-12-18T02:58:57+00:00\" \/>\n<meta property=\"og:image\" content=\"https:\/\/i0.wp.com\/www.delongtop.com\/wp-content\/uploads\/2023\/10\/51.2V-48V-50Ah-Wall-Mounted-Solar-Battery-1.jpg?fit=1000%2C1000&ssl=1\" \/>\n\t<meta property=\"og:image:width\" content=\"1000\" \/>\n\t<meta property=\"og:image:height\" content=\"1000\" \/>\n\t<meta property=\"og:image:type\" content=\"image\/jpeg\" \/>\n<meta name=\"twitter:card\" content=\"summary_large_image\" \/>\n<meta name=\"twitter:label1\" content=\"Gesch\u00e4tzte Lesezeit\" \/>\n\t<meta name=\"twitter:data1\" content=\"2\u00a0Minuten\" \/>\n<script type=\"application\/ld+json\" class=\"yoast-schema-graph\">{\"@context\":\"https:\/\/schema.org\",\"@graph\":[{\"@type\":\"WebPage\",\"@id\":\"https:\/\/www.delongtop.com\/product\/51-2v-100ah-5-12kwh-wall-mounted-lithium-battery-dl-lfp51100j\/\",\"url\":\"https:\/\/www.delongtop.com\/product\/51-2v-100ah-5-12kwh-wall-mounted-lithium-battery-dl-lfp51100j\/\",\"name\":\"51.2V 100Ah 5.12kwh Wall Mounted Lithium Battery DL-LFP51100J - Delong Energy\",\"isPartOf\":{\"@id\":\"https:\/\/www.delongtop.com\/#website\"},\"primaryImageOfPage\":{\"@id\":\"https:\/\/www.delongtop.com\/product\/51-2v-100ah-5-12kwh-wall-mounted-lithium-battery-dl-lfp51100j\/#primaryimage\"},\"image\":{\"@id\":\"https:\/\/www.delongtop.com\/product\/51-2v-100ah-5-12kwh-wall-mounted-lithium-battery-dl-lfp51100j\/#primaryimage\"},\"thumbnailUrl\":\"https:\/\/i0.wp.com\/www.delongtop.com\/wp-content\/uploads\/2023\/10\/51.2V-48V-50Ah-Wall-Mounted-Solar-Battery-1.jpg?fit=1000%2C1000&ssl=1\",\"datePublished\":\"2023-10-20T09:50:12+00:00\",\"dateModified\":\"2023-12-18T02:58:57+00:00\",\"description\":\"51.2V 100Ah 5.12kwh Wall Mounted Lithium Battery From Delong Energy is Hot Sale.\",\"breadcrumb\":{\"@id\":\"https:\/\/www.delongtop.com\/product\/51-2v-100ah-5-12kwh-wall-mounted-lithium-battery-dl-lfp51100j\/#breadcrumb\"},\"inLanguage\":\"de\",\"potentialAction\":[{\"@type\":\"ReadAction\",\"target\":[\"https:\/\/www.delongtop.com\/product\/51-2v-100ah-5-12kwh-wall-mounted-lithium-battery-dl-lfp51100j\/\"]}]},{\"@type\":\"ImageObject\",\"inLanguage\":\"de\",\"@id\":\"https:\/\/www.delongtop.com\/product\/51-2v-100ah-5-12kwh-wall-mounted-lithium-battery-dl-lfp51100j\/#primaryimage\",\"url\":\"https:\/\/i0.wp.com\/www.delongtop.com\/wp-content\/uploads\/2023\/10\/51.2V-48V-50Ah-Wall-Mounted-Solar-Battery-1.jpg?fit=1000%2C1000&ssl=1\",\"contentUrl\":\"https:\/\/i0.wp.com\/www.delongtop.com\/wp-content\/uploads\/2023\/10\/51.2V-48V-50Ah-Wall-Mounted-Solar-Battery-1.jpg?fit=1000%2C1000&ssl=1\",\"width\":1000,\"height\":1000,\"caption\":\"51.2V\/48V 50Ah 2.56kwh Wall Mounted Solar Battery\"},{\"@type\":\"BreadcrumbList\",\"@id\":\"https:\/\/www.delongtop.com\/product\/51-2v-100ah-5-12kwh-wall-mounted-lithium-battery-dl-lfp51100j\/#breadcrumb\",\"itemListElement\":[{\"@type\":\"ListItem\",\"position\":1,\"name\":\"Home\",\"item\":\"https:\/\/www.delongtop.com\/\"},{\"@type\":\"ListItem\",\"position\":2,\"name\":\"Modern Products\",\"item\":\"https:\/\/www.delongtop.com\/products\/\"},{\"@type\":\"ListItem\",\"position\":3,\"name\":\"51.2V 100Ah 5.12kwh Wall Mounted Lithium Battery DL-LFP51100J\"}]},{\"@type\":\"WebSite\",\"@id\":\"https:\/\/www.delongtop.com\/#website\",\"url\":\"https:\/\/www.delongtop.com\/\",\"name\":\"Delong Energy\",\"description\":\"Lithium Ion Battery Manufacturer &amp; Factory In China\",\"potentialAction\":[{\"@type\":\"SearchAction\",\"target\":{\"@type\":\"EntryPoint\",\"urlTemplate\":\"https:\/\/www.delongtop.com\/?s={search_term_string}\"},\"query-input\":{\"@type\":\"PropertyValueSpecification\",\"valueRequired\":true,\"valueName\":\"search_term_string\"}}],\"inLanguage\":\"de\"}]}<\/script>\n<!-- \/ Yoast SEO plugin. -->","yoast_head_json":{"title":"51.2V 100Ah 5.12kwh Wall Mounted Lithium Battery DL-LFP51100J - Delong Energy","description":"51.2V 100Ah 5.12kwh Wall Mounted Lithium Battery From Delong Energy is Hot Sale.","robots":{"index":"index","follow":"follow","max-snippet":"max-snippet:-1","max-image-preview":"max-image-preview:large","max-video-preview":"max-video-preview:-1"},"canonical":"https:\/\/www.delongtop.com\/de\/product\/51-2v-100ah-5-12kwh-wall-mounted-lithium-battery-dl-lfp51100j\/","og_locale":"de_DE","og_type":"article","og_title":"51.2V 100Ah 5.12kwh Wall Mounted Lithium Battery DL-LFP51100J - Delong Energy","og_description":"51.2V 100Ah 5.12kwh Wall Mounted Lithium Battery From Delong Energy is Hot Sale.","og_url":"https:\/\/www.delongtop.com\/de\/product\/51-2v-100ah-5-12kwh-wall-mounted-lithium-battery-dl-lfp51100j\/","og_site_name":"Delong Energy","article_modified_time":"2023-12-18T02:58:57+00:00","og_image":[{"width":1000,"height":1000,"url":"https:\/\/i0.wp.com\/www.delongtop.com\/wp-content\/uploads\/2023\/10\/51.2V-48V-50Ah-Wall-Mounted-Solar-Battery-1.jpg?fit=1000%2C1000&ssl=1","type":"image\/jpeg"}],"twitter_card":"summary_large_image","twitter_misc":{"Gesch\u00e4tzte Lesezeit":"2\u00a0Minuten"},"schema":{"@context":"https:\/\/schema.org","@graph":[{"@type":"WebPage","@id":"https:\/\/www.delongtop.com\/product\/51-2v-100ah-5-12kwh-wall-mounted-lithium-battery-dl-lfp51100j\/","url":"https:\/\/www.delongtop.com\/product\/51-2v-100ah-5-12kwh-wall-mounted-lithium-battery-dl-lfp51100j\/","name":"51.2V 100Ah 5.12kwh Wall Mounted Lithium Battery DL-LFP51100J - Delong Energy","isPartOf":{"@id":"https:\/\/www.delongtop.com\/#website"},"primaryImageOfPage":{"@id":"https:\/\/www.delongtop.com\/product\/51-2v-100ah-5-12kwh-wall-mounted-lithium-battery-dl-lfp51100j\/#primaryimage"},"image":{"@id":"https:\/\/www.delongtop.com\/product\/51-2v-100ah-5-12kwh-wall-mounted-lithium-battery-dl-lfp51100j\/#primaryimage"},"thumbnailUrl":"https:\/\/i0.wp.com\/www.delongtop.com\/wp-content\/uploads\/2023\/10\/51.2V-48V-50Ah-Wall-Mounted-Solar-Battery-1.jpg?fit=1000%2C1000&ssl=1","datePublished":"2023-10-20T09:50:12+00:00","dateModified":"2023-12-18T02:58:57+00:00","description":"51.2V 100Ah 5.12kwh Wall Mounted Lithium Battery From Delong Energy is Hot Sale.","breadcrumb":{"@id":"https:\/\/www.delongtop.com\/product\/51-2v-100ah-5-12kwh-wall-mounted-lithium-battery-dl-lfp51100j\/#breadcrumb"},"inLanguage":"de","potentialAction":[{"@type":"ReadAction","target":["https:\/\/www.delongtop.com\/product\/51-2v-100ah-5-12kwh-wall-mounted-lithium-battery-dl-lfp51100j\/"]}]},{"@type":"ImageObject","inLanguage":"de","@id":"https:\/\/www.delongtop.com\/product\/51-2v-100ah-5-12kwh-wall-mounted-lithium-battery-dl-lfp51100j\/#primaryimage","url":"https:\/\/i0.wp.com\/www.delongtop.com\/wp-content\/uploads\/2023\/10\/51.2V-48V-50Ah-Wall-Mounted-Solar-Battery-1.jpg?fit=1000%2C1000&ssl=1","contentUrl":"https:\/\/i0.wp.com\/www.delongtop.com\/wp-content\/uploads\/2023\/10\/51.2V-48V-50Ah-Wall-Mounted-Solar-Battery-1.jpg?fit=1000%2C1000&ssl=1","width":1000,"height":1000,"caption":"51.2V\/48V 50Ah 2.56kwh Wall Mounted Solar Battery"},{"@type":"BreadcrumbList","@id":"https:\/\/www.delongtop.com\/product\/51-2v-100ah-5-12kwh-wall-mounted-lithium-battery-dl-lfp51100j\/#breadcrumb","itemListElement":[{"@type":"ListItem","position":1,"name":"Home","item":"https:\/\/www.delongtop.com\/"},{"@type":"ListItem","position":2,"name":"Modern Products","item":"https:\/\/www.delongtop.com\/products\/"},{"@type":"ListItem","position":3,"name":"51.2V 100Ah 5.12kwh Wall Mounted Lithium Battery DL-LFP51100J"}]},{"@type":"WebSite","@id":"https:\/\/www.delongtop.com\/#website","url":"https:\/\/www.delongtop.com\/","name":"Delong Energy","description":"Lithium Ion Battery Manufacturer &amp; Factory In China","potentialAction":[{"@type":"SearchAction","target":{"@type":"EntryPoint","urlTemplate":"https:\/\/www.delongtop.com\/?s={search_term_string}"},"query-input":{"@type":"PropertyValueSpecification","valueRequired":true,"valueName":"search_term_string"}}],"inLanguage":"de"}]}},"jetpack_sharing_enabled":true,"_links":{"self":[{"href":"https:\/\/www.delongtop.com\/de\/wp-json\/wp\/v2\/product\/21805","targetHints":{"allow":["GET"]}}],"collection":[{"href":"https:\/\/www.delongtop.com\/de\/wp-json\/wp\/v2\/product"}],"about":[{"href":"https:\/\/www.delongtop.com\/de\/wp-json\/wp\/v2\/types\/product"}],"replies":[{"embeddable":true,"href":"https:\/\/www.delongtop.com\/de\/wp-json\/wp\/v2\/comments?post=21805"}],"wp:featuredmedia":[{"embeddable":true,"href":"https:\/\/www.delongtop.com\/de\/wp-json\/wp\/v2\/media\/21849"}],"wp:attachment":[{"href":"https:\/\/www.delongtop.com\/de\/wp-json\/wp\/v2\/media?parent=21805"}],"wp:term":[{"taxonomy":"product_brand","embeddable":true,"href":"https:\/\/www.delongtop.com\/de\/wp-json\/wp\/v2\/product_brand?post=21805"},{"taxonomy":"product_cat","embeddable":true,"href":"https:\/\/www.delongtop.com\/de\/wp-json\/wp\/v2\/product_cat?post=21805"},{"taxonomy":"product_tag","embeddable":true,"href":"https:\/\/www.delongtop.com\/de\/wp-json\/wp\/v2\/product_tag?post=21805"}],"curies":[{"name":"wp","href":"https:\/\/api.w.org\/{rel}","templated":true}]}}