{"id":22138,"date":"2023-11-03T09:44:28","date_gmt":"2023-11-03T09:44:28","guid":{"rendered":"https:\/\/www.delongtop.com\/?post_type=product&#038;p=22138"},"modified":"2023-12-18T03:00:31","modified_gmt":"2023-12-18T03:00:31","slug":"48v-50ah-2-4kwh-wall-mount-lithium-battery-ess-dl-lfp-4850","status":"publish","type":"product","link":"https:\/\/www.delongtop.com\/de\/product\/48v-50ah-2-4kwh-wall-mount-lithium-battery-ess-dl-lfp-4850\/","title":{"rendered":"48V 50Ah 2.4kwh Wandmontage Lifepo4 Batterie ESS DL-LFP-4850"},"content":{"rendered":"<h3><span style=\"color: #339966;\"><strong>48V 50Ah 2.4kwh Wandmontage Lifepo4 Batterie Powerwall f\u00fcr Solarenergiespeicher ESS<\/strong><\/span><\/h3>\n<p>&nbsp;<\/p>\n<p><span style=\"color: #000000;\"><strong><b>Vorteil von <\/b><\/strong><strong><b>\u00a0lifepo4 Akku Powerwall<\/b><\/strong><\/span><\/p>\n<ul>\n<li>Wandmontiert<\/li>\n<li>Eingebautes BMS<\/li>\n<li>Hohe Energiedichte<\/li>\n<li>Langer Lebenszyklus<\/li>\n<li>Unterst\u00fctzung der Anpassung<\/li>\n<li>Unterst\u00fctzung f\u00fcr Parallelschaltung<\/li>\n<li>Unterst\u00fctzt Wechselrichterkommunikation<\/li>\n<\/ul>\n<p>&nbsp;<\/p>\n<p><strong><b>Anmeldung<\/b><\/strong><\/p>\n<ul>\n<li>Energiespeicherung im Haushalt<\/li>\n<li>USV-Anlage<\/li>\n<li>Solarspeicher<\/li>\n<li>Zentralb\u00fcro<\/li>\n<li>Basis-Transceiver-Station<\/li>\n<li>Elektrisches Energiesystem<\/li>\n<li>Telekommunikationssysteme<\/li>\n<li>Kommunikationsausr\u00fcstung<\/li>\n<li>Anwendungen schalten und mehr<\/li>\n<\/ul>\n<p>&nbsp;<\/p>\n<p><strong><b>Warum Delong Energy w\u00e4hlen?<\/b><\/strong><\/p>\n<p>Die Lithiumbatterie-Fabrik ist in der Regel seit 11 Jahren in Betrieb, mit Qualit\u00e4t online.<\/p>\n<p>Umfassende Produktpalette: 12v\/24v\/ bis 96v Lithiumbatterien, Heimbatterie-Energiespeichersysteme, Strombatterien und tragbare Stromspeicher f\u00fcr den Au\u00dfenbereich.<\/p>\n<p>Unterst\u00fctzung der Anpassung von Batteriespannung, Stromst\u00e4rke, Kapazit\u00e4t, Aussehen usw.<\/p>\n<p>Bieten Sie OEM-, ODM- und OBM-Dienstleistungen f\u00fcr Batterien an.<\/p>\n<p>10 Jahre Garantie nach dem Kauf, professionelle technische Unterst\u00fctzung.<\/p>","protected":false},"excerpt":{"rendered":"<p>48V 50Ah 2.4kwh Wandmontage Lithium-Batteriespeicher | DL-LFP4850<\/p>","protected":false},"featured_media":22765,"comment_status":"open","ping_status":"closed","template":"","meta":[],"product_brand":[],"product_cat":[213,100,208],"product_tag":[],"class_list":{"0":"post-22138","1":"product","2":"type-product","3":"status-publish","4":"has-post-thumbnail","6":"product_cat-48v-lithium-battery","7":"product_cat-energy-storage-battery","8":"product_cat-wall-mounted-lithium-battery","10":"first","11":"instock","12":"shipping-taxable","13":"product-type-simple"},"yoast_head":"<!-- This site is optimized with the Yoast SEO plugin v25.0 - https:\/\/yoast.com\/wordpress\/plugins\/seo\/ -->\n<title>48V 50Ah 2.4kwh Wall Mount Lifepo4 Battery ESS DL-LFP-4850 - Delong Energy<\/title>\n<meta name=\"description\" content=\"We Are a 48v 200Ah Lifepo4 Battery Factory And Supply 10kwh Powerwall Lithium Battery Energy Storage Systems.\" \/>\n<meta name=\"robots\" content=\"index, follow, max-snippet:-1, max-image-preview:large, max-video-preview:-1\" \/>\n<link rel=\"canonical\" href=\"https:\/\/www.delongtop.com\/de\/product\/48v-50ah-2-4kwh-wall-mount-lithium-battery-ess-dl-lfp-4850\/\" \/>\n<meta property=\"og:locale\" content=\"de_DE\" \/>\n<meta property=\"og:type\" content=\"article\" \/>\n<meta property=\"og:title\" content=\"48V 50Ah 2.4kwh Wall Mount Lifepo4 Battery ESS DL-LFP-4850 - Delong Energy\" \/>\n<meta property=\"og:description\" content=\"We Are a 48v 200Ah Lifepo4 Battery Factory And Supply 10kwh Powerwall Lithium Battery Energy Storage Systems.\" \/>\n<meta property=\"og:url\" content=\"https:\/\/www.delongtop.com\/de\/product\/48v-50ah-2-4kwh-wall-mount-lithium-battery-ess-dl-lfp-4850\/\" \/>\n<meta property=\"og:site_name\" content=\"Delong Energy\" \/>\n<meta property=\"article:modified_time\" content=\"2023-12-18T03:00:31+00:00\" \/>\n<meta property=\"og:image\" content=\"https:\/\/i0.wp.com\/www.delongtop.com\/wp-content\/uploads\/2023\/11\/Wall-Mount-Lifepo4-Battery-Vertical-06.jpg?fit=1000%2C1000&ssl=1\" \/>\n\t<meta property=\"og:image:width\" content=\"1000\" \/>\n\t<meta property=\"og:image:height\" content=\"1000\" \/>\n\t<meta property=\"og:image:type\" content=\"image\/jpeg\" \/>\n<meta name=\"twitter:card\" content=\"summary_large_image\" \/>\n<meta name=\"twitter:label1\" content=\"Gesch\u00e4tzte Lesezeit\" \/>\n\t<meta name=\"twitter:data1\" content=\"1\u00a0Minute\" \/>\n<script type=\"application\/ld+json\" class=\"yoast-schema-graph\">{\"@context\":\"https:\/\/schema.org\",\"@graph\":[{\"@type\":\"WebPage\",\"@id\":\"https:\/\/www.delongtop.com\/product\/48v-50ah-2-4kwh-wall-mount-lithium-battery-ess-dl-lfp-4850\/\",\"url\":\"https:\/\/www.delongtop.com\/product\/48v-50ah-2-4kwh-wall-mount-lithium-battery-ess-dl-lfp-4850\/\",\"name\":\"48V 50Ah 2.4kwh Wall Mount Lifepo4 Battery ESS DL-LFP-4850 - Delong Energy\",\"isPartOf\":{\"@id\":\"https:\/\/www.delongtop.com\/#website\"},\"primaryImageOfPage\":{\"@id\":\"https:\/\/www.delongtop.com\/product\/48v-50ah-2-4kwh-wall-mount-lithium-battery-ess-dl-lfp-4850\/#primaryimage\"},\"image\":{\"@id\":\"https:\/\/www.delongtop.com\/product\/48v-50ah-2-4kwh-wall-mount-lithium-battery-ess-dl-lfp-4850\/#primaryimage\"},\"thumbnailUrl\":\"https:\/\/i0.wp.com\/www.delongtop.com\/wp-content\/uploads\/2023\/11\/Wall-Mount-Lifepo4-Battery-Vertical-06.jpg?fit=1000%2C1000&ssl=1\",\"datePublished\":\"2023-11-03T09:44:28+00:00\",\"dateModified\":\"2023-12-18T03:00:31+00:00\",\"description\":\"We Are a 48v 200Ah Lifepo4 Battery Factory And Supply 10kwh Powerwall Lithium Battery Energy Storage Systems.\",\"breadcrumb\":{\"@id\":\"https:\/\/www.delongtop.com\/product\/48v-50ah-2-4kwh-wall-mount-lithium-battery-ess-dl-lfp-4850\/#breadcrumb\"},\"inLanguage\":\"de\",\"potentialAction\":[{\"@type\":\"ReadAction\",\"target\":[\"https:\/\/www.delongtop.com\/product\/48v-50ah-2-4kwh-wall-mount-lithium-battery-ess-dl-lfp-4850\/\"]}]},{\"@type\":\"ImageObject\",\"inLanguage\":\"de\",\"@id\":\"https:\/\/www.delongtop.com\/product\/48v-50ah-2-4kwh-wall-mount-lithium-battery-ess-dl-lfp-4850\/#primaryimage\",\"url\":\"https:\/\/i0.wp.com\/www.delongtop.com\/wp-content\/uploads\/2023\/11\/Wall-Mount-Lifepo4-Battery-Vertical-06.jpg?fit=1000%2C1000&ssl=1\",\"contentUrl\":\"https:\/\/i0.wp.com\/www.delongtop.com\/wp-content\/uploads\/2023\/11\/Wall-Mount-Lifepo4-Battery-Vertical-06.jpg?fit=1000%2C1000&ssl=1\",\"width\":1000,\"height\":1000,\"caption\":\"Wall Mount Lifepo4 Battery\"},{\"@type\":\"BreadcrumbList\",\"@id\":\"https:\/\/www.delongtop.com\/product\/48v-50ah-2-4kwh-wall-mount-lithium-battery-ess-dl-lfp-4850\/#breadcrumb\",\"itemListElement\":[{\"@type\":\"ListItem\",\"position\":1,\"name\":\"Home\",\"item\":\"https:\/\/www.delongtop.com\/\"},{\"@type\":\"ListItem\",\"position\":2,\"name\":\"Modern Products\",\"item\":\"https:\/\/www.delongtop.com\/products\/\"},{\"@type\":\"ListItem\",\"position\":3,\"name\":\"48V 50Ah 2.4kwh Wall Mount Lifepo4 Battery ESS DL-LFP-4850\"}]},{\"@type\":\"WebSite\",\"@id\":\"https:\/\/www.delongtop.com\/#website\",\"url\":\"https:\/\/www.delongtop.com\/\",\"name\":\"Delong Energy\",\"description\":\"Lithium Ion Battery Manufacturer &amp; Factory In China\",\"potentialAction\":[{\"@type\":\"SearchAction\",\"target\":{\"@type\":\"EntryPoint\",\"urlTemplate\":\"https:\/\/www.delongtop.com\/?s={search_term_string}\"},\"query-input\":{\"@type\":\"PropertyValueSpecification\",\"valueRequired\":true,\"valueName\":\"search_term_string\"}}],\"inLanguage\":\"de\"}]}<\/script>\n<!-- \/ Yoast SEO plugin. -->","yoast_head_json":{"title":"48V 50Ah 2.4kwh Wall Mount Lifepo4 Battery ESS DL-LFP-4850 - Delong Energy","description":"We Are a 48v 200Ah Lifepo4 Battery Factory And Supply 10kwh Powerwall Lithium Battery Energy Storage Systems.","robots":{"index":"index","follow":"follow","max-snippet":"max-snippet:-1","max-image-preview":"max-image-preview:large","max-video-preview":"max-video-preview:-1"},"canonical":"https:\/\/www.delongtop.com\/de\/product\/48v-50ah-2-4kwh-wall-mount-lithium-battery-ess-dl-lfp-4850\/","og_locale":"de_DE","og_type":"article","og_title":"48V 50Ah 2.4kwh Wall Mount Lifepo4 Battery ESS DL-LFP-4850 - Delong Energy","og_description":"We Are a 48v 200Ah Lifepo4 Battery Factory And Supply 10kwh Powerwall Lithium Battery Energy Storage Systems.","og_url":"https:\/\/www.delongtop.com\/de\/product\/48v-50ah-2-4kwh-wall-mount-lithium-battery-ess-dl-lfp-4850\/","og_site_name":"Delong Energy","article_modified_time":"2023-12-18T03:00:31+00:00","og_image":[{"width":1000,"height":1000,"url":"https:\/\/i0.wp.com\/www.delongtop.com\/wp-content\/uploads\/2023\/11\/Wall-Mount-Lifepo4-Battery-Vertical-06.jpg?fit=1000%2C1000&ssl=1","type":"image\/jpeg"}],"twitter_card":"summary_large_image","twitter_misc":{"Gesch\u00e4tzte Lesezeit":"1\u00a0Minute"},"schema":{"@context":"https:\/\/schema.org","@graph":[{"@type":"WebPage","@id":"https:\/\/www.delongtop.com\/product\/48v-50ah-2-4kwh-wall-mount-lithium-battery-ess-dl-lfp-4850\/","url":"https:\/\/www.delongtop.com\/product\/48v-50ah-2-4kwh-wall-mount-lithium-battery-ess-dl-lfp-4850\/","name":"48V 50Ah 2.4kwh Wall Mount Lifepo4 Battery ESS DL-LFP-4850 - Delong Energy","isPartOf":{"@id":"https:\/\/www.delongtop.com\/#website"},"primaryImageOfPage":{"@id":"https:\/\/www.delongtop.com\/product\/48v-50ah-2-4kwh-wall-mount-lithium-battery-ess-dl-lfp-4850\/#primaryimage"},"image":{"@id":"https:\/\/www.delongtop.com\/product\/48v-50ah-2-4kwh-wall-mount-lithium-battery-ess-dl-lfp-4850\/#primaryimage"},"thumbnailUrl":"https:\/\/i0.wp.com\/www.delongtop.com\/wp-content\/uploads\/2023\/11\/Wall-Mount-Lifepo4-Battery-Vertical-06.jpg?fit=1000%2C1000&ssl=1","datePublished":"2023-11-03T09:44:28+00:00","dateModified":"2023-12-18T03:00:31+00:00","description":"We Are a 48v 200Ah Lifepo4 Battery Factory And Supply 10kwh Powerwall Lithium Battery Energy Storage Systems.","breadcrumb":{"@id":"https:\/\/www.delongtop.com\/product\/48v-50ah-2-4kwh-wall-mount-lithium-battery-ess-dl-lfp-4850\/#breadcrumb"},"inLanguage":"de","potentialAction":[{"@type":"ReadAction","target":["https:\/\/www.delongtop.com\/product\/48v-50ah-2-4kwh-wall-mount-lithium-battery-ess-dl-lfp-4850\/"]}]},{"@type":"ImageObject","inLanguage":"de","@id":"https:\/\/www.delongtop.com\/product\/48v-50ah-2-4kwh-wall-mount-lithium-battery-ess-dl-lfp-4850\/#primaryimage","url":"https:\/\/i0.wp.com\/www.delongtop.com\/wp-content\/uploads\/2023\/11\/Wall-Mount-Lifepo4-Battery-Vertical-06.jpg?fit=1000%2C1000&ssl=1","contentUrl":"https:\/\/i0.wp.com\/www.delongtop.com\/wp-content\/uploads\/2023\/11\/Wall-Mount-Lifepo4-Battery-Vertical-06.jpg?fit=1000%2C1000&ssl=1","width":1000,"height":1000,"caption":"Wall Mount Lifepo4 Battery"},{"@type":"BreadcrumbList","@id":"https:\/\/www.delongtop.com\/product\/48v-50ah-2-4kwh-wall-mount-lithium-battery-ess-dl-lfp-4850\/#breadcrumb","itemListElement":[{"@type":"ListItem","position":1,"name":"Home","item":"https:\/\/www.delongtop.com\/"},{"@type":"ListItem","position":2,"name":"Modern Products","item":"https:\/\/www.delongtop.com\/products\/"},{"@type":"ListItem","position":3,"name":"48V 50Ah 2.4kwh Wall Mount Lifepo4 Battery ESS DL-LFP-4850"}]},{"@type":"WebSite","@id":"https:\/\/www.delongtop.com\/#website","url":"https:\/\/www.delongtop.com\/","name":"Delong Energy","description":"Lithium Ion Battery Manufacturer &amp; Factory In China","potentialAction":[{"@type":"SearchAction","target":{"@type":"EntryPoint","urlTemplate":"https:\/\/www.delongtop.com\/?s={search_term_string}"},"query-input":{"@type":"PropertyValueSpecification","valueRequired":true,"valueName":"search_term_string"}}],"inLanguage":"de"}]}},"jetpack_sharing_enabled":true,"_links":{"self":[{"href":"https:\/\/www.delongtop.com\/de\/wp-json\/wp\/v2\/product\/22138","targetHints":{"allow":["GET"]}}],"collection":[{"href":"https:\/\/www.delongtop.com\/de\/wp-json\/wp\/v2\/product"}],"about":[{"href":"https:\/\/www.delongtop.com\/de\/wp-json\/wp\/v2\/types\/product"}],"replies":[{"embeddable":true,"href":"https:\/\/www.delongtop.com\/de\/wp-json\/wp\/v2\/comments?post=22138"}],"wp:featuredmedia":[{"embeddable":true,"href":"https:\/\/www.delongtop.com\/de\/wp-json\/wp\/v2\/media\/22765"}],"wp:attachment":[{"href":"https:\/\/www.delongtop.com\/de\/wp-json\/wp\/v2\/media?parent=22138"}],"wp:term":[{"taxonomy":"product_brand","embeddable":true,"href":"https:\/\/www.delongtop.com\/de\/wp-json\/wp\/v2\/product_brand?post=22138"},{"taxonomy":"product_cat","embeddable":true,"href":"https:\/\/www.delongtop.com\/de\/wp-json\/wp\/v2\/product_cat?post=22138"},{"taxonomy":"product_tag","embeddable":true,"href":"https:\/\/www.delongtop.com\/de\/wp-json\/wp\/v2\/product_tag?post=22138"}],"curies":[{"name":"wp","href":"https:\/\/api.w.org\/{rel}","templated":true}]}}