{"id":22557,"date":"2023-11-23T15:20:18","date_gmt":"2023-11-23T15:20:18","guid":{"rendered":"https:\/\/www.delongtop.com\/?post_type=product&#038;p=22557"},"modified":"2024-09-05T15:44:28","modified_gmt":"2024-09-05T15:44:28","slug":"51-2v-48v-40ah-agv-lifepo4-battery-dl-lfp-agv5140","status":"publish","type":"product","link":"https:\/\/www.delongtop.com\/de\/product\/51-2v-48v-40ah-agv-lifepo4-battery-dl-lfp-agv5140\/","title":{"rendered":"Delong 51.2V\/48V 40Ah AGV LiFePO4 Akku DL-LFP-AGV5140"},"content":{"rendered":"<div>\n<h2><strong><span style=\"color: #339966;\">51.2V\/48V 40Ah AGV LiFePO4 Batterie <\/span><\/strong><span style=\"color: #339966;\">Versorgung 2048wh <\/span><strong><span style=\"color: #339966;\">DL-LFP-AGV5140<\/span><\/strong><\/h2>\n<\/div>\n<p>Die AGV-Batterie, die f\u00fcr Automated Guided Vehicle (fahrerlose Transportsysteme) steht, ist eine Stromquelle, die f\u00fcr den Antrieb von fahrerlosen Transportsystemen verwendet wird. AGVs werden h\u00e4ufig in Fabriken, logistischen Transportsystemen, Krankenh\u00e4usern, Lagerh\u00e4usern und anderen Orten eingesetzt.<\/p>\n<p>Die Nennspannung dieser AGV-Batterie betr\u00e4gt 51,2 V, mit einem Nennstrom von 40 Ah, was eine Energie von 2048 kWh ergibt. Eine andere lifepo4-Batterie f\u00fcr AGV kann 10kWh Energie liefern, und ihr Modell ist <a href=\"https:\/\/www.delongtop.com\/de\/product\/51-2v-48v-200ah-agv-lifepo4-battery-dl-lfp-agv51200\/\" target=\"_blank\" rel=\"noopener\">DL-LFP-AGV51200<\/a>.<\/p>\n<h2><span style=\"color: #339966;\">Warum Lifepo4 Battery als Energiequelle f\u00fcr AGV w\u00e4hlen?<\/span><\/h2>\n<ol>\n<li>Die positive Elektrode des <a href=\"https:\/\/www.delongtop.com\/de\/what-is-a-lifepo4-battery\/\" target=\"_blank\" rel=\"noopener\">Lithium-Eisenphosphat-Akku<\/a> ist Lithium-Eisen-Phosphat, das eine hohe Energiedichte hat, mehr Strom speichern kann und lange funktionst\u00fcchtig bleibt.<\/li>\n<li>Lithium-Eisenphosphat hat eine lange Lebensdauer. Die DL-LFP-AGV5140, eine 51,2 V FTS-Batterie, hat eine Lebensdauer von 12 Jahren und kann \u00fcber 6500 Lade- und Entladezyklen erreichen.<\/li>\n<li>Diese AGV-Batterie ist mit einer LCD-Anzeige ausgestattet, die Ihnen hilft, den Betriebszustand der Batterie in Echtzeit zu erkennen.<\/li>\n<li>Lithium-Eisenphosphat-Batterien sind umweltfreundlich und belasten die Umwelt nicht.<\/li>\n<li>Unsere Batterien erf\u00fcllen viele internationale Zertifizierungen, wie CB, CE, IEC, UN38.3 und MSDS.<\/li>\n<\/ol>\n<h2><span style=\"color: #339966;\">AGV-Batterie-Zertifizierung<\/span><\/h2>\n<p><img data-recalc-dims=\"1\" decoding=\"async\" class=\"lazyload size-full wp-image-21345 aligncenter\" src=\"https:\/\/i0.wp.com\/www.delongtop.com\/wp-content\/uploads\/2023\/10\/Lithium-Battery-Certification.jpg?resize=1170%2C488&#038;ssl=1\" data-orig-src=\"https:\/\/www.delongtop.com\/wp-content\/uploads\/2023\/10\/Lithium-Battery-Certification.jpg\" alt=\"Lithium-Batterie-Zertifizierung\" width=\"1170\" height=\"488\" srcset=\"data:image\/svg+xml,%3Csvg%20xmlns%3D%27http%3A%2F%2Fwww.w3.org%2F2000%2Fsvg%27%20width%3D%271920%27%20height%3D%27800%27%20viewBox%3D%270%200%201920%20800%27%3E%3Crect%20width%3D%271920%27%20height%3D%27800%27%20fill-opacity%3D%220%22%2F%3E%3C%2Fsvg%3E\" data-srcset=\"https:\/\/i0.wp.com\/www.delongtop.com\/wp-content\/uploads\/2023\/10\/Lithium-Battery-Certification.jpg?resize=200%2C83&amp;ssl=1 200w, https:\/\/i0.wp.com\/www.delongtop.com\/wp-content\/uploads\/2023\/10\/Lithium-Battery-Certification.jpg?resize=300%2C125&amp;ssl=1 300w, https:\/\/i0.wp.com\/www.delongtop.com\/wp-content\/uploads\/2023\/10\/Lithium-Battery-Certification.jpg?resize=400%2C167&amp;ssl=1 400w, https:\/\/i0.wp.com\/www.delongtop.com\/wp-content\/uploads\/2023\/10\/Lithium-Battery-Certification.jpg?resize=500%2C208&amp;ssl=1 500w, https:\/\/i0.wp.com\/www.delongtop.com\/wp-content\/uploads\/2023\/10\/Lithium-Battery-Certification.jpg?resize=600%2C250&amp;ssl=1 600w, https:\/\/i0.wp.com\/www.delongtop.com\/wp-content\/uploads\/2023\/10\/Lithium-Battery-Certification.jpg?resize=700%2C292&amp;ssl=1 700w, https:\/\/i0.wp.com\/www.delongtop.com\/wp-content\/uploads\/2023\/10\/Lithium-Battery-Certification.jpg?resize=768%2C320&amp;ssl=1 768w, https:\/\/i0.wp.com\/www.delongtop.com\/wp-content\/uploads\/2023\/10\/Lithium-Battery-Certification.jpg?resize=800%2C333&amp;ssl=1 800w, https:\/\/i0.wp.com\/www.delongtop.com\/wp-content\/uploads\/2023\/10\/Lithium-Battery-Certification.jpg?resize=1024%2C427&amp;ssl=1 1024w, https:\/\/i0.wp.com\/www.delongtop.com\/wp-content\/uploads\/2023\/10\/Lithium-Battery-Certification.jpg?resize=1200%2C500&amp;ssl=1 1200w, https:\/\/i0.wp.com\/www.delongtop.com\/wp-content\/uploads\/2023\/10\/Lithium-Battery-Certification.jpg?resize=1536%2C640&amp;ssl=1 1536w, https:\/\/i0.wp.com\/www.delongtop.com\/wp-content\/uploads\/2023\/10\/Lithium-Battery-Certification.jpg?w=1920&amp;ssl=1 1920w\" data-sizes=\"auto\" data-orig-sizes=\"(max-width: 1170px) 100vw, 1170px\" \/><\/p>\n<h2><span style=\"color: #339966;\"><strong><b>Warum Delong Energy vertrauen<\/b><\/strong><\/span><\/h2>\n<p><a href=\"https:\/\/www.delongtop.com\/de\/about\/\" target=\"_blank\" rel=\"noopener\">Delong<\/a> ist eine chinesische Fabrik, die sich der Erforschung, Entwicklung und Herstellung von Lithiumbatterien widmet. Unsere Fabrik erstreckt sich \u00fcber eine Fl\u00e4che von 6000 Quadratmetern, und wir kontrollieren die Qualit\u00e4t jeder Batterie streng.<\/p>\n<p>Wir haben ein erfahrenes Team von Ingenieuren, die ma\u00dfgeschneiderte Batteriel\u00f6sungen anbieten. Ob AGVs, Gabelstapler, <a href=\"https:\/\/www.delongtop.com\/de\/product-category\/power-battery\/lithium-golf-cart-battery\/\" target=\"_blank\" rel=\"noopener\">Golfwagen<\/a>Ob Lithiumbatterien f\u00fcr die Schifffahrt oder Energiespeicher f\u00fcr Privathaushalte - wir verf\u00fcgen \u00fcber einschl\u00e4gige Erfahrungen und erfolgreiche F\u00e4lle.<\/p>\n<p>Bitte nehmen Sie Kontakt mit uns auf, um Ihre Projektanforderungen zu besprechen, und wir werden Ihnen umgehend antworten!<\/p>\n<p><img data-recalc-dims=\"1\" decoding=\"async\" class=\"lazyload size-full wp-image-22036 aligncenter\" src=\"https:\/\/i0.wp.com\/www.delongtop.com\/wp-content\/uploads\/2023\/11\/Delong-Energy-Factory-05.jpg?resize=1000%2C667&#038;ssl=1\" data-orig-src=\"https:\/\/www.delongtop.com\/wp-content\/uploads\/2023\/11\/Delong-Energy-Factory-05.jpg\" alt=\"\" width=\"1000\" height=\"667\" srcset=\"data:image\/svg+xml,%3Csvg%20xmlns%3D%27http%3A%2F%2Fwww.w3.org%2F2000%2Fsvg%27%20width%3D%271000%27%20height%3D%27667%27%20viewBox%3D%270%200%201000%20667%27%3E%3Crect%20width%3D%271000%27%20height%3D%27667%27%20fill-opacity%3D%220%22%2F%3E%3C%2Fsvg%3E\" data-srcset=\"https:\/\/i0.wp.com\/www.delongtop.com\/wp-content\/uploads\/2023\/11\/Delong-Energy-Factory-05.jpg?resize=200%2C133&amp;ssl=1 200w, https:\/\/i0.wp.com\/www.delongtop.com\/wp-content\/uploads\/2023\/11\/Delong-Energy-Factory-05.jpg?resize=300%2C200&amp;ssl=1 300w, https:\/\/i0.wp.com\/www.delongtop.com\/wp-content\/uploads\/2023\/11\/Delong-Energy-Factory-05.jpg?resize=400%2C267&amp;ssl=1 400w, https:\/\/i0.wp.com\/www.delongtop.com\/wp-content\/uploads\/2023\/11\/Delong-Energy-Factory-05.jpg?resize=500%2C334&amp;ssl=1 500w, https:\/\/i0.wp.com\/www.delongtop.com\/wp-content\/uploads\/2023\/11\/Delong-Energy-Factory-05.jpg?resize=600%2C400&amp;ssl=1 600w, https:\/\/i0.wp.com\/www.delongtop.com\/wp-content\/uploads\/2023\/11\/Delong-Energy-Factory-05.jpg?resize=700%2C467&amp;ssl=1 700w, https:\/\/i0.wp.com\/www.delongtop.com\/wp-content\/uploads\/2023\/11\/Delong-Energy-Factory-05.jpg?resize=768%2C512&amp;ssl=1 768w, https:\/\/i0.wp.com\/www.delongtop.com\/wp-content\/uploads\/2023\/11\/Delong-Energy-Factory-05.jpg?resize=800%2C534&amp;ssl=1 800w, https:\/\/i0.wp.com\/www.delongtop.com\/wp-content\/uploads\/2023\/11\/Delong-Energy-Factory-05.jpg?w=1000&amp;ssl=1 1000w\" data-sizes=\"auto\" data-orig-sizes=\"(max-width: 1000px) 100vw, 1000px\" \/><\/p>","protected":false},"excerpt":{"rendered":"<ol>\n<li>Nennspannung: 51.2v<\/li>\n<li>Nennkapazit\u00e4t: 40ah<\/li>\n<li>Batterie Energie: 2048wh<\/li>\n<\/ol>","protected":false},"featured_media":22612,"comment_status":"open","ping_status":"closed","template":"","meta":[],"product_brand":[],"product_cat":[260,102],"product_tag":[],"class_list":{"0":"post-22557","1":"product","2":"type-product","3":"status-publish","4":"has-post-thumbnail","6":"product_cat-agv-lithium-battery","7":"product_cat-power-battery","9":"first","10":"instock","11":"shipping-taxable","12":"product-type-simple"},"yoast_head":"<!-- This site is optimized with the Yoast SEO plugin v25.0 - https:\/\/yoast.com\/wordpress\/plugins\/seo\/ -->\n<title>Delong 51.2V\/48V 40Ah AGV LiFePO4 Battery DL-LFP-AGV5140 - Delong Energy<\/title>\n<meta name=\"description\" content=\"12.8V 200Ah Battery; RV Battery; Caravan battery; 2560Wh Battery; Outdoor Camping Backup Battery; Alternative Lead Acid \/ Gel \/ Agm Batteries\" \/>\n<meta name=\"robots\" content=\"index, follow, max-snippet:-1, max-image-preview:large, max-video-preview:-1\" \/>\n<link rel=\"canonical\" href=\"https:\/\/www.delongtop.com\/de\/product\/51-2v-48v-40ah-agv-lifepo4-battery-dl-lfp-agv5140\/\" \/>\n<meta property=\"og:locale\" content=\"de_DE\" \/>\n<meta property=\"og:type\" content=\"article\" \/>\n<meta property=\"og:title\" content=\"Delong 51.2V\/48V 40Ah AGV LiFePO4 Battery DL-LFP-AGV5140 - Delong Energy\" \/>\n<meta property=\"og:description\" content=\"12.8V 200Ah Battery; RV Battery; Caravan battery; 2560Wh Battery; Outdoor Camping Backup Battery; Alternative Lead Acid \/ Gel \/ Agm Batteries\" \/>\n<meta property=\"og:url\" content=\"https:\/\/www.delongtop.com\/de\/product\/51-2v-48v-40ah-agv-lifepo4-battery-dl-lfp-agv5140\/\" \/>\n<meta property=\"og:site_name\" content=\"Delong Energy\" \/>\n<meta property=\"article:modified_time\" content=\"2024-09-05T15:44:28+00:00\" \/>\n<meta property=\"og:image\" content=\"https:\/\/i0.wp.com\/www.delongtop.com\/wp-content\/uploads\/2023\/11\/51.2V-40Ah-Lifepo4-Battery-For-AGV.jpg?fit=1000%2C1000&ssl=1\" \/>\n\t<meta property=\"og:image:width\" content=\"1000\" \/>\n\t<meta property=\"og:image:height\" content=\"1000\" \/>\n\t<meta property=\"og:image:type\" content=\"image\/jpeg\" \/>\n<meta name=\"twitter:card\" content=\"summary_large_image\" \/>\n<meta name=\"twitter:label1\" content=\"Gesch\u00e4tzte Lesezeit\" \/>\n\t<meta name=\"twitter:data1\" content=\"2\u00a0Minuten\" \/>\n<script type=\"application\/ld+json\" class=\"yoast-schema-graph\">{\"@context\":\"https:\/\/schema.org\",\"@graph\":[{\"@type\":\"WebPage\",\"@id\":\"https:\/\/www.delongtop.com\/product\/51-2v-48v-40ah-agv-lifepo4-battery-dl-lfp-agv5140\/\",\"url\":\"https:\/\/www.delongtop.com\/product\/51-2v-48v-40ah-agv-lifepo4-battery-dl-lfp-agv5140\/\",\"name\":\"Delong 51.2V\/48V 40Ah AGV LiFePO4 Battery DL-LFP-AGV5140 - Delong Energy\",\"isPartOf\":{\"@id\":\"https:\/\/www.delongtop.com\/#website\"},\"primaryImageOfPage\":{\"@id\":\"https:\/\/www.delongtop.com\/product\/51-2v-48v-40ah-agv-lifepo4-battery-dl-lfp-agv5140\/#primaryimage\"},\"image\":{\"@id\":\"https:\/\/www.delongtop.com\/product\/51-2v-48v-40ah-agv-lifepo4-battery-dl-lfp-agv5140\/#primaryimage\"},\"thumbnailUrl\":\"https:\/\/i0.wp.com\/www.delongtop.com\/wp-content\/uploads\/2023\/11\/51.2V-40Ah-Lifepo4-Battery-For-AGV.jpg?fit=1000%2C1000&ssl=1\",\"datePublished\":\"2023-11-23T15:20:18+00:00\",\"dateModified\":\"2024-09-05T15:44:28+00:00\",\"description\":\"12.8V 200Ah Battery; RV Battery; Caravan battery; 2560Wh Battery; Outdoor Camping Backup Battery; Alternative Lead Acid \/ Gel \/ Agm Batteries\",\"breadcrumb\":{\"@id\":\"https:\/\/www.delongtop.com\/product\/51-2v-48v-40ah-agv-lifepo4-battery-dl-lfp-agv5140\/#breadcrumb\"},\"inLanguage\":\"de\",\"potentialAction\":[{\"@type\":\"ReadAction\",\"target\":[\"https:\/\/www.delongtop.com\/product\/51-2v-48v-40ah-agv-lifepo4-battery-dl-lfp-agv5140\/\"]}]},{\"@type\":\"ImageObject\",\"inLanguage\":\"de\",\"@id\":\"https:\/\/www.delongtop.com\/product\/51-2v-48v-40ah-agv-lifepo4-battery-dl-lfp-agv5140\/#primaryimage\",\"url\":\"https:\/\/i0.wp.com\/www.delongtop.com\/wp-content\/uploads\/2023\/11\/51.2V-40Ah-Lifepo4-Battery-For-AGV.jpg?fit=1000%2C1000&ssl=1\",\"contentUrl\":\"https:\/\/i0.wp.com\/www.delongtop.com\/wp-content\/uploads\/2023\/11\/51.2V-40Ah-Lifepo4-Battery-For-AGV.jpg?fit=1000%2C1000&ssl=1\",\"width\":1000,\"height\":1000,\"caption\":\"51.2V 40Ah Lifepo4 Battery For AGV\"},{\"@type\":\"BreadcrumbList\",\"@id\":\"https:\/\/www.delongtop.com\/product\/51-2v-48v-40ah-agv-lifepo4-battery-dl-lfp-agv5140\/#breadcrumb\",\"itemListElement\":[{\"@type\":\"ListItem\",\"position\":1,\"name\":\"Home\",\"item\":\"https:\/\/www.delongtop.com\/\"},{\"@type\":\"ListItem\",\"position\":2,\"name\":\"Modern Products\",\"item\":\"https:\/\/www.delongtop.com\/products\/\"},{\"@type\":\"ListItem\",\"position\":3,\"name\":\"Delong 51.2V\/48V 40Ah AGV LiFePO4 Battery DL-LFP-AGV5140\"}]},{\"@type\":\"WebSite\",\"@id\":\"https:\/\/www.delongtop.com\/#website\",\"url\":\"https:\/\/www.delongtop.com\/\",\"name\":\"Delong Energy\",\"description\":\"Lithium Ion Battery Manufacturer &amp; Factory In China\",\"potentialAction\":[{\"@type\":\"SearchAction\",\"target\":{\"@type\":\"EntryPoint\",\"urlTemplate\":\"https:\/\/www.delongtop.com\/?s={search_term_string}\"},\"query-input\":{\"@type\":\"PropertyValueSpecification\",\"valueRequired\":true,\"valueName\":\"search_term_string\"}}],\"inLanguage\":\"de\"}]}<\/script>\n<!-- \/ Yoast SEO plugin. -->","yoast_head_json":{"title":"Delong 51.2V\/48V 40Ah AGV LiFePO4 Battery DL-LFP-AGV5140 - Delong Energy","description":"12.8V 200Ah Battery; RV Battery; Caravan battery; 2560Wh Battery; Outdoor Camping Backup Battery; Alternative Lead Acid \/ Gel \/ Agm Batteries","robots":{"index":"index","follow":"follow","max-snippet":"max-snippet:-1","max-image-preview":"max-image-preview:large","max-video-preview":"max-video-preview:-1"},"canonical":"https:\/\/www.delongtop.com\/de\/product\/51-2v-48v-40ah-agv-lifepo4-battery-dl-lfp-agv5140\/","og_locale":"de_DE","og_type":"article","og_title":"Delong 51.2V\/48V 40Ah AGV LiFePO4 Battery DL-LFP-AGV5140 - Delong Energy","og_description":"12.8V 200Ah Battery; RV Battery; Caravan battery; 2560Wh Battery; Outdoor Camping Backup Battery; Alternative Lead Acid \/ Gel \/ Agm Batteries","og_url":"https:\/\/www.delongtop.com\/de\/product\/51-2v-48v-40ah-agv-lifepo4-battery-dl-lfp-agv5140\/","og_site_name":"Delong Energy","article_modified_time":"2024-09-05T15:44:28+00:00","og_image":[{"width":1000,"height":1000,"url":"https:\/\/i0.wp.com\/www.delongtop.com\/wp-content\/uploads\/2023\/11\/51.2V-40Ah-Lifepo4-Battery-For-AGV.jpg?fit=1000%2C1000&ssl=1","type":"image\/jpeg"}],"twitter_card":"summary_large_image","twitter_misc":{"Gesch\u00e4tzte Lesezeit":"2\u00a0Minuten"},"schema":{"@context":"https:\/\/schema.org","@graph":[{"@type":"WebPage","@id":"https:\/\/www.delongtop.com\/product\/51-2v-48v-40ah-agv-lifepo4-battery-dl-lfp-agv5140\/","url":"https:\/\/www.delongtop.com\/product\/51-2v-48v-40ah-agv-lifepo4-battery-dl-lfp-agv5140\/","name":"Delong 51.2V\/48V 40Ah AGV LiFePO4 Battery DL-LFP-AGV5140 - Delong Energy","isPartOf":{"@id":"https:\/\/www.delongtop.com\/#website"},"primaryImageOfPage":{"@id":"https:\/\/www.delongtop.com\/product\/51-2v-48v-40ah-agv-lifepo4-battery-dl-lfp-agv5140\/#primaryimage"},"image":{"@id":"https:\/\/www.delongtop.com\/product\/51-2v-48v-40ah-agv-lifepo4-battery-dl-lfp-agv5140\/#primaryimage"},"thumbnailUrl":"https:\/\/i0.wp.com\/www.delongtop.com\/wp-content\/uploads\/2023\/11\/51.2V-40Ah-Lifepo4-Battery-For-AGV.jpg?fit=1000%2C1000&ssl=1","datePublished":"2023-11-23T15:20:18+00:00","dateModified":"2024-09-05T15:44:28+00:00","description":"12.8V 200Ah Battery; RV Battery; Caravan battery; 2560Wh Battery; Outdoor Camping Backup Battery; Alternative Lead Acid \/ Gel \/ Agm Batteries","breadcrumb":{"@id":"https:\/\/www.delongtop.com\/product\/51-2v-48v-40ah-agv-lifepo4-battery-dl-lfp-agv5140\/#breadcrumb"},"inLanguage":"de","potentialAction":[{"@type":"ReadAction","target":["https:\/\/www.delongtop.com\/product\/51-2v-48v-40ah-agv-lifepo4-battery-dl-lfp-agv5140\/"]}]},{"@type":"ImageObject","inLanguage":"de","@id":"https:\/\/www.delongtop.com\/product\/51-2v-48v-40ah-agv-lifepo4-battery-dl-lfp-agv5140\/#primaryimage","url":"https:\/\/i0.wp.com\/www.delongtop.com\/wp-content\/uploads\/2023\/11\/51.2V-40Ah-Lifepo4-Battery-For-AGV.jpg?fit=1000%2C1000&ssl=1","contentUrl":"https:\/\/i0.wp.com\/www.delongtop.com\/wp-content\/uploads\/2023\/11\/51.2V-40Ah-Lifepo4-Battery-For-AGV.jpg?fit=1000%2C1000&ssl=1","width":1000,"height":1000,"caption":"51.2V 40Ah Lifepo4 Battery For AGV"},{"@type":"BreadcrumbList","@id":"https:\/\/www.delongtop.com\/product\/51-2v-48v-40ah-agv-lifepo4-battery-dl-lfp-agv5140\/#breadcrumb","itemListElement":[{"@type":"ListItem","position":1,"name":"Home","item":"https:\/\/www.delongtop.com\/"},{"@type":"ListItem","position":2,"name":"Modern Products","item":"https:\/\/www.delongtop.com\/products\/"},{"@type":"ListItem","position":3,"name":"Delong 51.2V\/48V 40Ah AGV LiFePO4 Battery DL-LFP-AGV5140"}]},{"@type":"WebSite","@id":"https:\/\/www.delongtop.com\/#website","url":"https:\/\/www.delongtop.com\/","name":"Delong Energy","description":"Lithium Ion Battery Manufacturer &amp; Factory In China","potentialAction":[{"@type":"SearchAction","target":{"@type":"EntryPoint","urlTemplate":"https:\/\/www.delongtop.com\/?s={search_term_string}"},"query-input":{"@type":"PropertyValueSpecification","valueRequired":true,"valueName":"search_term_string"}}],"inLanguage":"de"}]}},"jetpack_sharing_enabled":true,"_links":{"self":[{"href":"https:\/\/www.delongtop.com\/de\/wp-json\/wp\/v2\/product\/22557","targetHints":{"allow":["GET"]}}],"collection":[{"href":"https:\/\/www.delongtop.com\/de\/wp-json\/wp\/v2\/product"}],"about":[{"href":"https:\/\/www.delongtop.com\/de\/wp-json\/wp\/v2\/types\/product"}],"replies":[{"embeddable":true,"href":"https:\/\/www.delongtop.com\/de\/wp-json\/wp\/v2\/comments?post=22557"}],"wp:featuredmedia":[{"embeddable":true,"href":"https:\/\/www.delongtop.com\/de\/wp-json\/wp\/v2\/media\/22612"}],"wp:attachment":[{"href":"https:\/\/www.delongtop.com\/de\/wp-json\/wp\/v2\/media?parent=22557"}],"wp:term":[{"taxonomy":"product_brand","embeddable":true,"href":"https:\/\/www.delongtop.com\/de\/wp-json\/wp\/v2\/product_brand?post=22557"},{"taxonomy":"product_cat","embeddable":true,"href":"https:\/\/www.delongtop.com\/de\/wp-json\/wp\/v2\/product_cat?post=22557"},{"taxonomy":"product_tag","embeddable":true,"href":"https:\/\/www.delongtop.com\/de\/wp-json\/wp\/v2\/product_tag?post=22557"}],"curies":[{"name":"wp","href":"https:\/\/api.w.org\/{rel}","templated":true}]}}