{"id":23223,"date":"2024-03-05T07:36:52","date_gmt":"2024-03-05T07:36:52","guid":{"rendered":"https:\/\/www.delongtop.com\/?post_type=product&#038;p=23223"},"modified":"2024-11-22T08:59:27","modified_gmt":"2024-11-22T08:59:27","slug":"3v-10ah-32140-rechargeable-cylindrical-sodium-ion-battery-cells","status":"publish","type":"product","link":"https:\/\/www.delongtop.com\/de\/product\/3v-10ah-32140-rechargeable-cylindrical-sodium-ion-battery-cells\/","title":{"rendered":"3V 10Ah 32140 Wiederaufladbare zylindrische Natrium-Ionen-Akkuzellen"},"content":{"rendered":"<h2><strong>3V 10Ah 32140 Wiederaufladbare zylindrische Natrium-Ionen-Akkuzellen<\/strong><\/h2>\n<div id=\"attachment_23277\" style=\"width: 1010px\" class=\"wp-caption aligncenter\"><img data-recalc-dims=\"1\" decoding=\"async\" aria-describedby=\"caption-attachment-23277\" class=\"lazyload wp-image-23277\" src=\"https:\/\/i0.wp.com\/www.delongtop.com\/wp-content\/uploads\/2024\/03\/32140-Sodium-Battery-Dimension.png?resize=1000%2C541&#038;ssl=1\" data-orig-src=\"https:\/\/www.delongtop.com\/wp-content\/uploads\/2024\/03\/32140-Sodium-Battery-Dimension.png\" alt=\"32140 Natriumbatterie Abmessungen\" width=\"1000\" height=\"541\" srcset=\"data:image\/svg+xml,%3Csvg%20xmlns%3D%27http%3A%2F%2Fwww.w3.org%2F2000%2Fsvg%27%20width%3D%271000%27%20height%3D%27541%27%20viewBox%3D%270%200%201000%20541%27%3E%3Crect%20width%3D%271000%27%20height%3D%27541%27%20fill-opacity%3D%220%22%2F%3E%3C%2Fsvg%3E\" data-srcset=\"https:\/\/i0.wp.com\/www.delongtop.com\/wp-content\/uploads\/2024\/03\/32140-Sodium-Battery-Dimension.png?resize=200%2C108&amp;ssl=1 200w, https:\/\/i0.wp.com\/www.delongtop.com\/wp-content\/uploads\/2024\/03\/32140-Sodium-Battery-Dimension.png?resize=300%2C162&amp;ssl=1 300w, https:\/\/i0.wp.com\/www.delongtop.com\/wp-content\/uploads\/2024\/03\/32140-Sodium-Battery-Dimension.png?resize=400%2C217&amp;ssl=1 400w, https:\/\/i0.wp.com\/www.delongtop.com\/wp-content\/uploads\/2024\/03\/32140-Sodium-Battery-Dimension.png?resize=500%2C271&amp;ssl=1 500w, https:\/\/i0.wp.com\/www.delongtop.com\/wp-content\/uploads\/2024\/03\/32140-Sodium-Battery-Dimension.png?resize=600%2C325&amp;ssl=1 600w, https:\/\/i0.wp.com\/www.delongtop.com\/wp-content\/uploads\/2024\/03\/32140-Sodium-Battery-Dimension.png?resize=700%2C379&amp;ssl=1 700w, https:\/\/i0.wp.com\/www.delongtop.com\/wp-content\/uploads\/2024\/03\/32140-Sodium-Battery-Dimension.png?resize=768%2C416&amp;ssl=1 768w, https:\/\/i0.wp.com\/www.delongtop.com\/wp-content\/uploads\/2024\/03\/32140-Sodium-Battery-Dimension.png?resize=800%2C433&amp;ssl=1 800w, https:\/\/i0.wp.com\/www.delongtop.com\/wp-content\/uploads\/2024\/03\/32140-Sodium-Battery-Dimension.png?w=1016&amp;ssl=1 1016w\" data-sizes=\"auto\" data-orig-sizes=\"(max-width: 1000px) 100vw, 1000px\" \/><p id=\"caption-attachment-23277\" class=\"wp-caption-text\">32140 Natriumbatterie Abmessungen<\/p><\/div>\n<h3><span style=\"color: #339966;\"><strong>Merkmale der Natriumbatterie 32140:<\/strong><\/span><\/h3>\n<p>- Energiedichte bis zu 270wh\/L<br \/>\n- Hohe Entladungsrate von 10C<br \/>\n- Die Leistung liegt immer noch \u00fcber 85% bei -20\u2103.<br \/>\n- Maximaler Entladestrom 100A<br \/>\n- 2000 Lade- und Entladezyklen<br \/>\n- Breiter Betriebstemperaturbereich -40\u2103~60\u2103<\/p>\n<h3><span style=\"color: #339966;\"><strong>Warum Natrium? Natriumbatterie VS. Lithium-Batterie<\/strong><\/span><\/h3>\n<p><strong>Gute Sicherheitsleistung<\/strong><br \/>\nNatriumbatterien fangen kein Feuer und explodieren nicht, wenn sie \u00fcberladen, \u00fcberm\u00e4\u00dfig entladen, kurzgeschlossen, fallen gelassen, gequetscht, durchstochen, von schweren Gegenst\u00e4nden getroffen oder erhitzt werden.<\/p>\n<p><strong>Gute Leistung bei niedrigen Temperaturen<\/strong><br \/>\nNatriumbatterien k\u00f6nnen bei -40\u00b0C entladen und bei -20\u00b0C geladen werden. Sie k\u00f6nnen Lithium-Eisenphosphat-Batterien in kalten Gebieten ersetzen.<\/p>\n<p><strong>Hervorragende Ratenleistung<\/strong><br \/>\nDie Ladeleistung ist besser als die von Lithium-Eisenphosphat-Batterien und kann in 15 Minuten auf 90% aufgeladen werden.<\/p>\n<p><strong>\u00dcberentladung ist umkehrbar<\/strong><br \/>\nNatriumbatterien erlauben eine Tiefentladung, ohne die Lebensdauer und Sicherheit zu beeintr\u00e4chtigen.<\/p>\n<p><strong>Lineare Ladungs- und Entladungskurve<\/strong><br \/>\nEine genauere SOC-Sch\u00e4tzung verringert Ihre Sorge um die Batterieleistung oder die Batterielebensdauer<\/p>\n<p><strong>Niedrigere Kosten:<\/strong><br \/>\nDank der reichlich vorhandenen Natriumressourcen und der hervorragenden Leistung k\u00f6nnen Natriumbatterien eine stabile Versorgung gew\u00e4hrleisten und die Kosten weiter senken. Im Vergleich zu Lithium-Eisen-Phosphat-Batterien haben sie niedrigere Kosten.<\/p>\n<h3><span style=\"color: #339966;\"><strong>Anwendungsszenarien<\/strong><\/span><\/h3>\n<p>Elektrofahrzeuge mit niedriger Geschwindigkeit, Startbatterien<\/p>\n<p>&nbsp;<\/p>","protected":false},"excerpt":{"rendered":"<ul>\n<li>Nennspannung: 3V<\/li>\n<li>Nennkapazit\u00e4t: 10Ah<\/li>\n<li>Lebensdauer: 2000 Zyklen<\/li>\n<li>Betriebsspannungsbereich: 1,5V-4,0V<\/li>\n<\/ul>","protected":false},"featured_media":25925,"comment_status":"open","ping_status":"closed","template":"","meta":[],"product_brand":[],"product_cat":[270],"product_tag":[],"class_list":{"0":"post-23223","1":"product","2":"type-product","3":"status-publish","4":"has-post-thumbnail","6":"product_cat-sodium-ion-battery","8":"first","9":"instock","10":"shipping-taxable","11":"product-type-simple"},"yoast_head":"<!-- This site is optimized with the Yoast SEO plugin v25.0 - https:\/\/yoast.com\/wordpress\/plugins\/seo\/ -->\n<title>3V 10Ah 32140 Rechargeable Cylindrical Sodium Ion Battery Cells - Delong Energy<\/title>\n<meta name=\"description\" content=\"The 32140 cylindrical sodium-ion battery cell has high safety performance, 2,000 times cycle life, wide working temperature range, suited for low-speed electric vehicles.\" \/>\n<meta name=\"robots\" content=\"index, follow, max-snippet:-1, max-image-preview:large, max-video-preview:-1\" \/>\n<link rel=\"canonical\" href=\"https:\/\/www.delongtop.com\/de\/product\/3v-10ah-32140-rechargeable-cylindrical-sodium-ion-battery-cells\/\" \/>\n<meta property=\"og:locale\" content=\"de_DE\" \/>\n<meta property=\"og:type\" content=\"article\" \/>\n<meta property=\"og:title\" content=\"3V 10Ah 32140 Rechargeable Cylindrical Sodium Ion Battery Cells - Delong Energy\" \/>\n<meta property=\"og:description\" content=\"The 32140 cylindrical sodium-ion battery cell has high safety performance, 2,000 times cycle life, wide working temperature range, suited for low-speed electric vehicles.\" \/>\n<meta property=\"og:url\" content=\"https:\/\/www.delongtop.com\/de\/product\/3v-10ah-32140-rechargeable-cylindrical-sodium-ion-battery-cells\/\" \/>\n<meta property=\"og:site_name\" content=\"Delong Energy\" \/>\n<meta property=\"article:modified_time\" content=\"2024-11-22T08:59:27+00:00\" \/>\n<meta property=\"og:image\" content=\"https:\/\/i0.wp.com\/www.delongtop.com\/wp-content\/uploads\/2024\/03\/3V-10Ah-32140-Cylindrical-Sodium-Ion-Battery-01.jpg?fit=1200%2C1200&ssl=1\" \/>\n\t<meta property=\"og:image:width\" content=\"1200\" \/>\n\t<meta property=\"og:image:height\" content=\"1200\" \/>\n\t<meta property=\"og:image:type\" content=\"image\/jpeg\" \/>\n<meta name=\"twitter:card\" content=\"summary_large_image\" \/>\n<meta name=\"twitter:label1\" content=\"Gesch\u00e4tzte Lesezeit\" \/>\n\t<meta name=\"twitter:data1\" content=\"2\u00a0Minuten\" \/>\n<script type=\"application\/ld+json\" class=\"yoast-schema-graph\">{\"@context\":\"https:\/\/schema.org\",\"@graph\":[{\"@type\":\"WebPage\",\"@id\":\"https:\/\/www.delongtop.com\/product\/3v-10ah-32140-rechargeable-cylindrical-sodium-ion-battery-cells\/\",\"url\":\"https:\/\/www.delongtop.com\/product\/3v-10ah-32140-rechargeable-cylindrical-sodium-ion-battery-cells\/\",\"name\":\"3V 10Ah 32140 Rechargeable Cylindrical Sodium Ion Battery Cells - Delong Energy\",\"isPartOf\":{\"@id\":\"https:\/\/www.delongtop.com\/#website\"},\"primaryImageOfPage\":{\"@id\":\"https:\/\/www.delongtop.com\/product\/3v-10ah-32140-rechargeable-cylindrical-sodium-ion-battery-cells\/#primaryimage\"},\"image\":{\"@id\":\"https:\/\/www.delongtop.com\/product\/3v-10ah-32140-rechargeable-cylindrical-sodium-ion-battery-cells\/#primaryimage\"},\"thumbnailUrl\":\"https:\/\/i0.wp.com\/www.delongtop.com\/wp-content\/uploads\/2024\/03\/3V-10Ah-32140-Cylindrical-Sodium-Ion-Battery-01.jpg?fit=1200%2C1200&ssl=1\",\"datePublished\":\"2024-03-05T07:36:52+00:00\",\"dateModified\":\"2024-11-22T08:59:27+00:00\",\"description\":\"The 32140 cylindrical sodium-ion battery cell has high safety performance, 2,000 times cycle life, wide working temperature range, suited for low-speed electric vehicles.\",\"breadcrumb\":{\"@id\":\"https:\/\/www.delongtop.com\/product\/3v-10ah-32140-rechargeable-cylindrical-sodium-ion-battery-cells\/#breadcrumb\"},\"inLanguage\":\"de\",\"potentialAction\":[{\"@type\":\"ReadAction\",\"target\":[\"https:\/\/www.delongtop.com\/product\/3v-10ah-32140-rechargeable-cylindrical-sodium-ion-battery-cells\/\"]}]},{\"@type\":\"ImageObject\",\"inLanguage\":\"de\",\"@id\":\"https:\/\/www.delongtop.com\/product\/3v-10ah-32140-rechargeable-cylindrical-sodium-ion-battery-cells\/#primaryimage\",\"url\":\"https:\/\/i0.wp.com\/www.delongtop.com\/wp-content\/uploads\/2024\/03\/3V-10Ah-32140-Cylindrical-Sodium-Ion-Battery-01.jpg?fit=1200%2C1200&ssl=1\",\"contentUrl\":\"https:\/\/i0.wp.com\/www.delongtop.com\/wp-content\/uploads\/2024\/03\/3V-10Ah-32140-Cylindrical-Sodium-Ion-Battery-01.jpg?fit=1200%2C1200&ssl=1\",\"width\":1200,\"height\":1200,\"caption\":\"3V 10Ah 32140 Cylindrical Sodium Ion Battery\"},{\"@type\":\"BreadcrumbList\",\"@id\":\"https:\/\/www.delongtop.com\/product\/3v-10ah-32140-rechargeable-cylindrical-sodium-ion-battery-cells\/#breadcrumb\",\"itemListElement\":[{\"@type\":\"ListItem\",\"position\":1,\"name\":\"Home\",\"item\":\"https:\/\/www.delongtop.com\/\"},{\"@type\":\"ListItem\",\"position\":2,\"name\":\"Modern Products\",\"item\":\"https:\/\/www.delongtop.com\/products\/\"},{\"@type\":\"ListItem\",\"position\":3,\"name\":\"3V 10Ah 32140 Rechargeable Cylindrical Sodium Ion Battery Cells\"}]},{\"@type\":\"WebSite\",\"@id\":\"https:\/\/www.delongtop.com\/#website\",\"url\":\"https:\/\/www.delongtop.com\/\",\"name\":\"Delong Energy\",\"description\":\"Lithium Ion Battery Manufacturer &amp; Factory In China\",\"potentialAction\":[{\"@type\":\"SearchAction\",\"target\":{\"@type\":\"EntryPoint\",\"urlTemplate\":\"https:\/\/www.delongtop.com\/?s={search_term_string}\"},\"query-input\":{\"@type\":\"PropertyValueSpecification\",\"valueRequired\":true,\"valueName\":\"search_term_string\"}}],\"inLanguage\":\"de\"}]}<\/script>\n<!-- \/ Yoast SEO plugin. -->","yoast_head_json":{"title":"3V 10Ah 32140 Rechargeable Cylindrical Sodium Ion Battery Cells - Delong Energy","description":"The 32140 cylindrical sodium-ion battery cell has high safety performance, 2,000 times cycle life, wide working temperature range, suited for low-speed electric vehicles.","robots":{"index":"index","follow":"follow","max-snippet":"max-snippet:-1","max-image-preview":"max-image-preview:large","max-video-preview":"max-video-preview:-1"},"canonical":"https:\/\/www.delongtop.com\/de\/product\/3v-10ah-32140-rechargeable-cylindrical-sodium-ion-battery-cells\/","og_locale":"de_DE","og_type":"article","og_title":"3V 10Ah 32140 Rechargeable Cylindrical Sodium Ion Battery Cells - Delong Energy","og_description":"The 32140 cylindrical sodium-ion battery cell has high safety performance, 2,000 times cycle life, wide working temperature range, suited for low-speed electric vehicles.","og_url":"https:\/\/www.delongtop.com\/de\/product\/3v-10ah-32140-rechargeable-cylindrical-sodium-ion-battery-cells\/","og_site_name":"Delong Energy","article_modified_time":"2024-11-22T08:59:27+00:00","og_image":[{"width":1200,"height":1200,"url":"https:\/\/i0.wp.com\/www.delongtop.com\/wp-content\/uploads\/2024\/03\/3V-10Ah-32140-Cylindrical-Sodium-Ion-Battery-01.jpg?fit=1200%2C1200&ssl=1","type":"image\/jpeg"}],"twitter_card":"summary_large_image","twitter_misc":{"Gesch\u00e4tzte Lesezeit":"2\u00a0Minuten"},"schema":{"@context":"https:\/\/schema.org","@graph":[{"@type":"WebPage","@id":"https:\/\/www.delongtop.com\/product\/3v-10ah-32140-rechargeable-cylindrical-sodium-ion-battery-cells\/","url":"https:\/\/www.delongtop.com\/product\/3v-10ah-32140-rechargeable-cylindrical-sodium-ion-battery-cells\/","name":"3V 10Ah 32140 Rechargeable Cylindrical Sodium Ion Battery Cells - Delong Energy","isPartOf":{"@id":"https:\/\/www.delongtop.com\/#website"},"primaryImageOfPage":{"@id":"https:\/\/www.delongtop.com\/product\/3v-10ah-32140-rechargeable-cylindrical-sodium-ion-battery-cells\/#primaryimage"},"image":{"@id":"https:\/\/www.delongtop.com\/product\/3v-10ah-32140-rechargeable-cylindrical-sodium-ion-battery-cells\/#primaryimage"},"thumbnailUrl":"https:\/\/i0.wp.com\/www.delongtop.com\/wp-content\/uploads\/2024\/03\/3V-10Ah-32140-Cylindrical-Sodium-Ion-Battery-01.jpg?fit=1200%2C1200&ssl=1","datePublished":"2024-03-05T07:36:52+00:00","dateModified":"2024-11-22T08:59:27+00:00","description":"The 32140 cylindrical sodium-ion battery cell has high safety performance, 2,000 times cycle life, wide working temperature range, suited for low-speed electric vehicles.","breadcrumb":{"@id":"https:\/\/www.delongtop.com\/product\/3v-10ah-32140-rechargeable-cylindrical-sodium-ion-battery-cells\/#breadcrumb"},"inLanguage":"de","potentialAction":[{"@type":"ReadAction","target":["https:\/\/www.delongtop.com\/product\/3v-10ah-32140-rechargeable-cylindrical-sodium-ion-battery-cells\/"]}]},{"@type":"ImageObject","inLanguage":"de","@id":"https:\/\/www.delongtop.com\/product\/3v-10ah-32140-rechargeable-cylindrical-sodium-ion-battery-cells\/#primaryimage","url":"https:\/\/i0.wp.com\/www.delongtop.com\/wp-content\/uploads\/2024\/03\/3V-10Ah-32140-Cylindrical-Sodium-Ion-Battery-01.jpg?fit=1200%2C1200&ssl=1","contentUrl":"https:\/\/i0.wp.com\/www.delongtop.com\/wp-content\/uploads\/2024\/03\/3V-10Ah-32140-Cylindrical-Sodium-Ion-Battery-01.jpg?fit=1200%2C1200&ssl=1","width":1200,"height":1200,"caption":"3V 10Ah 32140 Cylindrical Sodium Ion Battery"},{"@type":"BreadcrumbList","@id":"https:\/\/www.delongtop.com\/product\/3v-10ah-32140-rechargeable-cylindrical-sodium-ion-battery-cells\/#breadcrumb","itemListElement":[{"@type":"ListItem","position":1,"name":"Home","item":"https:\/\/www.delongtop.com\/"},{"@type":"ListItem","position":2,"name":"Modern Products","item":"https:\/\/www.delongtop.com\/products\/"},{"@type":"ListItem","position":3,"name":"3V 10Ah 32140 Rechargeable Cylindrical Sodium Ion Battery Cells"}]},{"@type":"WebSite","@id":"https:\/\/www.delongtop.com\/#website","url":"https:\/\/www.delongtop.com\/","name":"Delong Energy","description":"Lithium Ion Battery Manufacturer &amp; Factory In China","potentialAction":[{"@type":"SearchAction","target":{"@type":"EntryPoint","urlTemplate":"https:\/\/www.delongtop.com\/?s={search_term_string}"},"query-input":{"@type":"PropertyValueSpecification","valueRequired":true,"valueName":"search_term_string"}}],"inLanguage":"de"}]}},"jetpack_sharing_enabled":true,"_links":{"self":[{"href":"https:\/\/www.delongtop.com\/de\/wp-json\/wp\/v2\/product\/23223","targetHints":{"allow":["GET"]}}],"collection":[{"href":"https:\/\/www.delongtop.com\/de\/wp-json\/wp\/v2\/product"}],"about":[{"href":"https:\/\/www.delongtop.com\/de\/wp-json\/wp\/v2\/types\/product"}],"replies":[{"embeddable":true,"href":"https:\/\/www.delongtop.com\/de\/wp-json\/wp\/v2\/comments?post=23223"}],"wp:featuredmedia":[{"embeddable":true,"href":"https:\/\/www.delongtop.com\/de\/wp-json\/wp\/v2\/media\/25925"}],"wp:attachment":[{"href":"https:\/\/www.delongtop.com\/de\/wp-json\/wp\/v2\/media?parent=23223"}],"wp:term":[{"taxonomy":"product_brand","embeddable":true,"href":"https:\/\/www.delongtop.com\/de\/wp-json\/wp\/v2\/product_brand?post=23223"},{"taxonomy":"product_cat","embeddable":true,"href":"https:\/\/www.delongtop.com\/de\/wp-json\/wp\/v2\/product_cat?post=23223"},{"taxonomy":"product_tag","embeddable":true,"href":"https:\/\/www.delongtop.com\/de\/wp-json\/wp\/v2\/product_tag?post=23223"}],"curies":[{"name":"wp","href":"https:\/\/api.w.org\/{rel}","templated":true}]}}