{"id":23278,"date":"2024-03-05T08:44:03","date_gmt":"2024-03-05T08:44:03","guid":{"rendered":"https:\/\/www.delongtop.com\/?post_type=product&#038;p=23278"},"modified":"2026-01-27T06:37:14","modified_gmt":"2026-01-27T06:37:14","slug":"46145-sodium-battery-rechargeable-cylindrical-cells-3v","status":"publish","type":"product","link":"https:\/\/www.delongtop.com\/de\/product\/46145-sodium-battery-rechargeable-cylindrical-cells-3v\/","title":{"rendered":"46145 Natriumbatterie wiederaufladbare zylindrische Zellen 3V 19Ah"},"content":{"rendered":"<h2><strong><span style=\"color: #339966;\">46145 Natriumbatterie wiederaufladbare zylindrische Zellen 3V 19Ah<\/span><\/strong><\/h2>\n<div id=\"attachment_23286\" style=\"width: 1010px\" class=\"wp-caption aligncenter\"><img data-recalc-dims=\"1\" decoding=\"async\" aria-describedby=\"caption-attachment-23286\" class=\"lazyload wp-image-23286 size-full\" title=\"46145 Natriumbatterie Hersteller\" src=\"https:\/\/i0.wp.com\/www.delongtop.com\/wp-content\/uploads\/2024\/03\/Sodium-Battery-02.jpg?resize=1000%2C650&#038;ssl=1\" data-orig-src=\"https:\/\/www.delongtop.com\/wp-content\/uploads\/2024\/03\/Sodium-Battery-02.jpg\" alt=\"Natriumbatterie Hersteller\" width=\"1000\" height=\"650\" srcset=\"data:image\/svg+xml,%3Csvg%20xmlns%3D%27http%3A%2F%2Fwww.w3.org%2F2000%2Fsvg%27%20width%3D%271000%27%20height%3D%27650%27%20viewBox%3D%270%200%201000%20650%27%3E%3Crect%20width%3D%271000%27%20height%3D%27650%27%20fill-opacity%3D%220%22%2F%3E%3C%2Fsvg%3E\" data-srcset=\"https:\/\/i0.wp.com\/www.delongtop.com\/wp-content\/uploads\/2024\/03\/Sodium-Battery-02.jpg?resize=200%2C130&amp;ssl=1 200w, https:\/\/i0.wp.com\/www.delongtop.com\/wp-content\/uploads\/2024\/03\/Sodium-Battery-02.jpg?resize=300%2C195&amp;ssl=1 300w, https:\/\/i0.wp.com\/www.delongtop.com\/wp-content\/uploads\/2024\/03\/Sodium-Battery-02.jpg?resize=400%2C260&amp;ssl=1 400w, https:\/\/i0.wp.com\/www.delongtop.com\/wp-content\/uploads\/2024\/03\/Sodium-Battery-02.jpg?resize=500%2C325&amp;ssl=1 500w, https:\/\/i0.wp.com\/www.delongtop.com\/wp-content\/uploads\/2024\/03\/Sodium-Battery-02.jpg?resize=600%2C390&amp;ssl=1 600w, https:\/\/i0.wp.com\/www.delongtop.com\/wp-content\/uploads\/2024\/03\/Sodium-Battery-02.jpg?resize=700%2C455&amp;ssl=1 700w, https:\/\/i0.wp.com\/www.delongtop.com\/wp-content\/uploads\/2024\/03\/Sodium-Battery-02.jpg?resize=768%2C499&amp;ssl=1 768w, https:\/\/i0.wp.com\/www.delongtop.com\/wp-content\/uploads\/2024\/03\/Sodium-Battery-02.jpg?resize=800%2C520&amp;ssl=1 800w, https:\/\/i0.wp.com\/www.delongtop.com\/wp-content\/uploads\/2024\/03\/Sodium-Battery-02.jpg?w=1000&amp;ssl=1 1000w\" data-sizes=\"auto\" data-orig-sizes=\"(max-width: 1000px) 100vw, 1000px\" \/><p id=\"caption-attachment-23286\" class=\"wp-caption-text\">Natriumbatterie Hersteller<\/p><\/div>\n<h3><span style=\"color: #339966;\"><strong>Merkmale der Natriumbatterie 46145:<\/strong><\/span><\/h3>\n<p>- Hohe Energiedichte von bis zu 270 kWh\/L<br \/>\n- Hohe Entladungsrate<br \/>\n- Die Leistung liegt immer noch \u00fcber 85% bei -20\u2103.<br \/>\n- Maximaler Entladestrom 100A<br \/>\n- 2000 Lade- und Entladezyklen<br \/>\n- Breiter Betriebstemperaturbereich -40\u2103~60\u2103<\/p>\n<h3><span style=\"color: #339966;\"><strong>Warum sollte man sich f\u00fcr die Natriumbatterie 46145 entscheiden? Natrium VS. Lithium\u00a0<\/strong><\/span><\/h3>\n<p><strong><b>Gute Sicherheitsleistung<\/b><\/strong><\/p>\n<p>Natriumbatterien laufen nicht aus, fangen kein Feuer und explodieren auch nicht bei strengen Tests wie \u00dcberladung, \u00dcberentladung, Kurzschluss, Durchstich, Quetschung, starker Sto\u00df und Fallenlassen. Ihre Sicherheitsleistung ist sogar h\u00f6her als die von Lithiumbatterien.<\/p>\n<p><strong><b>Kosteng\u00fcnstig<\/b><\/strong><\/p>\n<p>Natriumvorkommen sind in der Erdkruste nicht nur reichlicher vorhanden als die von Lithium, sondern auch gleichm\u00e4\u00dfig verteilt. Dies kommt der kontinuierlichen Senkung der Rohstoffkosten zugute und gew\u00e4hrleistet eine langfristig stabile Versorgung in der k\u00fcnftigen Entwicklung.<\/p>\n<p><strong><b>Lange Zyklusdauer<\/b><\/strong><\/p>\n<p>Die Zyklenlebensdauer der Natriumbatterie 46145 betr\u00e4gt 2000 Zyklen und ist damit um ein Vielfaches l\u00e4nger als die von Blei-S\u00e4ure-Batterien, und sie kann innerhalb von 2 Jahren eine Lebensdauer erreichen, die mit der von Lithium-Eisenphosphat-Batterien vergleichbar ist.<\/p>\n<p><strong><b>Gute Leistung bei niedrigen Temperaturen<\/b><\/strong><\/p>\n<p>Der Betriebstemperaturbereich des 46145 reicht von -40\u00b0C bis 60\u00b0C, mit einer gr\u00f6\u00dferen Sicherheitsspanne. Sie kann auch bei -20 \u00b0C noch 85% ihrer Leistung f\u00fcr eine kontinuierliche Entladung beibehalten, was sie zu einem Segen f\u00fcr Menschen in kalten Regionen macht.<\/p>\n<p><strong><b>Hohe Leistung<\/b><\/strong><\/p>\n<p>Natriumbatterien haben eine h\u00f6here Leistung als Lithiumbatterien, mit Entladungsraten, die sogar 20C erreichen k\u00f6nnen. Sie k\u00f6nnen in nur 15 Minuten auf 90% ihrer Kapazit\u00e4t aufgeladen werden, was Ihre Wartezeit erheblich verk\u00fcrzt.<\/p>\n<p><strong><b>Erlaubt \u00dcberentladung<\/b><\/strong><\/p>\n<p>Im Gegensatz zu Lithium-Batterien ist bei Natrium-Ionen-Batterien eine Tiefentladung m\u00f6glich, da sie die Lebensdauer und Sicherheit nicht beeintr\u00e4chtigt.<\/p>\n<p><strong><b>Saubere Energie<\/b><\/strong><\/p>\n<p>Natriumbatterien sind eine neue Art von umweltfreundlicher Energiequelle. Bei ihrer Herstellung, ihrem Gebrauch und ihrem Recycling entstehen fast keine sch\u00e4dlichen Abf\u00e4lle.<\/p>\n<h3><strong><span style=\"color: #339966;\">Anwendung der 46145 Natriumbatterie<\/span><\/strong><\/h3>\n<p>In Anbetracht der oben genannten Eigenschaften haben Natrium-Ionen-Batterien das Potenzial, Blei- und Lithiumbatterien f\u00fcr gro\u00df angelegte Anwendungen in Zweir\u00e4dern, Personenkraftwagen und anderen Elektrofahrzeugen mit geringer Geschwindigkeit sowie in der industriellen und gewerblichen Energiespeicherung zu ersetzen.<\/p>\n<h3><strong><span style=\"color: #339966;\">Das wird Sie vielleicht interessieren:<\/span><\/strong><\/h3>\n<p><a href=\"https:\/\/www.delongtop.com\/de\/product\/3v-10ah-32140-rechargeable-cylindrical-sodium-ion-battery-cells\/\" target=\"_blank\" rel=\"noopener\">32140 - 3V 10Ah Zylindrische Natrium-Ionen-Akkuzellen\u00a0<\/a><\/p>","protected":false},"excerpt":{"rendered":"<ul>\n<li>Nennspannung: 3V<\/li>\n<li>Nennkapazit\u00e4t: 19Ah<\/li>\n<li>Lebensdauer: 2000 Zyklen<\/li>\n<li>Betriebsspannungsbereich: 1,5V-4,0V<\/li>\n<\/ul>","protected":false},"featured_media":23285,"comment_status":"open","ping_status":"closed","template":"","meta":[],"product_brand":[],"product_cat":[270],"product_tag":[],"class_list":{"0":"post-23278","1":"product","2":"type-product","3":"status-publish","4":"has-post-thumbnail","6":"product_cat-sodium-ion-battery","8":"first","9":"instock","10":"shipping-taxable","11":"product-type-simple"},"yoast_head":"<!-- This site is optimized with the Yoast SEO plugin v25.0 - https:\/\/yoast.com\/wordpress\/plugins\/seo\/ -->\n<title>46145 Sodium Battery Rechargeable Cylindrical Cells 3V 19Ah - Delong Energy<\/title>\n<meta name=\"description\" content=\"The 46145 cylindrical sodium-ion battery cell has 2,000 times cycle life, a -40\u2103 - 60\u2103 working temperature range, and high safety performance.\" \/>\n<meta name=\"robots\" content=\"index, follow, max-snippet:-1, max-image-preview:large, max-video-preview:-1\" \/>\n<link rel=\"canonical\" href=\"https:\/\/www.delongtop.com\/de\/product\/46145-sodium-battery-rechargeable-cylindrical-cells-3v\/\" \/>\n<meta property=\"og:locale\" content=\"de_DE\" \/>\n<meta property=\"og:type\" content=\"article\" \/>\n<meta property=\"og:title\" content=\"46145 Sodium Battery Rechargeable Cylindrical Cells 3V 19Ah - Delong Energy\" \/>\n<meta property=\"og:description\" content=\"The 46145 cylindrical sodium-ion battery cell has 2,000 times cycle life, a -40\u2103 - 60\u2103 working temperature range, and high safety performance.\" \/>\n<meta property=\"og:url\" content=\"https:\/\/www.delongtop.com\/de\/product\/46145-sodium-battery-rechargeable-cylindrical-cells-3v\/\" \/>\n<meta property=\"og:site_name\" content=\"Delong Energy\" \/>\n<meta property=\"article:modified_time\" content=\"2026-01-27T06:37:14+00:00\" \/>\n<meta property=\"og:image\" content=\"https:\/\/i0.wp.com\/www.delongtop.com\/wp-content\/uploads\/2024\/03\/Sodium-Ion-Battery-Cells-.jpg?fit=1000%2C1000&ssl=1\" \/>\n\t<meta property=\"og:image:width\" content=\"1000\" \/>\n\t<meta property=\"og:image:height\" content=\"1000\" \/>\n\t<meta property=\"og:image:type\" content=\"image\/jpeg\" \/>\n<meta name=\"twitter:card\" content=\"summary_large_image\" \/>\n<meta name=\"twitter:label1\" content=\"Gesch\u00e4tzte Lesezeit\" \/>\n\t<meta name=\"twitter:data1\" content=\"2\u00a0Minuten\" \/>\n<script type=\"application\/ld+json\" class=\"yoast-schema-graph\">{\"@context\":\"https:\/\/schema.org\",\"@graph\":[{\"@type\":\"WebPage\",\"@id\":\"https:\/\/www.delongtop.com\/product\/46145-sodium-battery-rechargeable-cylindrical-cells-3v\/\",\"url\":\"https:\/\/www.delongtop.com\/product\/46145-sodium-battery-rechargeable-cylindrical-cells-3v\/\",\"name\":\"46145 Sodium Battery Rechargeable Cylindrical Cells 3V 19Ah - Delong Energy\",\"isPartOf\":{\"@id\":\"https:\/\/www.delongtop.com\/#website\"},\"primaryImageOfPage\":{\"@id\":\"https:\/\/www.delongtop.com\/product\/46145-sodium-battery-rechargeable-cylindrical-cells-3v\/#primaryimage\"},\"image\":{\"@id\":\"https:\/\/www.delongtop.com\/product\/46145-sodium-battery-rechargeable-cylindrical-cells-3v\/#primaryimage\"},\"thumbnailUrl\":\"https:\/\/i0.wp.com\/www.delongtop.com\/wp-content\/uploads\/2024\/03\/Sodium-Ion-Battery-Cells-.jpg?fit=1000%2C1000&ssl=1\",\"datePublished\":\"2024-03-05T08:44:03+00:00\",\"dateModified\":\"2026-01-27T06:37:14+00:00\",\"description\":\"The 46145 cylindrical sodium-ion battery cell has 2,000 times cycle life, a -40\u2103 - 60\u2103 working temperature range, and high safety performance.\",\"breadcrumb\":{\"@id\":\"https:\/\/www.delongtop.com\/product\/46145-sodium-battery-rechargeable-cylindrical-cells-3v\/#breadcrumb\"},\"inLanguage\":\"de\",\"potentialAction\":[{\"@type\":\"ReadAction\",\"target\":[\"https:\/\/www.delongtop.com\/product\/46145-sodium-battery-rechargeable-cylindrical-cells-3v\/\"]}]},{\"@type\":\"ImageObject\",\"inLanguage\":\"de\",\"@id\":\"https:\/\/www.delongtop.com\/product\/46145-sodium-battery-rechargeable-cylindrical-cells-3v\/#primaryimage\",\"url\":\"https:\/\/i0.wp.com\/www.delongtop.com\/wp-content\/uploads\/2024\/03\/Sodium-Ion-Battery-Cells-.jpg?fit=1000%2C1000&ssl=1\",\"contentUrl\":\"https:\/\/i0.wp.com\/www.delongtop.com\/wp-content\/uploads\/2024\/03\/Sodium-Ion-Battery-Cells-.jpg?fit=1000%2C1000&ssl=1\",\"width\":1000,\"height\":1000,\"caption\":\"Sodium Battery Manufacturer\"},{\"@type\":\"BreadcrumbList\",\"@id\":\"https:\/\/www.delongtop.com\/product\/46145-sodium-battery-rechargeable-cylindrical-cells-3v\/#breadcrumb\",\"itemListElement\":[{\"@type\":\"ListItem\",\"position\":1,\"name\":\"Home\",\"item\":\"https:\/\/www.delongtop.com\/\"},{\"@type\":\"ListItem\",\"position\":2,\"name\":\"Modern Products\",\"item\":\"https:\/\/www.delongtop.com\/products\/\"},{\"@type\":\"ListItem\",\"position\":3,\"name\":\"46145 Sodium Battery Rechargeable Cylindrical Cells 3V 19Ah\"}]},{\"@type\":\"WebSite\",\"@id\":\"https:\/\/www.delongtop.com\/#website\",\"url\":\"https:\/\/www.delongtop.com\/\",\"name\":\"Delong Energy\",\"description\":\"Lithium Ion Battery Manufacturer &amp; Factory In China\",\"potentialAction\":[{\"@type\":\"SearchAction\",\"target\":{\"@type\":\"EntryPoint\",\"urlTemplate\":\"https:\/\/www.delongtop.com\/?s={search_term_string}\"},\"query-input\":{\"@type\":\"PropertyValueSpecification\",\"valueRequired\":true,\"valueName\":\"search_term_string\"}}],\"inLanguage\":\"de\"}]}<\/script>\n<!-- \/ Yoast SEO plugin. -->","yoast_head_json":{"title":"46145 Sodium Battery Rechargeable Cylindrical Cells 3V 19Ah - Delong Energy","description":"The 46145 cylindrical sodium-ion battery cell has 2,000 times cycle life, a -40\u2103 - 60\u2103 working temperature range, and high safety performance.","robots":{"index":"index","follow":"follow","max-snippet":"max-snippet:-1","max-image-preview":"max-image-preview:large","max-video-preview":"max-video-preview:-1"},"canonical":"https:\/\/www.delongtop.com\/de\/product\/46145-sodium-battery-rechargeable-cylindrical-cells-3v\/","og_locale":"de_DE","og_type":"article","og_title":"46145 Sodium Battery Rechargeable Cylindrical Cells 3V 19Ah - Delong Energy","og_description":"The 46145 cylindrical sodium-ion battery cell has 2,000 times cycle life, a -40\u2103 - 60\u2103 working temperature range, and high safety performance.","og_url":"https:\/\/www.delongtop.com\/de\/product\/46145-sodium-battery-rechargeable-cylindrical-cells-3v\/","og_site_name":"Delong Energy","article_modified_time":"2026-01-27T06:37:14+00:00","og_image":[{"width":1000,"height":1000,"url":"https:\/\/i0.wp.com\/www.delongtop.com\/wp-content\/uploads\/2024\/03\/Sodium-Ion-Battery-Cells-.jpg?fit=1000%2C1000&ssl=1","type":"image\/jpeg"}],"twitter_card":"summary_large_image","twitter_misc":{"Gesch\u00e4tzte Lesezeit":"2\u00a0Minuten"},"schema":{"@context":"https:\/\/schema.org","@graph":[{"@type":"WebPage","@id":"https:\/\/www.delongtop.com\/product\/46145-sodium-battery-rechargeable-cylindrical-cells-3v\/","url":"https:\/\/www.delongtop.com\/product\/46145-sodium-battery-rechargeable-cylindrical-cells-3v\/","name":"46145 Sodium Battery Rechargeable Cylindrical Cells 3V 19Ah - Delong Energy","isPartOf":{"@id":"https:\/\/www.delongtop.com\/#website"},"primaryImageOfPage":{"@id":"https:\/\/www.delongtop.com\/product\/46145-sodium-battery-rechargeable-cylindrical-cells-3v\/#primaryimage"},"image":{"@id":"https:\/\/www.delongtop.com\/product\/46145-sodium-battery-rechargeable-cylindrical-cells-3v\/#primaryimage"},"thumbnailUrl":"https:\/\/i0.wp.com\/www.delongtop.com\/wp-content\/uploads\/2024\/03\/Sodium-Ion-Battery-Cells-.jpg?fit=1000%2C1000&ssl=1","datePublished":"2024-03-05T08:44:03+00:00","dateModified":"2026-01-27T06:37:14+00:00","description":"The 46145 cylindrical sodium-ion battery cell has 2,000 times cycle life, a -40\u2103 - 60\u2103 working temperature range, and high safety performance.","breadcrumb":{"@id":"https:\/\/www.delongtop.com\/product\/46145-sodium-battery-rechargeable-cylindrical-cells-3v\/#breadcrumb"},"inLanguage":"de","potentialAction":[{"@type":"ReadAction","target":["https:\/\/www.delongtop.com\/product\/46145-sodium-battery-rechargeable-cylindrical-cells-3v\/"]}]},{"@type":"ImageObject","inLanguage":"de","@id":"https:\/\/www.delongtop.com\/product\/46145-sodium-battery-rechargeable-cylindrical-cells-3v\/#primaryimage","url":"https:\/\/i0.wp.com\/www.delongtop.com\/wp-content\/uploads\/2024\/03\/Sodium-Ion-Battery-Cells-.jpg?fit=1000%2C1000&ssl=1","contentUrl":"https:\/\/i0.wp.com\/www.delongtop.com\/wp-content\/uploads\/2024\/03\/Sodium-Ion-Battery-Cells-.jpg?fit=1000%2C1000&ssl=1","width":1000,"height":1000,"caption":"Sodium Battery Manufacturer"},{"@type":"BreadcrumbList","@id":"https:\/\/www.delongtop.com\/product\/46145-sodium-battery-rechargeable-cylindrical-cells-3v\/#breadcrumb","itemListElement":[{"@type":"ListItem","position":1,"name":"Home","item":"https:\/\/www.delongtop.com\/"},{"@type":"ListItem","position":2,"name":"Modern Products","item":"https:\/\/www.delongtop.com\/products\/"},{"@type":"ListItem","position":3,"name":"46145 Sodium Battery Rechargeable Cylindrical Cells 3V 19Ah"}]},{"@type":"WebSite","@id":"https:\/\/www.delongtop.com\/#website","url":"https:\/\/www.delongtop.com\/","name":"Delong Energy","description":"Lithium Ion Battery Manufacturer &amp; Factory In China","potentialAction":[{"@type":"SearchAction","target":{"@type":"EntryPoint","urlTemplate":"https:\/\/www.delongtop.com\/?s={search_term_string}"},"query-input":{"@type":"PropertyValueSpecification","valueRequired":true,"valueName":"search_term_string"}}],"inLanguage":"de"}]}},"jetpack_sharing_enabled":true,"_links":{"self":[{"href":"https:\/\/www.delongtop.com\/de\/wp-json\/wp\/v2\/product\/23278","targetHints":{"allow":["GET"]}}],"collection":[{"href":"https:\/\/www.delongtop.com\/de\/wp-json\/wp\/v2\/product"}],"about":[{"href":"https:\/\/www.delongtop.com\/de\/wp-json\/wp\/v2\/types\/product"}],"replies":[{"embeddable":true,"href":"https:\/\/www.delongtop.com\/de\/wp-json\/wp\/v2\/comments?post=23278"}],"wp:featuredmedia":[{"embeddable":true,"href":"https:\/\/www.delongtop.com\/de\/wp-json\/wp\/v2\/media\/23285"}],"wp:attachment":[{"href":"https:\/\/www.delongtop.com\/de\/wp-json\/wp\/v2\/media?parent=23278"}],"wp:term":[{"taxonomy":"product_brand","embeddable":true,"href":"https:\/\/www.delongtop.com\/de\/wp-json\/wp\/v2\/product_brand?post=23278"},{"taxonomy":"product_cat","embeddable":true,"href":"https:\/\/www.delongtop.com\/de\/wp-json\/wp\/v2\/product_cat?post=23278"},{"taxonomy":"product_tag","embeddable":true,"href":"https:\/\/www.delongtop.com\/de\/wp-json\/wp\/v2\/product_tag?post=23278"}],"curies":[{"name":"wp","href":"https:\/\/api.w.org\/{rel}","templated":true}]}}