{"id":23349,"date":"2024-03-12T03:25:43","date_gmt":"2024-03-12T03:25:43","guid":{"rendered":"https:\/\/www.delongtop.com\/?post_type=product&#038;p=23349"},"modified":"2026-03-24T03:13:52","modified_gmt":"2026-03-24T03:13:52","slug":"12v-2-6ah-sodium-ion-battery-for-motorcycle-starting-18650","status":"publish","type":"product","link":"https:\/\/www.delongtop.com\/de\/product\/12v-2-6ah-sodium-ion-battery-for-motorcycle-starting-18650\/","title":{"rendered":"12V 2.6Ah Natrium-Ionen-Akku f\u00fcr Motorradstart 18650"},"content":{"rendered":"<h2><strong><span style=\"color: #339966;\">12V 2.6Ah 18650 Natrium-Ionen-Akku f\u00fcr Motorrad\/ Rasenm\u00e4her\/ ATV\/ UTV<\/span><\/strong><\/h2>\n<p>A 12V 2,6Ah <a href=\"https:\/\/www.delongtop.com\/de\/what-is-sodium-ion-battery\/\" target=\"_blank\" rel=\"noopener\">Natrium-Ionen-Akku<\/a> kann verschiedene Blei-S\u00e4ure-Batterien als Starterbatterie f\u00fcr Motorr\u00e4der ersetzen. Sie hat die folgenden Eigenschaften:<\/p>\n<ul>\n<li>Sie reduziert das Gewicht um 70% im Vergleich zu Blei-S\u00e4ure-Batterien.<\/li>\n<li>Die Anzahl der Zyklen und Z\u00fcndzeiten wird um das 5- bis 10-fache erh\u00f6ht.<\/li>\n<li>Es hat eine Lebensdauer von bis zu 10 Jahren.<\/li>\n<li>Er verbessert das Verbrennungsverh\u00e4ltnis des Kraftstoffs und damit die Leistungseffizienz des Motorrads.<\/li>\n<li>Lagerleistung: Nach 30 Tagen Lagerung bei Raumtemperatur im vollgeladenen Zustand liegt die Kapazit\u00e4tserhaltungsrate bei \u226595% und die Kapazit\u00e4tswiederherstellungsrate bei \u226599%.<\/li>\n<\/ul>\n<div id=\"attachment_23350\" style=\"width: 517px\" class=\"wp-caption aligncenter\"><img decoding=\"async\" aria-describedby=\"caption-attachment-23350\" class=\"lazyload wp-image-23350 size-full\" src=\"data:image\/svg+xml,%3Csvg%20xmlns%3D%27http%3A%2F%2Fwww.w3.org%2F2000%2Fsvg%27%20width%3D%27507%27%20height%3D%27329%27%20viewBox%3D%270%200%20507%20329%27%3E%3Crect%20width%3D%27507%27%20height%3D%27329%27%20fill-opacity%3D%220%22%2F%3E%3C%2Fsvg%3E\" data-orig-src=\"https:\/\/www.delongtop.com\/wp-content\/uploads\/2024\/03\/Motorcycle-Starter-Battery-Sodium-12V-10Ah-.png\" alt=\"Motorrad-Starterbatterie Natrium\" width=\"507\" height=\"329\" \/><p id=\"caption-attachment-23350\" class=\"wp-caption-text\">Motorrad-Starterbatterie SIB<\/p><\/div>\n<h2><strong><span style=\"color: #339966;\">Warum Natrium? Natriumbatterie VS. Blei-S\u00e4ure-Batterie<\/span><\/strong><\/h2>\n<ol>\n<li><strong><b>Lange Lebensdauer<\/b><\/strong>: Die Zyklusleistung von Natrium-Ionen-Batterien betr\u00e4gt bis zu 3.000 Mal, was dem 5-10-fachen von Blei-S\u00e4ure-Batterien entspricht.<\/li>\n<li><strong><b>Niedrige Selbstentladungsrate<\/b><\/strong>: Die Selbstentladungsrate von Natrium-Ionen-Batterien ist sehr gering, etwa 1,5%. Sie k\u00f6nnen auch nach l\u00e4ngerer Lagerung etwa 95% ihrer Kapazit\u00e4t beibehalten.<\/li>\n<li><strong><b>Schnelle Ladegeschwindigkeit<\/b><\/strong>: Im Vergleich zur 6-st\u00fcndigen Ladezeit von Blei-S\u00e4ure-Batterien k\u00f6nnen Natrium-Ionen-Batterien in nur etwa 20 Minuten einen ges\u00e4ttigten Zustand erreichen.<\/li>\n<li><strong><b>Gutes Startverhalten bei niedrigen Temperaturen<\/b><\/strong>: Natrium-Ionen-Batterien haben einen weiten Betriebstemperaturbereich und k\u00f6nnen sich sogar bei minus 40 Grad Celsius normal entladen.<\/li>\n<li><strong><b>Hoher Entladestrom<\/b><\/strong>: Sie sind in der Lage, gro\u00dfe momentane Entladestr\u00f6me zu liefern und eine gro\u00dfe Menge an Energie freizusetzen, um die Startanforderungen von Motorradmotoren zu erf\u00fcllen.<\/li>\n<li><strong><b>Ausgezeichnete Sicherheitsleistung<\/b><\/strong>: Natrium-Ionen-Batterien haben unter den Blei- und Lithium-Ionen-Batterien die beste Sicherheitsleistung.<\/li>\n<li><strong><b>Kleine Gr\u00f6\u00dfe und geringes Gewicht<\/b><\/strong>: Natrium-Ionen-Batterien haben eine h\u00f6here Energiedichte als Blei-S\u00e4ure-Batterien, daher sind sie viel kleiner und leichter, sogar nur ein Drittel so gro\u00df wie Blei-S\u00e4ure-Batterien.<\/li>\n<li><strong><b>Wartungsfrei<\/b><\/strong>: Natrium-Ionen-Batterien ben\u00f6tigen keine regelm\u00e4\u00dfige Bew\u00e4sserung, kein Auff\u00fcllen des Elektrolyts und keine regelm\u00e4\u00dfige Reinigung der Pole.<\/li>\n<\/ol>\n<h2><span style=\"color: #339966;\"><strong>\u00dcber Delong Top<\/strong><\/span><\/h2>\n<p>Wir sind ein <a href=\"https:\/\/www.delongtop.com\/de\/about\/\" target=\"_blank\" rel=\"noopener\">Lithium-Batterie-Fabrik<\/a> mit 13 Jahren umfassender Erfahrung, die sich der Bereitstellung nachhaltiger neuer Energiel\u00f6sungen f\u00fcr globale Nutzer widmet und zum Umweltschutz der Erde beitr\u00e4gt. Wir verf\u00fcgen nicht nur \u00fcber fortschrittliche Produktionsanlagen, sondern auch \u00fcber ein starkes F&amp;E-Team, das bereit ist, Energiel\u00f6sungen f\u00fcr Sie zu entwickeln.<\/p>\n<div id=\"attachment_22036\" style=\"width: 1010px\" class=\"wp-caption aligncenter\"><img data-recalc-dims=\"1\" decoding=\"async\" aria-describedby=\"caption-attachment-22036\" class=\"lazyload size-full wp-image-22036\" src=\"https:\/\/i0.wp.com\/www.delongtop.com\/wp-content\/uploads\/2023\/11\/Delong-Energy-Factory-05.jpg?resize=1000%2C667&#038;ssl=1\" data-orig-src=\"https:\/\/www.delongtop.com\/wp-content\/uploads\/2023\/11\/Delong-Energy-Factory-05.jpg\" alt=\"Delong Energie Fabrik\" width=\"1000\" height=\"667\" srcset=\"data:image\/svg+xml,%3Csvg%20xmlns%3D%27http%3A%2F%2Fwww.w3.org%2F2000%2Fsvg%27%20width%3D%271000%27%20height%3D%27667%27%20viewBox%3D%270%200%201000%20667%27%3E%3Crect%20width%3D%271000%27%20height%3D%27667%27%20fill-opacity%3D%220%22%2F%3E%3C%2Fsvg%3E\" data-srcset=\"https:\/\/i0.wp.com\/www.delongtop.com\/wp-content\/uploads\/2023\/11\/Delong-Energy-Factory-05.jpg?resize=200%2C133&amp;ssl=1 200w, https:\/\/i0.wp.com\/www.delongtop.com\/wp-content\/uploads\/2023\/11\/Delong-Energy-Factory-05.jpg?resize=300%2C200&amp;ssl=1 300w, https:\/\/i0.wp.com\/www.delongtop.com\/wp-content\/uploads\/2023\/11\/Delong-Energy-Factory-05.jpg?resize=400%2C267&amp;ssl=1 400w, https:\/\/i0.wp.com\/www.delongtop.com\/wp-content\/uploads\/2023\/11\/Delong-Energy-Factory-05.jpg?resize=500%2C334&amp;ssl=1 500w, https:\/\/i0.wp.com\/www.delongtop.com\/wp-content\/uploads\/2023\/11\/Delong-Energy-Factory-05.jpg?resize=600%2C400&amp;ssl=1 600w, https:\/\/i0.wp.com\/www.delongtop.com\/wp-content\/uploads\/2023\/11\/Delong-Energy-Factory-05.jpg?resize=700%2C467&amp;ssl=1 700w, https:\/\/i0.wp.com\/www.delongtop.com\/wp-content\/uploads\/2023\/11\/Delong-Energy-Factory-05.jpg?resize=768%2C512&amp;ssl=1 768w, https:\/\/i0.wp.com\/www.delongtop.com\/wp-content\/uploads\/2023\/11\/Delong-Energy-Factory-05.jpg?resize=800%2C534&amp;ssl=1 800w, https:\/\/i0.wp.com\/www.delongtop.com\/wp-content\/uploads\/2023\/11\/Delong-Energy-Factory-05.jpg?w=1000&amp;ssl=1 1000w\" data-sizes=\"auto\" data-orig-sizes=\"(max-width: 1000px) 100vw, 1000px\" \/><p id=\"caption-attachment-22036\" class=\"wp-caption-text\">Delong Energie Fabrik<\/p><\/div>","protected":false},"excerpt":{"rendered":"<ul>\n<li>Spannung: 12V<\/li>\n<li>Kapazit\u00e4t: 2600mAh<\/li>\n<li>Lebensdauer: 3000 Zyklen<\/li>\n<li>Temperatur: -40\u2103~+60\u2103<\/li>\n<li>Wartung: Nein<\/li>\n<\/ul>","protected":false},"featured_media":31941,"comment_status":"open","ping_status":"closed","template":"","meta":[],"product_brand":[],"product_cat":[270],"product_tag":[],"class_list":{"0":"post-23349","1":"product","2":"type-product","3":"status-publish","4":"has-post-thumbnail","6":"product_cat-sodium-ion-battery","8":"first","9":"instock","10":"shipping-taxable","11":"product-type-simple"},"yoast_head":"<!-- This site is optimized with the Yoast SEO plugin v25.0 - https:\/\/yoast.com\/wordpress\/plugins\/seo\/ -->\n<title>12V 2.6Ah Sodium Ion Battery For Motorcycle Starting 18650 - Delong Energy<\/title>\n<meta name=\"robots\" content=\"index, follow, max-snippet:-1, max-image-preview:large, max-video-preview:-1\" \/>\n<link rel=\"canonical\" href=\"https:\/\/www.delongtop.com\/de\/product\/12v-2-6ah-sodium-ion-battery-for-motorcycle-starting-18650\/\" \/>\n<meta property=\"og:locale\" content=\"de_DE\" \/>\n<meta property=\"og:type\" content=\"article\" \/>\n<meta property=\"og:title\" content=\"12V 2.6Ah Sodium Ion Battery For Motorcycle Starting 18650 - Delong Energy\" \/>\n<meta property=\"og:description\" content=\"Voltage: 12V  Capacity: 2600mAh  Cycle Life: 3000 cycles  Temperature: -40\u2103~+60\u2103  Maintenance: No\" \/>\n<meta property=\"og:url\" content=\"https:\/\/www.delongtop.com\/de\/product\/12v-2-6ah-sodium-ion-battery-for-motorcycle-starting-18650\/\" \/>\n<meta property=\"og:site_name\" content=\"Delong Energy\" \/>\n<meta property=\"article:modified_time\" content=\"2026-03-24T03:13:52+00:00\" \/>\n<meta property=\"og:image\" content=\"https:\/\/www.delongtop.com\/wp-content\/uploads\/2024\/03\/12V-Motorcycle-Starting-Battery-Sodium-.jpg\" \/>\n\t<meta property=\"og:image:width\" content=\"507\" \/>\n\t<meta property=\"og:image:height\" content=\"329\" \/>\n\t<meta property=\"og:image:type\" content=\"image\/jpeg\" \/>\n<meta name=\"twitter:card\" content=\"summary_large_image\" \/>\n<meta name=\"twitter:label1\" content=\"Gesch\u00e4tzte Lesezeit\" \/>\n\t<meta name=\"twitter:data1\" content=\"3\u00a0Minuten\" \/>\n<script type=\"application\/ld+json\" class=\"yoast-schema-graph\">{\"@context\":\"https:\/\/schema.org\",\"@graph\":[{\"@type\":\"WebPage\",\"@id\":\"https:\/\/www.delongtop.com\/product\/12v-2-6ah-sodium-ion-battery-for-motorcycle-starting-18650\/\",\"url\":\"https:\/\/www.delongtop.com\/product\/12v-2-6ah-sodium-ion-battery-for-motorcycle-starting-18650\/\",\"name\":\"12V 2.6Ah Sodium Ion Battery For Motorcycle Starting 18650 - Delong Energy\",\"isPartOf\":{\"@id\":\"https:\/\/www.delongtop.com\/#website\"},\"primaryImageOfPage\":{\"@id\":\"https:\/\/www.delongtop.com\/product\/12v-2-6ah-sodium-ion-battery-for-motorcycle-starting-18650\/#primaryimage\"},\"image\":{\"@id\":\"https:\/\/www.delongtop.com\/product\/12v-2-6ah-sodium-ion-battery-for-motorcycle-starting-18650\/#primaryimage\"},\"thumbnailUrl\":\"https:\/\/i0.wp.com\/www.delongtop.com\/wp-content\/uploads\/2024\/03\/12V-Motorcycle-Starting-Battery-Sodium-.jpg?fit=507%2C329&ssl=1\",\"datePublished\":\"2024-03-12T03:25:43+00:00\",\"dateModified\":\"2026-03-24T03:13:52+00:00\",\"breadcrumb\":{\"@id\":\"https:\/\/www.delongtop.com\/product\/12v-2-6ah-sodium-ion-battery-for-motorcycle-starting-18650\/#breadcrumb\"},\"inLanguage\":\"de\",\"potentialAction\":[{\"@type\":\"ReadAction\",\"target\":[\"https:\/\/www.delongtop.com\/product\/12v-2-6ah-sodium-ion-battery-for-motorcycle-starting-18650\/\"]}]},{\"@type\":\"ImageObject\",\"inLanguage\":\"de\",\"@id\":\"https:\/\/www.delongtop.com\/product\/12v-2-6ah-sodium-ion-battery-for-motorcycle-starting-18650\/#primaryimage\",\"url\":\"https:\/\/i0.wp.com\/www.delongtop.com\/wp-content\/uploads\/2024\/03\/12V-Motorcycle-Starting-Battery-Sodium-.jpg?fit=507%2C329&ssl=1\",\"contentUrl\":\"https:\/\/i0.wp.com\/www.delongtop.com\/wp-content\/uploads\/2024\/03\/12V-Motorcycle-Starting-Battery-Sodium-.jpg?fit=507%2C329&ssl=1\",\"width\":507,\"height\":329,\"caption\":\"12V Motorcycle Starting Sodium Battery\"},{\"@type\":\"BreadcrumbList\",\"@id\":\"https:\/\/www.delongtop.com\/product\/12v-2-6ah-sodium-ion-battery-for-motorcycle-starting-18650\/#breadcrumb\",\"itemListElement\":[{\"@type\":\"ListItem\",\"position\":1,\"name\":\"Home\",\"item\":\"https:\/\/www.delongtop.com\/\"},{\"@type\":\"ListItem\",\"position\":2,\"name\":\"Modern Products\",\"item\":\"https:\/\/www.delongtop.com\/products\/\"},{\"@type\":\"ListItem\",\"position\":3,\"name\":\"12V 2.6Ah Sodium Ion Battery For Motorcycle Starting 18650\"}]},{\"@type\":\"WebSite\",\"@id\":\"https:\/\/www.delongtop.com\/#website\",\"url\":\"https:\/\/www.delongtop.com\/\",\"name\":\"Delong Energy\",\"description\":\"Lithium Ion Battery Manufacturer &amp; Factory In China\",\"potentialAction\":[{\"@type\":\"SearchAction\",\"target\":{\"@type\":\"EntryPoint\",\"urlTemplate\":\"https:\/\/www.delongtop.com\/?s={search_term_string}\"},\"query-input\":{\"@type\":\"PropertyValueSpecification\",\"valueRequired\":true,\"valueName\":\"search_term_string\"}}],\"inLanguage\":\"de\"}]}<\/script>\n<!-- \/ Yoast SEO plugin. -->","yoast_head_json":{"title":"12V 2.6Ah Sodium Ion Battery For Motorcycle Starting 18650 - Delong Energy","robots":{"index":"index","follow":"follow","max-snippet":"max-snippet:-1","max-image-preview":"max-image-preview:large","max-video-preview":"max-video-preview:-1"},"canonical":"https:\/\/www.delongtop.com\/de\/product\/12v-2-6ah-sodium-ion-battery-for-motorcycle-starting-18650\/","og_locale":"de_DE","og_type":"article","og_title":"12V 2.6Ah Sodium Ion Battery For Motorcycle Starting 18650 - Delong Energy","og_description":"Voltage: 12V  Capacity: 2600mAh  Cycle Life: 3000 cycles  Temperature: -40\u2103~+60\u2103  Maintenance: No","og_url":"https:\/\/www.delongtop.com\/de\/product\/12v-2-6ah-sodium-ion-battery-for-motorcycle-starting-18650\/","og_site_name":"Delong Energy","article_modified_time":"2026-03-24T03:13:52+00:00","og_image":[{"width":507,"height":329,"url":"https:\/\/www.delongtop.com\/wp-content\/uploads\/2024\/03\/12V-Motorcycle-Starting-Battery-Sodium-.jpg","type":"image\/jpeg"}],"twitter_card":"summary_large_image","twitter_misc":{"Gesch\u00e4tzte Lesezeit":"3\u00a0Minuten"},"schema":{"@context":"https:\/\/schema.org","@graph":[{"@type":"WebPage","@id":"https:\/\/www.delongtop.com\/product\/12v-2-6ah-sodium-ion-battery-for-motorcycle-starting-18650\/","url":"https:\/\/www.delongtop.com\/product\/12v-2-6ah-sodium-ion-battery-for-motorcycle-starting-18650\/","name":"12V 2.6Ah Sodium Ion Battery For Motorcycle Starting 18650 - Delong Energy","isPartOf":{"@id":"https:\/\/www.delongtop.com\/#website"},"primaryImageOfPage":{"@id":"https:\/\/www.delongtop.com\/product\/12v-2-6ah-sodium-ion-battery-for-motorcycle-starting-18650\/#primaryimage"},"image":{"@id":"https:\/\/www.delongtop.com\/product\/12v-2-6ah-sodium-ion-battery-for-motorcycle-starting-18650\/#primaryimage"},"thumbnailUrl":"https:\/\/i0.wp.com\/www.delongtop.com\/wp-content\/uploads\/2024\/03\/12V-Motorcycle-Starting-Battery-Sodium-.jpg?fit=507%2C329&ssl=1","datePublished":"2024-03-12T03:25:43+00:00","dateModified":"2026-03-24T03:13:52+00:00","breadcrumb":{"@id":"https:\/\/www.delongtop.com\/product\/12v-2-6ah-sodium-ion-battery-for-motorcycle-starting-18650\/#breadcrumb"},"inLanguage":"de","potentialAction":[{"@type":"ReadAction","target":["https:\/\/www.delongtop.com\/product\/12v-2-6ah-sodium-ion-battery-for-motorcycle-starting-18650\/"]}]},{"@type":"ImageObject","inLanguage":"de","@id":"https:\/\/www.delongtop.com\/product\/12v-2-6ah-sodium-ion-battery-for-motorcycle-starting-18650\/#primaryimage","url":"https:\/\/i0.wp.com\/www.delongtop.com\/wp-content\/uploads\/2024\/03\/12V-Motorcycle-Starting-Battery-Sodium-.jpg?fit=507%2C329&ssl=1","contentUrl":"https:\/\/i0.wp.com\/www.delongtop.com\/wp-content\/uploads\/2024\/03\/12V-Motorcycle-Starting-Battery-Sodium-.jpg?fit=507%2C329&ssl=1","width":507,"height":329,"caption":"12V Motorcycle Starting Sodium Battery"},{"@type":"BreadcrumbList","@id":"https:\/\/www.delongtop.com\/product\/12v-2-6ah-sodium-ion-battery-for-motorcycle-starting-18650\/#breadcrumb","itemListElement":[{"@type":"ListItem","position":1,"name":"Home","item":"https:\/\/www.delongtop.com\/"},{"@type":"ListItem","position":2,"name":"Modern Products","item":"https:\/\/www.delongtop.com\/products\/"},{"@type":"ListItem","position":3,"name":"12V 2.6Ah Sodium Ion Battery For Motorcycle Starting 18650"}]},{"@type":"WebSite","@id":"https:\/\/www.delongtop.com\/#website","url":"https:\/\/www.delongtop.com\/","name":"Delong Energy","description":"Lithium Ion Battery Manufacturer &amp; Factory In China","potentialAction":[{"@type":"SearchAction","target":{"@type":"EntryPoint","urlTemplate":"https:\/\/www.delongtop.com\/?s={search_term_string}"},"query-input":{"@type":"PropertyValueSpecification","valueRequired":true,"valueName":"search_term_string"}}],"inLanguage":"de"}]}},"jetpack_sharing_enabled":true,"_links":{"self":[{"href":"https:\/\/www.delongtop.com\/de\/wp-json\/wp\/v2\/product\/23349","targetHints":{"allow":["GET"]}}],"collection":[{"href":"https:\/\/www.delongtop.com\/de\/wp-json\/wp\/v2\/product"}],"about":[{"href":"https:\/\/www.delongtop.com\/de\/wp-json\/wp\/v2\/types\/product"}],"replies":[{"embeddable":true,"href":"https:\/\/www.delongtop.com\/de\/wp-json\/wp\/v2\/comments?post=23349"}],"wp:featuredmedia":[{"embeddable":true,"href":"https:\/\/www.delongtop.com\/de\/wp-json\/wp\/v2\/media\/31941"}],"wp:attachment":[{"href":"https:\/\/www.delongtop.com\/de\/wp-json\/wp\/v2\/media?parent=23349"}],"wp:term":[{"taxonomy":"product_brand","embeddable":true,"href":"https:\/\/www.delongtop.com\/de\/wp-json\/wp\/v2\/product_brand?post=23349"},{"taxonomy":"product_cat","embeddable":true,"href":"https:\/\/www.delongtop.com\/de\/wp-json\/wp\/v2\/product_cat?post=23349"},{"taxonomy":"product_tag","embeddable":true,"href":"https:\/\/www.delongtop.com\/de\/wp-json\/wp\/v2\/product_tag?post=23349"}],"curies":[{"name":"wp","href":"https:\/\/api.w.org\/{rel}","templated":true}]}}