{"id":23352,"date":"2024-03-12T08:48:31","date_gmt":"2024-03-12T08:48:31","guid":{"rendered":"https:\/\/www.delongtop.com\/?post_type=product&#038;p=23352"},"modified":"2024-11-22T09:50:22","modified_gmt":"2024-11-22T09:50:22","slug":"12v-3900mah-sodium-ion-battery-for-motorcycle-starting","status":"publish","type":"product","link":"https:\/\/www.delongtop.com\/de\/product\/12v-3900mah-sodium-ion-battery-for-motorcycle-starting\/","title":{"rendered":"12V 3900mAh 18650 Natrium-Ionen-Akku f\u00fcr das Starten von Motorr\u00e4dern"},"content":{"rendered":"<h2><span style=\"color: #339966;\"><strong>12V 3900mAh 18650 Natrium-Ionen-Akku f\u00fcr das Starten von Motorr\u00e4dern<\/strong><\/span><\/h2>\n<p>Dies ist eine <a href=\"https:\/\/www.delongtop.com\/de\/what-is-sodium-ion-battery\/\" target=\"_blank\" rel=\"noopener\">Natrium-Ionen-Akku<\/a> speziell f\u00fcr das Starten von Motorr\u00e4dern entwickelt, mit einer Spannung von 12V und einer Kapazit\u00e4t von 3,9Ah. Seine Eigenschaften sind wie folgt:<\/p>\n<div id=\"attachment_23350\" style=\"width: 517px\" class=\"wp-caption aligncenter\"><img decoding=\"async\" aria-describedby=\"caption-attachment-23350\" class=\"lazyload wp-image-23350 size-full\" src=\"data:image\/svg+xml,%3Csvg%20xmlns%3D%27http%3A%2F%2Fwww.w3.org%2F2000%2Fsvg%27%20width%3D%27507%27%20height%3D%27329%27%20viewBox%3D%270%200%20507%20329%27%3E%3Crect%20width%3D%27507%27%20height%3D%27329%27%20fill-opacity%3D%220%22%2F%3E%3C%2Fsvg%3E\" data-orig-src=\"https:\/\/www.delongtop.com\/wp-content\/uploads\/2024\/03\/Motorcycle-Starter-Battery-Sodium-12V-10Ah-.png\" alt=\"Motorrad-Starterbatterie Natrium\" width=\"507\" height=\"329\" \/><p id=\"caption-attachment-23350\" class=\"wp-caption-text\">Motorrad-Starterbatterie SIB<\/p><\/div>\n<ul>\n<li>Sie \u00fcbertreffen Blei-S\u00e4ure-Batterien mit 3.000 Lade-Entlade-Zyklen und erh\u00f6hen auch die Anzahl der Z\u00fcndzeiten.<\/li>\n<li>Die Selbstentladungsrate liegt bei nur 1,5%, was f\u00fcr diejenigen von Vorteil ist, die nicht h\u00e4ufig Motorrad fahren.<\/li>\n<li>Die Schnellladefunktion erleichtert uns das Reisen. Es dauert nur 20 Minuten, bis der Akku fast die volle Kapazit\u00e4t erreicht hat.<\/li>\n<li>Ausgezeichnete Leistung bei niedrigen Temperaturen. Das Fahrzeug kann auch unter extremen klimatischen Bedingungen normal starten.<\/li>\n<li>Dank der h\u00f6heren Energiedichte sind Gewicht und Volumen der 12V 3,9Ah Natriumbatterie deutlich geringer als bei Blei-S\u00e4ure-Batterien.<\/li>\n<li>Die Sicherheitsleistung ist sehr hoch und beruhigend, da es Tests auf \u00dcberladung, \u00dcberentladung, Kurzschluss und Durchstich bestanden hat.<\/li>\n<\/ul>\n<p>Zusammenfassend l\u00e4sst sich sagen, dass Natrium-Ionen-Batterien die bessere Wahl f\u00fcr Sie sind, wenn Sie sich mit der Verwendung von Blei-S\u00e4ure-Batterien nicht wohl f\u00fchlen oder wenn Sie eine Stromquelle mit einem besseren Preis-Leistungs-Verh\u00e4ltnis suchen. Sie k\u00f6nnen verschiedene Arten von Blei-S\u00e4ure-Batterien ersetzen und bieten eine kontinuierliche Stromquelle f\u00fcr Ihr Motorrad.<\/p>\n<h2><span style=\"color: #339966;\"><strong>\u00dcber Delong Top<\/strong><\/span><\/h2>\n<p>Wir sind ein chinesischer Hersteller mit 13 Jahren Erfahrung in der neuen Energiebranche und verf\u00fcgen \u00fcber einen reichen Erfahrungsschatz bei der Bereitstellung solider und zuverl\u00e4ssiger Batteriel\u00f6sungen f\u00fcr viele Kunden. Ob Sie nun Natrium-Ionen-Batterien oder <a href=\"https:\/\/www.delongtop.com\/de\/what-is-a-lithium-battery\/\" target=\"_blank\" rel=\"noopener\">Lithium-Batterien<\/a>k\u00f6nnen Sie uns jederzeit kontaktieren. Wir bieten Ihnen die h\u00f6chste Qualit\u00e4t der Batterien zu den besten Preisen.<\/p>\n<div id=\"attachment_22036\" style=\"width: 1010px\" class=\"wp-caption aligncenter\"><img data-recalc-dims=\"1\" decoding=\"async\" aria-describedby=\"caption-attachment-22036\" class=\"lazyload size-full wp-image-22036\" src=\"https:\/\/i0.wp.com\/www.delongtop.com\/wp-content\/uploads\/2023\/11\/Delong-Energy-Factory-05.jpg?resize=1000%2C667&#038;ssl=1\" data-orig-src=\"https:\/\/www.delongtop.com\/wp-content\/uploads\/2023\/11\/Delong-Energy-Factory-05.jpg\" alt=\"Delong Energie Fabrik\" width=\"1000\" height=\"667\" srcset=\"data:image\/svg+xml,%3Csvg%20xmlns%3D%27http%3A%2F%2Fwww.w3.org%2F2000%2Fsvg%27%20width%3D%271000%27%20height%3D%27667%27%20viewBox%3D%270%200%201000%20667%27%3E%3Crect%20width%3D%271000%27%20height%3D%27667%27%20fill-opacity%3D%220%22%2F%3E%3C%2Fsvg%3E\" data-srcset=\"https:\/\/i0.wp.com\/www.delongtop.com\/wp-content\/uploads\/2023\/11\/Delong-Energy-Factory-05.jpg?resize=200%2C133&amp;ssl=1 200w, https:\/\/i0.wp.com\/www.delongtop.com\/wp-content\/uploads\/2023\/11\/Delong-Energy-Factory-05.jpg?resize=300%2C200&amp;ssl=1 300w, https:\/\/i0.wp.com\/www.delongtop.com\/wp-content\/uploads\/2023\/11\/Delong-Energy-Factory-05.jpg?resize=400%2C267&amp;ssl=1 400w, https:\/\/i0.wp.com\/www.delongtop.com\/wp-content\/uploads\/2023\/11\/Delong-Energy-Factory-05.jpg?resize=500%2C334&amp;ssl=1 500w, https:\/\/i0.wp.com\/www.delongtop.com\/wp-content\/uploads\/2023\/11\/Delong-Energy-Factory-05.jpg?resize=600%2C400&amp;ssl=1 600w, https:\/\/i0.wp.com\/www.delongtop.com\/wp-content\/uploads\/2023\/11\/Delong-Energy-Factory-05.jpg?resize=700%2C467&amp;ssl=1 700w, https:\/\/i0.wp.com\/www.delongtop.com\/wp-content\/uploads\/2023\/11\/Delong-Energy-Factory-05.jpg?resize=768%2C512&amp;ssl=1 768w, https:\/\/i0.wp.com\/www.delongtop.com\/wp-content\/uploads\/2023\/11\/Delong-Energy-Factory-05.jpg?resize=800%2C534&amp;ssl=1 800w, https:\/\/i0.wp.com\/www.delongtop.com\/wp-content\/uploads\/2023\/11\/Delong-Energy-Factory-05.jpg?w=1000&amp;ssl=1 1000w\" data-sizes=\"auto\" data-orig-sizes=\"(max-width: 1000px) 100vw, 1000px\" \/><p id=\"caption-attachment-22036\" class=\"wp-caption-text\">Delong Energie Fabrik<\/p><\/div>","protected":false},"excerpt":{"rendered":"<ul>\n<li>Spannung: 12V<\/li>\n<li>Kapazit\u00e4t: 3900mAh<\/li>\n<li>Lebensdauer: 3000 Zyklen<\/li>\n<li>Temperatur: -40\u2103~+60\u2103<\/li>\n<li>Wartung: Nein<\/li>\n<\/ul>","protected":false},"featured_media":0,"comment_status":"open","ping_status":"closed","template":"","meta":[],"product_brand":[],"product_cat":[270],"product_tag":[],"class_list":{"0":"post-23352","1":"product","2":"type-product","3":"status-publish","5":"product_cat-sodium-ion-battery","7":"first","8":"instock","9":"shipping-taxable","10":"product-type-simple"},"yoast_head":"<!-- This site is optimized with the Yoast SEO plugin v25.0 - https:\/\/yoast.com\/wordpress\/plugins\/seo\/ -->\n<title>12V 3900mAh 18650 Sodium Ion Battery Used for Motorcycle Starting - Delong Energy<\/title>\n<meta name=\"robots\" content=\"index, follow, max-snippet:-1, max-image-preview:large, max-video-preview:-1\" \/>\n<link rel=\"canonical\" href=\"https:\/\/www.delongtop.com\/de\/product\/12v-3900mah-sodium-ion-battery-for-motorcycle-starting\/\" \/>\n<meta property=\"og:locale\" content=\"de_DE\" \/>\n<meta property=\"og:type\" content=\"article\" \/>\n<meta property=\"og:title\" content=\"12V 3900mAh 18650 Sodium Ion Battery Used for Motorcycle Starting - Delong Energy\" \/>\n<meta property=\"og:description\" content=\"Voltage: 12V  Capacity: 3900mAh  Cycle Life: 3000 cycles  Temperature: -40\u2103~+60\u2103  Maintenance: No\" \/>\n<meta property=\"og:url\" content=\"https:\/\/www.delongtop.com\/de\/product\/12v-3900mah-sodium-ion-battery-for-motorcycle-starting\/\" \/>\n<meta property=\"og:site_name\" content=\"Delong Energy\" \/>\n<meta property=\"article:modified_time\" content=\"2024-11-22T09:50:22+00:00\" \/>\n<meta property=\"og:image\" content=\"https:\/\/i0.wp.com\/www.delongtop.com\/wp-content\/uploads\/2024\/03\/Motorcycle-Starter-Battery-Sodium-12V-10Ah-.png?fit=507%2C329&ssl=1\" \/>\n\t<meta property=\"og:image:width\" content=\"507\" \/>\n\t<meta property=\"og:image:height\" content=\"329\" \/>\n\t<meta property=\"og:image:type\" content=\"image\/png\" \/>\n<meta name=\"twitter:card\" content=\"summary_large_image\" \/>\n<meta name=\"twitter:label1\" content=\"Gesch\u00e4tzte Lesezeit\" \/>\n\t<meta name=\"twitter:data1\" content=\"2\u00a0Minuten\" \/>\n<script type=\"application\/ld+json\" class=\"yoast-schema-graph\">{\"@context\":\"https:\/\/schema.org\",\"@graph\":[{\"@type\":\"WebPage\",\"@id\":\"https:\/\/www.delongtop.com\/product\/12v-3900mah-sodium-ion-battery-for-motorcycle-starting\/\",\"url\":\"https:\/\/www.delongtop.com\/product\/12v-3900mah-sodium-ion-battery-for-motorcycle-starting\/\",\"name\":\"12V 3900mAh 18650 Sodium Ion Battery Used for Motorcycle Starting - Delong Energy\",\"isPartOf\":{\"@id\":\"https:\/\/www.delongtop.com\/#website\"},\"primaryImageOfPage\":{\"@id\":\"https:\/\/www.delongtop.com\/product\/12v-3900mah-sodium-ion-battery-for-motorcycle-starting\/#primaryimage\"},\"image\":{\"@id\":\"https:\/\/www.delongtop.com\/product\/12v-3900mah-sodium-ion-battery-for-motorcycle-starting\/#primaryimage\"},\"thumbnailUrl\":\"https:\/\/www.delongtop.com\/wp-content\/uploads\/2024\/03\/Motorcycle-Starter-Battery-Sodium-12V-10Ah-.png\",\"datePublished\":\"2024-03-12T08:48:31+00:00\",\"dateModified\":\"2024-11-22T09:50:22+00:00\",\"breadcrumb\":{\"@id\":\"https:\/\/www.delongtop.com\/product\/12v-3900mah-sodium-ion-battery-for-motorcycle-starting\/#breadcrumb\"},\"inLanguage\":\"de\",\"potentialAction\":[{\"@type\":\"ReadAction\",\"target\":[\"https:\/\/www.delongtop.com\/product\/12v-3900mah-sodium-ion-battery-for-motorcycle-starting\/\"]}]},{\"@type\":\"ImageObject\",\"inLanguage\":\"de\",\"@id\":\"https:\/\/www.delongtop.com\/product\/12v-3900mah-sodium-ion-battery-for-motorcycle-starting\/#primaryimage\",\"url\":\"https:\/\/www.delongtop.com\/wp-content\/uploads\/2024\/03\/Motorcycle-Starter-Battery-Sodium-12V-10Ah-.png\",\"contentUrl\":\"https:\/\/www.delongtop.com\/wp-content\/uploads\/2024\/03\/Motorcycle-Starter-Battery-Sodium-12V-10Ah-.png\"},{\"@type\":\"BreadcrumbList\",\"@id\":\"https:\/\/www.delongtop.com\/product\/12v-3900mah-sodium-ion-battery-for-motorcycle-starting\/#breadcrumb\",\"itemListElement\":[{\"@type\":\"ListItem\",\"position\":1,\"name\":\"Home\",\"item\":\"https:\/\/www.delongtop.com\/\"},{\"@type\":\"ListItem\",\"position\":2,\"name\":\"Modern Products\",\"item\":\"https:\/\/www.delongtop.com\/products\/\"},{\"@type\":\"ListItem\",\"position\":3,\"name\":\"12V 3900mAh 18650 Sodium Ion Battery Used for Motorcycle Starting\"}]},{\"@type\":\"WebSite\",\"@id\":\"https:\/\/www.delongtop.com\/#website\",\"url\":\"https:\/\/www.delongtop.com\/\",\"name\":\"Delong Energy\",\"description\":\"Lithium Ion Battery Manufacturer &amp; Factory In China\",\"potentialAction\":[{\"@type\":\"SearchAction\",\"target\":{\"@type\":\"EntryPoint\",\"urlTemplate\":\"https:\/\/www.delongtop.com\/?s={search_term_string}\"},\"query-input\":{\"@type\":\"PropertyValueSpecification\",\"valueRequired\":true,\"valueName\":\"search_term_string\"}}],\"inLanguage\":\"de\"}]}<\/script>\n<!-- \/ Yoast SEO plugin. -->","yoast_head_json":{"title":"12V 3900mAh 18650 Sodium Ion Battery Used for Motorcycle Starting - Delong Energy","robots":{"index":"index","follow":"follow","max-snippet":"max-snippet:-1","max-image-preview":"max-image-preview:large","max-video-preview":"max-video-preview:-1"},"canonical":"https:\/\/www.delongtop.com\/de\/product\/12v-3900mah-sodium-ion-battery-for-motorcycle-starting\/","og_locale":"de_DE","og_type":"article","og_title":"12V 3900mAh 18650 Sodium Ion Battery Used for Motorcycle Starting - Delong Energy","og_description":"Voltage: 12V  Capacity: 3900mAh  Cycle Life: 3000 cycles  Temperature: -40\u2103~+60\u2103  Maintenance: No","og_url":"https:\/\/www.delongtop.com\/de\/product\/12v-3900mah-sodium-ion-battery-for-motorcycle-starting\/","og_site_name":"Delong Energy","article_modified_time":"2024-11-22T09:50:22+00:00","og_image":[{"width":507,"height":329,"url":"https:\/\/i0.wp.com\/www.delongtop.com\/wp-content\/uploads\/2024\/03\/Motorcycle-Starter-Battery-Sodium-12V-10Ah-.png?fit=507%2C329&ssl=1","type":"image\/png"}],"twitter_card":"summary_large_image","twitter_misc":{"Gesch\u00e4tzte Lesezeit":"2\u00a0Minuten"},"schema":{"@context":"https:\/\/schema.org","@graph":[{"@type":"WebPage","@id":"https:\/\/www.delongtop.com\/product\/12v-3900mah-sodium-ion-battery-for-motorcycle-starting\/","url":"https:\/\/www.delongtop.com\/product\/12v-3900mah-sodium-ion-battery-for-motorcycle-starting\/","name":"12V 3900mAh 18650 Sodium Ion Battery Used for Motorcycle Starting - Delong Energy","isPartOf":{"@id":"https:\/\/www.delongtop.com\/#website"},"primaryImageOfPage":{"@id":"https:\/\/www.delongtop.com\/product\/12v-3900mah-sodium-ion-battery-for-motorcycle-starting\/#primaryimage"},"image":{"@id":"https:\/\/www.delongtop.com\/product\/12v-3900mah-sodium-ion-battery-for-motorcycle-starting\/#primaryimage"},"thumbnailUrl":"https:\/\/www.delongtop.com\/wp-content\/uploads\/2024\/03\/Motorcycle-Starter-Battery-Sodium-12V-10Ah-.png","datePublished":"2024-03-12T08:48:31+00:00","dateModified":"2024-11-22T09:50:22+00:00","breadcrumb":{"@id":"https:\/\/www.delongtop.com\/product\/12v-3900mah-sodium-ion-battery-for-motorcycle-starting\/#breadcrumb"},"inLanguage":"de","potentialAction":[{"@type":"ReadAction","target":["https:\/\/www.delongtop.com\/product\/12v-3900mah-sodium-ion-battery-for-motorcycle-starting\/"]}]},{"@type":"ImageObject","inLanguage":"de","@id":"https:\/\/www.delongtop.com\/product\/12v-3900mah-sodium-ion-battery-for-motorcycle-starting\/#primaryimage","url":"https:\/\/www.delongtop.com\/wp-content\/uploads\/2024\/03\/Motorcycle-Starter-Battery-Sodium-12V-10Ah-.png","contentUrl":"https:\/\/www.delongtop.com\/wp-content\/uploads\/2024\/03\/Motorcycle-Starter-Battery-Sodium-12V-10Ah-.png"},{"@type":"BreadcrumbList","@id":"https:\/\/www.delongtop.com\/product\/12v-3900mah-sodium-ion-battery-for-motorcycle-starting\/#breadcrumb","itemListElement":[{"@type":"ListItem","position":1,"name":"Home","item":"https:\/\/www.delongtop.com\/"},{"@type":"ListItem","position":2,"name":"Modern Products","item":"https:\/\/www.delongtop.com\/products\/"},{"@type":"ListItem","position":3,"name":"12V 3900mAh 18650 Sodium Ion Battery Used for Motorcycle Starting"}]},{"@type":"WebSite","@id":"https:\/\/www.delongtop.com\/#website","url":"https:\/\/www.delongtop.com\/","name":"Delong Energy","description":"Lithium Ion Battery Manufacturer &amp; Factory In China","potentialAction":[{"@type":"SearchAction","target":{"@type":"EntryPoint","urlTemplate":"https:\/\/www.delongtop.com\/?s={search_term_string}"},"query-input":{"@type":"PropertyValueSpecification","valueRequired":true,"valueName":"search_term_string"}}],"inLanguage":"de"}]}},"jetpack_sharing_enabled":true,"_links":{"self":[{"href":"https:\/\/www.delongtop.com\/de\/wp-json\/wp\/v2\/product\/23352","targetHints":{"allow":["GET"]}}],"collection":[{"href":"https:\/\/www.delongtop.com\/de\/wp-json\/wp\/v2\/product"}],"about":[{"href":"https:\/\/www.delongtop.com\/de\/wp-json\/wp\/v2\/types\/product"}],"replies":[{"embeddable":true,"href":"https:\/\/www.delongtop.com\/de\/wp-json\/wp\/v2\/comments?post=23352"}],"wp:attachment":[{"href":"https:\/\/www.delongtop.com\/de\/wp-json\/wp\/v2\/media?parent=23352"}],"wp:term":[{"taxonomy":"product_brand","embeddable":true,"href":"https:\/\/www.delongtop.com\/de\/wp-json\/wp\/v2\/product_brand?post=23352"},{"taxonomy":"product_cat","embeddable":true,"href":"https:\/\/www.delongtop.com\/de\/wp-json\/wp\/v2\/product_cat?post=23352"},{"taxonomy":"product_tag","embeddable":true,"href":"https:\/\/www.delongtop.com\/de\/wp-json\/wp\/v2\/product_tag?post=23352"}],"curies":[{"name":"wp","href":"https:\/\/api.w.org\/{rel}","templated":true}]}}