{"id":23356,"date":"2024-03-12T15:31:01","date_gmt":"2024-03-12T15:31:01","guid":{"rendered":"https:\/\/www.delongtop.com\/?post_type=product&#038;p=23356"},"modified":"2024-11-22T09:50:03","modified_gmt":"2024-11-22T09:50:03","slug":"12v-6-5ah-18650-rechargeable-sodium-powered-battery","status":"publish","type":"product","link":"https:\/\/www.delongtop.com\/de\/product\/12v-6-5ah-18650-rechargeable-sodium-powered-battery\/","title":{"rendered":"12V 6.5Ah 18650 Wiederaufladbare Natrium-Batterie"},"content":{"rendered":"<h2><span style=\"color: #339966;\"><strong>12V 5200mAh Natrium-Ionen-Motorrad-Starter-Akku 18650<\/strong><\/span><\/h2>\n<p>Der 12V 6.5Ah Akku ist ein wiederaufladbarer <a href=\"https:\/\/www.delongtop.com\/de\/what-is-sodium-ion-battery\/\" target=\"_blank\" rel=\"noopener\">Natrium-Ionen-Akku<\/a> die als Startstromquelle in Elektrofahrzeugen und Motorr\u00e4dern verwendet werden k\u00f6nnen. Vielleicht ist es Ihnen noch nicht bewusst, aber Natriumbatterien ersetzen allm\u00e4hlich die Blei-S\u00e4ure-Batterien und werden zur Standardoption f\u00fcr Starterbatterien. Aber welche Vorteile bietet sie?<\/p>\n<div id=\"attachment_23350\" style=\"width: 517px\" class=\"wp-caption aligncenter\"><img decoding=\"async\" aria-describedby=\"caption-attachment-23350\" class=\"lazyload wp-image-23350 size-full\" src=\"data:image\/svg+xml,%3Csvg%20xmlns%3D%27http%3A%2F%2Fwww.w3.org%2F2000%2Fsvg%27%20width%3D%27507%27%20height%3D%27329%27%20viewBox%3D%270%200%20507%20329%27%3E%3Crect%20width%3D%27507%27%20height%3D%27329%27%20fill-opacity%3D%220%22%2F%3E%3C%2Fsvg%3E\" data-orig-src=\"https:\/\/www.delongtop.com\/wp-content\/uploads\/2024\/03\/Motorcycle-Starter-Battery-Sodium-12V-10Ah-.png\" alt=\"Motorrad-Starterbatterie Natrium\" width=\"507\" height=\"329\" \/><p id=\"caption-attachment-23350\" class=\"wp-caption-text\">Motorrad-Starterbatterie SIB<\/p><\/div>\n<h2><span style=\"color: #339966;\"><strong><b>Vorteile von <\/b><\/strong><strong><b>12V <\/b><\/strong><strong><b>65<\/b><\/strong><strong><b>00mAh<\/b><\/strong><strong><b>\u00a0Natrium-Batterie<\/b><\/strong><\/span><\/h2>\n<ol>\n<li>Die 12V 6,5Ah Natrium-Ionen-Batterie hat eine lange Lebensdauer und kann 3000 Lade-\/Entladezyklen absolvieren, wodurch sie sich sehr gut f\u00fcr Motorr\u00e4der eignet, die mehrfach gestartet werden.<\/li>\n<li>Bei Motorr\u00e4dern sind Platz- und Gewichtsbeschr\u00e4nkungen vorhanden. Natrium-Ionen-Batterien sind aufgrund ihrer hohen Energiedichte, ihrer geringen Gr\u00f6\u00dfe, ihres geringen Gewichts und ihres hohen Sofortentladestroms perfekt als Starterbatterien f\u00fcr Motorr\u00e4der geeignet.<\/li>\n<li>Als g\u00e4ngige Verkehrsmittel haben die Menschen auch Anforderungen an die Ladezeit von Fahrzeugen. Bei der Wahl einer Stromquelle bevorzugen wir Batterien, die in kurzer Zeit vollst\u00e4ndig aufgeladen werden k\u00f6nnen. Einer der Vorteile von Natrium-Ionen-Batterien ist das Erreichen der S\u00e4ttigung in etwa 20 Minuten!<\/li>\n<li>Ein weiterer lobenswerter Aspekt der Natrium-Ionen-Batterien ist ihr Sicherheitsverhalten. Sie haben alle Sicherheitstests bestanden, die auch Lithiumbatterien durchlaufen, einschlie\u00dflich \u00dcberladung, \u00dcberentladung und Kurzschluss. Sie laufen nicht nur nicht aus, schwellen nicht an und explodieren nicht, sondern \u00fcbertreffen sogar die Lithiumbatterien.<\/li>\n<li>Motorr\u00e4der sind Werkzeuge, die das ganze Jahr \u00fcber im Einsatz sind, und erfordern Starterbatterien mit einer hohen Temperaturanpassungsf\u00e4higkeit. Eine Natrium-Ionen-Batterie mit 6500 mAh kann von -40\u00b0C bis 60\u00b0C betrieben werden und eignet sich somit auch f\u00fcr extrem kaltes Wetter.<\/li>\n<\/ol>\n<h2><span style=\"color: #339966;\"><strong>\u00dcber Delong Top<\/strong><\/span><\/h2>\n<p>Als einer der f\u00fchrenden Batteriehersteller in China verf\u00fcgen wir \u00fcber mehrere fortschrittliche Produktionslinien. Wir halten uns strikt an den Produktionsprozess, um eine p\u00fcnktliche, qualitativ hochwertige und mengenm\u00e4\u00dfig gesicherte Lieferung von Natrium-Ionen-Batterien an Nutzer weltweit zu gew\u00e4hrleisten. Nat\u00fcrlich bem\u00fchen wir uns auch, die wettbewerbsf\u00e4higsten Preise anzubieten, damit unsere Kunden ihre Projekte effektiver durchf\u00fchren k\u00f6nnen. Wenn Sie irgendwelche Anforderungen f\u00fcr Natrium-Ionen-Batterien haben, <a href=\"https:\/\/www.delongtop.com\/de\/product-category\/lithium-ion-battery-pack\/12v-lithium-battery\/\" target=\"_blank\" rel=\"noopener\">Lithium-Ionen-Batterien<\/a>, oder <a href=\"https:\/\/www.delongtop.com\/de\/product-category\/energy-storage-battery\/\" target=\"_blank\" rel=\"noopener\">Energiespeichersysteme<\/a>Bitte z\u00f6gern Sie nicht, sich jederzeit mit uns in Verbindung zu setzen.<\/p>\n<div id=\"attachment_22036\" style=\"width: 1010px\" class=\"wp-caption aligncenter\"><img data-recalc-dims=\"1\" decoding=\"async\" aria-describedby=\"caption-attachment-22036\" class=\"lazyload size-full wp-image-22036\" src=\"https:\/\/i0.wp.com\/www.delongtop.com\/wp-content\/uploads\/2023\/11\/Delong-Energy-Factory-05.jpg?resize=1000%2C667&#038;ssl=1\" data-orig-src=\"https:\/\/www.delongtop.com\/wp-content\/uploads\/2023\/11\/Delong-Energy-Factory-05.jpg\" alt=\"Delong Energie Fabrik\" width=\"1000\" height=\"667\" srcset=\"data:image\/svg+xml,%3Csvg%20xmlns%3D%27http%3A%2F%2Fwww.w3.org%2F2000%2Fsvg%27%20width%3D%271000%27%20height%3D%27667%27%20viewBox%3D%270%200%201000%20667%27%3E%3Crect%20width%3D%271000%27%20height%3D%27667%27%20fill-opacity%3D%220%22%2F%3E%3C%2Fsvg%3E\" data-srcset=\"https:\/\/i0.wp.com\/www.delongtop.com\/wp-content\/uploads\/2023\/11\/Delong-Energy-Factory-05.jpg?resize=200%2C133&amp;ssl=1 200w, https:\/\/i0.wp.com\/www.delongtop.com\/wp-content\/uploads\/2023\/11\/Delong-Energy-Factory-05.jpg?resize=300%2C200&amp;ssl=1 300w, https:\/\/i0.wp.com\/www.delongtop.com\/wp-content\/uploads\/2023\/11\/Delong-Energy-Factory-05.jpg?resize=400%2C267&amp;ssl=1 400w, https:\/\/i0.wp.com\/www.delongtop.com\/wp-content\/uploads\/2023\/11\/Delong-Energy-Factory-05.jpg?resize=500%2C334&amp;ssl=1 500w, https:\/\/i0.wp.com\/www.delongtop.com\/wp-content\/uploads\/2023\/11\/Delong-Energy-Factory-05.jpg?resize=600%2C400&amp;ssl=1 600w, https:\/\/i0.wp.com\/www.delongtop.com\/wp-content\/uploads\/2023\/11\/Delong-Energy-Factory-05.jpg?resize=700%2C467&amp;ssl=1 700w, https:\/\/i0.wp.com\/www.delongtop.com\/wp-content\/uploads\/2023\/11\/Delong-Energy-Factory-05.jpg?resize=768%2C512&amp;ssl=1 768w, https:\/\/i0.wp.com\/www.delongtop.com\/wp-content\/uploads\/2023\/11\/Delong-Energy-Factory-05.jpg?resize=800%2C534&amp;ssl=1 800w, https:\/\/i0.wp.com\/www.delongtop.com\/wp-content\/uploads\/2023\/11\/Delong-Energy-Factory-05.jpg?w=1000&amp;ssl=1 1000w\" data-sizes=\"auto\" data-orig-sizes=\"(max-width: 1000px) 100vw, 1000px\" \/><p id=\"caption-attachment-22036\" class=\"wp-caption-text\">Delong Energie Fabrik<\/p><\/div>","protected":false},"excerpt":{"rendered":"<ul>\n<li>Spannung: 12 Volt<\/li>\n<li>Kapazit\u00e4t: 6,5Ah<\/li>\n<li>Lebensdauer: 3000 Zyklen<\/li>\n<li>Temperatur: -40\u2103~+60\u2103<\/li>\n<li>Wartung: Nein<\/li>\n<\/ul>","protected":false},"featured_media":0,"comment_status":"open","ping_status":"closed","template":"","meta":[],"product_brand":[],"product_cat":[270],"product_tag":[],"class_list":{"0":"post-23356","1":"product","2":"type-product","3":"status-publish","5":"product_cat-sodium-ion-battery","7":"first","8":"instock","9":"shipping-taxable","10":"product-type-simple"},"yoast_head":"<!-- This site is optimized with the Yoast SEO plugin v25.0 - https:\/\/yoast.com\/wordpress\/plugins\/seo\/ -->\n<title>12V 6.5Ah 18650 Rechargeable Sodium Powered Battery - Delong Energy<\/title>\n<meta name=\"robots\" content=\"index, follow, max-snippet:-1, max-image-preview:large, max-video-preview:-1\" \/>\n<link rel=\"canonical\" href=\"https:\/\/www.delongtop.com\/de\/product\/12v-6-5ah-18650-rechargeable-sodium-powered-battery\/\" \/>\n<meta property=\"og:locale\" content=\"de_DE\" \/>\n<meta property=\"og:type\" content=\"article\" \/>\n<meta property=\"og:title\" content=\"12V 6.5Ah 18650 Rechargeable Sodium Powered Battery - Delong Energy\" \/>\n<meta property=\"og:description\" content=\"Voltage: 12 Volt  Capacity: 6.5Ah  Cycle Life: 3000 cycles  Temperature: -40\u2103~+60\u2103  Maintenance: No\" \/>\n<meta property=\"og:url\" content=\"https:\/\/www.delongtop.com\/de\/product\/12v-6-5ah-18650-rechargeable-sodium-powered-battery\/\" \/>\n<meta property=\"og:site_name\" content=\"Delong Energy\" \/>\n<meta property=\"article:modified_time\" content=\"2024-11-22T09:50:03+00:00\" \/>\n<meta property=\"og:image\" content=\"https:\/\/i0.wp.com\/www.delongtop.com\/wp-content\/uploads\/2024\/03\/Motorcycle-Starter-Battery-Sodium-12V-10Ah-.png?fit=507%2C329&ssl=1\" \/>\n\t<meta property=\"og:image:width\" content=\"507\" \/>\n\t<meta property=\"og:image:height\" content=\"329\" \/>\n\t<meta property=\"og:image:type\" content=\"image\/png\" \/>\n<meta name=\"twitter:card\" content=\"summary_large_image\" \/>\n<meta name=\"twitter:label1\" content=\"Gesch\u00e4tzte Lesezeit\" \/>\n\t<meta name=\"twitter:data1\" content=\"3\u00a0Minuten\" \/>\n<script type=\"application\/ld+json\" class=\"yoast-schema-graph\">{\"@context\":\"https:\/\/schema.org\",\"@graph\":[{\"@type\":\"WebPage\",\"@id\":\"https:\/\/www.delongtop.com\/product\/12v-6-5ah-18650-rechargeable-sodium-powered-battery\/\",\"url\":\"https:\/\/www.delongtop.com\/product\/12v-6-5ah-18650-rechargeable-sodium-powered-battery\/\",\"name\":\"12V 6.5Ah 18650 Rechargeable Sodium Powered Battery - Delong Energy\",\"isPartOf\":{\"@id\":\"https:\/\/www.delongtop.com\/#website\"},\"primaryImageOfPage\":{\"@id\":\"https:\/\/www.delongtop.com\/product\/12v-6-5ah-18650-rechargeable-sodium-powered-battery\/#primaryimage\"},\"image\":{\"@id\":\"https:\/\/www.delongtop.com\/product\/12v-6-5ah-18650-rechargeable-sodium-powered-battery\/#primaryimage\"},\"thumbnailUrl\":\"https:\/\/www.delongtop.com\/wp-content\/uploads\/2024\/03\/Motorcycle-Starter-Battery-Sodium-12V-10Ah-.png\",\"datePublished\":\"2024-03-12T15:31:01+00:00\",\"dateModified\":\"2024-11-22T09:50:03+00:00\",\"breadcrumb\":{\"@id\":\"https:\/\/www.delongtop.com\/product\/12v-6-5ah-18650-rechargeable-sodium-powered-battery\/#breadcrumb\"},\"inLanguage\":\"de\",\"potentialAction\":[{\"@type\":\"ReadAction\",\"target\":[\"https:\/\/www.delongtop.com\/product\/12v-6-5ah-18650-rechargeable-sodium-powered-battery\/\"]}]},{\"@type\":\"ImageObject\",\"inLanguage\":\"de\",\"@id\":\"https:\/\/www.delongtop.com\/product\/12v-6-5ah-18650-rechargeable-sodium-powered-battery\/#primaryimage\",\"url\":\"https:\/\/www.delongtop.com\/wp-content\/uploads\/2024\/03\/Motorcycle-Starter-Battery-Sodium-12V-10Ah-.png\",\"contentUrl\":\"https:\/\/www.delongtop.com\/wp-content\/uploads\/2024\/03\/Motorcycle-Starter-Battery-Sodium-12V-10Ah-.png\"},{\"@type\":\"BreadcrumbList\",\"@id\":\"https:\/\/www.delongtop.com\/product\/12v-6-5ah-18650-rechargeable-sodium-powered-battery\/#breadcrumb\",\"itemListElement\":[{\"@type\":\"ListItem\",\"position\":1,\"name\":\"Home\",\"item\":\"https:\/\/www.delongtop.com\/\"},{\"@type\":\"ListItem\",\"position\":2,\"name\":\"Modern Products\",\"item\":\"https:\/\/www.delongtop.com\/products\/\"},{\"@type\":\"ListItem\",\"position\":3,\"name\":\"12V 6.5Ah 18650 Rechargeable Sodium Powered Battery\"}]},{\"@type\":\"WebSite\",\"@id\":\"https:\/\/www.delongtop.com\/#website\",\"url\":\"https:\/\/www.delongtop.com\/\",\"name\":\"Delong Energy\",\"description\":\"Lithium Ion Battery Manufacturer &amp; Factory In China\",\"potentialAction\":[{\"@type\":\"SearchAction\",\"target\":{\"@type\":\"EntryPoint\",\"urlTemplate\":\"https:\/\/www.delongtop.com\/?s={search_term_string}\"},\"query-input\":{\"@type\":\"PropertyValueSpecification\",\"valueRequired\":true,\"valueName\":\"search_term_string\"}}],\"inLanguage\":\"de\"}]}<\/script>\n<!-- \/ Yoast SEO plugin. -->","yoast_head_json":{"title":"12V 6.5Ah 18650 Rechargeable Sodium Powered Battery - Delong Energy","robots":{"index":"index","follow":"follow","max-snippet":"max-snippet:-1","max-image-preview":"max-image-preview:large","max-video-preview":"max-video-preview:-1"},"canonical":"https:\/\/www.delongtop.com\/de\/product\/12v-6-5ah-18650-rechargeable-sodium-powered-battery\/","og_locale":"de_DE","og_type":"article","og_title":"12V 6.5Ah 18650 Rechargeable Sodium Powered Battery - Delong Energy","og_description":"Voltage: 12 Volt  Capacity: 6.5Ah  Cycle Life: 3000 cycles  Temperature: -40\u2103~+60\u2103  Maintenance: No","og_url":"https:\/\/www.delongtop.com\/de\/product\/12v-6-5ah-18650-rechargeable-sodium-powered-battery\/","og_site_name":"Delong Energy","article_modified_time":"2024-11-22T09:50:03+00:00","og_image":[{"width":507,"height":329,"url":"https:\/\/i0.wp.com\/www.delongtop.com\/wp-content\/uploads\/2024\/03\/Motorcycle-Starter-Battery-Sodium-12V-10Ah-.png?fit=507%2C329&ssl=1","type":"image\/png"}],"twitter_card":"summary_large_image","twitter_misc":{"Gesch\u00e4tzte Lesezeit":"3\u00a0Minuten"},"schema":{"@context":"https:\/\/schema.org","@graph":[{"@type":"WebPage","@id":"https:\/\/www.delongtop.com\/product\/12v-6-5ah-18650-rechargeable-sodium-powered-battery\/","url":"https:\/\/www.delongtop.com\/product\/12v-6-5ah-18650-rechargeable-sodium-powered-battery\/","name":"12V 6.5Ah 18650 Rechargeable Sodium Powered Battery - Delong Energy","isPartOf":{"@id":"https:\/\/www.delongtop.com\/#website"},"primaryImageOfPage":{"@id":"https:\/\/www.delongtop.com\/product\/12v-6-5ah-18650-rechargeable-sodium-powered-battery\/#primaryimage"},"image":{"@id":"https:\/\/www.delongtop.com\/product\/12v-6-5ah-18650-rechargeable-sodium-powered-battery\/#primaryimage"},"thumbnailUrl":"https:\/\/www.delongtop.com\/wp-content\/uploads\/2024\/03\/Motorcycle-Starter-Battery-Sodium-12V-10Ah-.png","datePublished":"2024-03-12T15:31:01+00:00","dateModified":"2024-11-22T09:50:03+00:00","breadcrumb":{"@id":"https:\/\/www.delongtop.com\/product\/12v-6-5ah-18650-rechargeable-sodium-powered-battery\/#breadcrumb"},"inLanguage":"de","potentialAction":[{"@type":"ReadAction","target":["https:\/\/www.delongtop.com\/product\/12v-6-5ah-18650-rechargeable-sodium-powered-battery\/"]}]},{"@type":"ImageObject","inLanguage":"de","@id":"https:\/\/www.delongtop.com\/product\/12v-6-5ah-18650-rechargeable-sodium-powered-battery\/#primaryimage","url":"https:\/\/www.delongtop.com\/wp-content\/uploads\/2024\/03\/Motorcycle-Starter-Battery-Sodium-12V-10Ah-.png","contentUrl":"https:\/\/www.delongtop.com\/wp-content\/uploads\/2024\/03\/Motorcycle-Starter-Battery-Sodium-12V-10Ah-.png"},{"@type":"BreadcrumbList","@id":"https:\/\/www.delongtop.com\/product\/12v-6-5ah-18650-rechargeable-sodium-powered-battery\/#breadcrumb","itemListElement":[{"@type":"ListItem","position":1,"name":"Home","item":"https:\/\/www.delongtop.com\/"},{"@type":"ListItem","position":2,"name":"Modern Products","item":"https:\/\/www.delongtop.com\/products\/"},{"@type":"ListItem","position":3,"name":"12V 6.5Ah 18650 Rechargeable Sodium Powered Battery"}]},{"@type":"WebSite","@id":"https:\/\/www.delongtop.com\/#website","url":"https:\/\/www.delongtop.com\/","name":"Delong Energy","description":"Lithium Ion Battery Manufacturer &amp; Factory In China","potentialAction":[{"@type":"SearchAction","target":{"@type":"EntryPoint","urlTemplate":"https:\/\/www.delongtop.com\/?s={search_term_string}"},"query-input":{"@type":"PropertyValueSpecification","valueRequired":true,"valueName":"search_term_string"}}],"inLanguage":"de"}]}},"jetpack_sharing_enabled":true,"_links":{"self":[{"href":"https:\/\/www.delongtop.com\/de\/wp-json\/wp\/v2\/product\/23356","targetHints":{"allow":["GET"]}}],"collection":[{"href":"https:\/\/www.delongtop.com\/de\/wp-json\/wp\/v2\/product"}],"about":[{"href":"https:\/\/www.delongtop.com\/de\/wp-json\/wp\/v2\/types\/product"}],"replies":[{"embeddable":true,"href":"https:\/\/www.delongtop.com\/de\/wp-json\/wp\/v2\/comments?post=23356"}],"wp:attachment":[{"href":"https:\/\/www.delongtop.com\/de\/wp-json\/wp\/v2\/media?parent=23356"}],"wp:term":[{"taxonomy":"product_brand","embeddable":true,"href":"https:\/\/www.delongtop.com\/de\/wp-json\/wp\/v2\/product_brand?post=23356"},{"taxonomy":"product_cat","embeddable":true,"href":"https:\/\/www.delongtop.com\/de\/wp-json\/wp\/v2\/product_cat?post=23356"},{"taxonomy":"product_tag","embeddable":true,"href":"https:\/\/www.delongtop.com\/de\/wp-json\/wp\/v2\/product_tag?post=23356"}],"curies":[{"name":"wp","href":"https:\/\/api.w.org\/{rel}","templated":true}]}}