{"id":23565,"date":"2024-03-29T07:24:12","date_gmt":"2024-03-29T07:24:12","guid":{"rendered":"https:\/\/www.delongtop.com\/?post_type=product&#038;p=23565"},"modified":"2024-05-02T02:00:07","modified_gmt":"2024-05-02T02:00:07","slug":"204v-307v-409v-512v-50ah-high-voltage-lifepo4-battery","status":"publish","type":"product","link":"https:\/\/www.delongtop.com\/de\/product\/204v-307v-409v-512v-50ah-high-voltage-lifepo4-battery\/","title":{"rendered":"204V \/ 307V \/ 409V \/ 512V 50Ah Hochspannung Lifepo4 Batterie 20-50kwh | LFP-HV32-10"},"content":{"rendered":"<h2><span style=\"color: #339966;\">Merkmal der Hochspannungsbatterie Lifepo4<\/span><\/h2>\n<p><strong><b>Verbesserung der Effizienz<\/b><\/strong>: Hochspannungssysteme k\u00f6nnen den Strom w\u00e4hrend der \u00dcbertragung reduzieren, wodurch Leitungsverluste verringert und die Effizienz der Energie\u00fcbertragung erh\u00f6ht werden.<\/p>\n<p><strong><b>Raumausnutzung<\/b><\/strong>: Bei gleicher Energiespeicherkapazit\u00e4t k\u00f6nnen Hochspannungs-Energiespeichersysteme weniger Platz beanspruchen, da sie weniger Batteriekombinationen parallel verwenden k\u00f6nnen.<\/p>\n<p><strong><b>Systemintegration<\/b><\/strong>: Hochspannungs-Energiespeichersysteme lassen sich leichter in das Stromnetz integrieren und tragen zu einer verbesserten Netzstabilit\u00e4t und Reaktionszeit bei.<\/p>\n<p><strong><b>Langfristige Kosteneinsparungen<\/b><\/strong>: Auch wenn die Anfangsinvestitionen h\u00f6her sind, k\u00f6nnen hohe Effizienz und niedrige Wartungskosten langfristig zu Einsparungen f\u00fcr die Nutzer f\u00fchren.<\/p>\n<p><img data-recalc-dims=\"1\" decoding=\"async\" class=\"lazyload size-full wp-image-23578 aligncenter\" src=\"https:\/\/i0.wp.com\/www.delongtop.com\/wp-content\/uploads\/2024\/03\/Stackable-High-Voltage-Battery-Pack-07.jpg?resize=1000%2C700&#038;ssl=1\" data-orig-src=\"https:\/\/www.delongtop.com\/wp-content\/uploads\/2024\/03\/Stackable-High-Voltage-Battery-Pack-07.jpg\" alt=\"\" width=\"1000\" height=\"700\" srcset=\"data:image\/svg+xml,%3Csvg%20xmlns%3D%27http%3A%2F%2Fwww.w3.org%2F2000%2Fsvg%27%20width%3D%271000%27%20height%3D%27700%27%20viewBox%3D%270%200%201000%20700%27%3E%3Crect%20width%3D%271000%27%20height%3D%27700%27%20fill-opacity%3D%220%22%2F%3E%3C%2Fsvg%3E\" data-srcset=\"https:\/\/i0.wp.com\/www.delongtop.com\/wp-content\/uploads\/2024\/03\/Stackable-High-Voltage-Battery-Pack-07.jpg?resize=200%2C140&amp;ssl=1 200w, https:\/\/i0.wp.com\/www.delongtop.com\/wp-content\/uploads\/2024\/03\/Stackable-High-Voltage-Battery-Pack-07.jpg?resize=300%2C210&amp;ssl=1 300w, https:\/\/i0.wp.com\/www.delongtop.com\/wp-content\/uploads\/2024\/03\/Stackable-High-Voltage-Battery-Pack-07.jpg?resize=400%2C280&amp;ssl=1 400w, https:\/\/i0.wp.com\/www.delongtop.com\/wp-content\/uploads\/2024\/03\/Stackable-High-Voltage-Battery-Pack-07.jpg?resize=500%2C350&amp;ssl=1 500w, https:\/\/i0.wp.com\/www.delongtop.com\/wp-content\/uploads\/2024\/03\/Stackable-High-Voltage-Battery-Pack-07.jpg?resize=600%2C420&amp;ssl=1 600w, https:\/\/i0.wp.com\/www.delongtop.com\/wp-content\/uploads\/2024\/03\/Stackable-High-Voltage-Battery-Pack-07.jpg?resize=700%2C490&amp;ssl=1 700w, https:\/\/i0.wp.com\/www.delongtop.com\/wp-content\/uploads\/2024\/03\/Stackable-High-Voltage-Battery-Pack-07.jpg?resize=768%2C538&amp;ssl=1 768w, https:\/\/i0.wp.com\/www.delongtop.com\/wp-content\/uploads\/2024\/03\/Stackable-High-Voltage-Battery-Pack-07.jpg?resize=800%2C560&amp;ssl=1 800w, https:\/\/i0.wp.com\/www.delongtop.com\/wp-content\/uploads\/2024\/03\/Stackable-High-Voltage-Battery-Pack-07.jpg?w=1000&amp;ssl=1 1000w\" data-sizes=\"auto\" data-orig-sizes=\"(max-width: 1000px) 100vw, 1000px\" \/><\/p>\n<h2><span style=\"color: #339966;\">Anwendung eines Hochspannungsbatteriespeichersystems<\/span><\/h2>\n<p><strong>Speicherung erneuerbarer Energien<\/strong>: Die Erzeugung von erneuerbaren Energien wie Wind- und Sonnenenergie wird stark von den Wetterbedingungen beeinflusst. Hochspannungs-Energiespeicherbatterien k\u00f6nnen Strom speichern, wenn Energie im \u00dcberfluss vorhanden ist, und ihn abgeben, wenn ein Mangel herrscht, und so Angebot und Nachfrage ausgleichen.<\/p>\n<p><strong>Elektrisches Netz<\/strong>: Hochspannungs-Energiespeicher k\u00f6nnen zur Frequenzregulierung und zum Spitzenausgleich im Stromnetz dienen und dessen Stabilit\u00e4t und Zuverl\u00e4ssigkeit, insbesondere in Zeiten hoher Nachfrage, verbessern.<\/p>\n<p><strong>Industrielle Anwendungen<\/strong>: In industriellen Umgebungen, die eine gro\u00dfe Menge an Strom und eine hohe Energiedichte ben\u00f6tigen, wie z. B. gro\u00dfe Produktionsanlagen oder Rechenzentren, k\u00f6nnen Hochspannungs-Energiespeicherbatterien als Notstromversorgung oder zum Lastausgleich dienen.<\/p>\n<p><strong>Transport<\/strong>: Fahrzeuge wie Elektrofahrzeuge (EVs) und elektrifizierte Bahnsysteme k\u00f6nnen Hochspannungs-Energiespeicherbatterien verwenden, um gr\u00f6\u00dfere Reichweiten und eine schnellere Beschleunigung zu erm\u00f6glichen.<\/p>\n<p><strong>Stromhandel und -m\u00e4rkte<\/strong>: Auf dem Strommarkt k\u00f6nnen Hochspannungsbatterien f\u00fcr den Stromhandel, den Kauf und Verkauf von Strom eingesetzt werden, um Preisschwankungen wirtschaftlich auszunutzen.<\/p>\n<p><strong>Kommerzielle Geb\u00e4ude<\/strong>: In Gesch\u00e4ftsgeb\u00e4uden, in denen das Management von Lastspitzen und Energiekosten eine Rolle spielt, k\u00f6nnen Hochspannungsbatterien f\u00fcr die Nachfragesteuerung sorgen.<\/p>\n<p><strong>Microgrids und netzunabh\u00e4ngige Energiesysteme<\/strong>: In abgelegenen Gebieten oder auf Inseln k\u00f6nnen Hochspannungsspeicherbatterien mit Microgrids kombiniert werden, um eine stabile und unabh\u00e4ngige Stromversorgung zu gew\u00e4hrleisten.<\/p>\n<p><strong>Notstrom- und unterbrechungsfreie Stromversorgungssysteme (UPS)<\/strong>: In Krankenh\u00e4usern, Rechenzentren und anderen kritischen Einrichtungen, die eine kontinuierliche Stromversorgung ben\u00f6tigen, k\u00f6nnen Hochspannungsbatterien die kritischen Verbraucher bei Unterbrechungen der Stromversorgung mit Strom versorgen.<\/p>\n<p><img decoding=\"async\" class=\"lazyload aligncenter wp-image-23572\" src=\"data:image\/svg+xml,%3Csvg%20xmlns%3D%27http%3A%2F%2Fwww.w3.org%2F2000%2Fsvg%27%20width%3D%271000%27%20height%3D%271607%27%20viewBox%3D%270%200%201000%201607%27%3E%3Crect%20width%3D%271000%27%20height%3D%271607%27%20fill-opacity%3D%220%22%2F%3E%3C%2Fsvg%3E\" data-orig-src=\"https:\/\/www.delongtop.com\/wp-content\/uploads\/2024\/03\/\u65e9\u4e2d\u665a\u7528\u7535\u65b9\u6848.jpg\" alt=\"\" width=\"1000\" height=\"1607\" \/><\/p>","protected":false},"excerpt":{"rendered":"<ul>\n<li>204V \/ 307V \/ 409V \/ 512V 50Ah<\/li>\n<li>20kwh \/ 30kwh \/ 40kwh \/ 50kwh<\/li>\n<li>Schutzart des Geh\u00e4uses: IP20<\/li>\n<li>Effizienz der Hin- und R\u00fcckfahrt: \u226595%<\/li>\n<li>Kommunikationsanschluss: CAN\/RS485<\/li>\n<li>Zertifizierung und Lizenzierung: CE \/ UN38.3 \/ MSDS<\/li>\n<\/ul>","protected":false},"featured_media":23579,"comment_status":"open","ping_status":"closed","template":"","meta":[],"product_brand":[],"product_cat":[100,207],"product_tag":[],"class_list":{"0":"post-23565","1":"product","2":"type-product","3":"status-publish","4":"has-post-thumbnail","6":"product_cat-energy-storage-battery","7":"product_cat-stackable-lithium-battery","9":"first","10":"instock","11":"shipping-taxable","12":"product-type-simple"},"yoast_head":"<!-- This site is optimized with the Yoast SEO plugin v25.0 - https:\/\/yoast.com\/wordpress\/plugins\/seo\/ -->\n<title>204V \/ 307V \/ 409V \/ 512V 50Ah High Voltage Lifepo4 Battery 20-50kwh | LFP-HV32-10 - Delong Energy<\/title>\n<meta name=\"robots\" content=\"index, follow, max-snippet:-1, max-image-preview:large, max-video-preview:-1\" \/>\n<link rel=\"canonical\" href=\"https:\/\/www.delongtop.com\/de\/product\/204v-307v-409v-512v-50ah-high-voltage-lifepo4-battery\/\" \/>\n<meta property=\"og:locale\" content=\"de_DE\" \/>\n<meta property=\"og:type\" content=\"article\" \/>\n<meta property=\"og:title\" content=\"204V \/ 307V \/ 409V \/ 512V 50Ah High Voltage Lifepo4 Battery 20-50kwh | LFP-HV32-10 - Delong Energy\" \/>\n<meta property=\"og:description\" content=\"204V \/ 307V \/ 409V \/ 512V 50Ah  20kwh \/ 30kwh \/ 40kwh \/ 50kwh  Enclosure Protection Rating: IP20  Round-trip Efficiency: \u226595%  Communication Port: CAN\/RS485  Certification &amp; Licensing: CE \/ UN38.3 \/ MSDS\" \/>\n<meta property=\"og:url\" content=\"https:\/\/www.delongtop.com\/de\/product\/204v-307v-409v-512v-50ah-high-voltage-lifepo4-battery\/\" \/>\n<meta property=\"og:site_name\" content=\"Delong Energy\" \/>\n<meta property=\"article:modified_time\" content=\"2024-05-02T02:00:07+00:00\" \/>\n<meta property=\"og:image\" content=\"https:\/\/i0.wp.com\/www.delongtop.com\/wp-content\/uploads\/2024\/03\/Stackable-High-Voltage-Battery-Pack.jpg?fit=1200%2C1200&ssl=1\" \/>\n\t<meta property=\"og:image:width\" content=\"1200\" \/>\n\t<meta property=\"og:image:height\" content=\"1200\" \/>\n\t<meta property=\"og:image:type\" content=\"image\/jpeg\" \/>\n<meta name=\"twitter:card\" content=\"summary_large_image\" \/>\n<meta name=\"twitter:label1\" content=\"Gesch\u00e4tzte Lesezeit\" \/>\n\t<meta name=\"twitter:data1\" content=\"3\u00a0Minuten\" \/>\n<script type=\"application\/ld+json\" class=\"yoast-schema-graph\">{\"@context\":\"https:\/\/schema.org\",\"@graph\":[{\"@type\":\"WebPage\",\"@id\":\"https:\/\/www.delongtop.com\/product\/204v-307v-409v-512v-50ah-high-voltage-lifepo4-battery\/\",\"url\":\"https:\/\/www.delongtop.com\/product\/204v-307v-409v-512v-50ah-high-voltage-lifepo4-battery\/\",\"name\":\"204V \/ 307V \/ 409V \/ 512V 50Ah High Voltage Lifepo4 Battery 20-50kwh | LFP-HV32-10 - Delong Energy\",\"isPartOf\":{\"@id\":\"https:\/\/www.delongtop.com\/#website\"},\"primaryImageOfPage\":{\"@id\":\"https:\/\/www.delongtop.com\/product\/204v-307v-409v-512v-50ah-high-voltage-lifepo4-battery\/#primaryimage\"},\"image\":{\"@id\":\"https:\/\/www.delongtop.com\/product\/204v-307v-409v-512v-50ah-high-voltage-lifepo4-battery\/#primaryimage\"},\"thumbnailUrl\":\"https:\/\/i0.wp.com\/www.delongtop.com\/wp-content\/uploads\/2024\/03\/Stackable-High-Voltage-Battery-Pack.jpg?fit=1200%2C1200&ssl=1\",\"datePublished\":\"2024-03-29T07:24:12+00:00\",\"dateModified\":\"2024-05-02T02:00:07+00:00\",\"breadcrumb\":{\"@id\":\"https:\/\/www.delongtop.com\/product\/204v-307v-409v-512v-50ah-high-voltage-lifepo4-battery\/#breadcrumb\"},\"inLanguage\":\"de\",\"potentialAction\":[{\"@type\":\"ReadAction\",\"target\":[\"https:\/\/www.delongtop.com\/product\/204v-307v-409v-512v-50ah-high-voltage-lifepo4-battery\/\"]}]},{\"@type\":\"ImageObject\",\"inLanguage\":\"de\",\"@id\":\"https:\/\/www.delongtop.com\/product\/204v-307v-409v-512v-50ah-high-voltage-lifepo4-battery\/#primaryimage\",\"url\":\"https:\/\/i0.wp.com\/www.delongtop.com\/wp-content\/uploads\/2024\/03\/Stackable-High-Voltage-Battery-Pack.jpg?fit=1200%2C1200&ssl=1\",\"contentUrl\":\"https:\/\/i0.wp.com\/www.delongtop.com\/wp-content\/uploads\/2024\/03\/Stackable-High-Voltage-Battery-Pack.jpg?fit=1200%2C1200&ssl=1\",\"width\":1200,\"height\":1200,\"caption\":\"Stackable High Voltage Battery Pack\"},{\"@type\":\"BreadcrumbList\",\"@id\":\"https:\/\/www.delongtop.com\/product\/204v-307v-409v-512v-50ah-high-voltage-lifepo4-battery\/#breadcrumb\",\"itemListElement\":[{\"@type\":\"ListItem\",\"position\":1,\"name\":\"Home\",\"item\":\"https:\/\/www.delongtop.com\/\"},{\"@type\":\"ListItem\",\"position\":2,\"name\":\"Modern Products\",\"item\":\"https:\/\/www.delongtop.com\/products\/\"},{\"@type\":\"ListItem\",\"position\":3,\"name\":\"204V \/ 307V \/ 409V \/ 512V 50Ah High Voltage Lifepo4 Battery 20-50kwh | LFP-HV32-10\"}]},{\"@type\":\"WebSite\",\"@id\":\"https:\/\/www.delongtop.com\/#website\",\"url\":\"https:\/\/www.delongtop.com\/\",\"name\":\"Delong Energy\",\"description\":\"Lithium Ion Battery Manufacturer &amp; Factory In China\",\"potentialAction\":[{\"@type\":\"SearchAction\",\"target\":{\"@type\":\"EntryPoint\",\"urlTemplate\":\"https:\/\/www.delongtop.com\/?s={search_term_string}\"},\"query-input\":{\"@type\":\"PropertyValueSpecification\",\"valueRequired\":true,\"valueName\":\"search_term_string\"}}],\"inLanguage\":\"de\"}]}<\/script>\n<!-- \/ Yoast SEO plugin. -->","yoast_head_json":{"title":"204V \/ 307V \/ 409V \/ 512V 50Ah High Voltage Lifepo4 Battery 20-50kwh | LFP-HV32-10 - Delong Energy","robots":{"index":"index","follow":"follow","max-snippet":"max-snippet:-1","max-image-preview":"max-image-preview:large","max-video-preview":"max-video-preview:-1"},"canonical":"https:\/\/www.delongtop.com\/de\/product\/204v-307v-409v-512v-50ah-high-voltage-lifepo4-battery\/","og_locale":"de_DE","og_type":"article","og_title":"204V \/ 307V \/ 409V \/ 512V 50Ah High Voltage Lifepo4 Battery 20-50kwh | LFP-HV32-10 - Delong Energy","og_description":"204V \/ 307V \/ 409V \/ 512V 50Ah  20kwh \/ 30kwh \/ 40kwh \/ 50kwh  Enclosure Protection Rating: IP20  Round-trip Efficiency: \u226595%  Communication Port: CAN\/RS485  Certification &amp; Licensing: CE \/ UN38.3 \/ MSDS","og_url":"https:\/\/www.delongtop.com\/de\/product\/204v-307v-409v-512v-50ah-high-voltage-lifepo4-battery\/","og_site_name":"Delong Energy","article_modified_time":"2024-05-02T02:00:07+00:00","og_image":[{"width":1200,"height":1200,"url":"https:\/\/i0.wp.com\/www.delongtop.com\/wp-content\/uploads\/2024\/03\/Stackable-High-Voltage-Battery-Pack.jpg?fit=1200%2C1200&ssl=1","type":"image\/jpeg"}],"twitter_card":"summary_large_image","twitter_misc":{"Gesch\u00e4tzte Lesezeit":"3\u00a0Minuten"},"schema":{"@context":"https:\/\/schema.org","@graph":[{"@type":"WebPage","@id":"https:\/\/www.delongtop.com\/product\/204v-307v-409v-512v-50ah-high-voltage-lifepo4-battery\/","url":"https:\/\/www.delongtop.com\/product\/204v-307v-409v-512v-50ah-high-voltage-lifepo4-battery\/","name":"204V \/ 307V \/ 409V \/ 512V 50Ah High Voltage Lifepo4 Battery 20-50kwh | LFP-HV32-10 - Delong Energy","isPartOf":{"@id":"https:\/\/www.delongtop.com\/#website"},"primaryImageOfPage":{"@id":"https:\/\/www.delongtop.com\/product\/204v-307v-409v-512v-50ah-high-voltage-lifepo4-battery\/#primaryimage"},"image":{"@id":"https:\/\/www.delongtop.com\/product\/204v-307v-409v-512v-50ah-high-voltage-lifepo4-battery\/#primaryimage"},"thumbnailUrl":"https:\/\/i0.wp.com\/www.delongtop.com\/wp-content\/uploads\/2024\/03\/Stackable-High-Voltage-Battery-Pack.jpg?fit=1200%2C1200&ssl=1","datePublished":"2024-03-29T07:24:12+00:00","dateModified":"2024-05-02T02:00:07+00:00","breadcrumb":{"@id":"https:\/\/www.delongtop.com\/product\/204v-307v-409v-512v-50ah-high-voltage-lifepo4-battery\/#breadcrumb"},"inLanguage":"de","potentialAction":[{"@type":"ReadAction","target":["https:\/\/www.delongtop.com\/product\/204v-307v-409v-512v-50ah-high-voltage-lifepo4-battery\/"]}]},{"@type":"ImageObject","inLanguage":"de","@id":"https:\/\/www.delongtop.com\/product\/204v-307v-409v-512v-50ah-high-voltage-lifepo4-battery\/#primaryimage","url":"https:\/\/i0.wp.com\/www.delongtop.com\/wp-content\/uploads\/2024\/03\/Stackable-High-Voltage-Battery-Pack.jpg?fit=1200%2C1200&ssl=1","contentUrl":"https:\/\/i0.wp.com\/www.delongtop.com\/wp-content\/uploads\/2024\/03\/Stackable-High-Voltage-Battery-Pack.jpg?fit=1200%2C1200&ssl=1","width":1200,"height":1200,"caption":"Stackable High Voltage Battery Pack"},{"@type":"BreadcrumbList","@id":"https:\/\/www.delongtop.com\/product\/204v-307v-409v-512v-50ah-high-voltage-lifepo4-battery\/#breadcrumb","itemListElement":[{"@type":"ListItem","position":1,"name":"Home","item":"https:\/\/www.delongtop.com\/"},{"@type":"ListItem","position":2,"name":"Modern Products","item":"https:\/\/www.delongtop.com\/products\/"},{"@type":"ListItem","position":3,"name":"204V \/ 307V \/ 409V \/ 512V 50Ah High Voltage Lifepo4 Battery 20-50kwh | LFP-HV32-10"}]},{"@type":"WebSite","@id":"https:\/\/www.delongtop.com\/#website","url":"https:\/\/www.delongtop.com\/","name":"Delong Energy","description":"Lithium Ion Battery Manufacturer &amp; Factory In China","potentialAction":[{"@type":"SearchAction","target":{"@type":"EntryPoint","urlTemplate":"https:\/\/www.delongtop.com\/?s={search_term_string}"},"query-input":{"@type":"PropertyValueSpecification","valueRequired":true,"valueName":"search_term_string"}}],"inLanguage":"de"}]}},"jetpack_sharing_enabled":true,"_links":{"self":[{"href":"https:\/\/www.delongtop.com\/de\/wp-json\/wp\/v2\/product\/23565","targetHints":{"allow":["GET"]}}],"collection":[{"href":"https:\/\/www.delongtop.com\/de\/wp-json\/wp\/v2\/product"}],"about":[{"href":"https:\/\/www.delongtop.com\/de\/wp-json\/wp\/v2\/types\/product"}],"replies":[{"embeddable":true,"href":"https:\/\/www.delongtop.com\/de\/wp-json\/wp\/v2\/comments?post=23565"}],"wp:featuredmedia":[{"embeddable":true,"href":"https:\/\/www.delongtop.com\/de\/wp-json\/wp\/v2\/media\/23579"}],"wp:attachment":[{"href":"https:\/\/www.delongtop.com\/de\/wp-json\/wp\/v2\/media?parent=23565"}],"wp:term":[{"taxonomy":"product_brand","embeddable":true,"href":"https:\/\/www.delongtop.com\/de\/wp-json\/wp\/v2\/product_brand?post=23565"},{"taxonomy":"product_cat","embeddable":true,"href":"https:\/\/www.delongtop.com\/de\/wp-json\/wp\/v2\/product_cat?post=23565"},{"taxonomy":"product_tag","embeddable":true,"href":"https:\/\/www.delongtop.com\/de\/wp-json\/wp\/v2\/product_tag?post=23565"}],"curies":[{"name":"wp","href":"https:\/\/api.w.org\/{rel}","templated":true}]}}