{"id":21800,"date":"2023-10-20T09:38:53","date_gmt":"2023-10-20T09:38:53","guid":{"rendered":"https:\/\/www.delongtop.com\/?post_type=product&#038;p=21800"},"modified":"2023-12-18T02:58:01","modified_gmt":"2023-12-18T02:58:01","slug":"25-6v-100ah-lifepo4-powerwall-2-56kwh-wall-mounted-lithium-battery-dl-lfp24100j","status":"publish","type":"product","link":"https:\/\/www.delongtop.com\/es\/product\/25-6v-100ah-lifepo4-powerwall-2-56kwh-wall-mounted-lithium-battery-dl-lfp24100j\/","title":{"rendered":"Bater\u00eda de litio de 25,6V 100Ah Lifepo4 Powerwall 2,56kwh para montaje en pared DL-LFP24100J"},"content":{"rendered":"<div>\n<h3><span style=\"color: #339966;\"><strong><b>Bater\u00eda de litio de 25,6V 100Ah Lifepo4 Powerwall 2,56kwh para montaje en pared<\/b><\/strong><strong><b>\u00a0Para bater\u00edas solares residenciales<\/b><\/strong><\/span><\/h3>\n<p>La bater\u00eda mural de 25,6V 100Ah 2,56kwh de Delong Energy es ligera, s\u00f3lo pesa 27,5kg. El dise\u00f1o de aspecto compacto reduce el grosor del producto y hace que la bater\u00eda sea m\u00e1s peque\u00f1a. El material del electrodo positivo de la bater\u00eda mural es fosfato de hierro y litio, que tiene un mejor rendimiento de seguridad. El sistema de gesti\u00f3n de la bater\u00eda incorporado tiene funciones de protecci\u00f3n contra sobrecarga, sobredescarga, sobrecorriente, alta y baja temperatura.<\/p>\n<\/div>\n<h3><\/h3>\n<h3><span style=\"color: #339966;\"><strong><b>Ventajas de <\/b><\/strong><strong><b>2,56 kWh <\/b><\/strong><b><\/b><\/span><span style=\"color: #339966;\"><strong><b>Powerwall Lifepo4<\/b><\/strong><\/span><\/h3>\n<ul>\n<li>Bater\u00eda de litio montada en la pared para ahorrar espacio<\/li>\n<li>El BMS inteligente integrado controla la bater\u00eda en tiempo real<\/li>\n<li>Las pilas LiFePO4 de grado A, como las CATL, tienen mayor seguridad.<\/li>\n<li>M\u00e1s de 6500 ciclos de larga duraci\u00f3n Reduzca sus costes: Puede utilizar la bater\u00eda hasta 12 a\u00f1os.<\/li>\n<li>Soporta la conexi\u00f3n en paralelo para ampliar la capacidad,5kwh,10kwh,15kwh,20kwh,25kwh, etc.<\/li>\n<li>Admite personalizaci\u00f3n para satisfacer sus necesidades, montaje en pared, montaje en bastidor, todo en uno y apilable.<\/li>\n<li>Certificaciones internacionales como CE, MSDS, UN38.3, ISO e IEC.<\/li>\n<li>Compatible con inversores de varias marcas, como Deye, Growatt y Goodwe.<\/li>\n<\/ul>\n<h3><\/h3>\n<h3><span style=\"color: #339966;\"><strong>Aplicaci\u00f3n de la bater\u00eda de litio mural de 25,6 V y 100 Ah<\/strong><\/span><\/h3>\n<div>\n<p>La bater\u00eda de litio de 25,6 V y 100 Ah para montaje en pared tiene una gran seguridad, densidad energ\u00e9tica y escalabilidad robusta. Es muy adecuada para el almacenamiento de energ\u00eda dom\u00e9stica, almacenamiento de energ\u00eda solar, sistemas SAI, oficinas corporativas, comunicaciones, estaciones base, sistemas de alimentaci\u00f3n, etc.<\/p>\n<h3><\/h3>\n<h3><span style=\"color: #339966;\"><strong><b>Acerca de Delong Energy - Fabricante de bater\u00edas de litio de pared<\/b><\/strong><\/span><\/h3>\n<p>Fundada en 2012, contamos con una f\u00e1brica de bater\u00edas de litio de 6.000 metros cuadrados y 3 l\u00edneas de producci\u00f3n avanzadas. Los procesos de producci\u00f3n de alta eficiencia permiten a los clientes recibir los productos solicitados a tiempo. No solo suministramos bater\u00edas de litio de 12 V, sino que tambi\u00e9n podemos personalizar soluciones de almacenamiento de energ\u00eda para el hogar, como bater\u00edas solares montadas en la pared, sistemas de almacenamiento de energ\u00eda todo en uno, bater\u00edas de litio apilables y bater\u00edas lifepo4 de montaje en bastidor. Las bater\u00edas de litio Delong se exportan a Reino Unido, Alemania, Estados Unidos, Italia, Polonia, Australia, Jap\u00f3n, Corea del Sur, etc.<\/p>\n<div id=\"attachment_21815\" style=\"width: 1010px\" class=\"wp-caption aligncenter\"><img data-recalc-dims=\"1\" decoding=\"async\" aria-describedby=\"caption-attachment-21815\" class=\"lazyload size-full wp-image-21815\" src=\"https:\/\/i0.wp.com\/www.delongtop.com\/wp-content\/uploads\/2023\/10\/About-Delong-Energy.jpg?resize=1000%2C800\" data-orig-src=\"http:\/\/www.delongtop.com\/wp-content\/uploads\/2023\/10\/About-Delong-Energy.jpg\" alt=\"Acerca de Delong Energy\" width=\"1000\" height=\"800\" srcset=\"data:image\/svg+xml,%3Csvg%20xmlns%3D%27http%3A%2F%2Fwww.w3.org%2F2000%2Fsvg%27%20width%3D%271000%27%20height%3D%27800%27%20viewBox%3D%270%200%201000%20800%27%3E%3Crect%20width%3D%271000%27%20height%3D%27800%27%20fill-opacity%3D%220%22%2F%3E%3C%2Fsvg%3E\" data-srcset=\"https:\/\/i0.wp.com\/www.delongtop.com\/wp-content\/uploads\/2023\/10\/About-Delong-Energy.jpg?resize=177%2C142&amp;ssl=1 177w, https:\/\/i0.wp.com\/www.delongtop.com\/wp-content\/uploads\/2023\/10\/About-Delong-Energy.jpg?resize=200%2C160&amp;ssl=1 200w, https:\/\/i0.wp.com\/www.delongtop.com\/wp-content\/uploads\/2023\/10\/About-Delong-Energy.jpg?resize=300%2C240&amp;ssl=1 300w, https:\/\/i0.wp.com\/www.delongtop.com\/wp-content\/uploads\/2023\/10\/About-Delong-Energy.jpg?resize=400%2C320&amp;ssl=1 400w, https:\/\/i0.wp.com\/www.delongtop.com\/wp-content\/uploads\/2023\/10\/About-Delong-Energy.jpg?resize=500%2C400&amp;ssl=1 500w, https:\/\/i0.wp.com\/www.delongtop.com\/wp-content\/uploads\/2023\/10\/About-Delong-Energy.jpg?resize=600%2C480&amp;ssl=1 600w, https:\/\/i0.wp.com\/www.delongtop.com\/wp-content\/uploads\/2023\/10\/About-Delong-Energy.jpg?resize=700%2C560&amp;ssl=1 700w, https:\/\/i0.wp.com\/www.delongtop.com\/wp-content\/uploads\/2023\/10\/About-Delong-Energy.jpg?resize=768%2C614&amp;ssl=1 768w, https:\/\/i0.wp.com\/www.delongtop.com\/wp-content\/uploads\/2023\/10\/About-Delong-Energy.jpg?resize=800%2C640&amp;ssl=1 800w, https:\/\/i0.wp.com\/www.delongtop.com\/wp-content\/uploads\/2023\/10\/About-Delong-Energy.jpg?fit=1000%2C800&amp;ssl=1 1000w\" data-sizes=\"auto\" data-orig-sizes=\"(max-width: 1000px) 100vw, 1000px\" \/><p id=\"caption-attachment-21815\" class=\"wp-caption-text\">Acerca de Delong Energy<\/p><\/div>\n<h3><\/h3>\n<h3><span style=\"color: #339966;\"><strong><b>Por qu\u00e9 elegir Delong Energy como proveedor<\/b><\/strong><\/span><\/h3>\n<ul>\n<li>F\u00e1brica con 11 a\u00f1os de experiencia en la fabricaci\u00f3n de bater\u00edas de litio;<\/li>\n<li>Alta eficiencia de producci\u00f3n: 3 l\u00edneas de producci\u00f3n y m\u00e1s de 200 trabajadores cualificados;<\/li>\n<li>Un equipo profesional de I+D adapta los par\u00e1metros, las funciones y el aspecto de la bater\u00eda;<\/li>\n<li>Servicios profesionales de preventa y posventa, sugerencias pr\u00e1cticas y asistencia t\u00e9cnica;<\/li>\n<li>Ofrecemos servicios de personalizaci\u00f3n, OEM, ODM y pruebas de muestras.<\/li>\n<\/ul>\n<h3><\/h3>\n<h3><span style=\"color: #339966;\"><strong><b>Posventa sin preocupaciones<\/b><\/strong><\/span><\/h3>\n<p>Ofrecemos una garant\u00eda genuina de 10 a\u00f1os para proporcionar servicio posventa y soporte tecnol\u00f3gico.<\/p>\n<p>* Reenv\u00edo de una bater\u00eda nueva en el primer a\u00f1o si hay alg\u00fan problema con la calidad del producto.<\/p>\n<p>* Proporcionamos accesorios de compra gratis dentro de la garant\u00eda del 2\u00ba~5\u00ba a\u00f1o.<\/p>\n<p>* Proporcionamos soporte tecnol\u00f3gico gratuito dentro del 6\u00ba~10\u00ba a\u00f1o de garant\u00eda.<\/p>\n<h3><\/h3>\n<h3><span style=\"color: #339966;\"><strong><b>Bater\u00eda de litio de montaje en pared Certificaciones<\/b><\/strong><\/span><\/h3>\n<p><img data-recalc-dims=\"1\" decoding=\"async\" class=\"lazyload size-full wp-image-21345 aligncenter\" src=\"https:\/\/i0.wp.com\/www.delongtop.com\/wp-content\/uploads\/2023\/10\/Lithium-Battery-Certification.jpg?resize=1170%2C488\" data-orig-src=\"http:\/\/www.delongtop.com\/wp-content\/uploads\/2023\/10\/Lithium-Battery-Certification.jpg\" alt=\"Certificaci\u00f3n de bater\u00edas de litio\" width=\"1170\" height=\"488\" srcset=\"data:image\/svg+xml,%3Csvg%20xmlns%3D%27http%3A%2F%2Fwww.w3.org%2F2000%2Fsvg%27%20width%3D%271920%27%20height%3D%27800%27%20viewBox%3D%270%200%201920%20800%27%3E%3Crect%20width%3D%271920%27%20height%3D%27800%27%20fill-opacity%3D%220%22%2F%3E%3C%2Fsvg%3E\" data-srcset=\"https:\/\/i0.wp.com\/www.delongtop.com\/wp-content\/uploads\/2023\/10\/Lithium-Battery-Certification.jpg?resize=200%2C83&amp;ssl=1 200w, https:\/\/i0.wp.com\/www.delongtop.com\/wp-content\/uploads\/2023\/10\/Lithium-Battery-Certification.jpg?resize=300%2C125&amp;ssl=1 300w, https:\/\/i0.wp.com\/www.delongtop.com\/wp-content\/uploads\/2023\/10\/Lithium-Battery-Certification.jpg?resize=400%2C167&amp;ssl=1 400w, https:\/\/i0.wp.com\/www.delongtop.com\/wp-content\/uploads\/2023\/10\/Lithium-Battery-Certification.jpg?resize=500%2C208&amp;ssl=1 500w, https:\/\/i0.wp.com\/www.delongtop.com\/wp-content\/uploads\/2023\/10\/Lithium-Battery-Certification.jpg?resize=600%2C250&amp;ssl=1 600w, https:\/\/i0.wp.com\/www.delongtop.com\/wp-content\/uploads\/2023\/10\/Lithium-Battery-Certification.jpg?resize=700%2C292&amp;ssl=1 700w, https:\/\/i0.wp.com\/www.delongtop.com\/wp-content\/uploads\/2023\/10\/Lithium-Battery-Certification.jpg?resize=768%2C320&amp;ssl=1 768w, https:\/\/i0.wp.com\/www.delongtop.com\/wp-content\/uploads\/2023\/10\/Lithium-Battery-Certification.jpg?resize=800%2C333&amp;ssl=1 800w, https:\/\/i0.wp.com\/www.delongtop.com\/wp-content\/uploads\/2023\/10\/Lithium-Battery-Certification.jpg?resize=1024%2C427&amp;ssl=1 1024w, https:\/\/i0.wp.com\/www.delongtop.com\/wp-content\/uploads\/2023\/10\/Lithium-Battery-Certification.jpg?resize=1200%2C500&amp;ssl=1 1200w, https:\/\/i0.wp.com\/www.delongtop.com\/wp-content\/uploads\/2023\/10\/Lithium-Battery-Certification.jpg?resize=1536%2C640&amp;ssl=1 1536w, https:\/\/i0.wp.com\/www.delongtop.com\/wp-content\/uploads\/2023\/10\/Lithium-Battery-Certification.jpg?fit=1920%2C800&amp;ssl=1 1920w\" data-sizes=\"auto\" data-orig-sizes=\"(max-width: 1170px) 100vw, 1170px\" \/><\/p>\n<h3><span style=\"color: #339966;\"><strong><b>Lista de inversores compatibles <\/b><\/strong><\/span><\/h3>\n<div id=\"attachment_21816\" style=\"width: 1010px\" class=\"wp-caption aligncenter\"><img data-recalc-dims=\"1\" decoding=\"async\" aria-describedby=\"caption-attachment-21816\" class=\"lazyload size-full wp-image-21816\" src=\"https:\/\/i0.wp.com\/www.delongtop.com\/wp-content\/uploads\/2023\/10\/Compatible-Inverter-List-.png?resize=1000%2C546\" data-orig-src=\"http:\/\/www.delongtop.com\/wp-content\/uploads\/2023\/10\/Compatible-Inverter-List-.png\" alt=\"Lista de inversores compatibles\" width=\"1000\" height=\"546\" srcset=\"data:image\/svg+xml,%3Csvg%20xmlns%3D%27http%3A%2F%2Fwww.w3.org%2F2000%2Fsvg%27%20width%3D%271000%27%20height%3D%27546%27%20viewBox%3D%270%200%201000%20546%27%3E%3Crect%20width%3D%271000%27%20height%3D%27546%27%20fill-opacity%3D%220%22%2F%3E%3C%2Fsvg%3E\" data-srcset=\"https:\/\/i0.wp.com\/www.delongtop.com\/wp-content\/uploads\/2023\/10\/Compatible-Inverter-List-.png?resize=200%2C109&amp;ssl=1 200w, https:\/\/i0.wp.com\/www.delongtop.com\/wp-content\/uploads\/2023\/10\/Compatible-Inverter-List-.png?resize=300%2C164&amp;ssl=1 300w, https:\/\/i0.wp.com\/www.delongtop.com\/wp-content\/uploads\/2023\/10\/Compatible-Inverter-List-.png?resize=400%2C218&amp;ssl=1 400w, https:\/\/i0.wp.com\/www.delongtop.com\/wp-content\/uploads\/2023\/10\/Compatible-Inverter-List-.png?resize=500%2C273&amp;ssl=1 500w, https:\/\/i0.wp.com\/www.delongtop.com\/wp-content\/uploads\/2023\/10\/Compatible-Inverter-List-.png?resize=600%2C328&amp;ssl=1 600w, https:\/\/i0.wp.com\/www.delongtop.com\/wp-content\/uploads\/2023\/10\/Compatible-Inverter-List-.png?resize=700%2C382&amp;ssl=1 700w, https:\/\/i0.wp.com\/www.delongtop.com\/wp-content\/uploads\/2023\/10\/Compatible-Inverter-List-.png?resize=768%2C419&amp;ssl=1 768w, https:\/\/i0.wp.com\/www.delongtop.com\/wp-content\/uploads\/2023\/10\/Compatible-Inverter-List-.png?resize=800%2C437&amp;ssl=1 800w, https:\/\/i0.wp.com\/www.delongtop.com\/wp-content\/uploads\/2023\/10\/Compatible-Inverter-List-.png?fit=1000%2C546&amp;ssl=1 1000w\" data-sizes=\"auto\" data-orig-sizes=\"(max-width: 1000px) 100vw, 1000px\" \/><p id=\"caption-attachment-21816\" class=\"wp-caption-text\">Lista de inversores compatibles<\/p><\/div>\n<p>&nbsp;<\/p>\n<\/div>\n<p>&nbsp;<\/p>","protected":false},"excerpt":{"rendered":"<p>25.6V 100Ah 2.56kwh Lifepo4 Powerwall Bater\u00eda de Almacenamiento| DL-LFP24100J<\/p>","protected":false},"featured_media":22356,"comment_status":"open","ping_status":"closed","template":"","meta":[],"product_brand":[],"product_cat":[100,208],"product_tag":[],"class_list":{"0":"post-21800","1":"product","2":"type-product","3":"status-publish","4":"has-post-thumbnail","6":"product_cat-energy-storage-battery","7":"product_cat-wall-mounted-lithium-battery","9":"first","10":"instock","11":"shipping-taxable","12":"product-type-simple"},"yoast_head":"<!-- This site is optimized with the Yoast SEO plugin v25.0 - https:\/\/yoast.com\/wordpress\/plugins\/seo\/ -->\n<title>25.6V 100Ah Lifepo4 Powerwall 2.56kwh Wall Mounted Lithium Battery DL-LFP24100J - Delong Energy<\/title>\n<meta name=\"description\" content=\"Delong Energy Is A Wall Mounted Lithium Battery Manufacturer in China Supplying 25.6V 100Ah 2.56kwh Lifepo4 Powerwall.\" \/>\n<meta name=\"robots\" content=\"index, follow, max-snippet:-1, max-image-preview:large, max-video-preview:-1\" \/>\n<link rel=\"canonical\" href=\"https:\/\/www.delongtop.com\/es\/product\/25-6v-100ah-lifepo4-powerwall-2-56kwh-wall-mounted-lithium-battery-dl-lfp24100j\/\" \/>\n<meta property=\"og:locale\" content=\"es_ES\" \/>\n<meta property=\"og:type\" content=\"article\" \/>\n<meta property=\"og:title\" content=\"25.6V 100Ah Lifepo4 Powerwall 2.56kwh Wall Mounted Lithium Battery DL-LFP24100J - Delong Energy\" \/>\n<meta property=\"og:description\" content=\"Delong Energy Is A Wall Mounted Lithium Battery Manufacturer in China Supplying 25.6V 100Ah 2.56kwh Lifepo4 Powerwall.\" \/>\n<meta property=\"og:url\" content=\"https:\/\/www.delongtop.com\/es\/product\/25-6v-100ah-lifepo4-powerwall-2-56kwh-wall-mounted-lithium-battery-dl-lfp24100j\/\" \/>\n<meta property=\"og:site_name\" content=\"Delong Energy\" \/>\n<meta property=\"article:modified_time\" content=\"2023-12-18T02:58:01+00:00\" \/>\n<meta property=\"og:image\" content=\"https:\/\/i0.wp.com\/www.delongtop.com\/wp-content\/uploads\/2023\/10\/25.6V-200Ah-Lithium-Powerwall-05.jpg?fit=1000%2C1000&ssl=1\" \/>\n\t<meta property=\"og:image:width\" content=\"1000\" \/>\n\t<meta property=\"og:image:height\" content=\"1000\" \/>\n\t<meta property=\"og:image:type\" content=\"image\/jpeg\" \/>\n<meta name=\"twitter:card\" content=\"summary_large_image\" \/>\n<meta name=\"twitter:label1\" content=\"Tiempo de lectura\" \/>\n\t<meta name=\"twitter:data1\" content=\"3 minutos\" \/>\n<script type=\"application\/ld+json\" class=\"yoast-schema-graph\">{\"@context\":\"https:\/\/schema.org\",\"@graph\":[{\"@type\":\"WebPage\",\"@id\":\"https:\/\/www.delongtop.com\/product\/25-6v-100ah-lifepo4-powerwall-2-56kwh-wall-mounted-lithium-battery-dl-lfp24100j\/\",\"url\":\"https:\/\/www.delongtop.com\/product\/25-6v-100ah-lifepo4-powerwall-2-56kwh-wall-mounted-lithium-battery-dl-lfp24100j\/\",\"name\":\"25.6V 100Ah Lifepo4 Powerwall 2.56kwh Wall Mounted Lithium Battery DL-LFP24100J - Delong Energy\",\"isPartOf\":{\"@id\":\"https:\/\/www.delongtop.com\/#website\"},\"primaryImageOfPage\":{\"@id\":\"https:\/\/www.delongtop.com\/product\/25-6v-100ah-lifepo4-powerwall-2-56kwh-wall-mounted-lithium-battery-dl-lfp24100j\/#primaryimage\"},\"image\":{\"@id\":\"https:\/\/www.delongtop.com\/product\/25-6v-100ah-lifepo4-powerwall-2-56kwh-wall-mounted-lithium-battery-dl-lfp24100j\/#primaryimage\"},\"thumbnailUrl\":\"https:\/\/i0.wp.com\/www.delongtop.com\/wp-content\/uploads\/2023\/10\/25.6V-200Ah-Lithium-Powerwall-05.jpg?fit=1000%2C1000&ssl=1\",\"datePublished\":\"2023-10-20T09:38:53+00:00\",\"dateModified\":\"2023-12-18T02:58:01+00:00\",\"description\":\"Delong Energy Is A Wall Mounted Lithium Battery Manufacturer in China Supplying 25.6V 100Ah 2.56kwh Lifepo4 Powerwall.\",\"breadcrumb\":{\"@id\":\"https:\/\/www.delongtop.com\/product\/25-6v-100ah-lifepo4-powerwall-2-56kwh-wall-mounted-lithium-battery-dl-lfp24100j\/#breadcrumb\"},\"inLanguage\":\"es\",\"potentialAction\":[{\"@type\":\"ReadAction\",\"target\":[\"https:\/\/www.delongtop.com\/product\/25-6v-100ah-lifepo4-powerwall-2-56kwh-wall-mounted-lithium-battery-dl-lfp24100j\/\"]}]},{\"@type\":\"ImageObject\",\"inLanguage\":\"es\",\"@id\":\"https:\/\/www.delongtop.com\/product\/25-6v-100ah-lifepo4-powerwall-2-56kwh-wall-mounted-lithium-battery-dl-lfp24100j\/#primaryimage\",\"url\":\"https:\/\/i0.wp.com\/www.delongtop.com\/wp-content\/uploads\/2023\/10\/25.6V-200Ah-Lithium-Powerwall-05.jpg?fit=1000%2C1000&ssl=1\",\"contentUrl\":\"https:\/\/i0.wp.com\/www.delongtop.com\/wp-content\/uploads\/2023\/10\/25.6V-200Ah-Lithium-Powerwall-05.jpg?fit=1000%2C1000&ssl=1\",\"width\":1000,\"height\":1000,\"caption\":\"Lithium Powerwall\"},{\"@type\":\"BreadcrumbList\",\"@id\":\"https:\/\/www.delongtop.com\/product\/25-6v-100ah-lifepo4-powerwall-2-56kwh-wall-mounted-lithium-battery-dl-lfp24100j\/#breadcrumb\",\"itemListElement\":[{\"@type\":\"ListItem\",\"position\":1,\"name\":\"Home\",\"item\":\"https:\/\/www.delongtop.com\/\"},{\"@type\":\"ListItem\",\"position\":2,\"name\":\"Modern Products\",\"item\":\"https:\/\/www.delongtop.com\/products\/\"},{\"@type\":\"ListItem\",\"position\":3,\"name\":\"25.6V 100Ah Lifepo4 Powerwall 2.56kwh Wall Mounted Lithium Battery DL-LFP24100J\"}]},{\"@type\":\"WebSite\",\"@id\":\"https:\/\/www.delongtop.com\/#website\",\"url\":\"https:\/\/www.delongtop.com\/\",\"name\":\"Delong Energy\",\"description\":\"Lithium Ion Battery Manufacturer &amp; Factory In China\",\"potentialAction\":[{\"@type\":\"SearchAction\",\"target\":{\"@type\":\"EntryPoint\",\"urlTemplate\":\"https:\/\/www.delongtop.com\/?s={search_term_string}\"},\"query-input\":{\"@type\":\"PropertyValueSpecification\",\"valueRequired\":true,\"valueName\":\"search_term_string\"}}],\"inLanguage\":\"es\"}]}<\/script>\n<!-- \/ Yoast SEO plugin. -->","yoast_head_json":{"title":"25.6V 100Ah Lifepo4 Powerwall 2.56kwh Wall Mounted Lithium Battery DL-LFP24100J - Delong Energy","description":"Delong Energy Is A Wall Mounted Lithium Battery Manufacturer in China Supplying 25.6V 100Ah 2.56kwh Lifepo4 Powerwall.","robots":{"index":"index","follow":"follow","max-snippet":"max-snippet:-1","max-image-preview":"max-image-preview:large","max-video-preview":"max-video-preview:-1"},"canonical":"https:\/\/www.delongtop.com\/es\/product\/25-6v-100ah-lifepo4-powerwall-2-56kwh-wall-mounted-lithium-battery-dl-lfp24100j\/","og_locale":"es_ES","og_type":"article","og_title":"25.6V 100Ah Lifepo4 Powerwall 2.56kwh Wall Mounted Lithium Battery DL-LFP24100J - Delong Energy","og_description":"Delong Energy Is A Wall Mounted Lithium Battery Manufacturer in China Supplying 25.6V 100Ah 2.56kwh Lifepo4 Powerwall.","og_url":"https:\/\/www.delongtop.com\/es\/product\/25-6v-100ah-lifepo4-powerwall-2-56kwh-wall-mounted-lithium-battery-dl-lfp24100j\/","og_site_name":"Delong Energy","article_modified_time":"2023-12-18T02:58:01+00:00","og_image":[{"width":1000,"height":1000,"url":"https:\/\/i0.wp.com\/www.delongtop.com\/wp-content\/uploads\/2023\/10\/25.6V-200Ah-Lithium-Powerwall-05.jpg?fit=1000%2C1000&ssl=1","type":"image\/jpeg"}],"twitter_card":"summary_large_image","twitter_misc":{"Tiempo de lectura":"3 minutos"},"schema":{"@context":"https:\/\/schema.org","@graph":[{"@type":"WebPage","@id":"https:\/\/www.delongtop.com\/product\/25-6v-100ah-lifepo4-powerwall-2-56kwh-wall-mounted-lithium-battery-dl-lfp24100j\/","url":"https:\/\/www.delongtop.com\/product\/25-6v-100ah-lifepo4-powerwall-2-56kwh-wall-mounted-lithium-battery-dl-lfp24100j\/","name":"25.6V 100Ah Lifepo4 Powerwall 2.56kwh Wall Mounted Lithium Battery DL-LFP24100J - Delong Energy","isPartOf":{"@id":"https:\/\/www.delongtop.com\/#website"},"primaryImageOfPage":{"@id":"https:\/\/www.delongtop.com\/product\/25-6v-100ah-lifepo4-powerwall-2-56kwh-wall-mounted-lithium-battery-dl-lfp24100j\/#primaryimage"},"image":{"@id":"https:\/\/www.delongtop.com\/product\/25-6v-100ah-lifepo4-powerwall-2-56kwh-wall-mounted-lithium-battery-dl-lfp24100j\/#primaryimage"},"thumbnailUrl":"https:\/\/i0.wp.com\/www.delongtop.com\/wp-content\/uploads\/2023\/10\/25.6V-200Ah-Lithium-Powerwall-05.jpg?fit=1000%2C1000&ssl=1","datePublished":"2023-10-20T09:38:53+00:00","dateModified":"2023-12-18T02:58:01+00:00","description":"Delong Energy Is A Wall Mounted Lithium Battery Manufacturer in China Supplying 25.6V 100Ah 2.56kwh Lifepo4 Powerwall.","breadcrumb":{"@id":"https:\/\/www.delongtop.com\/product\/25-6v-100ah-lifepo4-powerwall-2-56kwh-wall-mounted-lithium-battery-dl-lfp24100j\/#breadcrumb"},"inLanguage":"es","potentialAction":[{"@type":"ReadAction","target":["https:\/\/www.delongtop.com\/product\/25-6v-100ah-lifepo4-powerwall-2-56kwh-wall-mounted-lithium-battery-dl-lfp24100j\/"]}]},{"@type":"ImageObject","inLanguage":"es","@id":"https:\/\/www.delongtop.com\/product\/25-6v-100ah-lifepo4-powerwall-2-56kwh-wall-mounted-lithium-battery-dl-lfp24100j\/#primaryimage","url":"https:\/\/i0.wp.com\/www.delongtop.com\/wp-content\/uploads\/2023\/10\/25.6V-200Ah-Lithium-Powerwall-05.jpg?fit=1000%2C1000&ssl=1","contentUrl":"https:\/\/i0.wp.com\/www.delongtop.com\/wp-content\/uploads\/2023\/10\/25.6V-200Ah-Lithium-Powerwall-05.jpg?fit=1000%2C1000&ssl=1","width":1000,"height":1000,"caption":"Lithium Powerwall"},{"@type":"BreadcrumbList","@id":"https:\/\/www.delongtop.com\/product\/25-6v-100ah-lifepo4-powerwall-2-56kwh-wall-mounted-lithium-battery-dl-lfp24100j\/#breadcrumb","itemListElement":[{"@type":"ListItem","position":1,"name":"Home","item":"https:\/\/www.delongtop.com\/"},{"@type":"ListItem","position":2,"name":"Modern Products","item":"https:\/\/www.delongtop.com\/products\/"},{"@type":"ListItem","position":3,"name":"25.6V 100Ah Lifepo4 Powerwall 2.56kwh Wall Mounted Lithium Battery DL-LFP24100J"}]},{"@type":"WebSite","@id":"https:\/\/www.delongtop.com\/#website","url":"https:\/\/www.delongtop.com\/","name":"Delong Energy","description":"Lithium Ion Battery Manufacturer &amp; Factory In China","potentialAction":[{"@type":"SearchAction","target":{"@type":"EntryPoint","urlTemplate":"https:\/\/www.delongtop.com\/?s={search_term_string}"},"query-input":{"@type":"PropertyValueSpecification","valueRequired":true,"valueName":"search_term_string"}}],"inLanguage":"es"}]}},"jetpack_sharing_enabled":true,"_links":{"self":[{"href":"https:\/\/www.delongtop.com\/es\/wp-json\/wp\/v2\/product\/21800","targetHints":{"allow":["GET"]}}],"collection":[{"href":"https:\/\/www.delongtop.com\/es\/wp-json\/wp\/v2\/product"}],"about":[{"href":"https:\/\/www.delongtop.com\/es\/wp-json\/wp\/v2\/types\/product"}],"replies":[{"embeddable":true,"href":"https:\/\/www.delongtop.com\/es\/wp-json\/wp\/v2\/comments?post=21800"}],"wp:featuredmedia":[{"embeddable":true,"href":"https:\/\/www.delongtop.com\/es\/wp-json\/wp\/v2\/media\/22356"}],"wp:attachment":[{"href":"https:\/\/www.delongtop.com\/es\/wp-json\/wp\/v2\/media?parent=21800"}],"wp:term":[{"taxonomy":"product_brand","embeddable":true,"href":"https:\/\/www.delongtop.com\/es\/wp-json\/wp\/v2\/product_brand?post=21800"},{"taxonomy":"product_cat","embeddable":true,"href":"https:\/\/www.delongtop.com\/es\/wp-json\/wp\/v2\/product_cat?post=21800"},{"taxonomy":"product_tag","embeddable":true,"href":"https:\/\/www.delongtop.com\/es\/wp-json\/wp\/v2\/product_tag?post=21800"}],"curies":[{"name":"wp","href":"https:\/\/api.w.org\/{rel}","templated":true}]}}