{"id":21804,"date":"2023-10-20T09:48:41","date_gmt":"2023-10-20T09:48:41","guid":{"rendered":"https:\/\/www.delongtop.com\/?post_type=product&#038;p=21804"},"modified":"2024-04-18T08:50:12","modified_gmt":"2024-04-18T08:50:12","slug":"51-2v-50ah-2-56kwh-wall-mounted-solar-battery-dl-lfp5150j","status":"publish","type":"product","link":"https:\/\/www.delongtop.com\/es\/product\/51-2v-50ah-2-56kwh-wall-mounted-solar-battery-dl-lfp5150j\/","title":{"rendered":"Bater\u00eda Solar de Pared 51.2V\/48V 50Ah 2.56kwh DL-LFP5150J"},"content":{"rendered":"<div>\n<h3><span style=\"color: #339966;\"><strong><b>51,2V\/48V 50Ah L<\/b><\/strong><strong><b>ifepo4 <\/b><\/strong><strong><b>B<\/b><\/strong><strong><b>attery<\/b><\/strong><strong><b>\u00a0Pack 2,56kwh <\/b><\/strong><strong><b>Bater\u00eda Solar De Pared Para Almacenamiento De Bater\u00eda Solar Residencial<\/b><\/strong><\/span><\/h3>\n<p>La bater\u00eda solar de pared de 51,2 V y 50 Ah consta de 16 c\u00e9lulas de litio fosfato de hierro (lifepo4) conectadas en serie, con un BMS inteligente integrado. Tienen una tensi\u00f3n nominal de 51,2 V, una corriente de 50 Ah y proporcionan 2,456 kwh de energ\u00eda.<\/p>\n<div id=\"attachment_23752\" style=\"width: 1010px\" class=\"wp-caption aligncenter\"><img data-recalc-dims=\"1\" decoding=\"async\" aria-describedby=\"caption-attachment-23752\" class=\"lazyload size-full wp-image-23752\" src=\"https:\/\/i0.wp.com\/www.delongtop.com\/wp-content\/uploads\/2023\/10\/Wall-Mounted-Residential-Solar-Battery-Storage-Solution.jpg.jpg?resize=1000%2C1000&#038;ssl=1\" data-orig-src=\"https:\/\/www.delongtop.com\/wp-content\/uploads\/2023\/10\/Wall-Mounted-Residential-Solar-Battery-Storage-Solution.jpg.jpg\" alt=\"Soluci\u00f3n de almacenamiento con bater\u00eda solar residencial\" width=\"1000\" height=\"1000\" srcset=\"data:image\/svg+xml,%3Csvg%20xmlns%3D%27http%3A%2F%2Fwww.w3.org%2F2000%2Fsvg%27%20width%3D%271000%27%20height%3D%271000%27%20viewBox%3D%270%200%201000%201000%27%3E%3Crect%20width%3D%271000%27%20height%3D%271000%27%20fill-opacity%3D%220%22%2F%3E%3C%2Fsvg%3E\" data-srcset=\"https:\/\/i0.wp.com\/www.delongtop.com\/wp-content\/uploads\/2023\/10\/Wall-Mounted-Residential-Solar-Battery-Storage-Solution.jpg.jpg?resize=66%2C66&amp;ssl=1 66w, https:\/\/i0.wp.com\/www.delongtop.com\/wp-content\/uploads\/2023\/10\/Wall-Mounted-Residential-Solar-Battery-Storage-Solution.jpg.jpg?resize=100%2C100&amp;ssl=1 100w, https:\/\/i0.wp.com\/www.delongtop.com\/wp-content\/uploads\/2023\/10\/Wall-Mounted-Residential-Solar-Battery-Storage-Solution.jpg.jpg?resize=150%2C150&amp;ssl=1 150w, https:\/\/i0.wp.com\/www.delongtop.com\/wp-content\/uploads\/2023\/10\/Wall-Mounted-Residential-Solar-Battery-Storage-Solution.jpg.jpg?resize=200%2C200&amp;ssl=1 200w, https:\/\/i0.wp.com\/www.delongtop.com\/wp-content\/uploads\/2023\/10\/Wall-Mounted-Residential-Solar-Battery-Storage-Solution.jpg.jpg?resize=300%2C300&amp;ssl=1 300w, https:\/\/i0.wp.com\/www.delongtop.com\/wp-content\/uploads\/2023\/10\/Wall-Mounted-Residential-Solar-Battery-Storage-Solution.jpg.jpg?resize=400%2C400&amp;ssl=1 400w, https:\/\/i0.wp.com\/www.delongtop.com\/wp-content\/uploads\/2023\/10\/Wall-Mounted-Residential-Solar-Battery-Storage-Solution.jpg.jpg?resize=500%2C500&amp;ssl=1 500w, https:\/\/i0.wp.com\/www.delongtop.com\/wp-content\/uploads\/2023\/10\/Wall-Mounted-Residential-Solar-Battery-Storage-Solution.jpg.jpg?resize=600%2C600&amp;ssl=1 600w, https:\/\/i0.wp.com\/www.delongtop.com\/wp-content\/uploads\/2023\/10\/Wall-Mounted-Residential-Solar-Battery-Storage-Solution.jpg.jpg?resize=700%2C700&amp;ssl=1 700w, https:\/\/i0.wp.com\/www.delongtop.com\/wp-content\/uploads\/2023\/10\/Wall-Mounted-Residential-Solar-Battery-Storage-Solution.jpg.jpg?resize=768%2C768&amp;ssl=1 768w, https:\/\/i0.wp.com\/www.delongtop.com\/wp-content\/uploads\/2023\/10\/Wall-Mounted-Residential-Solar-Battery-Storage-Solution.jpg.jpg?resize=800%2C800&amp;ssl=1 800w, https:\/\/i0.wp.com\/www.delongtop.com\/wp-content\/uploads\/2023\/10\/Wall-Mounted-Residential-Solar-Battery-Storage-Solution.jpg.jpg?w=1000&amp;ssl=1 1000w\" data-sizes=\"auto\" data-orig-sizes=\"(max-width: 1000px) 100vw, 1000px\" \/><p id=\"caption-attachment-23752\" class=\"wp-caption-text\">Soluci\u00f3n de almacenamiento con bater\u00eda solar residencial<\/p><\/div>\n<\/div>\n<h3><span style=\"color: #339966;\"><strong><b>Ventajas de <\/b><\/strong><\/span><span style=\"color: #339966;\"><strong><b>2,56 kWh <\/b><\/strong><strong><b>Bater\u00eda solar de pared<\/b><\/strong><\/span><\/h3>\n<p>1. Las propiedades qu\u00edmicas del fosfato de hierro y litio (lifepo4) hacen que la bater\u00eda sea muy estable y no explote ni siquiera en colisiones violentas, con un excelente rendimiento de seguridad.<\/p>\n<p>2. Con un <span style=\"color: #339966;\">ciclo de vida de 6.500<\/span> veces y un <span style=\"color: #339966;\">10 a\u00f1os de garant\u00eda posventa<\/span>no tendr\u00e1s ninguna duda al utilizar la bater\u00eda lifepo4.<\/p>\n<p>3. El <span style=\"color: #339966;\">BMS<\/span> desarrollado por ingenieros superiores gestiona autom\u00e1ticamente el estado de la bater\u00eda y proporciona m\u00faltiples protecciones.<\/p>\n<p>4. <span style=\"color: #339966;\">RS485 y CAN<\/span> Las interfaces de comunicaci\u00f3n son compatibles con muchas marcas de inversores.<\/p>\n<p>5. La bater\u00eda tiene un<span style=\"color: #339966;\"> amplia gama de temperaturas de funcionamiento<\/span> sin muchas restricciones, lo que la hace m\u00e1s c\u00f3moda para la vida diaria y el trabajo.<\/p>\n<p>6. La bater\u00eda solar mural de 2,56 kwh admite una conexi\u00f3n en paralelo para ampliar la capacidad y la potencia.<\/p>\n<p>7. La bater\u00eda mural tiene un <span style=\"color: #339966;\">dise\u00f1o compacto<\/span>y su tama\u00f1o y peso facilitan su transporte e instalaci\u00f3n.<\/p>\n<p><img data-recalc-dims=\"1\" decoding=\"async\" class=\"lazyload aligncenter wp-image-23040 size-full\" title=\"SGE inteligente\" src=\"https:\/\/i0.wp.com\/www.delongtop.com\/wp-content\/uploads\/2023\/11\/Lithium-Battery-With-BMS.webp?resize=758%2C829&#038;ssl=1\" data-orig-src=\"https:\/\/www.delongtop.com\/wp-content\/uploads\/2023\/11\/Lithium-Battery-With-BMS.webp\" alt=\"\" width=\"758\" height=\"829\" srcset=\"data:image\/svg+xml,%3Csvg%20xmlns%3D%27http%3A%2F%2Fwww.w3.org%2F2000%2Fsvg%27%20width%3D%27758%27%20height%3D%27829%27%20viewBox%3D%270%200%20758%20829%27%3E%3Crect%20width%3D%27758%27%20height%3D%27829%27%20fill-opacity%3D%220%22%2F%3E%3C%2Fsvg%3E\" data-srcset=\"https:\/\/i0.wp.com\/www.delongtop.com\/wp-content\/uploads\/2023\/11\/Lithium-Battery-With-BMS.webp?resize=200%2C219&amp;ssl=1 200w, https:\/\/i0.wp.com\/www.delongtop.com\/wp-content\/uploads\/2023\/11\/Lithium-Battery-With-BMS.webp?resize=274%2C300&amp;ssl=1 274w, https:\/\/i0.wp.com\/www.delongtop.com\/wp-content\/uploads\/2023\/11\/Lithium-Battery-With-BMS.webp?resize=400%2C437&amp;ssl=1 400w, https:\/\/i0.wp.com\/www.delongtop.com\/wp-content\/uploads\/2023\/11\/Lithium-Battery-With-BMS.webp?resize=500%2C547&amp;ssl=1 500w, https:\/\/i0.wp.com\/www.delongtop.com\/wp-content\/uploads\/2023\/11\/Lithium-Battery-With-BMS.webp?resize=600%2C656&amp;ssl=1 600w, https:\/\/i0.wp.com\/www.delongtop.com\/wp-content\/uploads\/2023\/11\/Lithium-Battery-With-BMS.webp?resize=700%2C766&amp;ssl=1 700w, https:\/\/i0.wp.com\/www.delongtop.com\/wp-content\/uploads\/2023\/11\/Lithium-Battery-With-BMS.webp?w=758&amp;ssl=1 758w\" data-sizes=\"auto\" data-orig-sizes=\"(max-width: 758px) 100vw, 758px\" \/><\/p>\n<div>\n<h3><span style=\"color: #339966;\"><strong><b>Lista de inversores compatibles <\/b><\/strong><\/span><\/h3>\n<div id=\"attachment_21816\" style=\"width: 1010px\" class=\"wp-caption aligncenter\"><img data-recalc-dims=\"1\" decoding=\"async\" aria-describedby=\"caption-attachment-21816\" class=\"lazyload size-full wp-image-21816\" src=\"https:\/\/i0.wp.com\/www.delongtop.com\/wp-content\/uploads\/2023\/10\/Compatible-Inverter-List-.png?resize=1000%2C546&#038;ssl=1\" data-orig-src=\"https:\/\/www.delongtop.com\/wp-content\/uploads\/2023\/10\/Compatible-Inverter-List-.png\" alt=\"Lista de inversores compatibles\" width=\"1000\" height=\"546\" srcset=\"data:image\/svg+xml,%3Csvg%20xmlns%3D%27http%3A%2F%2Fwww.w3.org%2F2000%2Fsvg%27%20width%3D%271000%27%20height%3D%27546%27%20viewBox%3D%270%200%201000%20546%27%3E%3Crect%20width%3D%271000%27%20height%3D%27546%27%20fill-opacity%3D%220%22%2F%3E%3C%2Fsvg%3E\" data-srcset=\"https:\/\/i0.wp.com\/www.delongtop.com\/wp-content\/uploads\/2023\/10\/Compatible-Inverter-List-.png?resize=200%2C109&amp;ssl=1 200w, https:\/\/i0.wp.com\/www.delongtop.com\/wp-content\/uploads\/2023\/10\/Compatible-Inverter-List-.png?resize=300%2C164&amp;ssl=1 300w, https:\/\/i0.wp.com\/www.delongtop.com\/wp-content\/uploads\/2023\/10\/Compatible-Inverter-List-.png?resize=400%2C218&amp;ssl=1 400w, https:\/\/i0.wp.com\/www.delongtop.com\/wp-content\/uploads\/2023\/10\/Compatible-Inverter-List-.png?resize=500%2C273&amp;ssl=1 500w, https:\/\/i0.wp.com\/www.delongtop.com\/wp-content\/uploads\/2023\/10\/Compatible-Inverter-List-.png?resize=600%2C328&amp;ssl=1 600w, https:\/\/i0.wp.com\/www.delongtop.com\/wp-content\/uploads\/2023\/10\/Compatible-Inverter-List-.png?resize=700%2C382&amp;ssl=1 700w, https:\/\/i0.wp.com\/www.delongtop.com\/wp-content\/uploads\/2023\/10\/Compatible-Inverter-List-.png?resize=768%2C419&amp;ssl=1 768w, https:\/\/i0.wp.com\/www.delongtop.com\/wp-content\/uploads\/2023\/10\/Compatible-Inverter-List-.png?resize=800%2C437&amp;ssl=1 800w, https:\/\/i0.wp.com\/www.delongtop.com\/wp-content\/uploads\/2023\/10\/Compatible-Inverter-List-.png?w=1000&amp;ssl=1 1000w\" data-sizes=\"auto\" data-orig-sizes=\"(max-width: 1000px) 100vw, 1000px\" \/><p id=\"caption-attachment-21816\" class=\"wp-caption-text\">Lista de inversores compatibles<\/p><\/div>\n<h3><strong style=\"color: #339966;\"><b>Certificaciones de la bater\u00eda solar mural<\/b><\/strong><\/h3>\n<p><img data-recalc-dims=\"1\" decoding=\"async\" class=\"lazyload size-full wp-image-21345 aligncenter\" src=\"https:\/\/i0.wp.com\/www.delongtop.com\/wp-content\/uploads\/2023\/10\/Lithium-Battery-Certification.jpg?resize=1170%2C488\" data-orig-src=\"http:\/\/www.delongtop.com\/wp-content\/uploads\/2023\/10\/Lithium-Battery-Certification.jpg\" alt=\"Certificaci\u00f3n de bater\u00edas de litio\" width=\"1170\" height=\"488\" srcset=\"data:image\/svg+xml,%3Csvg%20xmlns%3D%27http%3A%2F%2Fwww.w3.org%2F2000%2Fsvg%27%20width%3D%271920%27%20height%3D%27800%27%20viewBox%3D%270%200%201920%20800%27%3E%3Crect%20width%3D%271920%27%20height%3D%27800%27%20fill-opacity%3D%220%22%2F%3E%3C%2Fsvg%3E\" data-srcset=\"https:\/\/i0.wp.com\/www.delongtop.com\/wp-content\/uploads\/2023\/10\/Lithium-Battery-Certification.jpg?resize=200%2C83&amp;ssl=1 200w, https:\/\/i0.wp.com\/www.delongtop.com\/wp-content\/uploads\/2023\/10\/Lithium-Battery-Certification.jpg?resize=300%2C125&amp;ssl=1 300w, https:\/\/i0.wp.com\/www.delongtop.com\/wp-content\/uploads\/2023\/10\/Lithium-Battery-Certification.jpg?resize=400%2C167&amp;ssl=1 400w, https:\/\/i0.wp.com\/www.delongtop.com\/wp-content\/uploads\/2023\/10\/Lithium-Battery-Certification.jpg?resize=500%2C208&amp;ssl=1 500w, https:\/\/i0.wp.com\/www.delongtop.com\/wp-content\/uploads\/2023\/10\/Lithium-Battery-Certification.jpg?resize=600%2C250&amp;ssl=1 600w, https:\/\/i0.wp.com\/www.delongtop.com\/wp-content\/uploads\/2023\/10\/Lithium-Battery-Certification.jpg?resize=700%2C292&amp;ssl=1 700w, https:\/\/i0.wp.com\/www.delongtop.com\/wp-content\/uploads\/2023\/10\/Lithium-Battery-Certification.jpg?resize=768%2C320&amp;ssl=1 768w, https:\/\/i0.wp.com\/www.delongtop.com\/wp-content\/uploads\/2023\/10\/Lithium-Battery-Certification.jpg?resize=800%2C333&amp;ssl=1 800w, https:\/\/i0.wp.com\/www.delongtop.com\/wp-content\/uploads\/2023\/10\/Lithium-Battery-Certification.jpg?resize=1024%2C427&amp;ssl=1 1024w, https:\/\/i0.wp.com\/www.delongtop.com\/wp-content\/uploads\/2023\/10\/Lithium-Battery-Certification.jpg?resize=1200%2C500&amp;ssl=1 1200w, https:\/\/i0.wp.com\/www.delongtop.com\/wp-content\/uploads\/2023\/10\/Lithium-Battery-Certification.jpg?resize=1536%2C640&amp;ssl=1 1536w, https:\/\/i0.wp.com\/www.delongtop.com\/wp-content\/uploads\/2023\/10\/Lithium-Battery-Certification.jpg?fit=1920%2C800&amp;ssl=1 1920w\" data-sizes=\"auto\" data-orig-sizes=\"(max-width: 1170px) 100vw, 1170px\" \/><\/p>\n<\/div>\n<h3><span style=\"color: #339966;\"><strong><b>Acerca de Delong Energy<\/b><\/strong><\/span><\/h3>\n<div id=\"attachment_21815\" style=\"width: 1010px\" class=\"wp-caption aligncenter\"><img data-recalc-dims=\"1\" decoding=\"async\" aria-describedby=\"caption-attachment-21815\" class=\"lazyload size-full wp-image-21815\" src=\"https:\/\/i0.wp.com\/www.delongtop.com\/wp-content\/uploads\/2023\/10\/About-Delong-Energy.jpg?resize=1000%2C800&#038;ssl=1\" data-orig-src=\"https:\/\/www.delongtop.com\/wp-content\/uploads\/2023\/10\/About-Delong-Energy.jpg\" alt=\"Acerca de Delong Energy\" width=\"1000\" height=\"800\" srcset=\"data:image\/svg+xml,%3Csvg%20xmlns%3D%27http%3A%2F%2Fwww.w3.org%2F2000%2Fsvg%27%20width%3D%271000%27%20height%3D%27800%27%20viewBox%3D%270%200%201000%20800%27%3E%3Crect%20width%3D%271000%27%20height%3D%27800%27%20fill-opacity%3D%220%22%2F%3E%3C%2Fsvg%3E\" data-srcset=\"https:\/\/i0.wp.com\/www.delongtop.com\/wp-content\/uploads\/2023\/10\/About-Delong-Energy.jpg?resize=177%2C142&amp;ssl=1 177w, https:\/\/i0.wp.com\/www.delongtop.com\/wp-content\/uploads\/2023\/10\/About-Delong-Energy.jpg?resize=200%2C160&amp;ssl=1 200w, https:\/\/i0.wp.com\/www.delongtop.com\/wp-content\/uploads\/2023\/10\/About-Delong-Energy.jpg?resize=300%2C240&amp;ssl=1 300w, https:\/\/i0.wp.com\/www.delongtop.com\/wp-content\/uploads\/2023\/10\/About-Delong-Energy.jpg?resize=400%2C320&amp;ssl=1 400w, https:\/\/i0.wp.com\/www.delongtop.com\/wp-content\/uploads\/2023\/10\/About-Delong-Energy.jpg?resize=500%2C400&amp;ssl=1 500w, https:\/\/i0.wp.com\/www.delongtop.com\/wp-content\/uploads\/2023\/10\/About-Delong-Energy.jpg?resize=600%2C480&amp;ssl=1 600w, https:\/\/i0.wp.com\/www.delongtop.com\/wp-content\/uploads\/2023\/10\/About-Delong-Energy.jpg?resize=700%2C560&amp;ssl=1 700w, https:\/\/i0.wp.com\/www.delongtop.com\/wp-content\/uploads\/2023\/10\/About-Delong-Energy.jpg?resize=768%2C614&amp;ssl=1 768w, https:\/\/i0.wp.com\/www.delongtop.com\/wp-content\/uploads\/2023\/10\/About-Delong-Energy.jpg?resize=800%2C640&amp;ssl=1 800w, https:\/\/i0.wp.com\/www.delongtop.com\/wp-content\/uploads\/2023\/10\/About-Delong-Energy.jpg?w=1000&amp;ssl=1 1000w\" data-sizes=\"auto\" data-orig-sizes=\"(max-width: 1000px) 100vw, 1000px\" \/><p id=\"caption-attachment-21815\" class=\"wp-caption-text\">Acerca de Delong Energy<\/p><\/div>","protected":false},"excerpt":{"rendered":"<p>2.56kwh 51.2V\/48V 50Ah Almacenamiento de Bateria Solar de Pared con CE \/ UN38.3 \/ MSDS | DL-LFP5150J<\/p>","protected":false},"featured_media":21849,"comment_status":"open","ping_status":"closed","template":"","meta":[],"product_brand":[],"product_cat":[100,208],"product_tag":[],"class_list":{"0":"post-21804","1":"product","2":"type-product","3":"status-publish","4":"has-post-thumbnail","6":"product_cat-energy-storage-battery","7":"product_cat-wall-mounted-lithium-battery","9":"first","10":"instock","11":"shipping-taxable","12":"product-type-simple"},"yoast_head":"<!-- This site is optimized with the Yoast SEO plugin v25.0 - https:\/\/yoast.com\/wordpress\/plugins\/seo\/ -->\n<title>51.2V\/48V 50Ah 2.56kwh Wall Mounted Solar Battery DL-LFP5150J - Delong Energy<\/title>\n<meta name=\"description\" content=\"We Supply 51.2V\/48V 50Ah Wall Mounted Solar Battery And OEM \/ODM Service.\" \/>\n<meta name=\"robots\" content=\"index, follow, max-snippet:-1, max-image-preview:large, max-video-preview:-1\" \/>\n<link rel=\"canonical\" href=\"https:\/\/www.delongtop.com\/es\/product\/51-2v-50ah-2-56kwh-wall-mounted-solar-battery-dl-lfp5150j\/\" \/>\n<meta property=\"og:locale\" content=\"es_ES\" \/>\n<meta property=\"og:type\" content=\"article\" \/>\n<meta property=\"og:title\" content=\"51.2V\/48V 50Ah 2.56kwh Wall Mounted Solar Battery DL-LFP5150J - Delong Energy\" \/>\n<meta property=\"og:description\" content=\"We Supply 51.2V\/48V 50Ah Wall Mounted Solar Battery And OEM \/ODM Service.\" \/>\n<meta property=\"og:url\" content=\"https:\/\/www.delongtop.com\/es\/product\/51-2v-50ah-2-56kwh-wall-mounted-solar-battery-dl-lfp5150j\/\" \/>\n<meta property=\"og:site_name\" content=\"Delong Energy\" \/>\n<meta property=\"article:modified_time\" content=\"2024-04-18T08:50:12+00:00\" \/>\n<meta property=\"og:image\" content=\"https:\/\/i0.wp.com\/www.delongtop.com\/wp-content\/uploads\/2023\/10\/51.2V-48V-50Ah-Wall-Mounted-Solar-Battery-1.jpg?fit=1000%2C1000&ssl=1\" \/>\n\t<meta property=\"og:image:width\" content=\"1000\" \/>\n\t<meta property=\"og:image:height\" content=\"1000\" \/>\n\t<meta property=\"og:image:type\" content=\"image\/jpeg\" \/>\n<meta name=\"twitter:card\" content=\"summary_large_image\" \/>\n<meta name=\"twitter:label1\" content=\"Tiempo de lectura\" \/>\n\t<meta name=\"twitter:data1\" content=\"3 minutos\" \/>\n<script type=\"application\/ld+json\" class=\"yoast-schema-graph\">{\"@context\":\"https:\/\/schema.org\",\"@graph\":[{\"@type\":\"WebPage\",\"@id\":\"https:\/\/www.delongtop.com\/product\/51-2v-50ah-2-56kwh-wall-mounted-solar-battery-dl-lfp5150j\/\",\"url\":\"https:\/\/www.delongtop.com\/product\/51-2v-50ah-2-56kwh-wall-mounted-solar-battery-dl-lfp5150j\/\",\"name\":\"51.2V\/48V 50Ah 2.56kwh Wall Mounted Solar Battery DL-LFP5150J - Delong Energy\",\"isPartOf\":{\"@id\":\"https:\/\/www.delongtop.com\/#website\"},\"primaryImageOfPage\":{\"@id\":\"https:\/\/www.delongtop.com\/product\/51-2v-50ah-2-56kwh-wall-mounted-solar-battery-dl-lfp5150j\/#primaryimage\"},\"image\":{\"@id\":\"https:\/\/www.delongtop.com\/product\/51-2v-50ah-2-56kwh-wall-mounted-solar-battery-dl-lfp5150j\/#primaryimage\"},\"thumbnailUrl\":\"https:\/\/i0.wp.com\/www.delongtop.com\/wp-content\/uploads\/2023\/10\/51.2V-48V-50Ah-Wall-Mounted-Solar-Battery-1.jpg?fit=1000%2C1000&ssl=1\",\"datePublished\":\"2023-10-20T09:48:41+00:00\",\"dateModified\":\"2024-04-18T08:50:12+00:00\",\"description\":\"We Supply 51.2V\/48V 50Ah Wall Mounted Solar Battery And OEM \/ODM Service.\",\"breadcrumb\":{\"@id\":\"https:\/\/www.delongtop.com\/product\/51-2v-50ah-2-56kwh-wall-mounted-solar-battery-dl-lfp5150j\/#breadcrumb\"},\"inLanguage\":\"es\",\"potentialAction\":[{\"@type\":\"ReadAction\",\"target\":[\"https:\/\/www.delongtop.com\/product\/51-2v-50ah-2-56kwh-wall-mounted-solar-battery-dl-lfp5150j\/\"]}]},{\"@type\":\"ImageObject\",\"inLanguage\":\"es\",\"@id\":\"https:\/\/www.delongtop.com\/product\/51-2v-50ah-2-56kwh-wall-mounted-solar-battery-dl-lfp5150j\/#primaryimage\",\"url\":\"https:\/\/i0.wp.com\/www.delongtop.com\/wp-content\/uploads\/2023\/10\/51.2V-48V-50Ah-Wall-Mounted-Solar-Battery-1.jpg?fit=1000%2C1000&ssl=1\",\"contentUrl\":\"https:\/\/i0.wp.com\/www.delongtop.com\/wp-content\/uploads\/2023\/10\/51.2V-48V-50Ah-Wall-Mounted-Solar-Battery-1.jpg?fit=1000%2C1000&ssl=1\",\"width\":1000,\"height\":1000,\"caption\":\"51.2V\/48V 50Ah 2.56kwh Wall Mounted Solar Battery\"},{\"@type\":\"BreadcrumbList\",\"@id\":\"https:\/\/www.delongtop.com\/product\/51-2v-50ah-2-56kwh-wall-mounted-solar-battery-dl-lfp5150j\/#breadcrumb\",\"itemListElement\":[{\"@type\":\"ListItem\",\"position\":1,\"name\":\"Home\",\"item\":\"https:\/\/www.delongtop.com\/\"},{\"@type\":\"ListItem\",\"position\":2,\"name\":\"Modern Products\",\"item\":\"https:\/\/www.delongtop.com\/products\/\"},{\"@type\":\"ListItem\",\"position\":3,\"name\":\"51.2V\/48V 50Ah 2.56kwh Wall Mounted Solar Battery DL-LFP5150J\"}]},{\"@type\":\"WebSite\",\"@id\":\"https:\/\/www.delongtop.com\/#website\",\"url\":\"https:\/\/www.delongtop.com\/\",\"name\":\"Delong Energy\",\"description\":\"Lithium Ion Battery Manufacturer &amp; Factory In China\",\"potentialAction\":[{\"@type\":\"SearchAction\",\"target\":{\"@type\":\"EntryPoint\",\"urlTemplate\":\"https:\/\/www.delongtop.com\/?s={search_term_string}\"},\"query-input\":{\"@type\":\"PropertyValueSpecification\",\"valueRequired\":true,\"valueName\":\"search_term_string\"}}],\"inLanguage\":\"es\"}]}<\/script>\n<!-- \/ Yoast SEO plugin. -->","yoast_head_json":{"title":"51.2V\/48V 50Ah 2.56kwh Wall Mounted Solar Battery DL-LFP5150J - Delong Energy","description":"We Supply 51.2V\/48V 50Ah Wall Mounted Solar Battery And OEM \/ODM Service.","robots":{"index":"index","follow":"follow","max-snippet":"max-snippet:-1","max-image-preview":"max-image-preview:large","max-video-preview":"max-video-preview:-1"},"canonical":"https:\/\/www.delongtop.com\/es\/product\/51-2v-50ah-2-56kwh-wall-mounted-solar-battery-dl-lfp5150j\/","og_locale":"es_ES","og_type":"article","og_title":"51.2V\/48V 50Ah 2.56kwh Wall Mounted Solar Battery DL-LFP5150J - Delong Energy","og_description":"We Supply 51.2V\/48V 50Ah Wall Mounted Solar Battery And OEM \/ODM Service.","og_url":"https:\/\/www.delongtop.com\/es\/product\/51-2v-50ah-2-56kwh-wall-mounted-solar-battery-dl-lfp5150j\/","og_site_name":"Delong Energy","article_modified_time":"2024-04-18T08:50:12+00:00","og_image":[{"width":1000,"height":1000,"url":"https:\/\/i0.wp.com\/www.delongtop.com\/wp-content\/uploads\/2023\/10\/51.2V-48V-50Ah-Wall-Mounted-Solar-Battery-1.jpg?fit=1000%2C1000&ssl=1","type":"image\/jpeg"}],"twitter_card":"summary_large_image","twitter_misc":{"Tiempo de lectura":"3 minutos"},"schema":{"@context":"https:\/\/schema.org","@graph":[{"@type":"WebPage","@id":"https:\/\/www.delongtop.com\/product\/51-2v-50ah-2-56kwh-wall-mounted-solar-battery-dl-lfp5150j\/","url":"https:\/\/www.delongtop.com\/product\/51-2v-50ah-2-56kwh-wall-mounted-solar-battery-dl-lfp5150j\/","name":"51.2V\/48V 50Ah 2.56kwh Wall Mounted Solar Battery DL-LFP5150J - Delong Energy","isPartOf":{"@id":"https:\/\/www.delongtop.com\/#website"},"primaryImageOfPage":{"@id":"https:\/\/www.delongtop.com\/product\/51-2v-50ah-2-56kwh-wall-mounted-solar-battery-dl-lfp5150j\/#primaryimage"},"image":{"@id":"https:\/\/www.delongtop.com\/product\/51-2v-50ah-2-56kwh-wall-mounted-solar-battery-dl-lfp5150j\/#primaryimage"},"thumbnailUrl":"https:\/\/i0.wp.com\/www.delongtop.com\/wp-content\/uploads\/2023\/10\/51.2V-48V-50Ah-Wall-Mounted-Solar-Battery-1.jpg?fit=1000%2C1000&ssl=1","datePublished":"2023-10-20T09:48:41+00:00","dateModified":"2024-04-18T08:50:12+00:00","description":"We Supply 51.2V\/48V 50Ah Wall Mounted Solar Battery And OEM \/ODM Service.","breadcrumb":{"@id":"https:\/\/www.delongtop.com\/product\/51-2v-50ah-2-56kwh-wall-mounted-solar-battery-dl-lfp5150j\/#breadcrumb"},"inLanguage":"es","potentialAction":[{"@type":"ReadAction","target":["https:\/\/www.delongtop.com\/product\/51-2v-50ah-2-56kwh-wall-mounted-solar-battery-dl-lfp5150j\/"]}]},{"@type":"ImageObject","inLanguage":"es","@id":"https:\/\/www.delongtop.com\/product\/51-2v-50ah-2-56kwh-wall-mounted-solar-battery-dl-lfp5150j\/#primaryimage","url":"https:\/\/i0.wp.com\/www.delongtop.com\/wp-content\/uploads\/2023\/10\/51.2V-48V-50Ah-Wall-Mounted-Solar-Battery-1.jpg?fit=1000%2C1000&ssl=1","contentUrl":"https:\/\/i0.wp.com\/www.delongtop.com\/wp-content\/uploads\/2023\/10\/51.2V-48V-50Ah-Wall-Mounted-Solar-Battery-1.jpg?fit=1000%2C1000&ssl=1","width":1000,"height":1000,"caption":"51.2V\/48V 50Ah 2.56kwh Wall Mounted Solar Battery"},{"@type":"BreadcrumbList","@id":"https:\/\/www.delongtop.com\/product\/51-2v-50ah-2-56kwh-wall-mounted-solar-battery-dl-lfp5150j\/#breadcrumb","itemListElement":[{"@type":"ListItem","position":1,"name":"Home","item":"https:\/\/www.delongtop.com\/"},{"@type":"ListItem","position":2,"name":"Modern Products","item":"https:\/\/www.delongtop.com\/products\/"},{"@type":"ListItem","position":3,"name":"51.2V\/48V 50Ah 2.56kwh Wall Mounted Solar Battery DL-LFP5150J"}]},{"@type":"WebSite","@id":"https:\/\/www.delongtop.com\/#website","url":"https:\/\/www.delongtop.com\/","name":"Delong Energy","description":"Lithium Ion Battery Manufacturer &amp; Factory In China","potentialAction":[{"@type":"SearchAction","target":{"@type":"EntryPoint","urlTemplate":"https:\/\/www.delongtop.com\/?s={search_term_string}"},"query-input":{"@type":"PropertyValueSpecification","valueRequired":true,"valueName":"search_term_string"}}],"inLanguage":"es"}]}},"jetpack_sharing_enabled":true,"_links":{"self":[{"href":"https:\/\/www.delongtop.com\/es\/wp-json\/wp\/v2\/product\/21804","targetHints":{"allow":["GET"]}}],"collection":[{"href":"https:\/\/www.delongtop.com\/es\/wp-json\/wp\/v2\/product"}],"about":[{"href":"https:\/\/www.delongtop.com\/es\/wp-json\/wp\/v2\/types\/product"}],"replies":[{"embeddable":true,"href":"https:\/\/www.delongtop.com\/es\/wp-json\/wp\/v2\/comments?post=21804"}],"wp:featuredmedia":[{"embeddable":true,"href":"https:\/\/www.delongtop.com\/es\/wp-json\/wp\/v2\/media\/21849"}],"wp:attachment":[{"href":"https:\/\/www.delongtop.com\/es\/wp-json\/wp\/v2\/media?parent=21804"}],"wp:term":[{"taxonomy":"product_brand","embeddable":true,"href":"https:\/\/www.delongtop.com\/es\/wp-json\/wp\/v2\/product_brand?post=21804"},{"taxonomy":"product_cat","embeddable":true,"href":"https:\/\/www.delongtop.com\/es\/wp-json\/wp\/v2\/product_cat?post=21804"},{"taxonomy":"product_tag","embeddable":true,"href":"https:\/\/www.delongtop.com\/es\/wp-json\/wp\/v2\/product_tag?post=21804"}],"curies":[{"name":"wp","href":"https:\/\/api.w.org\/{rel}","templated":true}]}}