{"id":21808,"date":"2023-10-20T09:58:21","date_gmt":"2023-10-20T09:58:21","guid":{"rendered":"https:\/\/www.delongtop.com\/?post_type=product&#038;p=21808"},"modified":"2025-02-28T06:43:13","modified_gmt":"2025-02-28T06:43:13","slug":"25-6v-200ah-5-12kwh-wall-mount-lifepo4-battery-dl-lfp-hw25200","status":"publish","type":"product","link":"https:\/\/www.delongtop.com\/es\/product\/25-6v-200ah-5-12kwh-wall-mount-lifepo4-battery-dl-lfp-hw25200\/","title":{"rendered":"25.6V 200Ah 5.12kwh Bater\u00eda Solar de Montaje en Pared ESS DL-LFP-HW25200"},"content":{"rendered":"<div>\n<h3><span style=\"color: #339966;\"><strong>Bater\u00eda solar mural 25,6V 200Ah 5,12kwh <\/strong><\/span><span style=\"color: #339966;\"><strong>Lifepo4 <\/strong><\/span><span style=\"color: #339966;\"><strong>Powerwall para el almacenamiento dom\u00e9stico de energ\u00eda<\/strong><\/span><\/h3>\n<p>Esta bater\u00eda de litio de 25,6v 200ah 5,12kwh montada en la pared es la elecci\u00f3n de muchas familias y peque\u00f1as\/medianas empresas, es una fuente de energ\u00eda de reserva fiable durante los cortes de energ\u00eda.<\/p>\n<div id=\"attachment_22694\" style=\"width: 1010px\" class=\"wp-caption aligncenter\"><img data-recalc-dims=\"1\" decoding=\"async\" aria-describedby=\"caption-attachment-22694\" class=\"lazyload size-full wp-image-22694\" src=\"https:\/\/i0.wp.com\/www.delongtop.com\/wp-content\/uploads\/2023\/10\/Wall-Mounted-Energy-Storage-Battery-03.jpg?resize=1000%2C857&#038;ssl=1\" data-orig-src=\"https:\/\/www.delongtop.com\/wp-content\/uploads\/2023\/10\/Wall-Mounted-Energy-Storage-Battery-03.jpg\" alt=\"Bater\u00eda mural de almacenamiento de energ\u00eda\" width=\"1000\" height=\"857\" srcset=\"data:image\/svg+xml,%3Csvg%20xmlns%3D%27http%3A%2F%2Fwww.w3.org%2F2000%2Fsvg%27%20width%3D%271000%27%20height%3D%27857%27%20viewBox%3D%270%200%201000%20857%27%3E%3Crect%20width%3D%271000%27%20height%3D%27857%27%20fill-opacity%3D%220%22%2F%3E%3C%2Fsvg%3E\" data-srcset=\"https:\/\/i0.wp.com\/www.delongtop.com\/wp-content\/uploads\/2023\/10\/Wall-Mounted-Energy-Storage-Battery-03.jpg?resize=200%2C171&amp;ssl=1 200w, https:\/\/i0.wp.com\/www.delongtop.com\/wp-content\/uploads\/2023\/10\/Wall-Mounted-Energy-Storage-Battery-03.jpg?resize=300%2C257&amp;ssl=1 300w, https:\/\/i0.wp.com\/www.delongtop.com\/wp-content\/uploads\/2023\/10\/Wall-Mounted-Energy-Storage-Battery-03.jpg?resize=400%2C343&amp;ssl=1 400w, https:\/\/i0.wp.com\/www.delongtop.com\/wp-content\/uploads\/2023\/10\/Wall-Mounted-Energy-Storage-Battery-03.jpg?resize=500%2C429&amp;ssl=1 500w, https:\/\/i0.wp.com\/www.delongtop.com\/wp-content\/uploads\/2023\/10\/Wall-Mounted-Energy-Storage-Battery-03.jpg?resize=600%2C514&amp;ssl=1 600w, https:\/\/i0.wp.com\/www.delongtop.com\/wp-content\/uploads\/2023\/10\/Wall-Mounted-Energy-Storage-Battery-03.jpg?resize=700%2C600&amp;ssl=1 700w, https:\/\/i0.wp.com\/www.delongtop.com\/wp-content\/uploads\/2023\/10\/Wall-Mounted-Energy-Storage-Battery-03.jpg?resize=768%2C658&amp;ssl=1 768w, https:\/\/i0.wp.com\/www.delongtop.com\/wp-content\/uploads\/2023\/10\/Wall-Mounted-Energy-Storage-Battery-03.jpg?resize=800%2C686&amp;ssl=1 800w, https:\/\/i0.wp.com\/www.delongtop.com\/wp-content\/uploads\/2023\/10\/Wall-Mounted-Energy-Storage-Battery-03.jpg?w=1000&amp;ssl=1 1000w\" data-sizes=\"auto\" data-orig-sizes=\"(max-width: 1000px) 100vw, 1000px\" \/><p id=\"caption-attachment-22694\" class=\"wp-caption-text\">Bater\u00eda mural de almacenamiento de energ\u00eda<\/p><\/div>\n<\/div>\n<h2><span style=\"color: #339966;\"><strong><b>Ventajas de <\/b><\/strong><strong><b>5,12 kWh<\/b><\/strong><strong><b> Montaje en pared<\/b><\/strong><strong><b>\u00a0<\/b><\/strong><strong><b>Solar <\/b><\/strong><strong><b>Bater\u00eda<\/b><\/strong><\/span><\/h2>\n<p>La bater\u00eda mural utiliza fosfato de hierro y litio (lifepo4) como material del electrodo positivo, con propiedades qu\u00edmicas estables y altas prestaciones de seguridad.<\/p>\n<p>Con una vida \u00fatil de m\u00e1s de 6.500 ciclos, puede utilizarse como fuente de energ\u00eda de reserva estable y a largo plazo.<\/p>\n<p>El sistema BMS est\u00e1 equipado con puertos de comunicaci\u00f3n RS485 y CAN, que son altamente compatibles con el inversor, como Deye.<\/p>\n<p>Las bater\u00edas de pared son peque\u00f1as y ocupan poco espacio, pero son f\u00e1ciles de instalar y apenas requieren mantenimiento.<\/p>\n<p>La bater\u00eda admite una conexi\u00f3n en paralelo para ampliar la capacidad y conseguir la potencia necesaria.<\/p>\n<h2><span style=\"color: #339966;\"><strong>Aplicaci\u00f3n - Bater\u00eda de litio mural de 5,12 kWh<\/strong><\/span><\/h2>\n<div>\n<ul>\n<li>Almacenamiento dom\u00e9stico de energ\u00eda<\/li>\n<li>Sistema SAI<\/li>\n<li>Sistema de almacenamiento de energ\u00eda solar<\/li>\n<li>Oficina central<\/li>\n<li>Estaci\u00f3n transceptora base<\/li>\n<li>Sistema el\u00e9ctrico<\/li>\n<li>Sistemas de telecomunicaciones<\/li>\n<li>Equipos de comunicaci\u00f3n<\/li>\n<li>Aplicaciones de conmutaci\u00f3n y m\u00e1s<\/li>\n<\/ul>\n<h2><span style=\"color: #339966;\"><strong>Lista de compatibilidad de inversores<\/strong><\/span><\/h2>\n<div>\n<div id=\"attachment_21816\" style=\"width: 1010px\" class=\"wp-caption aligncenter\"><img data-recalc-dims=\"1\" decoding=\"async\" aria-describedby=\"caption-attachment-21816\" class=\"lazyload size-full wp-image-21816\" src=\"https:\/\/i0.wp.com\/www.delongtop.com\/wp-content\/uploads\/2023\/10\/Compatible-Inverter-List-.png?resize=1000%2C546&#038;ssl=1\" data-orig-src=\"https:\/\/www.delongtop.com\/wp-content\/uploads\/2023\/10\/Compatible-Inverter-List-.png\" alt=\"Lista de inversores compatibles\" width=\"1000\" height=\"546\" srcset=\"data:image\/svg+xml,%3Csvg%20xmlns%3D%27http%3A%2F%2Fwww.w3.org%2F2000%2Fsvg%27%20width%3D%271000%27%20height%3D%27546%27%20viewBox%3D%270%200%201000%20546%27%3E%3Crect%20width%3D%271000%27%20height%3D%27546%27%20fill-opacity%3D%220%22%2F%3E%3C%2Fsvg%3E\" data-srcset=\"https:\/\/i0.wp.com\/www.delongtop.com\/wp-content\/uploads\/2023\/10\/Compatible-Inverter-List-.png?resize=200%2C109&amp;ssl=1 200w, https:\/\/i0.wp.com\/www.delongtop.com\/wp-content\/uploads\/2023\/10\/Compatible-Inverter-List-.png?resize=300%2C164&amp;ssl=1 300w, https:\/\/i0.wp.com\/www.delongtop.com\/wp-content\/uploads\/2023\/10\/Compatible-Inverter-List-.png?resize=400%2C218&amp;ssl=1 400w, https:\/\/i0.wp.com\/www.delongtop.com\/wp-content\/uploads\/2023\/10\/Compatible-Inverter-List-.png?resize=500%2C273&amp;ssl=1 500w, https:\/\/i0.wp.com\/www.delongtop.com\/wp-content\/uploads\/2023\/10\/Compatible-Inverter-List-.png?resize=600%2C328&amp;ssl=1 600w, https:\/\/i0.wp.com\/www.delongtop.com\/wp-content\/uploads\/2023\/10\/Compatible-Inverter-List-.png?resize=700%2C382&amp;ssl=1 700w, https:\/\/i0.wp.com\/www.delongtop.com\/wp-content\/uploads\/2023\/10\/Compatible-Inverter-List-.png?resize=768%2C419&amp;ssl=1 768w, https:\/\/i0.wp.com\/www.delongtop.com\/wp-content\/uploads\/2023\/10\/Compatible-Inverter-List-.png?resize=800%2C437&amp;ssl=1 800w, https:\/\/i0.wp.com\/www.delongtop.com\/wp-content\/uploads\/2023\/10\/Compatible-Inverter-List-.png?w=1000&amp;ssl=1 1000w\" data-sizes=\"auto\" data-orig-sizes=\"(max-width: 1000px) 100vw, 1000px\" \/><p id=\"caption-attachment-21816\" class=\"wp-caption-text\">Lista de inversores compatibles<\/p><\/div>\n<\/div>\n<h2><strong><span style=\"color: #339966;\">Certificaciones<\/span><\/strong><\/h2>\n<div><img data-recalc-dims=\"1\" decoding=\"async\" class=\"lazyload alignnone wp-image-21345\" src=\"https:\/\/i0.wp.com\/www.delongtop.com\/wp-content\/uploads\/2023\/10\/Lithium-Battery-Certification.jpg?resize=1000%2C417&#038;ssl=1\" data-orig-src=\"https:\/\/www.delongtop.com\/wp-content\/uploads\/2023\/10\/Lithium-Battery-Certification.jpg\" alt=\"Certificaci\u00f3n de bater\u00edas de litio\" width=\"1000\" height=\"417\" srcset=\"data:image\/svg+xml,%3Csvg%20xmlns%3D%27http%3A%2F%2Fwww.w3.org%2F2000%2Fsvg%27%20width%3D%271000%27%20height%3D%27417%27%20viewBox%3D%270%200%201000%20417%27%3E%3Crect%20width%3D%271000%27%20height%3D%27417%27%20fill-opacity%3D%220%22%2F%3E%3C%2Fsvg%3E\" data-srcset=\"https:\/\/i0.wp.com\/www.delongtop.com\/wp-content\/uploads\/2023\/10\/Lithium-Battery-Certification.jpg?resize=200%2C83&amp;ssl=1 200w, https:\/\/i0.wp.com\/www.delongtop.com\/wp-content\/uploads\/2023\/10\/Lithium-Battery-Certification.jpg?resize=300%2C125&amp;ssl=1 300w, https:\/\/i0.wp.com\/www.delongtop.com\/wp-content\/uploads\/2023\/10\/Lithium-Battery-Certification.jpg?resize=400%2C167&amp;ssl=1 400w, https:\/\/i0.wp.com\/www.delongtop.com\/wp-content\/uploads\/2023\/10\/Lithium-Battery-Certification.jpg?resize=500%2C208&amp;ssl=1 500w, https:\/\/i0.wp.com\/www.delongtop.com\/wp-content\/uploads\/2023\/10\/Lithium-Battery-Certification.jpg?resize=600%2C250&amp;ssl=1 600w, https:\/\/i0.wp.com\/www.delongtop.com\/wp-content\/uploads\/2023\/10\/Lithium-Battery-Certification.jpg?resize=700%2C292&amp;ssl=1 700w, https:\/\/i0.wp.com\/www.delongtop.com\/wp-content\/uploads\/2023\/10\/Lithium-Battery-Certification.jpg?resize=768%2C320&amp;ssl=1 768w, https:\/\/i0.wp.com\/www.delongtop.com\/wp-content\/uploads\/2023\/10\/Lithium-Battery-Certification.jpg?resize=800%2C333&amp;ssl=1 800w, https:\/\/i0.wp.com\/www.delongtop.com\/wp-content\/uploads\/2023\/10\/Lithium-Battery-Certification.jpg?resize=1024%2C427&amp;ssl=1 1024w, https:\/\/i0.wp.com\/www.delongtop.com\/wp-content\/uploads\/2023\/10\/Lithium-Battery-Certification.jpg?resize=1200%2C500&amp;ssl=1 1200w, https:\/\/i0.wp.com\/www.delongtop.com\/wp-content\/uploads\/2023\/10\/Lithium-Battery-Certification.jpg?resize=1536%2C640&amp;ssl=1 1536w, https:\/\/i0.wp.com\/www.delongtop.com\/wp-content\/uploads\/2023\/10\/Lithium-Battery-Certification.jpg?w=1920&amp;ssl=1 1920w\" data-sizes=\"auto\" data-orig-sizes=\"(max-width: 1000px) 100vw, 1000px\" \/><\/div>\n<div>\n<h2><span style=\"color: #339966;\">Gu\u00eda de instalaci\u00f3n - Bater\u00eda de litio de montaje en pared <\/span><\/h2>\n<p><iframe class=\"lazyload\" title=\"Reproductor de v\u00eddeo YouTube\" src=\"data:image\/svg+xml,%3Csvg%20xmlns%3D%27http%3A%2F%2Fwww.w3.org%2F2000%2Fsvg%27%20width%3D%27982%27%20height%3D%27552%27%20viewBox%3D%270%200%20982%20552%27%3E%3Crect%20width%3D%27982%27%20height%3D%27552%27%20fill-opacity%3D%220%22%2F%3E%3C%2Fsvg%3E\" data-orig-src=\"https:\/\/www.youtube-nocookie.com\/embed\/f-sWb-dgEsI?si=4HUpRXZ8gbIS46Y3\" width=\"982\" height=\"552\" frameborder=\"0\" allowfullscreen=\"allowfullscreen\"><\/iframe><\/p>\n<\/div>\n<div>\n<h2><span style=\"color: #339966;\">Otras bater\u00edas horizontales de pared<\/span><\/h2>\n<p>51,2v 200Ah 10,24kwh, modelo <a href=\"https:\/\/www.delongtop.com\/es\/product\/51-2v-200ah-10kwh-wall-mount-lithium-battery-dl-lfp-hw51200\/\" target=\"_blank\" rel=\"noopener\">DL-LFP-HW51200<\/a><br \/>\n25,6V 200Ah 5,12kwh, modelo <a href=\"https:\/\/www.delongtop.com\/es\/product\/48v-200ah-9-6kwh-wall-mount-lifepo4-battery-dl-lfp-hw48200\/\" target=\"_blank\" rel=\"noopener\">DL-LFP-HW48200<\/a><\/p>\n<\/div>\n<h2><strong style=\"color: #339966;\"><b>Por qu\u00e9 elegir Delong Energy<\/b><\/strong><\/h2>\n<\/div>\n<p>La f\u00e1brica de bater\u00edas de litio funciona generalmente durante 11 a\u00f1os, con calidad en l\u00ednea.<\/p>\n<p>Amplia gama de productos: Bater\u00edas de litio de 12v\/24v\/ a 96v, sistemas de almacenamiento de energ\u00eda en bater\u00edas para el hogar, bater\u00edas el\u00e9ctricas y almacenamiento de energ\u00eda port\u00e1til para exteriores.<\/p>\n<p>Admite la personalizaci\u00f3n del voltaje, la corriente, la capacidad, la apariencia, etc. de la bater\u00eda.<\/p>\n<p>Proporcionar servicios de OEM, ODM y OBM de bater\u00edas.<\/p>\n<p>10 a\u00f1os de garant\u00eda postventa, soporte t\u00e9cnico profesional.<\/p>\n<div id=\"attachment_21815\" style=\"width: 1010px\" class=\"wp-caption alignnone\"><img data-recalc-dims=\"1\" decoding=\"async\" aria-describedby=\"caption-attachment-21815\" class=\"lazyload size-full wp-image-21815\" src=\"https:\/\/i0.wp.com\/www.delongtop.com\/wp-content\/uploads\/2023\/10\/About-Delong-Energy.jpg?resize=1000%2C800&#038;ssl=1\" data-orig-src=\"https:\/\/www.delongtop.com\/wp-content\/uploads\/2023\/10\/About-Delong-Energy.jpg\" alt=\"Acerca de Delong Energy\" width=\"1000\" height=\"800\" srcset=\"data:image\/svg+xml,%3Csvg%20xmlns%3D%27http%3A%2F%2Fwww.w3.org%2F2000%2Fsvg%27%20width%3D%271000%27%20height%3D%27800%27%20viewBox%3D%270%200%201000%20800%27%3E%3Crect%20width%3D%271000%27%20height%3D%27800%27%20fill-opacity%3D%220%22%2F%3E%3C%2Fsvg%3E\" data-srcset=\"https:\/\/i0.wp.com\/www.delongtop.com\/wp-content\/uploads\/2023\/10\/About-Delong-Energy.jpg?resize=177%2C142&amp;ssl=1 177w, https:\/\/i0.wp.com\/www.delongtop.com\/wp-content\/uploads\/2023\/10\/About-Delong-Energy.jpg?resize=200%2C160&amp;ssl=1 200w, https:\/\/i0.wp.com\/www.delongtop.com\/wp-content\/uploads\/2023\/10\/About-Delong-Energy.jpg?resize=300%2C240&amp;ssl=1 300w, https:\/\/i0.wp.com\/www.delongtop.com\/wp-content\/uploads\/2023\/10\/About-Delong-Energy.jpg?resize=400%2C320&amp;ssl=1 400w, https:\/\/i0.wp.com\/www.delongtop.com\/wp-content\/uploads\/2023\/10\/About-Delong-Energy.jpg?resize=500%2C400&amp;ssl=1 500w, https:\/\/i0.wp.com\/www.delongtop.com\/wp-content\/uploads\/2023\/10\/About-Delong-Energy.jpg?resize=600%2C480&amp;ssl=1 600w, https:\/\/i0.wp.com\/www.delongtop.com\/wp-content\/uploads\/2023\/10\/About-Delong-Energy.jpg?resize=700%2C560&amp;ssl=1 700w, https:\/\/i0.wp.com\/www.delongtop.com\/wp-content\/uploads\/2023\/10\/About-Delong-Energy.jpg?resize=768%2C614&amp;ssl=1 768w, https:\/\/i0.wp.com\/www.delongtop.com\/wp-content\/uploads\/2023\/10\/About-Delong-Energy.jpg?resize=800%2C640&amp;ssl=1 800w, https:\/\/i0.wp.com\/www.delongtop.com\/wp-content\/uploads\/2023\/10\/About-Delong-Energy.jpg?w=1000&amp;ssl=1 1000w\" data-sizes=\"auto\" data-orig-sizes=\"(max-width: 1000px) 100vw, 1000px\" \/><p id=\"caption-attachment-21815\" class=\"wp-caption-text\">Acerca de Delong Energy<\/p><\/div>\n<p>&nbsp;<\/p>","protected":false},"excerpt":{"rendered":"<p>25.6V 200ah 5.12kwh lifepo4 powerwall bater\u00eda de almacenamiento | DL-LFP-HW25200<\/p>","protected":false},"featured_media":22007,"comment_status":"open","ping_status":"closed","template":"","meta":[],"product_brand":[],"product_cat":[100,208],"product_tag":[],"class_list":{"0":"post-21808","1":"product","2":"type-product","3":"status-publish","4":"has-post-thumbnail","6":"product_cat-energy-storage-battery","7":"product_cat-wall-mounted-lithium-battery","9":"first","10":"instock","11":"shipping-taxable","12":"product-type-simple"},"yoast_head":"<!-- This site is optimized with the Yoast SEO plugin v25.0 - https:\/\/yoast.com\/wordpress\/plugins\/seo\/ -->\n<title>25.6V 200Ah 5.12kwh Wall Mount Solar Battery ESS DL-LFP-HW25200 - Delong Energy<\/title>\n<meta name=\"description\" content=\"10kwh Powerwall 48v 200Ah Lifepo4 Battery Deep Cycle Wall Mounted Solar Lithium Battery Energy Storage System\" \/>\n<meta name=\"robots\" content=\"index, follow, max-snippet:-1, max-image-preview:large, max-video-preview:-1\" \/>\n<link rel=\"canonical\" href=\"https:\/\/www.delongtop.com\/es\/product\/25-6v-200ah-5-12kwh-wall-mount-lifepo4-battery-dl-lfp-hw25200\/\" \/>\n<meta property=\"og:locale\" content=\"es_ES\" \/>\n<meta property=\"og:type\" content=\"article\" \/>\n<meta property=\"og:title\" content=\"25.6V 200Ah 5.12kwh Wall Mount Solar Battery ESS DL-LFP-HW25200 - Delong Energy\" \/>\n<meta property=\"og:description\" content=\"10kwh Powerwall 48v 200Ah Lifepo4 Battery Deep Cycle Wall Mounted Solar Lithium Battery Energy Storage System\" \/>\n<meta property=\"og:url\" content=\"https:\/\/www.delongtop.com\/es\/product\/25-6v-200ah-5-12kwh-wall-mount-lifepo4-battery-dl-lfp-hw25200\/\" \/>\n<meta property=\"og:site_name\" content=\"Delong Energy\" \/>\n<meta property=\"article:modified_time\" content=\"2025-02-28T06:43:13+00:00\" \/>\n<meta property=\"og:image\" content=\"https:\/\/i0.wp.com\/www.delongtop.com\/wp-content\/uploads\/2023\/10\/Wall-Mount-Lifepo4-Battery-DL-LFP-HW25200-01.jpg?fit=1000%2C1000&ssl=1\" \/>\n\t<meta property=\"og:image:width\" content=\"1000\" \/>\n\t<meta property=\"og:image:height\" content=\"1000\" \/>\n\t<meta property=\"og:image:type\" content=\"image\/jpeg\" \/>\n<meta name=\"twitter:card\" content=\"summary_large_image\" \/>\n<meta name=\"twitter:label1\" content=\"Tiempo de lectura\" \/>\n\t<meta name=\"twitter:data1\" content=\"3 minutos\" \/>\n<script type=\"application\/ld+json\" class=\"yoast-schema-graph\">{\"@context\":\"https:\/\/schema.org\",\"@graph\":[{\"@type\":\"WebPage\",\"@id\":\"https:\/\/www.delongtop.com\/product\/25-6v-200ah-5-12kwh-wall-mount-lifepo4-battery-dl-lfp-hw25200\/\",\"url\":\"https:\/\/www.delongtop.com\/product\/25-6v-200ah-5-12kwh-wall-mount-lifepo4-battery-dl-lfp-hw25200\/\",\"name\":\"25.6V 200Ah 5.12kwh Wall Mount Solar Battery ESS DL-LFP-HW25200 - Delong Energy\",\"isPartOf\":{\"@id\":\"https:\/\/www.delongtop.com\/#website\"},\"primaryImageOfPage\":{\"@id\":\"https:\/\/www.delongtop.com\/product\/25-6v-200ah-5-12kwh-wall-mount-lifepo4-battery-dl-lfp-hw25200\/#primaryimage\"},\"image\":{\"@id\":\"https:\/\/www.delongtop.com\/product\/25-6v-200ah-5-12kwh-wall-mount-lifepo4-battery-dl-lfp-hw25200\/#primaryimage\"},\"thumbnailUrl\":\"https:\/\/i0.wp.com\/www.delongtop.com\/wp-content\/uploads\/2023\/10\/Wall-Mount-Lifepo4-Battery-DL-LFP-HW25200-01.jpg?fit=1000%2C1000&ssl=1\",\"datePublished\":\"2023-10-20T09:58:21+00:00\",\"dateModified\":\"2025-02-28T06:43:13+00:00\",\"description\":\"10kwh Powerwall 48v 200Ah Lifepo4 Battery Deep Cycle Wall Mounted Solar Lithium Battery Energy Storage System\",\"breadcrumb\":{\"@id\":\"https:\/\/www.delongtop.com\/product\/25-6v-200ah-5-12kwh-wall-mount-lifepo4-battery-dl-lfp-hw25200\/#breadcrumb\"},\"inLanguage\":\"es\",\"potentialAction\":[{\"@type\":\"ReadAction\",\"target\":[\"https:\/\/www.delongtop.com\/product\/25-6v-200ah-5-12kwh-wall-mount-lifepo4-battery-dl-lfp-hw25200\/\"]}]},{\"@type\":\"ImageObject\",\"inLanguage\":\"es\",\"@id\":\"https:\/\/www.delongtop.com\/product\/25-6v-200ah-5-12kwh-wall-mount-lifepo4-battery-dl-lfp-hw25200\/#primaryimage\",\"url\":\"https:\/\/i0.wp.com\/www.delongtop.com\/wp-content\/uploads\/2023\/10\/Wall-Mount-Lifepo4-Battery-DL-LFP-HW25200-01.jpg?fit=1000%2C1000&ssl=1\",\"contentUrl\":\"https:\/\/i0.wp.com\/www.delongtop.com\/wp-content\/uploads\/2023\/10\/Wall-Mount-Lifepo4-Battery-DL-LFP-HW25200-01.jpg?fit=1000%2C1000&ssl=1\",\"width\":1000,\"height\":1000,\"caption\":\"Wall Mount Lifepo4 Battery\"},{\"@type\":\"BreadcrumbList\",\"@id\":\"https:\/\/www.delongtop.com\/product\/25-6v-200ah-5-12kwh-wall-mount-lifepo4-battery-dl-lfp-hw25200\/#breadcrumb\",\"itemListElement\":[{\"@type\":\"ListItem\",\"position\":1,\"name\":\"Home\",\"item\":\"https:\/\/www.delongtop.com\/\"},{\"@type\":\"ListItem\",\"position\":2,\"name\":\"Modern Products\",\"item\":\"https:\/\/www.delongtop.com\/products\/\"},{\"@type\":\"ListItem\",\"position\":3,\"name\":\"25.6V 200Ah 5.12kwh Wall Mount Solar Battery ESS DL-LFP-HW25200\"}]},{\"@type\":\"WebSite\",\"@id\":\"https:\/\/www.delongtop.com\/#website\",\"url\":\"https:\/\/www.delongtop.com\/\",\"name\":\"Delong Energy\",\"description\":\"Lithium Ion Battery Manufacturer &amp; Factory In China\",\"potentialAction\":[{\"@type\":\"SearchAction\",\"target\":{\"@type\":\"EntryPoint\",\"urlTemplate\":\"https:\/\/www.delongtop.com\/?s={search_term_string}\"},\"query-input\":{\"@type\":\"PropertyValueSpecification\",\"valueRequired\":true,\"valueName\":\"search_term_string\"}}],\"inLanguage\":\"es\"}]}<\/script>\n<!-- \/ Yoast SEO plugin. -->","yoast_head_json":{"title":"25.6V 200Ah 5.12kwh Wall Mount Solar Battery ESS DL-LFP-HW25200 - Delong Energy","description":"10kwh Powerwall 48v 200Ah Lifepo4 Battery Deep Cycle Wall Mounted Solar Lithium Battery Energy Storage System","robots":{"index":"index","follow":"follow","max-snippet":"max-snippet:-1","max-image-preview":"max-image-preview:large","max-video-preview":"max-video-preview:-1"},"canonical":"https:\/\/www.delongtop.com\/es\/product\/25-6v-200ah-5-12kwh-wall-mount-lifepo4-battery-dl-lfp-hw25200\/","og_locale":"es_ES","og_type":"article","og_title":"25.6V 200Ah 5.12kwh Wall Mount Solar Battery ESS DL-LFP-HW25200 - Delong Energy","og_description":"10kwh Powerwall 48v 200Ah Lifepo4 Battery Deep Cycle Wall Mounted Solar Lithium Battery Energy Storage System","og_url":"https:\/\/www.delongtop.com\/es\/product\/25-6v-200ah-5-12kwh-wall-mount-lifepo4-battery-dl-lfp-hw25200\/","og_site_name":"Delong Energy","article_modified_time":"2025-02-28T06:43:13+00:00","og_image":[{"width":1000,"height":1000,"url":"https:\/\/i0.wp.com\/www.delongtop.com\/wp-content\/uploads\/2023\/10\/Wall-Mount-Lifepo4-Battery-DL-LFP-HW25200-01.jpg?fit=1000%2C1000&ssl=1","type":"image\/jpeg"}],"twitter_card":"summary_large_image","twitter_misc":{"Tiempo de lectura":"3 minutos"},"schema":{"@context":"https:\/\/schema.org","@graph":[{"@type":"WebPage","@id":"https:\/\/www.delongtop.com\/product\/25-6v-200ah-5-12kwh-wall-mount-lifepo4-battery-dl-lfp-hw25200\/","url":"https:\/\/www.delongtop.com\/product\/25-6v-200ah-5-12kwh-wall-mount-lifepo4-battery-dl-lfp-hw25200\/","name":"25.6V 200Ah 5.12kwh Wall Mount Solar Battery ESS DL-LFP-HW25200 - Delong Energy","isPartOf":{"@id":"https:\/\/www.delongtop.com\/#website"},"primaryImageOfPage":{"@id":"https:\/\/www.delongtop.com\/product\/25-6v-200ah-5-12kwh-wall-mount-lifepo4-battery-dl-lfp-hw25200\/#primaryimage"},"image":{"@id":"https:\/\/www.delongtop.com\/product\/25-6v-200ah-5-12kwh-wall-mount-lifepo4-battery-dl-lfp-hw25200\/#primaryimage"},"thumbnailUrl":"https:\/\/i0.wp.com\/www.delongtop.com\/wp-content\/uploads\/2023\/10\/Wall-Mount-Lifepo4-Battery-DL-LFP-HW25200-01.jpg?fit=1000%2C1000&ssl=1","datePublished":"2023-10-20T09:58:21+00:00","dateModified":"2025-02-28T06:43:13+00:00","description":"10kwh Powerwall 48v 200Ah Lifepo4 Battery Deep Cycle Wall Mounted Solar Lithium Battery Energy Storage System","breadcrumb":{"@id":"https:\/\/www.delongtop.com\/product\/25-6v-200ah-5-12kwh-wall-mount-lifepo4-battery-dl-lfp-hw25200\/#breadcrumb"},"inLanguage":"es","potentialAction":[{"@type":"ReadAction","target":["https:\/\/www.delongtop.com\/product\/25-6v-200ah-5-12kwh-wall-mount-lifepo4-battery-dl-lfp-hw25200\/"]}]},{"@type":"ImageObject","inLanguage":"es","@id":"https:\/\/www.delongtop.com\/product\/25-6v-200ah-5-12kwh-wall-mount-lifepo4-battery-dl-lfp-hw25200\/#primaryimage","url":"https:\/\/i0.wp.com\/www.delongtop.com\/wp-content\/uploads\/2023\/10\/Wall-Mount-Lifepo4-Battery-DL-LFP-HW25200-01.jpg?fit=1000%2C1000&ssl=1","contentUrl":"https:\/\/i0.wp.com\/www.delongtop.com\/wp-content\/uploads\/2023\/10\/Wall-Mount-Lifepo4-Battery-DL-LFP-HW25200-01.jpg?fit=1000%2C1000&ssl=1","width":1000,"height":1000,"caption":"Wall Mount Lifepo4 Battery"},{"@type":"BreadcrumbList","@id":"https:\/\/www.delongtop.com\/product\/25-6v-200ah-5-12kwh-wall-mount-lifepo4-battery-dl-lfp-hw25200\/#breadcrumb","itemListElement":[{"@type":"ListItem","position":1,"name":"Home","item":"https:\/\/www.delongtop.com\/"},{"@type":"ListItem","position":2,"name":"Modern Products","item":"https:\/\/www.delongtop.com\/products\/"},{"@type":"ListItem","position":3,"name":"25.6V 200Ah 5.12kwh Wall Mount Solar Battery ESS DL-LFP-HW25200"}]},{"@type":"WebSite","@id":"https:\/\/www.delongtop.com\/#website","url":"https:\/\/www.delongtop.com\/","name":"Delong Energy","description":"Lithium Ion Battery Manufacturer &amp; Factory In China","potentialAction":[{"@type":"SearchAction","target":{"@type":"EntryPoint","urlTemplate":"https:\/\/www.delongtop.com\/?s={search_term_string}"},"query-input":{"@type":"PropertyValueSpecification","valueRequired":true,"valueName":"search_term_string"}}],"inLanguage":"es"}]}},"jetpack_sharing_enabled":true,"_links":{"self":[{"href":"https:\/\/www.delongtop.com\/es\/wp-json\/wp\/v2\/product\/21808","targetHints":{"allow":["GET"]}}],"collection":[{"href":"https:\/\/www.delongtop.com\/es\/wp-json\/wp\/v2\/product"}],"about":[{"href":"https:\/\/www.delongtop.com\/es\/wp-json\/wp\/v2\/types\/product"}],"replies":[{"embeddable":true,"href":"https:\/\/www.delongtop.com\/es\/wp-json\/wp\/v2\/comments?post=21808"}],"wp:featuredmedia":[{"embeddable":true,"href":"https:\/\/www.delongtop.com\/es\/wp-json\/wp\/v2\/media\/22007"}],"wp:attachment":[{"href":"https:\/\/www.delongtop.com\/es\/wp-json\/wp\/v2\/media?parent=21808"}],"wp:term":[{"taxonomy":"product_brand","embeddable":true,"href":"https:\/\/www.delongtop.com\/es\/wp-json\/wp\/v2\/product_brand?post=21808"},{"taxonomy":"product_cat","embeddable":true,"href":"https:\/\/www.delongtop.com\/es\/wp-json\/wp\/v2\/product_cat?post=21808"},{"taxonomy":"product_tag","embeddable":true,"href":"https:\/\/www.delongtop.com\/es\/wp-json\/wp\/v2\/product_tag?post=21808"}],"curies":[{"name":"wp","href":"https:\/\/api.w.org\/{rel}","templated":true}]}}