{"id":22137,"date":"2023-11-03T09:34:10","date_gmt":"2023-11-03T09:34:10","guid":{"rendered":"https:\/\/www.delongtop.com\/?post_type=product&#038;p=22137"},"modified":"2025-03-07T03:10:36","modified_gmt":"2025-03-07T03:10:36","slug":"25-6v-120ah-3kwh-wall-mount-lithium-battery-ess-dl-lfp25120","status":"publish","type":"product","link":"https:\/\/www.delongtop.com\/es\/product\/25-6v-120ah-3kwh-wall-mount-lithium-battery-ess-dl-lfp25120\/","title":{"rendered":"Bater\u00eda Lifepo4 de montaje en pared de 25,6V 120Ah 3kwh ESS DL-LFP25120"},"content":{"rendered":"<h3><span style=\"color: #339966;\"><strong>25.6V 120Ah 3kwh Montaje en Pared Lifepo4 Bater\u00eda Powerwall Para Almacenamiento de Energ\u00eda Solar ESS<\/strong><\/span><\/h3>\n<p>&nbsp;<\/p>\n<p><span style=\"color: #000000;\"><strong><b>Ventaja de <\/b><\/strong><strong><b>\u00a0lifepo4 Bater\u00eda Powerwall<\/b><\/strong><\/span><\/p>\n<ul>\n<li>Montaje en pared<\/li>\n<li>BMS integrado<\/li>\n<li>Energ\u00eda densa<\/li>\n<li>Larga vida \u00fatil<\/li>\n<li>Apoyo a la personalizaci\u00f3n<\/li>\n<li>Soporte para conexi\u00f3n en paralelo<\/li>\n<li>Admite comunicaciones con el inversor<\/li>\n<\/ul>\n<p>&nbsp;<\/p>\n<p><strong><b>Aplicaci\u00f3n<\/b><\/strong><\/p>\n<ul>\n<li>Almacenamiento dom\u00e9stico de energ\u00eda<\/li>\n<li>Sistema SAI<\/li>\n<li>Almacenamiento solar<\/li>\n<li>Oficina central<\/li>\n<li>Estaci\u00f3n transceptora base<\/li>\n<li>Sistema el\u00e9ctrico<\/li>\n<li>Sistemas de telecomunicaciones<\/li>\n<li>Equipos de comunicaci\u00f3n<\/li>\n<li>Aplicaciones de conmutaci\u00f3n y m\u00e1s<\/li>\n<\/ul>\n<p>&nbsp;<\/p>\n<p><strong><b>Por qu\u00e9 elegir Delong Energy<\/b><\/strong><\/p>\n<p>La f\u00e1brica de bater\u00edas de litio funciona generalmente durante 11 a\u00f1os, con calidad en l\u00ednea.<\/p>\n<p>Amplia gama de productos: Bater\u00edas de litio de 12v\/24v\/ a 96v, sistemas de almacenamiento de energ\u00eda en bater\u00edas para el hogar, bater\u00edas el\u00e9ctricas y almacenamiento de energ\u00eda port\u00e1til para exteriores.<\/p>\n<p>Admite la personalizaci\u00f3n del voltaje, la corriente, la capacidad, la apariencia, etc. de la bater\u00eda.<\/p>\n<p>Proporcionar servicios de OEM, ODM y OBM de bater\u00edas.<\/p>\n<p>10 a\u00f1os de garant\u00eda postventa, soporte t\u00e9cnico profesional.<\/p>","protected":false},"excerpt":{"rendered":"<p>Almacenamiento de Bater\u00edas de Litio 25.6V 120Ah 3kwh de Montaje en Pared | DL-LFP25120<\/p>","protected":false},"featured_media":22763,"comment_status":"open","ping_status":"closed","template":"","meta":[],"product_brand":[],"product_cat":[100,208],"product_tag":[],"class_list":{"0":"post-22137","1":"product","2":"type-product","3":"status-publish","4":"has-post-thumbnail","6":"product_cat-energy-storage-battery","7":"product_cat-wall-mounted-lithium-battery","9":"first","10":"instock","11":"shipping-taxable","12":"product-type-simple"},"yoast_head":"<!-- This site is optimized with the Yoast SEO plugin v25.0 - https:\/\/yoast.com\/wordpress\/plugins\/seo\/ -->\n<title>25.6V 120Ah 3kwh Wall Mount Lifepo4 Battery ESS DL-LFP25120 - Delong Energy<\/title>\n<meta name=\"description\" content=\"We Are a 48v 200Ah Lifepo4 Battery Factory And Supply 10kwh Powerwall Lithium Battery Energy Storage Systems.\" \/>\n<meta name=\"robots\" content=\"index, follow, max-snippet:-1, max-image-preview:large, max-video-preview:-1\" \/>\n<link rel=\"canonical\" href=\"https:\/\/www.delongtop.com\/es\/product\/25-6v-120ah-3kwh-wall-mount-lithium-battery-ess-dl-lfp25120\/\" \/>\n<meta property=\"og:locale\" content=\"es_ES\" \/>\n<meta property=\"og:type\" content=\"article\" \/>\n<meta property=\"og:title\" content=\"25.6V 120Ah 3kwh Wall Mount Lifepo4 Battery ESS DL-LFP25120 - Delong Energy\" \/>\n<meta property=\"og:description\" content=\"We Are a 48v 200Ah Lifepo4 Battery Factory And Supply 10kwh Powerwall Lithium Battery Energy Storage Systems.\" \/>\n<meta property=\"og:url\" content=\"https:\/\/www.delongtop.com\/es\/product\/25-6v-120ah-3kwh-wall-mount-lithium-battery-ess-dl-lfp25120\/\" \/>\n<meta property=\"og:site_name\" content=\"Delong Energy\" \/>\n<meta property=\"article:modified_time\" content=\"2025-03-07T03:10:36+00:00\" \/>\n<meta property=\"og:image\" content=\"https:\/\/i0.wp.com\/www.delongtop.com\/wp-content\/uploads\/2023\/11\/Wall-Mount-Lifepo4-Battery-Vertical-04.jpg?fit=1000%2C1000&ssl=1\" \/>\n\t<meta property=\"og:image:width\" content=\"1000\" \/>\n\t<meta property=\"og:image:height\" content=\"1000\" \/>\n\t<meta property=\"og:image:type\" content=\"image\/jpeg\" \/>\n<meta name=\"twitter:card\" content=\"summary_large_image\" \/>\n<meta name=\"twitter:label1\" content=\"Tiempo de lectura\" \/>\n\t<meta name=\"twitter:data1\" content=\"1 minuto\" \/>\n<script type=\"application\/ld+json\" class=\"yoast-schema-graph\">{\"@context\":\"https:\/\/schema.org\",\"@graph\":[{\"@type\":\"WebPage\",\"@id\":\"https:\/\/www.delongtop.com\/product\/25-6v-120ah-3kwh-wall-mount-lithium-battery-ess-dl-lfp25120\/\",\"url\":\"https:\/\/www.delongtop.com\/product\/25-6v-120ah-3kwh-wall-mount-lithium-battery-ess-dl-lfp25120\/\",\"name\":\"25.6V 120Ah 3kwh Wall Mount Lifepo4 Battery ESS DL-LFP25120 - Delong Energy\",\"isPartOf\":{\"@id\":\"https:\/\/www.delongtop.com\/#website\"},\"primaryImageOfPage\":{\"@id\":\"https:\/\/www.delongtop.com\/product\/25-6v-120ah-3kwh-wall-mount-lithium-battery-ess-dl-lfp25120\/#primaryimage\"},\"image\":{\"@id\":\"https:\/\/www.delongtop.com\/product\/25-6v-120ah-3kwh-wall-mount-lithium-battery-ess-dl-lfp25120\/#primaryimage\"},\"thumbnailUrl\":\"https:\/\/i0.wp.com\/www.delongtop.com\/wp-content\/uploads\/2023\/11\/Wall-Mount-Lifepo4-Battery-Vertical-04.jpg?fit=1000%2C1000&ssl=1\",\"datePublished\":\"2023-11-03T09:34:10+00:00\",\"dateModified\":\"2025-03-07T03:10:36+00:00\",\"description\":\"We Are a 48v 200Ah Lifepo4 Battery Factory And Supply 10kwh Powerwall Lithium Battery Energy Storage Systems.\",\"breadcrumb\":{\"@id\":\"https:\/\/www.delongtop.com\/product\/25-6v-120ah-3kwh-wall-mount-lithium-battery-ess-dl-lfp25120\/#breadcrumb\"},\"inLanguage\":\"es\",\"potentialAction\":[{\"@type\":\"ReadAction\",\"target\":[\"https:\/\/www.delongtop.com\/product\/25-6v-120ah-3kwh-wall-mount-lithium-battery-ess-dl-lfp25120\/\"]}]},{\"@type\":\"ImageObject\",\"inLanguage\":\"es\",\"@id\":\"https:\/\/www.delongtop.com\/product\/25-6v-120ah-3kwh-wall-mount-lithium-battery-ess-dl-lfp25120\/#primaryimage\",\"url\":\"https:\/\/i0.wp.com\/www.delongtop.com\/wp-content\/uploads\/2023\/11\/Wall-Mount-Lifepo4-Battery-Vertical-04.jpg?fit=1000%2C1000&ssl=1\",\"contentUrl\":\"https:\/\/i0.wp.com\/www.delongtop.com\/wp-content\/uploads\/2023\/11\/Wall-Mount-Lifepo4-Battery-Vertical-04.jpg?fit=1000%2C1000&ssl=1\",\"width\":1000,\"height\":1000,\"caption\":\"Wall Mount Lifepo4 Battery\"},{\"@type\":\"BreadcrumbList\",\"@id\":\"https:\/\/www.delongtop.com\/product\/25-6v-120ah-3kwh-wall-mount-lithium-battery-ess-dl-lfp25120\/#breadcrumb\",\"itemListElement\":[{\"@type\":\"ListItem\",\"position\":1,\"name\":\"Home\",\"item\":\"https:\/\/www.delongtop.com\/\"},{\"@type\":\"ListItem\",\"position\":2,\"name\":\"Modern Products\",\"item\":\"https:\/\/www.delongtop.com\/products\/\"},{\"@type\":\"ListItem\",\"position\":3,\"name\":\"25.6V 120Ah 3kwh Wall Mount Lifepo4 Battery ESS DL-LFP25120\"}]},{\"@type\":\"WebSite\",\"@id\":\"https:\/\/www.delongtop.com\/#website\",\"url\":\"https:\/\/www.delongtop.com\/\",\"name\":\"Delong Energy\",\"description\":\"Lithium Ion Battery Manufacturer &amp; Factory In China\",\"potentialAction\":[{\"@type\":\"SearchAction\",\"target\":{\"@type\":\"EntryPoint\",\"urlTemplate\":\"https:\/\/www.delongtop.com\/?s={search_term_string}\"},\"query-input\":{\"@type\":\"PropertyValueSpecification\",\"valueRequired\":true,\"valueName\":\"search_term_string\"}}],\"inLanguage\":\"es\"}]}<\/script>\n<!-- \/ Yoast SEO plugin. -->","yoast_head_json":{"title":"25.6V 120Ah 3kwh Wall Mount Lifepo4 Battery ESS DL-LFP25120 - Delong Energy","description":"We Are a 48v 200Ah Lifepo4 Battery Factory And Supply 10kwh Powerwall Lithium Battery Energy Storage Systems.","robots":{"index":"index","follow":"follow","max-snippet":"max-snippet:-1","max-image-preview":"max-image-preview:large","max-video-preview":"max-video-preview:-1"},"canonical":"https:\/\/www.delongtop.com\/es\/product\/25-6v-120ah-3kwh-wall-mount-lithium-battery-ess-dl-lfp25120\/","og_locale":"es_ES","og_type":"article","og_title":"25.6V 120Ah 3kwh Wall Mount Lifepo4 Battery ESS DL-LFP25120 - Delong Energy","og_description":"We Are a 48v 200Ah Lifepo4 Battery Factory And Supply 10kwh Powerwall Lithium Battery Energy Storage Systems.","og_url":"https:\/\/www.delongtop.com\/es\/product\/25-6v-120ah-3kwh-wall-mount-lithium-battery-ess-dl-lfp25120\/","og_site_name":"Delong Energy","article_modified_time":"2025-03-07T03:10:36+00:00","og_image":[{"width":1000,"height":1000,"url":"https:\/\/i0.wp.com\/www.delongtop.com\/wp-content\/uploads\/2023\/11\/Wall-Mount-Lifepo4-Battery-Vertical-04.jpg?fit=1000%2C1000&ssl=1","type":"image\/jpeg"}],"twitter_card":"summary_large_image","twitter_misc":{"Tiempo de lectura":"1 minuto"},"schema":{"@context":"https:\/\/schema.org","@graph":[{"@type":"WebPage","@id":"https:\/\/www.delongtop.com\/product\/25-6v-120ah-3kwh-wall-mount-lithium-battery-ess-dl-lfp25120\/","url":"https:\/\/www.delongtop.com\/product\/25-6v-120ah-3kwh-wall-mount-lithium-battery-ess-dl-lfp25120\/","name":"25.6V 120Ah 3kwh Wall Mount Lifepo4 Battery ESS DL-LFP25120 - Delong Energy","isPartOf":{"@id":"https:\/\/www.delongtop.com\/#website"},"primaryImageOfPage":{"@id":"https:\/\/www.delongtop.com\/product\/25-6v-120ah-3kwh-wall-mount-lithium-battery-ess-dl-lfp25120\/#primaryimage"},"image":{"@id":"https:\/\/www.delongtop.com\/product\/25-6v-120ah-3kwh-wall-mount-lithium-battery-ess-dl-lfp25120\/#primaryimage"},"thumbnailUrl":"https:\/\/i0.wp.com\/www.delongtop.com\/wp-content\/uploads\/2023\/11\/Wall-Mount-Lifepo4-Battery-Vertical-04.jpg?fit=1000%2C1000&ssl=1","datePublished":"2023-11-03T09:34:10+00:00","dateModified":"2025-03-07T03:10:36+00:00","description":"We Are a 48v 200Ah Lifepo4 Battery Factory And Supply 10kwh Powerwall Lithium Battery Energy Storage Systems.","breadcrumb":{"@id":"https:\/\/www.delongtop.com\/product\/25-6v-120ah-3kwh-wall-mount-lithium-battery-ess-dl-lfp25120\/#breadcrumb"},"inLanguage":"es","potentialAction":[{"@type":"ReadAction","target":["https:\/\/www.delongtop.com\/product\/25-6v-120ah-3kwh-wall-mount-lithium-battery-ess-dl-lfp25120\/"]}]},{"@type":"ImageObject","inLanguage":"es","@id":"https:\/\/www.delongtop.com\/product\/25-6v-120ah-3kwh-wall-mount-lithium-battery-ess-dl-lfp25120\/#primaryimage","url":"https:\/\/i0.wp.com\/www.delongtop.com\/wp-content\/uploads\/2023\/11\/Wall-Mount-Lifepo4-Battery-Vertical-04.jpg?fit=1000%2C1000&ssl=1","contentUrl":"https:\/\/i0.wp.com\/www.delongtop.com\/wp-content\/uploads\/2023\/11\/Wall-Mount-Lifepo4-Battery-Vertical-04.jpg?fit=1000%2C1000&ssl=1","width":1000,"height":1000,"caption":"Wall Mount Lifepo4 Battery"},{"@type":"BreadcrumbList","@id":"https:\/\/www.delongtop.com\/product\/25-6v-120ah-3kwh-wall-mount-lithium-battery-ess-dl-lfp25120\/#breadcrumb","itemListElement":[{"@type":"ListItem","position":1,"name":"Home","item":"https:\/\/www.delongtop.com\/"},{"@type":"ListItem","position":2,"name":"Modern Products","item":"https:\/\/www.delongtop.com\/products\/"},{"@type":"ListItem","position":3,"name":"25.6V 120Ah 3kwh Wall Mount Lifepo4 Battery ESS DL-LFP25120"}]},{"@type":"WebSite","@id":"https:\/\/www.delongtop.com\/#website","url":"https:\/\/www.delongtop.com\/","name":"Delong Energy","description":"Lithium Ion Battery Manufacturer &amp; Factory In China","potentialAction":[{"@type":"SearchAction","target":{"@type":"EntryPoint","urlTemplate":"https:\/\/www.delongtop.com\/?s={search_term_string}"},"query-input":{"@type":"PropertyValueSpecification","valueRequired":true,"valueName":"search_term_string"}}],"inLanguage":"es"}]}},"jetpack_sharing_enabled":true,"_links":{"self":[{"href":"https:\/\/www.delongtop.com\/es\/wp-json\/wp\/v2\/product\/22137","targetHints":{"allow":["GET"]}}],"collection":[{"href":"https:\/\/www.delongtop.com\/es\/wp-json\/wp\/v2\/product"}],"about":[{"href":"https:\/\/www.delongtop.com\/es\/wp-json\/wp\/v2\/types\/product"}],"replies":[{"embeddable":true,"href":"https:\/\/www.delongtop.com\/es\/wp-json\/wp\/v2\/comments?post=22137"}],"wp:featuredmedia":[{"embeddable":true,"href":"https:\/\/www.delongtop.com\/es\/wp-json\/wp\/v2\/media\/22763"}],"wp:attachment":[{"href":"https:\/\/www.delongtop.com\/es\/wp-json\/wp\/v2\/media?parent=22137"}],"wp:term":[{"taxonomy":"product_brand","embeddable":true,"href":"https:\/\/www.delongtop.com\/es\/wp-json\/wp\/v2\/product_brand?post=22137"},{"taxonomy":"product_cat","embeddable":true,"href":"https:\/\/www.delongtop.com\/es\/wp-json\/wp\/v2\/product_cat?post=22137"},{"taxonomy":"product_tag","embeddable":true,"href":"https:\/\/www.delongtop.com\/es\/wp-json\/wp\/v2\/product_tag?post=22137"}],"curies":[{"name":"wp","href":"https:\/\/api.w.org\/{rel}","templated":true}]}}