{"id":22553,"date":"2023-11-23T15:05:08","date_gmt":"2023-11-23T15:05:08","guid":{"rendered":"https:\/\/www.delongtop.com\/?post_type=product&#038;p=22553"},"modified":"2024-01-08T06:32:21","modified_gmt":"2024-01-08T06:32:21","slug":"51-2v-50ah-lifepo4-golf-cart-battery-dl-gp5150","status":"publish","type":"product","link":"https:\/\/www.delongtop.com\/es\/product\/51-2v-50ah-lifepo4-golf-cart-battery-dl-gp5150\/","title":{"rendered":"51.2V 50Ah LiFePO4 Golf Cart Bater\u00eda DL-GP5150"},"content":{"rendered":"<div>\n<h2><strong><span style=\"color: #339966;\">51.2V\/48V 50Ah LiFePO4 Golf Cart Bater\u00eda DL-GP5150<\/span><\/strong><\/h2>\n<\/div>\n<p>DL-GP5150 es una bater\u00eda de litio especialmente dise\u00f1ada para carros de golf, que puede proporcionar 2560Wh de energ\u00eda, con voltaje y corriente de 51.2V y 50AH, respectivamente. Tambi\u00e9n la denominamos bater\u00eda de litio de 48V y 50Ah.<\/p>\n<div id=\"attachment_22885\" style=\"width: 810px\" class=\"wp-caption aligncenter\"><img data-recalc-dims=\"1\" decoding=\"async\" aria-describedby=\"caption-attachment-22885\" class=\"lazyload wp-image-22885 size-fusion-800\" title=\"Bater\u00eda Lifepo4 para carrito de golf\" src=\"https:\/\/i0.wp.com\/www.delongtop.com\/wp-content\/uploads\/2023\/11\/36V-48V-72V-Golf-Cart-Lifepo4-Battery-Customized.jpg?resize=800%2C800&#038;ssl=1\" data-orig-src=\"https:\/\/www.delongtop.com\/wp-content\/uploads\/2023\/11\/36V-48V-72V-Golf-Cart-Lifepo4-Battery-Customized-800x800.jpg\" alt=\"36V 48V 72V Golf Cart Lifepo4 Bater\u00eda Personalizada\" width=\"800\" height=\"800\" srcset=\"data:image\/svg+xml,%3Csvg%20xmlns%3D%27http%3A%2F%2Fwww.w3.org%2F2000%2Fsvg%27%20width%3D%27800%27%20height%3D%27800%27%20viewBox%3D%270%200%20800%20800%27%3E%3Crect%20width%3D%27800%27%20height%3D%27800%27%20fill-opacity%3D%220%22%2F%3E%3C%2Fsvg%3E\" data-srcset=\"https:\/\/i0.wp.com\/www.delongtop.com\/wp-content\/uploads\/2023\/11\/36V-48V-72V-Golf-Cart-Lifepo4-Battery-Customized.jpg?resize=66%2C66&amp;ssl=1 66w, https:\/\/i0.wp.com\/www.delongtop.com\/wp-content\/uploads\/2023\/11\/36V-48V-72V-Golf-Cart-Lifepo4-Battery-Customized.jpg?resize=100%2C100&amp;ssl=1 100w, https:\/\/i0.wp.com\/www.delongtop.com\/wp-content\/uploads\/2023\/11\/36V-48V-72V-Golf-Cart-Lifepo4-Battery-Customized.jpg?resize=150%2C150&amp;ssl=1 150w, https:\/\/i0.wp.com\/www.delongtop.com\/wp-content\/uploads\/2023\/11\/36V-48V-72V-Golf-Cart-Lifepo4-Battery-Customized.jpg?resize=200%2C200&amp;ssl=1 200w, https:\/\/i0.wp.com\/www.delongtop.com\/wp-content\/uploads\/2023\/11\/36V-48V-72V-Golf-Cart-Lifepo4-Battery-Customized.jpg?resize=300%2C300&amp;ssl=1 300w, https:\/\/i0.wp.com\/www.delongtop.com\/wp-content\/uploads\/2023\/11\/36V-48V-72V-Golf-Cart-Lifepo4-Battery-Customized.jpg?resize=400%2C400&amp;ssl=1 400w, https:\/\/i0.wp.com\/www.delongtop.com\/wp-content\/uploads\/2023\/11\/36V-48V-72V-Golf-Cart-Lifepo4-Battery-Customized.jpg?resize=500%2C500&amp;ssl=1 500w, https:\/\/i0.wp.com\/www.delongtop.com\/wp-content\/uploads\/2023\/11\/36V-48V-72V-Golf-Cart-Lifepo4-Battery-Customized.jpg?resize=600%2C600&amp;ssl=1 600w, https:\/\/i0.wp.com\/www.delongtop.com\/wp-content\/uploads\/2023\/11\/36V-48V-72V-Golf-Cart-Lifepo4-Battery-Customized.jpg?resize=700%2C700&amp;ssl=1 700w, https:\/\/i0.wp.com\/www.delongtop.com\/wp-content\/uploads\/2023\/11\/36V-48V-72V-Golf-Cart-Lifepo4-Battery-Customized.jpg?resize=768%2C768&amp;ssl=1 768w, https:\/\/i0.wp.com\/www.delongtop.com\/wp-content\/uploads\/2023\/11\/36V-48V-72V-Golf-Cart-Lifepo4-Battery-Customized.jpg?resize=800%2C800&amp;ssl=1 800w, https:\/\/i0.wp.com\/www.delongtop.com\/wp-content\/uploads\/2023\/11\/36V-48V-72V-Golf-Cart-Lifepo4-Battery-Customized.jpg?w=1000&amp;ssl=1 1000w\" data-sizes=\"auto\" data-orig-sizes=\"(max-width: 800px) 100vw, 800px\" \/><p id=\"caption-attachment-22885\" class=\"wp-caption-text\">36V 48V 72V Golf Cart Lifepo4 Bater\u00eda Personalizada<\/p><\/div>\n<p>La bater\u00eda de litio de 48V 50Ah utiliza conocidos <a href=\"https:\/\/www.delongtop.com\/es\/what-is-a-lifepo4-battery\/\" target=\"_blank\" rel=\"noopener\">pilas de litio hierro fosfato<\/a>El motor de alto voltaje de la m\u00e1quina de golf es de alta potencia, lo que le confiere una alta densidad de energ\u00eda y la capacidad de suministrar potencia a los carros de golf de forma continua durante mucho tiempo. Adem\u00e1s, su ciclo de vida puede superar las 6.500 veces. Las caracter\u00edsticas del fosfato de hierro y litio tambi\u00e9n le permiten hacer frente al entorno del carro de golf, y su rendimiento es excelente incluso a altas temperaturas, manteniendo un rendimiento sobresaliente. Estos datos son los que debe poseer una excelente bater\u00eda de litio hierro fosfato.<\/p>\n<div id=\"attachment_22891\" style=\"width: 810px\" class=\"wp-caption aligncenter\"><img data-recalc-dims=\"1\" decoding=\"async\" aria-describedby=\"caption-attachment-22891\" class=\"lazyload wp-image-22891 size-fusion-800\" src=\"https:\/\/i0.wp.com\/www.delongtop.com\/wp-content\/uploads\/2023\/11\/Lithium-Golf-Cart-Battery-Built-In-BMS.jpg?resize=800%2C800&#038;ssl=1\" data-orig-src=\"https:\/\/www.delongtop.com\/wp-content\/uploads\/2023\/11\/Lithium-Golf-Cart-Battery-Built-In-BMS-800x800.jpg\" alt=\"Bater\u00eda de litio para carro de golf BMS integrada\" width=\"800\" height=\"800\" srcset=\"data:image\/svg+xml,%3Csvg%20xmlns%3D%27http%3A%2F%2Fwww.w3.org%2F2000%2Fsvg%27%20width%3D%27800%27%20height%3D%27800%27%20viewBox%3D%270%200%20800%20800%27%3E%3Crect%20width%3D%27800%27%20height%3D%27800%27%20fill-opacity%3D%220%22%2F%3E%3C%2Fsvg%3E\" data-srcset=\"https:\/\/i0.wp.com\/www.delongtop.com\/wp-content\/uploads\/2023\/11\/Lithium-Golf-Cart-Battery-Built-In-BMS.jpg?resize=66%2C66&amp;ssl=1 66w, https:\/\/i0.wp.com\/www.delongtop.com\/wp-content\/uploads\/2023\/11\/Lithium-Golf-Cart-Battery-Built-In-BMS.jpg?resize=100%2C100&amp;ssl=1 100w, https:\/\/i0.wp.com\/www.delongtop.com\/wp-content\/uploads\/2023\/11\/Lithium-Golf-Cart-Battery-Built-In-BMS.jpg?resize=150%2C150&amp;ssl=1 150w, https:\/\/i0.wp.com\/www.delongtop.com\/wp-content\/uploads\/2023\/11\/Lithium-Golf-Cart-Battery-Built-In-BMS.jpg?resize=200%2C200&amp;ssl=1 200w, https:\/\/i0.wp.com\/www.delongtop.com\/wp-content\/uploads\/2023\/11\/Lithium-Golf-Cart-Battery-Built-In-BMS.jpg?resize=300%2C300&amp;ssl=1 300w, https:\/\/i0.wp.com\/www.delongtop.com\/wp-content\/uploads\/2023\/11\/Lithium-Golf-Cart-Battery-Built-In-BMS.jpg?resize=400%2C400&amp;ssl=1 400w, https:\/\/i0.wp.com\/www.delongtop.com\/wp-content\/uploads\/2023\/11\/Lithium-Golf-Cart-Battery-Built-In-BMS.jpg?resize=500%2C500&amp;ssl=1 500w, https:\/\/i0.wp.com\/www.delongtop.com\/wp-content\/uploads\/2023\/11\/Lithium-Golf-Cart-Battery-Built-In-BMS.jpg?resize=600%2C600&amp;ssl=1 600w, https:\/\/i0.wp.com\/www.delongtop.com\/wp-content\/uploads\/2023\/11\/Lithium-Golf-Cart-Battery-Built-In-BMS.jpg?resize=700%2C700&amp;ssl=1 700w, https:\/\/i0.wp.com\/www.delongtop.com\/wp-content\/uploads\/2023\/11\/Lithium-Golf-Cart-Battery-Built-In-BMS.jpg?resize=768%2C768&amp;ssl=1 768w, https:\/\/i0.wp.com\/www.delongtop.com\/wp-content\/uploads\/2023\/11\/Lithium-Golf-Cart-Battery-Built-In-BMS.jpg?resize=800%2C800&amp;ssl=1 800w, https:\/\/i0.wp.com\/www.delongtop.com\/wp-content\/uploads\/2023\/11\/Lithium-Golf-Cart-Battery-Built-In-BMS.jpg?w=1000&amp;ssl=1 1000w\" data-sizes=\"auto\" data-orig-sizes=\"(max-width: 800px) 100vw, 800px\" \/><p id=\"caption-attachment-22891\" class=\"wp-caption-text\">Bater\u00eda de litio para carro de golf BMS integrada<\/p><\/div>\n<p>&nbsp;<\/p>\n<h2><span style=\"color: #339966;\"><strong><b>DL-GP5150<\/b><\/strong><strong><b>\u00a0<\/b><\/strong><strong><b>\u00c1mbito de aplicaci\u00f3n<\/b><\/strong><\/span><\/h2>\n<p>Adem\u00e1s de en carros de golf, esta excelente bater\u00eda de fosfato de hierro y litio de 48 V y 50 Ah tambi\u00e9n puede utilizarse en veh\u00edculos AGV, carretillas elevadoras, embarcaciones el\u00e9ctricas y otros equipos que requieren alta potencia instant\u00e1nea.<\/p>\n<div id=\"attachment_22897\" style=\"width: 810px\" class=\"wp-caption aligncenter\"><img data-recalc-dims=\"1\" decoding=\"async\" aria-describedby=\"caption-attachment-22897\" class=\"lazyload wp-image-22897 size-fusion-800\" title=\"Bater\u00eda de litio Aplicaci\u00f3n\" src=\"https:\/\/i0.wp.com\/www.delongtop.com\/wp-content\/uploads\/2023\/11\/Lithium-Power-Battery-Application.jpg?resize=800%2C800&#038;ssl=1\" data-orig-src=\"https:\/\/www.delongtop.com\/wp-content\/uploads\/2023\/11\/Lithium-Power-Battery-Application-800x800.jpg\" alt=\"Bater\u00eda de litio Aplicaci\u00f3n\" width=\"800\" height=\"800\" srcset=\"data:image\/svg+xml,%3Csvg%20xmlns%3D%27http%3A%2F%2Fwww.w3.org%2F2000%2Fsvg%27%20width%3D%27800%27%20height%3D%27800%27%20viewBox%3D%270%200%20800%20800%27%3E%3Crect%20width%3D%27800%27%20height%3D%27800%27%20fill-opacity%3D%220%22%2F%3E%3C%2Fsvg%3E\" data-srcset=\"https:\/\/i0.wp.com\/www.delongtop.com\/wp-content\/uploads\/2023\/11\/Lithium-Power-Battery-Application.jpg?resize=66%2C66&amp;ssl=1 66w, https:\/\/i0.wp.com\/www.delongtop.com\/wp-content\/uploads\/2023\/11\/Lithium-Power-Battery-Application.jpg?resize=100%2C100&amp;ssl=1 100w, https:\/\/i0.wp.com\/www.delongtop.com\/wp-content\/uploads\/2023\/11\/Lithium-Power-Battery-Application.jpg?resize=150%2C150&amp;ssl=1 150w, https:\/\/i0.wp.com\/www.delongtop.com\/wp-content\/uploads\/2023\/11\/Lithium-Power-Battery-Application.jpg?resize=200%2C200&amp;ssl=1 200w, https:\/\/i0.wp.com\/www.delongtop.com\/wp-content\/uploads\/2023\/11\/Lithium-Power-Battery-Application.jpg?resize=300%2C300&amp;ssl=1 300w, https:\/\/i0.wp.com\/www.delongtop.com\/wp-content\/uploads\/2023\/11\/Lithium-Power-Battery-Application.jpg?resize=400%2C400&amp;ssl=1 400w, https:\/\/i0.wp.com\/www.delongtop.com\/wp-content\/uploads\/2023\/11\/Lithium-Power-Battery-Application.jpg?resize=500%2C500&amp;ssl=1 500w, https:\/\/i0.wp.com\/www.delongtop.com\/wp-content\/uploads\/2023\/11\/Lithium-Power-Battery-Application.jpg?resize=600%2C600&amp;ssl=1 600w, https:\/\/i0.wp.com\/www.delongtop.com\/wp-content\/uploads\/2023\/11\/Lithium-Power-Battery-Application.jpg?resize=700%2C700&amp;ssl=1 700w, https:\/\/i0.wp.com\/www.delongtop.com\/wp-content\/uploads\/2023\/11\/Lithium-Power-Battery-Application.jpg?resize=768%2C768&amp;ssl=1 768w, https:\/\/i0.wp.com\/www.delongtop.com\/wp-content\/uploads\/2023\/11\/Lithium-Power-Battery-Application.jpg?resize=800%2C800&amp;ssl=1 800w, https:\/\/i0.wp.com\/www.delongtop.com\/wp-content\/uploads\/2023\/11\/Lithium-Power-Battery-Application.jpg?w=1000&amp;ssl=1 1000w\" data-sizes=\"auto\" data-orig-sizes=\"(max-width: 800px) 100vw, 800px\" \/><p id=\"caption-attachment-22897\" class=\"wp-caption-text\">Bater\u00eda de litio Aplicaci\u00f3n<\/p><\/div>\n<h2><span style=\"color: #339966;\"><strong><b>Otras bater\u00edas para carritos de golf<\/b><\/strong><\/span><\/h2>\n<p>Bater\u00eda Lifepo4 51,2V 50Ah - <a href=\"https:\/\/www.delongtop.com\/es\/product\/51-2v-100ah-lifepo4-golf-cart-battery-dl-gp51100\/\" target=\"_blank\" rel=\"noopener\">DL-GP5100<\/a><\/p>\n<p>Bater\u00eda Lifepo4 51,2V 100Ah - <a href=\"https:\/\/www.delongtop.com\/es\/product\/51-2v-48v-150ah-lifepo4-golf-cart-battery-dl-gp51150\/\" target=\"_blank\" rel=\"noopener\">DL-GP51150<\/a><\/p>\n<p>Bater\u00eda Lifepo4 51,2V 150Ah - <a href=\"https:\/\/www.delongtop.com\/es\/product\/51-2v-48v-200ah-lifepo4-golf-cart-battery-dl-gp51200\/\" target=\"_blank\" rel=\"noopener\">DL-GP51200<\/a><\/p>\n<h2><span style=\"color: #339966;\"><strong>Bater\u00eda personalizada<\/strong><\/span><\/h2>\n<p>Su veh\u00edculo puede necesitar <a href=\"https:\/\/www.delongtop.com\/es\/oem-odm\/\" target=\"_blank\" rel=\"noopener\">servicios de bater\u00edas personalizados<\/a>que requieren voltaje, corriente, dimensiones, etc. espec\u00edficos. Contamos con un equipo profesional de I+D y le invitamos a comunicarse con nosotros sobre asuntos relevantes.<\/p>\n<div id=\"attachment_22866\" style=\"width: 810px\" class=\"wp-caption aligncenter\"><img data-recalc-dims=\"1\" decoding=\"async\" aria-describedby=\"caption-attachment-22866\" class=\"lazyload wp-image-22866 size-fusion-800\" src=\"https:\/\/i0.wp.com\/www.delongtop.com\/wp-content\/uploads\/2023\/11\/Golf-Cart-Lithium-Custom-Cases-.png?resize=800%2C353&#038;ssl=1\" data-orig-src=\"https:\/\/www.delongtop.com\/wp-content\/uploads\/2023\/11\/Golf-Cart-Lithium-Custom-Cases--800x353.png\" alt=\"Estuches a medida para bater\u00edas de litio de carros de golf\" width=\"800\" height=\"353\" srcset=\"data:image\/svg+xml,%3Csvg%20xmlns%3D%27http%3A%2F%2Fwww.w3.org%2F2000%2Fsvg%27%20width%3D%27800%27%20height%3D%27353%27%20viewBox%3D%270%200%20800%20353%27%3E%3Crect%20width%3D%27800%27%20height%3D%27353%27%20fill-opacity%3D%220%22%2F%3E%3C%2Fsvg%3E\" data-srcset=\"https:\/\/i0.wp.com\/www.delongtop.com\/wp-content\/uploads\/2023\/11\/Golf-Cart-Lithium-Custom-Cases-.png?resize=200%2C88&amp;ssl=1 200w, https:\/\/i0.wp.com\/www.delongtop.com\/wp-content\/uploads\/2023\/11\/Golf-Cart-Lithium-Custom-Cases-.png?resize=300%2C132&amp;ssl=1 300w, https:\/\/i0.wp.com\/www.delongtop.com\/wp-content\/uploads\/2023\/11\/Golf-Cart-Lithium-Custom-Cases-.png?resize=400%2C176&amp;ssl=1 400w, https:\/\/i0.wp.com\/www.delongtop.com\/wp-content\/uploads\/2023\/11\/Golf-Cart-Lithium-Custom-Cases-.png?resize=500%2C221&amp;ssl=1 500w, https:\/\/i0.wp.com\/www.delongtop.com\/wp-content\/uploads\/2023\/11\/Golf-Cart-Lithium-Custom-Cases-.png?resize=600%2C265&amp;ssl=1 600w, https:\/\/i0.wp.com\/www.delongtop.com\/wp-content\/uploads\/2023\/11\/Golf-Cart-Lithium-Custom-Cases-.png?resize=700%2C309&amp;ssl=1 700w, https:\/\/i0.wp.com\/www.delongtop.com\/wp-content\/uploads\/2023\/11\/Golf-Cart-Lithium-Custom-Cases-.png?resize=768%2C339&amp;ssl=1 768w, https:\/\/i0.wp.com\/www.delongtop.com\/wp-content\/uploads\/2023\/11\/Golf-Cart-Lithium-Custom-Cases-.png?resize=800%2C353&amp;ssl=1 800w, https:\/\/i0.wp.com\/www.delongtop.com\/wp-content\/uploads\/2023\/11\/Golf-Cart-Lithium-Custom-Cases-.png?resize=1024%2C452&amp;ssl=1 1024w, https:\/\/i0.wp.com\/www.delongtop.com\/wp-content\/uploads\/2023\/11\/Golf-Cart-Lithium-Custom-Cases-.png?w=1156&amp;ssl=1 1156w\" data-sizes=\"auto\" data-orig-sizes=\"(max-width: 800px) 100vw, 800px\" \/><p id=\"caption-attachment-22866\" class=\"wp-caption-text\">Estuches a medida para bater\u00edas de litio de carros de golf<\/p><\/div>\n<h2><span style=\"color: #339966;\"><strong>Certificaciones<\/strong><\/span><\/h2>\n<p><img data-recalc-dims=\"1\" decoding=\"async\" class=\"lazyload size-full wp-image-21345 aligncenter\" src=\"https:\/\/i0.wp.com\/www.delongtop.com\/wp-content\/uploads\/2023\/10\/Lithium-Battery-Certification.jpg?resize=1170%2C488&#038;ssl=1\" data-orig-src=\"https:\/\/www.delongtop.com\/wp-content\/uploads\/2023\/10\/Lithium-Battery-Certification.jpg\" alt=\"Certificaci\u00f3n de bater\u00edas de litio\" width=\"1170\" height=\"488\" srcset=\"data:image\/svg+xml,%3Csvg%20xmlns%3D%27http%3A%2F%2Fwww.w3.org%2F2000%2Fsvg%27%20width%3D%271920%27%20height%3D%27800%27%20viewBox%3D%270%200%201920%20800%27%3E%3Crect%20width%3D%271920%27%20height%3D%27800%27%20fill-opacity%3D%220%22%2F%3E%3C%2Fsvg%3E\" data-srcset=\"https:\/\/i0.wp.com\/www.delongtop.com\/wp-content\/uploads\/2023\/10\/Lithium-Battery-Certification.jpg?resize=200%2C83&amp;ssl=1 200w, https:\/\/i0.wp.com\/www.delongtop.com\/wp-content\/uploads\/2023\/10\/Lithium-Battery-Certification.jpg?resize=300%2C125&amp;ssl=1 300w, https:\/\/i0.wp.com\/www.delongtop.com\/wp-content\/uploads\/2023\/10\/Lithium-Battery-Certification.jpg?resize=400%2C167&amp;ssl=1 400w, https:\/\/i0.wp.com\/www.delongtop.com\/wp-content\/uploads\/2023\/10\/Lithium-Battery-Certification.jpg?resize=500%2C208&amp;ssl=1 500w, https:\/\/i0.wp.com\/www.delongtop.com\/wp-content\/uploads\/2023\/10\/Lithium-Battery-Certification.jpg?resize=600%2C250&amp;ssl=1 600w, https:\/\/i0.wp.com\/www.delongtop.com\/wp-content\/uploads\/2023\/10\/Lithium-Battery-Certification.jpg?resize=700%2C292&amp;ssl=1 700w, https:\/\/i0.wp.com\/www.delongtop.com\/wp-content\/uploads\/2023\/10\/Lithium-Battery-Certification.jpg?resize=768%2C320&amp;ssl=1 768w, https:\/\/i0.wp.com\/www.delongtop.com\/wp-content\/uploads\/2023\/10\/Lithium-Battery-Certification.jpg?resize=800%2C333&amp;ssl=1 800w, https:\/\/i0.wp.com\/www.delongtop.com\/wp-content\/uploads\/2023\/10\/Lithium-Battery-Certification.jpg?resize=1024%2C427&amp;ssl=1 1024w, https:\/\/i0.wp.com\/www.delongtop.com\/wp-content\/uploads\/2023\/10\/Lithium-Battery-Certification.jpg?resize=1200%2C500&amp;ssl=1 1200w, https:\/\/i0.wp.com\/www.delongtop.com\/wp-content\/uploads\/2023\/10\/Lithium-Battery-Certification.jpg?resize=1536%2C640&amp;ssl=1 1536w, https:\/\/i0.wp.com\/www.delongtop.com\/wp-content\/uploads\/2023\/10\/Lithium-Battery-Certification.jpg?w=1920&amp;ssl=1 1920w\" data-sizes=\"auto\" data-orig-sizes=\"(max-width: 1170px) 100vw, 1170px\" \/><\/p>","protected":false},"excerpt":{"rendered":"<p>Bater\u00eda de Litio 51.2V \/ 48V para Carro de Golf<\/p>","protected":false},"featured_media":22894,"comment_status":"open","ping_status":"closed","template":"","meta":[],"product_brand":[],"product_cat":[102,214],"product_tag":[],"class_list":{"0":"post-22553","1":"product","2":"type-product","3":"status-publish","4":"has-post-thumbnail","6":"product_cat-power-battery","7":"product_cat-lithium-golf-cart-battery","9":"first","10":"instock","11":"shipping-taxable","12":"product-type-simple"},"yoast_head":"<!-- This site is optimized with the Yoast SEO plugin v25.0 - https:\/\/yoast.com\/wordpress\/plugins\/seo\/ -->\n<title>51.2V 50Ah LiFePO4 Golf Cart Battery DL-GP5150 - Delong Energy<\/title>\n<meta name=\"robots\" content=\"index, follow, max-snippet:-1, max-image-preview:large, max-video-preview:-1\" \/>\n<link rel=\"canonical\" href=\"https:\/\/www.delongtop.com\/es\/product\/51-2v-50ah-lifepo4-golf-cart-battery-dl-gp5150\/\" \/>\n<meta property=\"og:locale\" content=\"es_ES\" \/>\n<meta property=\"og:type\" content=\"article\" \/>\n<meta property=\"og:title\" content=\"51.2V 50Ah LiFePO4 Golf Cart Battery DL-GP5150 - Delong Energy\" \/>\n<meta property=\"og:description\" content=\"51.2V \/ 48V Lithium Battery For Golf Cart\" \/>\n<meta property=\"og:url\" content=\"https:\/\/www.delongtop.com\/es\/product\/51-2v-50ah-lifepo4-golf-cart-battery-dl-gp5150\/\" \/>\n<meta property=\"og:site_name\" content=\"Delong Energy\" \/>\n<meta property=\"article:modified_time\" content=\"2024-01-08T06:32:21+00:00\" \/>\n<meta property=\"og:image\" content=\"https:\/\/i0.wp.com\/www.delongtop.com\/wp-content\/uploads\/2023\/11\/Lithium-Golf-Cart-Battery-With-Bluetooth.jpg?fit=1000%2C1000&ssl=1\" \/>\n\t<meta property=\"og:image:width\" content=\"1000\" \/>\n\t<meta property=\"og:image:height\" content=\"1000\" \/>\n\t<meta property=\"og:image:type\" content=\"image\/jpeg\" \/>\n<meta name=\"twitter:card\" content=\"summary_large_image\" \/>\n<meta name=\"twitter:label1\" content=\"Tiempo de lectura\" \/>\n\t<meta name=\"twitter:data1\" content=\"3 minutos\" \/>\n<script type=\"application\/ld+json\" class=\"yoast-schema-graph\">{\"@context\":\"https:\/\/schema.org\",\"@graph\":[{\"@type\":\"WebPage\",\"@id\":\"https:\/\/www.delongtop.com\/product\/51-2v-50ah-lifepo4-golf-cart-battery-dl-gp5150\/\",\"url\":\"https:\/\/www.delongtop.com\/product\/51-2v-50ah-lifepo4-golf-cart-battery-dl-gp5150\/\",\"name\":\"51.2V 50Ah LiFePO4 Golf Cart Battery DL-GP5150 - Delong Energy\",\"isPartOf\":{\"@id\":\"https:\/\/www.delongtop.com\/#website\"},\"primaryImageOfPage\":{\"@id\":\"https:\/\/www.delongtop.com\/product\/51-2v-50ah-lifepo4-golf-cart-battery-dl-gp5150\/#primaryimage\"},\"image\":{\"@id\":\"https:\/\/www.delongtop.com\/product\/51-2v-50ah-lifepo4-golf-cart-battery-dl-gp5150\/#primaryimage\"},\"thumbnailUrl\":\"https:\/\/i0.wp.com\/www.delongtop.com\/wp-content\/uploads\/2023\/11\/Lithium-Golf-Cart-Battery-With-Bluetooth.jpg?fit=1000%2C1000&ssl=1\",\"datePublished\":\"2023-11-23T15:05:08+00:00\",\"dateModified\":\"2024-01-08T06:32:21+00:00\",\"breadcrumb\":{\"@id\":\"https:\/\/www.delongtop.com\/product\/51-2v-50ah-lifepo4-golf-cart-battery-dl-gp5150\/#breadcrumb\"},\"inLanguage\":\"es\",\"potentialAction\":[{\"@type\":\"ReadAction\",\"target\":[\"https:\/\/www.delongtop.com\/product\/51-2v-50ah-lifepo4-golf-cart-battery-dl-gp5150\/\"]}]},{\"@type\":\"ImageObject\",\"inLanguage\":\"es\",\"@id\":\"https:\/\/www.delongtop.com\/product\/51-2v-50ah-lifepo4-golf-cart-battery-dl-gp5150\/#primaryimage\",\"url\":\"https:\/\/i0.wp.com\/www.delongtop.com\/wp-content\/uploads\/2023\/11\/Lithium-Golf-Cart-Battery-With-Bluetooth.jpg?fit=1000%2C1000&ssl=1\",\"contentUrl\":\"https:\/\/i0.wp.com\/www.delongtop.com\/wp-content\/uploads\/2023\/11\/Lithium-Golf-Cart-Battery-With-Bluetooth.jpg?fit=1000%2C1000&ssl=1\",\"width\":1000,\"height\":1000,\"caption\":\"Lithium Golf Cart Battery With Bluetooth\"},{\"@type\":\"BreadcrumbList\",\"@id\":\"https:\/\/www.delongtop.com\/product\/51-2v-50ah-lifepo4-golf-cart-battery-dl-gp5150\/#breadcrumb\",\"itemListElement\":[{\"@type\":\"ListItem\",\"position\":1,\"name\":\"Home\",\"item\":\"https:\/\/www.delongtop.com\/\"},{\"@type\":\"ListItem\",\"position\":2,\"name\":\"Modern Products\",\"item\":\"https:\/\/www.delongtop.com\/products\/\"},{\"@type\":\"ListItem\",\"position\":3,\"name\":\"51.2V 50Ah LiFePO4 Golf Cart Battery DL-GP5150\"}]},{\"@type\":\"WebSite\",\"@id\":\"https:\/\/www.delongtop.com\/#website\",\"url\":\"https:\/\/www.delongtop.com\/\",\"name\":\"Delong Energy\",\"description\":\"Lithium Ion Battery Manufacturer &amp; Factory In China\",\"potentialAction\":[{\"@type\":\"SearchAction\",\"target\":{\"@type\":\"EntryPoint\",\"urlTemplate\":\"https:\/\/www.delongtop.com\/?s={search_term_string}\"},\"query-input\":{\"@type\":\"PropertyValueSpecification\",\"valueRequired\":true,\"valueName\":\"search_term_string\"}}],\"inLanguage\":\"es\"}]}<\/script>\n<!-- \/ Yoast SEO plugin. -->","yoast_head_json":{"title":"51.2V 50Ah LiFePO4 Golf Cart Battery DL-GP5150 - Delong Energy","robots":{"index":"index","follow":"follow","max-snippet":"max-snippet:-1","max-image-preview":"max-image-preview:large","max-video-preview":"max-video-preview:-1"},"canonical":"https:\/\/www.delongtop.com\/es\/product\/51-2v-50ah-lifepo4-golf-cart-battery-dl-gp5150\/","og_locale":"es_ES","og_type":"article","og_title":"51.2V 50Ah LiFePO4 Golf Cart Battery DL-GP5150 - Delong Energy","og_description":"51.2V \/ 48V Lithium Battery For Golf Cart","og_url":"https:\/\/www.delongtop.com\/es\/product\/51-2v-50ah-lifepo4-golf-cart-battery-dl-gp5150\/","og_site_name":"Delong Energy","article_modified_time":"2024-01-08T06:32:21+00:00","og_image":[{"width":1000,"height":1000,"url":"https:\/\/i0.wp.com\/www.delongtop.com\/wp-content\/uploads\/2023\/11\/Lithium-Golf-Cart-Battery-With-Bluetooth.jpg?fit=1000%2C1000&ssl=1","type":"image\/jpeg"}],"twitter_card":"summary_large_image","twitter_misc":{"Tiempo de lectura":"3 minutos"},"schema":{"@context":"https:\/\/schema.org","@graph":[{"@type":"WebPage","@id":"https:\/\/www.delongtop.com\/product\/51-2v-50ah-lifepo4-golf-cart-battery-dl-gp5150\/","url":"https:\/\/www.delongtop.com\/product\/51-2v-50ah-lifepo4-golf-cart-battery-dl-gp5150\/","name":"51.2V 50Ah LiFePO4 Golf Cart Battery DL-GP5150 - Delong Energy","isPartOf":{"@id":"https:\/\/www.delongtop.com\/#website"},"primaryImageOfPage":{"@id":"https:\/\/www.delongtop.com\/product\/51-2v-50ah-lifepo4-golf-cart-battery-dl-gp5150\/#primaryimage"},"image":{"@id":"https:\/\/www.delongtop.com\/product\/51-2v-50ah-lifepo4-golf-cart-battery-dl-gp5150\/#primaryimage"},"thumbnailUrl":"https:\/\/i0.wp.com\/www.delongtop.com\/wp-content\/uploads\/2023\/11\/Lithium-Golf-Cart-Battery-With-Bluetooth.jpg?fit=1000%2C1000&ssl=1","datePublished":"2023-11-23T15:05:08+00:00","dateModified":"2024-01-08T06:32:21+00:00","breadcrumb":{"@id":"https:\/\/www.delongtop.com\/product\/51-2v-50ah-lifepo4-golf-cart-battery-dl-gp5150\/#breadcrumb"},"inLanguage":"es","potentialAction":[{"@type":"ReadAction","target":["https:\/\/www.delongtop.com\/product\/51-2v-50ah-lifepo4-golf-cart-battery-dl-gp5150\/"]}]},{"@type":"ImageObject","inLanguage":"es","@id":"https:\/\/www.delongtop.com\/product\/51-2v-50ah-lifepo4-golf-cart-battery-dl-gp5150\/#primaryimage","url":"https:\/\/i0.wp.com\/www.delongtop.com\/wp-content\/uploads\/2023\/11\/Lithium-Golf-Cart-Battery-With-Bluetooth.jpg?fit=1000%2C1000&ssl=1","contentUrl":"https:\/\/i0.wp.com\/www.delongtop.com\/wp-content\/uploads\/2023\/11\/Lithium-Golf-Cart-Battery-With-Bluetooth.jpg?fit=1000%2C1000&ssl=1","width":1000,"height":1000,"caption":"Lithium Golf Cart Battery With Bluetooth"},{"@type":"BreadcrumbList","@id":"https:\/\/www.delongtop.com\/product\/51-2v-50ah-lifepo4-golf-cart-battery-dl-gp5150\/#breadcrumb","itemListElement":[{"@type":"ListItem","position":1,"name":"Home","item":"https:\/\/www.delongtop.com\/"},{"@type":"ListItem","position":2,"name":"Modern Products","item":"https:\/\/www.delongtop.com\/products\/"},{"@type":"ListItem","position":3,"name":"51.2V 50Ah LiFePO4 Golf Cart Battery DL-GP5150"}]},{"@type":"WebSite","@id":"https:\/\/www.delongtop.com\/#website","url":"https:\/\/www.delongtop.com\/","name":"Delong Energy","description":"Lithium Ion Battery Manufacturer &amp; Factory In China","potentialAction":[{"@type":"SearchAction","target":{"@type":"EntryPoint","urlTemplate":"https:\/\/www.delongtop.com\/?s={search_term_string}"},"query-input":{"@type":"PropertyValueSpecification","valueRequired":true,"valueName":"search_term_string"}}],"inLanguage":"es"}]}},"jetpack_sharing_enabled":true,"_links":{"self":[{"href":"https:\/\/www.delongtop.com\/es\/wp-json\/wp\/v2\/product\/22553","targetHints":{"allow":["GET"]}}],"collection":[{"href":"https:\/\/www.delongtop.com\/es\/wp-json\/wp\/v2\/product"}],"about":[{"href":"https:\/\/www.delongtop.com\/es\/wp-json\/wp\/v2\/types\/product"}],"replies":[{"embeddable":true,"href":"https:\/\/www.delongtop.com\/es\/wp-json\/wp\/v2\/comments?post=22553"}],"wp:featuredmedia":[{"embeddable":true,"href":"https:\/\/www.delongtop.com\/es\/wp-json\/wp\/v2\/media\/22894"}],"wp:attachment":[{"href":"https:\/\/www.delongtop.com\/es\/wp-json\/wp\/v2\/media?parent=22553"}],"wp:term":[{"taxonomy":"product_brand","embeddable":true,"href":"https:\/\/www.delongtop.com\/es\/wp-json\/wp\/v2\/product_brand?post=22553"},{"taxonomy":"product_cat","embeddable":true,"href":"https:\/\/www.delongtop.com\/es\/wp-json\/wp\/v2\/product_cat?post=22553"},{"taxonomy":"product_tag","embeddable":true,"href":"https:\/\/www.delongtop.com\/es\/wp-json\/wp\/v2\/product_tag?post=22553"}],"curies":[{"name":"wp","href":"https:\/\/api.w.org\/{rel}","templated":true}]}}