{"id":22554,"date":"2023-11-23T15:10:42","date_gmt":"2023-11-23T15:10:42","guid":{"rendered":"https:\/\/www.delongtop.com\/?post_type=product&#038;p=22554"},"modified":"2025-04-22T09:56:06","modified_gmt":"2025-04-22T09:56:06","slug":"51-2v-100ah-lifepo4-golf-cart-battery-dl-gp51100","status":"publish","type":"product","link":"https:\/\/www.delongtop.com\/es\/product\/51-2v-100ah-lifepo4-golf-cart-battery-dl-gp51100\/","title":{"rendered":"51.2V\/48V 100Ah LiFePO4 Golf Cart Bater\u00eda DL-GP51100"},"content":{"rendered":"<div>\n<h2><strong><span style=\"color: #339966;\">51.2V\/48V 100Ah LiFePO4 Golf Cart Bater\u00eda DL-GP51100<\/span><\/strong><\/h2>\n<\/div>\n<p>La bater\u00eda de litio de 51,2 V y 100 Ah es una bater\u00eda de gran potencia, especialmente adecuada para su uso en carros de golf. Porque los carritos de golf se utilizan para el transporte y requieren arranques frecuentes. Normalmente nos referimos a ella como 48V. Entonces, \u00bfpor qu\u00e9 es adecuada para su uso como fuente de alimentaci\u00f3n?<\/p>\n<h2><span style=\"color: #339966;\"><strong>Ventajas de la bater\u00eda de litio de 48V 100Ah<\/strong><\/span><\/h2>\n<p>El material del electrodo positivo utilizado en esta pila de litio es <a href=\"https:\/\/www.delongtop.com\/es\/what-is-a-lifepo4-battery\/\" target=\"_blank\" rel=\"noopener\">fosfato de hierro y litio<\/a>. Las ventajas del fosfato de hierro y litio son su larga vida \u00fatil, alta energ\u00eda y buena estabilidad, que heredan las bater\u00edas fabricadas con \u00e9l. Por ejemplo:<\/p>\n<ol>\n<li>Larga duraci\u00f3n: La vida \u00fatil dise\u00f1ada de esta bater\u00eda es de 12 a\u00f1os, lo que se considera superior a la media del sector.<\/li>\n<li>Estabilidad: La temperatura de funcionamiento de la bater\u00eda de litio de 48V 100Ah es de -5 a 55\u2103, mostrando una fuerte adaptabilidad al clima externo y manteniendo una salida estable en todo momento.<\/li>\n<li>Baja tasa de autodescarga: Las bater\u00edas de litio que permanecen inactivas durante largos periodos pueden seguir manteniendo una alta capacidad.<\/li>\n<li>Carga r\u00e1pida: La bater\u00eda de litio de 48 V puede cargarse por completo r\u00e1pidamente, lo que proporciona un uso eficiente y satisface las demandas de uso.<\/li>\n<\/ol>\n<p>Adem\u00e1s, nuestras pilas de litio tambi\u00e9n le ofrecen cierta comodidad de uso:<\/p>\n<ol>\n<li>En ambos extremos de la bater\u00eda se han a\u00f1adido asas de las que se puede tirar para facilitar su manejo y transporte.<\/li>\n<li>La carcasa de la bater\u00eda est\u00e1 hecha de una caja met\u00e1lica, que puede resistir cierto grado de compresi\u00f3n e impacto, proporcionando protecci\u00f3n.<\/li>\n<li>Se ha a\u00f1adido la funci\u00f3n Bluetooth, que permite conocer claramente el estado de la bater\u00eda en el tel\u00e9fono m\u00f3vil.<\/li>\n<li>Ofrecemos un <strong>10 a\u00f1os de garant\u00eda<\/strong> para las pilas que adquiera. Puede ponerse en contacto con nosotros para cualquier problema, incluida la sustituci\u00f3n del producto y la asistencia t\u00e9cnica durante este periodo.<\/li>\n<\/ol>\n<h2><strong><span style=\"color: #339966;\">Otras bater\u00edas para carritos de golf<\/span><\/strong><\/h2>\n<p>Bater\u00eda Lifepo4 51,2V 50Ah - <a href=\"https:\/\/www.delongtop.com\/es\/product\/51-2v-50ah-lifepo4-golf-cart-battery-dl-gp5150\/\" target=\"_blank\" rel=\"noopener\">DL-GP5150<\/a><\/p>\n<p>Bater\u00eda Lifepo4 51,2V 100Ah - <a href=\"https:\/\/www.delongtop.com\/es\/product\/51-2v-48v-150ah-lifepo4-golf-cart-battery-dl-gp51150\/\" target=\"_blank\" rel=\"noopener\">DL-GP51150<\/a><\/p>\n<p>Bater\u00eda Lifepo4 51,2V 150Ah - <a href=\"https:\/\/www.delongtop.com\/es\/product\/51-2v-48v-200ah-lifepo4-golf-cart-battery-dl-gp51200\/\" target=\"_blank\" rel=\"noopener\">DL-GP51200<\/a><\/p>\n<h2><strong><span style=\"color: #339966;\">Bater\u00eda personalizada<\/span><\/strong><\/h2>\n<p>El voltaje de la bater\u00eda del carro de golf no es s\u00f3lo 48V, y la corriente no es s\u00f3lo 100Ah. Tanto si necesita una bater\u00eda de 48V, como de 6V, 8V, 12V, 36V, 72V, podemos proporcionarle <a href=\"https:\/\/www.delongtop.com\/es\/oem-odm\/\" target=\"_blank\" rel=\"noopener\">servicios personalizados<\/a>. S\u00f3lo tienes que proporcionar el voltaje, la corriente, el tama\u00f1o, la temperatura y otros datos de la bater\u00eda.<\/p>\n<div id=\"attachment_22866\" style=\"width: 810px\" class=\"wp-caption aligncenter\"><img data-recalc-dims=\"1\" decoding=\"async\" aria-describedby=\"caption-attachment-22866\" class=\"lazyload wp-image-22866 size-fusion-800\" src=\"https:\/\/i0.wp.com\/www.delongtop.com\/wp-content\/uploads\/2023\/11\/Golf-Cart-Lithium-Custom-Cases-.png?resize=800%2C353&#038;ssl=1\" data-orig-src=\"https:\/\/www.delongtop.com\/wp-content\/uploads\/2023\/11\/Golf-Cart-Lithium-Custom-Cases--800x353.png\" alt=\"Estuches a medida para bater\u00edas de litio de carros de golf\" width=\"800\" height=\"353\" srcset=\"data:image\/svg+xml,%3Csvg%20xmlns%3D%27http%3A%2F%2Fwww.w3.org%2F2000%2Fsvg%27%20width%3D%27800%27%20height%3D%27353%27%20viewBox%3D%270%200%20800%20353%27%3E%3Crect%20width%3D%27800%27%20height%3D%27353%27%20fill-opacity%3D%220%22%2F%3E%3C%2Fsvg%3E\" data-srcset=\"https:\/\/i0.wp.com\/www.delongtop.com\/wp-content\/uploads\/2023\/11\/Golf-Cart-Lithium-Custom-Cases-.png?resize=200%2C88&amp;ssl=1 200w, https:\/\/i0.wp.com\/www.delongtop.com\/wp-content\/uploads\/2023\/11\/Golf-Cart-Lithium-Custom-Cases-.png?resize=300%2C132&amp;ssl=1 300w, https:\/\/i0.wp.com\/www.delongtop.com\/wp-content\/uploads\/2023\/11\/Golf-Cart-Lithium-Custom-Cases-.png?resize=400%2C176&amp;ssl=1 400w, https:\/\/i0.wp.com\/www.delongtop.com\/wp-content\/uploads\/2023\/11\/Golf-Cart-Lithium-Custom-Cases-.png?resize=500%2C221&amp;ssl=1 500w, https:\/\/i0.wp.com\/www.delongtop.com\/wp-content\/uploads\/2023\/11\/Golf-Cart-Lithium-Custom-Cases-.png?resize=600%2C265&amp;ssl=1 600w, https:\/\/i0.wp.com\/www.delongtop.com\/wp-content\/uploads\/2023\/11\/Golf-Cart-Lithium-Custom-Cases-.png?resize=700%2C309&amp;ssl=1 700w, https:\/\/i0.wp.com\/www.delongtop.com\/wp-content\/uploads\/2023\/11\/Golf-Cart-Lithium-Custom-Cases-.png?resize=768%2C339&amp;ssl=1 768w, https:\/\/i0.wp.com\/www.delongtop.com\/wp-content\/uploads\/2023\/11\/Golf-Cart-Lithium-Custom-Cases-.png?resize=800%2C353&amp;ssl=1 800w, https:\/\/i0.wp.com\/www.delongtop.com\/wp-content\/uploads\/2023\/11\/Golf-Cart-Lithium-Custom-Cases-.png?resize=1024%2C452&amp;ssl=1 1024w, https:\/\/i0.wp.com\/www.delongtop.com\/wp-content\/uploads\/2023\/11\/Golf-Cart-Lithium-Custom-Cases-.png?w=1156&amp;ssl=1 1156w\" data-sizes=\"auto\" data-orig-sizes=\"(max-width: 800px) 100vw, 800px\" \/><p id=\"caption-attachment-22866\" class=\"wp-caption-text\">Estuches a medida para bater\u00edas de litio de carros de golf<\/p><\/div>\n<h2><span style=\"color: #339966;\"><strong>Certificaciones<\/strong><\/span><\/h2>\n<p><img data-recalc-dims=\"1\" decoding=\"async\" class=\"lazyload size-full wp-image-21345 aligncenter\" src=\"https:\/\/i0.wp.com\/www.delongtop.com\/wp-content\/uploads\/2023\/10\/Lithium-Battery-Certification.jpg?resize=1170%2C488&#038;ssl=1\" data-orig-src=\"https:\/\/www.delongtop.com\/wp-content\/uploads\/2023\/10\/Lithium-Battery-Certification.jpg\" alt=\"Certificaci\u00f3n de bater\u00edas de litio\" width=\"1170\" height=\"488\" srcset=\"data:image\/svg+xml,%3Csvg%20xmlns%3D%27http%3A%2F%2Fwww.w3.org%2F2000%2Fsvg%27%20width%3D%271920%27%20height%3D%27800%27%20viewBox%3D%270%200%201920%20800%27%3E%3Crect%20width%3D%271920%27%20height%3D%27800%27%20fill-opacity%3D%220%22%2F%3E%3C%2Fsvg%3E\" data-srcset=\"https:\/\/i0.wp.com\/www.delongtop.com\/wp-content\/uploads\/2023\/10\/Lithium-Battery-Certification.jpg?resize=200%2C83&amp;ssl=1 200w, https:\/\/i0.wp.com\/www.delongtop.com\/wp-content\/uploads\/2023\/10\/Lithium-Battery-Certification.jpg?resize=300%2C125&amp;ssl=1 300w, https:\/\/i0.wp.com\/www.delongtop.com\/wp-content\/uploads\/2023\/10\/Lithium-Battery-Certification.jpg?resize=400%2C167&amp;ssl=1 400w, https:\/\/i0.wp.com\/www.delongtop.com\/wp-content\/uploads\/2023\/10\/Lithium-Battery-Certification.jpg?resize=500%2C208&amp;ssl=1 500w, https:\/\/i0.wp.com\/www.delongtop.com\/wp-content\/uploads\/2023\/10\/Lithium-Battery-Certification.jpg?resize=600%2C250&amp;ssl=1 600w, https:\/\/i0.wp.com\/www.delongtop.com\/wp-content\/uploads\/2023\/10\/Lithium-Battery-Certification.jpg?resize=700%2C292&amp;ssl=1 700w, https:\/\/i0.wp.com\/www.delongtop.com\/wp-content\/uploads\/2023\/10\/Lithium-Battery-Certification.jpg?resize=768%2C320&amp;ssl=1 768w, https:\/\/i0.wp.com\/www.delongtop.com\/wp-content\/uploads\/2023\/10\/Lithium-Battery-Certification.jpg?resize=800%2C333&amp;ssl=1 800w, https:\/\/i0.wp.com\/www.delongtop.com\/wp-content\/uploads\/2023\/10\/Lithium-Battery-Certification.jpg?resize=1024%2C427&amp;ssl=1 1024w, https:\/\/i0.wp.com\/www.delongtop.com\/wp-content\/uploads\/2023\/10\/Lithium-Battery-Certification.jpg?resize=1200%2C500&amp;ssl=1 1200w, https:\/\/i0.wp.com\/www.delongtop.com\/wp-content\/uploads\/2023\/10\/Lithium-Battery-Certification.jpg?resize=1536%2C640&amp;ssl=1 1536w, https:\/\/i0.wp.com\/www.delongtop.com\/wp-content\/uploads\/2023\/10\/Lithium-Battery-Certification.jpg?w=1920&amp;ssl=1 1920w\" data-sizes=\"auto\" data-orig-sizes=\"(max-width: 1170px) 100vw, 1170px\" \/><\/p>","protected":false},"excerpt":{"rendered":"<p>51.2V \/ 48V 100Ah Bater\u00eda de Litio para Carro de Golf<\/p>","protected":false},"featured_media":22617,"comment_status":"open","ping_status":"closed","template":"","meta":[],"product_brand":[],"product_cat":[102,214],"product_tag":[],"class_list":{"0":"post-22554","1":"product","2":"type-product","3":"status-publish","4":"has-post-thumbnail","6":"product_cat-power-battery","7":"product_cat-lithium-golf-cart-battery","9":"first","10":"instock","11":"shipping-taxable","12":"product-type-simple"},"yoast_head":"<!-- This site is optimized with the Yoast SEO plugin v25.0 - https:\/\/yoast.com\/wordpress\/plugins\/seo\/ -->\n<title>51.2V\/48V 100Ah LiFePO4 Golf Cart Battery DL-GP51100 - Delong Energy<\/title>\n<meta name=\"robots\" content=\"index, follow, max-snippet:-1, max-image-preview:large, max-video-preview:-1\" \/>\n<link rel=\"canonical\" href=\"https:\/\/www.delongtop.com\/es\/product\/51-2v-100ah-lifepo4-golf-cart-battery-dl-gp51100\/\" \/>\n<meta property=\"og:locale\" content=\"es_ES\" \/>\n<meta property=\"og:type\" content=\"article\" \/>\n<meta property=\"og:title\" content=\"51.2V\/48V 100Ah LiFePO4 Golf Cart Battery DL-GP51100 - Delong Energy\" \/>\n<meta property=\"og:description\" content=\"51.2V \/ 48V 100Ah Lithium Battery For Golf Cart\" \/>\n<meta property=\"og:url\" content=\"https:\/\/www.delongtop.com\/es\/product\/51-2v-100ah-lifepo4-golf-cart-battery-dl-gp51100\/\" \/>\n<meta property=\"og:site_name\" content=\"Delong Energy\" \/>\n<meta property=\"article:modified_time\" content=\"2025-04-22T09:56:06+00:00\" \/>\n<meta property=\"og:image\" content=\"https:\/\/i0.wp.com\/www.delongtop.com\/wp-content\/uploads\/2023\/11\/48V-Lifepo4-Golf-Cart-Battery-01.jpg?fit=1000%2C1000&ssl=1\" \/>\n\t<meta property=\"og:image:width\" content=\"1000\" \/>\n\t<meta property=\"og:image:height\" content=\"1000\" \/>\n\t<meta property=\"og:image:type\" content=\"image\/jpeg\" \/>\n<meta name=\"twitter:card\" content=\"summary_large_image\" \/>\n<meta name=\"twitter:label1\" content=\"Tiempo de lectura\" \/>\n\t<meta name=\"twitter:data1\" content=\"3 minutos\" \/>\n<script type=\"application\/ld+json\" class=\"yoast-schema-graph\">{\"@context\":\"https:\/\/schema.org\",\"@graph\":[{\"@type\":\"WebPage\",\"@id\":\"https:\/\/www.delongtop.com\/product\/51-2v-100ah-lifepo4-golf-cart-battery-dl-gp51100\/\",\"url\":\"https:\/\/www.delongtop.com\/product\/51-2v-100ah-lifepo4-golf-cart-battery-dl-gp51100\/\",\"name\":\"51.2V\/48V 100Ah LiFePO4 Golf Cart Battery DL-GP51100 - Delong Energy\",\"isPartOf\":{\"@id\":\"https:\/\/www.delongtop.com\/#website\"},\"primaryImageOfPage\":{\"@id\":\"https:\/\/www.delongtop.com\/product\/51-2v-100ah-lifepo4-golf-cart-battery-dl-gp51100\/#primaryimage\"},\"image\":{\"@id\":\"https:\/\/www.delongtop.com\/product\/51-2v-100ah-lifepo4-golf-cart-battery-dl-gp51100\/#primaryimage\"},\"thumbnailUrl\":\"https:\/\/i0.wp.com\/www.delongtop.com\/wp-content\/uploads\/2023\/11\/48V-Lifepo4-Golf-Cart-Battery-01.jpg?fit=1000%2C1000&ssl=1\",\"datePublished\":\"2023-11-23T15:10:42+00:00\",\"dateModified\":\"2025-04-22T09:56:06+00:00\",\"breadcrumb\":{\"@id\":\"https:\/\/www.delongtop.com\/product\/51-2v-100ah-lifepo4-golf-cart-battery-dl-gp51100\/#breadcrumb\"},\"inLanguage\":\"es\",\"potentialAction\":[{\"@type\":\"ReadAction\",\"target\":[\"https:\/\/www.delongtop.com\/product\/51-2v-100ah-lifepo4-golf-cart-battery-dl-gp51100\/\"]}]},{\"@type\":\"ImageObject\",\"inLanguage\":\"es\",\"@id\":\"https:\/\/www.delongtop.com\/product\/51-2v-100ah-lifepo4-golf-cart-battery-dl-gp51100\/#primaryimage\",\"url\":\"https:\/\/i0.wp.com\/www.delongtop.com\/wp-content\/uploads\/2023\/11\/48V-Lifepo4-Golf-Cart-Battery-01.jpg?fit=1000%2C1000&ssl=1\",\"contentUrl\":\"https:\/\/i0.wp.com\/www.delongtop.com\/wp-content\/uploads\/2023\/11\/48V-Lifepo4-Golf-Cart-Battery-01.jpg?fit=1000%2C1000&ssl=1\",\"width\":1000,\"height\":1000,\"caption\":\"48V Lifepo4 Golf Cart Battery\"},{\"@type\":\"BreadcrumbList\",\"@id\":\"https:\/\/www.delongtop.com\/product\/51-2v-100ah-lifepo4-golf-cart-battery-dl-gp51100\/#breadcrumb\",\"itemListElement\":[{\"@type\":\"ListItem\",\"position\":1,\"name\":\"Home\",\"item\":\"https:\/\/www.delongtop.com\/\"},{\"@type\":\"ListItem\",\"position\":2,\"name\":\"Modern Products\",\"item\":\"https:\/\/www.delongtop.com\/products\/\"},{\"@type\":\"ListItem\",\"position\":3,\"name\":\"51.2V\/48V 100Ah LiFePO4 Golf Cart Battery DL-GP51100\"}]},{\"@type\":\"WebSite\",\"@id\":\"https:\/\/www.delongtop.com\/#website\",\"url\":\"https:\/\/www.delongtop.com\/\",\"name\":\"Delong Energy\",\"description\":\"Lithium Ion Battery Manufacturer &amp; Factory In China\",\"potentialAction\":[{\"@type\":\"SearchAction\",\"target\":{\"@type\":\"EntryPoint\",\"urlTemplate\":\"https:\/\/www.delongtop.com\/?s={search_term_string}\"},\"query-input\":{\"@type\":\"PropertyValueSpecification\",\"valueRequired\":true,\"valueName\":\"search_term_string\"}}],\"inLanguage\":\"es\"}]}<\/script>\n<!-- \/ Yoast SEO plugin. -->","yoast_head_json":{"title":"51.2V\/48V 100Ah LiFePO4 Golf Cart Battery DL-GP51100 - Delong Energy","robots":{"index":"index","follow":"follow","max-snippet":"max-snippet:-1","max-image-preview":"max-image-preview:large","max-video-preview":"max-video-preview:-1"},"canonical":"https:\/\/www.delongtop.com\/es\/product\/51-2v-100ah-lifepo4-golf-cart-battery-dl-gp51100\/","og_locale":"es_ES","og_type":"article","og_title":"51.2V\/48V 100Ah LiFePO4 Golf Cart Battery DL-GP51100 - Delong Energy","og_description":"51.2V \/ 48V 100Ah Lithium Battery For Golf Cart","og_url":"https:\/\/www.delongtop.com\/es\/product\/51-2v-100ah-lifepo4-golf-cart-battery-dl-gp51100\/","og_site_name":"Delong Energy","article_modified_time":"2025-04-22T09:56:06+00:00","og_image":[{"width":1000,"height":1000,"url":"https:\/\/i0.wp.com\/www.delongtop.com\/wp-content\/uploads\/2023\/11\/48V-Lifepo4-Golf-Cart-Battery-01.jpg?fit=1000%2C1000&ssl=1","type":"image\/jpeg"}],"twitter_card":"summary_large_image","twitter_misc":{"Tiempo de lectura":"3 minutos"},"schema":{"@context":"https:\/\/schema.org","@graph":[{"@type":"WebPage","@id":"https:\/\/www.delongtop.com\/product\/51-2v-100ah-lifepo4-golf-cart-battery-dl-gp51100\/","url":"https:\/\/www.delongtop.com\/product\/51-2v-100ah-lifepo4-golf-cart-battery-dl-gp51100\/","name":"51.2V\/48V 100Ah LiFePO4 Golf Cart Battery DL-GP51100 - Delong Energy","isPartOf":{"@id":"https:\/\/www.delongtop.com\/#website"},"primaryImageOfPage":{"@id":"https:\/\/www.delongtop.com\/product\/51-2v-100ah-lifepo4-golf-cart-battery-dl-gp51100\/#primaryimage"},"image":{"@id":"https:\/\/www.delongtop.com\/product\/51-2v-100ah-lifepo4-golf-cart-battery-dl-gp51100\/#primaryimage"},"thumbnailUrl":"https:\/\/i0.wp.com\/www.delongtop.com\/wp-content\/uploads\/2023\/11\/48V-Lifepo4-Golf-Cart-Battery-01.jpg?fit=1000%2C1000&ssl=1","datePublished":"2023-11-23T15:10:42+00:00","dateModified":"2025-04-22T09:56:06+00:00","breadcrumb":{"@id":"https:\/\/www.delongtop.com\/product\/51-2v-100ah-lifepo4-golf-cart-battery-dl-gp51100\/#breadcrumb"},"inLanguage":"es","potentialAction":[{"@type":"ReadAction","target":["https:\/\/www.delongtop.com\/product\/51-2v-100ah-lifepo4-golf-cart-battery-dl-gp51100\/"]}]},{"@type":"ImageObject","inLanguage":"es","@id":"https:\/\/www.delongtop.com\/product\/51-2v-100ah-lifepo4-golf-cart-battery-dl-gp51100\/#primaryimage","url":"https:\/\/i0.wp.com\/www.delongtop.com\/wp-content\/uploads\/2023\/11\/48V-Lifepo4-Golf-Cart-Battery-01.jpg?fit=1000%2C1000&ssl=1","contentUrl":"https:\/\/i0.wp.com\/www.delongtop.com\/wp-content\/uploads\/2023\/11\/48V-Lifepo4-Golf-Cart-Battery-01.jpg?fit=1000%2C1000&ssl=1","width":1000,"height":1000,"caption":"48V Lifepo4 Golf Cart Battery"},{"@type":"BreadcrumbList","@id":"https:\/\/www.delongtop.com\/product\/51-2v-100ah-lifepo4-golf-cart-battery-dl-gp51100\/#breadcrumb","itemListElement":[{"@type":"ListItem","position":1,"name":"Home","item":"https:\/\/www.delongtop.com\/"},{"@type":"ListItem","position":2,"name":"Modern Products","item":"https:\/\/www.delongtop.com\/products\/"},{"@type":"ListItem","position":3,"name":"51.2V\/48V 100Ah LiFePO4 Golf Cart Battery DL-GP51100"}]},{"@type":"WebSite","@id":"https:\/\/www.delongtop.com\/#website","url":"https:\/\/www.delongtop.com\/","name":"Delong Energy","description":"Lithium Ion Battery Manufacturer &amp; Factory In China","potentialAction":[{"@type":"SearchAction","target":{"@type":"EntryPoint","urlTemplate":"https:\/\/www.delongtop.com\/?s={search_term_string}"},"query-input":{"@type":"PropertyValueSpecification","valueRequired":true,"valueName":"search_term_string"}}],"inLanguage":"es"}]}},"jetpack_sharing_enabled":true,"_links":{"self":[{"href":"https:\/\/www.delongtop.com\/es\/wp-json\/wp\/v2\/product\/22554","targetHints":{"allow":["GET"]}}],"collection":[{"href":"https:\/\/www.delongtop.com\/es\/wp-json\/wp\/v2\/product"}],"about":[{"href":"https:\/\/www.delongtop.com\/es\/wp-json\/wp\/v2\/types\/product"}],"replies":[{"embeddable":true,"href":"https:\/\/www.delongtop.com\/es\/wp-json\/wp\/v2\/comments?post=22554"}],"wp:featuredmedia":[{"embeddable":true,"href":"https:\/\/www.delongtop.com\/es\/wp-json\/wp\/v2\/media\/22617"}],"wp:attachment":[{"href":"https:\/\/www.delongtop.com\/es\/wp-json\/wp\/v2\/media?parent=22554"}],"wp:term":[{"taxonomy":"product_brand","embeddable":true,"href":"https:\/\/www.delongtop.com\/es\/wp-json\/wp\/v2\/product_brand?post=22554"},{"taxonomy":"product_cat","embeddable":true,"href":"https:\/\/www.delongtop.com\/es\/wp-json\/wp\/v2\/product_cat?post=22554"},{"taxonomy":"product_tag","embeddable":true,"href":"https:\/\/www.delongtop.com\/es\/wp-json\/wp\/v2\/product_tag?post=22554"}],"curies":[{"name":"wp","href":"https:\/\/api.w.org\/{rel}","templated":true}]}}