{"id":22556,"date":"2023-11-23T15:15:40","date_gmt":"2023-11-23T15:15:40","guid":{"rendered":"https:\/\/www.delongtop.com\/?post_type=product&#038;p=22556"},"modified":"2024-09-05T15:44:36","modified_gmt":"2024-09-05T15:44:36","slug":"51-2v-48v-200ah-agv-lifepo4-battery-dl-lfp-agv51200","status":"publish","type":"product","link":"https:\/\/www.delongtop.com\/es\/product\/51-2v-48v-200ah-agv-lifepo4-battery-dl-lfp-agv51200\/","title":{"rendered":"Delong 51.2V\/48V 200Ah AGV LiFePO4 Bater\u00eda DL-LFP-AGV51200"},"content":{"rendered":"<div>\n<h2><strong><span style=\"color: #339966;\">51.2v 200ah Lifepo4 Bateria 10Kwh Para AGV - DL-LFP-AGV51200<\/span><\/strong><\/h2>\n<\/div>\n<p>El voltaje de esta bater\u00eda AGV es de 51,2V, con una corriente de 200Ah, y puede proporcionar 10,24KWh de energ\u00eda. La energ\u00eda de 10,24KWh puede soportar el uso continuo de un AGV de 1000W durante 10 horas. Otra bater\u00eda AGV de 51,2v y 40ah es <a href=\"https:\/\/www.delongtop.com\/es\/product\/51-2v-48v-40ah-agv-lifepo4-battery-dl-lfp-agv5140\/\" target=\"_blank\" rel=\"noopener\">DL-LFP-AGV5140.<\/a><\/p>\n<p>Los AGV se utilizan generalmente en almacenes, f\u00e1bricas y sistemas de transporte que requieren mover mercanc\u00edas. Los AGV suelen tener que funcionar de forma continua durante largos periodos de tiempo. Por ello, las bater\u00edas utilizadas en estos veh\u00edculos suelen requerir una alta densidad energ\u00e9tica, capacidad para suministrar energ\u00eda durante periodos prolongados, cierto grado de resistencia a la temperatura y buenas prestaciones de seguridad.<\/p>\n<p>Las bater\u00edas Lifepo4 pueden cumplir estos requisitos porque el material del electrodo positivo utilizado en las bater\u00edas Lifepo4 es fosfato de hierro y litio. El fosfato de hierro y litio tiene las siguientes caracter\u00edsticas:<\/p>\n<ol>\n<li>Tiene una mayor densidad energ\u00e9tica en comparaci\u00f3n con otras bater\u00edas de litio similares.<\/li>\n<li>Tiene una vida \u00fatil suficientemente alta, idealmente capaz de decenas de miles de ciclos.<\/li>\n<li>La industria reconoce la estabilidad del fosfato de hierro y litio.<\/li>\n<\/ol>\n<h2><strong><span style=\"color: #339966;\">Bater\u00eda de plomo vs Bater\u00eda lifepo4<\/span><\/strong><\/h2>\n<div id=\"attachment_22615\" style=\"width: 810px\" class=\"wp-caption aligncenter\"><img data-recalc-dims=\"1\" decoding=\"async\" aria-describedby=\"caption-attachment-22615\" class=\"lazyload wp-image-22615 size-fusion-800\" src=\"https:\/\/i0.wp.com\/www.delongtop.com\/wp-content\/uploads\/2023\/11\/Lead-acid-Battery-vs-lifepo4-Battery.webp?resize=800%2C800&#038;ssl=1\" data-orig-src=\"https:\/\/www.delongtop.com\/wp-content\/uploads\/2023\/11\/Lead-acid-Battery-vs-lifepo4-Battery-800x800.webp\" alt=\"Bater\u00eda de plomo vs Bater\u00eda lifepo4\" width=\"800\" height=\"800\" srcset=\"data:image\/svg+xml,%3Csvg%20xmlns%3D%27http%3A%2F%2Fwww.w3.org%2F2000%2Fsvg%27%20width%3D%27800%27%20height%3D%27800%27%20viewBox%3D%270%200%20800%20800%27%3E%3Crect%20width%3D%27800%27%20height%3D%27800%27%20fill-opacity%3D%220%22%2F%3E%3C%2Fsvg%3E\" data-srcset=\"https:\/\/i0.wp.com\/www.delongtop.com\/wp-content\/uploads\/2023\/11\/Lead-acid-Battery-vs-lifepo4-Battery.webp?resize=66%2C66&amp;ssl=1 66w, https:\/\/i0.wp.com\/www.delongtop.com\/wp-content\/uploads\/2023\/11\/Lead-acid-Battery-vs-lifepo4-Battery.webp?resize=100%2C100&amp;ssl=1 100w, https:\/\/i0.wp.com\/www.delongtop.com\/wp-content\/uploads\/2023\/11\/Lead-acid-Battery-vs-lifepo4-Battery.webp?resize=150%2C150&amp;ssl=1 150w, https:\/\/i0.wp.com\/www.delongtop.com\/wp-content\/uploads\/2023\/11\/Lead-acid-Battery-vs-lifepo4-Battery.webp?resize=200%2C200&amp;ssl=1 200w, https:\/\/i0.wp.com\/www.delongtop.com\/wp-content\/uploads\/2023\/11\/Lead-acid-Battery-vs-lifepo4-Battery.webp?resize=300%2C300&amp;ssl=1 300w, https:\/\/i0.wp.com\/www.delongtop.com\/wp-content\/uploads\/2023\/11\/Lead-acid-Battery-vs-lifepo4-Battery.webp?resize=400%2C400&amp;ssl=1 400w, https:\/\/i0.wp.com\/www.delongtop.com\/wp-content\/uploads\/2023\/11\/Lead-acid-Battery-vs-lifepo4-Battery.webp?resize=500%2C500&amp;ssl=1 500w, https:\/\/i0.wp.com\/www.delongtop.com\/wp-content\/uploads\/2023\/11\/Lead-acid-Battery-vs-lifepo4-Battery.webp?resize=600%2C600&amp;ssl=1 600w, https:\/\/i0.wp.com\/www.delongtop.com\/wp-content\/uploads\/2023\/11\/Lead-acid-Battery-vs-lifepo4-Battery.webp?resize=700%2C700&amp;ssl=1 700w, https:\/\/i0.wp.com\/www.delongtop.com\/wp-content\/uploads\/2023\/11\/Lead-acid-Battery-vs-lifepo4-Battery.webp?resize=768%2C768&amp;ssl=1 768w, https:\/\/i0.wp.com\/www.delongtop.com\/wp-content\/uploads\/2023\/11\/Lead-acid-Battery-vs-lifepo4-Battery.webp?resize=800%2C800&amp;ssl=1 800w, https:\/\/i0.wp.com\/www.delongtop.com\/wp-content\/uploads\/2023\/11\/Lead-acid-Battery-vs-lifepo4-Battery.webp?w=1000&amp;ssl=1 1000w\" data-sizes=\"auto\" data-orig-sizes=\"(max-width: 800px) 100vw, 800px\" \/><p id=\"caption-attachment-22615\" class=\"wp-caption-text\">Bater\u00eda de plomo vs Bater\u00eda lifepo4<\/p><\/div>\n<h2><span style=\"color: #339966;\"><strong>BMS inteligente integrado<\/strong><\/span><\/h2>\n<p>Suministramos un pack de bater\u00edas de 51,2 V y 200 Ah para veh\u00edculos AGV que utiliza celdas de litio hierro fosfato e incorpora internamente un BMS inteligente. El BMS es una parte vital de la bater\u00eda, ya que no s\u00f3lo la gestiona para mantenerla en condiciones \u00f3ptimas de funcionamiento, sino que tambi\u00e9n la protege de forma integral, prolongando su vida \u00fatil. Las funciones de protecci\u00f3n del BMS incluyen principalmente sobrecarga, sobredescarga, sobretensi\u00f3n, sobrecorriente, sobretemperatura, cortocircuito y equilibrado.<\/p>\n<div id=\"attachment_22697\" style=\"width: 768px\" class=\"wp-caption aligncenter\"><img data-recalc-dims=\"1\" decoding=\"async\" aria-describedby=\"caption-attachment-22697\" class=\"lazyload size-full wp-image-22697\" src=\"https:\/\/i0.wp.com\/www.delongtop.com\/wp-content\/uploads\/2022\/08\/BMS-Function.jpg?resize=758%2C246&#038;ssl=1\" data-orig-src=\"https:\/\/www.delongtop.com\/wp-content\/uploads\/2022\/08\/BMS-Function.jpg\" alt=\"Funci\u00f3n BMS\" width=\"758\" height=\"246\" srcset=\"data:image\/svg+xml,%3Csvg%20xmlns%3D%27http%3A%2F%2Fwww.w3.org%2F2000%2Fsvg%27%20width%3D%27758%27%20height%3D%27246%27%20viewBox%3D%270%200%20758%20246%27%3E%3Crect%20width%3D%27758%27%20height%3D%27246%27%20fill-opacity%3D%220%22%2F%3E%3C%2Fsvg%3E\" data-srcset=\"https:\/\/i0.wp.com\/www.delongtop.com\/wp-content\/uploads\/2022\/08\/BMS-Function.jpg?resize=200%2C65&amp;ssl=1 200w, https:\/\/i0.wp.com\/www.delongtop.com\/wp-content\/uploads\/2022\/08\/BMS-Function.jpg?resize=300%2C97&amp;ssl=1 300w, https:\/\/i0.wp.com\/www.delongtop.com\/wp-content\/uploads\/2022\/08\/BMS-Function.jpg?resize=400%2C130&amp;ssl=1 400w, https:\/\/i0.wp.com\/www.delongtop.com\/wp-content\/uploads\/2022\/08\/BMS-Function.jpg?resize=500%2C162&amp;ssl=1 500w, https:\/\/i0.wp.com\/www.delongtop.com\/wp-content\/uploads\/2022\/08\/BMS-Function.jpg?resize=600%2C195&amp;ssl=1 600w, https:\/\/i0.wp.com\/www.delongtop.com\/wp-content\/uploads\/2022\/08\/BMS-Function.jpg?resize=700%2C227&amp;ssl=1 700w, https:\/\/i0.wp.com\/www.delongtop.com\/wp-content\/uploads\/2022\/08\/BMS-Function.jpg?w=758&amp;ssl=1 758w\" data-sizes=\"auto\" data-orig-sizes=\"(max-width: 758px) 100vw, 758px\" \/><p id=\"caption-attachment-22697\" class=\"wp-caption-text\">Funci\u00f3n BMS<\/p><\/div>\n<p>La bater\u00eda utiliza celdas de fosfato de hierro y litio de grado A y BMS interno para garantizar su funcionamiento seguro. La carcasa de la bater\u00eda es una caja met\u00e1lica que puede soportar cierto grado de impacto y presi\u00f3n; los terminales utilizan SB120 y SB175. Tambi\u00e9n hay una pantalla LCD para controlar el estado de funcionamiento de la bater\u00eda en tiempo real.<\/p>\n<h2><strong><span style=\"color: #339966;\">Certificaci\u00f3n de bater\u00edas AGV<\/span><\/strong><\/h2>\n<p><img data-recalc-dims=\"1\" decoding=\"async\" class=\"lazyload size-full wp-image-21345 aligncenter\" src=\"https:\/\/i0.wp.com\/www.delongtop.com\/wp-content\/uploads\/2023\/10\/Lithium-Battery-Certification.jpg?resize=1170%2C488&#038;ssl=1\" data-orig-src=\"https:\/\/www.delongtop.com\/wp-content\/uploads\/2023\/10\/Lithium-Battery-Certification.jpg\" alt=\"Certificaci\u00f3n de bater\u00edas de litio\" width=\"1170\" height=\"488\" srcset=\"data:image\/svg+xml,%3Csvg%20xmlns%3D%27http%3A%2F%2Fwww.w3.org%2F2000%2Fsvg%27%20width%3D%271920%27%20height%3D%27800%27%20viewBox%3D%270%200%201920%20800%27%3E%3Crect%20width%3D%271920%27%20height%3D%27800%27%20fill-opacity%3D%220%22%2F%3E%3C%2Fsvg%3E\" data-srcset=\"https:\/\/i0.wp.com\/www.delongtop.com\/wp-content\/uploads\/2023\/10\/Lithium-Battery-Certification.jpg?resize=200%2C83&amp;ssl=1 200w, https:\/\/i0.wp.com\/www.delongtop.com\/wp-content\/uploads\/2023\/10\/Lithium-Battery-Certification.jpg?resize=300%2C125&amp;ssl=1 300w, https:\/\/i0.wp.com\/www.delongtop.com\/wp-content\/uploads\/2023\/10\/Lithium-Battery-Certification.jpg?resize=400%2C167&amp;ssl=1 400w, https:\/\/i0.wp.com\/www.delongtop.com\/wp-content\/uploads\/2023\/10\/Lithium-Battery-Certification.jpg?resize=500%2C208&amp;ssl=1 500w, https:\/\/i0.wp.com\/www.delongtop.com\/wp-content\/uploads\/2023\/10\/Lithium-Battery-Certification.jpg?resize=600%2C250&amp;ssl=1 600w, https:\/\/i0.wp.com\/www.delongtop.com\/wp-content\/uploads\/2023\/10\/Lithium-Battery-Certification.jpg?resize=700%2C292&amp;ssl=1 700w, https:\/\/i0.wp.com\/www.delongtop.com\/wp-content\/uploads\/2023\/10\/Lithium-Battery-Certification.jpg?resize=768%2C320&amp;ssl=1 768w, https:\/\/i0.wp.com\/www.delongtop.com\/wp-content\/uploads\/2023\/10\/Lithium-Battery-Certification.jpg?resize=800%2C333&amp;ssl=1 800w, https:\/\/i0.wp.com\/www.delongtop.com\/wp-content\/uploads\/2023\/10\/Lithium-Battery-Certification.jpg?resize=1024%2C427&amp;ssl=1 1024w, https:\/\/i0.wp.com\/www.delongtop.com\/wp-content\/uploads\/2023\/10\/Lithium-Battery-Certification.jpg?resize=1200%2C500&amp;ssl=1 1200w, https:\/\/i0.wp.com\/www.delongtop.com\/wp-content\/uploads\/2023\/10\/Lithium-Battery-Certification.jpg?resize=1536%2C640&amp;ssl=1 1536w, https:\/\/i0.wp.com\/www.delongtop.com\/wp-content\/uploads\/2023\/10\/Lithium-Battery-Certification.jpg?w=1920&amp;ssl=1 1920w\" data-sizes=\"auto\" data-orig-sizes=\"(max-width: 1170px) 100vw, 1170px\" \/><\/p>\n<h2><strong><span style=\"color: #339966;\">Servicio personalizado para sus proyectos<\/span><\/strong><\/h2>\n<p>Si necesita <a href=\"https:\/\/www.delongtop.com\/es\/oem-odm\/\" target=\"_blank\" rel=\"noopener\">bater\u00eda AGV personalizada<\/a>Por favor, indique el consumo de energ\u00eda del AGV, el voltaje requerido, la corriente, la temperatura de funcionamiento, el tama\u00f1o de la bater\u00eda, la apariencia y el lugar donde lo instalar\u00e1. Dispondremos de ingenieros profesionales para ofrecerle una soluci\u00f3n personalizada.<\/p>\n<p><img data-recalc-dims=\"1\" decoding=\"async\" class=\"lazyload alignnone size-full wp-image-22036\" src=\"https:\/\/i0.wp.com\/www.delongtop.com\/wp-content\/uploads\/2023\/11\/Delong-Energy-Factory-05.jpg?resize=1000%2C667&#038;ssl=1\" data-orig-src=\"https:\/\/www.delongtop.com\/wp-content\/uploads\/2023\/11\/Delong-Energy-Factory-05.jpg\" alt=\"\" width=\"1000\" height=\"667\" srcset=\"data:image\/svg+xml,%3Csvg%20xmlns%3D%27http%3A%2F%2Fwww.w3.org%2F2000%2Fsvg%27%20width%3D%271000%27%20height%3D%27667%27%20viewBox%3D%270%200%201000%20667%27%3E%3Crect%20width%3D%271000%27%20height%3D%27667%27%20fill-opacity%3D%220%22%2F%3E%3C%2Fsvg%3E\" data-srcset=\"https:\/\/i0.wp.com\/www.delongtop.com\/wp-content\/uploads\/2023\/11\/Delong-Energy-Factory-05.jpg?resize=200%2C133&amp;ssl=1 200w, https:\/\/i0.wp.com\/www.delongtop.com\/wp-content\/uploads\/2023\/11\/Delong-Energy-Factory-05.jpg?resize=300%2C200&amp;ssl=1 300w, https:\/\/i0.wp.com\/www.delongtop.com\/wp-content\/uploads\/2023\/11\/Delong-Energy-Factory-05.jpg?resize=400%2C267&amp;ssl=1 400w, https:\/\/i0.wp.com\/www.delongtop.com\/wp-content\/uploads\/2023\/11\/Delong-Energy-Factory-05.jpg?resize=500%2C334&amp;ssl=1 500w, https:\/\/i0.wp.com\/www.delongtop.com\/wp-content\/uploads\/2023\/11\/Delong-Energy-Factory-05.jpg?resize=600%2C400&amp;ssl=1 600w, https:\/\/i0.wp.com\/www.delongtop.com\/wp-content\/uploads\/2023\/11\/Delong-Energy-Factory-05.jpg?resize=700%2C467&amp;ssl=1 700w, https:\/\/i0.wp.com\/www.delongtop.com\/wp-content\/uploads\/2023\/11\/Delong-Energy-Factory-05.jpg?resize=768%2C512&amp;ssl=1 768w, https:\/\/i0.wp.com\/www.delongtop.com\/wp-content\/uploads\/2023\/11\/Delong-Energy-Factory-05.jpg?resize=800%2C534&amp;ssl=1 800w, https:\/\/i0.wp.com\/www.delongtop.com\/wp-content\/uploads\/2023\/11\/Delong-Energy-Factory-05.jpg?w=1000&amp;ssl=1 1000w\" data-sizes=\"auto\" data-orig-sizes=\"(max-width: 1000px) 100vw, 1000px\" \/><\/p>","protected":false},"excerpt":{"rendered":"<ol>\n<li>Tensi\u00f3n nominal: 51,2v<\/li>\n<li>Capacidad nominal: 200ah<\/li>\n<li>Energ\u00eda de la bater\u00eda: 10,24kwh<\/li>\n<\/ol>","protected":false},"featured_media":22613,"comment_status":"open","ping_status":"closed","template":"","meta":[],"product_brand":[],"product_cat":[260,102],"product_tag":[],"class_list":{"0":"post-22556","1":"product","2":"type-product","3":"status-publish","4":"has-post-thumbnail","6":"product_cat-agv-lithium-battery","7":"product_cat-power-battery","9":"first","10":"instock","11":"shipping-taxable","12":"product-type-simple"},"yoast_head":"<!-- This site is optimized with the Yoast SEO plugin v25.0 - https:\/\/yoast.com\/wordpress\/plugins\/seo\/ -->\n<title>Delong 51.2V\/48V 200Ah AGV LiFePO4 Battery DL-LFP-AGV51200 - Delong Energy<\/title>\n<meta name=\"description\" content=\"12.8V 200Ah Battery; RV Battery; Caravan battery; 2560Wh Battery; Outdoor Camping Backup Battery; Alternative Lead Acid \/ Gel \/ Agm Batteries\" \/>\n<meta name=\"robots\" content=\"index, follow, max-snippet:-1, max-image-preview:large, max-video-preview:-1\" \/>\n<link rel=\"canonical\" href=\"https:\/\/www.delongtop.com\/es\/product\/51-2v-48v-200ah-agv-lifepo4-battery-dl-lfp-agv51200\/\" \/>\n<meta property=\"og:locale\" content=\"es_ES\" \/>\n<meta property=\"og:type\" content=\"article\" \/>\n<meta property=\"og:title\" content=\"Delong 51.2V\/48V 200Ah AGV LiFePO4 Battery DL-LFP-AGV51200 - Delong Energy\" \/>\n<meta property=\"og:description\" content=\"12.8V 200Ah Battery; RV Battery; Caravan battery; 2560Wh Battery; Outdoor Camping Backup Battery; Alternative Lead Acid \/ Gel \/ Agm Batteries\" \/>\n<meta property=\"og:url\" content=\"https:\/\/www.delongtop.com\/es\/product\/51-2v-48v-200ah-agv-lifepo4-battery-dl-lfp-agv51200\/\" \/>\n<meta property=\"og:site_name\" content=\"Delong Energy\" \/>\n<meta property=\"article:modified_time\" content=\"2024-09-05T15:44:36+00:00\" \/>\n<meta property=\"og:image\" content=\"https:\/\/i0.wp.com\/www.delongtop.com\/wp-content\/uploads\/2023\/11\/51.2V-200Ah-Lifepo4-Battery-For-AGV.jpg?fit=1000%2C1000&ssl=1\" \/>\n\t<meta property=\"og:image:width\" content=\"1000\" \/>\n\t<meta property=\"og:image:height\" content=\"1000\" \/>\n\t<meta property=\"og:image:type\" content=\"image\/jpeg\" \/>\n<meta name=\"twitter:card\" content=\"summary_large_image\" \/>\n<meta name=\"twitter:label1\" content=\"Tiempo de lectura\" \/>\n\t<meta name=\"twitter:data1\" content=\"3 minutos\" \/>\n<script type=\"application\/ld+json\" class=\"yoast-schema-graph\">{\"@context\":\"https:\/\/schema.org\",\"@graph\":[{\"@type\":\"WebPage\",\"@id\":\"https:\/\/www.delongtop.com\/product\/51-2v-48v-200ah-agv-lifepo4-battery-dl-lfp-agv51200\/\",\"url\":\"https:\/\/www.delongtop.com\/product\/51-2v-48v-200ah-agv-lifepo4-battery-dl-lfp-agv51200\/\",\"name\":\"Delong 51.2V\/48V 200Ah AGV LiFePO4 Battery DL-LFP-AGV51200 - Delong Energy\",\"isPartOf\":{\"@id\":\"https:\/\/www.delongtop.com\/#website\"},\"primaryImageOfPage\":{\"@id\":\"https:\/\/www.delongtop.com\/product\/51-2v-48v-200ah-agv-lifepo4-battery-dl-lfp-agv51200\/#primaryimage\"},\"image\":{\"@id\":\"https:\/\/www.delongtop.com\/product\/51-2v-48v-200ah-agv-lifepo4-battery-dl-lfp-agv51200\/#primaryimage\"},\"thumbnailUrl\":\"https:\/\/i0.wp.com\/www.delongtop.com\/wp-content\/uploads\/2023\/11\/51.2V-200Ah-Lifepo4-Battery-For-AGV.jpg?fit=1000%2C1000&ssl=1\",\"datePublished\":\"2023-11-23T15:15:40+00:00\",\"dateModified\":\"2024-09-05T15:44:36+00:00\",\"description\":\"12.8V 200Ah Battery; RV Battery; Caravan battery; 2560Wh Battery; Outdoor Camping Backup Battery; Alternative Lead Acid \/ Gel \/ Agm Batteries\",\"breadcrumb\":{\"@id\":\"https:\/\/www.delongtop.com\/product\/51-2v-48v-200ah-agv-lifepo4-battery-dl-lfp-agv51200\/#breadcrumb\"},\"inLanguage\":\"es\",\"potentialAction\":[{\"@type\":\"ReadAction\",\"target\":[\"https:\/\/www.delongtop.com\/product\/51-2v-48v-200ah-agv-lifepo4-battery-dl-lfp-agv51200\/\"]}]},{\"@type\":\"ImageObject\",\"inLanguage\":\"es\",\"@id\":\"https:\/\/www.delongtop.com\/product\/51-2v-48v-200ah-agv-lifepo4-battery-dl-lfp-agv51200\/#primaryimage\",\"url\":\"https:\/\/i0.wp.com\/www.delongtop.com\/wp-content\/uploads\/2023\/11\/51.2V-200Ah-Lifepo4-Battery-For-AGV.jpg?fit=1000%2C1000&ssl=1\",\"contentUrl\":\"https:\/\/i0.wp.com\/www.delongtop.com\/wp-content\/uploads\/2023\/11\/51.2V-200Ah-Lifepo4-Battery-For-AGV.jpg?fit=1000%2C1000&ssl=1\",\"width\":1000,\"height\":1000},{\"@type\":\"BreadcrumbList\",\"@id\":\"https:\/\/www.delongtop.com\/product\/51-2v-48v-200ah-agv-lifepo4-battery-dl-lfp-agv51200\/#breadcrumb\",\"itemListElement\":[{\"@type\":\"ListItem\",\"position\":1,\"name\":\"Home\",\"item\":\"https:\/\/www.delongtop.com\/\"},{\"@type\":\"ListItem\",\"position\":2,\"name\":\"Modern Products\",\"item\":\"https:\/\/www.delongtop.com\/products\/\"},{\"@type\":\"ListItem\",\"position\":3,\"name\":\"Delong 51.2V\/48V 200Ah AGV LiFePO4 Battery DL-LFP-AGV51200\"}]},{\"@type\":\"WebSite\",\"@id\":\"https:\/\/www.delongtop.com\/#website\",\"url\":\"https:\/\/www.delongtop.com\/\",\"name\":\"Delong Energy\",\"description\":\"Lithium Ion Battery Manufacturer &amp; Factory In China\",\"potentialAction\":[{\"@type\":\"SearchAction\",\"target\":{\"@type\":\"EntryPoint\",\"urlTemplate\":\"https:\/\/www.delongtop.com\/?s={search_term_string}\"},\"query-input\":{\"@type\":\"PropertyValueSpecification\",\"valueRequired\":true,\"valueName\":\"search_term_string\"}}],\"inLanguage\":\"es\"}]}<\/script>\n<!-- \/ Yoast SEO plugin. -->","yoast_head_json":{"title":"Delong 51.2V\/48V 200Ah AGV LiFePO4 Battery DL-LFP-AGV51200 - Delong Energy","description":"12.8V 200Ah Battery; RV Battery; Caravan battery; 2560Wh Battery; Outdoor Camping Backup Battery; Alternative Lead Acid \/ Gel \/ Agm Batteries","robots":{"index":"index","follow":"follow","max-snippet":"max-snippet:-1","max-image-preview":"max-image-preview:large","max-video-preview":"max-video-preview:-1"},"canonical":"https:\/\/www.delongtop.com\/es\/product\/51-2v-48v-200ah-agv-lifepo4-battery-dl-lfp-agv51200\/","og_locale":"es_ES","og_type":"article","og_title":"Delong 51.2V\/48V 200Ah AGV LiFePO4 Battery DL-LFP-AGV51200 - Delong Energy","og_description":"12.8V 200Ah Battery; RV Battery; Caravan battery; 2560Wh Battery; Outdoor Camping Backup Battery; Alternative Lead Acid \/ Gel \/ Agm Batteries","og_url":"https:\/\/www.delongtop.com\/es\/product\/51-2v-48v-200ah-agv-lifepo4-battery-dl-lfp-agv51200\/","og_site_name":"Delong Energy","article_modified_time":"2024-09-05T15:44:36+00:00","og_image":[{"width":1000,"height":1000,"url":"https:\/\/i0.wp.com\/www.delongtop.com\/wp-content\/uploads\/2023\/11\/51.2V-200Ah-Lifepo4-Battery-For-AGV.jpg?fit=1000%2C1000&ssl=1","type":"image\/jpeg"}],"twitter_card":"summary_large_image","twitter_misc":{"Tiempo de lectura":"3 minutos"},"schema":{"@context":"https:\/\/schema.org","@graph":[{"@type":"WebPage","@id":"https:\/\/www.delongtop.com\/product\/51-2v-48v-200ah-agv-lifepo4-battery-dl-lfp-agv51200\/","url":"https:\/\/www.delongtop.com\/product\/51-2v-48v-200ah-agv-lifepo4-battery-dl-lfp-agv51200\/","name":"Delong 51.2V\/48V 200Ah AGV LiFePO4 Battery DL-LFP-AGV51200 - Delong Energy","isPartOf":{"@id":"https:\/\/www.delongtop.com\/#website"},"primaryImageOfPage":{"@id":"https:\/\/www.delongtop.com\/product\/51-2v-48v-200ah-agv-lifepo4-battery-dl-lfp-agv51200\/#primaryimage"},"image":{"@id":"https:\/\/www.delongtop.com\/product\/51-2v-48v-200ah-agv-lifepo4-battery-dl-lfp-agv51200\/#primaryimage"},"thumbnailUrl":"https:\/\/i0.wp.com\/www.delongtop.com\/wp-content\/uploads\/2023\/11\/51.2V-200Ah-Lifepo4-Battery-For-AGV.jpg?fit=1000%2C1000&ssl=1","datePublished":"2023-11-23T15:15:40+00:00","dateModified":"2024-09-05T15:44:36+00:00","description":"12.8V 200Ah Battery; RV Battery; Caravan battery; 2560Wh Battery; Outdoor Camping Backup Battery; Alternative Lead Acid \/ Gel \/ Agm Batteries","breadcrumb":{"@id":"https:\/\/www.delongtop.com\/product\/51-2v-48v-200ah-agv-lifepo4-battery-dl-lfp-agv51200\/#breadcrumb"},"inLanguage":"es","potentialAction":[{"@type":"ReadAction","target":["https:\/\/www.delongtop.com\/product\/51-2v-48v-200ah-agv-lifepo4-battery-dl-lfp-agv51200\/"]}]},{"@type":"ImageObject","inLanguage":"es","@id":"https:\/\/www.delongtop.com\/product\/51-2v-48v-200ah-agv-lifepo4-battery-dl-lfp-agv51200\/#primaryimage","url":"https:\/\/i0.wp.com\/www.delongtop.com\/wp-content\/uploads\/2023\/11\/51.2V-200Ah-Lifepo4-Battery-For-AGV.jpg?fit=1000%2C1000&ssl=1","contentUrl":"https:\/\/i0.wp.com\/www.delongtop.com\/wp-content\/uploads\/2023\/11\/51.2V-200Ah-Lifepo4-Battery-For-AGV.jpg?fit=1000%2C1000&ssl=1","width":1000,"height":1000},{"@type":"BreadcrumbList","@id":"https:\/\/www.delongtop.com\/product\/51-2v-48v-200ah-agv-lifepo4-battery-dl-lfp-agv51200\/#breadcrumb","itemListElement":[{"@type":"ListItem","position":1,"name":"Home","item":"https:\/\/www.delongtop.com\/"},{"@type":"ListItem","position":2,"name":"Modern Products","item":"https:\/\/www.delongtop.com\/products\/"},{"@type":"ListItem","position":3,"name":"Delong 51.2V\/48V 200Ah AGV LiFePO4 Battery DL-LFP-AGV51200"}]},{"@type":"WebSite","@id":"https:\/\/www.delongtop.com\/#website","url":"https:\/\/www.delongtop.com\/","name":"Delong Energy","description":"Lithium Ion Battery Manufacturer &amp; Factory In China","potentialAction":[{"@type":"SearchAction","target":{"@type":"EntryPoint","urlTemplate":"https:\/\/www.delongtop.com\/?s={search_term_string}"},"query-input":{"@type":"PropertyValueSpecification","valueRequired":true,"valueName":"search_term_string"}}],"inLanguage":"es"}]}},"jetpack_sharing_enabled":true,"_links":{"self":[{"href":"https:\/\/www.delongtop.com\/es\/wp-json\/wp\/v2\/product\/22556","targetHints":{"allow":["GET"]}}],"collection":[{"href":"https:\/\/www.delongtop.com\/es\/wp-json\/wp\/v2\/product"}],"about":[{"href":"https:\/\/www.delongtop.com\/es\/wp-json\/wp\/v2\/types\/product"}],"replies":[{"embeddable":true,"href":"https:\/\/www.delongtop.com\/es\/wp-json\/wp\/v2\/comments?post=22556"}],"wp:featuredmedia":[{"embeddable":true,"href":"https:\/\/www.delongtop.com\/es\/wp-json\/wp\/v2\/media\/22613"}],"wp:attachment":[{"href":"https:\/\/www.delongtop.com\/es\/wp-json\/wp\/v2\/media?parent=22556"}],"wp:term":[{"taxonomy":"product_brand","embeddable":true,"href":"https:\/\/www.delongtop.com\/es\/wp-json\/wp\/v2\/product_brand?post=22556"},{"taxonomy":"product_cat","embeddable":true,"href":"https:\/\/www.delongtop.com\/es\/wp-json\/wp\/v2\/product_cat?post=22556"},{"taxonomy":"product_tag","embeddable":true,"href":"https:\/\/www.delongtop.com\/es\/wp-json\/wp\/v2\/product_tag?post=22556"}],"curies":[{"name":"wp","href":"https:\/\/api.w.org\/{rel}","templated":true}]}}