{"id":23223,"date":"2024-03-05T07:36:52","date_gmt":"2024-03-05T07:36:52","guid":{"rendered":"https:\/\/www.delongtop.com\/?post_type=product&#038;p=23223"},"modified":"2024-11-22T08:59:27","modified_gmt":"2024-11-22T08:59:27","slug":"3v-10ah-32140-rechargeable-cylindrical-sodium-ion-battery-cells","status":"publish","type":"product","link":"https:\/\/www.delongtop.com\/es\/product\/3v-10ah-32140-rechargeable-cylindrical-sodium-ion-battery-cells\/","title":{"rendered":"3V 10Ah 32140 Pilas Recargables Cil\u00edndricas de I\u00f3n Sodio"},"content":{"rendered":"<h2><strong>3V 10Ah 32140 Pilas Recargables Cil\u00edndricas de I\u00f3n Sodio<\/strong><\/h2>\n<div id=\"attachment_23277\" style=\"width: 1010px\" class=\"wp-caption aligncenter\"><img data-recalc-dims=\"1\" decoding=\"async\" aria-describedby=\"caption-attachment-23277\" class=\"lazyload wp-image-23277\" src=\"https:\/\/i0.wp.com\/www.delongtop.com\/wp-content\/uploads\/2024\/03\/32140-Sodium-Battery-Dimension.png?resize=1000%2C541&#038;ssl=1\" data-orig-src=\"https:\/\/www.delongtop.com\/wp-content\/uploads\/2024\/03\/32140-Sodium-Battery-Dimension.png\" alt=\"32140 Pila de sodio Dimensi\u00f3n\" width=\"1000\" height=\"541\" srcset=\"data:image\/svg+xml,%3Csvg%20xmlns%3D%27http%3A%2F%2Fwww.w3.org%2F2000%2Fsvg%27%20width%3D%271000%27%20height%3D%27541%27%20viewBox%3D%270%200%201000%20541%27%3E%3Crect%20width%3D%271000%27%20height%3D%27541%27%20fill-opacity%3D%220%22%2F%3E%3C%2Fsvg%3E\" data-srcset=\"https:\/\/i0.wp.com\/www.delongtop.com\/wp-content\/uploads\/2024\/03\/32140-Sodium-Battery-Dimension.png?resize=200%2C108&amp;ssl=1 200w, https:\/\/i0.wp.com\/www.delongtop.com\/wp-content\/uploads\/2024\/03\/32140-Sodium-Battery-Dimension.png?resize=300%2C162&amp;ssl=1 300w, https:\/\/i0.wp.com\/www.delongtop.com\/wp-content\/uploads\/2024\/03\/32140-Sodium-Battery-Dimension.png?resize=400%2C217&amp;ssl=1 400w, https:\/\/i0.wp.com\/www.delongtop.com\/wp-content\/uploads\/2024\/03\/32140-Sodium-Battery-Dimension.png?resize=500%2C271&amp;ssl=1 500w, https:\/\/i0.wp.com\/www.delongtop.com\/wp-content\/uploads\/2024\/03\/32140-Sodium-Battery-Dimension.png?resize=600%2C325&amp;ssl=1 600w, https:\/\/i0.wp.com\/www.delongtop.com\/wp-content\/uploads\/2024\/03\/32140-Sodium-Battery-Dimension.png?resize=700%2C379&amp;ssl=1 700w, https:\/\/i0.wp.com\/www.delongtop.com\/wp-content\/uploads\/2024\/03\/32140-Sodium-Battery-Dimension.png?resize=768%2C416&amp;ssl=1 768w, https:\/\/i0.wp.com\/www.delongtop.com\/wp-content\/uploads\/2024\/03\/32140-Sodium-Battery-Dimension.png?resize=800%2C433&amp;ssl=1 800w, https:\/\/i0.wp.com\/www.delongtop.com\/wp-content\/uploads\/2024\/03\/32140-Sodium-Battery-Dimension.png?w=1016&amp;ssl=1 1016w\" data-sizes=\"auto\" data-orig-sizes=\"(max-width: 1000px) 100vw, 1000px\" \/><p id=\"caption-attachment-23277\" class=\"wp-caption-text\">32140 Pila de sodio Dimensi\u00f3n<\/p><\/div>\n<h3><span style=\"color: #339966;\"><strong>Caracter\u00edsticas de la bater\u00eda de sodio 32140:<\/strong><\/span><\/h3>\n<p>- Densidad energ\u00e9tica de hasta 270 Wh\/L<br \/>\n- Alta tasa de descarga de 10C<br \/>\n- El rendimiento sigue siendo superior a 85% en -20\u2103<br \/>\n- Corriente m\u00e1xima de descarga 100A<br \/>\n- 2000 ciclos de carga y descarga<br \/>\n- Amplio rango de temperatura de funcionamiento -40\u2103~60\u2103<\/p>\n<h3><span style=\"color: #339966;\"><strong>\u00bfPor qu\u00e9 elegir el sodio? Bater\u00eda de sodio VS. Bater\u00eda de Litio<\/strong><\/span><\/h3>\n<p><strong>Buenas prestaciones de seguridad<\/strong><br \/>\nLas pilas de sodio no se incendian ni explotan si est\u00e1n sobrecargadas, sobredescargadas, cortocircuitadas, se caen, se aprietan, se pinchan, se golpean con objetos pesados o se calientan.<\/p>\n<p><strong>Buen rendimiento a bajas temperaturas<\/strong><br \/>\nLas pilas de sodio pueden descargarse a -40 \u00b0C y cargarse a -20 \u00b0C. Puede sustituir a las bater\u00edas de litio hierro fosfato en zonas fr\u00edas.<\/p>\n<p><strong>Excelente rendimiento tarifario<\/strong><br \/>\nLa tasa de rendimiento es mejor que la de las bater\u00edas de litio hierro fosfato y se puede cargar hasta 90% en 15 minutos.<\/p>\n<p><strong>La sobredescarga es reversible<\/strong><br \/>\nLas bater\u00edas de sodio permiten la sobredescarga sin afectar a la vida \u00fatil ni a la seguridad.<\/p>\n<p><strong>Curva lineal de carga y descarga<\/strong><br \/>\nUna estimaci\u00f3n m\u00e1s precisa del SOC reduce su ansiedad por la energ\u00eda o la duraci\u00f3n de la bater\u00eda<\/p>\n<p><strong>Menor coste:<\/strong><br \/>\nLa abundancia de recursos de sodio y su excelente rendimiento permiten a las bater\u00edas de sodio conseguir un suministro estable y seguir reduciendo costes. En comparaci\u00f3n con las bater\u00edas de litio hierro fosfato, tienen costes m\u00e1s bajos.<\/p>\n<h3><span style=\"color: #339966;\"><strong>Escenarios de aplicaci\u00f3n<\/strong><\/span><\/h3>\n<p>veh\u00edculos el\u00e9ctricos de baja velocidad, bater\u00edas de arranque<\/p>\n<p>&nbsp;<\/p>","protected":false},"excerpt":{"rendered":"<ul>\n<li>Tensi\u00f3n nominal: 3 V<\/li>\n<li>Capacidad nominal: 10Ah<\/li>\n<li>Vida \u00fatil: 2000 ciclos<\/li>\n<li>Rango de tensi\u00f3n de trabajo: 1,5V-4,0V<\/li>\n<\/ul>","protected":false},"featured_media":25925,"comment_status":"open","ping_status":"closed","template":"","meta":[],"product_brand":[],"product_cat":[270],"product_tag":[],"class_list":{"0":"post-23223","1":"product","2":"type-product","3":"status-publish","4":"has-post-thumbnail","6":"product_cat-sodium-ion-battery","8":"first","9":"instock","10":"shipping-taxable","11":"product-type-simple"},"yoast_head":"<!-- This site is optimized with the Yoast SEO plugin v25.0 - https:\/\/yoast.com\/wordpress\/plugins\/seo\/ -->\n<title>3V 10Ah 32140 Rechargeable Cylindrical Sodium Ion Battery Cells - Delong Energy<\/title>\n<meta name=\"description\" content=\"The 32140 cylindrical sodium-ion battery cell has high safety performance, 2,000 times cycle life, wide working temperature range, suited for low-speed electric vehicles.\" \/>\n<meta name=\"robots\" content=\"index, follow, max-snippet:-1, max-image-preview:large, max-video-preview:-1\" \/>\n<link rel=\"canonical\" href=\"https:\/\/www.delongtop.com\/es\/product\/3v-10ah-32140-rechargeable-cylindrical-sodium-ion-battery-cells\/\" \/>\n<meta property=\"og:locale\" content=\"es_ES\" \/>\n<meta property=\"og:type\" content=\"article\" \/>\n<meta property=\"og:title\" content=\"3V 10Ah 32140 Rechargeable Cylindrical Sodium Ion Battery Cells - Delong Energy\" \/>\n<meta property=\"og:description\" content=\"The 32140 cylindrical sodium-ion battery cell has high safety performance, 2,000 times cycle life, wide working temperature range, suited for low-speed electric vehicles.\" \/>\n<meta property=\"og:url\" content=\"https:\/\/www.delongtop.com\/es\/product\/3v-10ah-32140-rechargeable-cylindrical-sodium-ion-battery-cells\/\" \/>\n<meta property=\"og:site_name\" content=\"Delong Energy\" \/>\n<meta property=\"article:modified_time\" content=\"2024-11-22T08:59:27+00:00\" \/>\n<meta property=\"og:image\" content=\"https:\/\/i0.wp.com\/www.delongtop.com\/wp-content\/uploads\/2024\/03\/3V-10Ah-32140-Cylindrical-Sodium-Ion-Battery-01.jpg?fit=1200%2C1200&ssl=1\" \/>\n\t<meta property=\"og:image:width\" content=\"1200\" \/>\n\t<meta property=\"og:image:height\" content=\"1200\" \/>\n\t<meta property=\"og:image:type\" content=\"image\/jpeg\" \/>\n<meta name=\"twitter:card\" content=\"summary_large_image\" \/>\n<meta name=\"twitter:label1\" content=\"Tiempo de lectura\" \/>\n\t<meta name=\"twitter:data1\" content=\"2 minutos\" \/>\n<script type=\"application\/ld+json\" class=\"yoast-schema-graph\">{\"@context\":\"https:\/\/schema.org\",\"@graph\":[{\"@type\":\"WebPage\",\"@id\":\"https:\/\/www.delongtop.com\/product\/3v-10ah-32140-rechargeable-cylindrical-sodium-ion-battery-cells\/\",\"url\":\"https:\/\/www.delongtop.com\/product\/3v-10ah-32140-rechargeable-cylindrical-sodium-ion-battery-cells\/\",\"name\":\"3V 10Ah 32140 Rechargeable Cylindrical Sodium Ion Battery Cells - Delong Energy\",\"isPartOf\":{\"@id\":\"https:\/\/www.delongtop.com\/#website\"},\"primaryImageOfPage\":{\"@id\":\"https:\/\/www.delongtop.com\/product\/3v-10ah-32140-rechargeable-cylindrical-sodium-ion-battery-cells\/#primaryimage\"},\"image\":{\"@id\":\"https:\/\/www.delongtop.com\/product\/3v-10ah-32140-rechargeable-cylindrical-sodium-ion-battery-cells\/#primaryimage\"},\"thumbnailUrl\":\"https:\/\/i0.wp.com\/www.delongtop.com\/wp-content\/uploads\/2024\/03\/3V-10Ah-32140-Cylindrical-Sodium-Ion-Battery-01.jpg?fit=1200%2C1200&ssl=1\",\"datePublished\":\"2024-03-05T07:36:52+00:00\",\"dateModified\":\"2024-11-22T08:59:27+00:00\",\"description\":\"The 32140 cylindrical sodium-ion battery cell has high safety performance, 2,000 times cycle life, wide working temperature range, suited for low-speed electric vehicles.\",\"breadcrumb\":{\"@id\":\"https:\/\/www.delongtop.com\/product\/3v-10ah-32140-rechargeable-cylindrical-sodium-ion-battery-cells\/#breadcrumb\"},\"inLanguage\":\"es\",\"potentialAction\":[{\"@type\":\"ReadAction\",\"target\":[\"https:\/\/www.delongtop.com\/product\/3v-10ah-32140-rechargeable-cylindrical-sodium-ion-battery-cells\/\"]}]},{\"@type\":\"ImageObject\",\"inLanguage\":\"es\",\"@id\":\"https:\/\/www.delongtop.com\/product\/3v-10ah-32140-rechargeable-cylindrical-sodium-ion-battery-cells\/#primaryimage\",\"url\":\"https:\/\/i0.wp.com\/www.delongtop.com\/wp-content\/uploads\/2024\/03\/3V-10Ah-32140-Cylindrical-Sodium-Ion-Battery-01.jpg?fit=1200%2C1200&ssl=1\",\"contentUrl\":\"https:\/\/i0.wp.com\/www.delongtop.com\/wp-content\/uploads\/2024\/03\/3V-10Ah-32140-Cylindrical-Sodium-Ion-Battery-01.jpg?fit=1200%2C1200&ssl=1\",\"width\":1200,\"height\":1200,\"caption\":\"3V 10Ah 32140 Cylindrical Sodium Ion Battery\"},{\"@type\":\"BreadcrumbList\",\"@id\":\"https:\/\/www.delongtop.com\/product\/3v-10ah-32140-rechargeable-cylindrical-sodium-ion-battery-cells\/#breadcrumb\",\"itemListElement\":[{\"@type\":\"ListItem\",\"position\":1,\"name\":\"Home\",\"item\":\"https:\/\/www.delongtop.com\/\"},{\"@type\":\"ListItem\",\"position\":2,\"name\":\"Modern Products\",\"item\":\"https:\/\/www.delongtop.com\/products\/\"},{\"@type\":\"ListItem\",\"position\":3,\"name\":\"3V 10Ah 32140 Rechargeable Cylindrical Sodium Ion Battery Cells\"}]},{\"@type\":\"WebSite\",\"@id\":\"https:\/\/www.delongtop.com\/#website\",\"url\":\"https:\/\/www.delongtop.com\/\",\"name\":\"Delong Energy\",\"description\":\"Lithium Ion Battery Manufacturer &amp; Factory In China\",\"potentialAction\":[{\"@type\":\"SearchAction\",\"target\":{\"@type\":\"EntryPoint\",\"urlTemplate\":\"https:\/\/www.delongtop.com\/?s={search_term_string}\"},\"query-input\":{\"@type\":\"PropertyValueSpecification\",\"valueRequired\":true,\"valueName\":\"search_term_string\"}}],\"inLanguage\":\"es\"}]}<\/script>\n<!-- \/ Yoast SEO plugin. -->","yoast_head_json":{"title":"3V 10Ah 32140 Rechargeable Cylindrical Sodium Ion Battery Cells - Delong Energy","description":"The 32140 cylindrical sodium-ion battery cell has high safety performance, 2,000 times cycle life, wide working temperature range, suited for low-speed electric vehicles.","robots":{"index":"index","follow":"follow","max-snippet":"max-snippet:-1","max-image-preview":"max-image-preview:large","max-video-preview":"max-video-preview:-1"},"canonical":"https:\/\/www.delongtop.com\/es\/product\/3v-10ah-32140-rechargeable-cylindrical-sodium-ion-battery-cells\/","og_locale":"es_ES","og_type":"article","og_title":"3V 10Ah 32140 Rechargeable Cylindrical Sodium Ion Battery Cells - Delong Energy","og_description":"The 32140 cylindrical sodium-ion battery cell has high safety performance, 2,000 times cycle life, wide working temperature range, suited for low-speed electric vehicles.","og_url":"https:\/\/www.delongtop.com\/es\/product\/3v-10ah-32140-rechargeable-cylindrical-sodium-ion-battery-cells\/","og_site_name":"Delong Energy","article_modified_time":"2024-11-22T08:59:27+00:00","og_image":[{"width":1200,"height":1200,"url":"https:\/\/i0.wp.com\/www.delongtop.com\/wp-content\/uploads\/2024\/03\/3V-10Ah-32140-Cylindrical-Sodium-Ion-Battery-01.jpg?fit=1200%2C1200&ssl=1","type":"image\/jpeg"}],"twitter_card":"summary_large_image","twitter_misc":{"Tiempo de lectura":"2 minutos"},"schema":{"@context":"https:\/\/schema.org","@graph":[{"@type":"WebPage","@id":"https:\/\/www.delongtop.com\/product\/3v-10ah-32140-rechargeable-cylindrical-sodium-ion-battery-cells\/","url":"https:\/\/www.delongtop.com\/product\/3v-10ah-32140-rechargeable-cylindrical-sodium-ion-battery-cells\/","name":"3V 10Ah 32140 Rechargeable Cylindrical Sodium Ion Battery Cells - Delong Energy","isPartOf":{"@id":"https:\/\/www.delongtop.com\/#website"},"primaryImageOfPage":{"@id":"https:\/\/www.delongtop.com\/product\/3v-10ah-32140-rechargeable-cylindrical-sodium-ion-battery-cells\/#primaryimage"},"image":{"@id":"https:\/\/www.delongtop.com\/product\/3v-10ah-32140-rechargeable-cylindrical-sodium-ion-battery-cells\/#primaryimage"},"thumbnailUrl":"https:\/\/i0.wp.com\/www.delongtop.com\/wp-content\/uploads\/2024\/03\/3V-10Ah-32140-Cylindrical-Sodium-Ion-Battery-01.jpg?fit=1200%2C1200&ssl=1","datePublished":"2024-03-05T07:36:52+00:00","dateModified":"2024-11-22T08:59:27+00:00","description":"The 32140 cylindrical sodium-ion battery cell has high safety performance, 2,000 times cycle life, wide working temperature range, suited for low-speed electric vehicles.","breadcrumb":{"@id":"https:\/\/www.delongtop.com\/product\/3v-10ah-32140-rechargeable-cylindrical-sodium-ion-battery-cells\/#breadcrumb"},"inLanguage":"es","potentialAction":[{"@type":"ReadAction","target":["https:\/\/www.delongtop.com\/product\/3v-10ah-32140-rechargeable-cylindrical-sodium-ion-battery-cells\/"]}]},{"@type":"ImageObject","inLanguage":"es","@id":"https:\/\/www.delongtop.com\/product\/3v-10ah-32140-rechargeable-cylindrical-sodium-ion-battery-cells\/#primaryimage","url":"https:\/\/i0.wp.com\/www.delongtop.com\/wp-content\/uploads\/2024\/03\/3V-10Ah-32140-Cylindrical-Sodium-Ion-Battery-01.jpg?fit=1200%2C1200&ssl=1","contentUrl":"https:\/\/i0.wp.com\/www.delongtop.com\/wp-content\/uploads\/2024\/03\/3V-10Ah-32140-Cylindrical-Sodium-Ion-Battery-01.jpg?fit=1200%2C1200&ssl=1","width":1200,"height":1200,"caption":"3V 10Ah 32140 Cylindrical Sodium Ion Battery"},{"@type":"BreadcrumbList","@id":"https:\/\/www.delongtop.com\/product\/3v-10ah-32140-rechargeable-cylindrical-sodium-ion-battery-cells\/#breadcrumb","itemListElement":[{"@type":"ListItem","position":1,"name":"Home","item":"https:\/\/www.delongtop.com\/"},{"@type":"ListItem","position":2,"name":"Modern Products","item":"https:\/\/www.delongtop.com\/products\/"},{"@type":"ListItem","position":3,"name":"3V 10Ah 32140 Rechargeable Cylindrical Sodium Ion Battery Cells"}]},{"@type":"WebSite","@id":"https:\/\/www.delongtop.com\/#website","url":"https:\/\/www.delongtop.com\/","name":"Delong Energy","description":"Lithium Ion Battery Manufacturer &amp; Factory In China","potentialAction":[{"@type":"SearchAction","target":{"@type":"EntryPoint","urlTemplate":"https:\/\/www.delongtop.com\/?s={search_term_string}"},"query-input":{"@type":"PropertyValueSpecification","valueRequired":true,"valueName":"search_term_string"}}],"inLanguage":"es"}]}},"jetpack_sharing_enabled":true,"_links":{"self":[{"href":"https:\/\/www.delongtop.com\/es\/wp-json\/wp\/v2\/product\/23223","targetHints":{"allow":["GET"]}}],"collection":[{"href":"https:\/\/www.delongtop.com\/es\/wp-json\/wp\/v2\/product"}],"about":[{"href":"https:\/\/www.delongtop.com\/es\/wp-json\/wp\/v2\/types\/product"}],"replies":[{"embeddable":true,"href":"https:\/\/www.delongtop.com\/es\/wp-json\/wp\/v2\/comments?post=23223"}],"wp:featuredmedia":[{"embeddable":true,"href":"https:\/\/www.delongtop.com\/es\/wp-json\/wp\/v2\/media\/25925"}],"wp:attachment":[{"href":"https:\/\/www.delongtop.com\/es\/wp-json\/wp\/v2\/media?parent=23223"}],"wp:term":[{"taxonomy":"product_brand","embeddable":true,"href":"https:\/\/www.delongtop.com\/es\/wp-json\/wp\/v2\/product_brand?post=23223"},{"taxonomy":"product_cat","embeddable":true,"href":"https:\/\/www.delongtop.com\/es\/wp-json\/wp\/v2\/product_cat?post=23223"},{"taxonomy":"product_tag","embeddable":true,"href":"https:\/\/www.delongtop.com\/es\/wp-json\/wp\/v2\/product_tag?post=23223"}],"curies":[{"name":"wp","href":"https:\/\/api.w.org\/{rel}","templated":true}]}}