{"id":23278,"date":"2024-03-05T08:44:03","date_gmt":"2024-03-05T08:44:03","guid":{"rendered":"https:\/\/www.delongtop.com\/?post_type=product&#038;p=23278"},"modified":"2026-01-27T06:37:14","modified_gmt":"2026-01-27T06:37:14","slug":"46145-sodium-battery-rechargeable-cylindrical-cells-3v","status":"publish","type":"product","link":"https:\/\/www.delongtop.com\/es\/product\/46145-sodium-battery-rechargeable-cylindrical-cells-3v\/","title":{"rendered":"46145 Pila de Sodio Recargable Pilas Cil\u00edndricas 3V 19Ah"},"content":{"rendered":"<h2><strong><span style=\"color: #339966;\">46145 Pila de Sodio Recargable Pilas Cil\u00edndricas 3V 19Ah<\/span><\/strong><\/h2>\n<div id=\"attachment_23286\" style=\"width: 1010px\" class=\"wp-caption aligncenter\"><img data-recalc-dims=\"1\" decoding=\"async\" aria-describedby=\"caption-attachment-23286\" class=\"lazyload wp-image-23286 size-full\" title=\"46145 Fabricante de pilas de sodio\" src=\"https:\/\/i0.wp.com\/www.delongtop.com\/wp-content\/uploads\/2024\/03\/Sodium-Battery-02.jpg?resize=1000%2C650&#038;ssl=1\" data-orig-src=\"https:\/\/www.delongtop.com\/wp-content\/uploads\/2024\/03\/Sodium-Battery-02.jpg\" alt=\"Bater\u00eda de sodio Fabricantes\" width=\"1000\" height=\"650\" srcset=\"data:image\/svg+xml,%3Csvg%20xmlns%3D%27http%3A%2F%2Fwww.w3.org%2F2000%2Fsvg%27%20width%3D%271000%27%20height%3D%27650%27%20viewBox%3D%270%200%201000%20650%27%3E%3Crect%20width%3D%271000%27%20height%3D%27650%27%20fill-opacity%3D%220%22%2F%3E%3C%2Fsvg%3E\" data-srcset=\"https:\/\/i0.wp.com\/www.delongtop.com\/wp-content\/uploads\/2024\/03\/Sodium-Battery-02.jpg?resize=200%2C130&amp;ssl=1 200w, https:\/\/i0.wp.com\/www.delongtop.com\/wp-content\/uploads\/2024\/03\/Sodium-Battery-02.jpg?resize=300%2C195&amp;ssl=1 300w, https:\/\/i0.wp.com\/www.delongtop.com\/wp-content\/uploads\/2024\/03\/Sodium-Battery-02.jpg?resize=400%2C260&amp;ssl=1 400w, https:\/\/i0.wp.com\/www.delongtop.com\/wp-content\/uploads\/2024\/03\/Sodium-Battery-02.jpg?resize=500%2C325&amp;ssl=1 500w, https:\/\/i0.wp.com\/www.delongtop.com\/wp-content\/uploads\/2024\/03\/Sodium-Battery-02.jpg?resize=600%2C390&amp;ssl=1 600w, https:\/\/i0.wp.com\/www.delongtop.com\/wp-content\/uploads\/2024\/03\/Sodium-Battery-02.jpg?resize=700%2C455&amp;ssl=1 700w, https:\/\/i0.wp.com\/www.delongtop.com\/wp-content\/uploads\/2024\/03\/Sodium-Battery-02.jpg?resize=768%2C499&amp;ssl=1 768w, https:\/\/i0.wp.com\/www.delongtop.com\/wp-content\/uploads\/2024\/03\/Sodium-Battery-02.jpg?resize=800%2C520&amp;ssl=1 800w, https:\/\/i0.wp.com\/www.delongtop.com\/wp-content\/uploads\/2024\/03\/Sodium-Battery-02.jpg?w=1000&amp;ssl=1 1000w\" data-sizes=\"auto\" data-orig-sizes=\"(max-width: 1000px) 100vw, 1000px\" \/><p id=\"caption-attachment-23286\" class=\"wp-caption-text\">Bater\u00eda de sodio Fabricantes<\/p><\/div>\n<h3><span style=\"color: #339966;\"><strong>Caracter\u00edsticas de la bater\u00eda de sodio 46145:<\/strong><\/span><\/h3>\n<p>- Alta densidad energ\u00e9tica de hasta 270 Wh\/L<br \/>\n- Alta tasa de descarga<br \/>\n- El rendimiento sigue siendo superior a 85% en -20\u2103<br \/>\n- Corriente m\u00e1xima de descarga 100A<br \/>\n- 2000 ciclos de carga y descarga<br \/>\n- Amplio rango de temperatura de funcionamiento -40\u2103~60\u2103<\/p>\n<h3><span style=\"color: #339966;\"><strong>\u00bfPor qu\u00e9 elegir la pila de sodio 46145? Sodio VS. Litio\u00a0<\/strong><\/span><\/h3>\n<p><strong><b>Buenas prestaciones de seguridad<\/b><\/strong><\/p>\n<p>Las pilas de sodio no tienen fugas, no se incendian ni explotan en pruebas rigurosas como sobrecargas, sobredescargas, cortocircuitos, pinchazos, estrujones, impactos fuertes y ca\u00eddas. Sus prestaciones de seguridad son incluso superiores a las de las pilas de litio.<\/p>\n<p><strong><b>Rentable<\/b><\/strong><\/p>\n<p>Los recursos de sodio no s\u00f3lo son m\u00e1s abundantes en la corteza terrestre que los de litio, sino que tambi\u00e9n est\u00e1n distribuidos uniformemente. Esto beneficia la reducci\u00f3n continua de los costes de la materia prima y garantiza un suministro estable a largo plazo en el desarrollo futuro.<\/p>\n<p><strong><b>Larga vida \u00fatil<\/b><\/strong><\/p>\n<p>La vida \u00fatil de la bater\u00eda de sodio 46145 alcanza los 2.000 ciclos, varias veces superior a la de las bater\u00edas de plomo-\u00e1cido, y puede alcanzar una vida \u00fatil comparable a la de las bater\u00edas de litio-hierro-fosfato en 2 a\u00f1os.<\/p>\n<p><strong><b>Buen rendimiento a bajas temperaturas<\/b><\/strong><\/p>\n<p>El rango de temperatura de funcionamiento de la 46145 es de -40\u00b0C a 60\u00b0C, con un margen de seguridad m\u00e1s amplio. Todav\u00eda puede mantener 85% de su rendimiento para descarga continua a -20\u00b0C, por lo que es una bendici\u00f3n para las personas en regiones fr\u00edas.<\/p>\n<p><strong><b>Alto rendimiento<\/b><\/strong><\/p>\n<p>Las bater\u00edas de sodio tienen un rendimiento superior al de las bater\u00edas de litio, con tasas de descarga que pueden alcanzar incluso los 20C. Pueden cargarse hasta 90% de su capacidad en solo 15 minutos, lo que reduce significativamente tu tiempo de espera.<\/p>\n<p><strong><b>Permite la sobredescarga<\/b><\/strong><\/p>\n<p>A diferencia de las bater\u00edas de litio, las de iones de sodio permiten la sobredescarga porque no afecta a su vida \u00fatil ni a su seguridad.<\/p>\n<p><strong><b>Energ\u00eda limpia<\/b><\/strong><\/p>\n<p>Las pilas de sodio son un nuevo tipo de fuente de energ\u00eda respetuosa con el medio ambiente. Casi no producen residuos nocivos durante sus procesos de producci\u00f3n, uso y reciclaje.<\/p>\n<h3><strong><span style=\"color: #339966;\">Aplicaci\u00f3n de la bater\u00eda de sodio 46145<\/span><\/strong><\/h3>\n<p>Teniendo en cuenta las caracter\u00edsticas anteriores, las bater\u00edas de iones de sodio tienen potencial para sustituir a las de plomo y litio en aplicaciones a gran escala en veh\u00edculos de dos ruedas, turismos y otros veh\u00edculos el\u00e9ctricos de baja velocidad, as\u00ed como en los sectores industrial y comercial de almacenamiento de energ\u00eda.<\/p>\n<h3><strong><span style=\"color: #339966;\">Quiz\u00e1 le interese:<\/span><\/strong><\/h3>\n<p><a href=\"https:\/\/www.delongtop.com\/es\/product\/3v-10ah-32140-rechargeable-cylindrical-sodium-ion-battery-cells\/\" target=\"_blank\" rel=\"noopener\">32140 - Pilas cil\u00edndricas de i\u00f3n sodio 3V 10Ah\u00a0<\/a><\/p>","protected":false},"excerpt":{"rendered":"<ul>\n<li>Tensi\u00f3n nominal: 3 V<\/li>\n<li>Capacidad nominal: 19Ah<\/li>\n<li>Vida \u00fatil: 2000 ciclos<\/li>\n<li>Rango de tensi\u00f3n de trabajo: 1,5V-4,0V<\/li>\n<\/ul>","protected":false},"featured_media":23285,"comment_status":"open","ping_status":"closed","template":"","meta":[],"product_brand":[],"product_cat":[270],"product_tag":[],"class_list":{"0":"post-23278","1":"product","2":"type-product","3":"status-publish","4":"has-post-thumbnail","6":"product_cat-sodium-ion-battery","8":"first","9":"instock","10":"shipping-taxable","11":"product-type-simple"},"yoast_head":"<!-- This site is optimized with the Yoast SEO plugin v25.0 - https:\/\/yoast.com\/wordpress\/plugins\/seo\/ -->\n<title>46145 Sodium Battery Rechargeable Cylindrical Cells 3V 19Ah - Delong Energy<\/title>\n<meta name=\"description\" content=\"The 46145 cylindrical sodium-ion battery cell has 2,000 times cycle life, a -40\u2103 - 60\u2103 working temperature range, and high safety performance.\" \/>\n<meta name=\"robots\" content=\"index, follow, max-snippet:-1, max-image-preview:large, max-video-preview:-1\" \/>\n<link rel=\"canonical\" href=\"https:\/\/www.delongtop.com\/es\/product\/46145-sodium-battery-rechargeable-cylindrical-cells-3v\/\" \/>\n<meta property=\"og:locale\" content=\"es_ES\" \/>\n<meta property=\"og:type\" content=\"article\" \/>\n<meta property=\"og:title\" content=\"46145 Sodium Battery Rechargeable Cylindrical Cells 3V 19Ah - Delong Energy\" \/>\n<meta property=\"og:description\" content=\"The 46145 cylindrical sodium-ion battery cell has 2,000 times cycle life, a -40\u2103 - 60\u2103 working temperature range, and high safety performance.\" \/>\n<meta property=\"og:url\" content=\"https:\/\/www.delongtop.com\/es\/product\/46145-sodium-battery-rechargeable-cylindrical-cells-3v\/\" \/>\n<meta property=\"og:site_name\" content=\"Delong Energy\" \/>\n<meta property=\"article:modified_time\" content=\"2026-01-27T06:37:14+00:00\" \/>\n<meta property=\"og:image\" content=\"https:\/\/i0.wp.com\/www.delongtop.com\/wp-content\/uploads\/2024\/03\/Sodium-Ion-Battery-Cells-.jpg?fit=1000%2C1000&ssl=1\" \/>\n\t<meta property=\"og:image:width\" content=\"1000\" \/>\n\t<meta property=\"og:image:height\" content=\"1000\" \/>\n\t<meta property=\"og:image:type\" content=\"image\/jpeg\" \/>\n<meta name=\"twitter:card\" content=\"summary_large_image\" \/>\n<meta name=\"twitter:label1\" content=\"Tiempo de lectura\" \/>\n\t<meta name=\"twitter:data1\" content=\"2 minutos\" \/>\n<script type=\"application\/ld+json\" class=\"yoast-schema-graph\">{\"@context\":\"https:\/\/schema.org\",\"@graph\":[{\"@type\":\"WebPage\",\"@id\":\"https:\/\/www.delongtop.com\/product\/46145-sodium-battery-rechargeable-cylindrical-cells-3v\/\",\"url\":\"https:\/\/www.delongtop.com\/product\/46145-sodium-battery-rechargeable-cylindrical-cells-3v\/\",\"name\":\"46145 Sodium Battery Rechargeable Cylindrical Cells 3V 19Ah - Delong Energy\",\"isPartOf\":{\"@id\":\"https:\/\/www.delongtop.com\/#website\"},\"primaryImageOfPage\":{\"@id\":\"https:\/\/www.delongtop.com\/product\/46145-sodium-battery-rechargeable-cylindrical-cells-3v\/#primaryimage\"},\"image\":{\"@id\":\"https:\/\/www.delongtop.com\/product\/46145-sodium-battery-rechargeable-cylindrical-cells-3v\/#primaryimage\"},\"thumbnailUrl\":\"https:\/\/i0.wp.com\/www.delongtop.com\/wp-content\/uploads\/2024\/03\/Sodium-Ion-Battery-Cells-.jpg?fit=1000%2C1000&ssl=1\",\"datePublished\":\"2024-03-05T08:44:03+00:00\",\"dateModified\":\"2026-01-27T06:37:14+00:00\",\"description\":\"The 46145 cylindrical sodium-ion battery cell has 2,000 times cycle life, a -40\u2103 - 60\u2103 working temperature range, and high safety performance.\",\"breadcrumb\":{\"@id\":\"https:\/\/www.delongtop.com\/product\/46145-sodium-battery-rechargeable-cylindrical-cells-3v\/#breadcrumb\"},\"inLanguage\":\"es\",\"potentialAction\":[{\"@type\":\"ReadAction\",\"target\":[\"https:\/\/www.delongtop.com\/product\/46145-sodium-battery-rechargeable-cylindrical-cells-3v\/\"]}]},{\"@type\":\"ImageObject\",\"inLanguage\":\"es\",\"@id\":\"https:\/\/www.delongtop.com\/product\/46145-sodium-battery-rechargeable-cylindrical-cells-3v\/#primaryimage\",\"url\":\"https:\/\/i0.wp.com\/www.delongtop.com\/wp-content\/uploads\/2024\/03\/Sodium-Ion-Battery-Cells-.jpg?fit=1000%2C1000&ssl=1\",\"contentUrl\":\"https:\/\/i0.wp.com\/www.delongtop.com\/wp-content\/uploads\/2024\/03\/Sodium-Ion-Battery-Cells-.jpg?fit=1000%2C1000&ssl=1\",\"width\":1000,\"height\":1000,\"caption\":\"Sodium Battery Manufacturer\"},{\"@type\":\"BreadcrumbList\",\"@id\":\"https:\/\/www.delongtop.com\/product\/46145-sodium-battery-rechargeable-cylindrical-cells-3v\/#breadcrumb\",\"itemListElement\":[{\"@type\":\"ListItem\",\"position\":1,\"name\":\"Home\",\"item\":\"https:\/\/www.delongtop.com\/\"},{\"@type\":\"ListItem\",\"position\":2,\"name\":\"Modern Products\",\"item\":\"https:\/\/www.delongtop.com\/products\/\"},{\"@type\":\"ListItem\",\"position\":3,\"name\":\"46145 Sodium Battery Rechargeable Cylindrical Cells 3V 19Ah\"}]},{\"@type\":\"WebSite\",\"@id\":\"https:\/\/www.delongtop.com\/#website\",\"url\":\"https:\/\/www.delongtop.com\/\",\"name\":\"Delong Energy\",\"description\":\"Lithium Ion Battery Manufacturer &amp; Factory In China\",\"potentialAction\":[{\"@type\":\"SearchAction\",\"target\":{\"@type\":\"EntryPoint\",\"urlTemplate\":\"https:\/\/www.delongtop.com\/?s={search_term_string}\"},\"query-input\":{\"@type\":\"PropertyValueSpecification\",\"valueRequired\":true,\"valueName\":\"search_term_string\"}}],\"inLanguage\":\"es\"}]}<\/script>\n<!-- \/ Yoast SEO plugin. -->","yoast_head_json":{"title":"46145 Sodium Battery Rechargeable Cylindrical Cells 3V 19Ah - Delong Energy","description":"The 46145 cylindrical sodium-ion battery cell has 2,000 times cycle life, a -40\u2103 - 60\u2103 working temperature range, and high safety performance.","robots":{"index":"index","follow":"follow","max-snippet":"max-snippet:-1","max-image-preview":"max-image-preview:large","max-video-preview":"max-video-preview:-1"},"canonical":"https:\/\/www.delongtop.com\/es\/product\/46145-sodium-battery-rechargeable-cylindrical-cells-3v\/","og_locale":"es_ES","og_type":"article","og_title":"46145 Sodium Battery Rechargeable Cylindrical Cells 3V 19Ah - Delong Energy","og_description":"The 46145 cylindrical sodium-ion battery cell has 2,000 times cycle life, a -40\u2103 - 60\u2103 working temperature range, and high safety performance.","og_url":"https:\/\/www.delongtop.com\/es\/product\/46145-sodium-battery-rechargeable-cylindrical-cells-3v\/","og_site_name":"Delong Energy","article_modified_time":"2026-01-27T06:37:14+00:00","og_image":[{"width":1000,"height":1000,"url":"https:\/\/i0.wp.com\/www.delongtop.com\/wp-content\/uploads\/2024\/03\/Sodium-Ion-Battery-Cells-.jpg?fit=1000%2C1000&ssl=1","type":"image\/jpeg"}],"twitter_card":"summary_large_image","twitter_misc":{"Tiempo de lectura":"2 minutos"},"schema":{"@context":"https:\/\/schema.org","@graph":[{"@type":"WebPage","@id":"https:\/\/www.delongtop.com\/product\/46145-sodium-battery-rechargeable-cylindrical-cells-3v\/","url":"https:\/\/www.delongtop.com\/product\/46145-sodium-battery-rechargeable-cylindrical-cells-3v\/","name":"46145 Sodium Battery Rechargeable Cylindrical Cells 3V 19Ah - Delong Energy","isPartOf":{"@id":"https:\/\/www.delongtop.com\/#website"},"primaryImageOfPage":{"@id":"https:\/\/www.delongtop.com\/product\/46145-sodium-battery-rechargeable-cylindrical-cells-3v\/#primaryimage"},"image":{"@id":"https:\/\/www.delongtop.com\/product\/46145-sodium-battery-rechargeable-cylindrical-cells-3v\/#primaryimage"},"thumbnailUrl":"https:\/\/i0.wp.com\/www.delongtop.com\/wp-content\/uploads\/2024\/03\/Sodium-Ion-Battery-Cells-.jpg?fit=1000%2C1000&ssl=1","datePublished":"2024-03-05T08:44:03+00:00","dateModified":"2026-01-27T06:37:14+00:00","description":"The 46145 cylindrical sodium-ion battery cell has 2,000 times cycle life, a -40\u2103 - 60\u2103 working temperature range, and high safety performance.","breadcrumb":{"@id":"https:\/\/www.delongtop.com\/product\/46145-sodium-battery-rechargeable-cylindrical-cells-3v\/#breadcrumb"},"inLanguage":"es","potentialAction":[{"@type":"ReadAction","target":["https:\/\/www.delongtop.com\/product\/46145-sodium-battery-rechargeable-cylindrical-cells-3v\/"]}]},{"@type":"ImageObject","inLanguage":"es","@id":"https:\/\/www.delongtop.com\/product\/46145-sodium-battery-rechargeable-cylindrical-cells-3v\/#primaryimage","url":"https:\/\/i0.wp.com\/www.delongtop.com\/wp-content\/uploads\/2024\/03\/Sodium-Ion-Battery-Cells-.jpg?fit=1000%2C1000&ssl=1","contentUrl":"https:\/\/i0.wp.com\/www.delongtop.com\/wp-content\/uploads\/2024\/03\/Sodium-Ion-Battery-Cells-.jpg?fit=1000%2C1000&ssl=1","width":1000,"height":1000,"caption":"Sodium Battery Manufacturer"},{"@type":"BreadcrumbList","@id":"https:\/\/www.delongtop.com\/product\/46145-sodium-battery-rechargeable-cylindrical-cells-3v\/#breadcrumb","itemListElement":[{"@type":"ListItem","position":1,"name":"Home","item":"https:\/\/www.delongtop.com\/"},{"@type":"ListItem","position":2,"name":"Modern Products","item":"https:\/\/www.delongtop.com\/products\/"},{"@type":"ListItem","position":3,"name":"46145 Sodium Battery Rechargeable Cylindrical Cells 3V 19Ah"}]},{"@type":"WebSite","@id":"https:\/\/www.delongtop.com\/#website","url":"https:\/\/www.delongtop.com\/","name":"Delong Energy","description":"Lithium Ion Battery Manufacturer &amp; Factory In China","potentialAction":[{"@type":"SearchAction","target":{"@type":"EntryPoint","urlTemplate":"https:\/\/www.delongtop.com\/?s={search_term_string}"},"query-input":{"@type":"PropertyValueSpecification","valueRequired":true,"valueName":"search_term_string"}}],"inLanguage":"es"}]}},"jetpack_sharing_enabled":true,"_links":{"self":[{"href":"https:\/\/www.delongtop.com\/es\/wp-json\/wp\/v2\/product\/23278","targetHints":{"allow":["GET"]}}],"collection":[{"href":"https:\/\/www.delongtop.com\/es\/wp-json\/wp\/v2\/product"}],"about":[{"href":"https:\/\/www.delongtop.com\/es\/wp-json\/wp\/v2\/types\/product"}],"replies":[{"embeddable":true,"href":"https:\/\/www.delongtop.com\/es\/wp-json\/wp\/v2\/comments?post=23278"}],"wp:featuredmedia":[{"embeddable":true,"href":"https:\/\/www.delongtop.com\/es\/wp-json\/wp\/v2\/media\/23285"}],"wp:attachment":[{"href":"https:\/\/www.delongtop.com\/es\/wp-json\/wp\/v2\/media?parent=23278"}],"wp:term":[{"taxonomy":"product_brand","embeddable":true,"href":"https:\/\/www.delongtop.com\/es\/wp-json\/wp\/v2\/product_brand?post=23278"},{"taxonomy":"product_cat","embeddable":true,"href":"https:\/\/www.delongtop.com\/es\/wp-json\/wp\/v2\/product_cat?post=23278"},{"taxonomy":"product_tag","embeddable":true,"href":"https:\/\/www.delongtop.com\/es\/wp-json\/wp\/v2\/product_tag?post=23278"}],"curies":[{"name":"wp","href":"https:\/\/api.w.org\/{rel}","templated":true}]}}