{"id":23349,"date":"2024-03-12T03:25:43","date_gmt":"2024-03-12T03:25:43","guid":{"rendered":"https:\/\/www.delongtop.com\/?post_type=product&#038;p=23349"},"modified":"2026-03-24T03:13:52","modified_gmt":"2026-03-24T03:13:52","slug":"12v-2-6ah-sodium-ion-battery-for-motorcycle-starting-18650","status":"publish","type":"product","link":"https:\/\/www.delongtop.com\/es\/product\/12v-2-6ah-sodium-ion-battery-for-motorcycle-starting-18650\/","title":{"rendered":"12V 2.6Ah Bater\u00eda De Ion De Sodio Para Motocicleta De Arranque 18650"},"content":{"rendered":"<h2><strong><span style=\"color: #339966;\">12V 2.6Ah 18650 Bater\u00eda de Ion de Sodio para Moto\/ Cortac\u00e9sped\/ ATV\/ UTV<\/span><\/strong><\/h2>\n<p>A 12V 2,6Ah <a href=\"https:\/\/www.delongtop.com\/es\/what-is-sodium-ion-battery\/\" target=\"_blank\" rel=\"noopener\">bater\u00eda de iones de sodio<\/a> puede sustituir a varias bater\u00edas de plomo-\u00e1cido como bater\u00eda de arranque para motocicletas. Tiene las siguientes caracter\u00edsticas:<\/p>\n<ul>\n<li>Reduce el peso en 70% en comparaci\u00f3n con las bater\u00edas de plomo-\u00e1cido.<\/li>\n<li>El n\u00famero de ciclos y los tiempos de encendido aumentan entre 5 y 10 veces.<\/li>\n<li>Tiene una vida \u00fatil de hasta 10 a\u00f1os.<\/li>\n<li>Aumenta la relaci\u00f3n de combusti\u00f3n del combustible, mejorando la eficiencia de potencia de la motocicleta.<\/li>\n<li>Rendimiento de almacenamiento: Despu\u00e9s de 30 d\u00edas de almacenamiento a temperatura ambiente en un estado completamente cargado, la tasa de retenci\u00f3n de la capacidad es \u226595%, y la tasa de recuperaci\u00f3n de la capacidad es \u226599%.<\/li>\n<\/ul>\n<div id=\"attachment_23350\" style=\"width: 517px\" class=\"wp-caption aligncenter\"><img decoding=\"async\" aria-describedby=\"caption-attachment-23350\" class=\"lazyload wp-image-23350 size-full\" src=\"data:image\/svg+xml,%3Csvg%20xmlns%3D%27http%3A%2F%2Fwww.w3.org%2F2000%2Fsvg%27%20width%3D%27507%27%20height%3D%27329%27%20viewBox%3D%270%200%20507%20329%27%3E%3Crect%20width%3D%27507%27%20height%3D%27329%27%20fill-opacity%3D%220%22%2F%3E%3C%2Fsvg%3E\" data-orig-src=\"https:\/\/www.delongtop.com\/wp-content\/uploads\/2024\/03\/Motorcycle-Starter-Battery-Sodium-12V-10Ah-.png\" alt=\"Bater\u00eda de arranque de sodio para motocicletas\" width=\"507\" height=\"329\" \/><p id=\"caption-attachment-23350\" class=\"wp-caption-text\">Bater\u00eda de arranque para moto SIB<\/p><\/div>\n<h2><strong><span style=\"color: #339966;\">\u00bfPor qu\u00e9 sodio? Bater\u00eda de sodio VS. Bater\u00eda de plomo-\u00e1cido<\/span><\/strong><\/h2>\n<ol>\n<li><strong><b>Larga vida \u00fatil<\/b><\/strong>: El rendimiento c\u00edclico de las bater\u00edas de iones de sodio alcanza hasta 3.000 veces, lo que equivale a entre 5 y 10 veces el de las bater\u00edas de plomo-\u00e1cido.<\/li>\n<li><strong><b>Baja tasa de autodescarga<\/b><\/strong>: La tasa de autodescarga de las bater\u00edas de iones de sodio es muy baja, alrededor de 1,5%. Pueden mantener alrededor de 95% de su capacidad incluso tras un almacenamiento prolongado.<\/li>\n<li><strong><b>Velocidad de carga r\u00e1pida<\/b><\/strong>: En comparaci\u00f3n con el tiempo de carga de 6 horas de las bater\u00edas de plomo-\u00e1cido, las bater\u00edas de iones de sodio pueden alcanzar un estado de saturaci\u00f3n en s\u00f3lo unos 20 minutos.<\/li>\n<li><strong><b>Buen rendimiento de arranque a baja temperatura<\/b><\/strong>: Las bater\u00edas de iones de sodio tienen un amplio rango de temperaturas de funcionamiento y pueden descargarse con normalidad incluso a menos 40 grados cent\u00edgrados.<\/li>\n<li><strong><b>Alta corriente de descarga<\/b><\/strong>: Pueden suministrar grandes corrientes de descarga instant\u00e1neas, liberando una gran cantidad de energ\u00eda para satisfacer las necesidades de arranque de los motores de motocicletas.<\/li>\n<li><strong><b>Excelentes prestaciones de seguridad<\/b><\/strong>: Las bater\u00edas de iones de sodio son las m\u00e1s seguras entre las de plomo y \u00e1cido y las de iones de litio.<\/li>\n<li><strong><b>Tama\u00f1o peque\u00f1o y peso ligero<\/b><\/strong>: Las bater\u00edas de iones de sodio tienen una mayor densidad energ\u00e9tica que las de plomo-\u00e1cido, de ah\u00ed que sean mucho m\u00e1s peque\u00f1as y ligeras, incluso s\u00f3lo un tercio del tama\u00f1o de las de plomo-\u00e1cido.<\/li>\n<li><strong><b>Sin mantenimiento<\/b><\/strong>: Las bater\u00edas de iones de sodio no requieren riego regular, reposici\u00f3n de electrolitos ni limpieza peri\u00f3dica de los terminales.<\/li>\n<\/ol>\n<h2><span style=\"color: #339966;\"><strong>Acerca de Delong Top<\/strong><\/span><\/h2>\n<p>Somos una <a href=\"https:\/\/www.delongtop.com\/es\/about\/\" target=\"_blank\" rel=\"noopener\">f\u00e1brica de bater\u00edas de litio<\/a> con 13 a\u00f1os de dilatada experiencia, dedicada a proporcionar nuevas soluciones energ\u00e9ticas sostenibles a usuarios de todo el mundo y a contribuir a la protecci\u00f3n medioambiental de la Tierra. No solo disponemos de avanzadas l\u00edneas de producci\u00f3n, sino que tambi\u00e9n contamos con un s\u00f3lido equipo de I+D, preparado para dise\u00f1ar soluciones energ\u00e9ticas a su medida.<\/p>\n<div id=\"attachment_22036\" style=\"width: 1010px\" class=\"wp-caption aligncenter\"><img data-recalc-dims=\"1\" decoding=\"async\" aria-describedby=\"caption-attachment-22036\" class=\"lazyload size-full wp-image-22036\" src=\"https:\/\/i0.wp.com\/www.delongtop.com\/wp-content\/uploads\/2023\/11\/Delong-Energy-Factory-05.jpg?resize=1000%2C667&#038;ssl=1\" data-orig-src=\"https:\/\/www.delongtop.com\/wp-content\/uploads\/2023\/11\/Delong-Energy-Factory-05.jpg\" alt=\"F\u00e1brica de energ\u00eda de Delong\" width=\"1000\" height=\"667\" srcset=\"data:image\/svg+xml,%3Csvg%20xmlns%3D%27http%3A%2F%2Fwww.w3.org%2F2000%2Fsvg%27%20width%3D%271000%27%20height%3D%27667%27%20viewBox%3D%270%200%201000%20667%27%3E%3Crect%20width%3D%271000%27%20height%3D%27667%27%20fill-opacity%3D%220%22%2F%3E%3C%2Fsvg%3E\" data-srcset=\"https:\/\/i0.wp.com\/www.delongtop.com\/wp-content\/uploads\/2023\/11\/Delong-Energy-Factory-05.jpg?resize=200%2C133&amp;ssl=1 200w, https:\/\/i0.wp.com\/www.delongtop.com\/wp-content\/uploads\/2023\/11\/Delong-Energy-Factory-05.jpg?resize=300%2C200&amp;ssl=1 300w, https:\/\/i0.wp.com\/www.delongtop.com\/wp-content\/uploads\/2023\/11\/Delong-Energy-Factory-05.jpg?resize=400%2C267&amp;ssl=1 400w, https:\/\/i0.wp.com\/www.delongtop.com\/wp-content\/uploads\/2023\/11\/Delong-Energy-Factory-05.jpg?resize=500%2C334&amp;ssl=1 500w, https:\/\/i0.wp.com\/www.delongtop.com\/wp-content\/uploads\/2023\/11\/Delong-Energy-Factory-05.jpg?resize=600%2C400&amp;ssl=1 600w, https:\/\/i0.wp.com\/www.delongtop.com\/wp-content\/uploads\/2023\/11\/Delong-Energy-Factory-05.jpg?resize=700%2C467&amp;ssl=1 700w, https:\/\/i0.wp.com\/www.delongtop.com\/wp-content\/uploads\/2023\/11\/Delong-Energy-Factory-05.jpg?resize=768%2C512&amp;ssl=1 768w, https:\/\/i0.wp.com\/www.delongtop.com\/wp-content\/uploads\/2023\/11\/Delong-Energy-Factory-05.jpg?resize=800%2C534&amp;ssl=1 800w, https:\/\/i0.wp.com\/www.delongtop.com\/wp-content\/uploads\/2023\/11\/Delong-Energy-Factory-05.jpg?w=1000&amp;ssl=1 1000w\" data-sizes=\"auto\" data-orig-sizes=\"(max-width: 1000px) 100vw, 1000px\" \/><p id=\"caption-attachment-22036\" class=\"wp-caption-text\">F\u00e1brica de energ\u00eda de Delong<\/p><\/div>","protected":false},"excerpt":{"rendered":"<ul>\n<li>Tensi\u00f3n: 12 V<\/li>\n<li>Capacidad: 2600mAh<\/li>\n<li>Vida \u00fatil: 3000 ciclos<\/li>\n<li>Temperatura: -40\u2103~+60\u2103<\/li>\n<li>Mantenimiento: No<\/li>\n<\/ul>","protected":false},"featured_media":31941,"comment_status":"open","ping_status":"closed","template":"","meta":[],"product_brand":[],"product_cat":[270],"product_tag":[],"class_list":{"0":"post-23349","1":"product","2":"type-product","3":"status-publish","4":"has-post-thumbnail","6":"product_cat-sodium-ion-battery","8":"first","9":"instock","10":"shipping-taxable","11":"product-type-simple"},"yoast_head":"<!-- This site is optimized with the Yoast SEO plugin v25.0 - https:\/\/yoast.com\/wordpress\/plugins\/seo\/ -->\n<title>12V 2.6Ah Sodium Ion Battery For Motorcycle Starting 18650 - Delong Energy<\/title>\n<meta name=\"robots\" content=\"index, follow, max-snippet:-1, max-image-preview:large, max-video-preview:-1\" \/>\n<link rel=\"canonical\" href=\"https:\/\/www.delongtop.com\/es\/product\/12v-2-6ah-sodium-ion-battery-for-motorcycle-starting-18650\/\" \/>\n<meta property=\"og:locale\" content=\"es_ES\" \/>\n<meta property=\"og:type\" content=\"article\" \/>\n<meta property=\"og:title\" content=\"12V 2.6Ah Sodium Ion Battery For Motorcycle Starting 18650 - Delong Energy\" \/>\n<meta property=\"og:description\" content=\"Voltage: 12V  Capacity: 2600mAh  Cycle Life: 3000 cycles  Temperature: -40\u2103~+60\u2103  Maintenance: No\" \/>\n<meta property=\"og:url\" content=\"https:\/\/www.delongtop.com\/es\/product\/12v-2-6ah-sodium-ion-battery-for-motorcycle-starting-18650\/\" \/>\n<meta property=\"og:site_name\" content=\"Delong Energy\" \/>\n<meta property=\"article:modified_time\" content=\"2026-03-24T03:13:52+00:00\" \/>\n<meta property=\"og:image\" content=\"https:\/\/www.delongtop.com\/wp-content\/uploads\/2024\/03\/12V-Motorcycle-Starting-Battery-Sodium-.jpg\" \/>\n\t<meta property=\"og:image:width\" content=\"507\" \/>\n\t<meta property=\"og:image:height\" content=\"329\" \/>\n\t<meta property=\"og:image:type\" content=\"image\/jpeg\" \/>\n<meta name=\"twitter:card\" content=\"summary_large_image\" \/>\n<meta name=\"twitter:label1\" content=\"Tiempo de lectura\" \/>\n\t<meta name=\"twitter:data1\" content=\"3 minutos\" \/>\n<script type=\"application\/ld+json\" class=\"yoast-schema-graph\">{\"@context\":\"https:\/\/schema.org\",\"@graph\":[{\"@type\":\"WebPage\",\"@id\":\"https:\/\/www.delongtop.com\/product\/12v-2-6ah-sodium-ion-battery-for-motorcycle-starting-18650\/\",\"url\":\"https:\/\/www.delongtop.com\/product\/12v-2-6ah-sodium-ion-battery-for-motorcycle-starting-18650\/\",\"name\":\"12V 2.6Ah Sodium Ion Battery For Motorcycle Starting 18650 - Delong Energy\",\"isPartOf\":{\"@id\":\"https:\/\/www.delongtop.com\/#website\"},\"primaryImageOfPage\":{\"@id\":\"https:\/\/www.delongtop.com\/product\/12v-2-6ah-sodium-ion-battery-for-motorcycle-starting-18650\/#primaryimage\"},\"image\":{\"@id\":\"https:\/\/www.delongtop.com\/product\/12v-2-6ah-sodium-ion-battery-for-motorcycle-starting-18650\/#primaryimage\"},\"thumbnailUrl\":\"https:\/\/i0.wp.com\/www.delongtop.com\/wp-content\/uploads\/2024\/03\/12V-Motorcycle-Starting-Battery-Sodium-.jpg?fit=507%2C329&ssl=1\",\"datePublished\":\"2024-03-12T03:25:43+00:00\",\"dateModified\":\"2026-03-24T03:13:52+00:00\",\"breadcrumb\":{\"@id\":\"https:\/\/www.delongtop.com\/product\/12v-2-6ah-sodium-ion-battery-for-motorcycle-starting-18650\/#breadcrumb\"},\"inLanguage\":\"es\",\"potentialAction\":[{\"@type\":\"ReadAction\",\"target\":[\"https:\/\/www.delongtop.com\/product\/12v-2-6ah-sodium-ion-battery-for-motorcycle-starting-18650\/\"]}]},{\"@type\":\"ImageObject\",\"inLanguage\":\"es\",\"@id\":\"https:\/\/www.delongtop.com\/product\/12v-2-6ah-sodium-ion-battery-for-motorcycle-starting-18650\/#primaryimage\",\"url\":\"https:\/\/i0.wp.com\/www.delongtop.com\/wp-content\/uploads\/2024\/03\/12V-Motorcycle-Starting-Battery-Sodium-.jpg?fit=507%2C329&ssl=1\",\"contentUrl\":\"https:\/\/i0.wp.com\/www.delongtop.com\/wp-content\/uploads\/2024\/03\/12V-Motorcycle-Starting-Battery-Sodium-.jpg?fit=507%2C329&ssl=1\",\"width\":507,\"height\":329,\"caption\":\"12V Motorcycle Starting Sodium Battery\"},{\"@type\":\"BreadcrumbList\",\"@id\":\"https:\/\/www.delongtop.com\/product\/12v-2-6ah-sodium-ion-battery-for-motorcycle-starting-18650\/#breadcrumb\",\"itemListElement\":[{\"@type\":\"ListItem\",\"position\":1,\"name\":\"Home\",\"item\":\"https:\/\/www.delongtop.com\/\"},{\"@type\":\"ListItem\",\"position\":2,\"name\":\"Modern Products\",\"item\":\"https:\/\/www.delongtop.com\/products\/\"},{\"@type\":\"ListItem\",\"position\":3,\"name\":\"12V 2.6Ah Sodium Ion Battery For Motorcycle Starting 18650\"}]},{\"@type\":\"WebSite\",\"@id\":\"https:\/\/www.delongtop.com\/#website\",\"url\":\"https:\/\/www.delongtop.com\/\",\"name\":\"Delong Energy\",\"description\":\"Lithium Ion Battery Manufacturer &amp; Factory In China\",\"potentialAction\":[{\"@type\":\"SearchAction\",\"target\":{\"@type\":\"EntryPoint\",\"urlTemplate\":\"https:\/\/www.delongtop.com\/?s={search_term_string}\"},\"query-input\":{\"@type\":\"PropertyValueSpecification\",\"valueRequired\":true,\"valueName\":\"search_term_string\"}}],\"inLanguage\":\"es\"}]}<\/script>\n<!-- \/ Yoast SEO plugin. -->","yoast_head_json":{"title":"12V 2.6Ah Sodium Ion Battery For Motorcycle Starting 18650 - Delong Energy","robots":{"index":"index","follow":"follow","max-snippet":"max-snippet:-1","max-image-preview":"max-image-preview:large","max-video-preview":"max-video-preview:-1"},"canonical":"https:\/\/www.delongtop.com\/es\/product\/12v-2-6ah-sodium-ion-battery-for-motorcycle-starting-18650\/","og_locale":"es_ES","og_type":"article","og_title":"12V 2.6Ah Sodium Ion Battery For Motorcycle Starting 18650 - Delong Energy","og_description":"Voltage: 12V  Capacity: 2600mAh  Cycle Life: 3000 cycles  Temperature: -40\u2103~+60\u2103  Maintenance: No","og_url":"https:\/\/www.delongtop.com\/es\/product\/12v-2-6ah-sodium-ion-battery-for-motorcycle-starting-18650\/","og_site_name":"Delong Energy","article_modified_time":"2026-03-24T03:13:52+00:00","og_image":[{"width":507,"height":329,"url":"https:\/\/www.delongtop.com\/wp-content\/uploads\/2024\/03\/12V-Motorcycle-Starting-Battery-Sodium-.jpg","type":"image\/jpeg"}],"twitter_card":"summary_large_image","twitter_misc":{"Tiempo de lectura":"3 minutos"},"schema":{"@context":"https:\/\/schema.org","@graph":[{"@type":"WebPage","@id":"https:\/\/www.delongtop.com\/product\/12v-2-6ah-sodium-ion-battery-for-motorcycle-starting-18650\/","url":"https:\/\/www.delongtop.com\/product\/12v-2-6ah-sodium-ion-battery-for-motorcycle-starting-18650\/","name":"12V 2.6Ah Sodium Ion Battery For Motorcycle Starting 18650 - Delong Energy","isPartOf":{"@id":"https:\/\/www.delongtop.com\/#website"},"primaryImageOfPage":{"@id":"https:\/\/www.delongtop.com\/product\/12v-2-6ah-sodium-ion-battery-for-motorcycle-starting-18650\/#primaryimage"},"image":{"@id":"https:\/\/www.delongtop.com\/product\/12v-2-6ah-sodium-ion-battery-for-motorcycle-starting-18650\/#primaryimage"},"thumbnailUrl":"https:\/\/i0.wp.com\/www.delongtop.com\/wp-content\/uploads\/2024\/03\/12V-Motorcycle-Starting-Battery-Sodium-.jpg?fit=507%2C329&ssl=1","datePublished":"2024-03-12T03:25:43+00:00","dateModified":"2026-03-24T03:13:52+00:00","breadcrumb":{"@id":"https:\/\/www.delongtop.com\/product\/12v-2-6ah-sodium-ion-battery-for-motorcycle-starting-18650\/#breadcrumb"},"inLanguage":"es","potentialAction":[{"@type":"ReadAction","target":["https:\/\/www.delongtop.com\/product\/12v-2-6ah-sodium-ion-battery-for-motorcycle-starting-18650\/"]}]},{"@type":"ImageObject","inLanguage":"es","@id":"https:\/\/www.delongtop.com\/product\/12v-2-6ah-sodium-ion-battery-for-motorcycle-starting-18650\/#primaryimage","url":"https:\/\/i0.wp.com\/www.delongtop.com\/wp-content\/uploads\/2024\/03\/12V-Motorcycle-Starting-Battery-Sodium-.jpg?fit=507%2C329&ssl=1","contentUrl":"https:\/\/i0.wp.com\/www.delongtop.com\/wp-content\/uploads\/2024\/03\/12V-Motorcycle-Starting-Battery-Sodium-.jpg?fit=507%2C329&ssl=1","width":507,"height":329,"caption":"12V Motorcycle Starting Sodium Battery"},{"@type":"BreadcrumbList","@id":"https:\/\/www.delongtop.com\/product\/12v-2-6ah-sodium-ion-battery-for-motorcycle-starting-18650\/#breadcrumb","itemListElement":[{"@type":"ListItem","position":1,"name":"Home","item":"https:\/\/www.delongtop.com\/"},{"@type":"ListItem","position":2,"name":"Modern Products","item":"https:\/\/www.delongtop.com\/products\/"},{"@type":"ListItem","position":3,"name":"12V 2.6Ah Sodium Ion Battery For Motorcycle Starting 18650"}]},{"@type":"WebSite","@id":"https:\/\/www.delongtop.com\/#website","url":"https:\/\/www.delongtop.com\/","name":"Delong Energy","description":"Lithium Ion Battery Manufacturer &amp; Factory In China","potentialAction":[{"@type":"SearchAction","target":{"@type":"EntryPoint","urlTemplate":"https:\/\/www.delongtop.com\/?s={search_term_string}"},"query-input":{"@type":"PropertyValueSpecification","valueRequired":true,"valueName":"search_term_string"}}],"inLanguage":"es"}]}},"jetpack_sharing_enabled":true,"_links":{"self":[{"href":"https:\/\/www.delongtop.com\/es\/wp-json\/wp\/v2\/product\/23349","targetHints":{"allow":["GET"]}}],"collection":[{"href":"https:\/\/www.delongtop.com\/es\/wp-json\/wp\/v2\/product"}],"about":[{"href":"https:\/\/www.delongtop.com\/es\/wp-json\/wp\/v2\/types\/product"}],"replies":[{"embeddable":true,"href":"https:\/\/www.delongtop.com\/es\/wp-json\/wp\/v2\/comments?post=23349"}],"wp:featuredmedia":[{"embeddable":true,"href":"https:\/\/www.delongtop.com\/es\/wp-json\/wp\/v2\/media\/31941"}],"wp:attachment":[{"href":"https:\/\/www.delongtop.com\/es\/wp-json\/wp\/v2\/media?parent=23349"}],"wp:term":[{"taxonomy":"product_brand","embeddable":true,"href":"https:\/\/www.delongtop.com\/es\/wp-json\/wp\/v2\/product_brand?post=23349"},{"taxonomy":"product_cat","embeddable":true,"href":"https:\/\/www.delongtop.com\/es\/wp-json\/wp\/v2\/product_cat?post=23349"},{"taxonomy":"product_tag","embeddable":true,"href":"https:\/\/www.delongtop.com\/es\/wp-json\/wp\/v2\/product_tag?post=23349"}],"curies":[{"name":"wp","href":"https:\/\/api.w.org\/{rel}","templated":true}]}}