{"id":23353,"date":"2024-03-12T10:03:38","date_gmt":"2024-03-12T10:03:38","guid":{"rendered":"https:\/\/www.delongtop.com\/?post_type=product&#038;p=23353"},"modified":"2024-11-22T09:50:30","modified_gmt":"2024-11-22T09:50:30","slug":"12v-5200mah-18650-sodium-ion-battery","status":"publish","type":"product","link":"https:\/\/www.delongtop.com\/es\/product\/12v-5200mah-18650-sodium-ion-battery\/","title":{"rendered":"12V 5200mAh 18650 bater\u00eda de iones de sodio para la motocicleta"},"content":{"rendered":"<h2><span style=\"color: #339966;\"><strong>12V 5200mAh Ion de Sodio Motocicleta Bater\u00eda de arranque 18650<\/strong><\/span><\/h2>\n<p>Se trata de un <a href=\"https:\/\/www.delongtop.com\/es\/what-is-sodium-ion-battery\/\" target=\"_blank\" rel=\"noopener\">bater\u00eda de iones de sodio<\/a> espec\u00edficamente dise\u00f1ado para el arranque de motocicletas, con una tensi\u00f3n de 12V y una capacidad de 5,2Ah. Sus caracter\u00edsticas son las siguientes.<\/p>\n<div id=\"attachment_23350\" style=\"width: 517px\" class=\"wp-caption aligncenter\"><img decoding=\"async\" aria-describedby=\"caption-attachment-23350\" class=\"lazyload wp-image-23350 size-full\" src=\"data:image\/svg+xml,%3Csvg%20xmlns%3D%27http%3A%2F%2Fwww.w3.org%2F2000%2Fsvg%27%20width%3D%27507%27%20height%3D%27329%27%20viewBox%3D%270%200%20507%20329%27%3E%3Crect%20width%3D%27507%27%20height%3D%27329%27%20fill-opacity%3D%220%22%2F%3E%3C%2Fsvg%3E\" data-orig-src=\"https:\/\/www.delongtop.com\/wp-content\/uploads\/2024\/03\/Motorcycle-Starter-Battery-Sodium-12V-10Ah-.png\" alt=\"Bater\u00eda de arranque de sodio para motocicletas\" width=\"507\" height=\"329\" \/><p id=\"caption-attachment-23350\" class=\"wp-caption-text\">Bater\u00eda de arranque para moto SIB<\/p><\/div>\n<h2><span style=\"color: #339966;\"><strong><b>Caracter\u00edsticas <\/b><\/strong><strong><b>12V <\/b><\/strong><strong><b>52<\/b><\/strong><strong><b>00mAh<\/b><\/strong><strong><b>\u00a0Bater\u00eda de sodio<\/b><\/strong><\/span><\/h2>\n<ol>\n<li>La bater\u00eda de sodio de 5200mAh ha superado varias pruebas de seguridad, como sobrecarga, sobredescarga, cortocircuito, pinchazo y estrujamiento, lo que hace que sus prestaciones de seguridad sean excepcionalmente altas.<\/li>\n<li>Es m\u00e1s ligera y de menor tama\u00f1o que las bater\u00edas de plomo-\u00e1cido, lo que reduce la carga de las motocicletas y libera m\u00e1s espacio.<\/li>\n<li>Las motocicletas pueden requerir arranques frecuentes, y la larga vida \u00fatil de las bater\u00edas de iones de sodio puede satisfacer las elevadas demandas de ciclos de carga-descarga del veh\u00edculo.<\/li>\n<li>La bater\u00eda de iones de sodio de 12 V y 5200 mAh funciona en un amplio rango de temperaturas, lo que permite que las motocicletas arranquen en diversas condiciones de temperatura.<\/li>\n<li>Si s\u00f3lo utiliza su motocicleta ocasionalmente, necesitar\u00e1 una fuente de energ\u00eda con un alto \u00edndice de retenci\u00f3n de capacidad. Las bater\u00edas de iones de sodio, que tienen una tasa de autodescarga muy baja, son muy adecuadas.<\/li>\n<li>El mantenimiento de las pilas de iones de sodio es muy sencillo; no requieren riego regular ni reposici\u00f3n de electrolitos.<\/li>\n<li>Como bater\u00eda de arranque, la bater\u00eda de iones de sodio proporciona una corriente de descarga instant\u00e1nea suficiente para el arranque normal del veh\u00edculo.<\/li>\n<\/ol>\n<h2><span style=\"color: #339966;\"><strong>Acerca de Delong Top<\/strong><\/span><\/h2>\n<p>Delong es un fabricante experimentado de bater\u00edas de iones de sodio. Nuestro equipo de I+D tiene capacidad para la innovaci\u00f3n tecnol\u00f3gica, y nuestra f\u00e1brica cuenta con eficientes capacidades de fabricaci\u00f3n, y todos los productos cumplen las normas internacionales de certificaci\u00f3n de calidad. Adem\u00e1s de bater\u00edas de arranque para motocicletas, tambi\u00e9n suministramos pilas cil\u00edndricas de iones de sodio.<\/p>\n<div id=\"attachment_22036\" style=\"width: 1010px\" class=\"wp-caption aligncenter\"><img data-recalc-dims=\"1\" decoding=\"async\" aria-describedby=\"caption-attachment-22036\" class=\"lazyload size-full wp-image-22036\" src=\"https:\/\/i0.wp.com\/www.delongtop.com\/wp-content\/uploads\/2023\/11\/Delong-Energy-Factory-05.jpg?resize=1000%2C667&#038;ssl=1\" data-orig-src=\"https:\/\/www.delongtop.com\/wp-content\/uploads\/2023\/11\/Delong-Energy-Factory-05.jpg\" alt=\"F\u00e1brica de energ\u00eda de Delong\" width=\"1000\" height=\"667\" srcset=\"data:image\/svg+xml,%3Csvg%20xmlns%3D%27http%3A%2F%2Fwww.w3.org%2F2000%2Fsvg%27%20width%3D%271000%27%20height%3D%27667%27%20viewBox%3D%270%200%201000%20667%27%3E%3Crect%20width%3D%271000%27%20height%3D%27667%27%20fill-opacity%3D%220%22%2F%3E%3C%2Fsvg%3E\" data-srcset=\"https:\/\/i0.wp.com\/www.delongtop.com\/wp-content\/uploads\/2023\/11\/Delong-Energy-Factory-05.jpg?resize=200%2C133&amp;ssl=1 200w, https:\/\/i0.wp.com\/www.delongtop.com\/wp-content\/uploads\/2023\/11\/Delong-Energy-Factory-05.jpg?resize=300%2C200&amp;ssl=1 300w, https:\/\/i0.wp.com\/www.delongtop.com\/wp-content\/uploads\/2023\/11\/Delong-Energy-Factory-05.jpg?resize=400%2C267&amp;ssl=1 400w, https:\/\/i0.wp.com\/www.delongtop.com\/wp-content\/uploads\/2023\/11\/Delong-Energy-Factory-05.jpg?resize=500%2C334&amp;ssl=1 500w, https:\/\/i0.wp.com\/www.delongtop.com\/wp-content\/uploads\/2023\/11\/Delong-Energy-Factory-05.jpg?resize=600%2C400&amp;ssl=1 600w, https:\/\/i0.wp.com\/www.delongtop.com\/wp-content\/uploads\/2023\/11\/Delong-Energy-Factory-05.jpg?resize=700%2C467&amp;ssl=1 700w, https:\/\/i0.wp.com\/www.delongtop.com\/wp-content\/uploads\/2023\/11\/Delong-Energy-Factory-05.jpg?resize=768%2C512&amp;ssl=1 768w, https:\/\/i0.wp.com\/www.delongtop.com\/wp-content\/uploads\/2023\/11\/Delong-Energy-Factory-05.jpg?resize=800%2C534&amp;ssl=1 800w, https:\/\/i0.wp.com\/www.delongtop.com\/wp-content\/uploads\/2023\/11\/Delong-Energy-Factory-05.jpg?w=1000&amp;ssl=1 1000w\" data-sizes=\"auto\" data-orig-sizes=\"(max-width: 1000px) 100vw, 1000px\" \/><p id=\"caption-attachment-22036\" class=\"wp-caption-text\">F\u00e1brica de energ\u00eda de Delong<\/p><\/div>","protected":false},"excerpt":{"rendered":"<ul>\n<li>Tensi\u00f3n: 12 V<\/li>\n<li>Capacidad: 5,2 Ah<\/li>\n<li>Vida \u00fatil: 3000 ciclos<\/li>\n<li>Temperatura: -40\u2103~+60\u2103<\/li>\n<li>Mantenimiento: No<\/li>\n<\/ul>","protected":false},"featured_media":0,"comment_status":"open","ping_status":"closed","template":"","meta":[],"product_brand":[],"product_cat":[270],"product_tag":[],"class_list":{"0":"post-23353","1":"product","2":"type-product","3":"status-publish","5":"product_cat-sodium-ion-battery","7":"first","8":"instock","9":"shipping-taxable","10":"product-type-simple"},"yoast_head":"<!-- This site is optimized with the Yoast SEO plugin v25.0 - https:\/\/yoast.com\/wordpress\/plugins\/seo\/ -->\n<title>12V 5200mAh 18650 Sodium Ion Battery For Motorcycle - Delong Energy<\/title>\n<meta name=\"robots\" content=\"index, follow, max-snippet:-1, max-image-preview:large, max-video-preview:-1\" \/>\n<link rel=\"canonical\" href=\"https:\/\/www.delongtop.com\/es\/product\/12v-5200mah-18650-sodium-ion-battery\/\" \/>\n<meta property=\"og:locale\" content=\"es_ES\" \/>\n<meta property=\"og:type\" content=\"article\" \/>\n<meta property=\"og:title\" content=\"12V 5200mAh 18650 Sodium Ion Battery For Motorcycle - Delong Energy\" \/>\n<meta property=\"og:description\" content=\"Voltage: 12V  Capacity: 5.2Ah  Cycle Life: 3000 cycles  Temperature: -40\u2103~+60\u2103  Maintenance: No\" \/>\n<meta property=\"og:url\" content=\"https:\/\/www.delongtop.com\/es\/product\/12v-5200mah-18650-sodium-ion-battery\/\" \/>\n<meta property=\"og:site_name\" content=\"Delong Energy\" \/>\n<meta property=\"article:modified_time\" content=\"2024-11-22T09:50:30+00:00\" \/>\n<meta property=\"og:image\" content=\"https:\/\/i0.wp.com\/www.delongtop.com\/wp-content\/uploads\/2024\/03\/Motorcycle-Starter-Battery-Sodium-12V-10Ah-.png?fit=507%2C329&ssl=1\" \/>\n\t<meta property=\"og:image:width\" content=\"507\" \/>\n\t<meta property=\"og:image:height\" content=\"329\" \/>\n\t<meta property=\"og:image:type\" content=\"image\/png\" \/>\n<meta name=\"twitter:card\" content=\"summary_large_image\" \/>\n<meta name=\"twitter:label1\" content=\"Tiempo de lectura\" \/>\n\t<meta name=\"twitter:data1\" content=\"2 minutos\" \/>\n<script type=\"application\/ld+json\" class=\"yoast-schema-graph\">{\"@context\":\"https:\/\/schema.org\",\"@graph\":[{\"@type\":\"WebPage\",\"@id\":\"https:\/\/www.delongtop.com\/product\/12v-5200mah-18650-sodium-ion-battery\/\",\"url\":\"https:\/\/www.delongtop.com\/product\/12v-5200mah-18650-sodium-ion-battery\/\",\"name\":\"12V 5200mAh 18650 Sodium Ion Battery For Motorcycle - Delong Energy\",\"isPartOf\":{\"@id\":\"https:\/\/www.delongtop.com\/#website\"},\"primaryImageOfPage\":{\"@id\":\"https:\/\/www.delongtop.com\/product\/12v-5200mah-18650-sodium-ion-battery\/#primaryimage\"},\"image\":{\"@id\":\"https:\/\/www.delongtop.com\/product\/12v-5200mah-18650-sodium-ion-battery\/#primaryimage\"},\"thumbnailUrl\":\"https:\/\/www.delongtop.com\/wp-content\/uploads\/2024\/03\/Motorcycle-Starter-Battery-Sodium-12V-10Ah-.png\",\"datePublished\":\"2024-03-12T10:03:38+00:00\",\"dateModified\":\"2024-11-22T09:50:30+00:00\",\"breadcrumb\":{\"@id\":\"https:\/\/www.delongtop.com\/product\/12v-5200mah-18650-sodium-ion-battery\/#breadcrumb\"},\"inLanguage\":\"es\",\"potentialAction\":[{\"@type\":\"ReadAction\",\"target\":[\"https:\/\/www.delongtop.com\/product\/12v-5200mah-18650-sodium-ion-battery\/\"]}]},{\"@type\":\"ImageObject\",\"inLanguage\":\"es\",\"@id\":\"https:\/\/www.delongtop.com\/product\/12v-5200mah-18650-sodium-ion-battery\/#primaryimage\",\"url\":\"https:\/\/www.delongtop.com\/wp-content\/uploads\/2024\/03\/Motorcycle-Starter-Battery-Sodium-12V-10Ah-.png\",\"contentUrl\":\"https:\/\/www.delongtop.com\/wp-content\/uploads\/2024\/03\/Motorcycle-Starter-Battery-Sodium-12V-10Ah-.png\"},{\"@type\":\"BreadcrumbList\",\"@id\":\"https:\/\/www.delongtop.com\/product\/12v-5200mah-18650-sodium-ion-battery\/#breadcrumb\",\"itemListElement\":[{\"@type\":\"ListItem\",\"position\":1,\"name\":\"Home\",\"item\":\"https:\/\/www.delongtop.com\/\"},{\"@type\":\"ListItem\",\"position\":2,\"name\":\"Modern Products\",\"item\":\"https:\/\/www.delongtop.com\/products\/\"},{\"@type\":\"ListItem\",\"position\":3,\"name\":\"12V 5200mAh 18650 Sodium Ion Battery For Motorcycle\"}]},{\"@type\":\"WebSite\",\"@id\":\"https:\/\/www.delongtop.com\/#website\",\"url\":\"https:\/\/www.delongtop.com\/\",\"name\":\"Delong Energy\",\"description\":\"Lithium Ion Battery Manufacturer &amp; Factory In China\",\"potentialAction\":[{\"@type\":\"SearchAction\",\"target\":{\"@type\":\"EntryPoint\",\"urlTemplate\":\"https:\/\/www.delongtop.com\/?s={search_term_string}\"},\"query-input\":{\"@type\":\"PropertyValueSpecification\",\"valueRequired\":true,\"valueName\":\"search_term_string\"}}],\"inLanguage\":\"es\"}]}<\/script>\n<!-- \/ Yoast SEO plugin. -->","yoast_head_json":{"title":"12V 5200mAh 18650 Sodium Ion Battery For Motorcycle - Delong Energy","robots":{"index":"index","follow":"follow","max-snippet":"max-snippet:-1","max-image-preview":"max-image-preview:large","max-video-preview":"max-video-preview:-1"},"canonical":"https:\/\/www.delongtop.com\/es\/product\/12v-5200mah-18650-sodium-ion-battery\/","og_locale":"es_ES","og_type":"article","og_title":"12V 5200mAh 18650 Sodium Ion Battery For Motorcycle - Delong Energy","og_description":"Voltage: 12V  Capacity: 5.2Ah  Cycle Life: 3000 cycles  Temperature: -40\u2103~+60\u2103  Maintenance: No","og_url":"https:\/\/www.delongtop.com\/es\/product\/12v-5200mah-18650-sodium-ion-battery\/","og_site_name":"Delong Energy","article_modified_time":"2024-11-22T09:50:30+00:00","og_image":[{"width":507,"height":329,"url":"https:\/\/i0.wp.com\/www.delongtop.com\/wp-content\/uploads\/2024\/03\/Motorcycle-Starter-Battery-Sodium-12V-10Ah-.png?fit=507%2C329&ssl=1","type":"image\/png"}],"twitter_card":"summary_large_image","twitter_misc":{"Tiempo de lectura":"2 minutos"},"schema":{"@context":"https:\/\/schema.org","@graph":[{"@type":"WebPage","@id":"https:\/\/www.delongtop.com\/product\/12v-5200mah-18650-sodium-ion-battery\/","url":"https:\/\/www.delongtop.com\/product\/12v-5200mah-18650-sodium-ion-battery\/","name":"12V 5200mAh 18650 Sodium Ion Battery For Motorcycle - Delong Energy","isPartOf":{"@id":"https:\/\/www.delongtop.com\/#website"},"primaryImageOfPage":{"@id":"https:\/\/www.delongtop.com\/product\/12v-5200mah-18650-sodium-ion-battery\/#primaryimage"},"image":{"@id":"https:\/\/www.delongtop.com\/product\/12v-5200mah-18650-sodium-ion-battery\/#primaryimage"},"thumbnailUrl":"https:\/\/www.delongtop.com\/wp-content\/uploads\/2024\/03\/Motorcycle-Starter-Battery-Sodium-12V-10Ah-.png","datePublished":"2024-03-12T10:03:38+00:00","dateModified":"2024-11-22T09:50:30+00:00","breadcrumb":{"@id":"https:\/\/www.delongtop.com\/product\/12v-5200mah-18650-sodium-ion-battery\/#breadcrumb"},"inLanguage":"es","potentialAction":[{"@type":"ReadAction","target":["https:\/\/www.delongtop.com\/product\/12v-5200mah-18650-sodium-ion-battery\/"]}]},{"@type":"ImageObject","inLanguage":"es","@id":"https:\/\/www.delongtop.com\/product\/12v-5200mah-18650-sodium-ion-battery\/#primaryimage","url":"https:\/\/www.delongtop.com\/wp-content\/uploads\/2024\/03\/Motorcycle-Starter-Battery-Sodium-12V-10Ah-.png","contentUrl":"https:\/\/www.delongtop.com\/wp-content\/uploads\/2024\/03\/Motorcycle-Starter-Battery-Sodium-12V-10Ah-.png"},{"@type":"BreadcrumbList","@id":"https:\/\/www.delongtop.com\/product\/12v-5200mah-18650-sodium-ion-battery\/#breadcrumb","itemListElement":[{"@type":"ListItem","position":1,"name":"Home","item":"https:\/\/www.delongtop.com\/"},{"@type":"ListItem","position":2,"name":"Modern Products","item":"https:\/\/www.delongtop.com\/products\/"},{"@type":"ListItem","position":3,"name":"12V 5200mAh 18650 Sodium Ion Battery For Motorcycle"}]},{"@type":"WebSite","@id":"https:\/\/www.delongtop.com\/#website","url":"https:\/\/www.delongtop.com\/","name":"Delong Energy","description":"Lithium Ion Battery Manufacturer &amp; Factory In China","potentialAction":[{"@type":"SearchAction","target":{"@type":"EntryPoint","urlTemplate":"https:\/\/www.delongtop.com\/?s={search_term_string}"},"query-input":{"@type":"PropertyValueSpecification","valueRequired":true,"valueName":"search_term_string"}}],"inLanguage":"es"}]}},"jetpack_sharing_enabled":true,"_links":{"self":[{"href":"https:\/\/www.delongtop.com\/es\/wp-json\/wp\/v2\/product\/23353","targetHints":{"allow":["GET"]}}],"collection":[{"href":"https:\/\/www.delongtop.com\/es\/wp-json\/wp\/v2\/product"}],"about":[{"href":"https:\/\/www.delongtop.com\/es\/wp-json\/wp\/v2\/types\/product"}],"replies":[{"embeddable":true,"href":"https:\/\/www.delongtop.com\/es\/wp-json\/wp\/v2\/comments?post=23353"}],"wp:attachment":[{"href":"https:\/\/www.delongtop.com\/es\/wp-json\/wp\/v2\/media?parent=23353"}],"wp:term":[{"taxonomy":"product_brand","embeddable":true,"href":"https:\/\/www.delongtop.com\/es\/wp-json\/wp\/v2\/product_brand?post=23353"},{"taxonomy":"product_cat","embeddable":true,"href":"https:\/\/www.delongtop.com\/es\/wp-json\/wp\/v2\/product_cat?post=23353"},{"taxonomy":"product_tag","embeddable":true,"href":"https:\/\/www.delongtop.com\/es\/wp-json\/wp\/v2\/product_tag?post=23353"}],"curies":[{"name":"wp","href":"https:\/\/api.w.org\/{rel}","templated":true}]}}