{"id":23356,"date":"2024-03-12T15:31:01","date_gmt":"2024-03-12T15:31:01","guid":{"rendered":"https:\/\/www.delongtop.com\/?post_type=product&#038;p=23356"},"modified":"2024-11-22T09:50:03","modified_gmt":"2024-11-22T09:50:03","slug":"12v-6-5ah-18650-rechargeable-sodium-powered-battery","status":"publish","type":"product","link":"https:\/\/www.delongtop.com\/es\/product\/12v-6-5ah-18650-rechargeable-sodium-powered-battery\/","title":{"rendered":"Bater\u00eda recargable de sodio 12V 6,5Ah 18650"},"content":{"rendered":"<h2><span style=\"color: #339966;\"><strong>12V 5200mAh Ion de Sodio Motocicleta Bater\u00eda de arranque 18650<\/strong><\/span><\/h2>\n<p>La bater\u00eda de 12 V y 6,5 Ah es recargable. <a href=\"https:\/\/www.delongtop.com\/es\/what-is-sodium-ion-battery\/\" target=\"_blank\" rel=\"noopener\">bater\u00eda de iones de sodio<\/a> que pueden utilizarse como fuente de energ\u00eda de arranque en veh\u00edculos el\u00e9ctricos y motocicletas. Puede que a\u00fan no te hayas dado cuenta, pero las bater\u00edas de sodio est\u00e1n sustituyendo poco a poco a las bater\u00edas de plomo-\u00e1cido y convirti\u00e9ndose en la opci\u00f3n mayoritaria para las bater\u00edas de arranque. Pero, \u00bfen qu\u00e9 ventajas se basa?<\/p>\n<div id=\"attachment_23350\" style=\"width: 517px\" class=\"wp-caption aligncenter\"><img decoding=\"async\" aria-describedby=\"caption-attachment-23350\" class=\"lazyload wp-image-23350 size-full\" src=\"data:image\/svg+xml,%3Csvg%20xmlns%3D%27http%3A%2F%2Fwww.w3.org%2F2000%2Fsvg%27%20width%3D%27507%27%20height%3D%27329%27%20viewBox%3D%270%200%20507%20329%27%3E%3Crect%20width%3D%27507%27%20height%3D%27329%27%20fill-opacity%3D%220%22%2F%3E%3C%2Fsvg%3E\" data-orig-src=\"https:\/\/www.delongtop.com\/wp-content\/uploads\/2024\/03\/Motorcycle-Starter-Battery-Sodium-12V-10Ah-.png\" alt=\"Bater\u00eda de arranque de sodio para motocicletas\" width=\"507\" height=\"329\" \/><p id=\"caption-attachment-23350\" class=\"wp-caption-text\">Bater\u00eda de arranque para moto SIB<\/p><\/div>\n<h2><span style=\"color: #339966;\"><strong><b>Ventajas de <\/b><\/strong><strong><b>12V <\/b><\/strong><strong><b>65<\/b><\/strong><strong><b>00mAh<\/b><\/strong><strong><b>\u00a0Bater\u00eda de sodio<\/b><\/strong><\/span><\/h2>\n<ol>\n<li>La bater\u00eda de iones de sodio de 12 V y 6,5 Ah tiene una larga vida \u00fatil, capaz de completar 3.000 ciclos de carga y descarga, lo que la hace muy adecuada para motocicletas que se someter\u00e1n a m\u00faltiples arranques.<\/li>\n<li>Las motocicletas tienen restricciones de espacio y peso. Las bater\u00edas de iones de sodio, por su alta densidad energ\u00e9tica, peque\u00f1o tama\u00f1o, poco peso y alta corriente de descarga instant\u00e1nea, son perfectas como bater\u00edas de arranque para motocicletas.<\/li>\n<li>Como medios de transporte habituales, la gente tambi\u00e9n tiene exigencias en cuanto al tiempo de carga de los veh\u00edculos. A la hora de elegir una fuente de energ\u00eda, tendemos a preferir bater\u00edas que puedan cargarse completamente en poco tiempo. Una de las ventajas de las bater\u00edas de iones de sodio es que alcanzan la saturaci\u00f3n en unos 20 minutos.<\/li>\n<li>Otro aspecto encomiable de las bater\u00edas de iones de sodio es su rendimiento en materia de seguridad. Han superado todas las pruebas de seguridad experimentadas por las pilas de litio, incluidas las de sobrecarga, sobredescarga y cortocircuito. No s\u00f3lo no tienen fugas, no se hinchan ni explotan, sino que incluso superan a las pilas de litio.<\/li>\n<li>Las motocicletas son herramientas que se utilizan durante todo el a\u00f1o y requieren bater\u00edas de arranque con una gran adaptabilidad a la temperatura. Una bater\u00eda de iones de sodio de 6500 mAh puede funcionar entre -40 \u00b0C y 60 \u00b0C, por lo que es adecuada incluso en climas extremadamente fr\u00edos.<\/li>\n<\/ol>\n<h2><span style=\"color: #339966;\"><strong>Acerca de Delong Top<\/strong><\/span><\/h2>\n<p>Como fabricante l\u00edder de bater\u00edas en China, contamos con m\u00faltiples l\u00edneas de producci\u00f3n avanzadas. Cumplimos estrictamente el proceso de producci\u00f3n para garantizar la entrega puntual, de alta calidad y en cantidad asegurada de bater\u00edas de iones de sodio a usuarios de todo el mundo. Por supuesto, tambi\u00e9n nos esforzamos por ofrecer los precios m\u00e1s competitivos para que nuestros clientes puedan llevar a cabo sus proyectos con mayor eficacia. Si tiene alg\u00fan requisito para las bater\u00edas de iones de sodio, <a href=\"https:\/\/www.delongtop.com\/es\/product-category\/lithium-ion-battery-pack\/12v-lithium-battery\/\" target=\"_blank\" rel=\"noopener\">bater\u00edas de iones de litio<\/a>o <a href=\"https:\/\/www.delongtop.com\/es\/product-category\/energy-storage-battery\/\" target=\"_blank\" rel=\"noopener\">sistemas de almacenamiento de energ\u00eda<\/a>No dude en ponerse en contacto con nosotros en cualquier momento.<\/p>\n<div id=\"attachment_22036\" style=\"width: 1010px\" class=\"wp-caption aligncenter\"><img data-recalc-dims=\"1\" decoding=\"async\" aria-describedby=\"caption-attachment-22036\" class=\"lazyload size-full wp-image-22036\" src=\"https:\/\/i0.wp.com\/www.delongtop.com\/wp-content\/uploads\/2023\/11\/Delong-Energy-Factory-05.jpg?resize=1000%2C667&#038;ssl=1\" data-orig-src=\"https:\/\/www.delongtop.com\/wp-content\/uploads\/2023\/11\/Delong-Energy-Factory-05.jpg\" alt=\"F\u00e1brica de energ\u00eda de Delong\" width=\"1000\" height=\"667\" srcset=\"data:image\/svg+xml,%3Csvg%20xmlns%3D%27http%3A%2F%2Fwww.w3.org%2F2000%2Fsvg%27%20width%3D%271000%27%20height%3D%27667%27%20viewBox%3D%270%200%201000%20667%27%3E%3Crect%20width%3D%271000%27%20height%3D%27667%27%20fill-opacity%3D%220%22%2F%3E%3C%2Fsvg%3E\" data-srcset=\"https:\/\/i0.wp.com\/www.delongtop.com\/wp-content\/uploads\/2023\/11\/Delong-Energy-Factory-05.jpg?resize=200%2C133&amp;ssl=1 200w, https:\/\/i0.wp.com\/www.delongtop.com\/wp-content\/uploads\/2023\/11\/Delong-Energy-Factory-05.jpg?resize=300%2C200&amp;ssl=1 300w, https:\/\/i0.wp.com\/www.delongtop.com\/wp-content\/uploads\/2023\/11\/Delong-Energy-Factory-05.jpg?resize=400%2C267&amp;ssl=1 400w, https:\/\/i0.wp.com\/www.delongtop.com\/wp-content\/uploads\/2023\/11\/Delong-Energy-Factory-05.jpg?resize=500%2C334&amp;ssl=1 500w, https:\/\/i0.wp.com\/www.delongtop.com\/wp-content\/uploads\/2023\/11\/Delong-Energy-Factory-05.jpg?resize=600%2C400&amp;ssl=1 600w, https:\/\/i0.wp.com\/www.delongtop.com\/wp-content\/uploads\/2023\/11\/Delong-Energy-Factory-05.jpg?resize=700%2C467&amp;ssl=1 700w, https:\/\/i0.wp.com\/www.delongtop.com\/wp-content\/uploads\/2023\/11\/Delong-Energy-Factory-05.jpg?resize=768%2C512&amp;ssl=1 768w, https:\/\/i0.wp.com\/www.delongtop.com\/wp-content\/uploads\/2023\/11\/Delong-Energy-Factory-05.jpg?resize=800%2C534&amp;ssl=1 800w, https:\/\/i0.wp.com\/www.delongtop.com\/wp-content\/uploads\/2023\/11\/Delong-Energy-Factory-05.jpg?w=1000&amp;ssl=1 1000w\" data-sizes=\"auto\" data-orig-sizes=\"(max-width: 1000px) 100vw, 1000px\" \/><p id=\"caption-attachment-22036\" class=\"wp-caption-text\">F\u00e1brica de energ\u00eda de Delong<\/p><\/div>","protected":false},"excerpt":{"rendered":"<ul>\n<li>Tensi\u00f3n: 12 voltios<\/li>\n<li>Capacidad: 6,5 Ah<\/li>\n<li>Vida \u00fatil: 3000 ciclos<\/li>\n<li>Temperatura: -40\u2103~+60\u2103<\/li>\n<li>Mantenimiento: No<\/li>\n<\/ul>","protected":false},"featured_media":0,"comment_status":"open","ping_status":"closed","template":"","meta":[],"product_brand":[],"product_cat":[270],"product_tag":[],"class_list":{"0":"post-23356","1":"product","2":"type-product","3":"status-publish","5":"product_cat-sodium-ion-battery","7":"first","8":"instock","9":"shipping-taxable","10":"product-type-simple"},"yoast_head":"<!-- This site is optimized with the Yoast SEO plugin v25.0 - https:\/\/yoast.com\/wordpress\/plugins\/seo\/ -->\n<title>12V 6.5Ah 18650 Rechargeable Sodium Powered Battery - Delong Energy<\/title>\n<meta name=\"robots\" content=\"index, follow, max-snippet:-1, max-image-preview:large, max-video-preview:-1\" \/>\n<link rel=\"canonical\" href=\"https:\/\/www.delongtop.com\/es\/product\/12v-6-5ah-18650-rechargeable-sodium-powered-battery\/\" \/>\n<meta property=\"og:locale\" content=\"es_ES\" \/>\n<meta property=\"og:type\" content=\"article\" \/>\n<meta property=\"og:title\" content=\"12V 6.5Ah 18650 Rechargeable Sodium Powered Battery - Delong Energy\" \/>\n<meta property=\"og:description\" content=\"Voltage: 12 Volt  Capacity: 6.5Ah  Cycle Life: 3000 cycles  Temperature: -40\u2103~+60\u2103  Maintenance: No\" \/>\n<meta property=\"og:url\" content=\"https:\/\/www.delongtop.com\/es\/product\/12v-6-5ah-18650-rechargeable-sodium-powered-battery\/\" \/>\n<meta property=\"og:site_name\" content=\"Delong Energy\" \/>\n<meta property=\"article:modified_time\" content=\"2024-11-22T09:50:03+00:00\" \/>\n<meta property=\"og:image\" content=\"https:\/\/i0.wp.com\/www.delongtop.com\/wp-content\/uploads\/2024\/03\/Motorcycle-Starter-Battery-Sodium-12V-10Ah-.png?fit=507%2C329&ssl=1\" \/>\n\t<meta property=\"og:image:width\" content=\"507\" \/>\n\t<meta property=\"og:image:height\" content=\"329\" \/>\n\t<meta property=\"og:image:type\" content=\"image\/png\" \/>\n<meta name=\"twitter:card\" content=\"summary_large_image\" \/>\n<meta name=\"twitter:label1\" content=\"Tiempo de lectura\" \/>\n\t<meta name=\"twitter:data1\" content=\"3 minutos\" \/>\n<script type=\"application\/ld+json\" class=\"yoast-schema-graph\">{\"@context\":\"https:\/\/schema.org\",\"@graph\":[{\"@type\":\"WebPage\",\"@id\":\"https:\/\/www.delongtop.com\/product\/12v-6-5ah-18650-rechargeable-sodium-powered-battery\/\",\"url\":\"https:\/\/www.delongtop.com\/product\/12v-6-5ah-18650-rechargeable-sodium-powered-battery\/\",\"name\":\"12V 6.5Ah 18650 Rechargeable Sodium Powered Battery - Delong Energy\",\"isPartOf\":{\"@id\":\"https:\/\/www.delongtop.com\/#website\"},\"primaryImageOfPage\":{\"@id\":\"https:\/\/www.delongtop.com\/product\/12v-6-5ah-18650-rechargeable-sodium-powered-battery\/#primaryimage\"},\"image\":{\"@id\":\"https:\/\/www.delongtop.com\/product\/12v-6-5ah-18650-rechargeable-sodium-powered-battery\/#primaryimage\"},\"thumbnailUrl\":\"https:\/\/www.delongtop.com\/wp-content\/uploads\/2024\/03\/Motorcycle-Starter-Battery-Sodium-12V-10Ah-.png\",\"datePublished\":\"2024-03-12T15:31:01+00:00\",\"dateModified\":\"2024-11-22T09:50:03+00:00\",\"breadcrumb\":{\"@id\":\"https:\/\/www.delongtop.com\/product\/12v-6-5ah-18650-rechargeable-sodium-powered-battery\/#breadcrumb\"},\"inLanguage\":\"es\",\"potentialAction\":[{\"@type\":\"ReadAction\",\"target\":[\"https:\/\/www.delongtop.com\/product\/12v-6-5ah-18650-rechargeable-sodium-powered-battery\/\"]}]},{\"@type\":\"ImageObject\",\"inLanguage\":\"es\",\"@id\":\"https:\/\/www.delongtop.com\/product\/12v-6-5ah-18650-rechargeable-sodium-powered-battery\/#primaryimage\",\"url\":\"https:\/\/www.delongtop.com\/wp-content\/uploads\/2024\/03\/Motorcycle-Starter-Battery-Sodium-12V-10Ah-.png\",\"contentUrl\":\"https:\/\/www.delongtop.com\/wp-content\/uploads\/2024\/03\/Motorcycle-Starter-Battery-Sodium-12V-10Ah-.png\"},{\"@type\":\"BreadcrumbList\",\"@id\":\"https:\/\/www.delongtop.com\/product\/12v-6-5ah-18650-rechargeable-sodium-powered-battery\/#breadcrumb\",\"itemListElement\":[{\"@type\":\"ListItem\",\"position\":1,\"name\":\"Home\",\"item\":\"https:\/\/www.delongtop.com\/\"},{\"@type\":\"ListItem\",\"position\":2,\"name\":\"Modern Products\",\"item\":\"https:\/\/www.delongtop.com\/products\/\"},{\"@type\":\"ListItem\",\"position\":3,\"name\":\"12V 6.5Ah 18650 Rechargeable Sodium Powered Battery\"}]},{\"@type\":\"WebSite\",\"@id\":\"https:\/\/www.delongtop.com\/#website\",\"url\":\"https:\/\/www.delongtop.com\/\",\"name\":\"Delong Energy\",\"description\":\"Lithium Ion Battery Manufacturer &amp; Factory In China\",\"potentialAction\":[{\"@type\":\"SearchAction\",\"target\":{\"@type\":\"EntryPoint\",\"urlTemplate\":\"https:\/\/www.delongtop.com\/?s={search_term_string}\"},\"query-input\":{\"@type\":\"PropertyValueSpecification\",\"valueRequired\":true,\"valueName\":\"search_term_string\"}}],\"inLanguage\":\"es\"}]}<\/script>\n<!-- \/ Yoast SEO plugin. -->","yoast_head_json":{"title":"12V 6.5Ah 18650 Rechargeable Sodium Powered Battery - Delong Energy","robots":{"index":"index","follow":"follow","max-snippet":"max-snippet:-1","max-image-preview":"max-image-preview:large","max-video-preview":"max-video-preview:-1"},"canonical":"https:\/\/www.delongtop.com\/es\/product\/12v-6-5ah-18650-rechargeable-sodium-powered-battery\/","og_locale":"es_ES","og_type":"article","og_title":"12V 6.5Ah 18650 Rechargeable Sodium Powered Battery - Delong Energy","og_description":"Voltage: 12 Volt  Capacity: 6.5Ah  Cycle Life: 3000 cycles  Temperature: -40\u2103~+60\u2103  Maintenance: No","og_url":"https:\/\/www.delongtop.com\/es\/product\/12v-6-5ah-18650-rechargeable-sodium-powered-battery\/","og_site_name":"Delong Energy","article_modified_time":"2024-11-22T09:50:03+00:00","og_image":[{"width":507,"height":329,"url":"https:\/\/i0.wp.com\/www.delongtop.com\/wp-content\/uploads\/2024\/03\/Motorcycle-Starter-Battery-Sodium-12V-10Ah-.png?fit=507%2C329&ssl=1","type":"image\/png"}],"twitter_card":"summary_large_image","twitter_misc":{"Tiempo de lectura":"3 minutos"},"schema":{"@context":"https:\/\/schema.org","@graph":[{"@type":"WebPage","@id":"https:\/\/www.delongtop.com\/product\/12v-6-5ah-18650-rechargeable-sodium-powered-battery\/","url":"https:\/\/www.delongtop.com\/product\/12v-6-5ah-18650-rechargeable-sodium-powered-battery\/","name":"12V 6.5Ah 18650 Rechargeable Sodium Powered Battery - Delong Energy","isPartOf":{"@id":"https:\/\/www.delongtop.com\/#website"},"primaryImageOfPage":{"@id":"https:\/\/www.delongtop.com\/product\/12v-6-5ah-18650-rechargeable-sodium-powered-battery\/#primaryimage"},"image":{"@id":"https:\/\/www.delongtop.com\/product\/12v-6-5ah-18650-rechargeable-sodium-powered-battery\/#primaryimage"},"thumbnailUrl":"https:\/\/www.delongtop.com\/wp-content\/uploads\/2024\/03\/Motorcycle-Starter-Battery-Sodium-12V-10Ah-.png","datePublished":"2024-03-12T15:31:01+00:00","dateModified":"2024-11-22T09:50:03+00:00","breadcrumb":{"@id":"https:\/\/www.delongtop.com\/product\/12v-6-5ah-18650-rechargeable-sodium-powered-battery\/#breadcrumb"},"inLanguage":"es","potentialAction":[{"@type":"ReadAction","target":["https:\/\/www.delongtop.com\/product\/12v-6-5ah-18650-rechargeable-sodium-powered-battery\/"]}]},{"@type":"ImageObject","inLanguage":"es","@id":"https:\/\/www.delongtop.com\/product\/12v-6-5ah-18650-rechargeable-sodium-powered-battery\/#primaryimage","url":"https:\/\/www.delongtop.com\/wp-content\/uploads\/2024\/03\/Motorcycle-Starter-Battery-Sodium-12V-10Ah-.png","contentUrl":"https:\/\/www.delongtop.com\/wp-content\/uploads\/2024\/03\/Motorcycle-Starter-Battery-Sodium-12V-10Ah-.png"},{"@type":"BreadcrumbList","@id":"https:\/\/www.delongtop.com\/product\/12v-6-5ah-18650-rechargeable-sodium-powered-battery\/#breadcrumb","itemListElement":[{"@type":"ListItem","position":1,"name":"Home","item":"https:\/\/www.delongtop.com\/"},{"@type":"ListItem","position":2,"name":"Modern Products","item":"https:\/\/www.delongtop.com\/products\/"},{"@type":"ListItem","position":3,"name":"12V 6.5Ah 18650 Rechargeable Sodium Powered Battery"}]},{"@type":"WebSite","@id":"https:\/\/www.delongtop.com\/#website","url":"https:\/\/www.delongtop.com\/","name":"Delong Energy","description":"Lithium Ion Battery Manufacturer &amp; Factory In China","potentialAction":[{"@type":"SearchAction","target":{"@type":"EntryPoint","urlTemplate":"https:\/\/www.delongtop.com\/?s={search_term_string}"},"query-input":{"@type":"PropertyValueSpecification","valueRequired":true,"valueName":"search_term_string"}}],"inLanguage":"es"}]}},"jetpack_sharing_enabled":true,"_links":{"self":[{"href":"https:\/\/www.delongtop.com\/es\/wp-json\/wp\/v2\/product\/23356","targetHints":{"allow":["GET"]}}],"collection":[{"href":"https:\/\/www.delongtop.com\/es\/wp-json\/wp\/v2\/product"}],"about":[{"href":"https:\/\/www.delongtop.com\/es\/wp-json\/wp\/v2\/types\/product"}],"replies":[{"embeddable":true,"href":"https:\/\/www.delongtop.com\/es\/wp-json\/wp\/v2\/comments?post=23356"}],"wp:attachment":[{"href":"https:\/\/www.delongtop.com\/es\/wp-json\/wp\/v2\/media?parent=23356"}],"wp:term":[{"taxonomy":"product_brand","embeddable":true,"href":"https:\/\/www.delongtop.com\/es\/wp-json\/wp\/v2\/product_brand?post=23356"},{"taxonomy":"product_cat","embeddable":true,"href":"https:\/\/www.delongtop.com\/es\/wp-json\/wp\/v2\/product_cat?post=23356"},{"taxonomy":"product_tag","embeddable":true,"href":"https:\/\/www.delongtop.com\/es\/wp-json\/wp\/v2\/product_tag?post=23356"}],"curies":[{"name":"wp","href":"https:\/\/api.w.org\/{rel}","templated":true}]}}