{"id":23565,"date":"2024-03-29T07:24:12","date_gmt":"2024-03-29T07:24:12","guid":{"rendered":"https:\/\/www.delongtop.com\/?post_type=product&#038;p=23565"},"modified":"2024-05-02T02:00:07","modified_gmt":"2024-05-02T02:00:07","slug":"204v-307v-409v-512v-50ah-high-voltage-lifepo4-battery","status":"publish","type":"product","link":"https:\/\/www.delongtop.com\/es\/product\/204v-307v-409v-512v-50ah-high-voltage-lifepo4-battery\/","title":{"rendered":"204V \/ 307V \/ 409V \/ 512V 50Ah Bater\u00eda de alto voltaje Lifepo4 20-50kwh | LFP-HV32-10"},"content":{"rendered":"<h2><span style=\"color: #339966;\">Caracter\u00edsticas de la bater\u00eda Lifepo4 de alto voltaje<\/span><\/h2>\n<p><strong><b>Mejora de la eficiencia<\/b><\/strong>: Los sistemas de alta tensi\u00f3n pueden reducir la corriente durante la transmisi\u00f3n, reduciendo as\u00ed las p\u00e9rdidas en la l\u00ednea y aumentando la eficacia de la transferencia de energ\u00eda.<\/p>\n<p><strong><b>Utilizaci\u00f3n del espacio<\/b><\/strong>: Con la misma capacidad de almacenamiento de energ\u00eda, los sistemas de almacenamiento de energ\u00eda de alto voltaje pueden ocupar menos espacio porque pueden utilizar menos combinaciones de bater\u00edas en paralelo.<\/p>\n<p><strong><b>Integraci\u00f3n de sistemas<\/b><\/strong>: Los sistemas de almacenamiento de energ\u00eda de alto voltaje son m\u00e1s f\u00e1ciles de integrar en la red el\u00e9ctrica, lo que contribuye a mejorar la estabilidad y el tiempo de respuesta de la red.<\/p>\n<p><strong><b>Ahorro de costes a largo plazo<\/b><\/strong>: Aunque la inversi\u00f3n inicial puede ser mayor, la alta eficiencia y los bajos costes de mantenimiento pueden suponer un ahorro para los usuarios a largo plazo.<\/p>\n<p><img data-recalc-dims=\"1\" decoding=\"async\" class=\"lazyload size-full wp-image-23578 aligncenter\" src=\"https:\/\/i0.wp.com\/www.delongtop.com\/wp-content\/uploads\/2024\/03\/Stackable-High-Voltage-Battery-Pack-07.jpg?resize=1000%2C700&#038;ssl=1\" data-orig-src=\"https:\/\/www.delongtop.com\/wp-content\/uploads\/2024\/03\/Stackable-High-Voltage-Battery-Pack-07.jpg\" alt=\"\" width=\"1000\" height=\"700\" srcset=\"data:image\/svg+xml,%3Csvg%20xmlns%3D%27http%3A%2F%2Fwww.w3.org%2F2000%2Fsvg%27%20width%3D%271000%27%20height%3D%27700%27%20viewBox%3D%270%200%201000%20700%27%3E%3Crect%20width%3D%271000%27%20height%3D%27700%27%20fill-opacity%3D%220%22%2F%3E%3C%2Fsvg%3E\" data-srcset=\"https:\/\/i0.wp.com\/www.delongtop.com\/wp-content\/uploads\/2024\/03\/Stackable-High-Voltage-Battery-Pack-07.jpg?resize=200%2C140&amp;ssl=1 200w, https:\/\/i0.wp.com\/www.delongtop.com\/wp-content\/uploads\/2024\/03\/Stackable-High-Voltage-Battery-Pack-07.jpg?resize=300%2C210&amp;ssl=1 300w, https:\/\/i0.wp.com\/www.delongtop.com\/wp-content\/uploads\/2024\/03\/Stackable-High-Voltage-Battery-Pack-07.jpg?resize=400%2C280&amp;ssl=1 400w, https:\/\/i0.wp.com\/www.delongtop.com\/wp-content\/uploads\/2024\/03\/Stackable-High-Voltage-Battery-Pack-07.jpg?resize=500%2C350&amp;ssl=1 500w, https:\/\/i0.wp.com\/www.delongtop.com\/wp-content\/uploads\/2024\/03\/Stackable-High-Voltage-Battery-Pack-07.jpg?resize=600%2C420&amp;ssl=1 600w, https:\/\/i0.wp.com\/www.delongtop.com\/wp-content\/uploads\/2024\/03\/Stackable-High-Voltage-Battery-Pack-07.jpg?resize=700%2C490&amp;ssl=1 700w, https:\/\/i0.wp.com\/www.delongtop.com\/wp-content\/uploads\/2024\/03\/Stackable-High-Voltage-Battery-Pack-07.jpg?resize=768%2C538&amp;ssl=1 768w, https:\/\/i0.wp.com\/www.delongtop.com\/wp-content\/uploads\/2024\/03\/Stackable-High-Voltage-Battery-Pack-07.jpg?resize=800%2C560&amp;ssl=1 800w, https:\/\/i0.wp.com\/www.delongtop.com\/wp-content\/uploads\/2024\/03\/Stackable-High-Voltage-Battery-Pack-07.jpg?w=1000&amp;ssl=1 1000w\" data-sizes=\"auto\" data-orig-sizes=\"(max-width: 1000px) 100vw, 1000px\" \/><\/p>\n<h2><span style=\"color: #339966;\">Aplicaci\u00f3n del sistema de almacenamiento en bater\u00eda de alto voltaje<\/span><\/h2>\n<p><strong>Almacenamiento de energ\u00eda renovable<\/strong>: La generaci\u00f3n de energ\u00edas renovables como la e\u00f3lica y la solar se ve muy afectada por las condiciones meteorol\u00f3gicas. Las bater\u00edas de almacenamiento de energ\u00eda de alto voltaje pueden almacenar electricidad cuando hay abundancia de energ\u00eda y liberarla cuando hay escasez, equilibrando la oferta y la demanda.<\/p>\n<p><strong>Red el\u00e9ctrica<\/strong>: Las bater\u00edas de almacenamiento de energ\u00eda de alto voltaje pueden servir para regular la frecuencia y reducir los picos de consumo de la red el\u00e9ctrica, mejorando su estabilidad y fiabilidad, especialmente en periodos de alta demanda.<\/p>\n<p><strong>Aplicaciones industriales<\/strong>: En entornos industriales que requieren gran cantidad de electricidad y alta densidad energ\u00e9tica, como grandes instalaciones de fabricaci\u00f3n o centros de datos, las bater\u00edas de almacenamiento de energ\u00eda de alto voltaje pueden proporcionar energ\u00eda de reserva o equilibrar la carga.<\/p>\n<p><strong>Transporte<\/strong>: Veh\u00edculos como los el\u00e9ctricos (VE) y los sistemas ferroviarios electrificados pueden utilizar bater\u00edas de almacenamiento de energ\u00eda de alto voltaje para proporcionar mayores autonom\u00edas de conducci\u00f3n y una aceleraci\u00f3n m\u00e1s r\u00e1pida.<\/p>\n<p><strong>Comercio y mercados de electricidad<\/strong>: En el mercado de la electricidad, las bater\u00edas de almacenamiento de energ\u00eda de alto voltaje pueden utilizarse para el comercio de energ\u00eda, comprando y vendiendo electricidad para aprovechar las fluctuaciones de precios y obtener beneficios econ\u00f3micos.<\/p>\n<p><strong>Edificios comerciales<\/strong>: En los edificios comerciales donde la gesti\u00f3n de los picos de carga y el coste de la energ\u00eda son una preocupaci\u00f3n, las bater\u00edas de almacenamiento de energ\u00eda de alto voltaje pueden proporcionar una gesti\u00f3n de la demanda.<\/p>\n<p><strong>Microrredes y sistemas energ\u00e9ticos aislados<\/strong>: En zonas remotas o islas, las bater\u00edas de almacenamiento de energ\u00eda de alto voltaje pueden combinarse con microrredes para proporcionar un suministro el\u00e9ctrico estable e independiente.<\/p>\n<p><strong>Sistemas de alimentaci\u00f3n de emergencia y sistemas de alimentaci\u00f3n ininterrumpida (SAI)<\/strong>: En hospitales, centros de datos y otras instalaciones cr\u00edticas que requieren un suministro continuo de energ\u00eda, las bater\u00edas de almacenamiento de energ\u00eda de alto voltaje pueden suministrar energ\u00eda a cargas cr\u00edticas durante interrupciones de la red el\u00e9ctrica.<\/p>\n<p><img decoding=\"async\" class=\"lazyload aligncenter wp-image-23572\" src=\"data:image\/svg+xml,%3Csvg%20xmlns%3D%27http%3A%2F%2Fwww.w3.org%2F2000%2Fsvg%27%20width%3D%271000%27%20height%3D%271607%27%20viewBox%3D%270%200%201000%201607%27%3E%3Crect%20width%3D%271000%27%20height%3D%271607%27%20fill-opacity%3D%220%22%2F%3E%3C%2Fsvg%3E\" data-orig-src=\"https:\/\/www.delongtop.com\/wp-content\/uploads\/2024\/03\/\u65e9\u4e2d\u665a\u7528\u7535\u65b9\u6848.jpg\" alt=\"\" width=\"1000\" height=\"1607\" \/><\/p>","protected":false},"excerpt":{"rendered":"<ul>\n<li>204V \/ 307V \/ 409V \/ 512V 50Ah<\/li>\n<li>20kwh \/ 30kwh \/ 40kwh \/ 50kwh<\/li>\n<li>Grado de protecci\u00f3n de la caja: IP20<\/li>\n<li>Eficiencia de ida y vuelta: \u226595%<\/li>\n<li>Puerto de comunicaci\u00f3n: CAN\/RS485<\/li>\n<li>Certificaci\u00f3n y licencias: CE \/ UN38.3 \/ MSDS<\/li>\n<\/ul>","protected":false},"featured_media":23579,"comment_status":"open","ping_status":"closed","template":"","meta":[],"product_brand":[],"product_cat":[100,207],"product_tag":[],"class_list":{"0":"post-23565","1":"product","2":"type-product","3":"status-publish","4":"has-post-thumbnail","6":"product_cat-energy-storage-battery","7":"product_cat-stackable-lithium-battery","9":"first","10":"instock","11":"shipping-taxable","12":"product-type-simple"},"yoast_head":"<!-- This site is optimized with the Yoast SEO plugin v25.0 - https:\/\/yoast.com\/wordpress\/plugins\/seo\/ -->\n<title>204V \/ 307V \/ 409V \/ 512V 50Ah High Voltage Lifepo4 Battery 20-50kwh | LFP-HV32-10 - Delong Energy<\/title>\n<meta name=\"robots\" content=\"index, follow, max-snippet:-1, max-image-preview:large, max-video-preview:-1\" \/>\n<link rel=\"canonical\" href=\"https:\/\/www.delongtop.com\/es\/product\/204v-307v-409v-512v-50ah-high-voltage-lifepo4-battery\/\" \/>\n<meta property=\"og:locale\" content=\"es_ES\" \/>\n<meta property=\"og:type\" content=\"article\" \/>\n<meta property=\"og:title\" content=\"204V \/ 307V \/ 409V \/ 512V 50Ah High Voltage Lifepo4 Battery 20-50kwh | LFP-HV32-10 - Delong Energy\" \/>\n<meta property=\"og:description\" content=\"204V \/ 307V \/ 409V \/ 512V 50Ah  20kwh \/ 30kwh \/ 40kwh \/ 50kwh  Enclosure Protection Rating: IP20  Round-trip Efficiency: \u226595%  Communication Port: CAN\/RS485  Certification &amp; Licensing: CE \/ UN38.3 \/ MSDS\" \/>\n<meta property=\"og:url\" content=\"https:\/\/www.delongtop.com\/es\/product\/204v-307v-409v-512v-50ah-high-voltage-lifepo4-battery\/\" \/>\n<meta property=\"og:site_name\" content=\"Delong Energy\" \/>\n<meta property=\"article:modified_time\" content=\"2024-05-02T02:00:07+00:00\" \/>\n<meta property=\"og:image\" content=\"https:\/\/i0.wp.com\/www.delongtop.com\/wp-content\/uploads\/2024\/03\/Stackable-High-Voltage-Battery-Pack.jpg?fit=1200%2C1200&ssl=1\" \/>\n\t<meta property=\"og:image:width\" content=\"1200\" \/>\n\t<meta property=\"og:image:height\" content=\"1200\" \/>\n\t<meta property=\"og:image:type\" content=\"image\/jpeg\" \/>\n<meta name=\"twitter:card\" content=\"summary_large_image\" \/>\n<meta name=\"twitter:label1\" content=\"Tiempo de lectura\" \/>\n\t<meta name=\"twitter:data1\" content=\"3 minutos\" \/>\n<script type=\"application\/ld+json\" class=\"yoast-schema-graph\">{\"@context\":\"https:\/\/schema.org\",\"@graph\":[{\"@type\":\"WebPage\",\"@id\":\"https:\/\/www.delongtop.com\/product\/204v-307v-409v-512v-50ah-high-voltage-lifepo4-battery\/\",\"url\":\"https:\/\/www.delongtop.com\/product\/204v-307v-409v-512v-50ah-high-voltage-lifepo4-battery\/\",\"name\":\"204V \/ 307V \/ 409V \/ 512V 50Ah High Voltage Lifepo4 Battery 20-50kwh | LFP-HV32-10 - Delong Energy\",\"isPartOf\":{\"@id\":\"https:\/\/www.delongtop.com\/#website\"},\"primaryImageOfPage\":{\"@id\":\"https:\/\/www.delongtop.com\/product\/204v-307v-409v-512v-50ah-high-voltage-lifepo4-battery\/#primaryimage\"},\"image\":{\"@id\":\"https:\/\/www.delongtop.com\/product\/204v-307v-409v-512v-50ah-high-voltage-lifepo4-battery\/#primaryimage\"},\"thumbnailUrl\":\"https:\/\/i0.wp.com\/www.delongtop.com\/wp-content\/uploads\/2024\/03\/Stackable-High-Voltage-Battery-Pack.jpg?fit=1200%2C1200&ssl=1\",\"datePublished\":\"2024-03-29T07:24:12+00:00\",\"dateModified\":\"2024-05-02T02:00:07+00:00\",\"breadcrumb\":{\"@id\":\"https:\/\/www.delongtop.com\/product\/204v-307v-409v-512v-50ah-high-voltage-lifepo4-battery\/#breadcrumb\"},\"inLanguage\":\"es\",\"potentialAction\":[{\"@type\":\"ReadAction\",\"target\":[\"https:\/\/www.delongtop.com\/product\/204v-307v-409v-512v-50ah-high-voltage-lifepo4-battery\/\"]}]},{\"@type\":\"ImageObject\",\"inLanguage\":\"es\",\"@id\":\"https:\/\/www.delongtop.com\/product\/204v-307v-409v-512v-50ah-high-voltage-lifepo4-battery\/#primaryimage\",\"url\":\"https:\/\/i0.wp.com\/www.delongtop.com\/wp-content\/uploads\/2024\/03\/Stackable-High-Voltage-Battery-Pack.jpg?fit=1200%2C1200&ssl=1\",\"contentUrl\":\"https:\/\/i0.wp.com\/www.delongtop.com\/wp-content\/uploads\/2024\/03\/Stackable-High-Voltage-Battery-Pack.jpg?fit=1200%2C1200&ssl=1\",\"width\":1200,\"height\":1200,\"caption\":\"Stackable High Voltage Battery Pack\"},{\"@type\":\"BreadcrumbList\",\"@id\":\"https:\/\/www.delongtop.com\/product\/204v-307v-409v-512v-50ah-high-voltage-lifepo4-battery\/#breadcrumb\",\"itemListElement\":[{\"@type\":\"ListItem\",\"position\":1,\"name\":\"Home\",\"item\":\"https:\/\/www.delongtop.com\/\"},{\"@type\":\"ListItem\",\"position\":2,\"name\":\"Modern Products\",\"item\":\"https:\/\/www.delongtop.com\/products\/\"},{\"@type\":\"ListItem\",\"position\":3,\"name\":\"204V \/ 307V \/ 409V \/ 512V 50Ah High Voltage Lifepo4 Battery 20-50kwh | LFP-HV32-10\"}]},{\"@type\":\"WebSite\",\"@id\":\"https:\/\/www.delongtop.com\/#website\",\"url\":\"https:\/\/www.delongtop.com\/\",\"name\":\"Delong Energy\",\"description\":\"Lithium Ion Battery Manufacturer &amp; Factory In China\",\"potentialAction\":[{\"@type\":\"SearchAction\",\"target\":{\"@type\":\"EntryPoint\",\"urlTemplate\":\"https:\/\/www.delongtop.com\/?s={search_term_string}\"},\"query-input\":{\"@type\":\"PropertyValueSpecification\",\"valueRequired\":true,\"valueName\":\"search_term_string\"}}],\"inLanguage\":\"es\"}]}<\/script>\n<!-- \/ Yoast SEO plugin. -->","yoast_head_json":{"title":"204V \/ 307V \/ 409V \/ 512V 50Ah High Voltage Lifepo4 Battery 20-50kwh | LFP-HV32-10 - Delong Energy","robots":{"index":"index","follow":"follow","max-snippet":"max-snippet:-1","max-image-preview":"max-image-preview:large","max-video-preview":"max-video-preview:-1"},"canonical":"https:\/\/www.delongtop.com\/es\/product\/204v-307v-409v-512v-50ah-high-voltage-lifepo4-battery\/","og_locale":"es_ES","og_type":"article","og_title":"204V \/ 307V \/ 409V \/ 512V 50Ah High Voltage Lifepo4 Battery 20-50kwh | LFP-HV32-10 - Delong Energy","og_description":"204V \/ 307V \/ 409V \/ 512V 50Ah  20kwh \/ 30kwh \/ 40kwh \/ 50kwh  Enclosure Protection Rating: IP20  Round-trip Efficiency: \u226595%  Communication Port: CAN\/RS485  Certification &amp; Licensing: CE \/ UN38.3 \/ MSDS","og_url":"https:\/\/www.delongtop.com\/es\/product\/204v-307v-409v-512v-50ah-high-voltage-lifepo4-battery\/","og_site_name":"Delong Energy","article_modified_time":"2024-05-02T02:00:07+00:00","og_image":[{"width":1200,"height":1200,"url":"https:\/\/i0.wp.com\/www.delongtop.com\/wp-content\/uploads\/2024\/03\/Stackable-High-Voltage-Battery-Pack.jpg?fit=1200%2C1200&ssl=1","type":"image\/jpeg"}],"twitter_card":"summary_large_image","twitter_misc":{"Tiempo de lectura":"3 minutos"},"schema":{"@context":"https:\/\/schema.org","@graph":[{"@type":"WebPage","@id":"https:\/\/www.delongtop.com\/product\/204v-307v-409v-512v-50ah-high-voltage-lifepo4-battery\/","url":"https:\/\/www.delongtop.com\/product\/204v-307v-409v-512v-50ah-high-voltage-lifepo4-battery\/","name":"204V \/ 307V \/ 409V \/ 512V 50Ah High Voltage Lifepo4 Battery 20-50kwh | LFP-HV32-10 - Delong Energy","isPartOf":{"@id":"https:\/\/www.delongtop.com\/#website"},"primaryImageOfPage":{"@id":"https:\/\/www.delongtop.com\/product\/204v-307v-409v-512v-50ah-high-voltage-lifepo4-battery\/#primaryimage"},"image":{"@id":"https:\/\/www.delongtop.com\/product\/204v-307v-409v-512v-50ah-high-voltage-lifepo4-battery\/#primaryimage"},"thumbnailUrl":"https:\/\/i0.wp.com\/www.delongtop.com\/wp-content\/uploads\/2024\/03\/Stackable-High-Voltage-Battery-Pack.jpg?fit=1200%2C1200&ssl=1","datePublished":"2024-03-29T07:24:12+00:00","dateModified":"2024-05-02T02:00:07+00:00","breadcrumb":{"@id":"https:\/\/www.delongtop.com\/product\/204v-307v-409v-512v-50ah-high-voltage-lifepo4-battery\/#breadcrumb"},"inLanguage":"es","potentialAction":[{"@type":"ReadAction","target":["https:\/\/www.delongtop.com\/product\/204v-307v-409v-512v-50ah-high-voltage-lifepo4-battery\/"]}]},{"@type":"ImageObject","inLanguage":"es","@id":"https:\/\/www.delongtop.com\/product\/204v-307v-409v-512v-50ah-high-voltage-lifepo4-battery\/#primaryimage","url":"https:\/\/i0.wp.com\/www.delongtop.com\/wp-content\/uploads\/2024\/03\/Stackable-High-Voltage-Battery-Pack.jpg?fit=1200%2C1200&ssl=1","contentUrl":"https:\/\/i0.wp.com\/www.delongtop.com\/wp-content\/uploads\/2024\/03\/Stackable-High-Voltage-Battery-Pack.jpg?fit=1200%2C1200&ssl=1","width":1200,"height":1200,"caption":"Stackable High Voltage Battery Pack"},{"@type":"BreadcrumbList","@id":"https:\/\/www.delongtop.com\/product\/204v-307v-409v-512v-50ah-high-voltage-lifepo4-battery\/#breadcrumb","itemListElement":[{"@type":"ListItem","position":1,"name":"Home","item":"https:\/\/www.delongtop.com\/"},{"@type":"ListItem","position":2,"name":"Modern Products","item":"https:\/\/www.delongtop.com\/products\/"},{"@type":"ListItem","position":3,"name":"204V \/ 307V \/ 409V \/ 512V 50Ah High Voltage Lifepo4 Battery 20-50kwh | LFP-HV32-10"}]},{"@type":"WebSite","@id":"https:\/\/www.delongtop.com\/#website","url":"https:\/\/www.delongtop.com\/","name":"Delong Energy","description":"Lithium Ion Battery Manufacturer &amp; Factory In China","potentialAction":[{"@type":"SearchAction","target":{"@type":"EntryPoint","urlTemplate":"https:\/\/www.delongtop.com\/?s={search_term_string}"},"query-input":{"@type":"PropertyValueSpecification","valueRequired":true,"valueName":"search_term_string"}}],"inLanguage":"es"}]}},"jetpack_sharing_enabled":true,"_links":{"self":[{"href":"https:\/\/www.delongtop.com\/es\/wp-json\/wp\/v2\/product\/23565","targetHints":{"allow":["GET"]}}],"collection":[{"href":"https:\/\/www.delongtop.com\/es\/wp-json\/wp\/v2\/product"}],"about":[{"href":"https:\/\/www.delongtop.com\/es\/wp-json\/wp\/v2\/types\/product"}],"replies":[{"embeddable":true,"href":"https:\/\/www.delongtop.com\/es\/wp-json\/wp\/v2\/comments?post=23565"}],"wp:featuredmedia":[{"embeddable":true,"href":"https:\/\/www.delongtop.com\/es\/wp-json\/wp\/v2\/media\/23579"}],"wp:attachment":[{"href":"https:\/\/www.delongtop.com\/es\/wp-json\/wp\/v2\/media?parent=23565"}],"wp:term":[{"taxonomy":"product_brand","embeddable":true,"href":"https:\/\/www.delongtop.com\/es\/wp-json\/wp\/v2\/product_brand?post=23565"},{"taxonomy":"product_cat","embeddable":true,"href":"https:\/\/www.delongtop.com\/es\/wp-json\/wp\/v2\/product_cat?post=23565"},{"taxonomy":"product_tag","embeddable":true,"href":"https:\/\/www.delongtop.com\/es\/wp-json\/wp\/v2\/product_tag?post=23565"}],"curies":[{"name":"wp","href":"https:\/\/api.w.org\/{rel}","templated":true}]}}