{"id":21800,"date":"2023-10-20T09:38:53","date_gmt":"2023-10-20T09:38:53","guid":{"rendered":"https:\/\/www.delongtop.com\/?post_type=product&#038;p=21800"},"modified":"2023-12-18T02:58:01","modified_gmt":"2023-12-18T02:58:01","slug":"25-6v-100ah-lifepo4-powerwall-2-56kwh-wall-mounted-lithium-battery-dl-lfp24100j","status":"publish","type":"product","link":"https:\/\/www.delongtop.com\/fr\/product\/25-6v-100ah-lifepo4-powerwall-2-56kwh-wall-mounted-lithium-battery-dl-lfp24100j\/","title":{"rendered":"25.6V 100Ah Lifepo4 Powerwall 2.56kwh Wall Mounted Lithium Battery DL-LFP24100J"},"content":{"rendered":"<div>\n<h3><span style=\"color: #339966;\"><strong><b>25.6V 100Ah Lifepo4 Powerwall 2.56kwh Wall Mounted Lithium Battery<\/b><\/strong><strong><b>\u00a0Pour le stockage r\u00e9sidentiel de batteries solaires<\/b><\/strong><\/span><\/h3>\n<p>La batterie murale 25,6V 100Ah 2,56kwh de Delong Energy est l\u00e9g\u00e8re, seulement 27,5kg. Le design compact r\u00e9duit l'\u00e9paisseur du produit et rend la batterie plus petite. Le mat\u00e9riau de l'\u00e9lectrode positive de la batterie murale est le phosphate de fer lithi\u00e9, qui offre de meilleures performances en mati\u00e8re de s\u00e9curit\u00e9. Le syst\u00e8me de gestion de la batterie int\u00e9gr\u00e9 est dot\u00e9 de fonctions de protection contre la surcharge, la surd\u00e9charge, la surintensit\u00e9 et les temp\u00e9ratures \u00e9lev\u00e9es et basses.<\/p>\n<\/div>\n<h3><\/h3>\n<h3><span style=\"color: #339966;\"><strong><b>Avantages de la <\/b><\/strong><strong><b>2,56 kWh <\/b><\/strong><b><\/b><\/span><span style=\"color: #339966;\"><strong><b>Lifepo4 Powerwall<\/b><\/strong><\/span><\/h3>\n<ul>\n<li>La batterie lithium murale permet d'\u00e9conomiser de l'espace<\/li>\n<li>Le syst\u00e8me de gestion intelligent int\u00e9gr\u00e9 (BMS) surveille votre batterie en temps r\u00e9el.<\/li>\n<li>Les cellules LiFePO4 de qualit\u00e9 A, telles que celles de CATL, sont plus s\u00fbres.<\/li>\n<li>Plus de 6500 cycles de longue dur\u00e9e R\u00e9duisez vos co\u00fbts : vous pouvez utiliser la batterie jusqu'\u00e0 12 ans.<\/li>\n<li>Prise en charge de la connexion parall\u00e8le pour augmenter la capacit\u00e9, 5kwh, 10kwh, 15kwh, 20kwh, 25kwh, etc.<\/li>\n<li>Personnalisation de la prise en charge pour r\u00e9pondre \u00e0 vos besoins, montage mural, montage en rack, tout-en-un et empilable.<\/li>\n<li>Certifications internationales telles que CE, MSDS, UN38.3, ISO et IEC.<\/li>\n<li>Compatible avec les onduleurs de plusieurs marques, tels que Deye, Growatt et Goodwe.<\/li>\n<\/ul>\n<h3><\/h3>\n<h3><span style=\"color: #339966;\"><strong>Application de la batterie lithium murale 25.6V 100Ah<\/strong><\/span><\/h3>\n<div>\n<p>La batterie lithium murale 25,6V 100Ah pr\u00e9sente une s\u00e9curit\u00e9 \u00e9lev\u00e9e, une densit\u00e9 \u00e9nerg\u00e9tique et une grande \u00e9volutivit\u00e9. Elle convient parfaitement au stockage de l'\u00e9nergie domestique, au stockage de l'\u00e9nergie solaire, aux syst\u00e8mes UPS, aux bureaux d'entreprise, aux communications, aux stations de base, aux syst\u00e8mes d'alimentation, etc.<\/p>\n<h3><\/h3>\n<h3><span style=\"color: #339966;\"><strong><b>\u00c0 propos de Delong Energy - Fabricant de batteries lithium murales<\/b><\/strong><\/span><\/h3>\n<p>Fond\u00e9e en 2012, notre entreprise dispose d'une usine de batteries au lithium de 6 000 m\u00e8tres carr\u00e9s et de trois lignes de production avanc\u00e9es. Les processus de production \u00e0 haute efficacit\u00e9 permettent aux clients de recevoir les produits command\u00e9s \u00e0 temps. Nous ne fournissons pas seulement des batteries au lithium 12v, mais nous pouvons \u00e9galement personnaliser des solutions de stockage d'\u00e9nergie domestique telles que des batteries solaires murales, des syst\u00e8mes de stockage d'\u00e9nergie tout-en-un, des batteries au lithium empilables et des batteries lifepo4 \u00e0 montage en rack. Les batteries au lithium Delong sont export\u00e9es vers le Royaume-Uni, l'Allemagne, les \u00c9tats-Unis, l'Italie, la Pologne, l'Australie, le Japon, la Cor\u00e9e du Sud, etc.<\/p>\n<div id=\"attachment_21815\" style=\"width: 1010px\" class=\"wp-caption aligncenter\"><img data-recalc-dims=\"1\" decoding=\"async\" aria-describedby=\"caption-attachment-21815\" class=\"lazyload size-full wp-image-21815\" src=\"https:\/\/i0.wp.com\/www.delongtop.com\/wp-content\/uploads\/2023\/10\/About-Delong-Energy.jpg?resize=1000%2C800\" data-orig-src=\"http:\/\/www.delongtop.com\/wp-content\/uploads\/2023\/10\/About-Delong-Energy.jpg\" alt=\"\u00c0 propos de Delong Energy\" width=\"1000\" height=\"800\" srcset=\"data:image\/svg+xml,%3Csvg%20xmlns%3D%27http%3A%2F%2Fwww.w3.org%2F2000%2Fsvg%27%20width%3D%271000%27%20height%3D%27800%27%20viewBox%3D%270%200%201000%20800%27%3E%3Crect%20width%3D%271000%27%20height%3D%27800%27%20fill-opacity%3D%220%22%2F%3E%3C%2Fsvg%3E\" data-srcset=\"https:\/\/i0.wp.com\/www.delongtop.com\/wp-content\/uploads\/2023\/10\/About-Delong-Energy.jpg?resize=177%2C142&amp;ssl=1 177w, https:\/\/i0.wp.com\/www.delongtop.com\/wp-content\/uploads\/2023\/10\/About-Delong-Energy.jpg?resize=200%2C160&amp;ssl=1 200w, https:\/\/i0.wp.com\/www.delongtop.com\/wp-content\/uploads\/2023\/10\/About-Delong-Energy.jpg?resize=300%2C240&amp;ssl=1 300w, https:\/\/i0.wp.com\/www.delongtop.com\/wp-content\/uploads\/2023\/10\/About-Delong-Energy.jpg?resize=400%2C320&amp;ssl=1 400w, https:\/\/i0.wp.com\/www.delongtop.com\/wp-content\/uploads\/2023\/10\/About-Delong-Energy.jpg?resize=500%2C400&amp;ssl=1 500w, https:\/\/i0.wp.com\/www.delongtop.com\/wp-content\/uploads\/2023\/10\/About-Delong-Energy.jpg?resize=600%2C480&amp;ssl=1 600w, https:\/\/i0.wp.com\/www.delongtop.com\/wp-content\/uploads\/2023\/10\/About-Delong-Energy.jpg?resize=700%2C560&amp;ssl=1 700w, https:\/\/i0.wp.com\/www.delongtop.com\/wp-content\/uploads\/2023\/10\/About-Delong-Energy.jpg?resize=768%2C614&amp;ssl=1 768w, https:\/\/i0.wp.com\/www.delongtop.com\/wp-content\/uploads\/2023\/10\/About-Delong-Energy.jpg?resize=800%2C640&amp;ssl=1 800w, https:\/\/i0.wp.com\/www.delongtop.com\/wp-content\/uploads\/2023\/10\/About-Delong-Energy.jpg?fit=1000%2C800&amp;ssl=1 1000w\" data-sizes=\"auto\" data-orig-sizes=\"(max-width: 1000px) 100vw, 1000px\" \/><p id=\"caption-attachment-21815\" class=\"wp-caption-text\">\u00c0 propos de Delong Energy<\/p><\/div>\n<h3><\/h3>\n<h3><span style=\"color: #339966;\"><strong><b>Pourquoi choisir Delong Energy comme fournisseur<\/b><\/strong><\/span><\/h3>\n<ul>\n<li>Usine avec 11 ans d'exp\u00e9rience dans la fabrication de piles au lithium ;<\/li>\n<li>Efficacit\u00e9 de production \u00e9lev\u00e9e - 3 lignes de production et plus de 200 travailleurs qualifi\u00e9s ;<\/li>\n<li>L'\u00e9quipe professionnelle de recherche et d\u00e9veloppement adapte les param\u00e8tres, les fonctions et l'apparence de la batterie ;<\/li>\n<li>Services professionnels avant et apr\u00e8s-vente, suggestions pratiques et assistance technique ;<\/li>\n<li>Prise en charge de la personnalisation, des services OEM, ODM et des essais d'\u00e9chantillons.<\/li>\n<\/ul>\n<h3><\/h3>\n<h3><span style=\"color: #339966;\"><strong><b>Un service apr\u00e8s-vente sans souci !<\/b><\/strong><\/span><\/h3>\n<p>Nous offrons une garantie authentique de 10 ans pour assurer le service apr\u00e8s-vente et l'assistance technologique.<\/p>\n<p>* Renvoi d'une nouvelle batterie au cours de la premi\u00e8re ann\u00e9e si quelque chose ne va pas avec la qualit\u00e9 du produit.<\/p>\n<p>* Nous fournissons gratuitement les accessoires d'achat dans le cadre de la garantie 2~5\u00e8me ann\u00e9e.<\/p>\n<p>* Nous fournissons une assistance technologique gratuite pendant la 6\u00e8me~10\u00e8me ann\u00e9e de garantie.<\/p>\n<h3><\/h3>\n<h3><span style=\"color: #339966;\"><strong><b>Batterie lithium murale Certifications<\/b><\/strong><\/span><\/h3>\n<p><img data-recalc-dims=\"1\" decoding=\"async\" class=\"lazyload size-full wp-image-21345 aligncenter\" src=\"https:\/\/i0.wp.com\/www.delongtop.com\/wp-content\/uploads\/2023\/10\/Lithium-Battery-Certification.jpg?resize=1170%2C488\" data-orig-src=\"http:\/\/www.delongtop.com\/wp-content\/uploads\/2023\/10\/Lithium-Battery-Certification.jpg\" alt=\"Certification des piles au lithium\" width=\"1170\" height=\"488\" srcset=\"data:image\/svg+xml,%3Csvg%20xmlns%3D%27http%3A%2F%2Fwww.w3.org%2F2000%2Fsvg%27%20width%3D%271920%27%20height%3D%27800%27%20viewBox%3D%270%200%201920%20800%27%3E%3Crect%20width%3D%271920%27%20height%3D%27800%27%20fill-opacity%3D%220%22%2F%3E%3C%2Fsvg%3E\" data-srcset=\"https:\/\/i0.wp.com\/www.delongtop.com\/wp-content\/uploads\/2023\/10\/Lithium-Battery-Certification.jpg?resize=200%2C83&amp;ssl=1 200w, https:\/\/i0.wp.com\/www.delongtop.com\/wp-content\/uploads\/2023\/10\/Lithium-Battery-Certification.jpg?resize=300%2C125&amp;ssl=1 300w, https:\/\/i0.wp.com\/www.delongtop.com\/wp-content\/uploads\/2023\/10\/Lithium-Battery-Certification.jpg?resize=400%2C167&amp;ssl=1 400w, https:\/\/i0.wp.com\/www.delongtop.com\/wp-content\/uploads\/2023\/10\/Lithium-Battery-Certification.jpg?resize=500%2C208&amp;ssl=1 500w, https:\/\/i0.wp.com\/www.delongtop.com\/wp-content\/uploads\/2023\/10\/Lithium-Battery-Certification.jpg?resize=600%2C250&amp;ssl=1 600w, https:\/\/i0.wp.com\/www.delongtop.com\/wp-content\/uploads\/2023\/10\/Lithium-Battery-Certification.jpg?resize=700%2C292&amp;ssl=1 700w, https:\/\/i0.wp.com\/www.delongtop.com\/wp-content\/uploads\/2023\/10\/Lithium-Battery-Certification.jpg?resize=768%2C320&amp;ssl=1 768w, https:\/\/i0.wp.com\/www.delongtop.com\/wp-content\/uploads\/2023\/10\/Lithium-Battery-Certification.jpg?resize=800%2C333&amp;ssl=1 800w, https:\/\/i0.wp.com\/www.delongtop.com\/wp-content\/uploads\/2023\/10\/Lithium-Battery-Certification.jpg?resize=1024%2C427&amp;ssl=1 1024w, https:\/\/i0.wp.com\/www.delongtop.com\/wp-content\/uploads\/2023\/10\/Lithium-Battery-Certification.jpg?resize=1200%2C500&amp;ssl=1 1200w, https:\/\/i0.wp.com\/www.delongtop.com\/wp-content\/uploads\/2023\/10\/Lithium-Battery-Certification.jpg?resize=1536%2C640&amp;ssl=1 1536w, https:\/\/i0.wp.com\/www.delongtop.com\/wp-content\/uploads\/2023\/10\/Lithium-Battery-Certification.jpg?fit=1920%2C800&amp;ssl=1 1920w\" data-sizes=\"auto\" data-orig-sizes=\"(max-width: 1170px) 100vw, 1170px\" \/><\/p>\n<h3><span style=\"color: #339966;\"><strong><b>Liste des onduleurs compatibles <\/b><\/strong><\/span><\/h3>\n<div id=\"attachment_21816\" style=\"width: 1010px\" class=\"wp-caption aligncenter\"><img data-recalc-dims=\"1\" decoding=\"async\" aria-describedby=\"caption-attachment-21816\" class=\"lazyload size-full wp-image-21816\" src=\"https:\/\/i0.wp.com\/www.delongtop.com\/wp-content\/uploads\/2023\/10\/Compatible-Inverter-List-.png?resize=1000%2C546\" data-orig-src=\"http:\/\/www.delongtop.com\/wp-content\/uploads\/2023\/10\/Compatible-Inverter-List-.png\" alt=\"Liste des onduleurs compatibles\" width=\"1000\" height=\"546\" srcset=\"data:image\/svg+xml,%3Csvg%20xmlns%3D%27http%3A%2F%2Fwww.w3.org%2F2000%2Fsvg%27%20width%3D%271000%27%20height%3D%27546%27%20viewBox%3D%270%200%201000%20546%27%3E%3Crect%20width%3D%271000%27%20height%3D%27546%27%20fill-opacity%3D%220%22%2F%3E%3C%2Fsvg%3E\" data-srcset=\"https:\/\/i0.wp.com\/www.delongtop.com\/wp-content\/uploads\/2023\/10\/Compatible-Inverter-List-.png?resize=200%2C109&amp;ssl=1 200w, https:\/\/i0.wp.com\/www.delongtop.com\/wp-content\/uploads\/2023\/10\/Compatible-Inverter-List-.png?resize=300%2C164&amp;ssl=1 300w, https:\/\/i0.wp.com\/www.delongtop.com\/wp-content\/uploads\/2023\/10\/Compatible-Inverter-List-.png?resize=400%2C218&amp;ssl=1 400w, https:\/\/i0.wp.com\/www.delongtop.com\/wp-content\/uploads\/2023\/10\/Compatible-Inverter-List-.png?resize=500%2C273&amp;ssl=1 500w, https:\/\/i0.wp.com\/www.delongtop.com\/wp-content\/uploads\/2023\/10\/Compatible-Inverter-List-.png?resize=600%2C328&amp;ssl=1 600w, https:\/\/i0.wp.com\/www.delongtop.com\/wp-content\/uploads\/2023\/10\/Compatible-Inverter-List-.png?resize=700%2C382&amp;ssl=1 700w, https:\/\/i0.wp.com\/www.delongtop.com\/wp-content\/uploads\/2023\/10\/Compatible-Inverter-List-.png?resize=768%2C419&amp;ssl=1 768w, https:\/\/i0.wp.com\/www.delongtop.com\/wp-content\/uploads\/2023\/10\/Compatible-Inverter-List-.png?resize=800%2C437&amp;ssl=1 800w, https:\/\/i0.wp.com\/www.delongtop.com\/wp-content\/uploads\/2023\/10\/Compatible-Inverter-List-.png?fit=1000%2C546&amp;ssl=1 1000w\" data-sizes=\"auto\" data-orig-sizes=\"(max-width: 1000px) 100vw, 1000px\" \/><p id=\"caption-attachment-21816\" class=\"wp-caption-text\">Liste des onduleurs compatibles<\/p><\/div>\n<p>&nbsp;<\/p>\n<\/div>\n<p>&nbsp;<\/p>","protected":false},"excerpt":{"rendered":"<p>25.6V 100Ah 2.56kwh Lifepo4 Powerwall Battery Storage| DL-LFP24100J<\/p>","protected":false},"featured_media":22356,"comment_status":"open","ping_status":"closed","template":"","meta":[],"product_brand":[],"product_cat":[100,208],"product_tag":[],"class_list":{"0":"post-21800","1":"product","2":"type-product","3":"status-publish","4":"has-post-thumbnail","6":"product_cat-energy-storage-battery","7":"product_cat-wall-mounted-lithium-battery","9":"first","10":"instock","11":"shipping-taxable","12":"product-type-simple"},"yoast_head":"<!-- This site is optimized with the Yoast SEO plugin v25.0 - https:\/\/yoast.com\/wordpress\/plugins\/seo\/ -->\n<title>25.6V 100Ah Lifepo4 Powerwall 2.56kwh Wall Mounted Lithium Battery DL-LFP24100J - Delong Energy<\/title>\n<meta name=\"description\" content=\"Delong Energy Is A Wall Mounted Lithium Battery Manufacturer in China Supplying 25.6V 100Ah 2.56kwh Lifepo4 Powerwall.\" \/>\n<meta name=\"robots\" content=\"index, follow, max-snippet:-1, max-image-preview:large, max-video-preview:-1\" \/>\n<link rel=\"canonical\" href=\"https:\/\/www.delongtop.com\/fr\/product\/25-6v-100ah-lifepo4-powerwall-2-56kwh-wall-mounted-lithium-battery-dl-lfp24100j\/\" \/>\n<meta property=\"og:locale\" content=\"fr_FR\" \/>\n<meta property=\"og:type\" content=\"article\" \/>\n<meta property=\"og:title\" content=\"25.6V 100Ah Lifepo4 Powerwall 2.56kwh Wall Mounted Lithium Battery DL-LFP24100J - Delong Energy\" \/>\n<meta property=\"og:description\" content=\"Delong Energy Is A Wall Mounted Lithium Battery Manufacturer in China Supplying 25.6V 100Ah 2.56kwh Lifepo4 Powerwall.\" \/>\n<meta property=\"og:url\" content=\"https:\/\/www.delongtop.com\/fr\/product\/25-6v-100ah-lifepo4-powerwall-2-56kwh-wall-mounted-lithium-battery-dl-lfp24100j\/\" \/>\n<meta property=\"og:site_name\" content=\"Delong Energy\" \/>\n<meta property=\"article:modified_time\" content=\"2023-12-18T02:58:01+00:00\" \/>\n<meta property=\"og:image\" content=\"https:\/\/i0.wp.com\/www.delongtop.com\/wp-content\/uploads\/2023\/10\/25.6V-200Ah-Lithium-Powerwall-05.jpg?fit=1000%2C1000&ssl=1\" \/>\n\t<meta property=\"og:image:width\" content=\"1000\" \/>\n\t<meta property=\"og:image:height\" content=\"1000\" \/>\n\t<meta property=\"og:image:type\" content=\"image\/jpeg\" \/>\n<meta name=\"twitter:card\" content=\"summary_large_image\" \/>\n<meta name=\"twitter:label1\" content=\"Dur\u00e9e de lecture estim\u00e9e\" \/>\n\t<meta name=\"twitter:data1\" content=\"3 minutes\" \/>\n<script type=\"application\/ld+json\" class=\"yoast-schema-graph\">{\"@context\":\"https:\/\/schema.org\",\"@graph\":[{\"@type\":\"WebPage\",\"@id\":\"https:\/\/www.delongtop.com\/product\/25-6v-100ah-lifepo4-powerwall-2-56kwh-wall-mounted-lithium-battery-dl-lfp24100j\/\",\"url\":\"https:\/\/www.delongtop.com\/product\/25-6v-100ah-lifepo4-powerwall-2-56kwh-wall-mounted-lithium-battery-dl-lfp24100j\/\",\"name\":\"25.6V 100Ah Lifepo4 Powerwall 2.56kwh Wall Mounted Lithium Battery DL-LFP24100J - Delong Energy\",\"isPartOf\":{\"@id\":\"https:\/\/www.delongtop.com\/#website\"},\"primaryImageOfPage\":{\"@id\":\"https:\/\/www.delongtop.com\/product\/25-6v-100ah-lifepo4-powerwall-2-56kwh-wall-mounted-lithium-battery-dl-lfp24100j\/#primaryimage\"},\"image\":{\"@id\":\"https:\/\/www.delongtop.com\/product\/25-6v-100ah-lifepo4-powerwall-2-56kwh-wall-mounted-lithium-battery-dl-lfp24100j\/#primaryimage\"},\"thumbnailUrl\":\"https:\/\/i0.wp.com\/www.delongtop.com\/wp-content\/uploads\/2023\/10\/25.6V-200Ah-Lithium-Powerwall-05.jpg?fit=1000%2C1000&ssl=1\",\"datePublished\":\"2023-10-20T09:38:53+00:00\",\"dateModified\":\"2023-12-18T02:58:01+00:00\",\"description\":\"Delong Energy Is A Wall Mounted Lithium Battery Manufacturer in China Supplying 25.6V 100Ah 2.56kwh Lifepo4 Powerwall.\",\"breadcrumb\":{\"@id\":\"https:\/\/www.delongtop.com\/product\/25-6v-100ah-lifepo4-powerwall-2-56kwh-wall-mounted-lithium-battery-dl-lfp24100j\/#breadcrumb\"},\"inLanguage\":\"fr-FR\",\"potentialAction\":[{\"@type\":\"ReadAction\",\"target\":[\"https:\/\/www.delongtop.com\/product\/25-6v-100ah-lifepo4-powerwall-2-56kwh-wall-mounted-lithium-battery-dl-lfp24100j\/\"]}]},{\"@type\":\"ImageObject\",\"inLanguage\":\"fr-FR\",\"@id\":\"https:\/\/www.delongtop.com\/product\/25-6v-100ah-lifepo4-powerwall-2-56kwh-wall-mounted-lithium-battery-dl-lfp24100j\/#primaryimage\",\"url\":\"https:\/\/i0.wp.com\/www.delongtop.com\/wp-content\/uploads\/2023\/10\/25.6V-200Ah-Lithium-Powerwall-05.jpg?fit=1000%2C1000&ssl=1\",\"contentUrl\":\"https:\/\/i0.wp.com\/www.delongtop.com\/wp-content\/uploads\/2023\/10\/25.6V-200Ah-Lithium-Powerwall-05.jpg?fit=1000%2C1000&ssl=1\",\"width\":1000,\"height\":1000,\"caption\":\"Lithium Powerwall\"},{\"@type\":\"BreadcrumbList\",\"@id\":\"https:\/\/www.delongtop.com\/product\/25-6v-100ah-lifepo4-powerwall-2-56kwh-wall-mounted-lithium-battery-dl-lfp24100j\/#breadcrumb\",\"itemListElement\":[{\"@type\":\"ListItem\",\"position\":1,\"name\":\"Home\",\"item\":\"https:\/\/www.delongtop.com\/\"},{\"@type\":\"ListItem\",\"position\":2,\"name\":\"Modern Products\",\"item\":\"https:\/\/www.delongtop.com\/products\/\"},{\"@type\":\"ListItem\",\"position\":3,\"name\":\"25.6V 100Ah Lifepo4 Powerwall 2.56kwh Wall Mounted Lithium Battery DL-LFP24100J\"}]},{\"@type\":\"WebSite\",\"@id\":\"https:\/\/www.delongtop.com\/#website\",\"url\":\"https:\/\/www.delongtop.com\/\",\"name\":\"Delong Energy\",\"description\":\"Lithium Ion Battery Manufacturer &amp; Factory In China\",\"potentialAction\":[{\"@type\":\"SearchAction\",\"target\":{\"@type\":\"EntryPoint\",\"urlTemplate\":\"https:\/\/www.delongtop.com\/?s={search_term_string}\"},\"query-input\":{\"@type\":\"PropertyValueSpecification\",\"valueRequired\":true,\"valueName\":\"search_term_string\"}}],\"inLanguage\":\"fr-FR\"}]}<\/script>\n<!-- \/ Yoast SEO plugin. -->","yoast_head_json":{"title":"25.6V 100Ah Lifepo4 Powerwall 2.56kwh Wall Mounted Lithium Battery DL-LFP24100J - Delong Energy","description":"Delong Energy Is A Wall Mounted Lithium Battery Manufacturer in China Supplying 25.6V 100Ah 2.56kwh Lifepo4 Powerwall.","robots":{"index":"index","follow":"follow","max-snippet":"max-snippet:-1","max-image-preview":"max-image-preview:large","max-video-preview":"max-video-preview:-1"},"canonical":"https:\/\/www.delongtop.com\/fr\/product\/25-6v-100ah-lifepo4-powerwall-2-56kwh-wall-mounted-lithium-battery-dl-lfp24100j\/","og_locale":"fr_FR","og_type":"article","og_title":"25.6V 100Ah Lifepo4 Powerwall 2.56kwh Wall Mounted Lithium Battery DL-LFP24100J - Delong Energy","og_description":"Delong Energy Is A Wall Mounted Lithium Battery Manufacturer in China Supplying 25.6V 100Ah 2.56kwh Lifepo4 Powerwall.","og_url":"https:\/\/www.delongtop.com\/fr\/product\/25-6v-100ah-lifepo4-powerwall-2-56kwh-wall-mounted-lithium-battery-dl-lfp24100j\/","og_site_name":"Delong Energy","article_modified_time":"2023-12-18T02:58:01+00:00","og_image":[{"width":1000,"height":1000,"url":"https:\/\/i0.wp.com\/www.delongtop.com\/wp-content\/uploads\/2023\/10\/25.6V-200Ah-Lithium-Powerwall-05.jpg?fit=1000%2C1000&ssl=1","type":"image\/jpeg"}],"twitter_card":"summary_large_image","twitter_misc":{"Dur\u00e9e de lecture estim\u00e9e":"3 minutes"},"schema":{"@context":"https:\/\/schema.org","@graph":[{"@type":"WebPage","@id":"https:\/\/www.delongtop.com\/product\/25-6v-100ah-lifepo4-powerwall-2-56kwh-wall-mounted-lithium-battery-dl-lfp24100j\/","url":"https:\/\/www.delongtop.com\/product\/25-6v-100ah-lifepo4-powerwall-2-56kwh-wall-mounted-lithium-battery-dl-lfp24100j\/","name":"25.6V 100Ah Lifepo4 Powerwall 2.56kwh Wall Mounted Lithium Battery DL-LFP24100J - Delong Energy","isPartOf":{"@id":"https:\/\/www.delongtop.com\/#website"},"primaryImageOfPage":{"@id":"https:\/\/www.delongtop.com\/product\/25-6v-100ah-lifepo4-powerwall-2-56kwh-wall-mounted-lithium-battery-dl-lfp24100j\/#primaryimage"},"image":{"@id":"https:\/\/www.delongtop.com\/product\/25-6v-100ah-lifepo4-powerwall-2-56kwh-wall-mounted-lithium-battery-dl-lfp24100j\/#primaryimage"},"thumbnailUrl":"https:\/\/i0.wp.com\/www.delongtop.com\/wp-content\/uploads\/2023\/10\/25.6V-200Ah-Lithium-Powerwall-05.jpg?fit=1000%2C1000&ssl=1","datePublished":"2023-10-20T09:38:53+00:00","dateModified":"2023-12-18T02:58:01+00:00","description":"Delong Energy Is A Wall Mounted Lithium Battery Manufacturer in China Supplying 25.6V 100Ah 2.56kwh Lifepo4 Powerwall.","breadcrumb":{"@id":"https:\/\/www.delongtop.com\/product\/25-6v-100ah-lifepo4-powerwall-2-56kwh-wall-mounted-lithium-battery-dl-lfp24100j\/#breadcrumb"},"inLanguage":"fr-FR","potentialAction":[{"@type":"ReadAction","target":["https:\/\/www.delongtop.com\/product\/25-6v-100ah-lifepo4-powerwall-2-56kwh-wall-mounted-lithium-battery-dl-lfp24100j\/"]}]},{"@type":"ImageObject","inLanguage":"fr-FR","@id":"https:\/\/www.delongtop.com\/product\/25-6v-100ah-lifepo4-powerwall-2-56kwh-wall-mounted-lithium-battery-dl-lfp24100j\/#primaryimage","url":"https:\/\/i0.wp.com\/www.delongtop.com\/wp-content\/uploads\/2023\/10\/25.6V-200Ah-Lithium-Powerwall-05.jpg?fit=1000%2C1000&ssl=1","contentUrl":"https:\/\/i0.wp.com\/www.delongtop.com\/wp-content\/uploads\/2023\/10\/25.6V-200Ah-Lithium-Powerwall-05.jpg?fit=1000%2C1000&ssl=1","width":1000,"height":1000,"caption":"Lithium Powerwall"},{"@type":"BreadcrumbList","@id":"https:\/\/www.delongtop.com\/product\/25-6v-100ah-lifepo4-powerwall-2-56kwh-wall-mounted-lithium-battery-dl-lfp24100j\/#breadcrumb","itemListElement":[{"@type":"ListItem","position":1,"name":"Home","item":"https:\/\/www.delongtop.com\/"},{"@type":"ListItem","position":2,"name":"Modern Products","item":"https:\/\/www.delongtop.com\/products\/"},{"@type":"ListItem","position":3,"name":"25.6V 100Ah Lifepo4 Powerwall 2.56kwh Wall Mounted Lithium Battery DL-LFP24100J"}]},{"@type":"WebSite","@id":"https:\/\/www.delongtop.com\/#website","url":"https:\/\/www.delongtop.com\/","name":"Delong Energy","description":"Lithium Ion Battery Manufacturer &amp; Factory In China","potentialAction":[{"@type":"SearchAction","target":{"@type":"EntryPoint","urlTemplate":"https:\/\/www.delongtop.com\/?s={search_term_string}"},"query-input":{"@type":"PropertyValueSpecification","valueRequired":true,"valueName":"search_term_string"}}],"inLanguage":"fr-FR"}]}},"jetpack_sharing_enabled":true,"_links":{"self":[{"href":"https:\/\/www.delongtop.com\/fr\/wp-json\/wp\/v2\/product\/21800","targetHints":{"allow":["GET"]}}],"collection":[{"href":"https:\/\/www.delongtop.com\/fr\/wp-json\/wp\/v2\/product"}],"about":[{"href":"https:\/\/www.delongtop.com\/fr\/wp-json\/wp\/v2\/types\/product"}],"replies":[{"embeddable":true,"href":"https:\/\/www.delongtop.com\/fr\/wp-json\/wp\/v2\/comments?post=21800"}],"wp:featuredmedia":[{"embeddable":true,"href":"https:\/\/www.delongtop.com\/fr\/wp-json\/wp\/v2\/media\/22356"}],"wp:attachment":[{"href":"https:\/\/www.delongtop.com\/fr\/wp-json\/wp\/v2\/media?parent=21800"}],"wp:term":[{"taxonomy":"product_brand","embeddable":true,"href":"https:\/\/www.delongtop.com\/fr\/wp-json\/wp\/v2\/product_brand?post=21800"},{"taxonomy":"product_cat","embeddable":true,"href":"https:\/\/www.delongtop.com\/fr\/wp-json\/wp\/v2\/product_cat?post=21800"},{"taxonomy":"product_tag","embeddable":true,"href":"https:\/\/www.delongtop.com\/fr\/wp-json\/wp\/v2\/product_tag?post=21800"}],"curies":[{"name":"wp","href":"https:\/\/api.w.org\/{rel}","templated":true}]}}