{"id":21803,"date":"2023-10-20T09:45:30","date_gmt":"2023-10-20T09:45:30","guid":{"rendered":"https:\/\/www.delongtop.com\/?post_type=product&#038;p=21803"},"modified":"2023-12-18T02:58:47","modified_gmt":"2023-12-18T02:58:47","slug":"48v-50ah-lifepo4-battery-pack-2-4kwh-lithium-powerwall-dl-lfp4850j","status":"publish","type":"product","link":"https:\/\/www.delongtop.com\/fr\/product\/48v-50ah-lifepo4-battery-pack-2-4kwh-lithium-powerwall-dl-lfp4850j\/","title":{"rendered":"48V 50Ah Lifepo4 Battery Pack 2.4kwh Lithium Powerwall DL-LFP4850J"},"content":{"rendered":"<div>\n<h3><span style=\"color: #339966;\"><strong><b>48V 50Ah L<\/b><\/strong><strong><b>ifepo4 <\/b><\/strong><strong><b>B<\/b><\/strong><strong><b>art\u00e8re<\/b><\/strong><strong><b>\u00a0Pack 2.4kwh Lithium Powerwall<\/b><\/strong><strong><b>\u00a0Pour le stockage r\u00e9sidentiel de batteries solaires<\/b><\/strong><\/span><\/h3>\n<\/div>\n<p>Il s'agit d'un powerwall 48v avec un courant de 50Ah qui peut fournir 2,4kwh d'\u00e9nergie. Il ne p\u00e8se que 27,5 kg et est compact. Bien que la batterie ne soit que de 48v 50ah, elle prend en charge la connexion en parall\u00e8le pour augmenter la capacit\u00e9 et a une forte \u00e9volutivit\u00e9.<\/p>\n<div id=\"attachment_21839\" style=\"width: 810px\" class=\"wp-caption aligncenter\"><img data-recalc-dims=\"1\" decoding=\"async\" aria-describedby=\"caption-attachment-21839\" class=\"lazyload wp-image-21839 size-fusion-800\" src=\"https:\/\/i0.wp.com\/www.delongtop.com\/wp-content\/uploads\/2023\/10\/Parallel-Connection-Diagram-of-Wall-Mounted-Battery-.png?resize=800%2C501&#038;ssl=1\" data-orig-src=\"https:\/\/www.delongtop.com\/wp-content\/uploads\/2023\/10\/Parallel-Connection-Diagram-of-Wall-Mounted-Battery--800x501.png\" alt=\"Sch\u00e9ma de connexion en parall\u00e8le de la batterie murale\" width=\"800\" height=\"501\" srcset=\"data:image\/svg+xml,%3Csvg%20xmlns%3D%27http%3A%2F%2Fwww.w3.org%2F2000%2Fsvg%27%20width%3D%27800%27%20height%3D%27501%27%20viewBox%3D%270%200%20800%20501%27%3E%3Crect%20width%3D%27800%27%20height%3D%27501%27%20fill-opacity%3D%220%22%2F%3E%3C%2Fsvg%3E\" data-srcset=\"https:\/\/i0.wp.com\/www.delongtop.com\/wp-content\/uploads\/2023\/10\/Parallel-Connection-Diagram-of-Wall-Mounted-Battery-.png?resize=200%2C125&amp;ssl=1 200w, https:\/\/i0.wp.com\/www.delongtop.com\/wp-content\/uploads\/2023\/10\/Parallel-Connection-Diagram-of-Wall-Mounted-Battery-.png?resize=300%2C188&amp;ssl=1 300w, https:\/\/i0.wp.com\/www.delongtop.com\/wp-content\/uploads\/2023\/10\/Parallel-Connection-Diagram-of-Wall-Mounted-Battery-.png?resize=400%2C250&amp;ssl=1 400w, https:\/\/i0.wp.com\/www.delongtop.com\/wp-content\/uploads\/2023\/10\/Parallel-Connection-Diagram-of-Wall-Mounted-Battery-.png?resize=500%2C313&amp;ssl=1 500w, https:\/\/i0.wp.com\/www.delongtop.com\/wp-content\/uploads\/2023\/10\/Parallel-Connection-Diagram-of-Wall-Mounted-Battery-.png?resize=600%2C375&amp;ssl=1 600w, https:\/\/i0.wp.com\/www.delongtop.com\/wp-content\/uploads\/2023\/10\/Parallel-Connection-Diagram-of-Wall-Mounted-Battery-.png?resize=700%2C438&amp;ssl=1 700w, https:\/\/i0.wp.com\/www.delongtop.com\/wp-content\/uploads\/2023\/10\/Parallel-Connection-Diagram-of-Wall-Mounted-Battery-.png?resize=768%2C481&amp;ssl=1 768w, https:\/\/i0.wp.com\/www.delongtop.com\/wp-content\/uploads\/2023\/10\/Parallel-Connection-Diagram-of-Wall-Mounted-Battery-.png?resize=800%2C501&amp;ssl=1 800w, https:\/\/i0.wp.com\/www.delongtop.com\/wp-content\/uploads\/2023\/10\/Parallel-Connection-Diagram-of-Wall-Mounted-Battery-.png?w=938&amp;ssl=1 938w\" data-sizes=\"auto\" data-orig-sizes=\"(max-width: 800px) 100vw, 800px\" \/><p id=\"caption-attachment-21839\" class=\"wp-caption-text\">Sch\u00e9ma de connexion en parall\u00e8le de la batterie murale<\/p><\/div>\n<p>La batterie Lifepo4 48V 50Ah est compos\u00e9e de 15 batteries au phosphate de fer lithi\u00e9 (lifepo4) de classe A et d'un BMS avanc\u00e9. Il pr\u00e9sente de bonnes performances en mati\u00e8re de s\u00e9curit\u00e9 et une dur\u00e9e de vie de 6 500 cycles. Le BMS g\u00e8re automatiquement l'\u00e9tat de charge et de d\u00e9charge, offrant une double protection \u00e0 la batterie et emp\u00eachant la surcharge et la d\u00e9charge excessive. Le bo\u00eetier de la batterie Lifepo4 48V 50Ah est \u00e9quip\u00e9 d'un \u00e9cran LCD qui affiche l'\u00e9tat de fonctionnement de la batterie en temps r\u00e9el.<\/p>\n<p>&nbsp;<\/p>\n<p>Cette configuration permet \u00e0 la batterie de fournir de l'\u00e9nergie de mani\u00e8re efficace et est largement utilis\u00e9e dans les domaines de l'\u00e9nergie domestique, des syst\u00e8mes solaires, des onduleurs, des communications de stations de base, etc. Il s'agit d'une source d'\u00e9nergie de secours indispensable. Comme les syst\u00e8mes de stockage d'\u00e9nergie tout-en-un, les batteries au lithium empil\u00e9es et les batteries de rack de serveur, le lifepo4 powerwall 48v est une conception efficace et pratique dans la soci\u00e9t\u00e9 moderne.<\/p>\n<p>&nbsp;<\/p>\n<div>\n<h3><strong><span style=\"color: #339966;\">Vous pouvez profiter de<\/span><\/strong><\/h3>\n<p>- 10 ans de service apr\u00e8s-vente sans souci, tout probl\u00e8me sera trait\u00e9 imm\u00e9diatement ;<\/p>\n<p>- Usine de piles au lithium avec 11 ans d'exp\u00e9rience de production, la qualit\u00e9 d'abord ;<\/p>\n<p>- L'usine b\u00e9n\u00e9ficie d'un avantage en termes de prix, de sorte que des \u00e9conomies sont in\u00e9vitables ;<\/p>\n<p>- L'\u00e9quipe de recherche et d\u00e9veloppement avanc\u00e9e vous propose des services de personnalisation des batteries et des services OEM\/ODM ;<\/p>\n<p>- Des \u00e9chantillons de tests sont fournis, il n'y a pas de prix \u00e0 payer et cela ne limite pas le d\u00e9veloppement de votre entreprise.<\/p>\n<p>&nbsp;<\/p>\n<h3><span style=\"color: #339966;\"><strong><b>Certifications<\/b><\/strong><\/span><\/h3>\n<p><img data-recalc-dims=\"1\" decoding=\"async\" class=\"lazyload alignnone wp-image-21345\" src=\"https:\/\/i0.wp.com\/www.delongtop.com\/wp-content\/uploads\/2023\/10\/Lithium-Battery-Certification.jpg?resize=1000%2C417\" data-orig-src=\"http:\/\/www.delongtop.com\/wp-content\/uploads\/2023\/10\/Lithium-Battery-Certification.jpg\" alt=\"Certification des piles au lithium\" width=\"1000\" height=\"417\" srcset=\"data:image\/svg+xml,%3Csvg%20xmlns%3D%27http%3A%2F%2Fwww.w3.org%2F2000%2Fsvg%27%20width%3D%271000%27%20height%3D%27417%27%20viewBox%3D%270%200%201000%20417%27%3E%3Crect%20width%3D%271000%27%20height%3D%27417%27%20fill-opacity%3D%220%22%2F%3E%3C%2Fsvg%3E\" data-srcset=\"https:\/\/i0.wp.com\/www.delongtop.com\/wp-content\/uploads\/2023\/10\/Lithium-Battery-Certification.jpg?resize=200%2C83&amp;ssl=1 200w, https:\/\/i0.wp.com\/www.delongtop.com\/wp-content\/uploads\/2023\/10\/Lithium-Battery-Certification.jpg?resize=300%2C125&amp;ssl=1 300w, https:\/\/i0.wp.com\/www.delongtop.com\/wp-content\/uploads\/2023\/10\/Lithium-Battery-Certification.jpg?resize=400%2C167&amp;ssl=1 400w, https:\/\/i0.wp.com\/www.delongtop.com\/wp-content\/uploads\/2023\/10\/Lithium-Battery-Certification.jpg?resize=500%2C208&amp;ssl=1 500w, https:\/\/i0.wp.com\/www.delongtop.com\/wp-content\/uploads\/2023\/10\/Lithium-Battery-Certification.jpg?resize=600%2C250&amp;ssl=1 600w, https:\/\/i0.wp.com\/www.delongtop.com\/wp-content\/uploads\/2023\/10\/Lithium-Battery-Certification.jpg?resize=700%2C292&amp;ssl=1 700w, https:\/\/i0.wp.com\/www.delongtop.com\/wp-content\/uploads\/2023\/10\/Lithium-Battery-Certification.jpg?resize=768%2C320&amp;ssl=1 768w, https:\/\/i0.wp.com\/www.delongtop.com\/wp-content\/uploads\/2023\/10\/Lithium-Battery-Certification.jpg?resize=800%2C333&amp;ssl=1 800w, https:\/\/i0.wp.com\/www.delongtop.com\/wp-content\/uploads\/2023\/10\/Lithium-Battery-Certification.jpg?resize=1024%2C427&amp;ssl=1 1024w, https:\/\/i0.wp.com\/www.delongtop.com\/wp-content\/uploads\/2023\/10\/Lithium-Battery-Certification.jpg?resize=1200%2C500&amp;ssl=1 1200w, https:\/\/i0.wp.com\/www.delongtop.com\/wp-content\/uploads\/2023\/10\/Lithium-Battery-Certification.jpg?resize=1536%2C640&amp;ssl=1 1536w, https:\/\/i0.wp.com\/www.delongtop.com\/wp-content\/uploads\/2023\/10\/Lithium-Battery-Certification.jpg?fit=1920%2C800&amp;ssl=1 1920w\" data-sizes=\"auto\" data-orig-sizes=\"(max-width: 1000px) 100vw, 1000px\" \/><\/p>\n<h3><span style=\"color: #339966;\"><strong><b>Liste des onduleurs compatibles <\/b><\/strong><\/span><\/h3>\n<div id=\"attachment_21816\" style=\"width: 1010px\" class=\"wp-caption aligncenter\"><img data-recalc-dims=\"1\" decoding=\"async\" aria-describedby=\"caption-attachment-21816\" class=\"lazyload size-full wp-image-21816\" src=\"https:\/\/i0.wp.com\/www.delongtop.com\/wp-content\/uploads\/2023\/10\/Compatible-Inverter-List-.png?resize=1000%2C546&#038;ssl=1\" data-orig-src=\"https:\/\/www.delongtop.com\/wp-content\/uploads\/2023\/10\/Compatible-Inverter-List-.png\" alt=\"Liste des onduleurs compatibles\" width=\"1000\" height=\"546\" srcset=\"data:image\/svg+xml,%3Csvg%20xmlns%3D%27http%3A%2F%2Fwww.w3.org%2F2000%2Fsvg%27%20width%3D%271000%27%20height%3D%27546%27%20viewBox%3D%270%200%201000%20546%27%3E%3Crect%20width%3D%271000%27%20height%3D%27546%27%20fill-opacity%3D%220%22%2F%3E%3C%2Fsvg%3E\" data-srcset=\"https:\/\/i0.wp.com\/www.delongtop.com\/wp-content\/uploads\/2023\/10\/Compatible-Inverter-List-.png?resize=200%2C109&amp;ssl=1 200w, https:\/\/i0.wp.com\/www.delongtop.com\/wp-content\/uploads\/2023\/10\/Compatible-Inverter-List-.png?resize=300%2C164&amp;ssl=1 300w, https:\/\/i0.wp.com\/www.delongtop.com\/wp-content\/uploads\/2023\/10\/Compatible-Inverter-List-.png?resize=400%2C218&amp;ssl=1 400w, https:\/\/i0.wp.com\/www.delongtop.com\/wp-content\/uploads\/2023\/10\/Compatible-Inverter-List-.png?resize=500%2C273&amp;ssl=1 500w, https:\/\/i0.wp.com\/www.delongtop.com\/wp-content\/uploads\/2023\/10\/Compatible-Inverter-List-.png?resize=600%2C328&amp;ssl=1 600w, https:\/\/i0.wp.com\/www.delongtop.com\/wp-content\/uploads\/2023\/10\/Compatible-Inverter-List-.png?resize=700%2C382&amp;ssl=1 700w, https:\/\/i0.wp.com\/www.delongtop.com\/wp-content\/uploads\/2023\/10\/Compatible-Inverter-List-.png?resize=768%2C419&amp;ssl=1 768w, https:\/\/i0.wp.com\/www.delongtop.com\/wp-content\/uploads\/2023\/10\/Compatible-Inverter-List-.png?resize=800%2C437&amp;ssl=1 800w, https:\/\/i0.wp.com\/www.delongtop.com\/wp-content\/uploads\/2023\/10\/Compatible-Inverter-List-.png?w=1000&amp;ssl=1 1000w\" data-sizes=\"auto\" data-orig-sizes=\"(max-width: 1000px) 100vw, 1000px\" \/><p id=\"caption-attachment-21816\" class=\"wp-caption-text\">Liste des onduleurs compatibles<\/p><\/div>\n<p>&nbsp;<\/p>\n<\/div>\n<h3><span style=\"color: #339966;\"><strong><b>\u00c0 propos de Delong Energy<\/b><\/strong><\/span><\/h3>\n<div id=\"attachment_21815\" style=\"width: 1010px\" class=\"wp-caption aligncenter\"><img data-recalc-dims=\"1\" decoding=\"async\" aria-describedby=\"caption-attachment-21815\" class=\"lazyload size-full wp-image-21815\" src=\"https:\/\/i0.wp.com\/www.delongtop.com\/wp-content\/uploads\/2023\/10\/About-Delong-Energy.jpg?resize=1000%2C800&#038;ssl=1\" data-orig-src=\"https:\/\/www.delongtop.com\/wp-content\/uploads\/2023\/10\/About-Delong-Energy.jpg\" alt=\"\u00c0 propos de Delong Energy\" width=\"1000\" height=\"800\" srcset=\"data:image\/svg+xml,%3Csvg%20xmlns%3D%27http%3A%2F%2Fwww.w3.org%2F2000%2Fsvg%27%20width%3D%271000%27%20height%3D%27800%27%20viewBox%3D%270%200%201000%20800%27%3E%3Crect%20width%3D%271000%27%20height%3D%27800%27%20fill-opacity%3D%220%22%2F%3E%3C%2Fsvg%3E\" data-srcset=\"https:\/\/i0.wp.com\/www.delongtop.com\/wp-content\/uploads\/2023\/10\/About-Delong-Energy.jpg?resize=177%2C142&amp;ssl=1 177w, https:\/\/i0.wp.com\/www.delongtop.com\/wp-content\/uploads\/2023\/10\/About-Delong-Energy.jpg?resize=200%2C160&amp;ssl=1 200w, https:\/\/i0.wp.com\/www.delongtop.com\/wp-content\/uploads\/2023\/10\/About-Delong-Energy.jpg?resize=300%2C240&amp;ssl=1 300w, https:\/\/i0.wp.com\/www.delongtop.com\/wp-content\/uploads\/2023\/10\/About-Delong-Energy.jpg?resize=400%2C320&amp;ssl=1 400w, https:\/\/i0.wp.com\/www.delongtop.com\/wp-content\/uploads\/2023\/10\/About-Delong-Energy.jpg?resize=500%2C400&amp;ssl=1 500w, https:\/\/i0.wp.com\/www.delongtop.com\/wp-content\/uploads\/2023\/10\/About-Delong-Energy.jpg?resize=600%2C480&amp;ssl=1 600w, https:\/\/i0.wp.com\/www.delongtop.com\/wp-content\/uploads\/2023\/10\/About-Delong-Energy.jpg?resize=700%2C560&amp;ssl=1 700w, https:\/\/i0.wp.com\/www.delongtop.com\/wp-content\/uploads\/2023\/10\/About-Delong-Energy.jpg?resize=768%2C614&amp;ssl=1 768w, https:\/\/i0.wp.com\/www.delongtop.com\/wp-content\/uploads\/2023\/10\/About-Delong-Energy.jpg?resize=800%2C640&amp;ssl=1 800w, https:\/\/i0.wp.com\/www.delongtop.com\/wp-content\/uploads\/2023\/10\/About-Delong-Energy.jpg?w=1000&amp;ssl=1 1000w\" data-sizes=\"auto\" data-orig-sizes=\"(max-width: 1000px) 100vw, 1000px\" \/><p id=\"caption-attachment-21815\" class=\"wp-caption-text\">\u00c0 propos de Delong Energy<\/p><\/div>\n<p>&nbsp;<\/p>\n<p>&nbsp;<\/p>","protected":false},"excerpt":{"rendered":"<p>2.4kwh 48V 50Ah Batterie solaire murale avec CE \/ UN38.3 \/ MSDS | DL-LFP4850J<\/p>","protected":false},"featured_media":22356,"comment_status":"open","ping_status":"closed","template":"","meta":[],"product_brand":[],"product_cat":[213,100,208],"product_tag":[],"class_list":{"0":"post-21803","1":"product","2":"type-product","3":"status-publish","4":"has-post-thumbnail","6":"product_cat-48v-lithium-battery","7":"product_cat-energy-storage-battery","8":"product_cat-wall-mounted-lithium-battery","10":"first","11":"instock","12":"shipping-taxable","13":"product-type-simple"},"yoast_head":"<!-- This site is optimized with the Yoast SEO plugin v25.0 - https:\/\/yoast.com\/wordpress\/plugins\/seo\/ -->\n<title>48V 50Ah Lifepo4 Battery Pack 2.4kwh Lithium Powerwall DL-LFP4850J - Delong Energy<\/title>\n<meta name=\"description\" content=\"We Supply 48V 50Ah Lifepo4 Battery Packs. The 2.4kwh Lithium Powerwall can be used For Residential Solar Battery Storage.\" \/>\n<meta name=\"robots\" content=\"index, follow, max-snippet:-1, max-image-preview:large, max-video-preview:-1\" \/>\n<link rel=\"canonical\" href=\"https:\/\/www.delongtop.com\/fr\/product\/48v-50ah-lifepo4-battery-pack-2-4kwh-lithium-powerwall-dl-lfp4850j\/\" \/>\n<meta property=\"og:locale\" content=\"fr_FR\" \/>\n<meta property=\"og:type\" content=\"article\" \/>\n<meta property=\"og:title\" content=\"48V 50Ah Lifepo4 Battery Pack 2.4kwh Lithium Powerwall DL-LFP4850J - Delong Energy\" \/>\n<meta property=\"og:description\" content=\"We Supply 48V 50Ah Lifepo4 Battery Packs. The 2.4kwh Lithium Powerwall can be used For Residential Solar Battery Storage.\" \/>\n<meta property=\"og:url\" content=\"https:\/\/www.delongtop.com\/fr\/product\/48v-50ah-lifepo4-battery-pack-2-4kwh-lithium-powerwall-dl-lfp4850j\/\" \/>\n<meta property=\"og:site_name\" content=\"Delong Energy\" \/>\n<meta property=\"article:modified_time\" content=\"2023-12-18T02:58:47+00:00\" \/>\n<meta property=\"og:image\" content=\"https:\/\/i0.wp.com\/www.delongtop.com\/wp-content\/uploads\/2023\/10\/25.6V-200Ah-Lithium-Powerwall-05.jpg?fit=1000%2C1000&ssl=1\" \/>\n\t<meta property=\"og:image:width\" content=\"1000\" \/>\n\t<meta property=\"og:image:height\" content=\"1000\" \/>\n\t<meta property=\"og:image:type\" content=\"image\/jpeg\" \/>\n<meta name=\"twitter:card\" content=\"summary_large_image\" \/>\n<meta name=\"twitter:label1\" content=\"Dur\u00e9e de lecture estim\u00e9e\" \/>\n\t<meta name=\"twitter:data1\" content=\"3 minutes\" \/>\n<script type=\"application\/ld+json\" class=\"yoast-schema-graph\">{\"@context\":\"https:\/\/schema.org\",\"@graph\":[{\"@type\":\"WebPage\",\"@id\":\"https:\/\/www.delongtop.com\/product\/48v-50ah-lifepo4-battery-pack-2-4kwh-lithium-powerwall-dl-lfp4850j\/\",\"url\":\"https:\/\/www.delongtop.com\/product\/48v-50ah-lifepo4-battery-pack-2-4kwh-lithium-powerwall-dl-lfp4850j\/\",\"name\":\"48V 50Ah Lifepo4 Battery Pack 2.4kwh Lithium Powerwall DL-LFP4850J - Delong Energy\",\"isPartOf\":{\"@id\":\"https:\/\/www.delongtop.com\/#website\"},\"primaryImageOfPage\":{\"@id\":\"https:\/\/www.delongtop.com\/product\/48v-50ah-lifepo4-battery-pack-2-4kwh-lithium-powerwall-dl-lfp4850j\/#primaryimage\"},\"image\":{\"@id\":\"https:\/\/www.delongtop.com\/product\/48v-50ah-lifepo4-battery-pack-2-4kwh-lithium-powerwall-dl-lfp4850j\/#primaryimage\"},\"thumbnailUrl\":\"https:\/\/i0.wp.com\/www.delongtop.com\/wp-content\/uploads\/2023\/10\/25.6V-200Ah-Lithium-Powerwall-05.jpg?fit=1000%2C1000&ssl=1\",\"datePublished\":\"2023-10-20T09:45:30+00:00\",\"dateModified\":\"2023-12-18T02:58:47+00:00\",\"description\":\"We Supply 48V 50Ah Lifepo4 Battery Packs. The 2.4kwh Lithium Powerwall can be used For Residential Solar Battery Storage.\",\"breadcrumb\":{\"@id\":\"https:\/\/www.delongtop.com\/product\/48v-50ah-lifepo4-battery-pack-2-4kwh-lithium-powerwall-dl-lfp4850j\/#breadcrumb\"},\"inLanguage\":\"fr-FR\",\"potentialAction\":[{\"@type\":\"ReadAction\",\"target\":[\"https:\/\/www.delongtop.com\/product\/48v-50ah-lifepo4-battery-pack-2-4kwh-lithium-powerwall-dl-lfp4850j\/\"]}]},{\"@type\":\"ImageObject\",\"inLanguage\":\"fr-FR\",\"@id\":\"https:\/\/www.delongtop.com\/product\/48v-50ah-lifepo4-battery-pack-2-4kwh-lithium-powerwall-dl-lfp4850j\/#primaryimage\",\"url\":\"https:\/\/i0.wp.com\/www.delongtop.com\/wp-content\/uploads\/2023\/10\/25.6V-200Ah-Lithium-Powerwall-05.jpg?fit=1000%2C1000&ssl=1\",\"contentUrl\":\"https:\/\/i0.wp.com\/www.delongtop.com\/wp-content\/uploads\/2023\/10\/25.6V-200Ah-Lithium-Powerwall-05.jpg?fit=1000%2C1000&ssl=1\",\"width\":1000,\"height\":1000,\"caption\":\"Lithium Powerwall\"},{\"@type\":\"BreadcrumbList\",\"@id\":\"https:\/\/www.delongtop.com\/product\/48v-50ah-lifepo4-battery-pack-2-4kwh-lithium-powerwall-dl-lfp4850j\/#breadcrumb\",\"itemListElement\":[{\"@type\":\"ListItem\",\"position\":1,\"name\":\"Home\",\"item\":\"https:\/\/www.delongtop.com\/\"},{\"@type\":\"ListItem\",\"position\":2,\"name\":\"Modern Products\",\"item\":\"https:\/\/www.delongtop.com\/products\/\"},{\"@type\":\"ListItem\",\"position\":3,\"name\":\"48V 50Ah Lifepo4 Battery Pack 2.4kwh Lithium Powerwall DL-LFP4850J\"}]},{\"@type\":\"WebSite\",\"@id\":\"https:\/\/www.delongtop.com\/#website\",\"url\":\"https:\/\/www.delongtop.com\/\",\"name\":\"Delong Energy\",\"description\":\"Lithium Ion Battery Manufacturer &amp; Factory In China\",\"potentialAction\":[{\"@type\":\"SearchAction\",\"target\":{\"@type\":\"EntryPoint\",\"urlTemplate\":\"https:\/\/www.delongtop.com\/?s={search_term_string}\"},\"query-input\":{\"@type\":\"PropertyValueSpecification\",\"valueRequired\":true,\"valueName\":\"search_term_string\"}}],\"inLanguage\":\"fr-FR\"}]}<\/script>\n<!-- \/ Yoast SEO plugin. -->","yoast_head_json":{"title":"48V 50Ah Lifepo4 Battery Pack 2.4kwh Lithium Powerwall DL-LFP4850J - Delong Energy","description":"We Supply 48V 50Ah Lifepo4 Battery Packs. The 2.4kwh Lithium Powerwall can be used For Residential Solar Battery Storage.","robots":{"index":"index","follow":"follow","max-snippet":"max-snippet:-1","max-image-preview":"max-image-preview:large","max-video-preview":"max-video-preview:-1"},"canonical":"https:\/\/www.delongtop.com\/fr\/product\/48v-50ah-lifepo4-battery-pack-2-4kwh-lithium-powerwall-dl-lfp4850j\/","og_locale":"fr_FR","og_type":"article","og_title":"48V 50Ah Lifepo4 Battery Pack 2.4kwh Lithium Powerwall DL-LFP4850J - Delong Energy","og_description":"We Supply 48V 50Ah Lifepo4 Battery Packs. The 2.4kwh Lithium Powerwall can be used For Residential Solar Battery Storage.","og_url":"https:\/\/www.delongtop.com\/fr\/product\/48v-50ah-lifepo4-battery-pack-2-4kwh-lithium-powerwall-dl-lfp4850j\/","og_site_name":"Delong Energy","article_modified_time":"2023-12-18T02:58:47+00:00","og_image":[{"width":1000,"height":1000,"url":"https:\/\/i0.wp.com\/www.delongtop.com\/wp-content\/uploads\/2023\/10\/25.6V-200Ah-Lithium-Powerwall-05.jpg?fit=1000%2C1000&ssl=1","type":"image\/jpeg"}],"twitter_card":"summary_large_image","twitter_misc":{"Dur\u00e9e de lecture estim\u00e9e":"3 minutes"},"schema":{"@context":"https:\/\/schema.org","@graph":[{"@type":"WebPage","@id":"https:\/\/www.delongtop.com\/product\/48v-50ah-lifepo4-battery-pack-2-4kwh-lithium-powerwall-dl-lfp4850j\/","url":"https:\/\/www.delongtop.com\/product\/48v-50ah-lifepo4-battery-pack-2-4kwh-lithium-powerwall-dl-lfp4850j\/","name":"48V 50Ah Lifepo4 Battery Pack 2.4kwh Lithium Powerwall DL-LFP4850J - Delong Energy","isPartOf":{"@id":"https:\/\/www.delongtop.com\/#website"},"primaryImageOfPage":{"@id":"https:\/\/www.delongtop.com\/product\/48v-50ah-lifepo4-battery-pack-2-4kwh-lithium-powerwall-dl-lfp4850j\/#primaryimage"},"image":{"@id":"https:\/\/www.delongtop.com\/product\/48v-50ah-lifepo4-battery-pack-2-4kwh-lithium-powerwall-dl-lfp4850j\/#primaryimage"},"thumbnailUrl":"https:\/\/i0.wp.com\/www.delongtop.com\/wp-content\/uploads\/2023\/10\/25.6V-200Ah-Lithium-Powerwall-05.jpg?fit=1000%2C1000&ssl=1","datePublished":"2023-10-20T09:45:30+00:00","dateModified":"2023-12-18T02:58:47+00:00","description":"We Supply 48V 50Ah Lifepo4 Battery Packs. The 2.4kwh Lithium Powerwall can be used For Residential Solar Battery Storage.","breadcrumb":{"@id":"https:\/\/www.delongtop.com\/product\/48v-50ah-lifepo4-battery-pack-2-4kwh-lithium-powerwall-dl-lfp4850j\/#breadcrumb"},"inLanguage":"fr-FR","potentialAction":[{"@type":"ReadAction","target":["https:\/\/www.delongtop.com\/product\/48v-50ah-lifepo4-battery-pack-2-4kwh-lithium-powerwall-dl-lfp4850j\/"]}]},{"@type":"ImageObject","inLanguage":"fr-FR","@id":"https:\/\/www.delongtop.com\/product\/48v-50ah-lifepo4-battery-pack-2-4kwh-lithium-powerwall-dl-lfp4850j\/#primaryimage","url":"https:\/\/i0.wp.com\/www.delongtop.com\/wp-content\/uploads\/2023\/10\/25.6V-200Ah-Lithium-Powerwall-05.jpg?fit=1000%2C1000&ssl=1","contentUrl":"https:\/\/i0.wp.com\/www.delongtop.com\/wp-content\/uploads\/2023\/10\/25.6V-200Ah-Lithium-Powerwall-05.jpg?fit=1000%2C1000&ssl=1","width":1000,"height":1000,"caption":"Lithium Powerwall"},{"@type":"BreadcrumbList","@id":"https:\/\/www.delongtop.com\/product\/48v-50ah-lifepo4-battery-pack-2-4kwh-lithium-powerwall-dl-lfp4850j\/#breadcrumb","itemListElement":[{"@type":"ListItem","position":1,"name":"Home","item":"https:\/\/www.delongtop.com\/"},{"@type":"ListItem","position":2,"name":"Modern Products","item":"https:\/\/www.delongtop.com\/products\/"},{"@type":"ListItem","position":3,"name":"48V 50Ah Lifepo4 Battery Pack 2.4kwh Lithium Powerwall DL-LFP4850J"}]},{"@type":"WebSite","@id":"https:\/\/www.delongtop.com\/#website","url":"https:\/\/www.delongtop.com\/","name":"Delong Energy","description":"Lithium Ion Battery Manufacturer &amp; Factory In China","potentialAction":[{"@type":"SearchAction","target":{"@type":"EntryPoint","urlTemplate":"https:\/\/www.delongtop.com\/?s={search_term_string}"},"query-input":{"@type":"PropertyValueSpecification","valueRequired":true,"valueName":"search_term_string"}}],"inLanguage":"fr-FR"}]}},"jetpack_sharing_enabled":true,"_links":{"self":[{"href":"https:\/\/www.delongtop.com\/fr\/wp-json\/wp\/v2\/product\/21803","targetHints":{"allow":["GET"]}}],"collection":[{"href":"https:\/\/www.delongtop.com\/fr\/wp-json\/wp\/v2\/product"}],"about":[{"href":"https:\/\/www.delongtop.com\/fr\/wp-json\/wp\/v2\/types\/product"}],"replies":[{"embeddable":true,"href":"https:\/\/www.delongtop.com\/fr\/wp-json\/wp\/v2\/comments?post=21803"}],"wp:featuredmedia":[{"embeddable":true,"href":"https:\/\/www.delongtop.com\/fr\/wp-json\/wp\/v2\/media\/22356"}],"wp:attachment":[{"href":"https:\/\/www.delongtop.com\/fr\/wp-json\/wp\/v2\/media?parent=21803"}],"wp:term":[{"taxonomy":"product_brand","embeddable":true,"href":"https:\/\/www.delongtop.com\/fr\/wp-json\/wp\/v2\/product_brand?post=21803"},{"taxonomy":"product_cat","embeddable":true,"href":"https:\/\/www.delongtop.com\/fr\/wp-json\/wp\/v2\/product_cat?post=21803"},{"taxonomy":"product_tag","embeddable":true,"href":"https:\/\/www.delongtop.com\/fr\/wp-json\/wp\/v2\/product_tag?post=21803"}],"curies":[{"name":"wp","href":"https:\/\/api.w.org\/{rel}","templated":true}]}}