{"id":21804,"date":"2023-10-20T09:48:41","date_gmt":"2023-10-20T09:48:41","guid":{"rendered":"https:\/\/www.delongtop.com\/?post_type=product&#038;p=21804"},"modified":"2024-04-18T08:50:12","modified_gmt":"2024-04-18T08:50:12","slug":"51-2v-50ah-2-56kwh-wall-mounted-solar-battery-dl-lfp5150j","status":"publish","type":"product","link":"https:\/\/www.delongtop.com\/fr\/product\/51-2v-50ah-2-56kwh-wall-mounted-solar-battery-dl-lfp5150j\/","title":{"rendered":"51.2V\/48V 50Ah 2.56kwh Batterie solaire murale DL-LFP5150J"},"content":{"rendered":"<div>\n<h3><span style=\"color: #339966;\"><strong><b>51.2V\/48V 50Ah L<\/b><\/strong><strong><b>ifepo4 <\/b><\/strong><strong><b>B<\/b><\/strong><strong><b>art\u00e8re<\/b><\/strong><strong><b>\u00a0Pack 2.56kwh <\/b><\/strong><strong><b>Batterie solaire murale pour le stockage r\u00e9sidentiel de batteries solaires<\/b><\/strong><\/span><\/h3>\n<p>La batterie solaire murale 51,2V 50Ah comprend 16 cellules au phosphate de fer lithi\u00e9 (lifepo4) connect\u00e9es en s\u00e9rie, avec un BMS intelligent int\u00e9gr\u00e9. Elles ont une tension nominale de 51,2V, un courant de 50Ah, et fournissent 2,456kwh d'\u00e9nergie.<\/p>\n<div id=\"attachment_23752\" style=\"width: 1010px\" class=\"wp-caption aligncenter\"><img data-recalc-dims=\"1\" decoding=\"async\" aria-describedby=\"caption-attachment-23752\" class=\"lazyload size-full wp-image-23752\" src=\"https:\/\/i0.wp.com\/www.delongtop.com\/wp-content\/uploads\/2023\/10\/Wall-Mounted-Residential-Solar-Battery-Storage-Solution.jpg.jpg?resize=1000%2C1000&#038;ssl=1\" data-orig-src=\"https:\/\/www.delongtop.com\/wp-content\/uploads\/2023\/10\/Wall-Mounted-Residential-Solar-Battery-Storage-Solution.jpg.jpg\" alt=\"Solution de stockage solaire r\u00e9sidentiel par batterie\" width=\"1000\" height=\"1000\" srcset=\"data:image\/svg+xml,%3Csvg%20xmlns%3D%27http%3A%2F%2Fwww.w3.org%2F2000%2Fsvg%27%20width%3D%271000%27%20height%3D%271000%27%20viewBox%3D%270%200%201000%201000%27%3E%3Crect%20width%3D%271000%27%20height%3D%271000%27%20fill-opacity%3D%220%22%2F%3E%3C%2Fsvg%3E\" data-srcset=\"https:\/\/i0.wp.com\/www.delongtop.com\/wp-content\/uploads\/2023\/10\/Wall-Mounted-Residential-Solar-Battery-Storage-Solution.jpg.jpg?resize=66%2C66&amp;ssl=1 66w, https:\/\/i0.wp.com\/www.delongtop.com\/wp-content\/uploads\/2023\/10\/Wall-Mounted-Residential-Solar-Battery-Storage-Solution.jpg.jpg?resize=100%2C100&amp;ssl=1 100w, https:\/\/i0.wp.com\/www.delongtop.com\/wp-content\/uploads\/2023\/10\/Wall-Mounted-Residential-Solar-Battery-Storage-Solution.jpg.jpg?resize=150%2C150&amp;ssl=1 150w, https:\/\/i0.wp.com\/www.delongtop.com\/wp-content\/uploads\/2023\/10\/Wall-Mounted-Residential-Solar-Battery-Storage-Solution.jpg.jpg?resize=200%2C200&amp;ssl=1 200w, https:\/\/i0.wp.com\/www.delongtop.com\/wp-content\/uploads\/2023\/10\/Wall-Mounted-Residential-Solar-Battery-Storage-Solution.jpg.jpg?resize=300%2C300&amp;ssl=1 300w, https:\/\/i0.wp.com\/www.delongtop.com\/wp-content\/uploads\/2023\/10\/Wall-Mounted-Residential-Solar-Battery-Storage-Solution.jpg.jpg?resize=400%2C400&amp;ssl=1 400w, https:\/\/i0.wp.com\/www.delongtop.com\/wp-content\/uploads\/2023\/10\/Wall-Mounted-Residential-Solar-Battery-Storage-Solution.jpg.jpg?resize=500%2C500&amp;ssl=1 500w, https:\/\/i0.wp.com\/www.delongtop.com\/wp-content\/uploads\/2023\/10\/Wall-Mounted-Residential-Solar-Battery-Storage-Solution.jpg.jpg?resize=600%2C600&amp;ssl=1 600w, https:\/\/i0.wp.com\/www.delongtop.com\/wp-content\/uploads\/2023\/10\/Wall-Mounted-Residential-Solar-Battery-Storage-Solution.jpg.jpg?resize=700%2C700&amp;ssl=1 700w, https:\/\/i0.wp.com\/www.delongtop.com\/wp-content\/uploads\/2023\/10\/Wall-Mounted-Residential-Solar-Battery-Storage-Solution.jpg.jpg?resize=768%2C768&amp;ssl=1 768w, https:\/\/i0.wp.com\/www.delongtop.com\/wp-content\/uploads\/2023\/10\/Wall-Mounted-Residential-Solar-Battery-Storage-Solution.jpg.jpg?resize=800%2C800&amp;ssl=1 800w, https:\/\/i0.wp.com\/www.delongtop.com\/wp-content\/uploads\/2023\/10\/Wall-Mounted-Residential-Solar-Battery-Storage-Solution.jpg.jpg?w=1000&amp;ssl=1 1000w\" data-sizes=\"auto\" data-orig-sizes=\"(max-width: 1000px) 100vw, 1000px\" \/><p id=\"caption-attachment-23752\" class=\"wp-caption-text\">Solution de stockage solaire r\u00e9sidentiel par batterie<\/p><\/div>\n<\/div>\n<h3><span style=\"color: #339966;\"><strong><b>Avantages de la <\/b><\/strong><\/span><span style=\"color: #339966;\"><strong><b>2,56 kWh <\/b><\/strong><strong><b>Batterie solaire murale<\/b><\/strong><\/span><\/h3>\n<p>1. Les propri\u00e9t\u00e9s chimiques du phosphate de fer lithi\u00e9 (lifepo4) font que la batterie est tr\u00e8s stable et n'explose pas, m\u00eame en cas de collision violente, ce qui lui conf\u00e8re d'excellentes performances en mati\u00e8re de s\u00e9curit\u00e9.<\/p>\n<p>2. Avec un <span style=\"color: #339966;\">dur\u00e9e de vie de 6 500<\/span> fois et un <span style=\"color: #339966;\">Garantie apr\u00e8s-vente de 10 ans<\/span>Avec la batterie lifepo4, vous n'aurez plus aucun doute sur son utilisation.<\/p>\n<p>3. Les <span style=\"color: #339966;\">BMS<\/span> d\u00e9velopp\u00e9 par des ing\u00e9nieurs chevronn\u00e9s, g\u00e8re automatiquement l'\u00e9tat de la batterie et fournit de multiples protections.<\/p>\n<p>4. <span style=\"color: #339966;\">RS485 et CAN<\/span> sont compatibles avec de nombreuses marques d'onduleurs.<\/p>\n<p>5. La batterie a une<span style=\"color: #339966;\"> large gamme de temp\u00e9ratures de fonctionnement<\/span> sans beaucoup de restrictions, ce qui le rend plus pratique pour la vie quotidienne et le travail.<\/p>\n<p>6. La batterie solaire murale de 2,56 kWh peut \u00eatre connect\u00e9e en parall\u00e8le pour augmenter la capacit\u00e9 et la puissance.<\/p>\n<p>7. La batterie murale est dot\u00e9e d'un <span style=\"color: #339966;\">conception compacte<\/span>Sa taille et son poids le rendent facile \u00e0 transporter et \u00e0 installer.<\/p>\n<p><img data-recalc-dims=\"1\" decoding=\"async\" class=\"lazyload aligncenter wp-image-23040 size-full\" title=\"Smart BMS\" src=\"https:\/\/i0.wp.com\/www.delongtop.com\/wp-content\/uploads\/2023\/11\/Lithium-Battery-With-BMS.webp?resize=758%2C829&#038;ssl=1\" data-orig-src=\"https:\/\/www.delongtop.com\/wp-content\/uploads\/2023\/11\/Lithium-Battery-With-BMS.webp\" alt=\"\" width=\"758\" height=\"829\" srcset=\"data:image\/svg+xml,%3Csvg%20xmlns%3D%27http%3A%2F%2Fwww.w3.org%2F2000%2Fsvg%27%20width%3D%27758%27%20height%3D%27829%27%20viewBox%3D%270%200%20758%20829%27%3E%3Crect%20width%3D%27758%27%20height%3D%27829%27%20fill-opacity%3D%220%22%2F%3E%3C%2Fsvg%3E\" data-srcset=\"https:\/\/i0.wp.com\/www.delongtop.com\/wp-content\/uploads\/2023\/11\/Lithium-Battery-With-BMS.webp?resize=200%2C219&amp;ssl=1 200w, https:\/\/i0.wp.com\/www.delongtop.com\/wp-content\/uploads\/2023\/11\/Lithium-Battery-With-BMS.webp?resize=274%2C300&amp;ssl=1 274w, https:\/\/i0.wp.com\/www.delongtop.com\/wp-content\/uploads\/2023\/11\/Lithium-Battery-With-BMS.webp?resize=400%2C437&amp;ssl=1 400w, https:\/\/i0.wp.com\/www.delongtop.com\/wp-content\/uploads\/2023\/11\/Lithium-Battery-With-BMS.webp?resize=500%2C547&amp;ssl=1 500w, https:\/\/i0.wp.com\/www.delongtop.com\/wp-content\/uploads\/2023\/11\/Lithium-Battery-With-BMS.webp?resize=600%2C656&amp;ssl=1 600w, https:\/\/i0.wp.com\/www.delongtop.com\/wp-content\/uploads\/2023\/11\/Lithium-Battery-With-BMS.webp?resize=700%2C766&amp;ssl=1 700w, https:\/\/i0.wp.com\/www.delongtop.com\/wp-content\/uploads\/2023\/11\/Lithium-Battery-With-BMS.webp?w=758&amp;ssl=1 758w\" data-sizes=\"auto\" data-orig-sizes=\"(max-width: 758px) 100vw, 758px\" \/><\/p>\n<div>\n<h3><span style=\"color: #339966;\"><strong><b>Liste des onduleurs compatibles <\/b><\/strong><\/span><\/h3>\n<div id=\"attachment_21816\" style=\"width: 1010px\" class=\"wp-caption aligncenter\"><img data-recalc-dims=\"1\" decoding=\"async\" aria-describedby=\"caption-attachment-21816\" class=\"lazyload size-full wp-image-21816\" src=\"https:\/\/i0.wp.com\/www.delongtop.com\/wp-content\/uploads\/2023\/10\/Compatible-Inverter-List-.png?resize=1000%2C546&#038;ssl=1\" data-orig-src=\"https:\/\/www.delongtop.com\/wp-content\/uploads\/2023\/10\/Compatible-Inverter-List-.png\" alt=\"Liste des onduleurs compatibles\" width=\"1000\" height=\"546\" srcset=\"data:image\/svg+xml,%3Csvg%20xmlns%3D%27http%3A%2F%2Fwww.w3.org%2F2000%2Fsvg%27%20width%3D%271000%27%20height%3D%27546%27%20viewBox%3D%270%200%201000%20546%27%3E%3Crect%20width%3D%271000%27%20height%3D%27546%27%20fill-opacity%3D%220%22%2F%3E%3C%2Fsvg%3E\" data-srcset=\"https:\/\/i0.wp.com\/www.delongtop.com\/wp-content\/uploads\/2023\/10\/Compatible-Inverter-List-.png?resize=200%2C109&amp;ssl=1 200w, https:\/\/i0.wp.com\/www.delongtop.com\/wp-content\/uploads\/2023\/10\/Compatible-Inverter-List-.png?resize=300%2C164&amp;ssl=1 300w, https:\/\/i0.wp.com\/www.delongtop.com\/wp-content\/uploads\/2023\/10\/Compatible-Inverter-List-.png?resize=400%2C218&amp;ssl=1 400w, https:\/\/i0.wp.com\/www.delongtop.com\/wp-content\/uploads\/2023\/10\/Compatible-Inverter-List-.png?resize=500%2C273&amp;ssl=1 500w, https:\/\/i0.wp.com\/www.delongtop.com\/wp-content\/uploads\/2023\/10\/Compatible-Inverter-List-.png?resize=600%2C328&amp;ssl=1 600w, https:\/\/i0.wp.com\/www.delongtop.com\/wp-content\/uploads\/2023\/10\/Compatible-Inverter-List-.png?resize=700%2C382&amp;ssl=1 700w, https:\/\/i0.wp.com\/www.delongtop.com\/wp-content\/uploads\/2023\/10\/Compatible-Inverter-List-.png?resize=768%2C419&amp;ssl=1 768w, https:\/\/i0.wp.com\/www.delongtop.com\/wp-content\/uploads\/2023\/10\/Compatible-Inverter-List-.png?resize=800%2C437&amp;ssl=1 800w, https:\/\/i0.wp.com\/www.delongtop.com\/wp-content\/uploads\/2023\/10\/Compatible-Inverter-List-.png?w=1000&amp;ssl=1 1000w\" data-sizes=\"auto\" data-orig-sizes=\"(max-width: 1000px) 100vw, 1000px\" \/><p id=\"caption-attachment-21816\" class=\"wp-caption-text\">Liste des onduleurs compatibles<\/p><\/div>\n<h3><strong style=\"color: #339966;\"><b>Certifications des batteries solaires murales<\/b><\/strong><\/h3>\n<p><img data-recalc-dims=\"1\" decoding=\"async\" class=\"lazyload size-full wp-image-21345 aligncenter\" src=\"https:\/\/i0.wp.com\/www.delongtop.com\/wp-content\/uploads\/2023\/10\/Lithium-Battery-Certification.jpg?resize=1170%2C488\" data-orig-src=\"http:\/\/www.delongtop.com\/wp-content\/uploads\/2023\/10\/Lithium-Battery-Certification.jpg\" alt=\"Certification des piles au lithium\" width=\"1170\" height=\"488\" srcset=\"data:image\/svg+xml,%3Csvg%20xmlns%3D%27http%3A%2F%2Fwww.w3.org%2F2000%2Fsvg%27%20width%3D%271920%27%20height%3D%27800%27%20viewBox%3D%270%200%201920%20800%27%3E%3Crect%20width%3D%271920%27%20height%3D%27800%27%20fill-opacity%3D%220%22%2F%3E%3C%2Fsvg%3E\" data-srcset=\"https:\/\/i0.wp.com\/www.delongtop.com\/wp-content\/uploads\/2023\/10\/Lithium-Battery-Certification.jpg?resize=200%2C83&amp;ssl=1 200w, https:\/\/i0.wp.com\/www.delongtop.com\/wp-content\/uploads\/2023\/10\/Lithium-Battery-Certification.jpg?resize=300%2C125&amp;ssl=1 300w, https:\/\/i0.wp.com\/www.delongtop.com\/wp-content\/uploads\/2023\/10\/Lithium-Battery-Certification.jpg?resize=400%2C167&amp;ssl=1 400w, https:\/\/i0.wp.com\/www.delongtop.com\/wp-content\/uploads\/2023\/10\/Lithium-Battery-Certification.jpg?resize=500%2C208&amp;ssl=1 500w, https:\/\/i0.wp.com\/www.delongtop.com\/wp-content\/uploads\/2023\/10\/Lithium-Battery-Certification.jpg?resize=600%2C250&amp;ssl=1 600w, https:\/\/i0.wp.com\/www.delongtop.com\/wp-content\/uploads\/2023\/10\/Lithium-Battery-Certification.jpg?resize=700%2C292&amp;ssl=1 700w, https:\/\/i0.wp.com\/www.delongtop.com\/wp-content\/uploads\/2023\/10\/Lithium-Battery-Certification.jpg?resize=768%2C320&amp;ssl=1 768w, https:\/\/i0.wp.com\/www.delongtop.com\/wp-content\/uploads\/2023\/10\/Lithium-Battery-Certification.jpg?resize=800%2C333&amp;ssl=1 800w, https:\/\/i0.wp.com\/www.delongtop.com\/wp-content\/uploads\/2023\/10\/Lithium-Battery-Certification.jpg?resize=1024%2C427&amp;ssl=1 1024w, https:\/\/i0.wp.com\/www.delongtop.com\/wp-content\/uploads\/2023\/10\/Lithium-Battery-Certification.jpg?resize=1200%2C500&amp;ssl=1 1200w, https:\/\/i0.wp.com\/www.delongtop.com\/wp-content\/uploads\/2023\/10\/Lithium-Battery-Certification.jpg?resize=1536%2C640&amp;ssl=1 1536w, https:\/\/i0.wp.com\/www.delongtop.com\/wp-content\/uploads\/2023\/10\/Lithium-Battery-Certification.jpg?fit=1920%2C800&amp;ssl=1 1920w\" data-sizes=\"auto\" data-orig-sizes=\"(max-width: 1170px) 100vw, 1170px\" \/><\/p>\n<\/div>\n<h3><span style=\"color: #339966;\"><strong><b>\u00c0 propos de Delong Energy<\/b><\/strong><\/span><\/h3>\n<div id=\"attachment_21815\" style=\"width: 1010px\" class=\"wp-caption aligncenter\"><img data-recalc-dims=\"1\" decoding=\"async\" aria-describedby=\"caption-attachment-21815\" class=\"lazyload size-full wp-image-21815\" src=\"https:\/\/i0.wp.com\/www.delongtop.com\/wp-content\/uploads\/2023\/10\/About-Delong-Energy.jpg?resize=1000%2C800&#038;ssl=1\" data-orig-src=\"https:\/\/www.delongtop.com\/wp-content\/uploads\/2023\/10\/About-Delong-Energy.jpg\" alt=\"\u00c0 propos de Delong Energy\" width=\"1000\" height=\"800\" srcset=\"data:image\/svg+xml,%3Csvg%20xmlns%3D%27http%3A%2F%2Fwww.w3.org%2F2000%2Fsvg%27%20width%3D%271000%27%20height%3D%27800%27%20viewBox%3D%270%200%201000%20800%27%3E%3Crect%20width%3D%271000%27%20height%3D%27800%27%20fill-opacity%3D%220%22%2F%3E%3C%2Fsvg%3E\" data-srcset=\"https:\/\/i0.wp.com\/www.delongtop.com\/wp-content\/uploads\/2023\/10\/About-Delong-Energy.jpg?resize=177%2C142&amp;ssl=1 177w, https:\/\/i0.wp.com\/www.delongtop.com\/wp-content\/uploads\/2023\/10\/About-Delong-Energy.jpg?resize=200%2C160&amp;ssl=1 200w, https:\/\/i0.wp.com\/www.delongtop.com\/wp-content\/uploads\/2023\/10\/About-Delong-Energy.jpg?resize=300%2C240&amp;ssl=1 300w, https:\/\/i0.wp.com\/www.delongtop.com\/wp-content\/uploads\/2023\/10\/About-Delong-Energy.jpg?resize=400%2C320&amp;ssl=1 400w, https:\/\/i0.wp.com\/www.delongtop.com\/wp-content\/uploads\/2023\/10\/About-Delong-Energy.jpg?resize=500%2C400&amp;ssl=1 500w, https:\/\/i0.wp.com\/www.delongtop.com\/wp-content\/uploads\/2023\/10\/About-Delong-Energy.jpg?resize=600%2C480&amp;ssl=1 600w, https:\/\/i0.wp.com\/www.delongtop.com\/wp-content\/uploads\/2023\/10\/About-Delong-Energy.jpg?resize=700%2C560&amp;ssl=1 700w, https:\/\/i0.wp.com\/www.delongtop.com\/wp-content\/uploads\/2023\/10\/About-Delong-Energy.jpg?resize=768%2C614&amp;ssl=1 768w, https:\/\/i0.wp.com\/www.delongtop.com\/wp-content\/uploads\/2023\/10\/About-Delong-Energy.jpg?resize=800%2C640&amp;ssl=1 800w, https:\/\/i0.wp.com\/www.delongtop.com\/wp-content\/uploads\/2023\/10\/About-Delong-Energy.jpg?w=1000&amp;ssl=1 1000w\" data-sizes=\"auto\" data-orig-sizes=\"(max-width: 1000px) 100vw, 1000px\" \/><p id=\"caption-attachment-21815\" class=\"wp-caption-text\">\u00c0 propos de Delong Energy<\/p><\/div>","protected":false},"excerpt":{"rendered":"<p>2.56kwh 51.2V\/48V 50Ah Batterie solaire murale avec CE \/ UN38.3 \/ MSDS | DL-LFP5150J<\/p>","protected":false},"featured_media":21849,"comment_status":"open","ping_status":"closed","template":"","meta":[],"product_brand":[],"product_cat":[100,208],"product_tag":[],"class_list":{"0":"post-21804","1":"product","2":"type-product","3":"status-publish","4":"has-post-thumbnail","6":"product_cat-energy-storage-battery","7":"product_cat-wall-mounted-lithium-battery","9":"first","10":"instock","11":"shipping-taxable","12":"product-type-simple"},"yoast_head":"<!-- This site is optimized with the Yoast SEO plugin v25.0 - https:\/\/yoast.com\/wordpress\/plugins\/seo\/ -->\n<title>51.2V\/48V 50Ah 2.56kwh Wall Mounted Solar Battery DL-LFP5150J - Delong Energy<\/title>\n<meta name=\"description\" content=\"We Supply 51.2V\/48V 50Ah Wall Mounted Solar Battery And OEM \/ODM Service.\" \/>\n<meta name=\"robots\" content=\"index, follow, max-snippet:-1, max-image-preview:large, max-video-preview:-1\" \/>\n<link rel=\"canonical\" href=\"https:\/\/www.delongtop.com\/fr\/product\/51-2v-50ah-2-56kwh-wall-mounted-solar-battery-dl-lfp5150j\/\" \/>\n<meta property=\"og:locale\" content=\"fr_FR\" \/>\n<meta property=\"og:type\" content=\"article\" \/>\n<meta property=\"og:title\" content=\"51.2V\/48V 50Ah 2.56kwh Wall Mounted Solar Battery DL-LFP5150J - Delong Energy\" \/>\n<meta property=\"og:description\" content=\"We Supply 51.2V\/48V 50Ah Wall Mounted Solar Battery And OEM \/ODM Service.\" \/>\n<meta property=\"og:url\" content=\"https:\/\/www.delongtop.com\/fr\/product\/51-2v-50ah-2-56kwh-wall-mounted-solar-battery-dl-lfp5150j\/\" \/>\n<meta property=\"og:site_name\" content=\"Delong Energy\" \/>\n<meta property=\"article:modified_time\" content=\"2024-04-18T08:50:12+00:00\" \/>\n<meta property=\"og:image\" content=\"https:\/\/i0.wp.com\/www.delongtop.com\/wp-content\/uploads\/2023\/10\/51.2V-48V-50Ah-Wall-Mounted-Solar-Battery-1.jpg?fit=1000%2C1000&ssl=1\" \/>\n\t<meta property=\"og:image:width\" content=\"1000\" \/>\n\t<meta property=\"og:image:height\" content=\"1000\" \/>\n\t<meta property=\"og:image:type\" content=\"image\/jpeg\" \/>\n<meta name=\"twitter:card\" content=\"summary_large_image\" \/>\n<meta name=\"twitter:label1\" content=\"Dur\u00e9e de lecture estim\u00e9e\" \/>\n\t<meta name=\"twitter:data1\" content=\"3 minutes\" \/>\n<script type=\"application\/ld+json\" class=\"yoast-schema-graph\">{\"@context\":\"https:\/\/schema.org\",\"@graph\":[{\"@type\":\"WebPage\",\"@id\":\"https:\/\/www.delongtop.com\/product\/51-2v-50ah-2-56kwh-wall-mounted-solar-battery-dl-lfp5150j\/\",\"url\":\"https:\/\/www.delongtop.com\/product\/51-2v-50ah-2-56kwh-wall-mounted-solar-battery-dl-lfp5150j\/\",\"name\":\"51.2V\/48V 50Ah 2.56kwh Wall Mounted Solar Battery DL-LFP5150J - Delong Energy\",\"isPartOf\":{\"@id\":\"https:\/\/www.delongtop.com\/#website\"},\"primaryImageOfPage\":{\"@id\":\"https:\/\/www.delongtop.com\/product\/51-2v-50ah-2-56kwh-wall-mounted-solar-battery-dl-lfp5150j\/#primaryimage\"},\"image\":{\"@id\":\"https:\/\/www.delongtop.com\/product\/51-2v-50ah-2-56kwh-wall-mounted-solar-battery-dl-lfp5150j\/#primaryimage\"},\"thumbnailUrl\":\"https:\/\/i0.wp.com\/www.delongtop.com\/wp-content\/uploads\/2023\/10\/51.2V-48V-50Ah-Wall-Mounted-Solar-Battery-1.jpg?fit=1000%2C1000&ssl=1\",\"datePublished\":\"2023-10-20T09:48:41+00:00\",\"dateModified\":\"2024-04-18T08:50:12+00:00\",\"description\":\"We Supply 51.2V\/48V 50Ah Wall Mounted Solar Battery And OEM \/ODM Service.\",\"breadcrumb\":{\"@id\":\"https:\/\/www.delongtop.com\/product\/51-2v-50ah-2-56kwh-wall-mounted-solar-battery-dl-lfp5150j\/#breadcrumb\"},\"inLanguage\":\"fr-FR\",\"potentialAction\":[{\"@type\":\"ReadAction\",\"target\":[\"https:\/\/www.delongtop.com\/product\/51-2v-50ah-2-56kwh-wall-mounted-solar-battery-dl-lfp5150j\/\"]}]},{\"@type\":\"ImageObject\",\"inLanguage\":\"fr-FR\",\"@id\":\"https:\/\/www.delongtop.com\/product\/51-2v-50ah-2-56kwh-wall-mounted-solar-battery-dl-lfp5150j\/#primaryimage\",\"url\":\"https:\/\/i0.wp.com\/www.delongtop.com\/wp-content\/uploads\/2023\/10\/51.2V-48V-50Ah-Wall-Mounted-Solar-Battery-1.jpg?fit=1000%2C1000&ssl=1\",\"contentUrl\":\"https:\/\/i0.wp.com\/www.delongtop.com\/wp-content\/uploads\/2023\/10\/51.2V-48V-50Ah-Wall-Mounted-Solar-Battery-1.jpg?fit=1000%2C1000&ssl=1\",\"width\":1000,\"height\":1000,\"caption\":\"51.2V\/48V 50Ah 2.56kwh Wall Mounted Solar Battery\"},{\"@type\":\"BreadcrumbList\",\"@id\":\"https:\/\/www.delongtop.com\/product\/51-2v-50ah-2-56kwh-wall-mounted-solar-battery-dl-lfp5150j\/#breadcrumb\",\"itemListElement\":[{\"@type\":\"ListItem\",\"position\":1,\"name\":\"Home\",\"item\":\"https:\/\/www.delongtop.com\/\"},{\"@type\":\"ListItem\",\"position\":2,\"name\":\"Modern Products\",\"item\":\"https:\/\/www.delongtop.com\/products\/\"},{\"@type\":\"ListItem\",\"position\":3,\"name\":\"51.2V\/48V 50Ah 2.56kwh Wall Mounted Solar Battery DL-LFP5150J\"}]},{\"@type\":\"WebSite\",\"@id\":\"https:\/\/www.delongtop.com\/#website\",\"url\":\"https:\/\/www.delongtop.com\/\",\"name\":\"Delong Energy\",\"description\":\"Lithium Ion Battery Manufacturer &amp; Factory In China\",\"potentialAction\":[{\"@type\":\"SearchAction\",\"target\":{\"@type\":\"EntryPoint\",\"urlTemplate\":\"https:\/\/www.delongtop.com\/?s={search_term_string}\"},\"query-input\":{\"@type\":\"PropertyValueSpecification\",\"valueRequired\":true,\"valueName\":\"search_term_string\"}}],\"inLanguage\":\"fr-FR\"}]}<\/script>\n<!-- \/ Yoast SEO plugin. -->","yoast_head_json":{"title":"51.2V\/48V 50Ah 2.56kwh Wall Mounted Solar Battery DL-LFP5150J - Delong Energy","description":"We Supply 51.2V\/48V 50Ah Wall Mounted Solar Battery And OEM \/ODM Service.","robots":{"index":"index","follow":"follow","max-snippet":"max-snippet:-1","max-image-preview":"max-image-preview:large","max-video-preview":"max-video-preview:-1"},"canonical":"https:\/\/www.delongtop.com\/fr\/product\/51-2v-50ah-2-56kwh-wall-mounted-solar-battery-dl-lfp5150j\/","og_locale":"fr_FR","og_type":"article","og_title":"51.2V\/48V 50Ah 2.56kwh Wall Mounted Solar Battery DL-LFP5150J - Delong Energy","og_description":"We Supply 51.2V\/48V 50Ah Wall Mounted Solar Battery And OEM \/ODM Service.","og_url":"https:\/\/www.delongtop.com\/fr\/product\/51-2v-50ah-2-56kwh-wall-mounted-solar-battery-dl-lfp5150j\/","og_site_name":"Delong Energy","article_modified_time":"2024-04-18T08:50:12+00:00","og_image":[{"width":1000,"height":1000,"url":"https:\/\/i0.wp.com\/www.delongtop.com\/wp-content\/uploads\/2023\/10\/51.2V-48V-50Ah-Wall-Mounted-Solar-Battery-1.jpg?fit=1000%2C1000&ssl=1","type":"image\/jpeg"}],"twitter_card":"summary_large_image","twitter_misc":{"Dur\u00e9e de lecture estim\u00e9e":"3 minutes"},"schema":{"@context":"https:\/\/schema.org","@graph":[{"@type":"WebPage","@id":"https:\/\/www.delongtop.com\/product\/51-2v-50ah-2-56kwh-wall-mounted-solar-battery-dl-lfp5150j\/","url":"https:\/\/www.delongtop.com\/product\/51-2v-50ah-2-56kwh-wall-mounted-solar-battery-dl-lfp5150j\/","name":"51.2V\/48V 50Ah 2.56kwh Wall Mounted Solar Battery DL-LFP5150J - Delong Energy","isPartOf":{"@id":"https:\/\/www.delongtop.com\/#website"},"primaryImageOfPage":{"@id":"https:\/\/www.delongtop.com\/product\/51-2v-50ah-2-56kwh-wall-mounted-solar-battery-dl-lfp5150j\/#primaryimage"},"image":{"@id":"https:\/\/www.delongtop.com\/product\/51-2v-50ah-2-56kwh-wall-mounted-solar-battery-dl-lfp5150j\/#primaryimage"},"thumbnailUrl":"https:\/\/i0.wp.com\/www.delongtop.com\/wp-content\/uploads\/2023\/10\/51.2V-48V-50Ah-Wall-Mounted-Solar-Battery-1.jpg?fit=1000%2C1000&ssl=1","datePublished":"2023-10-20T09:48:41+00:00","dateModified":"2024-04-18T08:50:12+00:00","description":"We Supply 51.2V\/48V 50Ah Wall Mounted Solar Battery And OEM \/ODM Service.","breadcrumb":{"@id":"https:\/\/www.delongtop.com\/product\/51-2v-50ah-2-56kwh-wall-mounted-solar-battery-dl-lfp5150j\/#breadcrumb"},"inLanguage":"fr-FR","potentialAction":[{"@type":"ReadAction","target":["https:\/\/www.delongtop.com\/product\/51-2v-50ah-2-56kwh-wall-mounted-solar-battery-dl-lfp5150j\/"]}]},{"@type":"ImageObject","inLanguage":"fr-FR","@id":"https:\/\/www.delongtop.com\/product\/51-2v-50ah-2-56kwh-wall-mounted-solar-battery-dl-lfp5150j\/#primaryimage","url":"https:\/\/i0.wp.com\/www.delongtop.com\/wp-content\/uploads\/2023\/10\/51.2V-48V-50Ah-Wall-Mounted-Solar-Battery-1.jpg?fit=1000%2C1000&ssl=1","contentUrl":"https:\/\/i0.wp.com\/www.delongtop.com\/wp-content\/uploads\/2023\/10\/51.2V-48V-50Ah-Wall-Mounted-Solar-Battery-1.jpg?fit=1000%2C1000&ssl=1","width":1000,"height":1000,"caption":"51.2V\/48V 50Ah 2.56kwh Wall Mounted Solar Battery"},{"@type":"BreadcrumbList","@id":"https:\/\/www.delongtop.com\/product\/51-2v-50ah-2-56kwh-wall-mounted-solar-battery-dl-lfp5150j\/#breadcrumb","itemListElement":[{"@type":"ListItem","position":1,"name":"Home","item":"https:\/\/www.delongtop.com\/"},{"@type":"ListItem","position":2,"name":"Modern Products","item":"https:\/\/www.delongtop.com\/products\/"},{"@type":"ListItem","position":3,"name":"51.2V\/48V 50Ah 2.56kwh Wall Mounted Solar Battery DL-LFP5150J"}]},{"@type":"WebSite","@id":"https:\/\/www.delongtop.com\/#website","url":"https:\/\/www.delongtop.com\/","name":"Delong Energy","description":"Lithium Ion Battery Manufacturer &amp; Factory In China","potentialAction":[{"@type":"SearchAction","target":{"@type":"EntryPoint","urlTemplate":"https:\/\/www.delongtop.com\/?s={search_term_string}"},"query-input":{"@type":"PropertyValueSpecification","valueRequired":true,"valueName":"search_term_string"}}],"inLanguage":"fr-FR"}]}},"jetpack_sharing_enabled":true,"_links":{"self":[{"href":"https:\/\/www.delongtop.com\/fr\/wp-json\/wp\/v2\/product\/21804","targetHints":{"allow":["GET"]}}],"collection":[{"href":"https:\/\/www.delongtop.com\/fr\/wp-json\/wp\/v2\/product"}],"about":[{"href":"https:\/\/www.delongtop.com\/fr\/wp-json\/wp\/v2\/types\/product"}],"replies":[{"embeddable":true,"href":"https:\/\/www.delongtop.com\/fr\/wp-json\/wp\/v2\/comments?post=21804"}],"wp:featuredmedia":[{"embeddable":true,"href":"https:\/\/www.delongtop.com\/fr\/wp-json\/wp\/v2\/media\/21849"}],"wp:attachment":[{"href":"https:\/\/www.delongtop.com\/fr\/wp-json\/wp\/v2\/media?parent=21804"}],"wp:term":[{"taxonomy":"product_brand","embeddable":true,"href":"https:\/\/www.delongtop.com\/fr\/wp-json\/wp\/v2\/product_brand?post=21804"},{"taxonomy":"product_cat","embeddable":true,"href":"https:\/\/www.delongtop.com\/fr\/wp-json\/wp\/v2\/product_cat?post=21804"},{"taxonomy":"product_tag","embeddable":true,"href":"https:\/\/www.delongtop.com\/fr\/wp-json\/wp\/v2\/product_tag?post=21804"}],"curies":[{"name":"wp","href":"https:\/\/api.w.org\/{rel}","templated":true}]}}