{"id":22137,"date":"2023-11-03T09:34:10","date_gmt":"2023-11-03T09:34:10","guid":{"rendered":"https:\/\/www.delongtop.com\/?post_type=product&#038;p=22137"},"modified":"2025-03-07T03:10:36","modified_gmt":"2025-03-07T03:10:36","slug":"25-6v-120ah-3kwh-wall-mount-lithium-battery-ess-dl-lfp25120","status":"publish","type":"product","link":"https:\/\/www.delongtop.com\/fr\/product\/25-6v-120ah-3kwh-wall-mount-lithium-battery-ess-dl-lfp25120\/","title":{"rendered":"25.6V 120Ah 3kwh Wall Mount Lifepo4 Battery ESS DL-LFP25120"},"content":{"rendered":"<h3><span style=\"color: #339966;\"><strong>25.6V 120Ah 3kwh Wall Mount Lifepo4 Battery Powerwall For Solar Energy Storage ESS<\/strong><\/span><\/h3>\n<p>&nbsp;<\/p>\n<p><span style=\"color: #000000;\"><strong><b>Avantage de <\/b><\/strong><strong><b>\u00a0lifepo4 Batterie Powerwall<\/b><\/strong><\/span><\/p>\n<ul>\n<li>Montage mural<\/li>\n<li>BMS int\u00e9gr\u00e9<\/li>\n<li>Densit\u00e9 \u00e9nerg\u00e9tique<\/li>\n<li>Longue dur\u00e9e de vie<\/li>\n<li>Personnalisation de l'assistance<\/li>\n<li>Prise en charge de la connexion parall\u00e8le<\/li>\n<li>Prise en charge des communications avec l'onduleur<\/li>\n<\/ul>\n<p>&nbsp;<\/p>\n<p><strong><b>Application<\/b><\/strong><\/p>\n<ul>\n<li>Stockage d'\u00e9nergie domestique<\/li>\n<li>Syst\u00e8me UPS<\/li>\n<li>Stockage solaire<\/li>\n<li>Office central<\/li>\n<li>Station de base \u00e9metteur-r\u00e9cepteur<\/li>\n<li>Syst\u00e8me d'alimentation \u00e9lectrique<\/li>\n<li>Syst\u00e8mes de t\u00e9l\u00e9communication<\/li>\n<li>\u00c9quipements de communication<\/li>\n<li>Applications de commutation et autres<\/li>\n<\/ul>\n<p>&nbsp;<\/p>\n<p><strong><b>Pourquoi choisir Delong Energy<\/b><\/strong><\/p>\n<p>L'usine de piles au lithium fonctionne g\u00e9n\u00e9ralement depuis 11 ans, avec une qualit\u00e9 en ligne.<\/p>\n<p>Gamme compl\u00e8te de produits : Batteries au lithium 12v\/24v\/\u00e0 96v, syst\u00e8mes de stockage d'\u00e9nergie domestique, batteries de puissance et stockage d'\u00e9nergie portable pour l'ext\u00e9rieur.<\/p>\n<p>Permet de personnaliser la tension de la batterie, le courant, la capacit\u00e9, l'apparence, etc.<\/p>\n<p>Fournir des services OEM, ODM et OBM pour les batteries.<\/p>\n<p>Garantie apr\u00e8s-vente de 10 ans, assistance technique professionnelle.<\/p>","protected":false},"excerpt":{"rendered":"<p>25.6V 120Ah 3kwh Wall Mount Lithium Battery Storage | DL-LFP25120<\/p>","protected":false},"featured_media":22763,"comment_status":"open","ping_status":"closed","template":"","meta":[],"product_brand":[],"product_cat":[100,208],"product_tag":[],"class_list":{"0":"post-22137","1":"product","2":"type-product","3":"status-publish","4":"has-post-thumbnail","6":"product_cat-energy-storage-battery","7":"product_cat-wall-mounted-lithium-battery","9":"first","10":"instock","11":"shipping-taxable","12":"product-type-simple"},"yoast_head":"<!-- This site is optimized with the Yoast SEO plugin v25.0 - https:\/\/yoast.com\/wordpress\/plugins\/seo\/ -->\n<title>25.6V 120Ah 3kwh Wall Mount Lifepo4 Battery ESS DL-LFP25120 - Delong Energy<\/title>\n<meta name=\"description\" content=\"We Are a 48v 200Ah Lifepo4 Battery Factory And Supply 10kwh Powerwall Lithium Battery Energy Storage Systems.\" \/>\n<meta name=\"robots\" content=\"index, follow, max-snippet:-1, max-image-preview:large, max-video-preview:-1\" \/>\n<link rel=\"canonical\" href=\"https:\/\/www.delongtop.com\/fr\/product\/25-6v-120ah-3kwh-wall-mount-lithium-battery-ess-dl-lfp25120\/\" \/>\n<meta property=\"og:locale\" content=\"fr_FR\" \/>\n<meta property=\"og:type\" content=\"article\" \/>\n<meta property=\"og:title\" content=\"25.6V 120Ah 3kwh Wall Mount Lifepo4 Battery ESS DL-LFP25120 - Delong Energy\" \/>\n<meta property=\"og:description\" content=\"We Are a 48v 200Ah Lifepo4 Battery Factory And Supply 10kwh Powerwall Lithium Battery Energy Storage Systems.\" \/>\n<meta property=\"og:url\" content=\"https:\/\/www.delongtop.com\/fr\/product\/25-6v-120ah-3kwh-wall-mount-lithium-battery-ess-dl-lfp25120\/\" \/>\n<meta property=\"og:site_name\" content=\"Delong Energy\" \/>\n<meta property=\"article:modified_time\" content=\"2025-03-07T03:10:36+00:00\" \/>\n<meta property=\"og:image\" content=\"https:\/\/i0.wp.com\/www.delongtop.com\/wp-content\/uploads\/2023\/11\/Wall-Mount-Lifepo4-Battery-Vertical-04.jpg?fit=1000%2C1000&ssl=1\" \/>\n\t<meta property=\"og:image:width\" content=\"1000\" \/>\n\t<meta property=\"og:image:height\" content=\"1000\" \/>\n\t<meta property=\"og:image:type\" content=\"image\/jpeg\" \/>\n<meta name=\"twitter:card\" content=\"summary_large_image\" \/>\n<meta name=\"twitter:label1\" content=\"Dur\u00e9e de lecture estim\u00e9e\" \/>\n\t<meta name=\"twitter:data1\" content=\"1 minute\" \/>\n<script type=\"application\/ld+json\" class=\"yoast-schema-graph\">{\"@context\":\"https:\/\/schema.org\",\"@graph\":[{\"@type\":\"WebPage\",\"@id\":\"https:\/\/www.delongtop.com\/product\/25-6v-120ah-3kwh-wall-mount-lithium-battery-ess-dl-lfp25120\/\",\"url\":\"https:\/\/www.delongtop.com\/product\/25-6v-120ah-3kwh-wall-mount-lithium-battery-ess-dl-lfp25120\/\",\"name\":\"25.6V 120Ah 3kwh Wall Mount Lifepo4 Battery ESS DL-LFP25120 - Delong Energy\",\"isPartOf\":{\"@id\":\"https:\/\/www.delongtop.com\/#website\"},\"primaryImageOfPage\":{\"@id\":\"https:\/\/www.delongtop.com\/product\/25-6v-120ah-3kwh-wall-mount-lithium-battery-ess-dl-lfp25120\/#primaryimage\"},\"image\":{\"@id\":\"https:\/\/www.delongtop.com\/product\/25-6v-120ah-3kwh-wall-mount-lithium-battery-ess-dl-lfp25120\/#primaryimage\"},\"thumbnailUrl\":\"https:\/\/i0.wp.com\/www.delongtop.com\/wp-content\/uploads\/2023\/11\/Wall-Mount-Lifepo4-Battery-Vertical-04.jpg?fit=1000%2C1000&ssl=1\",\"datePublished\":\"2023-11-03T09:34:10+00:00\",\"dateModified\":\"2025-03-07T03:10:36+00:00\",\"description\":\"We Are a 48v 200Ah Lifepo4 Battery Factory And Supply 10kwh Powerwall Lithium Battery Energy Storage Systems.\",\"breadcrumb\":{\"@id\":\"https:\/\/www.delongtop.com\/product\/25-6v-120ah-3kwh-wall-mount-lithium-battery-ess-dl-lfp25120\/#breadcrumb\"},\"inLanguage\":\"fr-FR\",\"potentialAction\":[{\"@type\":\"ReadAction\",\"target\":[\"https:\/\/www.delongtop.com\/product\/25-6v-120ah-3kwh-wall-mount-lithium-battery-ess-dl-lfp25120\/\"]}]},{\"@type\":\"ImageObject\",\"inLanguage\":\"fr-FR\",\"@id\":\"https:\/\/www.delongtop.com\/product\/25-6v-120ah-3kwh-wall-mount-lithium-battery-ess-dl-lfp25120\/#primaryimage\",\"url\":\"https:\/\/i0.wp.com\/www.delongtop.com\/wp-content\/uploads\/2023\/11\/Wall-Mount-Lifepo4-Battery-Vertical-04.jpg?fit=1000%2C1000&ssl=1\",\"contentUrl\":\"https:\/\/i0.wp.com\/www.delongtop.com\/wp-content\/uploads\/2023\/11\/Wall-Mount-Lifepo4-Battery-Vertical-04.jpg?fit=1000%2C1000&ssl=1\",\"width\":1000,\"height\":1000,\"caption\":\"Wall Mount Lifepo4 Battery\"},{\"@type\":\"BreadcrumbList\",\"@id\":\"https:\/\/www.delongtop.com\/product\/25-6v-120ah-3kwh-wall-mount-lithium-battery-ess-dl-lfp25120\/#breadcrumb\",\"itemListElement\":[{\"@type\":\"ListItem\",\"position\":1,\"name\":\"Home\",\"item\":\"https:\/\/www.delongtop.com\/\"},{\"@type\":\"ListItem\",\"position\":2,\"name\":\"Modern Products\",\"item\":\"https:\/\/www.delongtop.com\/products\/\"},{\"@type\":\"ListItem\",\"position\":3,\"name\":\"25.6V 120Ah 3kwh Wall Mount Lifepo4 Battery ESS DL-LFP25120\"}]},{\"@type\":\"WebSite\",\"@id\":\"https:\/\/www.delongtop.com\/#website\",\"url\":\"https:\/\/www.delongtop.com\/\",\"name\":\"Delong Energy\",\"description\":\"Lithium Ion Battery Manufacturer &amp; Factory In China\",\"potentialAction\":[{\"@type\":\"SearchAction\",\"target\":{\"@type\":\"EntryPoint\",\"urlTemplate\":\"https:\/\/www.delongtop.com\/?s={search_term_string}\"},\"query-input\":{\"@type\":\"PropertyValueSpecification\",\"valueRequired\":true,\"valueName\":\"search_term_string\"}}],\"inLanguage\":\"fr-FR\"}]}<\/script>\n<!-- \/ Yoast SEO plugin. -->","yoast_head_json":{"title":"25.6V 120Ah 3kwh Wall Mount Lifepo4 Battery ESS DL-LFP25120 - Delong Energy","description":"We Are a 48v 200Ah Lifepo4 Battery Factory And Supply 10kwh Powerwall Lithium Battery Energy Storage Systems.","robots":{"index":"index","follow":"follow","max-snippet":"max-snippet:-1","max-image-preview":"max-image-preview:large","max-video-preview":"max-video-preview:-1"},"canonical":"https:\/\/www.delongtop.com\/fr\/product\/25-6v-120ah-3kwh-wall-mount-lithium-battery-ess-dl-lfp25120\/","og_locale":"fr_FR","og_type":"article","og_title":"25.6V 120Ah 3kwh Wall Mount Lifepo4 Battery ESS DL-LFP25120 - Delong Energy","og_description":"We Are a 48v 200Ah Lifepo4 Battery Factory And Supply 10kwh Powerwall Lithium Battery Energy Storage Systems.","og_url":"https:\/\/www.delongtop.com\/fr\/product\/25-6v-120ah-3kwh-wall-mount-lithium-battery-ess-dl-lfp25120\/","og_site_name":"Delong Energy","article_modified_time":"2025-03-07T03:10:36+00:00","og_image":[{"width":1000,"height":1000,"url":"https:\/\/i0.wp.com\/www.delongtop.com\/wp-content\/uploads\/2023\/11\/Wall-Mount-Lifepo4-Battery-Vertical-04.jpg?fit=1000%2C1000&ssl=1","type":"image\/jpeg"}],"twitter_card":"summary_large_image","twitter_misc":{"Dur\u00e9e de lecture estim\u00e9e":"1 minute"},"schema":{"@context":"https:\/\/schema.org","@graph":[{"@type":"WebPage","@id":"https:\/\/www.delongtop.com\/product\/25-6v-120ah-3kwh-wall-mount-lithium-battery-ess-dl-lfp25120\/","url":"https:\/\/www.delongtop.com\/product\/25-6v-120ah-3kwh-wall-mount-lithium-battery-ess-dl-lfp25120\/","name":"25.6V 120Ah 3kwh Wall Mount Lifepo4 Battery ESS DL-LFP25120 - Delong Energy","isPartOf":{"@id":"https:\/\/www.delongtop.com\/#website"},"primaryImageOfPage":{"@id":"https:\/\/www.delongtop.com\/product\/25-6v-120ah-3kwh-wall-mount-lithium-battery-ess-dl-lfp25120\/#primaryimage"},"image":{"@id":"https:\/\/www.delongtop.com\/product\/25-6v-120ah-3kwh-wall-mount-lithium-battery-ess-dl-lfp25120\/#primaryimage"},"thumbnailUrl":"https:\/\/i0.wp.com\/www.delongtop.com\/wp-content\/uploads\/2023\/11\/Wall-Mount-Lifepo4-Battery-Vertical-04.jpg?fit=1000%2C1000&ssl=1","datePublished":"2023-11-03T09:34:10+00:00","dateModified":"2025-03-07T03:10:36+00:00","description":"We Are a 48v 200Ah Lifepo4 Battery Factory And Supply 10kwh Powerwall Lithium Battery Energy Storage Systems.","breadcrumb":{"@id":"https:\/\/www.delongtop.com\/product\/25-6v-120ah-3kwh-wall-mount-lithium-battery-ess-dl-lfp25120\/#breadcrumb"},"inLanguage":"fr-FR","potentialAction":[{"@type":"ReadAction","target":["https:\/\/www.delongtop.com\/product\/25-6v-120ah-3kwh-wall-mount-lithium-battery-ess-dl-lfp25120\/"]}]},{"@type":"ImageObject","inLanguage":"fr-FR","@id":"https:\/\/www.delongtop.com\/product\/25-6v-120ah-3kwh-wall-mount-lithium-battery-ess-dl-lfp25120\/#primaryimage","url":"https:\/\/i0.wp.com\/www.delongtop.com\/wp-content\/uploads\/2023\/11\/Wall-Mount-Lifepo4-Battery-Vertical-04.jpg?fit=1000%2C1000&ssl=1","contentUrl":"https:\/\/i0.wp.com\/www.delongtop.com\/wp-content\/uploads\/2023\/11\/Wall-Mount-Lifepo4-Battery-Vertical-04.jpg?fit=1000%2C1000&ssl=1","width":1000,"height":1000,"caption":"Wall Mount Lifepo4 Battery"},{"@type":"BreadcrumbList","@id":"https:\/\/www.delongtop.com\/product\/25-6v-120ah-3kwh-wall-mount-lithium-battery-ess-dl-lfp25120\/#breadcrumb","itemListElement":[{"@type":"ListItem","position":1,"name":"Home","item":"https:\/\/www.delongtop.com\/"},{"@type":"ListItem","position":2,"name":"Modern Products","item":"https:\/\/www.delongtop.com\/products\/"},{"@type":"ListItem","position":3,"name":"25.6V 120Ah 3kwh Wall Mount Lifepo4 Battery ESS DL-LFP25120"}]},{"@type":"WebSite","@id":"https:\/\/www.delongtop.com\/#website","url":"https:\/\/www.delongtop.com\/","name":"Delong Energy","description":"Lithium Ion Battery Manufacturer &amp; Factory In China","potentialAction":[{"@type":"SearchAction","target":{"@type":"EntryPoint","urlTemplate":"https:\/\/www.delongtop.com\/?s={search_term_string}"},"query-input":{"@type":"PropertyValueSpecification","valueRequired":true,"valueName":"search_term_string"}}],"inLanguage":"fr-FR"}]}},"jetpack_sharing_enabled":true,"_links":{"self":[{"href":"https:\/\/www.delongtop.com\/fr\/wp-json\/wp\/v2\/product\/22137","targetHints":{"allow":["GET"]}}],"collection":[{"href":"https:\/\/www.delongtop.com\/fr\/wp-json\/wp\/v2\/product"}],"about":[{"href":"https:\/\/www.delongtop.com\/fr\/wp-json\/wp\/v2\/types\/product"}],"replies":[{"embeddable":true,"href":"https:\/\/www.delongtop.com\/fr\/wp-json\/wp\/v2\/comments?post=22137"}],"wp:featuredmedia":[{"embeddable":true,"href":"https:\/\/www.delongtop.com\/fr\/wp-json\/wp\/v2\/media\/22763"}],"wp:attachment":[{"href":"https:\/\/www.delongtop.com\/fr\/wp-json\/wp\/v2\/media?parent=22137"}],"wp:term":[{"taxonomy":"product_brand","embeddable":true,"href":"https:\/\/www.delongtop.com\/fr\/wp-json\/wp\/v2\/product_brand?post=22137"},{"taxonomy":"product_cat","embeddable":true,"href":"https:\/\/www.delongtop.com\/fr\/wp-json\/wp\/v2\/product_cat?post=22137"},{"taxonomy":"product_tag","embeddable":true,"href":"https:\/\/www.delongtop.com\/fr\/wp-json\/wp\/v2\/product_tag?post=22137"}],"curies":[{"name":"wp","href":"https:\/\/api.w.org\/{rel}","templated":true}]}}