{"id":22553,"date":"2023-11-23T15:05:08","date_gmt":"2023-11-23T15:05:08","guid":{"rendered":"https:\/\/www.delongtop.com\/?post_type=product&#038;p=22553"},"modified":"2024-01-08T06:32:21","modified_gmt":"2024-01-08T06:32:21","slug":"51-2v-50ah-lifepo4-golf-cart-battery-dl-gp5150","status":"publish","type":"product","link":"https:\/\/www.delongtop.com\/fr\/product\/51-2v-50ah-lifepo4-golf-cart-battery-dl-gp5150\/","title":{"rendered":"51.2V 50Ah LiFePO4 Golf Cart Battery DL-GP5150"},"content":{"rendered":"<div>\n<h2><strong><span style=\"color: #339966;\">51.2V\/48V 50Ah LiFePO4 Golf Cart Battery DL-GP5150<\/span><\/strong><\/h2>\n<\/div>\n<p>La DL-GP5150 est une batterie au lithium sp\u00e9cialement con\u00e7ue pour les voiturettes de golf, qui peut fournir 2560Wh d'\u00e9nergie, avec une tension et un courant de 51,2V et 50AH, respectivement. Elle est \u00e9galement appel\u00e9e batterie au lithium 48V 50Ah.<\/p>\n<div id=\"attachment_22885\" style=\"width: 810px\" class=\"wp-caption aligncenter\"><img data-recalc-dims=\"1\" decoding=\"async\" aria-describedby=\"caption-attachment-22885\" class=\"lazyload wp-image-22885 size-fusion-800\" title=\"Batterie Lifepo4 pour voiturette de golf\" src=\"https:\/\/i0.wp.com\/www.delongtop.com\/wp-content\/uploads\/2023\/11\/36V-48V-72V-Golf-Cart-Lifepo4-Battery-Customized.jpg?resize=800%2C800&#038;ssl=1\" data-orig-src=\"https:\/\/www.delongtop.com\/wp-content\/uploads\/2023\/11\/36V-48V-72V-Golf-Cart-Lifepo4-Battery-Customized-800x800.jpg\" alt=\"36V 48V 72V Golf Cart Lifepo4 Battery Customized\" width=\"800\" height=\"800\" srcset=\"data:image\/svg+xml,%3Csvg%20xmlns%3D%27http%3A%2F%2Fwww.w3.org%2F2000%2Fsvg%27%20width%3D%27800%27%20height%3D%27800%27%20viewBox%3D%270%200%20800%20800%27%3E%3Crect%20width%3D%27800%27%20height%3D%27800%27%20fill-opacity%3D%220%22%2F%3E%3C%2Fsvg%3E\" data-srcset=\"https:\/\/i0.wp.com\/www.delongtop.com\/wp-content\/uploads\/2023\/11\/36V-48V-72V-Golf-Cart-Lifepo4-Battery-Customized.jpg?resize=66%2C66&amp;ssl=1 66w, https:\/\/i0.wp.com\/www.delongtop.com\/wp-content\/uploads\/2023\/11\/36V-48V-72V-Golf-Cart-Lifepo4-Battery-Customized.jpg?resize=100%2C100&amp;ssl=1 100w, https:\/\/i0.wp.com\/www.delongtop.com\/wp-content\/uploads\/2023\/11\/36V-48V-72V-Golf-Cart-Lifepo4-Battery-Customized.jpg?resize=150%2C150&amp;ssl=1 150w, https:\/\/i0.wp.com\/www.delongtop.com\/wp-content\/uploads\/2023\/11\/36V-48V-72V-Golf-Cart-Lifepo4-Battery-Customized.jpg?resize=200%2C200&amp;ssl=1 200w, https:\/\/i0.wp.com\/www.delongtop.com\/wp-content\/uploads\/2023\/11\/36V-48V-72V-Golf-Cart-Lifepo4-Battery-Customized.jpg?resize=300%2C300&amp;ssl=1 300w, https:\/\/i0.wp.com\/www.delongtop.com\/wp-content\/uploads\/2023\/11\/36V-48V-72V-Golf-Cart-Lifepo4-Battery-Customized.jpg?resize=400%2C400&amp;ssl=1 400w, https:\/\/i0.wp.com\/www.delongtop.com\/wp-content\/uploads\/2023\/11\/36V-48V-72V-Golf-Cart-Lifepo4-Battery-Customized.jpg?resize=500%2C500&amp;ssl=1 500w, https:\/\/i0.wp.com\/www.delongtop.com\/wp-content\/uploads\/2023\/11\/36V-48V-72V-Golf-Cart-Lifepo4-Battery-Customized.jpg?resize=600%2C600&amp;ssl=1 600w, https:\/\/i0.wp.com\/www.delongtop.com\/wp-content\/uploads\/2023\/11\/36V-48V-72V-Golf-Cart-Lifepo4-Battery-Customized.jpg?resize=700%2C700&amp;ssl=1 700w, https:\/\/i0.wp.com\/www.delongtop.com\/wp-content\/uploads\/2023\/11\/36V-48V-72V-Golf-Cart-Lifepo4-Battery-Customized.jpg?resize=768%2C768&amp;ssl=1 768w, https:\/\/i0.wp.com\/www.delongtop.com\/wp-content\/uploads\/2023\/11\/36V-48V-72V-Golf-Cart-Lifepo4-Battery-Customized.jpg?resize=800%2C800&amp;ssl=1 800w, https:\/\/i0.wp.com\/www.delongtop.com\/wp-content\/uploads\/2023\/11\/36V-48V-72V-Golf-Cart-Lifepo4-Battery-Customized.jpg?w=1000&amp;ssl=1 1000w\" data-sizes=\"auto\" data-orig-sizes=\"(max-width: 800px) 100vw, 800px\" \/><p id=\"caption-attachment-22885\" class=\"wp-caption-text\">36V 48V 72V Golf Cart Lifepo4 Battery Customized<\/p><\/div>\n<p>La batterie au lithium 48V 50Ah utilise des mat\u00e9riaux bien connus. <a href=\"https:\/\/www.delongtop.com\/fr\/what-is-a-lifepo4-battery\/\" target=\"_blank\" rel=\"noopener\">piles au phosphate de fer lithi\u00e9<\/a>Ce qui lui conf\u00e8re une densit\u00e9 \u00e9nerg\u00e9tique \u00e9lev\u00e9e et la capacit\u00e9 de fournir de l'\u00e9nergie aux voiturettes de golf de mani\u00e8re continue pendant une longue p\u00e9riode. En outre, son cycle de vie peut d\u00e9passer 6 500 fois. Les caract\u00e9ristiques du phosphate de fer lithi\u00e9 lui permettent \u00e9galement de s'adapter \u00e0 l'environnement des chariots de golf, et il fonctionne parfaitement, m\u00eame \u00e0 des temp\u00e9ratures \u00e9lev\u00e9es, en conservant des performances exceptionnelles. Ces donn\u00e9es correspondent \u00e0 ce qu'une excellente batterie au lithium-phosphate de fer doit poss\u00e9der.<\/p>\n<div id=\"attachment_22891\" style=\"width: 810px\" class=\"wp-caption aligncenter\"><img data-recalc-dims=\"1\" decoding=\"async\" aria-describedby=\"caption-attachment-22891\" class=\"lazyload wp-image-22891 size-fusion-800\" src=\"https:\/\/i0.wp.com\/www.delongtop.com\/wp-content\/uploads\/2023\/11\/Lithium-Golf-Cart-Battery-Built-In-BMS.jpg?resize=800%2C800&#038;ssl=1\" data-orig-src=\"https:\/\/www.delongtop.com\/wp-content\/uploads\/2023\/11\/Lithium-Golf-Cart-Battery-Built-In-BMS-800x800.jpg\" alt=\"Batterie de voiturette de golf au lithium avec BMS int\u00e9gr\u00e9\" width=\"800\" height=\"800\" srcset=\"data:image\/svg+xml,%3Csvg%20xmlns%3D%27http%3A%2F%2Fwww.w3.org%2F2000%2Fsvg%27%20width%3D%27800%27%20height%3D%27800%27%20viewBox%3D%270%200%20800%20800%27%3E%3Crect%20width%3D%27800%27%20height%3D%27800%27%20fill-opacity%3D%220%22%2F%3E%3C%2Fsvg%3E\" data-srcset=\"https:\/\/i0.wp.com\/www.delongtop.com\/wp-content\/uploads\/2023\/11\/Lithium-Golf-Cart-Battery-Built-In-BMS.jpg?resize=66%2C66&amp;ssl=1 66w, https:\/\/i0.wp.com\/www.delongtop.com\/wp-content\/uploads\/2023\/11\/Lithium-Golf-Cart-Battery-Built-In-BMS.jpg?resize=100%2C100&amp;ssl=1 100w, https:\/\/i0.wp.com\/www.delongtop.com\/wp-content\/uploads\/2023\/11\/Lithium-Golf-Cart-Battery-Built-In-BMS.jpg?resize=150%2C150&amp;ssl=1 150w, https:\/\/i0.wp.com\/www.delongtop.com\/wp-content\/uploads\/2023\/11\/Lithium-Golf-Cart-Battery-Built-In-BMS.jpg?resize=200%2C200&amp;ssl=1 200w, https:\/\/i0.wp.com\/www.delongtop.com\/wp-content\/uploads\/2023\/11\/Lithium-Golf-Cart-Battery-Built-In-BMS.jpg?resize=300%2C300&amp;ssl=1 300w, https:\/\/i0.wp.com\/www.delongtop.com\/wp-content\/uploads\/2023\/11\/Lithium-Golf-Cart-Battery-Built-In-BMS.jpg?resize=400%2C400&amp;ssl=1 400w, https:\/\/i0.wp.com\/www.delongtop.com\/wp-content\/uploads\/2023\/11\/Lithium-Golf-Cart-Battery-Built-In-BMS.jpg?resize=500%2C500&amp;ssl=1 500w, https:\/\/i0.wp.com\/www.delongtop.com\/wp-content\/uploads\/2023\/11\/Lithium-Golf-Cart-Battery-Built-In-BMS.jpg?resize=600%2C600&amp;ssl=1 600w, https:\/\/i0.wp.com\/www.delongtop.com\/wp-content\/uploads\/2023\/11\/Lithium-Golf-Cart-Battery-Built-In-BMS.jpg?resize=700%2C700&amp;ssl=1 700w, https:\/\/i0.wp.com\/www.delongtop.com\/wp-content\/uploads\/2023\/11\/Lithium-Golf-Cart-Battery-Built-In-BMS.jpg?resize=768%2C768&amp;ssl=1 768w, https:\/\/i0.wp.com\/www.delongtop.com\/wp-content\/uploads\/2023\/11\/Lithium-Golf-Cart-Battery-Built-In-BMS.jpg?resize=800%2C800&amp;ssl=1 800w, https:\/\/i0.wp.com\/www.delongtop.com\/wp-content\/uploads\/2023\/11\/Lithium-Golf-Cart-Battery-Built-In-BMS.jpg?w=1000&amp;ssl=1 1000w\" data-sizes=\"auto\" data-orig-sizes=\"(max-width: 800px) 100vw, 800px\" \/><p id=\"caption-attachment-22891\" class=\"wp-caption-text\">Batterie de voiturette de golf au lithium avec BMS int\u00e9gr\u00e9<\/p><\/div>\n<p>&nbsp;<\/p>\n<h2><span style=\"color: #339966;\"><strong><b>DL-GP5150<\/b><\/strong><strong><b>\u00a0<\/b><\/strong><strong><b>Champ d'application<\/b><\/strong><\/span><\/h2>\n<p>Outre les voiturettes de golf, cette excellente batterie lithium-phosphate de fer 48V 50Ah peut \u00e9galement \u00eatre utilis\u00e9e dans les AGV, les chariots \u00e9l\u00e9vateurs \u00e0 fourche, les bateaux \u00e9lectriques et d'autres \u00e9quipements qui n\u00e9cessitent une puissance \u00e9lev\u00e9e instantan\u00e9e.<\/p>\n<div id=\"attachment_22897\" style=\"width: 810px\" class=\"wp-caption aligncenter\"><img data-recalc-dims=\"1\" decoding=\"async\" aria-describedby=\"caption-attachment-22897\" class=\"lazyload wp-image-22897 size-fusion-800\" title=\"Applications des piles au lithium\" src=\"https:\/\/i0.wp.com\/www.delongtop.com\/wp-content\/uploads\/2023\/11\/Lithium-Power-Battery-Application.jpg?resize=800%2C800&#038;ssl=1\" data-orig-src=\"https:\/\/www.delongtop.com\/wp-content\/uploads\/2023\/11\/Lithium-Power-Battery-Application-800x800.jpg\" alt=\"Applications des piles au lithium\" width=\"800\" height=\"800\" srcset=\"data:image\/svg+xml,%3Csvg%20xmlns%3D%27http%3A%2F%2Fwww.w3.org%2F2000%2Fsvg%27%20width%3D%27800%27%20height%3D%27800%27%20viewBox%3D%270%200%20800%20800%27%3E%3Crect%20width%3D%27800%27%20height%3D%27800%27%20fill-opacity%3D%220%22%2F%3E%3C%2Fsvg%3E\" data-srcset=\"https:\/\/i0.wp.com\/www.delongtop.com\/wp-content\/uploads\/2023\/11\/Lithium-Power-Battery-Application.jpg?resize=66%2C66&amp;ssl=1 66w, https:\/\/i0.wp.com\/www.delongtop.com\/wp-content\/uploads\/2023\/11\/Lithium-Power-Battery-Application.jpg?resize=100%2C100&amp;ssl=1 100w, https:\/\/i0.wp.com\/www.delongtop.com\/wp-content\/uploads\/2023\/11\/Lithium-Power-Battery-Application.jpg?resize=150%2C150&amp;ssl=1 150w, https:\/\/i0.wp.com\/www.delongtop.com\/wp-content\/uploads\/2023\/11\/Lithium-Power-Battery-Application.jpg?resize=200%2C200&amp;ssl=1 200w, https:\/\/i0.wp.com\/www.delongtop.com\/wp-content\/uploads\/2023\/11\/Lithium-Power-Battery-Application.jpg?resize=300%2C300&amp;ssl=1 300w, https:\/\/i0.wp.com\/www.delongtop.com\/wp-content\/uploads\/2023\/11\/Lithium-Power-Battery-Application.jpg?resize=400%2C400&amp;ssl=1 400w, https:\/\/i0.wp.com\/www.delongtop.com\/wp-content\/uploads\/2023\/11\/Lithium-Power-Battery-Application.jpg?resize=500%2C500&amp;ssl=1 500w, https:\/\/i0.wp.com\/www.delongtop.com\/wp-content\/uploads\/2023\/11\/Lithium-Power-Battery-Application.jpg?resize=600%2C600&amp;ssl=1 600w, https:\/\/i0.wp.com\/www.delongtop.com\/wp-content\/uploads\/2023\/11\/Lithium-Power-Battery-Application.jpg?resize=700%2C700&amp;ssl=1 700w, https:\/\/i0.wp.com\/www.delongtop.com\/wp-content\/uploads\/2023\/11\/Lithium-Power-Battery-Application.jpg?resize=768%2C768&amp;ssl=1 768w, https:\/\/i0.wp.com\/www.delongtop.com\/wp-content\/uploads\/2023\/11\/Lithium-Power-Battery-Application.jpg?resize=800%2C800&amp;ssl=1 800w, https:\/\/i0.wp.com\/www.delongtop.com\/wp-content\/uploads\/2023\/11\/Lithium-Power-Battery-Application.jpg?w=1000&amp;ssl=1 1000w\" data-sizes=\"auto\" data-orig-sizes=\"(max-width: 800px) 100vw, 800px\" \/><p id=\"caption-attachment-22897\" class=\"wp-caption-text\">Applications des piles au lithium<\/p><\/div>\n<h2><span style=\"color: #339966;\"><strong><b>Plusieurs autres batteries de voiturettes de golf<\/b><\/strong><\/span><\/h2>\n<p>Batterie Lifepo4 51.2V 50Ah - <a href=\"https:\/\/www.delongtop.com\/fr\/product\/51-2v-100ah-lifepo4-golf-cart-battery-dl-gp51100\/\" target=\"_blank\" rel=\"noopener\">DL-GP5100<\/a><\/p>\n<p>Batterie Lifepo4 51.2V 100Ah - <a href=\"https:\/\/www.delongtop.com\/fr\/product\/51-2v-48v-150ah-lifepo4-golf-cart-battery-dl-gp51150\/\" target=\"_blank\" rel=\"noopener\">DL-GP51150<\/a><\/p>\n<p>51.2V 150Ah Lifepo4 Battery - <a href=\"https:\/\/www.delongtop.com\/fr\/product\/51-2v-48v-200ah-lifepo4-golf-cart-battery-dl-gp51200\/\" target=\"_blank\" rel=\"noopener\">DL-GP51200<\/a><\/p>\n<h2><span style=\"color: #339966;\"><strong>Batterie personnalis\u00e9e<\/strong><\/span><\/h2>\n<p>Votre v\u00e9hicule peut n\u00e9cessiter l'intervention d'un professionnel <a href=\"https:\/\/www.delongtop.com\/fr\/oem-odm\/\" target=\"_blank\" rel=\"noopener\">des services personnalis\u00e9s pour les batteries<\/a>Nous disposons d'une \u00e9quipe professionnelle de recherche et de d\u00e9veloppement. Nous disposons d'une \u00e9quipe professionnelle de recherche et de d\u00e9veloppement et nous vous invitons \u00e0 nous contacter \u00e0 ce sujet.<\/p>\n<div id=\"attachment_22866\" style=\"width: 810px\" class=\"wp-caption aligncenter\"><img data-recalc-dims=\"1\" decoding=\"async\" aria-describedby=\"caption-attachment-22866\" class=\"lazyload wp-image-22866 size-fusion-800\" src=\"https:\/\/i0.wp.com\/www.delongtop.com\/wp-content\/uploads\/2023\/11\/Golf-Cart-Lithium-Custom-Cases-.png?resize=800%2C353&#038;ssl=1\" data-orig-src=\"https:\/\/www.delongtop.com\/wp-content\/uploads\/2023\/11\/Golf-Cart-Lithium-Custom-Cases--800x353.png\" alt=\"Bo\u00eetiers personnalis\u00e9s pour batteries lithium de voiturettes de golf\" width=\"800\" height=\"353\" srcset=\"data:image\/svg+xml,%3Csvg%20xmlns%3D%27http%3A%2F%2Fwww.w3.org%2F2000%2Fsvg%27%20width%3D%27800%27%20height%3D%27353%27%20viewBox%3D%270%200%20800%20353%27%3E%3Crect%20width%3D%27800%27%20height%3D%27353%27%20fill-opacity%3D%220%22%2F%3E%3C%2Fsvg%3E\" data-srcset=\"https:\/\/i0.wp.com\/www.delongtop.com\/wp-content\/uploads\/2023\/11\/Golf-Cart-Lithium-Custom-Cases-.png?resize=200%2C88&amp;ssl=1 200w, https:\/\/i0.wp.com\/www.delongtop.com\/wp-content\/uploads\/2023\/11\/Golf-Cart-Lithium-Custom-Cases-.png?resize=300%2C132&amp;ssl=1 300w, https:\/\/i0.wp.com\/www.delongtop.com\/wp-content\/uploads\/2023\/11\/Golf-Cart-Lithium-Custom-Cases-.png?resize=400%2C176&amp;ssl=1 400w, https:\/\/i0.wp.com\/www.delongtop.com\/wp-content\/uploads\/2023\/11\/Golf-Cart-Lithium-Custom-Cases-.png?resize=500%2C221&amp;ssl=1 500w, https:\/\/i0.wp.com\/www.delongtop.com\/wp-content\/uploads\/2023\/11\/Golf-Cart-Lithium-Custom-Cases-.png?resize=600%2C265&amp;ssl=1 600w, https:\/\/i0.wp.com\/www.delongtop.com\/wp-content\/uploads\/2023\/11\/Golf-Cart-Lithium-Custom-Cases-.png?resize=700%2C309&amp;ssl=1 700w, https:\/\/i0.wp.com\/www.delongtop.com\/wp-content\/uploads\/2023\/11\/Golf-Cart-Lithium-Custom-Cases-.png?resize=768%2C339&amp;ssl=1 768w, https:\/\/i0.wp.com\/www.delongtop.com\/wp-content\/uploads\/2023\/11\/Golf-Cart-Lithium-Custom-Cases-.png?resize=800%2C353&amp;ssl=1 800w, https:\/\/i0.wp.com\/www.delongtop.com\/wp-content\/uploads\/2023\/11\/Golf-Cart-Lithium-Custom-Cases-.png?resize=1024%2C452&amp;ssl=1 1024w, https:\/\/i0.wp.com\/www.delongtop.com\/wp-content\/uploads\/2023\/11\/Golf-Cart-Lithium-Custom-Cases-.png?w=1156&amp;ssl=1 1156w\" data-sizes=\"auto\" data-orig-sizes=\"(max-width: 800px) 100vw, 800px\" \/><p id=\"caption-attachment-22866\" class=\"wp-caption-text\">Bo\u00eetiers personnalis\u00e9s pour batteries lithium de voiturettes de golf<\/p><\/div>\n<h2><span style=\"color: #339966;\"><strong>Certifications<\/strong><\/span><\/h2>\n<p><img data-recalc-dims=\"1\" decoding=\"async\" class=\"lazyload size-full wp-image-21345 aligncenter\" src=\"https:\/\/i0.wp.com\/www.delongtop.com\/wp-content\/uploads\/2023\/10\/Lithium-Battery-Certification.jpg?resize=1170%2C488&#038;ssl=1\" data-orig-src=\"https:\/\/www.delongtop.com\/wp-content\/uploads\/2023\/10\/Lithium-Battery-Certification.jpg\" alt=\"Certification des piles au lithium\" width=\"1170\" height=\"488\" srcset=\"data:image\/svg+xml,%3Csvg%20xmlns%3D%27http%3A%2F%2Fwww.w3.org%2F2000%2Fsvg%27%20width%3D%271920%27%20height%3D%27800%27%20viewBox%3D%270%200%201920%20800%27%3E%3Crect%20width%3D%271920%27%20height%3D%27800%27%20fill-opacity%3D%220%22%2F%3E%3C%2Fsvg%3E\" data-srcset=\"https:\/\/i0.wp.com\/www.delongtop.com\/wp-content\/uploads\/2023\/10\/Lithium-Battery-Certification.jpg?resize=200%2C83&amp;ssl=1 200w, https:\/\/i0.wp.com\/www.delongtop.com\/wp-content\/uploads\/2023\/10\/Lithium-Battery-Certification.jpg?resize=300%2C125&amp;ssl=1 300w, https:\/\/i0.wp.com\/www.delongtop.com\/wp-content\/uploads\/2023\/10\/Lithium-Battery-Certification.jpg?resize=400%2C167&amp;ssl=1 400w, https:\/\/i0.wp.com\/www.delongtop.com\/wp-content\/uploads\/2023\/10\/Lithium-Battery-Certification.jpg?resize=500%2C208&amp;ssl=1 500w, https:\/\/i0.wp.com\/www.delongtop.com\/wp-content\/uploads\/2023\/10\/Lithium-Battery-Certification.jpg?resize=600%2C250&amp;ssl=1 600w, https:\/\/i0.wp.com\/www.delongtop.com\/wp-content\/uploads\/2023\/10\/Lithium-Battery-Certification.jpg?resize=700%2C292&amp;ssl=1 700w, https:\/\/i0.wp.com\/www.delongtop.com\/wp-content\/uploads\/2023\/10\/Lithium-Battery-Certification.jpg?resize=768%2C320&amp;ssl=1 768w, https:\/\/i0.wp.com\/www.delongtop.com\/wp-content\/uploads\/2023\/10\/Lithium-Battery-Certification.jpg?resize=800%2C333&amp;ssl=1 800w, https:\/\/i0.wp.com\/www.delongtop.com\/wp-content\/uploads\/2023\/10\/Lithium-Battery-Certification.jpg?resize=1024%2C427&amp;ssl=1 1024w, https:\/\/i0.wp.com\/www.delongtop.com\/wp-content\/uploads\/2023\/10\/Lithium-Battery-Certification.jpg?resize=1200%2C500&amp;ssl=1 1200w, https:\/\/i0.wp.com\/www.delongtop.com\/wp-content\/uploads\/2023\/10\/Lithium-Battery-Certification.jpg?resize=1536%2C640&amp;ssl=1 1536w, https:\/\/i0.wp.com\/www.delongtop.com\/wp-content\/uploads\/2023\/10\/Lithium-Battery-Certification.jpg?w=1920&amp;ssl=1 1920w\" data-sizes=\"auto\" data-orig-sizes=\"(max-width: 1170px) 100vw, 1170px\" \/><\/p>","protected":false},"excerpt":{"rendered":"<p>Batterie au lithium 51.2V \/ 48V pour voiturette de golf<\/p>","protected":false},"featured_media":22894,"comment_status":"open","ping_status":"closed","template":"","meta":[],"product_brand":[],"product_cat":[102,214],"product_tag":[],"class_list":{"0":"post-22553","1":"product","2":"type-product","3":"status-publish","4":"has-post-thumbnail","6":"product_cat-power-battery","7":"product_cat-lithium-golf-cart-battery","9":"first","10":"instock","11":"shipping-taxable","12":"product-type-simple"},"yoast_head":"<!-- This site is optimized with the Yoast SEO plugin v25.0 - https:\/\/yoast.com\/wordpress\/plugins\/seo\/ -->\n<title>51.2V 50Ah LiFePO4 Golf Cart Battery DL-GP5150 - Delong Energy<\/title>\n<meta name=\"robots\" content=\"index, follow, max-snippet:-1, max-image-preview:large, max-video-preview:-1\" \/>\n<link rel=\"canonical\" href=\"https:\/\/www.delongtop.com\/fr\/product\/51-2v-50ah-lifepo4-golf-cart-battery-dl-gp5150\/\" \/>\n<meta property=\"og:locale\" content=\"fr_FR\" \/>\n<meta property=\"og:type\" content=\"article\" \/>\n<meta property=\"og:title\" content=\"51.2V 50Ah LiFePO4 Golf Cart Battery DL-GP5150 - Delong Energy\" \/>\n<meta property=\"og:description\" content=\"51.2V \/ 48V Lithium Battery For Golf Cart\" \/>\n<meta property=\"og:url\" content=\"https:\/\/www.delongtop.com\/fr\/product\/51-2v-50ah-lifepo4-golf-cart-battery-dl-gp5150\/\" \/>\n<meta property=\"og:site_name\" content=\"Delong Energy\" \/>\n<meta property=\"article:modified_time\" content=\"2024-01-08T06:32:21+00:00\" \/>\n<meta property=\"og:image\" content=\"https:\/\/i0.wp.com\/www.delongtop.com\/wp-content\/uploads\/2023\/11\/Lithium-Golf-Cart-Battery-With-Bluetooth.jpg?fit=1000%2C1000&ssl=1\" \/>\n\t<meta property=\"og:image:width\" content=\"1000\" \/>\n\t<meta property=\"og:image:height\" content=\"1000\" \/>\n\t<meta property=\"og:image:type\" content=\"image\/jpeg\" \/>\n<meta name=\"twitter:card\" content=\"summary_large_image\" \/>\n<meta name=\"twitter:label1\" content=\"Dur\u00e9e de lecture estim\u00e9e\" \/>\n\t<meta name=\"twitter:data1\" content=\"3 minutes\" \/>\n<script type=\"application\/ld+json\" class=\"yoast-schema-graph\">{\"@context\":\"https:\/\/schema.org\",\"@graph\":[{\"@type\":\"WebPage\",\"@id\":\"https:\/\/www.delongtop.com\/product\/51-2v-50ah-lifepo4-golf-cart-battery-dl-gp5150\/\",\"url\":\"https:\/\/www.delongtop.com\/product\/51-2v-50ah-lifepo4-golf-cart-battery-dl-gp5150\/\",\"name\":\"51.2V 50Ah LiFePO4 Golf Cart Battery DL-GP5150 - Delong Energy\",\"isPartOf\":{\"@id\":\"https:\/\/www.delongtop.com\/#website\"},\"primaryImageOfPage\":{\"@id\":\"https:\/\/www.delongtop.com\/product\/51-2v-50ah-lifepo4-golf-cart-battery-dl-gp5150\/#primaryimage\"},\"image\":{\"@id\":\"https:\/\/www.delongtop.com\/product\/51-2v-50ah-lifepo4-golf-cart-battery-dl-gp5150\/#primaryimage\"},\"thumbnailUrl\":\"https:\/\/i0.wp.com\/www.delongtop.com\/wp-content\/uploads\/2023\/11\/Lithium-Golf-Cart-Battery-With-Bluetooth.jpg?fit=1000%2C1000&ssl=1\",\"datePublished\":\"2023-11-23T15:05:08+00:00\",\"dateModified\":\"2024-01-08T06:32:21+00:00\",\"breadcrumb\":{\"@id\":\"https:\/\/www.delongtop.com\/product\/51-2v-50ah-lifepo4-golf-cart-battery-dl-gp5150\/#breadcrumb\"},\"inLanguage\":\"fr-FR\",\"potentialAction\":[{\"@type\":\"ReadAction\",\"target\":[\"https:\/\/www.delongtop.com\/product\/51-2v-50ah-lifepo4-golf-cart-battery-dl-gp5150\/\"]}]},{\"@type\":\"ImageObject\",\"inLanguage\":\"fr-FR\",\"@id\":\"https:\/\/www.delongtop.com\/product\/51-2v-50ah-lifepo4-golf-cart-battery-dl-gp5150\/#primaryimage\",\"url\":\"https:\/\/i0.wp.com\/www.delongtop.com\/wp-content\/uploads\/2023\/11\/Lithium-Golf-Cart-Battery-With-Bluetooth.jpg?fit=1000%2C1000&ssl=1\",\"contentUrl\":\"https:\/\/i0.wp.com\/www.delongtop.com\/wp-content\/uploads\/2023\/11\/Lithium-Golf-Cart-Battery-With-Bluetooth.jpg?fit=1000%2C1000&ssl=1\",\"width\":1000,\"height\":1000,\"caption\":\"Lithium Golf Cart Battery With Bluetooth\"},{\"@type\":\"BreadcrumbList\",\"@id\":\"https:\/\/www.delongtop.com\/product\/51-2v-50ah-lifepo4-golf-cart-battery-dl-gp5150\/#breadcrumb\",\"itemListElement\":[{\"@type\":\"ListItem\",\"position\":1,\"name\":\"Home\",\"item\":\"https:\/\/www.delongtop.com\/\"},{\"@type\":\"ListItem\",\"position\":2,\"name\":\"Modern Products\",\"item\":\"https:\/\/www.delongtop.com\/products\/\"},{\"@type\":\"ListItem\",\"position\":3,\"name\":\"51.2V 50Ah LiFePO4 Golf Cart Battery DL-GP5150\"}]},{\"@type\":\"WebSite\",\"@id\":\"https:\/\/www.delongtop.com\/#website\",\"url\":\"https:\/\/www.delongtop.com\/\",\"name\":\"Delong Energy\",\"description\":\"Lithium Ion Battery Manufacturer &amp; Factory In China\",\"potentialAction\":[{\"@type\":\"SearchAction\",\"target\":{\"@type\":\"EntryPoint\",\"urlTemplate\":\"https:\/\/www.delongtop.com\/?s={search_term_string}\"},\"query-input\":{\"@type\":\"PropertyValueSpecification\",\"valueRequired\":true,\"valueName\":\"search_term_string\"}}],\"inLanguage\":\"fr-FR\"}]}<\/script>\n<!-- \/ Yoast SEO plugin. -->","yoast_head_json":{"title":"51.2V 50Ah LiFePO4 Golf Cart Battery DL-GP5150 - Delong Energy","robots":{"index":"index","follow":"follow","max-snippet":"max-snippet:-1","max-image-preview":"max-image-preview:large","max-video-preview":"max-video-preview:-1"},"canonical":"https:\/\/www.delongtop.com\/fr\/product\/51-2v-50ah-lifepo4-golf-cart-battery-dl-gp5150\/","og_locale":"fr_FR","og_type":"article","og_title":"51.2V 50Ah LiFePO4 Golf Cart Battery DL-GP5150 - Delong Energy","og_description":"51.2V \/ 48V Lithium Battery For Golf Cart","og_url":"https:\/\/www.delongtop.com\/fr\/product\/51-2v-50ah-lifepo4-golf-cart-battery-dl-gp5150\/","og_site_name":"Delong Energy","article_modified_time":"2024-01-08T06:32:21+00:00","og_image":[{"width":1000,"height":1000,"url":"https:\/\/i0.wp.com\/www.delongtop.com\/wp-content\/uploads\/2023\/11\/Lithium-Golf-Cart-Battery-With-Bluetooth.jpg?fit=1000%2C1000&ssl=1","type":"image\/jpeg"}],"twitter_card":"summary_large_image","twitter_misc":{"Dur\u00e9e de lecture estim\u00e9e":"3 minutes"},"schema":{"@context":"https:\/\/schema.org","@graph":[{"@type":"WebPage","@id":"https:\/\/www.delongtop.com\/product\/51-2v-50ah-lifepo4-golf-cart-battery-dl-gp5150\/","url":"https:\/\/www.delongtop.com\/product\/51-2v-50ah-lifepo4-golf-cart-battery-dl-gp5150\/","name":"51.2V 50Ah LiFePO4 Golf Cart Battery DL-GP5150 - Delong Energy","isPartOf":{"@id":"https:\/\/www.delongtop.com\/#website"},"primaryImageOfPage":{"@id":"https:\/\/www.delongtop.com\/product\/51-2v-50ah-lifepo4-golf-cart-battery-dl-gp5150\/#primaryimage"},"image":{"@id":"https:\/\/www.delongtop.com\/product\/51-2v-50ah-lifepo4-golf-cart-battery-dl-gp5150\/#primaryimage"},"thumbnailUrl":"https:\/\/i0.wp.com\/www.delongtop.com\/wp-content\/uploads\/2023\/11\/Lithium-Golf-Cart-Battery-With-Bluetooth.jpg?fit=1000%2C1000&ssl=1","datePublished":"2023-11-23T15:05:08+00:00","dateModified":"2024-01-08T06:32:21+00:00","breadcrumb":{"@id":"https:\/\/www.delongtop.com\/product\/51-2v-50ah-lifepo4-golf-cart-battery-dl-gp5150\/#breadcrumb"},"inLanguage":"fr-FR","potentialAction":[{"@type":"ReadAction","target":["https:\/\/www.delongtop.com\/product\/51-2v-50ah-lifepo4-golf-cart-battery-dl-gp5150\/"]}]},{"@type":"ImageObject","inLanguage":"fr-FR","@id":"https:\/\/www.delongtop.com\/product\/51-2v-50ah-lifepo4-golf-cart-battery-dl-gp5150\/#primaryimage","url":"https:\/\/i0.wp.com\/www.delongtop.com\/wp-content\/uploads\/2023\/11\/Lithium-Golf-Cart-Battery-With-Bluetooth.jpg?fit=1000%2C1000&ssl=1","contentUrl":"https:\/\/i0.wp.com\/www.delongtop.com\/wp-content\/uploads\/2023\/11\/Lithium-Golf-Cart-Battery-With-Bluetooth.jpg?fit=1000%2C1000&ssl=1","width":1000,"height":1000,"caption":"Lithium Golf Cart Battery With Bluetooth"},{"@type":"BreadcrumbList","@id":"https:\/\/www.delongtop.com\/product\/51-2v-50ah-lifepo4-golf-cart-battery-dl-gp5150\/#breadcrumb","itemListElement":[{"@type":"ListItem","position":1,"name":"Home","item":"https:\/\/www.delongtop.com\/"},{"@type":"ListItem","position":2,"name":"Modern Products","item":"https:\/\/www.delongtop.com\/products\/"},{"@type":"ListItem","position":3,"name":"51.2V 50Ah LiFePO4 Golf Cart Battery DL-GP5150"}]},{"@type":"WebSite","@id":"https:\/\/www.delongtop.com\/#website","url":"https:\/\/www.delongtop.com\/","name":"Delong Energy","description":"Lithium Ion Battery Manufacturer &amp; Factory In China","potentialAction":[{"@type":"SearchAction","target":{"@type":"EntryPoint","urlTemplate":"https:\/\/www.delongtop.com\/?s={search_term_string}"},"query-input":{"@type":"PropertyValueSpecification","valueRequired":true,"valueName":"search_term_string"}}],"inLanguage":"fr-FR"}]}},"jetpack_sharing_enabled":true,"_links":{"self":[{"href":"https:\/\/www.delongtop.com\/fr\/wp-json\/wp\/v2\/product\/22553","targetHints":{"allow":["GET"]}}],"collection":[{"href":"https:\/\/www.delongtop.com\/fr\/wp-json\/wp\/v2\/product"}],"about":[{"href":"https:\/\/www.delongtop.com\/fr\/wp-json\/wp\/v2\/types\/product"}],"replies":[{"embeddable":true,"href":"https:\/\/www.delongtop.com\/fr\/wp-json\/wp\/v2\/comments?post=22553"}],"wp:featuredmedia":[{"embeddable":true,"href":"https:\/\/www.delongtop.com\/fr\/wp-json\/wp\/v2\/media\/22894"}],"wp:attachment":[{"href":"https:\/\/www.delongtop.com\/fr\/wp-json\/wp\/v2\/media?parent=22553"}],"wp:term":[{"taxonomy":"product_brand","embeddable":true,"href":"https:\/\/www.delongtop.com\/fr\/wp-json\/wp\/v2\/product_brand?post=22553"},{"taxonomy":"product_cat","embeddable":true,"href":"https:\/\/www.delongtop.com\/fr\/wp-json\/wp\/v2\/product_cat?post=22553"},{"taxonomy":"product_tag","embeddable":true,"href":"https:\/\/www.delongtop.com\/fr\/wp-json\/wp\/v2\/product_tag?post=22553"}],"curies":[{"name":"wp","href":"https:\/\/api.w.org\/{rel}","templated":true}]}}