{"id":22556,"date":"2023-11-23T15:15:40","date_gmt":"2023-11-23T15:15:40","guid":{"rendered":"https:\/\/www.delongtop.com\/?post_type=product&#038;p=22556"},"modified":"2024-09-05T15:44:36","modified_gmt":"2024-09-05T15:44:36","slug":"51-2v-48v-200ah-agv-lifepo4-battery-dl-lfp-agv51200","status":"publish","type":"product","link":"https:\/\/www.delongtop.com\/fr\/product\/51-2v-48v-200ah-agv-lifepo4-battery-dl-lfp-agv51200\/","title":{"rendered":"Delong 51.2V\/48V 200Ah AGV LiFePO4 Battery DL-LFP-AGV51200"},"content":{"rendered":"<div>\n<h2><strong><span style=\"color: #339966;\">51.2v 200ah Lifepo4 Battery Supply 10Kwh For AGV - DL-LFP-AGV51200<\/span><\/strong><\/h2>\n<\/div>\n<p>La tension de cette batterie pour AGV est de 51,2V, avec un courant de 200Ah, et elle peut fournir 10,24KWh d'\u00e9nergie. L'\u00e9nergie de 10,24KWh peut supporter l'utilisation continue d'un AGV de 1000W pendant 10 heures. Une autre batterie AGV de 51,2v 40ah est <a href=\"https:\/\/www.delongtop.com\/fr\/product\/51-2v-48v-40ah-agv-lifepo4-battery-dl-lfp-agv5140\/\" target=\"_blank\" rel=\"noopener\">DL-LFP-AGV5140.<\/a><\/p>\n<p>Les AGV sont g\u00e9n\u00e9ralement utilis\u00e9s dans les entrep\u00f4ts, les usines et les syst\u00e8mes de transport qui doivent d\u00e9placer des marchandises. Les AGV doivent g\u00e9n\u00e9ralement fonctionner en continu pendant de longues p\u00e9riodes. Par cons\u00e9quent, les batteries utilis\u00e9es pour les AGV doivent g\u00e9n\u00e9ralement avoir une densit\u00e9 \u00e9nerg\u00e9tique \u00e9lev\u00e9e, la capacit\u00e9 de fournir de l'\u00e9nergie pendant de longues p\u00e9riodes, un certain degr\u00e9 de r\u00e9sistance \u00e0 la temp\u00e9rature et de bonnes performances en mati\u00e8re de s\u00e9curit\u00e9.<\/p>\n<p>Les batteries Lifepo4 peuvent r\u00e9pondre \u00e0 ces exigences parce que le mat\u00e9riau de l'\u00e9lectrode positive utilis\u00e9 dans les batteries Lifepo4 est le phosphate de fer lithi\u00e9. Le phosphate de fer lithi\u00e9 pr\u00e9sente les caract\u00e9ristiques suivantes :<\/p>\n<ol>\n<li>Sa densit\u00e9 \u00e9nerg\u00e9tique est plus \u00e9lev\u00e9e que celle des piles au lithium similaires.<\/li>\n<li>Il a une dur\u00e9e de vie suffisamment \u00e9lev\u00e9e, id\u00e9alement capable d'effectuer des dizaines de milliers de cycles.<\/li>\n<li>La stabilit\u00e9 du phosphate de fer lithi\u00e9 est reconnue par l'industrie.<\/li>\n<\/ol>\n<h2><strong><span style=\"color: #339966;\">Batterie plomb-acide vs batterie lifepo4<\/span><\/strong><\/h2>\n<div id=\"attachment_22615\" style=\"width: 810px\" class=\"wp-caption aligncenter\"><img data-recalc-dims=\"1\" decoding=\"async\" aria-describedby=\"caption-attachment-22615\" class=\"lazyload wp-image-22615 size-fusion-800\" src=\"https:\/\/i0.wp.com\/www.delongtop.com\/wp-content\/uploads\/2023\/11\/Lead-acid-Battery-vs-lifepo4-Battery.webp?resize=800%2C800&#038;ssl=1\" data-orig-src=\"https:\/\/www.delongtop.com\/wp-content\/uploads\/2023\/11\/Lead-acid-Battery-vs-lifepo4-Battery-800x800.webp\" alt=\"Batterie plomb-acide vs batterie lifepo4\" width=\"800\" height=\"800\" srcset=\"data:image\/svg+xml,%3Csvg%20xmlns%3D%27http%3A%2F%2Fwww.w3.org%2F2000%2Fsvg%27%20width%3D%27800%27%20height%3D%27800%27%20viewBox%3D%270%200%20800%20800%27%3E%3Crect%20width%3D%27800%27%20height%3D%27800%27%20fill-opacity%3D%220%22%2F%3E%3C%2Fsvg%3E\" data-srcset=\"https:\/\/i0.wp.com\/www.delongtop.com\/wp-content\/uploads\/2023\/11\/Lead-acid-Battery-vs-lifepo4-Battery.webp?resize=66%2C66&amp;ssl=1 66w, https:\/\/i0.wp.com\/www.delongtop.com\/wp-content\/uploads\/2023\/11\/Lead-acid-Battery-vs-lifepo4-Battery.webp?resize=100%2C100&amp;ssl=1 100w, https:\/\/i0.wp.com\/www.delongtop.com\/wp-content\/uploads\/2023\/11\/Lead-acid-Battery-vs-lifepo4-Battery.webp?resize=150%2C150&amp;ssl=1 150w, https:\/\/i0.wp.com\/www.delongtop.com\/wp-content\/uploads\/2023\/11\/Lead-acid-Battery-vs-lifepo4-Battery.webp?resize=200%2C200&amp;ssl=1 200w, https:\/\/i0.wp.com\/www.delongtop.com\/wp-content\/uploads\/2023\/11\/Lead-acid-Battery-vs-lifepo4-Battery.webp?resize=300%2C300&amp;ssl=1 300w, https:\/\/i0.wp.com\/www.delongtop.com\/wp-content\/uploads\/2023\/11\/Lead-acid-Battery-vs-lifepo4-Battery.webp?resize=400%2C400&amp;ssl=1 400w, https:\/\/i0.wp.com\/www.delongtop.com\/wp-content\/uploads\/2023\/11\/Lead-acid-Battery-vs-lifepo4-Battery.webp?resize=500%2C500&amp;ssl=1 500w, https:\/\/i0.wp.com\/www.delongtop.com\/wp-content\/uploads\/2023\/11\/Lead-acid-Battery-vs-lifepo4-Battery.webp?resize=600%2C600&amp;ssl=1 600w, https:\/\/i0.wp.com\/www.delongtop.com\/wp-content\/uploads\/2023\/11\/Lead-acid-Battery-vs-lifepo4-Battery.webp?resize=700%2C700&amp;ssl=1 700w, https:\/\/i0.wp.com\/www.delongtop.com\/wp-content\/uploads\/2023\/11\/Lead-acid-Battery-vs-lifepo4-Battery.webp?resize=768%2C768&amp;ssl=1 768w, https:\/\/i0.wp.com\/www.delongtop.com\/wp-content\/uploads\/2023\/11\/Lead-acid-Battery-vs-lifepo4-Battery.webp?resize=800%2C800&amp;ssl=1 800w, https:\/\/i0.wp.com\/www.delongtop.com\/wp-content\/uploads\/2023\/11\/Lead-acid-Battery-vs-lifepo4-Battery.webp?w=1000&amp;ssl=1 1000w\" data-sizes=\"auto\" data-orig-sizes=\"(max-width: 800px) 100vw, 800px\" \/><p id=\"caption-attachment-22615\" class=\"wp-caption-text\">Batterie plomb-acide vs batterie lifepo4<\/p><\/div>\n<h2><span style=\"color: #339966;\"><strong>BMS intelligent int\u00e9gr\u00e9<\/strong><\/span><\/h2>\n<p>Nous fournissons une batterie de 51,2V 200Ah pour les AGV, qui utilise des cellules de phosphate de fer lithi\u00e9 et int\u00e8gre un BMS intelligent en interne. Le BMS est un \u00e9l\u00e9ment essentiel de la batterie, car il ne se contente pas de g\u00e9rer la batterie pour la maintenir dans des conditions de fonctionnement optimales, mais il la prot\u00e8ge \u00e9galement de mani\u00e8re globale, prolongeant ainsi sa dur\u00e9e de vie. Les fonctions de protection du BMS comprennent principalement la surcharge, la surd\u00e9charge, la surtension, la surintensit\u00e9, la surchauffe, le court-circuit et l'\u00e9quilibrage.<\/p>\n<div id=\"attachment_22697\" style=\"width: 768px\" class=\"wp-caption aligncenter\"><img data-recalc-dims=\"1\" decoding=\"async\" aria-describedby=\"caption-attachment-22697\" class=\"lazyload size-full wp-image-22697\" src=\"https:\/\/i0.wp.com\/www.delongtop.com\/wp-content\/uploads\/2022\/08\/BMS-Function.jpg?resize=758%2C246&#038;ssl=1\" data-orig-src=\"https:\/\/www.delongtop.com\/wp-content\/uploads\/2022\/08\/BMS-Function.jpg\" alt=\"Fonction BMS\" width=\"758\" height=\"246\" srcset=\"data:image\/svg+xml,%3Csvg%20xmlns%3D%27http%3A%2F%2Fwww.w3.org%2F2000%2Fsvg%27%20width%3D%27758%27%20height%3D%27246%27%20viewBox%3D%270%200%20758%20246%27%3E%3Crect%20width%3D%27758%27%20height%3D%27246%27%20fill-opacity%3D%220%22%2F%3E%3C%2Fsvg%3E\" data-srcset=\"https:\/\/i0.wp.com\/www.delongtop.com\/wp-content\/uploads\/2022\/08\/BMS-Function.jpg?resize=200%2C65&amp;ssl=1 200w, https:\/\/i0.wp.com\/www.delongtop.com\/wp-content\/uploads\/2022\/08\/BMS-Function.jpg?resize=300%2C97&amp;ssl=1 300w, https:\/\/i0.wp.com\/www.delongtop.com\/wp-content\/uploads\/2022\/08\/BMS-Function.jpg?resize=400%2C130&amp;ssl=1 400w, https:\/\/i0.wp.com\/www.delongtop.com\/wp-content\/uploads\/2022\/08\/BMS-Function.jpg?resize=500%2C162&amp;ssl=1 500w, https:\/\/i0.wp.com\/www.delongtop.com\/wp-content\/uploads\/2022\/08\/BMS-Function.jpg?resize=600%2C195&amp;ssl=1 600w, https:\/\/i0.wp.com\/www.delongtop.com\/wp-content\/uploads\/2022\/08\/BMS-Function.jpg?resize=700%2C227&amp;ssl=1 700w, https:\/\/i0.wp.com\/www.delongtop.com\/wp-content\/uploads\/2022\/08\/BMS-Function.jpg?w=758&amp;ssl=1 758w\" data-sizes=\"auto\" data-orig-sizes=\"(max-width: 758px) 100vw, 758px\" \/><p id=\"caption-attachment-22697\" class=\"wp-caption-text\">Fonction BMS<\/p><\/div>\n<p>La batterie utilise des cellules de phosphate de fer au lithium de qualit\u00e9 A et un BMS interne pour garantir un fonctionnement s\u00fbr. Le bo\u00eetier de la batterie est une bo\u00eete m\u00e9tallique qui peut r\u00e9sister \u00e0 un certain degr\u00e9 d'impact et de pression ; les bornes utilisent SB120 et SB175. Un \u00e9cran LCD permet de contr\u00f4ler l'\u00e9tat de fonctionnement de la batterie en temps r\u00e9el.<\/p>\n<h2><strong><span style=\"color: #339966;\">Certification de la batterie de l'AGV<\/span><\/strong><\/h2>\n<p><img data-recalc-dims=\"1\" decoding=\"async\" class=\"lazyload size-full wp-image-21345 aligncenter\" src=\"https:\/\/i0.wp.com\/www.delongtop.com\/wp-content\/uploads\/2023\/10\/Lithium-Battery-Certification.jpg?resize=1170%2C488&#038;ssl=1\" data-orig-src=\"https:\/\/www.delongtop.com\/wp-content\/uploads\/2023\/10\/Lithium-Battery-Certification.jpg\" alt=\"Certification des piles au lithium\" width=\"1170\" height=\"488\" srcset=\"data:image\/svg+xml,%3Csvg%20xmlns%3D%27http%3A%2F%2Fwww.w3.org%2F2000%2Fsvg%27%20width%3D%271920%27%20height%3D%27800%27%20viewBox%3D%270%200%201920%20800%27%3E%3Crect%20width%3D%271920%27%20height%3D%27800%27%20fill-opacity%3D%220%22%2F%3E%3C%2Fsvg%3E\" data-srcset=\"https:\/\/i0.wp.com\/www.delongtop.com\/wp-content\/uploads\/2023\/10\/Lithium-Battery-Certification.jpg?resize=200%2C83&amp;ssl=1 200w, https:\/\/i0.wp.com\/www.delongtop.com\/wp-content\/uploads\/2023\/10\/Lithium-Battery-Certification.jpg?resize=300%2C125&amp;ssl=1 300w, https:\/\/i0.wp.com\/www.delongtop.com\/wp-content\/uploads\/2023\/10\/Lithium-Battery-Certification.jpg?resize=400%2C167&amp;ssl=1 400w, https:\/\/i0.wp.com\/www.delongtop.com\/wp-content\/uploads\/2023\/10\/Lithium-Battery-Certification.jpg?resize=500%2C208&amp;ssl=1 500w, https:\/\/i0.wp.com\/www.delongtop.com\/wp-content\/uploads\/2023\/10\/Lithium-Battery-Certification.jpg?resize=600%2C250&amp;ssl=1 600w, https:\/\/i0.wp.com\/www.delongtop.com\/wp-content\/uploads\/2023\/10\/Lithium-Battery-Certification.jpg?resize=700%2C292&amp;ssl=1 700w, https:\/\/i0.wp.com\/www.delongtop.com\/wp-content\/uploads\/2023\/10\/Lithium-Battery-Certification.jpg?resize=768%2C320&amp;ssl=1 768w, https:\/\/i0.wp.com\/www.delongtop.com\/wp-content\/uploads\/2023\/10\/Lithium-Battery-Certification.jpg?resize=800%2C333&amp;ssl=1 800w, https:\/\/i0.wp.com\/www.delongtop.com\/wp-content\/uploads\/2023\/10\/Lithium-Battery-Certification.jpg?resize=1024%2C427&amp;ssl=1 1024w, https:\/\/i0.wp.com\/www.delongtop.com\/wp-content\/uploads\/2023\/10\/Lithium-Battery-Certification.jpg?resize=1200%2C500&amp;ssl=1 1200w, https:\/\/i0.wp.com\/www.delongtop.com\/wp-content\/uploads\/2023\/10\/Lithium-Battery-Certification.jpg?resize=1536%2C640&amp;ssl=1 1536w, https:\/\/i0.wp.com\/www.delongtop.com\/wp-content\/uploads\/2023\/10\/Lithium-Battery-Certification.jpg?w=1920&amp;ssl=1 1920w\" data-sizes=\"auto\" data-orig-sizes=\"(max-width: 1170px) 100vw, 1170px\" \/><\/p>\n<h2><strong><span style=\"color: #339966;\">Un service sur mesure pour vos projets<\/span><\/strong><\/h2>\n<p>Si vous avez besoin de <a href=\"https:\/\/www.delongtop.com\/fr\/oem-odm\/\" target=\"_blank\" rel=\"noopener\">personnaliser une batterie AGV<\/a>Si vous avez besoin d'une alimentation \u00e9lectrique, veuillez indiquer la consommation \u00e9lectrique de l'AGV, la tension requise, le courant, la temp\u00e9rature de fonctionnement, la taille de la batterie, l'apparence et l'endroit o\u00f9 vous l'installerez. Des ing\u00e9nieurs professionnels vous fourniront une solution personnalis\u00e9e.<\/p>\n<p><img data-recalc-dims=\"1\" decoding=\"async\" class=\"lazyload alignnone size-full wp-image-22036\" src=\"https:\/\/i0.wp.com\/www.delongtop.com\/wp-content\/uploads\/2023\/11\/Delong-Energy-Factory-05.jpg?resize=1000%2C667&#038;ssl=1\" data-orig-src=\"https:\/\/www.delongtop.com\/wp-content\/uploads\/2023\/11\/Delong-Energy-Factory-05.jpg\" alt=\"\" width=\"1000\" height=\"667\" srcset=\"data:image\/svg+xml,%3Csvg%20xmlns%3D%27http%3A%2F%2Fwww.w3.org%2F2000%2Fsvg%27%20width%3D%271000%27%20height%3D%27667%27%20viewBox%3D%270%200%201000%20667%27%3E%3Crect%20width%3D%271000%27%20height%3D%27667%27%20fill-opacity%3D%220%22%2F%3E%3C%2Fsvg%3E\" data-srcset=\"https:\/\/i0.wp.com\/www.delongtop.com\/wp-content\/uploads\/2023\/11\/Delong-Energy-Factory-05.jpg?resize=200%2C133&amp;ssl=1 200w, https:\/\/i0.wp.com\/www.delongtop.com\/wp-content\/uploads\/2023\/11\/Delong-Energy-Factory-05.jpg?resize=300%2C200&amp;ssl=1 300w, https:\/\/i0.wp.com\/www.delongtop.com\/wp-content\/uploads\/2023\/11\/Delong-Energy-Factory-05.jpg?resize=400%2C267&amp;ssl=1 400w, https:\/\/i0.wp.com\/www.delongtop.com\/wp-content\/uploads\/2023\/11\/Delong-Energy-Factory-05.jpg?resize=500%2C334&amp;ssl=1 500w, https:\/\/i0.wp.com\/www.delongtop.com\/wp-content\/uploads\/2023\/11\/Delong-Energy-Factory-05.jpg?resize=600%2C400&amp;ssl=1 600w, https:\/\/i0.wp.com\/www.delongtop.com\/wp-content\/uploads\/2023\/11\/Delong-Energy-Factory-05.jpg?resize=700%2C467&amp;ssl=1 700w, https:\/\/i0.wp.com\/www.delongtop.com\/wp-content\/uploads\/2023\/11\/Delong-Energy-Factory-05.jpg?resize=768%2C512&amp;ssl=1 768w, https:\/\/i0.wp.com\/www.delongtop.com\/wp-content\/uploads\/2023\/11\/Delong-Energy-Factory-05.jpg?resize=800%2C534&amp;ssl=1 800w, https:\/\/i0.wp.com\/www.delongtop.com\/wp-content\/uploads\/2023\/11\/Delong-Energy-Factory-05.jpg?w=1000&amp;ssl=1 1000w\" data-sizes=\"auto\" data-orig-sizes=\"(max-width: 1000px) 100vw, 1000px\" \/><\/p>","protected":false},"excerpt":{"rendered":"<ol>\n<li>Tension nominale : 51,2 V<\/li>\n<li>Capacit\u00e9 nominale : 200ah<\/li>\n<li>\u00c9nergie de la batterie : 10,24 kWh<\/li>\n<\/ol>","protected":false},"featured_media":22613,"comment_status":"open","ping_status":"closed","template":"","meta":[],"product_brand":[],"product_cat":[260,102],"product_tag":[],"class_list":{"0":"post-22556","1":"product","2":"type-product","3":"status-publish","4":"has-post-thumbnail","6":"product_cat-agv-lithium-battery","7":"product_cat-power-battery","9":"first","10":"instock","11":"shipping-taxable","12":"product-type-simple"},"yoast_head":"<!-- This site is optimized with the Yoast SEO plugin v25.0 - https:\/\/yoast.com\/wordpress\/plugins\/seo\/ -->\n<title>Delong 51.2V\/48V 200Ah AGV LiFePO4 Battery DL-LFP-AGV51200 - Delong Energy<\/title>\n<meta name=\"description\" content=\"12.8V 200Ah Battery; RV Battery; Caravan battery; 2560Wh Battery; Outdoor Camping Backup Battery; Alternative Lead Acid \/ Gel \/ Agm Batteries\" \/>\n<meta name=\"robots\" content=\"index, follow, max-snippet:-1, max-image-preview:large, max-video-preview:-1\" \/>\n<link rel=\"canonical\" href=\"https:\/\/www.delongtop.com\/fr\/product\/51-2v-48v-200ah-agv-lifepo4-battery-dl-lfp-agv51200\/\" \/>\n<meta property=\"og:locale\" content=\"fr_FR\" \/>\n<meta property=\"og:type\" content=\"article\" \/>\n<meta property=\"og:title\" content=\"Delong 51.2V\/48V 200Ah AGV LiFePO4 Battery DL-LFP-AGV51200 - Delong Energy\" \/>\n<meta property=\"og:description\" content=\"12.8V 200Ah Battery; RV Battery; Caravan battery; 2560Wh Battery; Outdoor Camping Backup Battery; Alternative Lead Acid \/ Gel \/ Agm Batteries\" \/>\n<meta property=\"og:url\" content=\"https:\/\/www.delongtop.com\/fr\/product\/51-2v-48v-200ah-agv-lifepo4-battery-dl-lfp-agv51200\/\" \/>\n<meta property=\"og:site_name\" content=\"Delong Energy\" \/>\n<meta property=\"article:modified_time\" content=\"2024-09-05T15:44:36+00:00\" \/>\n<meta property=\"og:image\" content=\"https:\/\/i0.wp.com\/www.delongtop.com\/wp-content\/uploads\/2023\/11\/51.2V-200Ah-Lifepo4-Battery-For-AGV.jpg?fit=1000%2C1000&ssl=1\" \/>\n\t<meta property=\"og:image:width\" content=\"1000\" \/>\n\t<meta property=\"og:image:height\" content=\"1000\" \/>\n\t<meta property=\"og:image:type\" content=\"image\/jpeg\" \/>\n<meta name=\"twitter:card\" content=\"summary_large_image\" \/>\n<meta name=\"twitter:label1\" content=\"Dur\u00e9e de lecture estim\u00e9e\" \/>\n\t<meta name=\"twitter:data1\" content=\"3 minutes\" \/>\n<script type=\"application\/ld+json\" class=\"yoast-schema-graph\">{\"@context\":\"https:\/\/schema.org\",\"@graph\":[{\"@type\":\"WebPage\",\"@id\":\"https:\/\/www.delongtop.com\/product\/51-2v-48v-200ah-agv-lifepo4-battery-dl-lfp-agv51200\/\",\"url\":\"https:\/\/www.delongtop.com\/product\/51-2v-48v-200ah-agv-lifepo4-battery-dl-lfp-agv51200\/\",\"name\":\"Delong 51.2V\/48V 200Ah AGV LiFePO4 Battery DL-LFP-AGV51200 - Delong Energy\",\"isPartOf\":{\"@id\":\"https:\/\/www.delongtop.com\/#website\"},\"primaryImageOfPage\":{\"@id\":\"https:\/\/www.delongtop.com\/product\/51-2v-48v-200ah-agv-lifepo4-battery-dl-lfp-agv51200\/#primaryimage\"},\"image\":{\"@id\":\"https:\/\/www.delongtop.com\/product\/51-2v-48v-200ah-agv-lifepo4-battery-dl-lfp-agv51200\/#primaryimage\"},\"thumbnailUrl\":\"https:\/\/i0.wp.com\/www.delongtop.com\/wp-content\/uploads\/2023\/11\/51.2V-200Ah-Lifepo4-Battery-For-AGV.jpg?fit=1000%2C1000&ssl=1\",\"datePublished\":\"2023-11-23T15:15:40+00:00\",\"dateModified\":\"2024-09-05T15:44:36+00:00\",\"description\":\"12.8V 200Ah Battery; RV Battery; Caravan battery; 2560Wh Battery; Outdoor Camping Backup Battery; Alternative Lead Acid \/ Gel \/ Agm Batteries\",\"breadcrumb\":{\"@id\":\"https:\/\/www.delongtop.com\/product\/51-2v-48v-200ah-agv-lifepo4-battery-dl-lfp-agv51200\/#breadcrumb\"},\"inLanguage\":\"fr-FR\",\"potentialAction\":[{\"@type\":\"ReadAction\",\"target\":[\"https:\/\/www.delongtop.com\/product\/51-2v-48v-200ah-agv-lifepo4-battery-dl-lfp-agv51200\/\"]}]},{\"@type\":\"ImageObject\",\"inLanguage\":\"fr-FR\",\"@id\":\"https:\/\/www.delongtop.com\/product\/51-2v-48v-200ah-agv-lifepo4-battery-dl-lfp-agv51200\/#primaryimage\",\"url\":\"https:\/\/i0.wp.com\/www.delongtop.com\/wp-content\/uploads\/2023\/11\/51.2V-200Ah-Lifepo4-Battery-For-AGV.jpg?fit=1000%2C1000&ssl=1\",\"contentUrl\":\"https:\/\/i0.wp.com\/www.delongtop.com\/wp-content\/uploads\/2023\/11\/51.2V-200Ah-Lifepo4-Battery-For-AGV.jpg?fit=1000%2C1000&ssl=1\",\"width\":1000,\"height\":1000},{\"@type\":\"BreadcrumbList\",\"@id\":\"https:\/\/www.delongtop.com\/product\/51-2v-48v-200ah-agv-lifepo4-battery-dl-lfp-agv51200\/#breadcrumb\",\"itemListElement\":[{\"@type\":\"ListItem\",\"position\":1,\"name\":\"Home\",\"item\":\"https:\/\/www.delongtop.com\/\"},{\"@type\":\"ListItem\",\"position\":2,\"name\":\"Modern Products\",\"item\":\"https:\/\/www.delongtop.com\/products\/\"},{\"@type\":\"ListItem\",\"position\":3,\"name\":\"Delong 51.2V\/48V 200Ah AGV LiFePO4 Battery DL-LFP-AGV51200\"}]},{\"@type\":\"WebSite\",\"@id\":\"https:\/\/www.delongtop.com\/#website\",\"url\":\"https:\/\/www.delongtop.com\/\",\"name\":\"Delong Energy\",\"description\":\"Lithium Ion Battery Manufacturer &amp; Factory In China\",\"potentialAction\":[{\"@type\":\"SearchAction\",\"target\":{\"@type\":\"EntryPoint\",\"urlTemplate\":\"https:\/\/www.delongtop.com\/?s={search_term_string}\"},\"query-input\":{\"@type\":\"PropertyValueSpecification\",\"valueRequired\":true,\"valueName\":\"search_term_string\"}}],\"inLanguage\":\"fr-FR\"}]}<\/script>\n<!-- \/ Yoast SEO plugin. -->","yoast_head_json":{"title":"Delong 51.2V\/48V 200Ah AGV LiFePO4 Battery DL-LFP-AGV51200 - Delong Energy","description":"12.8V 200Ah Battery; RV Battery; Caravan battery; 2560Wh Battery; Outdoor Camping Backup Battery; Alternative Lead Acid \/ Gel \/ Agm Batteries","robots":{"index":"index","follow":"follow","max-snippet":"max-snippet:-1","max-image-preview":"max-image-preview:large","max-video-preview":"max-video-preview:-1"},"canonical":"https:\/\/www.delongtop.com\/fr\/product\/51-2v-48v-200ah-agv-lifepo4-battery-dl-lfp-agv51200\/","og_locale":"fr_FR","og_type":"article","og_title":"Delong 51.2V\/48V 200Ah AGV LiFePO4 Battery DL-LFP-AGV51200 - Delong Energy","og_description":"12.8V 200Ah Battery; RV Battery; Caravan battery; 2560Wh Battery; Outdoor Camping Backup Battery; Alternative Lead Acid \/ Gel \/ Agm Batteries","og_url":"https:\/\/www.delongtop.com\/fr\/product\/51-2v-48v-200ah-agv-lifepo4-battery-dl-lfp-agv51200\/","og_site_name":"Delong Energy","article_modified_time":"2024-09-05T15:44:36+00:00","og_image":[{"width":1000,"height":1000,"url":"https:\/\/i0.wp.com\/www.delongtop.com\/wp-content\/uploads\/2023\/11\/51.2V-200Ah-Lifepo4-Battery-For-AGV.jpg?fit=1000%2C1000&ssl=1","type":"image\/jpeg"}],"twitter_card":"summary_large_image","twitter_misc":{"Dur\u00e9e de lecture estim\u00e9e":"3 minutes"},"schema":{"@context":"https:\/\/schema.org","@graph":[{"@type":"WebPage","@id":"https:\/\/www.delongtop.com\/product\/51-2v-48v-200ah-agv-lifepo4-battery-dl-lfp-agv51200\/","url":"https:\/\/www.delongtop.com\/product\/51-2v-48v-200ah-agv-lifepo4-battery-dl-lfp-agv51200\/","name":"Delong 51.2V\/48V 200Ah AGV LiFePO4 Battery DL-LFP-AGV51200 - Delong Energy","isPartOf":{"@id":"https:\/\/www.delongtop.com\/#website"},"primaryImageOfPage":{"@id":"https:\/\/www.delongtop.com\/product\/51-2v-48v-200ah-agv-lifepo4-battery-dl-lfp-agv51200\/#primaryimage"},"image":{"@id":"https:\/\/www.delongtop.com\/product\/51-2v-48v-200ah-agv-lifepo4-battery-dl-lfp-agv51200\/#primaryimage"},"thumbnailUrl":"https:\/\/i0.wp.com\/www.delongtop.com\/wp-content\/uploads\/2023\/11\/51.2V-200Ah-Lifepo4-Battery-For-AGV.jpg?fit=1000%2C1000&ssl=1","datePublished":"2023-11-23T15:15:40+00:00","dateModified":"2024-09-05T15:44:36+00:00","description":"12.8V 200Ah Battery; RV Battery; Caravan battery; 2560Wh Battery; Outdoor Camping Backup Battery; Alternative Lead Acid \/ Gel \/ Agm Batteries","breadcrumb":{"@id":"https:\/\/www.delongtop.com\/product\/51-2v-48v-200ah-agv-lifepo4-battery-dl-lfp-agv51200\/#breadcrumb"},"inLanguage":"fr-FR","potentialAction":[{"@type":"ReadAction","target":["https:\/\/www.delongtop.com\/product\/51-2v-48v-200ah-agv-lifepo4-battery-dl-lfp-agv51200\/"]}]},{"@type":"ImageObject","inLanguage":"fr-FR","@id":"https:\/\/www.delongtop.com\/product\/51-2v-48v-200ah-agv-lifepo4-battery-dl-lfp-agv51200\/#primaryimage","url":"https:\/\/i0.wp.com\/www.delongtop.com\/wp-content\/uploads\/2023\/11\/51.2V-200Ah-Lifepo4-Battery-For-AGV.jpg?fit=1000%2C1000&ssl=1","contentUrl":"https:\/\/i0.wp.com\/www.delongtop.com\/wp-content\/uploads\/2023\/11\/51.2V-200Ah-Lifepo4-Battery-For-AGV.jpg?fit=1000%2C1000&ssl=1","width":1000,"height":1000},{"@type":"BreadcrumbList","@id":"https:\/\/www.delongtop.com\/product\/51-2v-48v-200ah-agv-lifepo4-battery-dl-lfp-agv51200\/#breadcrumb","itemListElement":[{"@type":"ListItem","position":1,"name":"Home","item":"https:\/\/www.delongtop.com\/"},{"@type":"ListItem","position":2,"name":"Modern Products","item":"https:\/\/www.delongtop.com\/products\/"},{"@type":"ListItem","position":3,"name":"Delong 51.2V\/48V 200Ah AGV LiFePO4 Battery DL-LFP-AGV51200"}]},{"@type":"WebSite","@id":"https:\/\/www.delongtop.com\/#website","url":"https:\/\/www.delongtop.com\/","name":"Delong Energy","description":"Lithium Ion Battery Manufacturer &amp; Factory In China","potentialAction":[{"@type":"SearchAction","target":{"@type":"EntryPoint","urlTemplate":"https:\/\/www.delongtop.com\/?s={search_term_string}"},"query-input":{"@type":"PropertyValueSpecification","valueRequired":true,"valueName":"search_term_string"}}],"inLanguage":"fr-FR"}]}},"jetpack_sharing_enabled":true,"_links":{"self":[{"href":"https:\/\/www.delongtop.com\/fr\/wp-json\/wp\/v2\/product\/22556","targetHints":{"allow":["GET"]}}],"collection":[{"href":"https:\/\/www.delongtop.com\/fr\/wp-json\/wp\/v2\/product"}],"about":[{"href":"https:\/\/www.delongtop.com\/fr\/wp-json\/wp\/v2\/types\/product"}],"replies":[{"embeddable":true,"href":"https:\/\/www.delongtop.com\/fr\/wp-json\/wp\/v2\/comments?post=22556"}],"wp:featuredmedia":[{"embeddable":true,"href":"https:\/\/www.delongtop.com\/fr\/wp-json\/wp\/v2\/media\/22613"}],"wp:attachment":[{"href":"https:\/\/www.delongtop.com\/fr\/wp-json\/wp\/v2\/media?parent=22556"}],"wp:term":[{"taxonomy":"product_brand","embeddable":true,"href":"https:\/\/www.delongtop.com\/fr\/wp-json\/wp\/v2\/product_brand?post=22556"},{"taxonomy":"product_cat","embeddable":true,"href":"https:\/\/www.delongtop.com\/fr\/wp-json\/wp\/v2\/product_cat?post=22556"},{"taxonomy":"product_tag","embeddable":true,"href":"https:\/\/www.delongtop.com\/fr\/wp-json\/wp\/v2\/product_tag?post=22556"}],"curies":[{"name":"wp","href":"https:\/\/api.w.org\/{rel}","templated":true}]}}