{"id":23349,"date":"2024-03-12T03:25:43","date_gmt":"2024-03-12T03:25:43","guid":{"rendered":"https:\/\/www.delongtop.com\/?post_type=product&#038;p=23349"},"modified":"2026-03-24T03:13:52","modified_gmt":"2026-03-24T03:13:52","slug":"12v-2-6ah-sodium-ion-battery-for-motorcycle-starting-18650","status":"publish","type":"product","link":"https:\/\/www.delongtop.com\/fr\/product\/12v-2-6ah-sodium-ion-battery-for-motorcycle-starting-18650\/","title":{"rendered":"Batterie Ion Sodium 12V 2.6Ah pour d\u00e9marrage moto 18650"},"content":{"rendered":"<h2><strong><span style=\"color: #339966;\">Batterie 12V 2.6Ah 18650 Sodium Ion pour moto\/ tondeuse \u00e0 gazon\/ ATV\/ UTV<\/span><\/strong><\/h2>\n<p>A 12V 2.6Ah <a href=\"https:\/\/www.delongtop.com\/fr\/what-is-sodium-ion-battery\/\" target=\"_blank\" rel=\"noopener\">batterie sodium-ion<\/a> peut remplacer diverses batteries au plomb comme batterie de d\u00e9marrage pour les motos. Elle pr\u00e9sente les caract\u00e9ristiques suivantes :<\/p>\n<ul>\n<li>Elle r\u00e9duit le poids de 70% par rapport aux batteries plomb-acide.<\/li>\n<li>Le nombre de cycles et les temps d'allumage sont multipli\u00e9s par 5 \u00e0 10.<\/li>\n<li>Sa dur\u00e9e de vie peut atteindre 10 ans.<\/li>\n<li>Il am\u00e9liore le rapport de combustion du carburant, am\u00e9liorant ainsi l'efficacit\u00e9 de la puissance de la moto.<\/li>\n<li>Performance de stockage : Apr\u00e8s 30 jours de stockage \u00e0 temp\u00e9rature ambiante et \u00e0 pleine charge, le taux de r\u00e9tention de la capacit\u00e9 est \u226595%, et le taux de r\u00e9cup\u00e9ration de la capacit\u00e9 est \u226599%.<\/li>\n<\/ul>\n<div id=\"attachment_23350\" style=\"width: 517px\" class=\"wp-caption aligncenter\"><img decoding=\"async\" aria-describedby=\"caption-attachment-23350\" class=\"lazyload wp-image-23350 size-full\" src=\"data:image\/svg+xml,%3Csvg%20xmlns%3D%27http%3A%2F%2Fwww.w3.org%2F2000%2Fsvg%27%20width%3D%27507%27%20height%3D%27329%27%20viewBox%3D%270%200%20507%20329%27%3E%3Crect%20width%3D%27507%27%20height%3D%27329%27%20fill-opacity%3D%220%22%2F%3E%3C%2Fsvg%3E\" data-orig-src=\"https:\/\/www.delongtop.com\/wp-content\/uploads\/2024\/03\/Motorcycle-Starter-Battery-Sodium-12V-10Ah-.png\" alt=\"Batterie de d\u00e9marrage de moto au sodium\" width=\"507\" height=\"329\" \/><p id=\"caption-attachment-23350\" class=\"wp-caption-text\">Batterie de d\u00e9marrage de moto SIB<\/p><\/div>\n<h2><strong><span style=\"color: #339966;\">Pourquoi le sodium ? Batterie au sodium VS. Batterie plomb-acide<\/span><\/strong><\/h2>\n<ol>\n<li><strong><b>Longue dur\u00e9e de vie<\/b><\/strong>: Le cycle de vie des batteries sodium-ion peut atteindre 3 000 fois, soit 5 \u00e0 10 fois celui des batteries plomb-acide.<\/li>\n<li><strong><b>Faible taux d'autod\u00e9charge<\/b><\/strong>: Le taux d'autod\u00e9charge des batteries sodium-ion est tr\u00e8s faible, environ 1,5%. Elles peuvent conserver environ 95% de leur capacit\u00e9 m\u00eame apr\u00e8s un stockage de longue dur\u00e9e.<\/li>\n<li><strong><b>Vitesse de charge rapide<\/b><\/strong>: Par rapport au temps de charge de 6 heures des batteries plomb-acide, les batteries sodium-ion peuvent atteindre un \u00e9tat satur\u00e9 en seulement 20 minutes environ.<\/li>\n<li><strong><b>Bonne performance de d\u00e9marrage \u00e0 basse temp\u00e9rature<\/b><\/strong>: Les batteries sodium-ion ont une large plage de temp\u00e9rature de fonctionnement et peuvent se d\u00e9charger normalement m\u00eame \u00e0 moins 40 degr\u00e9s Celsius.<\/li>\n<li><strong><b>Courant de d\u00e9charge \u00e9lev\u00e9<\/b><\/strong>: Ils peuvent d\u00e9livrer de grands courants de d\u00e9charge instantan\u00e9s, lib\u00e9rant une grande quantit\u00e9 d'\u00e9nergie pour r\u00e9pondre aux exigences de d\u00e9marrage des moteurs de motos.<\/li>\n<li><strong><b>Excellentes performances en mati\u00e8re de s\u00e9curit\u00e9<\/b><\/strong>: Les batteries sodium-ion pr\u00e9sentent les meilleures performances en mati\u00e8re de s\u00e9curit\u00e9 parmi les batteries plomb-acide et lithium-ion.<\/li>\n<li><strong><b>Petite taille et poids l\u00e9ger<\/b><\/strong>: Les batteries sodium-ion ont une densit\u00e9 \u00e9nerg\u00e9tique plus \u00e9lev\u00e9e que les batteries plomb-acide, ce qui leur permet d'\u00eatre beaucoup plus petites et plus l\u00e9g\u00e8res, m\u00eame si elles ne repr\u00e9sentent qu'un tiers de la taille des batteries plomb-acide.<\/li>\n<li><strong><b>Sans entretien<\/b><\/strong>: Les batteries sodium-ion ne n\u00e9cessitent pas d'arrosage r\u00e9gulier, de r\u00e9approvisionnement en \u00e9lectrolytes ou de nettoyage p\u00e9riodique des bornes.<\/li>\n<\/ol>\n<h2><span style=\"color: #339966;\"><strong>\u00c0 propos de Delong Top<\/strong><\/span><\/h2>\n<p>Nous sommes une <a href=\"https:\/\/www.delongtop.com\/fr\/about\/\" target=\"_blank\" rel=\"noopener\">usine de piles au lithium<\/a> Avec 13 ans d'exp\u00e9rience, nous nous consacrons \u00e0 la fourniture de nouvelles solutions \u00e9nerg\u00e9tiques durables pour les utilisateurs du monde entier et contribuons \u00e0 la protection de l'environnement de la Terre. Nous disposons non seulement de lignes de production avanc\u00e9es, mais aussi d'une solide \u00e9quipe de recherche et d\u00e9veloppement, pr\u00eate \u00e0 concevoir des solutions \u00e9nerg\u00e9tiques sur mesure.<\/p>\n<div id=\"attachment_22036\" style=\"width: 1010px\" class=\"wp-caption aligncenter\"><img data-recalc-dims=\"1\" decoding=\"async\" aria-describedby=\"caption-attachment-22036\" class=\"lazyload size-full wp-image-22036\" src=\"https:\/\/i0.wp.com\/www.delongtop.com\/wp-content\/uploads\/2023\/11\/Delong-Energy-Factory-05.jpg?resize=1000%2C667&#038;ssl=1\" data-orig-src=\"https:\/\/www.delongtop.com\/wp-content\/uploads\/2023\/11\/Delong-Energy-Factory-05.jpg\" alt=\"Usine \u00e9nerg\u00e9tique de Delong\" width=\"1000\" height=\"667\" srcset=\"data:image\/svg+xml,%3Csvg%20xmlns%3D%27http%3A%2F%2Fwww.w3.org%2F2000%2Fsvg%27%20width%3D%271000%27%20height%3D%27667%27%20viewBox%3D%270%200%201000%20667%27%3E%3Crect%20width%3D%271000%27%20height%3D%27667%27%20fill-opacity%3D%220%22%2F%3E%3C%2Fsvg%3E\" data-srcset=\"https:\/\/i0.wp.com\/www.delongtop.com\/wp-content\/uploads\/2023\/11\/Delong-Energy-Factory-05.jpg?resize=200%2C133&amp;ssl=1 200w, https:\/\/i0.wp.com\/www.delongtop.com\/wp-content\/uploads\/2023\/11\/Delong-Energy-Factory-05.jpg?resize=300%2C200&amp;ssl=1 300w, https:\/\/i0.wp.com\/www.delongtop.com\/wp-content\/uploads\/2023\/11\/Delong-Energy-Factory-05.jpg?resize=400%2C267&amp;ssl=1 400w, https:\/\/i0.wp.com\/www.delongtop.com\/wp-content\/uploads\/2023\/11\/Delong-Energy-Factory-05.jpg?resize=500%2C334&amp;ssl=1 500w, https:\/\/i0.wp.com\/www.delongtop.com\/wp-content\/uploads\/2023\/11\/Delong-Energy-Factory-05.jpg?resize=600%2C400&amp;ssl=1 600w, https:\/\/i0.wp.com\/www.delongtop.com\/wp-content\/uploads\/2023\/11\/Delong-Energy-Factory-05.jpg?resize=700%2C467&amp;ssl=1 700w, https:\/\/i0.wp.com\/www.delongtop.com\/wp-content\/uploads\/2023\/11\/Delong-Energy-Factory-05.jpg?resize=768%2C512&amp;ssl=1 768w, https:\/\/i0.wp.com\/www.delongtop.com\/wp-content\/uploads\/2023\/11\/Delong-Energy-Factory-05.jpg?resize=800%2C534&amp;ssl=1 800w, https:\/\/i0.wp.com\/www.delongtop.com\/wp-content\/uploads\/2023\/11\/Delong-Energy-Factory-05.jpg?w=1000&amp;ssl=1 1000w\" data-sizes=\"auto\" data-orig-sizes=\"(max-width: 1000px) 100vw, 1000px\" \/><p id=\"caption-attachment-22036\" class=\"wp-caption-text\">Usine \u00e9nerg\u00e9tique de Delong<\/p><\/div>","protected":false},"excerpt":{"rendered":"<ul>\n<li>Tension : 12V<\/li>\n<li>Capacit\u00e9 : 2600mAh<\/li>\n<li>Dur\u00e9e de vie : 3000 cycles<\/li>\n<li>Temp\u00e9rature : -40\u2103~+60\u2103<\/li>\n<li>Entretien : Non<\/li>\n<\/ul>","protected":false},"featured_media":31941,"comment_status":"open","ping_status":"closed","template":"","meta":[],"product_brand":[],"product_cat":[270],"product_tag":[],"class_list":{"0":"post-23349","1":"product","2":"type-product","3":"status-publish","4":"has-post-thumbnail","6":"product_cat-sodium-ion-battery","8":"first","9":"instock","10":"shipping-taxable","11":"product-type-simple"},"yoast_head":"<!-- This site is optimized with the Yoast SEO plugin v25.0 - https:\/\/yoast.com\/wordpress\/plugins\/seo\/ -->\n<title>12V 2.6Ah Sodium Ion Battery For Motorcycle Starting 18650 - Delong Energy<\/title>\n<meta name=\"robots\" content=\"index, follow, max-snippet:-1, max-image-preview:large, max-video-preview:-1\" \/>\n<link rel=\"canonical\" href=\"https:\/\/www.delongtop.com\/fr\/product\/12v-2-6ah-sodium-ion-battery-for-motorcycle-starting-18650\/\" \/>\n<meta property=\"og:locale\" content=\"fr_FR\" \/>\n<meta property=\"og:type\" content=\"article\" \/>\n<meta property=\"og:title\" content=\"12V 2.6Ah Sodium Ion Battery For Motorcycle Starting 18650 - Delong Energy\" \/>\n<meta property=\"og:description\" content=\"Voltage: 12V  Capacity: 2600mAh  Cycle Life: 3000 cycles  Temperature: -40\u2103~+60\u2103  Maintenance: No\" \/>\n<meta property=\"og:url\" content=\"https:\/\/www.delongtop.com\/fr\/product\/12v-2-6ah-sodium-ion-battery-for-motorcycle-starting-18650\/\" \/>\n<meta property=\"og:site_name\" content=\"Delong Energy\" \/>\n<meta property=\"article:modified_time\" content=\"2026-03-24T03:13:52+00:00\" \/>\n<meta property=\"og:image\" content=\"https:\/\/www.delongtop.com\/wp-content\/uploads\/2024\/03\/12V-Motorcycle-Starting-Battery-Sodium-.jpg\" \/>\n\t<meta property=\"og:image:width\" content=\"507\" \/>\n\t<meta property=\"og:image:height\" content=\"329\" \/>\n\t<meta property=\"og:image:type\" content=\"image\/jpeg\" \/>\n<meta name=\"twitter:card\" content=\"summary_large_image\" \/>\n<meta name=\"twitter:label1\" content=\"Dur\u00e9e de lecture estim\u00e9e\" \/>\n\t<meta name=\"twitter:data1\" content=\"3 minutes\" \/>\n<script type=\"application\/ld+json\" class=\"yoast-schema-graph\">{\"@context\":\"https:\/\/schema.org\",\"@graph\":[{\"@type\":\"WebPage\",\"@id\":\"https:\/\/www.delongtop.com\/product\/12v-2-6ah-sodium-ion-battery-for-motorcycle-starting-18650\/\",\"url\":\"https:\/\/www.delongtop.com\/product\/12v-2-6ah-sodium-ion-battery-for-motorcycle-starting-18650\/\",\"name\":\"12V 2.6Ah Sodium Ion Battery For Motorcycle Starting 18650 - Delong Energy\",\"isPartOf\":{\"@id\":\"https:\/\/www.delongtop.com\/#website\"},\"primaryImageOfPage\":{\"@id\":\"https:\/\/www.delongtop.com\/product\/12v-2-6ah-sodium-ion-battery-for-motorcycle-starting-18650\/#primaryimage\"},\"image\":{\"@id\":\"https:\/\/www.delongtop.com\/product\/12v-2-6ah-sodium-ion-battery-for-motorcycle-starting-18650\/#primaryimage\"},\"thumbnailUrl\":\"https:\/\/i0.wp.com\/www.delongtop.com\/wp-content\/uploads\/2024\/03\/12V-Motorcycle-Starting-Battery-Sodium-.jpg?fit=507%2C329&ssl=1\",\"datePublished\":\"2024-03-12T03:25:43+00:00\",\"dateModified\":\"2026-03-24T03:13:52+00:00\",\"breadcrumb\":{\"@id\":\"https:\/\/www.delongtop.com\/product\/12v-2-6ah-sodium-ion-battery-for-motorcycle-starting-18650\/#breadcrumb\"},\"inLanguage\":\"fr-FR\",\"potentialAction\":[{\"@type\":\"ReadAction\",\"target\":[\"https:\/\/www.delongtop.com\/product\/12v-2-6ah-sodium-ion-battery-for-motorcycle-starting-18650\/\"]}]},{\"@type\":\"ImageObject\",\"inLanguage\":\"fr-FR\",\"@id\":\"https:\/\/www.delongtop.com\/product\/12v-2-6ah-sodium-ion-battery-for-motorcycle-starting-18650\/#primaryimage\",\"url\":\"https:\/\/i0.wp.com\/www.delongtop.com\/wp-content\/uploads\/2024\/03\/12V-Motorcycle-Starting-Battery-Sodium-.jpg?fit=507%2C329&ssl=1\",\"contentUrl\":\"https:\/\/i0.wp.com\/www.delongtop.com\/wp-content\/uploads\/2024\/03\/12V-Motorcycle-Starting-Battery-Sodium-.jpg?fit=507%2C329&ssl=1\",\"width\":507,\"height\":329,\"caption\":\"12V Motorcycle Starting Sodium Battery\"},{\"@type\":\"BreadcrumbList\",\"@id\":\"https:\/\/www.delongtop.com\/product\/12v-2-6ah-sodium-ion-battery-for-motorcycle-starting-18650\/#breadcrumb\",\"itemListElement\":[{\"@type\":\"ListItem\",\"position\":1,\"name\":\"Home\",\"item\":\"https:\/\/www.delongtop.com\/\"},{\"@type\":\"ListItem\",\"position\":2,\"name\":\"Modern Products\",\"item\":\"https:\/\/www.delongtop.com\/products\/\"},{\"@type\":\"ListItem\",\"position\":3,\"name\":\"12V 2.6Ah Sodium Ion Battery For Motorcycle Starting 18650\"}]},{\"@type\":\"WebSite\",\"@id\":\"https:\/\/www.delongtop.com\/#website\",\"url\":\"https:\/\/www.delongtop.com\/\",\"name\":\"Delong Energy\",\"description\":\"Lithium Ion Battery Manufacturer &amp; Factory In China\",\"potentialAction\":[{\"@type\":\"SearchAction\",\"target\":{\"@type\":\"EntryPoint\",\"urlTemplate\":\"https:\/\/www.delongtop.com\/?s={search_term_string}\"},\"query-input\":{\"@type\":\"PropertyValueSpecification\",\"valueRequired\":true,\"valueName\":\"search_term_string\"}}],\"inLanguage\":\"fr-FR\"}]}<\/script>\n<!-- \/ Yoast SEO plugin. -->","yoast_head_json":{"title":"12V 2.6Ah Sodium Ion Battery For Motorcycle Starting 18650 - Delong Energy","robots":{"index":"index","follow":"follow","max-snippet":"max-snippet:-1","max-image-preview":"max-image-preview:large","max-video-preview":"max-video-preview:-1"},"canonical":"https:\/\/www.delongtop.com\/fr\/product\/12v-2-6ah-sodium-ion-battery-for-motorcycle-starting-18650\/","og_locale":"fr_FR","og_type":"article","og_title":"12V 2.6Ah Sodium Ion Battery For Motorcycle Starting 18650 - Delong Energy","og_description":"Voltage: 12V  Capacity: 2600mAh  Cycle Life: 3000 cycles  Temperature: -40\u2103~+60\u2103  Maintenance: No","og_url":"https:\/\/www.delongtop.com\/fr\/product\/12v-2-6ah-sodium-ion-battery-for-motorcycle-starting-18650\/","og_site_name":"Delong Energy","article_modified_time":"2026-03-24T03:13:52+00:00","og_image":[{"width":507,"height":329,"url":"https:\/\/www.delongtop.com\/wp-content\/uploads\/2024\/03\/12V-Motorcycle-Starting-Battery-Sodium-.jpg","type":"image\/jpeg"}],"twitter_card":"summary_large_image","twitter_misc":{"Dur\u00e9e de lecture estim\u00e9e":"3 minutes"},"schema":{"@context":"https:\/\/schema.org","@graph":[{"@type":"WebPage","@id":"https:\/\/www.delongtop.com\/product\/12v-2-6ah-sodium-ion-battery-for-motorcycle-starting-18650\/","url":"https:\/\/www.delongtop.com\/product\/12v-2-6ah-sodium-ion-battery-for-motorcycle-starting-18650\/","name":"12V 2.6Ah Sodium Ion Battery For Motorcycle Starting 18650 - Delong Energy","isPartOf":{"@id":"https:\/\/www.delongtop.com\/#website"},"primaryImageOfPage":{"@id":"https:\/\/www.delongtop.com\/product\/12v-2-6ah-sodium-ion-battery-for-motorcycle-starting-18650\/#primaryimage"},"image":{"@id":"https:\/\/www.delongtop.com\/product\/12v-2-6ah-sodium-ion-battery-for-motorcycle-starting-18650\/#primaryimage"},"thumbnailUrl":"https:\/\/i0.wp.com\/www.delongtop.com\/wp-content\/uploads\/2024\/03\/12V-Motorcycle-Starting-Battery-Sodium-.jpg?fit=507%2C329&ssl=1","datePublished":"2024-03-12T03:25:43+00:00","dateModified":"2026-03-24T03:13:52+00:00","breadcrumb":{"@id":"https:\/\/www.delongtop.com\/product\/12v-2-6ah-sodium-ion-battery-for-motorcycle-starting-18650\/#breadcrumb"},"inLanguage":"fr-FR","potentialAction":[{"@type":"ReadAction","target":["https:\/\/www.delongtop.com\/product\/12v-2-6ah-sodium-ion-battery-for-motorcycle-starting-18650\/"]}]},{"@type":"ImageObject","inLanguage":"fr-FR","@id":"https:\/\/www.delongtop.com\/product\/12v-2-6ah-sodium-ion-battery-for-motorcycle-starting-18650\/#primaryimage","url":"https:\/\/i0.wp.com\/www.delongtop.com\/wp-content\/uploads\/2024\/03\/12V-Motorcycle-Starting-Battery-Sodium-.jpg?fit=507%2C329&ssl=1","contentUrl":"https:\/\/i0.wp.com\/www.delongtop.com\/wp-content\/uploads\/2024\/03\/12V-Motorcycle-Starting-Battery-Sodium-.jpg?fit=507%2C329&ssl=1","width":507,"height":329,"caption":"12V Motorcycle Starting Sodium Battery"},{"@type":"BreadcrumbList","@id":"https:\/\/www.delongtop.com\/product\/12v-2-6ah-sodium-ion-battery-for-motorcycle-starting-18650\/#breadcrumb","itemListElement":[{"@type":"ListItem","position":1,"name":"Home","item":"https:\/\/www.delongtop.com\/"},{"@type":"ListItem","position":2,"name":"Modern Products","item":"https:\/\/www.delongtop.com\/products\/"},{"@type":"ListItem","position":3,"name":"12V 2.6Ah Sodium Ion Battery For Motorcycle Starting 18650"}]},{"@type":"WebSite","@id":"https:\/\/www.delongtop.com\/#website","url":"https:\/\/www.delongtop.com\/","name":"Delong Energy","description":"Lithium Ion Battery Manufacturer &amp; Factory In China","potentialAction":[{"@type":"SearchAction","target":{"@type":"EntryPoint","urlTemplate":"https:\/\/www.delongtop.com\/?s={search_term_string}"},"query-input":{"@type":"PropertyValueSpecification","valueRequired":true,"valueName":"search_term_string"}}],"inLanguage":"fr-FR"}]}},"jetpack_sharing_enabled":true,"_links":{"self":[{"href":"https:\/\/www.delongtop.com\/fr\/wp-json\/wp\/v2\/product\/23349","targetHints":{"allow":["GET"]}}],"collection":[{"href":"https:\/\/www.delongtop.com\/fr\/wp-json\/wp\/v2\/product"}],"about":[{"href":"https:\/\/www.delongtop.com\/fr\/wp-json\/wp\/v2\/types\/product"}],"replies":[{"embeddable":true,"href":"https:\/\/www.delongtop.com\/fr\/wp-json\/wp\/v2\/comments?post=23349"}],"wp:featuredmedia":[{"embeddable":true,"href":"https:\/\/www.delongtop.com\/fr\/wp-json\/wp\/v2\/media\/31941"}],"wp:attachment":[{"href":"https:\/\/www.delongtop.com\/fr\/wp-json\/wp\/v2\/media?parent=23349"}],"wp:term":[{"taxonomy":"product_brand","embeddable":true,"href":"https:\/\/www.delongtop.com\/fr\/wp-json\/wp\/v2\/product_brand?post=23349"},{"taxonomy":"product_cat","embeddable":true,"href":"https:\/\/www.delongtop.com\/fr\/wp-json\/wp\/v2\/product_cat?post=23349"},{"taxonomy":"product_tag","embeddable":true,"href":"https:\/\/www.delongtop.com\/fr\/wp-json\/wp\/v2\/product_tag?post=23349"}],"curies":[{"name":"wp","href":"https:\/\/api.w.org\/{rel}","templated":true}]}}