{"id":23353,"date":"2024-03-12T10:03:38","date_gmt":"2024-03-12T10:03:38","guid":{"rendered":"https:\/\/www.delongtop.com\/?post_type=product&#038;p=23353"},"modified":"2024-11-22T09:50:30","modified_gmt":"2024-11-22T09:50:30","slug":"12v-5200mah-18650-sodium-ion-battery","status":"publish","type":"product","link":"https:\/\/www.delongtop.com\/fr\/product\/12v-5200mah-18650-sodium-ion-battery\/","title":{"rendered":"12V 5200mAh 18650 Sodium Ion Battery For Motorcycle"},"content":{"rendered":"<h2><span style=\"color: #339966;\"><strong>12V 5200mAh Sodium Ion Motorcycle Starter Battery 18650<\/strong><\/span><\/h2>\n<p>Il s'agit d'un <a href=\"https:\/\/www.delongtop.com\/fr\/what-is-sodium-ion-battery\/\" target=\"_blank\" rel=\"noopener\">batterie sodium-ion<\/a> sp\u00e9cialement con\u00e7u pour le d\u00e9marrage des motos, avec une tension de 12V et une capacit\u00e9 de 5,2Ah. Ses caract\u00e9ristiques sont les suivantes.<\/p>\n<div id=\"attachment_23350\" style=\"width: 517px\" class=\"wp-caption aligncenter\"><img decoding=\"async\" aria-describedby=\"caption-attachment-23350\" class=\"lazyload wp-image-23350 size-full\" src=\"data:image\/svg+xml,%3Csvg%20xmlns%3D%27http%3A%2F%2Fwww.w3.org%2F2000%2Fsvg%27%20width%3D%27507%27%20height%3D%27329%27%20viewBox%3D%270%200%20507%20329%27%3E%3Crect%20width%3D%27507%27%20height%3D%27329%27%20fill-opacity%3D%220%22%2F%3E%3C%2Fsvg%3E\" data-orig-src=\"https:\/\/www.delongtop.com\/wp-content\/uploads\/2024\/03\/Motorcycle-Starter-Battery-Sodium-12V-10Ah-.png\" alt=\"Batterie de d\u00e9marrage de moto au sodium\" width=\"507\" height=\"329\" \/><p id=\"caption-attachment-23350\" class=\"wp-caption-text\">Batterie de d\u00e9marrage de moto SIB<\/p><\/div>\n<h2><span style=\"color: #339966;\"><strong><b>Caract\u00e9ristiques <\/b><\/strong><strong><b>12V <\/b><\/strong><strong><b>52<\/b><\/strong><strong><b>00mAh<\/b><\/strong><strong><b>\u00a0Batterie au sodium<\/b><\/strong><\/span><\/h2>\n<ol>\n<li>La batterie au sodium de 5200 mAh a pass\u00e9 plusieurs tests de s\u00e9curit\u00e9, notamment en cas de surcharge, de d\u00e9charge excessive, de court-circuit, de perforation et d'\u00e9crasement, ce qui rend ses performances en mati\u00e8re de s\u00e9curit\u00e9 exceptionnellement \u00e9lev\u00e9es.<\/li>\n<li>Elle est plus l\u00e9g\u00e8re et plus petite que les batteries au plomb, ce qui r\u00e9duit la charge sur les motos et lib\u00e8re de l'espace.<\/li>\n<li>Les motos peuvent n\u00e9cessiter des d\u00e9marrages fr\u00e9quents, et la longue dur\u00e9e de vie des batteries sodium-ion peut r\u00e9pondre aux exigences \u00e9lev\u00e9es des cycles de charge-d\u00e9charge du v\u00e9hicule.<\/li>\n<li>La batterie sodium-ion 12V 5200mAh fonctionne sur une large plage de temp\u00e9rature, permettant aux motos de d\u00e9marrer dans des conditions de temp\u00e9rature vari\u00e9es.<\/li>\n<li>Si vous n'utilisez votre moto qu'occasionnellement, vous avez besoin d'une source d'\u00e9nergie avec un taux de r\u00e9tention de capacit\u00e9 \u00e9lev\u00e9. Les batteries sodium-ion, qui ont un taux d'autod\u00e9charge tr\u00e8s faible, conviennent parfaitement.<\/li>\n<li>L'entretien des batteries sodium-ion est tr\u00e8s simple ; elles ne n\u00e9cessitent pas d'arrosage r\u00e9gulier ni de r\u00e9approvisionnement en \u00e9lectrolyte.<\/li>\n<li>En tant que batterie de d\u00e9marrage, la batterie sodium-ion fournit un courant de d\u00e9charge instantan\u00e9 suffisant pour le d\u00e9marrage normal du v\u00e9hicule.<\/li>\n<\/ol>\n<h2><span style=\"color: #339966;\"><strong>\u00c0 propos de Delong Top<\/strong><\/span><\/h2>\n<p>Delong est un fabricant exp\u00e9riment\u00e9 de batteries sodium-ion. Notre \u00e9quipe de recherche et d\u00e9veloppement est capable d'innovation technologique et notre usine dispose de capacit\u00e9s de production efficaces, tous les produits \u00e9tant conformes aux normes internationales de certification de la qualit\u00e9. Outre les batteries de d\u00e9marrage pour motos, nous fournissons \u00e9galement des cellules de batteries sodium-ion cylindriques.<\/p>\n<div id=\"attachment_22036\" style=\"width: 1010px\" class=\"wp-caption aligncenter\"><img data-recalc-dims=\"1\" decoding=\"async\" aria-describedby=\"caption-attachment-22036\" class=\"lazyload size-full wp-image-22036\" src=\"https:\/\/i0.wp.com\/www.delongtop.com\/wp-content\/uploads\/2023\/11\/Delong-Energy-Factory-05.jpg?resize=1000%2C667&#038;ssl=1\" data-orig-src=\"https:\/\/www.delongtop.com\/wp-content\/uploads\/2023\/11\/Delong-Energy-Factory-05.jpg\" alt=\"Usine \u00e9nerg\u00e9tique de Delong\" width=\"1000\" height=\"667\" srcset=\"data:image\/svg+xml,%3Csvg%20xmlns%3D%27http%3A%2F%2Fwww.w3.org%2F2000%2Fsvg%27%20width%3D%271000%27%20height%3D%27667%27%20viewBox%3D%270%200%201000%20667%27%3E%3Crect%20width%3D%271000%27%20height%3D%27667%27%20fill-opacity%3D%220%22%2F%3E%3C%2Fsvg%3E\" data-srcset=\"https:\/\/i0.wp.com\/www.delongtop.com\/wp-content\/uploads\/2023\/11\/Delong-Energy-Factory-05.jpg?resize=200%2C133&amp;ssl=1 200w, https:\/\/i0.wp.com\/www.delongtop.com\/wp-content\/uploads\/2023\/11\/Delong-Energy-Factory-05.jpg?resize=300%2C200&amp;ssl=1 300w, https:\/\/i0.wp.com\/www.delongtop.com\/wp-content\/uploads\/2023\/11\/Delong-Energy-Factory-05.jpg?resize=400%2C267&amp;ssl=1 400w, https:\/\/i0.wp.com\/www.delongtop.com\/wp-content\/uploads\/2023\/11\/Delong-Energy-Factory-05.jpg?resize=500%2C334&amp;ssl=1 500w, https:\/\/i0.wp.com\/www.delongtop.com\/wp-content\/uploads\/2023\/11\/Delong-Energy-Factory-05.jpg?resize=600%2C400&amp;ssl=1 600w, https:\/\/i0.wp.com\/www.delongtop.com\/wp-content\/uploads\/2023\/11\/Delong-Energy-Factory-05.jpg?resize=700%2C467&amp;ssl=1 700w, https:\/\/i0.wp.com\/www.delongtop.com\/wp-content\/uploads\/2023\/11\/Delong-Energy-Factory-05.jpg?resize=768%2C512&amp;ssl=1 768w, https:\/\/i0.wp.com\/www.delongtop.com\/wp-content\/uploads\/2023\/11\/Delong-Energy-Factory-05.jpg?resize=800%2C534&amp;ssl=1 800w, https:\/\/i0.wp.com\/www.delongtop.com\/wp-content\/uploads\/2023\/11\/Delong-Energy-Factory-05.jpg?w=1000&amp;ssl=1 1000w\" data-sizes=\"auto\" data-orig-sizes=\"(max-width: 1000px) 100vw, 1000px\" \/><p id=\"caption-attachment-22036\" class=\"wp-caption-text\">Usine \u00e9nerg\u00e9tique de Delong<\/p><\/div>","protected":false},"excerpt":{"rendered":"<ul>\n<li>Tension : 12V<\/li>\n<li>Capacit\u00e9 : 5.2Ah<\/li>\n<li>Dur\u00e9e de vie : 3000 cycles<\/li>\n<li>Temp\u00e9rature : -40\u2103~+60\u2103<\/li>\n<li>Entretien : Non<\/li>\n<\/ul>","protected":false},"featured_media":0,"comment_status":"open","ping_status":"closed","template":"","meta":[],"product_brand":[],"product_cat":[270],"product_tag":[],"class_list":{"0":"post-23353","1":"product","2":"type-product","3":"status-publish","5":"product_cat-sodium-ion-battery","7":"first","8":"instock","9":"shipping-taxable","10":"product-type-simple"},"yoast_head":"<!-- This site is optimized with the Yoast SEO plugin v25.0 - https:\/\/yoast.com\/wordpress\/plugins\/seo\/ -->\n<title>12V 5200mAh 18650 Sodium Ion Battery For Motorcycle - Delong Energy<\/title>\n<meta name=\"robots\" content=\"index, follow, max-snippet:-1, max-image-preview:large, max-video-preview:-1\" \/>\n<link rel=\"canonical\" href=\"https:\/\/www.delongtop.com\/fr\/product\/12v-5200mah-18650-sodium-ion-battery\/\" \/>\n<meta property=\"og:locale\" content=\"fr_FR\" \/>\n<meta property=\"og:type\" content=\"article\" \/>\n<meta property=\"og:title\" content=\"12V 5200mAh 18650 Sodium Ion Battery For Motorcycle - Delong Energy\" \/>\n<meta property=\"og:description\" content=\"Voltage: 12V  Capacity: 5.2Ah  Cycle Life: 3000 cycles  Temperature: -40\u2103~+60\u2103  Maintenance: No\" \/>\n<meta property=\"og:url\" content=\"https:\/\/www.delongtop.com\/fr\/product\/12v-5200mah-18650-sodium-ion-battery\/\" \/>\n<meta property=\"og:site_name\" content=\"Delong Energy\" \/>\n<meta property=\"article:modified_time\" content=\"2024-11-22T09:50:30+00:00\" \/>\n<meta property=\"og:image\" content=\"https:\/\/i0.wp.com\/www.delongtop.com\/wp-content\/uploads\/2024\/03\/Motorcycle-Starter-Battery-Sodium-12V-10Ah-.png?fit=507%2C329&ssl=1\" \/>\n\t<meta property=\"og:image:width\" content=\"507\" \/>\n\t<meta property=\"og:image:height\" content=\"329\" \/>\n\t<meta property=\"og:image:type\" content=\"image\/png\" \/>\n<meta name=\"twitter:card\" content=\"summary_large_image\" \/>\n<meta name=\"twitter:label1\" content=\"Dur\u00e9e de lecture estim\u00e9e\" \/>\n\t<meta name=\"twitter:data1\" content=\"2 minutes\" \/>\n<script type=\"application\/ld+json\" class=\"yoast-schema-graph\">{\"@context\":\"https:\/\/schema.org\",\"@graph\":[{\"@type\":\"WebPage\",\"@id\":\"https:\/\/www.delongtop.com\/product\/12v-5200mah-18650-sodium-ion-battery\/\",\"url\":\"https:\/\/www.delongtop.com\/product\/12v-5200mah-18650-sodium-ion-battery\/\",\"name\":\"12V 5200mAh 18650 Sodium Ion Battery For Motorcycle - Delong Energy\",\"isPartOf\":{\"@id\":\"https:\/\/www.delongtop.com\/#website\"},\"primaryImageOfPage\":{\"@id\":\"https:\/\/www.delongtop.com\/product\/12v-5200mah-18650-sodium-ion-battery\/#primaryimage\"},\"image\":{\"@id\":\"https:\/\/www.delongtop.com\/product\/12v-5200mah-18650-sodium-ion-battery\/#primaryimage\"},\"thumbnailUrl\":\"https:\/\/www.delongtop.com\/wp-content\/uploads\/2024\/03\/Motorcycle-Starter-Battery-Sodium-12V-10Ah-.png\",\"datePublished\":\"2024-03-12T10:03:38+00:00\",\"dateModified\":\"2024-11-22T09:50:30+00:00\",\"breadcrumb\":{\"@id\":\"https:\/\/www.delongtop.com\/product\/12v-5200mah-18650-sodium-ion-battery\/#breadcrumb\"},\"inLanguage\":\"fr-FR\",\"potentialAction\":[{\"@type\":\"ReadAction\",\"target\":[\"https:\/\/www.delongtop.com\/product\/12v-5200mah-18650-sodium-ion-battery\/\"]}]},{\"@type\":\"ImageObject\",\"inLanguage\":\"fr-FR\",\"@id\":\"https:\/\/www.delongtop.com\/product\/12v-5200mah-18650-sodium-ion-battery\/#primaryimage\",\"url\":\"https:\/\/www.delongtop.com\/wp-content\/uploads\/2024\/03\/Motorcycle-Starter-Battery-Sodium-12V-10Ah-.png\",\"contentUrl\":\"https:\/\/www.delongtop.com\/wp-content\/uploads\/2024\/03\/Motorcycle-Starter-Battery-Sodium-12V-10Ah-.png\"},{\"@type\":\"BreadcrumbList\",\"@id\":\"https:\/\/www.delongtop.com\/product\/12v-5200mah-18650-sodium-ion-battery\/#breadcrumb\",\"itemListElement\":[{\"@type\":\"ListItem\",\"position\":1,\"name\":\"Home\",\"item\":\"https:\/\/www.delongtop.com\/\"},{\"@type\":\"ListItem\",\"position\":2,\"name\":\"Modern Products\",\"item\":\"https:\/\/www.delongtop.com\/products\/\"},{\"@type\":\"ListItem\",\"position\":3,\"name\":\"12V 5200mAh 18650 Sodium Ion Battery For Motorcycle\"}]},{\"@type\":\"WebSite\",\"@id\":\"https:\/\/www.delongtop.com\/#website\",\"url\":\"https:\/\/www.delongtop.com\/\",\"name\":\"Delong Energy\",\"description\":\"Lithium Ion Battery Manufacturer &amp; Factory In China\",\"potentialAction\":[{\"@type\":\"SearchAction\",\"target\":{\"@type\":\"EntryPoint\",\"urlTemplate\":\"https:\/\/www.delongtop.com\/?s={search_term_string}\"},\"query-input\":{\"@type\":\"PropertyValueSpecification\",\"valueRequired\":true,\"valueName\":\"search_term_string\"}}],\"inLanguage\":\"fr-FR\"}]}<\/script>\n<!-- \/ Yoast SEO plugin. -->","yoast_head_json":{"title":"12V 5200mAh 18650 Sodium Ion Battery For Motorcycle - Delong Energy","robots":{"index":"index","follow":"follow","max-snippet":"max-snippet:-1","max-image-preview":"max-image-preview:large","max-video-preview":"max-video-preview:-1"},"canonical":"https:\/\/www.delongtop.com\/fr\/product\/12v-5200mah-18650-sodium-ion-battery\/","og_locale":"fr_FR","og_type":"article","og_title":"12V 5200mAh 18650 Sodium Ion Battery For Motorcycle - Delong Energy","og_description":"Voltage: 12V  Capacity: 5.2Ah  Cycle Life: 3000 cycles  Temperature: -40\u2103~+60\u2103  Maintenance: No","og_url":"https:\/\/www.delongtop.com\/fr\/product\/12v-5200mah-18650-sodium-ion-battery\/","og_site_name":"Delong Energy","article_modified_time":"2024-11-22T09:50:30+00:00","og_image":[{"width":507,"height":329,"url":"https:\/\/i0.wp.com\/www.delongtop.com\/wp-content\/uploads\/2024\/03\/Motorcycle-Starter-Battery-Sodium-12V-10Ah-.png?fit=507%2C329&ssl=1","type":"image\/png"}],"twitter_card":"summary_large_image","twitter_misc":{"Dur\u00e9e de lecture estim\u00e9e":"2 minutes"},"schema":{"@context":"https:\/\/schema.org","@graph":[{"@type":"WebPage","@id":"https:\/\/www.delongtop.com\/product\/12v-5200mah-18650-sodium-ion-battery\/","url":"https:\/\/www.delongtop.com\/product\/12v-5200mah-18650-sodium-ion-battery\/","name":"12V 5200mAh 18650 Sodium Ion Battery For Motorcycle - Delong Energy","isPartOf":{"@id":"https:\/\/www.delongtop.com\/#website"},"primaryImageOfPage":{"@id":"https:\/\/www.delongtop.com\/product\/12v-5200mah-18650-sodium-ion-battery\/#primaryimage"},"image":{"@id":"https:\/\/www.delongtop.com\/product\/12v-5200mah-18650-sodium-ion-battery\/#primaryimage"},"thumbnailUrl":"https:\/\/www.delongtop.com\/wp-content\/uploads\/2024\/03\/Motorcycle-Starter-Battery-Sodium-12V-10Ah-.png","datePublished":"2024-03-12T10:03:38+00:00","dateModified":"2024-11-22T09:50:30+00:00","breadcrumb":{"@id":"https:\/\/www.delongtop.com\/product\/12v-5200mah-18650-sodium-ion-battery\/#breadcrumb"},"inLanguage":"fr-FR","potentialAction":[{"@type":"ReadAction","target":["https:\/\/www.delongtop.com\/product\/12v-5200mah-18650-sodium-ion-battery\/"]}]},{"@type":"ImageObject","inLanguage":"fr-FR","@id":"https:\/\/www.delongtop.com\/product\/12v-5200mah-18650-sodium-ion-battery\/#primaryimage","url":"https:\/\/www.delongtop.com\/wp-content\/uploads\/2024\/03\/Motorcycle-Starter-Battery-Sodium-12V-10Ah-.png","contentUrl":"https:\/\/www.delongtop.com\/wp-content\/uploads\/2024\/03\/Motorcycle-Starter-Battery-Sodium-12V-10Ah-.png"},{"@type":"BreadcrumbList","@id":"https:\/\/www.delongtop.com\/product\/12v-5200mah-18650-sodium-ion-battery\/#breadcrumb","itemListElement":[{"@type":"ListItem","position":1,"name":"Home","item":"https:\/\/www.delongtop.com\/"},{"@type":"ListItem","position":2,"name":"Modern Products","item":"https:\/\/www.delongtop.com\/products\/"},{"@type":"ListItem","position":3,"name":"12V 5200mAh 18650 Sodium Ion Battery For Motorcycle"}]},{"@type":"WebSite","@id":"https:\/\/www.delongtop.com\/#website","url":"https:\/\/www.delongtop.com\/","name":"Delong Energy","description":"Lithium Ion Battery Manufacturer &amp; Factory In China","potentialAction":[{"@type":"SearchAction","target":{"@type":"EntryPoint","urlTemplate":"https:\/\/www.delongtop.com\/?s={search_term_string}"},"query-input":{"@type":"PropertyValueSpecification","valueRequired":true,"valueName":"search_term_string"}}],"inLanguage":"fr-FR"}]}},"jetpack_sharing_enabled":true,"_links":{"self":[{"href":"https:\/\/www.delongtop.com\/fr\/wp-json\/wp\/v2\/product\/23353","targetHints":{"allow":["GET"]}}],"collection":[{"href":"https:\/\/www.delongtop.com\/fr\/wp-json\/wp\/v2\/product"}],"about":[{"href":"https:\/\/www.delongtop.com\/fr\/wp-json\/wp\/v2\/types\/product"}],"replies":[{"embeddable":true,"href":"https:\/\/www.delongtop.com\/fr\/wp-json\/wp\/v2\/comments?post=23353"}],"wp:attachment":[{"href":"https:\/\/www.delongtop.com\/fr\/wp-json\/wp\/v2\/media?parent=23353"}],"wp:term":[{"taxonomy":"product_brand","embeddable":true,"href":"https:\/\/www.delongtop.com\/fr\/wp-json\/wp\/v2\/product_brand?post=23353"},{"taxonomy":"product_cat","embeddable":true,"href":"https:\/\/www.delongtop.com\/fr\/wp-json\/wp\/v2\/product_cat?post=23353"},{"taxonomy":"product_tag","embeddable":true,"href":"https:\/\/www.delongtop.com\/fr\/wp-json\/wp\/v2\/product_tag?post=23353"}],"curies":[{"name":"wp","href":"https:\/\/api.w.org\/{rel}","templated":true}]}}