{"id":23356,"date":"2024-03-12T15:31:01","date_gmt":"2024-03-12T15:31:01","guid":{"rendered":"https:\/\/www.delongtop.com\/?post_type=product&#038;p=23356"},"modified":"2024-11-22T09:50:03","modified_gmt":"2024-11-22T09:50:03","slug":"12v-6-5ah-18650-rechargeable-sodium-powered-battery","status":"publish","type":"product","link":"https:\/\/www.delongtop.com\/fr\/product\/12v-6-5ah-18650-rechargeable-sodium-powered-battery\/","title":{"rendered":"Batterie rechargeable au sodium 12V 6.5Ah 18650"},"content":{"rendered":"<h2><span style=\"color: #339966;\"><strong>12V 5200mAh Sodium Ion Motorcycle Starter Battery 18650<\/strong><\/span><\/h2>\n<p>La batterie 12V 6,5Ah est une batterie rechargeable. <a href=\"https:\/\/www.delongtop.com\/fr\/what-is-sodium-ion-battery\/\" target=\"_blank\" rel=\"noopener\">batterie sodium-ion<\/a> qui peuvent \u00eatre utilis\u00e9es comme source d'\u00e9nergie pour le d\u00e9marrage des v\u00e9hicules \u00e9lectriques et des motocyclettes. Vous ne vous en rendez peut-\u00eatre pas encore compte, mais les batteries au sodium remplacent progressivement les batteries plomb-acide et deviennent l'option la plus courante pour les batteries de d\u00e9marrage. Mais quels sont ses avantages ?<\/p>\n<div id=\"attachment_23350\" style=\"width: 517px\" class=\"wp-caption aligncenter\"><img decoding=\"async\" aria-describedby=\"caption-attachment-23350\" class=\"lazyload wp-image-23350 size-full\" src=\"data:image\/svg+xml,%3Csvg%20xmlns%3D%27http%3A%2F%2Fwww.w3.org%2F2000%2Fsvg%27%20width%3D%27507%27%20height%3D%27329%27%20viewBox%3D%270%200%20507%20329%27%3E%3Crect%20width%3D%27507%27%20height%3D%27329%27%20fill-opacity%3D%220%22%2F%3E%3C%2Fsvg%3E\" data-orig-src=\"https:\/\/www.delongtop.com\/wp-content\/uploads\/2024\/03\/Motorcycle-Starter-Battery-Sodium-12V-10Ah-.png\" alt=\"Batterie de d\u00e9marrage de moto au sodium\" width=\"507\" height=\"329\" \/><p id=\"caption-attachment-23350\" class=\"wp-caption-text\">Batterie de d\u00e9marrage de moto SIB<\/p><\/div>\n<h2><span style=\"color: #339966;\"><strong><b>Avantages de la <\/b><\/strong><strong><b>12V <\/b><\/strong><strong><b>65<\/b><\/strong><strong><b>00mAh<\/b><\/strong><strong><b>\u00a0Batterie au sodium<\/b><\/strong><\/span><\/h2>\n<ol>\n<li>La batterie sodium-ion 12V 6,5Ah a une longue dur\u00e9e de vie, capable d'effectuer 3000 cycles de charge-d\u00e9charge, ce qui la rend tr\u00e8s appropri\u00e9e pour les motos qui subiront de multiples d\u00e9marrages.<\/li>\n<li>Les motos ont un espace et un poids limit\u00e9s. Les batteries sodium-ion, en raison de leur haute densit\u00e9 \u00e9nerg\u00e9tique, de leur petite taille, de leur poids l\u00e9ger et de leur courant de d\u00e9charge instantan\u00e9 \u00e9lev\u00e9, sont parfaites comme batteries de d\u00e9marrage pour les motos.<\/li>\n<li>En tant que mode de transport courant, les gens ont \u00e9galement des exigences en mati\u00e8re de temps de charge des v\u00e9hicules. Lorsque nous choisissons une source d'\u00e9nergie, nous avons tendance \u00e0 pr\u00e9f\u00e9rer les batteries qui peuvent \u00eatre charg\u00e9es compl\u00e8tement en peu de temps. L'un des avantages des batteries sodium-ion est qu'elles atteignent la saturation en 20 minutes environ !<\/li>\n<li>Un autre aspect louable des batteries sodium-ion est leur performance en mati\u00e8re de s\u00e9curit\u00e9. Elles ont pass\u00e9 tous les tests de s\u00e9curit\u00e9 auxquels sont soumises les piles au lithium, y compris la surcharge, la d\u00e9charge excessive et les courts-circuits. Non seulement elles ne fuient pas, ne gonflent pas et n'explosent pas, mais elles sont m\u00eame plus performantes que les piles au lithium.<\/li>\n<li>Les motos sont des outils utilis\u00e9s tout au long de l'ann\u00e9e et n\u00e9cessitent des batteries de d\u00e9marrage ayant une forte capacit\u00e9 d'adaptation \u00e0 la temp\u00e9rature. Une batterie sodium-ion de 6500mAh peut fonctionner de -40\u00b0C \u00e0 60\u00b0C, ce qui la rend utilisable m\u00eame par temps extr\u00eamement froid.<\/li>\n<\/ol>\n<h2><span style=\"color: #339966;\"><strong>\u00c0 propos de Delong Top<\/strong><\/span><\/h2>\n<p>En tant que principal fabricant de batteries en Chine, nous disposons de plusieurs lignes de production de pointe. Nous respectons scrupuleusement le processus de production afin d'assurer la livraison de batteries sodium-ion aux utilisateurs du monde entier dans les d\u00e9lais impartis, avec une qualit\u00e9 et une quantit\u00e9 garanties. Bien entendu, nous nous effor\u00e7ons \u00e9galement de proposer les prix les plus comp\u00e9titifs afin de permettre \u00e0 nos clients de mener \u00e0 bien leurs projets de mani\u00e8re plus efficace. Si vous avez des besoins en mati\u00e8re de batteries sodium-ion, n'h\u00e9sitez pas \u00e0 nous contacter, <a href=\"https:\/\/www.delongtop.com\/fr\/product-category\/lithium-ion-battery-pack\/12v-lithium-battery\/\" target=\"_blank\" rel=\"noopener\">batteries lithium-ion<\/a>ou <a href=\"https:\/\/www.delongtop.com\/fr\/product-category\/energy-storage-battery\/\" target=\"_blank\" rel=\"noopener\">les syst\u00e8mes de stockage d'\u00e9nergie<\/a>N'h\u00e9sitez pas \u00e0 communiquer avec nous \u00e0 tout moment.<\/p>\n<div id=\"attachment_22036\" style=\"width: 1010px\" class=\"wp-caption aligncenter\"><img data-recalc-dims=\"1\" decoding=\"async\" aria-describedby=\"caption-attachment-22036\" class=\"lazyload size-full wp-image-22036\" src=\"https:\/\/i0.wp.com\/www.delongtop.com\/wp-content\/uploads\/2023\/11\/Delong-Energy-Factory-05.jpg?resize=1000%2C667&#038;ssl=1\" data-orig-src=\"https:\/\/www.delongtop.com\/wp-content\/uploads\/2023\/11\/Delong-Energy-Factory-05.jpg\" alt=\"Usine \u00e9nerg\u00e9tique de Delong\" width=\"1000\" height=\"667\" srcset=\"data:image\/svg+xml,%3Csvg%20xmlns%3D%27http%3A%2F%2Fwww.w3.org%2F2000%2Fsvg%27%20width%3D%271000%27%20height%3D%27667%27%20viewBox%3D%270%200%201000%20667%27%3E%3Crect%20width%3D%271000%27%20height%3D%27667%27%20fill-opacity%3D%220%22%2F%3E%3C%2Fsvg%3E\" data-srcset=\"https:\/\/i0.wp.com\/www.delongtop.com\/wp-content\/uploads\/2023\/11\/Delong-Energy-Factory-05.jpg?resize=200%2C133&amp;ssl=1 200w, https:\/\/i0.wp.com\/www.delongtop.com\/wp-content\/uploads\/2023\/11\/Delong-Energy-Factory-05.jpg?resize=300%2C200&amp;ssl=1 300w, https:\/\/i0.wp.com\/www.delongtop.com\/wp-content\/uploads\/2023\/11\/Delong-Energy-Factory-05.jpg?resize=400%2C267&amp;ssl=1 400w, https:\/\/i0.wp.com\/www.delongtop.com\/wp-content\/uploads\/2023\/11\/Delong-Energy-Factory-05.jpg?resize=500%2C334&amp;ssl=1 500w, https:\/\/i0.wp.com\/www.delongtop.com\/wp-content\/uploads\/2023\/11\/Delong-Energy-Factory-05.jpg?resize=600%2C400&amp;ssl=1 600w, https:\/\/i0.wp.com\/www.delongtop.com\/wp-content\/uploads\/2023\/11\/Delong-Energy-Factory-05.jpg?resize=700%2C467&amp;ssl=1 700w, https:\/\/i0.wp.com\/www.delongtop.com\/wp-content\/uploads\/2023\/11\/Delong-Energy-Factory-05.jpg?resize=768%2C512&amp;ssl=1 768w, https:\/\/i0.wp.com\/www.delongtop.com\/wp-content\/uploads\/2023\/11\/Delong-Energy-Factory-05.jpg?resize=800%2C534&amp;ssl=1 800w, https:\/\/i0.wp.com\/www.delongtop.com\/wp-content\/uploads\/2023\/11\/Delong-Energy-Factory-05.jpg?w=1000&amp;ssl=1 1000w\" data-sizes=\"auto\" data-orig-sizes=\"(max-width: 1000px) 100vw, 1000px\" \/><p id=\"caption-attachment-22036\" class=\"wp-caption-text\">Usine \u00e9nerg\u00e9tique de Delong<\/p><\/div>","protected":false},"excerpt":{"rendered":"<ul>\n<li>Tension : 12 volts<\/li>\n<li>Capacit\u00e9 : 6.5Ah<\/li>\n<li>Dur\u00e9e de vie : 3000 cycles<\/li>\n<li>Temp\u00e9rature : -40\u2103~+60\u2103<\/li>\n<li>Entretien : Non<\/li>\n<\/ul>","protected":false},"featured_media":0,"comment_status":"open","ping_status":"closed","template":"","meta":[],"product_brand":[],"product_cat":[270],"product_tag":[],"class_list":{"0":"post-23356","1":"product","2":"type-product","3":"status-publish","5":"product_cat-sodium-ion-battery","7":"first","8":"instock","9":"shipping-taxable","10":"product-type-simple"},"yoast_head":"<!-- This site is optimized with the Yoast SEO plugin v25.0 - https:\/\/yoast.com\/wordpress\/plugins\/seo\/ -->\n<title>12V 6.5Ah 18650 Rechargeable Sodium Powered Battery - Delong Energy<\/title>\n<meta name=\"robots\" content=\"index, follow, max-snippet:-1, max-image-preview:large, max-video-preview:-1\" \/>\n<link rel=\"canonical\" href=\"https:\/\/www.delongtop.com\/fr\/product\/12v-6-5ah-18650-rechargeable-sodium-powered-battery\/\" \/>\n<meta property=\"og:locale\" content=\"fr_FR\" \/>\n<meta property=\"og:type\" content=\"article\" \/>\n<meta property=\"og:title\" content=\"12V 6.5Ah 18650 Rechargeable Sodium Powered Battery - Delong Energy\" \/>\n<meta property=\"og:description\" content=\"Voltage: 12 Volt  Capacity: 6.5Ah  Cycle Life: 3000 cycles  Temperature: -40\u2103~+60\u2103  Maintenance: No\" \/>\n<meta property=\"og:url\" content=\"https:\/\/www.delongtop.com\/fr\/product\/12v-6-5ah-18650-rechargeable-sodium-powered-battery\/\" \/>\n<meta property=\"og:site_name\" content=\"Delong Energy\" \/>\n<meta property=\"article:modified_time\" content=\"2024-11-22T09:50:03+00:00\" \/>\n<meta property=\"og:image\" content=\"https:\/\/i0.wp.com\/www.delongtop.com\/wp-content\/uploads\/2024\/03\/Motorcycle-Starter-Battery-Sodium-12V-10Ah-.png?fit=507%2C329&ssl=1\" \/>\n\t<meta property=\"og:image:width\" content=\"507\" \/>\n\t<meta property=\"og:image:height\" content=\"329\" \/>\n\t<meta property=\"og:image:type\" content=\"image\/png\" \/>\n<meta name=\"twitter:card\" content=\"summary_large_image\" \/>\n<meta name=\"twitter:label1\" content=\"Dur\u00e9e de lecture estim\u00e9e\" \/>\n\t<meta name=\"twitter:data1\" content=\"3 minutes\" \/>\n<script type=\"application\/ld+json\" class=\"yoast-schema-graph\">{\"@context\":\"https:\/\/schema.org\",\"@graph\":[{\"@type\":\"WebPage\",\"@id\":\"https:\/\/www.delongtop.com\/product\/12v-6-5ah-18650-rechargeable-sodium-powered-battery\/\",\"url\":\"https:\/\/www.delongtop.com\/product\/12v-6-5ah-18650-rechargeable-sodium-powered-battery\/\",\"name\":\"12V 6.5Ah 18650 Rechargeable Sodium Powered Battery - Delong Energy\",\"isPartOf\":{\"@id\":\"https:\/\/www.delongtop.com\/#website\"},\"primaryImageOfPage\":{\"@id\":\"https:\/\/www.delongtop.com\/product\/12v-6-5ah-18650-rechargeable-sodium-powered-battery\/#primaryimage\"},\"image\":{\"@id\":\"https:\/\/www.delongtop.com\/product\/12v-6-5ah-18650-rechargeable-sodium-powered-battery\/#primaryimage\"},\"thumbnailUrl\":\"https:\/\/www.delongtop.com\/wp-content\/uploads\/2024\/03\/Motorcycle-Starter-Battery-Sodium-12V-10Ah-.png\",\"datePublished\":\"2024-03-12T15:31:01+00:00\",\"dateModified\":\"2024-11-22T09:50:03+00:00\",\"breadcrumb\":{\"@id\":\"https:\/\/www.delongtop.com\/product\/12v-6-5ah-18650-rechargeable-sodium-powered-battery\/#breadcrumb\"},\"inLanguage\":\"fr-FR\",\"potentialAction\":[{\"@type\":\"ReadAction\",\"target\":[\"https:\/\/www.delongtop.com\/product\/12v-6-5ah-18650-rechargeable-sodium-powered-battery\/\"]}]},{\"@type\":\"ImageObject\",\"inLanguage\":\"fr-FR\",\"@id\":\"https:\/\/www.delongtop.com\/product\/12v-6-5ah-18650-rechargeable-sodium-powered-battery\/#primaryimage\",\"url\":\"https:\/\/www.delongtop.com\/wp-content\/uploads\/2024\/03\/Motorcycle-Starter-Battery-Sodium-12V-10Ah-.png\",\"contentUrl\":\"https:\/\/www.delongtop.com\/wp-content\/uploads\/2024\/03\/Motorcycle-Starter-Battery-Sodium-12V-10Ah-.png\"},{\"@type\":\"BreadcrumbList\",\"@id\":\"https:\/\/www.delongtop.com\/product\/12v-6-5ah-18650-rechargeable-sodium-powered-battery\/#breadcrumb\",\"itemListElement\":[{\"@type\":\"ListItem\",\"position\":1,\"name\":\"Home\",\"item\":\"https:\/\/www.delongtop.com\/\"},{\"@type\":\"ListItem\",\"position\":2,\"name\":\"Modern Products\",\"item\":\"https:\/\/www.delongtop.com\/products\/\"},{\"@type\":\"ListItem\",\"position\":3,\"name\":\"12V 6.5Ah 18650 Rechargeable Sodium Powered Battery\"}]},{\"@type\":\"WebSite\",\"@id\":\"https:\/\/www.delongtop.com\/#website\",\"url\":\"https:\/\/www.delongtop.com\/\",\"name\":\"Delong Energy\",\"description\":\"Lithium Ion Battery Manufacturer &amp; Factory In China\",\"potentialAction\":[{\"@type\":\"SearchAction\",\"target\":{\"@type\":\"EntryPoint\",\"urlTemplate\":\"https:\/\/www.delongtop.com\/?s={search_term_string}\"},\"query-input\":{\"@type\":\"PropertyValueSpecification\",\"valueRequired\":true,\"valueName\":\"search_term_string\"}}],\"inLanguage\":\"fr-FR\"}]}<\/script>\n<!-- \/ Yoast SEO plugin. -->","yoast_head_json":{"title":"12V 6.5Ah 18650 Rechargeable Sodium Powered Battery - Delong Energy","robots":{"index":"index","follow":"follow","max-snippet":"max-snippet:-1","max-image-preview":"max-image-preview:large","max-video-preview":"max-video-preview:-1"},"canonical":"https:\/\/www.delongtop.com\/fr\/product\/12v-6-5ah-18650-rechargeable-sodium-powered-battery\/","og_locale":"fr_FR","og_type":"article","og_title":"12V 6.5Ah 18650 Rechargeable Sodium Powered Battery - Delong Energy","og_description":"Voltage: 12 Volt  Capacity: 6.5Ah  Cycle Life: 3000 cycles  Temperature: -40\u2103~+60\u2103  Maintenance: No","og_url":"https:\/\/www.delongtop.com\/fr\/product\/12v-6-5ah-18650-rechargeable-sodium-powered-battery\/","og_site_name":"Delong Energy","article_modified_time":"2024-11-22T09:50:03+00:00","og_image":[{"width":507,"height":329,"url":"https:\/\/i0.wp.com\/www.delongtop.com\/wp-content\/uploads\/2024\/03\/Motorcycle-Starter-Battery-Sodium-12V-10Ah-.png?fit=507%2C329&ssl=1","type":"image\/png"}],"twitter_card":"summary_large_image","twitter_misc":{"Dur\u00e9e de lecture estim\u00e9e":"3 minutes"},"schema":{"@context":"https:\/\/schema.org","@graph":[{"@type":"WebPage","@id":"https:\/\/www.delongtop.com\/product\/12v-6-5ah-18650-rechargeable-sodium-powered-battery\/","url":"https:\/\/www.delongtop.com\/product\/12v-6-5ah-18650-rechargeable-sodium-powered-battery\/","name":"12V 6.5Ah 18650 Rechargeable Sodium Powered Battery - Delong Energy","isPartOf":{"@id":"https:\/\/www.delongtop.com\/#website"},"primaryImageOfPage":{"@id":"https:\/\/www.delongtop.com\/product\/12v-6-5ah-18650-rechargeable-sodium-powered-battery\/#primaryimage"},"image":{"@id":"https:\/\/www.delongtop.com\/product\/12v-6-5ah-18650-rechargeable-sodium-powered-battery\/#primaryimage"},"thumbnailUrl":"https:\/\/www.delongtop.com\/wp-content\/uploads\/2024\/03\/Motorcycle-Starter-Battery-Sodium-12V-10Ah-.png","datePublished":"2024-03-12T15:31:01+00:00","dateModified":"2024-11-22T09:50:03+00:00","breadcrumb":{"@id":"https:\/\/www.delongtop.com\/product\/12v-6-5ah-18650-rechargeable-sodium-powered-battery\/#breadcrumb"},"inLanguage":"fr-FR","potentialAction":[{"@type":"ReadAction","target":["https:\/\/www.delongtop.com\/product\/12v-6-5ah-18650-rechargeable-sodium-powered-battery\/"]}]},{"@type":"ImageObject","inLanguage":"fr-FR","@id":"https:\/\/www.delongtop.com\/product\/12v-6-5ah-18650-rechargeable-sodium-powered-battery\/#primaryimage","url":"https:\/\/www.delongtop.com\/wp-content\/uploads\/2024\/03\/Motorcycle-Starter-Battery-Sodium-12V-10Ah-.png","contentUrl":"https:\/\/www.delongtop.com\/wp-content\/uploads\/2024\/03\/Motorcycle-Starter-Battery-Sodium-12V-10Ah-.png"},{"@type":"BreadcrumbList","@id":"https:\/\/www.delongtop.com\/product\/12v-6-5ah-18650-rechargeable-sodium-powered-battery\/#breadcrumb","itemListElement":[{"@type":"ListItem","position":1,"name":"Home","item":"https:\/\/www.delongtop.com\/"},{"@type":"ListItem","position":2,"name":"Modern Products","item":"https:\/\/www.delongtop.com\/products\/"},{"@type":"ListItem","position":3,"name":"12V 6.5Ah 18650 Rechargeable Sodium Powered Battery"}]},{"@type":"WebSite","@id":"https:\/\/www.delongtop.com\/#website","url":"https:\/\/www.delongtop.com\/","name":"Delong Energy","description":"Lithium Ion Battery Manufacturer &amp; Factory In China","potentialAction":[{"@type":"SearchAction","target":{"@type":"EntryPoint","urlTemplate":"https:\/\/www.delongtop.com\/?s={search_term_string}"},"query-input":{"@type":"PropertyValueSpecification","valueRequired":true,"valueName":"search_term_string"}}],"inLanguage":"fr-FR"}]}},"jetpack_sharing_enabled":true,"_links":{"self":[{"href":"https:\/\/www.delongtop.com\/fr\/wp-json\/wp\/v2\/product\/23356","targetHints":{"allow":["GET"]}}],"collection":[{"href":"https:\/\/www.delongtop.com\/fr\/wp-json\/wp\/v2\/product"}],"about":[{"href":"https:\/\/www.delongtop.com\/fr\/wp-json\/wp\/v2\/types\/product"}],"replies":[{"embeddable":true,"href":"https:\/\/www.delongtop.com\/fr\/wp-json\/wp\/v2\/comments?post=23356"}],"wp:attachment":[{"href":"https:\/\/www.delongtop.com\/fr\/wp-json\/wp\/v2\/media?parent=23356"}],"wp:term":[{"taxonomy":"product_brand","embeddable":true,"href":"https:\/\/www.delongtop.com\/fr\/wp-json\/wp\/v2\/product_brand?post=23356"},{"taxonomy":"product_cat","embeddable":true,"href":"https:\/\/www.delongtop.com\/fr\/wp-json\/wp\/v2\/product_cat?post=23356"},{"taxonomy":"product_tag","embeddable":true,"href":"https:\/\/www.delongtop.com\/fr\/wp-json\/wp\/v2\/product_tag?post=23356"}],"curies":[{"name":"wp","href":"https:\/\/api.w.org\/{rel}","templated":true}]}}