{"id":23362,"date":"2024-03-13T04:56:42","date_gmt":"2024-03-13T04:56:42","guid":{"rendered":"https:\/\/www.delongtop.com\/?post_type=product&#038;p=23362"},"modified":"2026-01-29T02:47:22","modified_gmt":"2026-01-29T02:47:22","slug":"12v-10400mah-18650-sodium-ion-battery-for-motorcycle","status":"publish","type":"product","link":"https:\/\/www.delongtop.com\/fr\/product\/12v-10400mah-18650-sodium-ion-battery-for-motorcycle\/","title":{"rendered":"12V 10400mAh 18650 Sodium Battery Rechargeable SIB"},"content":{"rendered":"<h2><span style=\"color: #339966;\"><strong>12V 10400mAh Sodium Ion Battery Rechargeable 18650<\/strong><\/span><\/h2>\n<p>&nbsp;<\/p>\n<div id=\"attachment_31941\" style=\"width: 517px\" class=\"wp-caption aligncenter\"><img data-recalc-dims=\"1\" decoding=\"async\" aria-describedby=\"caption-attachment-31941\" class=\"lazyload size-full wp-image-31941\" src=\"https:\/\/i0.wp.com\/www.delongtop.com\/wp-content\/uploads\/2024\/03\/12V-Motorcycle-Starting-Battery-Sodium-.jpg?resize=507%2C329&#038;ssl=1\" data-orig-src=\"https:\/\/www.delongtop.com\/wp-content\/uploads\/2024\/03\/12V-Motorcycle-Starting-Battery-Sodium-.jpg\" alt=\"12V Motorcycle Starting Battery Sodium\" width=\"507\" height=\"329\" srcset=\"data:image\/svg+xml,%3Csvg%20xmlns%3D%27http%3A%2F%2Fwww.w3.org%2F2000%2Fsvg%27%20width%3D%27507%27%20height%3D%27329%27%20viewBox%3D%270%200%20507%20329%27%3E%3Crect%20width%3D%27507%27%20height%3D%27329%27%20fill-opacity%3D%220%22%2F%3E%3C%2Fsvg%3E\" data-srcset=\"https:\/\/i0.wp.com\/www.delongtop.com\/wp-content\/uploads\/2024\/03\/12V-Motorcycle-Starting-Battery-Sodium-.jpg?resize=18%2C12&amp;ssl=1 18w, https:\/\/i0.wp.com\/www.delongtop.com\/wp-content\/uploads\/2024\/03\/12V-Motorcycle-Starting-Battery-Sodium-.jpg?resize=200%2C130&amp;ssl=1 200w, https:\/\/i0.wp.com\/www.delongtop.com\/wp-content\/uploads\/2024\/03\/12V-Motorcycle-Starting-Battery-Sodium-.jpg?resize=300%2C195&amp;ssl=1 300w, https:\/\/i0.wp.com\/www.delongtop.com\/wp-content\/uploads\/2024\/03\/12V-Motorcycle-Starting-Battery-Sodium-.jpg?resize=400%2C260&amp;ssl=1 400w, https:\/\/i0.wp.com\/www.delongtop.com\/wp-content\/uploads\/2024\/03\/12V-Motorcycle-Starting-Battery-Sodium-.jpg?resize=500%2C324&amp;ssl=1 500w, https:\/\/i0.wp.com\/www.delongtop.com\/wp-content\/uploads\/2024\/03\/12V-Motorcycle-Starting-Battery-Sodium-.jpg?w=507&amp;ssl=1 507w\" data-sizes=\"auto\" data-orig-sizes=\"(max-width: 507px) 100vw, 507px\" \/><p id=\"caption-attachment-31941\" class=\"wp-caption-text\">12V Motorcycle Starting Battery Sodium<\/p><\/div>\n<p>&nbsp;<\/p>\n<table style=\"border-collapse: collapse; width: 664px; height: 550px;\" border=\"0\" width=\"466\" cellspacing=\"0\" cellpadding=\"0\">\n<tbody>\n<tr style=\"height: 18.75pt;\">\n<td class=\"et2\" style=\"height: 18.75pt; width: 183.75pt;\" width=\"245\" height=\"25\"><strong>Objet<\/strong><\/td>\n<td class=\"et2\" style=\"width: 165.75pt;\" width=\"221\"><strong>Sp\u00e9cifications<\/strong><\/td>\n<\/tr>\n<tr style=\"height: 22.00pt;\">\n<td class=\"et3\" style=\"height: 22.00pt; width: 183.75pt;\" width=\"245\" height=\"29\">Capacit\u00e9<\/td>\n<td class=\"et4\" style=\"width: 165.75pt;\" width=\"221\">10400mAh<\/td>\n<\/tr>\n<tr style=\"height: 14.25pt;\">\n<td class=\"et5\" style=\"height: 14.25pt; width: 183.75pt;\" width=\"245\" height=\"19\">Imp\u00e9dance<\/td>\n<td class=\"et5\" style=\"width: 165.75pt;\" width=\"221\">\u226430m\u03a9<\/td>\n<\/tr>\n<tr style=\"height: 14.25pt;\">\n<td class=\"et4\" style=\"height: 14.25pt; width: 183.75pt;\" width=\"245\" height=\"19\">Tension nominale<\/td>\n<td class=\"et3\" style=\"width: 165.75pt;\" width=\"221\">12V<\/td>\n<\/tr>\n<tr style=\"height: 13.50pt;\">\n<td class=\"et5\" style=\"height: 13.50pt; width: 183.75pt;\" width=\"245\" height=\"18\">Dimensions (mm)<\/td>\n<td class=\"et3\" style=\"width: 165.75pt;\" width=\"221\">150*87*132mm<\/td>\n<\/tr>\n<tr style=\"height: 13.50pt;\">\n<td class=\"et5\" style=\"height: 13.50pt; width: 183.75pt;\" width=\"245\" height=\"18\">Mode de chargement<\/td>\n<td class=\"et5\" style=\"width: 165.75pt;\" width=\"221\">CC \/ CV<\/td>\n<\/tr>\n<tr style=\"height: 14.25pt;\">\n<td class=\"et4\" style=\"height: 14.25pt; width: 183.75pt;\" width=\"245\" height=\"19\">Tension de charge<\/td>\n<td class=\"et3\" style=\"width: 165.75pt;\" width=\"221\">16 \u00b1 0.05V<\/td>\n<\/tr>\n<tr style=\"height: 14.25pt;\">\n<td class=\"et4\" style=\"height: 14.25pt; width: 183.75pt;\" width=\"245\" height=\"19\">Courant de charge standard<\/td>\n<td class=\"et3\" style=\"width: 165.75pt;\" width=\"221\">3,9A (0,5C)<\/td>\n<\/tr>\n<tr style=\"height: 14.25pt;\">\n<td class=\"et4\" style=\"height: 14.25pt; width: 183.75pt;\" width=\"245\" height=\"19\">Courant de charge maximal<\/td>\n<td class=\"et3\" style=\"width: 165.75pt;\" width=\"221\">31.2A (3C)<\/td>\n<\/tr>\n<tr style=\"height: 14.25pt;\">\n<td class=\"et4\" style=\"height: 14.25pt; width: 183.75pt;\" width=\"245\" height=\"19\">Min. Tension de d\u00e9charge<\/td>\n<td class=\"et3\" style=\"width: 165.75pt;\" width=\"221\">8V<\/td>\n<\/tr>\n<tr style=\"height: 14.25pt;\">\n<td class=\"et4\" style=\"height: 14.25pt; width: 183.75pt;\" width=\"245\" height=\"19\">Courant de d\u00e9charge standard<\/td>\n<td class=\"et3\" style=\"width: 165.75pt;\" width=\"221\">5.2A (0.5C)<\/td>\n<\/tr>\n<tr style=\"height: 14.25pt;\">\n<td class=\"et4\" style=\"height: 14.25pt; width: 183.75pt;\" width=\"245\" height=\"19\">Courant de d\u00e9charge continu maximal<\/td>\n<td class=\"et3\" style=\"width: 165.75pt;\" width=\"221\">208A (10C)<\/td>\n<\/tr>\n<tr style=\"height: 14.25pt;\">\n<td class=\"et4\" style=\"height: 14.25pt; width: 183.75pt;\" width=\"245\" height=\"19\">Instantan\u00e9 Courant de d\u00e9charge max. Courant de d\u00e9charge<\/td>\n<td class=\"et3\" style=\"width: 165.75pt;\" width=\"221\">312A (20C (\u22640.5s))<\/td>\n<\/tr>\n<tr style=\"height: 14.25pt;\">\n<td class=\"et6\" style=\"height: 14.25pt; width: 183.75pt;\" width=\"245\" height=\"19\">Temp\u00e9rature de charge<\/td>\n<td class=\"et7\" style=\"width: 165.75pt;\" width=\"221\"><span class=\"font2\">0<\/span><span class=\"font3\">\u2103<\/span><span class=\"font2\">~+45<\/span><span class=\"font3\">\u2103<\/span><\/td>\n<\/tr>\n<tr style=\"height: 14.25pt;\">\n<td class=\"et5\" style=\"height: 14.25pt; width: 183.75pt;\" width=\"245\" height=\"19\">Temp\u00e9rature de refoulement<\/td>\n<td class=\"et5\" style=\"width: 165.75pt;\" width=\"221\">-40\u2103 ~ +80\u2103<\/td>\n<\/tr>\n<tr style=\"height: 26.25pt;\">\n<td class=\"et5\" style=\"height: 26.25pt; width: 183.75pt;\" width=\"245\" height=\"35\">Temp\u00e9rature de stockage<\/td>\n<td class=\"et5\" style=\"width: 165.75pt;\" width=\"221\"><span class=\"font2\">\u2264Un mois - 10~+ 45<\/span><span class=\"font4\">\u2103<\/span><span class=\"font2\"><br \/>\n\u2264Trois mois - 10~+ 35<\/span><span class=\"font4\">\u2103<\/span><\/td>\n<\/tr>\n<tr style=\"height: 14.25pt;\">\n<td class=\"et5\" style=\"height: 14.25pt; width: 183.75pt;\" width=\"245\" height=\"19\">Humidit\u00e9 de stockage<\/td>\n<td class=\"et5\" style=\"width: 165.75pt;\" width=\"221\">65% \u00b1 20%RH<\/td>\n<\/tr>\n<tr style=\"height: 14.25pt;\">\n<td class=\"et5\" style=\"height: 14.25pt; width: 183.75pt;\" width=\"245\" height=\"19\">Cycle de vie<\/td>\n<td class=\"et5\" style=\"width: 165.75pt;\" width=\"221\">3000<\/td>\n<\/tr>\n<tr style=\"height: 14.25pt;\">\n<td class=\"et5\" style=\"height: 14.25pt; width: 183.75pt;\" width=\"245\" height=\"19\">Poids<\/td>\n<td class=\"et3\" style=\"width: 165.75pt;\" width=\"221\">230g<\/td>\n<\/tr>\n<\/tbody>\n<\/table>","protected":false},"excerpt":{"rendered":"<ul>\n<li>Tension : 12 volts<\/li>\n<li>Capacit\u00e9 : 10.4Ah<\/li>\n<li>Dur\u00e9e de vie : 3000 cycles<\/li>\n<li>Temp\u00e9rature : -40\u2103~+60\u2103<\/li>\n<li>Entretien : Non<\/li>\n<\/ul>","protected":false},"featured_media":31941,"comment_status":"open","ping_status":"closed","template":"","meta":[],"product_brand":[],"product_cat":[270],"product_tag":[],"class_list":{"0":"post-23362","1":"product","2":"type-product","3":"status-publish","4":"has-post-thumbnail","6":"product_cat-sodium-ion-battery","8":"first","9":"instock","10":"shipping-taxable","11":"product-type-simple"},"yoast_head":"<!-- This site is optimized with the Yoast SEO plugin v25.0 - https:\/\/yoast.com\/wordpress\/plugins\/seo\/ -->\n<title>12V 10400mAh 18650 Sodium Battery Rechargeable SIB - Delong Energy<\/title>\n<meta name=\"robots\" content=\"index, follow, max-snippet:-1, max-image-preview:large, max-video-preview:-1\" \/>\n<link rel=\"canonical\" href=\"https:\/\/www.delongtop.com\/fr\/product\/12v-10400mah-18650-sodium-ion-battery-for-motorcycle\/\" \/>\n<meta property=\"og:locale\" content=\"fr_FR\" \/>\n<meta property=\"og:type\" content=\"article\" \/>\n<meta property=\"og:title\" content=\"12V 10400mAh 18650 Sodium Battery Rechargeable SIB - Delong Energy\" \/>\n<meta property=\"og:description\" content=\"Voltage: 12 Volt  Capacity: 10.4Ah  Cycle Life: 3000 cycles  Temperature: -40\u2103~+60\u2103  Maintenance: No\" \/>\n<meta property=\"og:url\" content=\"https:\/\/www.delongtop.com\/fr\/product\/12v-10400mah-18650-sodium-ion-battery-for-motorcycle\/\" \/>\n<meta property=\"og:site_name\" content=\"Delong Energy\" \/>\n<meta property=\"article:modified_time\" content=\"2026-01-29T02:47:22+00:00\" \/>\n<meta property=\"og:image\" content=\"https:\/\/www.delongtop.com\/wp-content\/uploads\/2024\/03\/12V-Motorcycle-Starting-Battery-Sodium-.jpg\" \/>\n\t<meta property=\"og:image:width\" content=\"507\" \/>\n\t<meta property=\"og:image:height\" content=\"329\" \/>\n\t<meta property=\"og:image:type\" content=\"image\/jpeg\" \/>\n<meta name=\"twitter:card\" content=\"summary_large_image\" \/>\n<meta name=\"twitter:label1\" content=\"Dur\u00e9e de lecture estim\u00e9e\" \/>\n\t<meta name=\"twitter:data1\" content=\"1 minute\" \/>\n<script type=\"application\/ld+json\" class=\"yoast-schema-graph\">{\"@context\":\"https:\/\/schema.org\",\"@graph\":[{\"@type\":\"WebPage\",\"@id\":\"https:\/\/www.delongtop.com\/product\/12v-10400mah-18650-sodium-ion-battery-for-motorcycle\/\",\"url\":\"https:\/\/www.delongtop.com\/product\/12v-10400mah-18650-sodium-ion-battery-for-motorcycle\/\",\"name\":\"12V 10400mAh 18650 Sodium Battery Rechargeable SIB - Delong Energy\",\"isPartOf\":{\"@id\":\"https:\/\/www.delongtop.com\/#website\"},\"primaryImageOfPage\":{\"@id\":\"https:\/\/www.delongtop.com\/product\/12v-10400mah-18650-sodium-ion-battery-for-motorcycle\/#primaryimage\"},\"image\":{\"@id\":\"https:\/\/www.delongtop.com\/product\/12v-10400mah-18650-sodium-ion-battery-for-motorcycle\/#primaryimage\"},\"thumbnailUrl\":\"https:\/\/i0.wp.com\/www.delongtop.com\/wp-content\/uploads\/2024\/03\/12V-Motorcycle-Starting-Battery-Sodium-.jpg?fit=507%2C329&ssl=1\",\"datePublished\":\"2024-03-13T04:56:42+00:00\",\"dateModified\":\"2026-01-29T02:47:22+00:00\",\"breadcrumb\":{\"@id\":\"https:\/\/www.delongtop.com\/product\/12v-10400mah-18650-sodium-ion-battery-for-motorcycle\/#breadcrumb\"},\"inLanguage\":\"fr-FR\",\"potentialAction\":[{\"@type\":\"ReadAction\",\"target\":[\"https:\/\/www.delongtop.com\/product\/12v-10400mah-18650-sodium-ion-battery-for-motorcycle\/\"]}]},{\"@type\":\"ImageObject\",\"inLanguage\":\"fr-FR\",\"@id\":\"https:\/\/www.delongtop.com\/product\/12v-10400mah-18650-sodium-ion-battery-for-motorcycle\/#primaryimage\",\"url\":\"https:\/\/i0.wp.com\/www.delongtop.com\/wp-content\/uploads\/2024\/03\/12V-Motorcycle-Starting-Battery-Sodium-.jpg?fit=507%2C329&ssl=1\",\"contentUrl\":\"https:\/\/i0.wp.com\/www.delongtop.com\/wp-content\/uploads\/2024\/03\/12V-Motorcycle-Starting-Battery-Sodium-.jpg?fit=507%2C329&ssl=1\",\"width\":507,\"height\":329,\"caption\":\"12V Motorcycle Starting Sodium Battery\"},{\"@type\":\"BreadcrumbList\",\"@id\":\"https:\/\/www.delongtop.com\/product\/12v-10400mah-18650-sodium-ion-battery-for-motorcycle\/#breadcrumb\",\"itemListElement\":[{\"@type\":\"ListItem\",\"position\":1,\"name\":\"Home\",\"item\":\"https:\/\/www.delongtop.com\/\"},{\"@type\":\"ListItem\",\"position\":2,\"name\":\"Modern Products\",\"item\":\"https:\/\/www.delongtop.com\/products\/\"},{\"@type\":\"ListItem\",\"position\":3,\"name\":\"12V 10400mAh 18650 Sodium Battery Rechargeable SIB\"}]},{\"@type\":\"WebSite\",\"@id\":\"https:\/\/www.delongtop.com\/#website\",\"url\":\"https:\/\/www.delongtop.com\/\",\"name\":\"Delong Energy\",\"description\":\"Lithium Ion Battery Manufacturer &amp; Factory In China\",\"potentialAction\":[{\"@type\":\"SearchAction\",\"target\":{\"@type\":\"EntryPoint\",\"urlTemplate\":\"https:\/\/www.delongtop.com\/?s={search_term_string}\"},\"query-input\":{\"@type\":\"PropertyValueSpecification\",\"valueRequired\":true,\"valueName\":\"search_term_string\"}}],\"inLanguage\":\"fr-FR\"}]}<\/script>\n<!-- \/ Yoast SEO plugin. -->","yoast_head_json":{"title":"12V 10400mAh 18650 Sodium Battery Rechargeable SIB - Delong Energy","robots":{"index":"index","follow":"follow","max-snippet":"max-snippet:-1","max-image-preview":"max-image-preview:large","max-video-preview":"max-video-preview:-1"},"canonical":"https:\/\/www.delongtop.com\/fr\/product\/12v-10400mah-18650-sodium-ion-battery-for-motorcycle\/","og_locale":"fr_FR","og_type":"article","og_title":"12V 10400mAh 18650 Sodium Battery Rechargeable SIB - Delong Energy","og_description":"Voltage: 12 Volt  Capacity: 10.4Ah  Cycle Life: 3000 cycles  Temperature: -40\u2103~+60\u2103  Maintenance: No","og_url":"https:\/\/www.delongtop.com\/fr\/product\/12v-10400mah-18650-sodium-ion-battery-for-motorcycle\/","og_site_name":"Delong Energy","article_modified_time":"2026-01-29T02:47:22+00:00","og_image":[{"width":507,"height":329,"url":"https:\/\/www.delongtop.com\/wp-content\/uploads\/2024\/03\/12V-Motorcycle-Starting-Battery-Sodium-.jpg","type":"image\/jpeg"}],"twitter_card":"summary_large_image","twitter_misc":{"Dur\u00e9e de lecture estim\u00e9e":"1 minute"},"schema":{"@context":"https:\/\/schema.org","@graph":[{"@type":"WebPage","@id":"https:\/\/www.delongtop.com\/product\/12v-10400mah-18650-sodium-ion-battery-for-motorcycle\/","url":"https:\/\/www.delongtop.com\/product\/12v-10400mah-18650-sodium-ion-battery-for-motorcycle\/","name":"12V 10400mAh 18650 Sodium Battery Rechargeable SIB - Delong Energy","isPartOf":{"@id":"https:\/\/www.delongtop.com\/#website"},"primaryImageOfPage":{"@id":"https:\/\/www.delongtop.com\/product\/12v-10400mah-18650-sodium-ion-battery-for-motorcycle\/#primaryimage"},"image":{"@id":"https:\/\/www.delongtop.com\/product\/12v-10400mah-18650-sodium-ion-battery-for-motorcycle\/#primaryimage"},"thumbnailUrl":"https:\/\/i0.wp.com\/www.delongtop.com\/wp-content\/uploads\/2024\/03\/12V-Motorcycle-Starting-Battery-Sodium-.jpg?fit=507%2C329&ssl=1","datePublished":"2024-03-13T04:56:42+00:00","dateModified":"2026-01-29T02:47:22+00:00","breadcrumb":{"@id":"https:\/\/www.delongtop.com\/product\/12v-10400mah-18650-sodium-ion-battery-for-motorcycle\/#breadcrumb"},"inLanguage":"fr-FR","potentialAction":[{"@type":"ReadAction","target":["https:\/\/www.delongtop.com\/product\/12v-10400mah-18650-sodium-ion-battery-for-motorcycle\/"]}]},{"@type":"ImageObject","inLanguage":"fr-FR","@id":"https:\/\/www.delongtop.com\/product\/12v-10400mah-18650-sodium-ion-battery-for-motorcycle\/#primaryimage","url":"https:\/\/i0.wp.com\/www.delongtop.com\/wp-content\/uploads\/2024\/03\/12V-Motorcycle-Starting-Battery-Sodium-.jpg?fit=507%2C329&ssl=1","contentUrl":"https:\/\/i0.wp.com\/www.delongtop.com\/wp-content\/uploads\/2024\/03\/12V-Motorcycle-Starting-Battery-Sodium-.jpg?fit=507%2C329&ssl=1","width":507,"height":329,"caption":"12V Motorcycle Starting Sodium Battery"},{"@type":"BreadcrumbList","@id":"https:\/\/www.delongtop.com\/product\/12v-10400mah-18650-sodium-ion-battery-for-motorcycle\/#breadcrumb","itemListElement":[{"@type":"ListItem","position":1,"name":"Home","item":"https:\/\/www.delongtop.com\/"},{"@type":"ListItem","position":2,"name":"Modern Products","item":"https:\/\/www.delongtop.com\/products\/"},{"@type":"ListItem","position":3,"name":"12V 10400mAh 18650 Sodium Battery Rechargeable SIB"}]},{"@type":"WebSite","@id":"https:\/\/www.delongtop.com\/#website","url":"https:\/\/www.delongtop.com\/","name":"Delong Energy","description":"Lithium Ion Battery Manufacturer &amp; Factory In China","potentialAction":[{"@type":"SearchAction","target":{"@type":"EntryPoint","urlTemplate":"https:\/\/www.delongtop.com\/?s={search_term_string}"},"query-input":{"@type":"PropertyValueSpecification","valueRequired":true,"valueName":"search_term_string"}}],"inLanguage":"fr-FR"}]}},"jetpack_sharing_enabled":true,"_links":{"self":[{"href":"https:\/\/www.delongtop.com\/fr\/wp-json\/wp\/v2\/product\/23362","targetHints":{"allow":["GET"]}}],"collection":[{"href":"https:\/\/www.delongtop.com\/fr\/wp-json\/wp\/v2\/product"}],"about":[{"href":"https:\/\/www.delongtop.com\/fr\/wp-json\/wp\/v2\/types\/product"}],"replies":[{"embeddable":true,"href":"https:\/\/www.delongtop.com\/fr\/wp-json\/wp\/v2\/comments?post=23362"}],"wp:featuredmedia":[{"embeddable":true,"href":"https:\/\/www.delongtop.com\/fr\/wp-json\/wp\/v2\/media\/31941"}],"wp:attachment":[{"href":"https:\/\/www.delongtop.com\/fr\/wp-json\/wp\/v2\/media?parent=23362"}],"wp:term":[{"taxonomy":"product_brand","embeddable":true,"href":"https:\/\/www.delongtop.com\/fr\/wp-json\/wp\/v2\/product_brand?post=23362"},{"taxonomy":"product_cat","embeddable":true,"href":"https:\/\/www.delongtop.com\/fr\/wp-json\/wp\/v2\/product_cat?post=23362"},{"taxonomy":"product_tag","embeddable":true,"href":"https:\/\/www.delongtop.com\/fr\/wp-json\/wp\/v2\/product_tag?post=23362"}],"curies":[{"name":"wp","href":"https:\/\/api.w.org\/{rel}","templated":true}]}}