{"id":23475,"date":"2024-03-20T08:47:50","date_gmt":"2024-03-20T08:47:50","guid":{"rendered":"https:\/\/www.delongtop.com\/?post_type=product&#038;p=23475"},"modified":"2024-11-22T09:49:16","modified_gmt":"2024-11-22T09:49:16","slug":"12v-57-2-ah-18650-sodium-ion-battery-for-cars","status":"publish","type":"product","link":"https:\/\/www.delongtop.com\/fr\/product\/12v-57-2-ah-18650-sodium-ion-battery-for-cars\/","title":{"rendered":"12V 57.2Ah 18650 Batterie Sodium Rechargeable SIB Pour D\u00e9marrage"},"content":{"rendered":"<h2><span style=\"color: #339966;\"><strong>12V 57.2Ah Rechargeable 18650 <\/strong><\/span><span style=\"color: #339966;\"><strong>Batterie Sodium Ion pour le d\u00e9marrage<\/strong><\/span><\/h2>\n<p>&nbsp;<\/p>\n<p><img data-recalc-dims=\"1\" decoding=\"async\" class=\"lazyload size-full wp-image-25074 aligncenter\" src=\"https:\/\/i0.wp.com\/www.delongtop.com\/wp-content\/uploads\/2024\/03\/12V-57.2Ah-Sodium-Ion-Battery.png?resize=473%2C451&#038;ssl=1\" data-orig-src=\"https:\/\/www.delongtop.com\/wp-content\/uploads\/2024\/03\/12V-57.2Ah-Sodium-Ion-Battery.png\" alt=\"\" width=\"473\" height=\"451\" srcset=\"data:image\/svg+xml,%3Csvg%20xmlns%3D%27http%3A%2F%2Fwww.w3.org%2F2000%2Fsvg%27%20width%3D%27473%27%20height%3D%27451%27%20viewBox%3D%270%200%20473%20451%27%3E%3Crect%20width%3D%27473%27%20height%3D%27451%27%20fill-opacity%3D%220%22%2F%3E%3C%2Fsvg%3E\" data-srcset=\"https:\/\/i0.wp.com\/www.delongtop.com\/wp-content\/uploads\/2024\/03\/12V-57.2Ah-Sodium-Ion-Battery.png?resize=200%2C191&amp;ssl=1 200w, https:\/\/i0.wp.com\/www.delongtop.com\/wp-content\/uploads\/2024\/03\/12V-57.2Ah-Sodium-Ion-Battery.png?resize=300%2C286&amp;ssl=1 300w, https:\/\/i0.wp.com\/www.delongtop.com\/wp-content\/uploads\/2024\/03\/12V-57.2Ah-Sodium-Ion-Battery.png?resize=400%2C381&amp;ssl=1 400w, https:\/\/i0.wp.com\/www.delongtop.com\/wp-content\/uploads\/2024\/03\/12V-57.2Ah-Sodium-Ion-Battery.png?w=473&amp;ssl=1 473w\" data-sizes=\"auto\" data-orig-sizes=\"(max-width: 473px) 100vw, 473px\" \/><\/p>\n<table style=\"border-collapse: collapse; width: 829px; height: 897px;\" border=\"0\" width=\"636\" cellspacing=\"0\" cellpadding=\"0\">\n<tbody>\n<tr style=\"height: 18.00pt;\">\n<td class=\"et3\" style=\"height: 154.00pt; width: 129.00pt;\" rowspan=\"6\" width=\"172\" height=\"205\"><strong>Cellule<\/strong><\/td>\n<td class=\"et4\" style=\"width: 157.50pt;\" width=\"210\">Mod\u00e8le<\/td>\n<td class=\"et5\" style=\"width: 190.50pt;\" width=\"254\"><span class=\"font4\">18650-1,3Ah<\/span><\/td>\n<\/tr>\n<tr style=\"height: 18.00pt;\">\n<td class=\"et4\">Capacit\u00e9<\/td>\n<td class=\"et5\"><span class=\"font3\">1.3Ah<\/span><\/td>\n<\/tr>\n<tr style=\"height: 18.00pt;\">\n<td class=\"et4\">Tension nominale<\/td>\n<td class=\"et5\"><span class=\"font3\">3.0V<\/span><\/td>\n<\/tr>\n<tr style=\"height: 18.00pt;\">\n<td class=\"et4\">R\u00e9sistance interne<\/td>\n<td class=\"et5\"><span class=\"font3\">\u226420m\u03a9<\/span><\/td>\n<\/tr>\n<tr style=\"height: 64.00pt;\">\n<td class=\"et4\">Combinaison Standard<\/td>\n<td class=\"et8\" style=\"width: 190.50pt;\" width=\"254\">A. Diff\u00e9rence de capacit\u00e9\u22641%<br \/>\nB. R\u00e9sistance()=1<span class=\"font5\">\uff5e<\/span><span class=\"font2\">3 m\u03a9<br \/>\nC. Capacit\u00e9 de maintien du courant\u226590%<br \/>\nD. Tension2,5<\/span><span class=\"font5\">\uff5e<\/span><span class=\"font2\">2.8V<\/span><\/td>\n<\/tr>\n<tr style=\"height: 18.00pt;\">\n<td class=\"et4\">M\u00e9thode de combinaison<\/td>\n<td class=\"et4\">4S44P<\/td>\n<\/tr>\n<tr style=\"height: 18.00pt;\">\n<td class=\"et9\" style=\"height: 126.00pt; width: 129.00pt;\" rowspan=\"7\" width=\"172\" height=\"168\"><strong>Caract\u00e9ristiques \u00e9lectriques<\/strong><\/td>\n<td class=\"et4\">Tension nominale<\/td>\n<td class=\"et4\">12V<\/td>\n<\/tr>\n<tr style=\"height: 18.00pt;\">\n<td class=\"et4\">Capacit\u00e9 nominale<\/td>\n<td class=\"et4\"><span class=\"font2\">57.2Ah<\/span><\/td>\n<\/tr>\n<tr style=\"height: 18.00pt;\">\n<td class=\"et4\">L'\u00e9nergie<\/td>\n<td class=\"et4\">686,4Wh<\/td>\n<\/tr>\n<tr style=\"height: 18.00pt;\">\n<td class=\"et4\">R\u00e9sistance interne<\/td>\n<td class=\"et4\"><span class=\"font2\">\u226410m<\/span><span class=\"font5\">\u03a9<\/span><\/td>\n<\/tr>\n<tr style=\"height: 18.00pt;\">\n<td class=\"et4\">Cycle de vie<\/td>\n<td class=\"et4\"><span class=\"font2\">&gt;3000 cycles @1C 70%DOD<\/span><\/td>\n<\/tr>\n<tr style=\"height: 18.00pt;\">\n<td class=\"et4\">Mois Autod\u00e9charge<\/td>\n<td class=\"et4\"><span class=\"font2\">&lt;3%<\/span><\/td>\n<\/tr>\n<tr style=\"height: 18.00pt;\">\n<td class=\"et4\">Efficacit\u00e9 de la d\u00e9charge<\/td>\n<td class=\"et4\">96~99% @1C<\/td>\n<\/tr>\n<tr style=\"height: 18.00pt;\">\n<td class=\"et3\" style=\"height: 72.00pt;\" rowspan=\"4\" height=\"96\"><strong>Frais standard<\/strong><\/td>\n<td class=\"et4\">Tension de charge<\/td>\n<td class=\"et4\"><span class=\"font2\">14.6V<\/span><span class=\"font5\">\u00b1<\/span><span class=\"font2\">0.2V<\/span><\/td>\n<\/tr>\n<tr style=\"height: 18.00pt;\">\n<td class=\"et4\">Mode de charge<\/td>\n<td class=\"et4\">1,0C \u00e0 14,6V, puis 14,6V, courant de charge \u00e0 0,02C(CC\/CV)<\/td>\n<\/tr>\n<tr style=\"height: 18.00pt;\">\n<td class=\"et4\">Courant de charge<\/td>\n<td class=\"et4\"><span class=\"font2\">1C<\/span><\/td>\n<\/tr>\n<tr style=\"height: 18.00pt;\">\n<td class=\"et4\">Courant de charge max. Courant de charge<\/td>\n<td class=\"et4\"><span class=\"font2\">57.2A<\/span><\/td>\n<\/tr>\n<tr style=\"height: 18.00pt;\">\n<td class=\"et3\" style=\"height: 54.00pt;\" rowspan=\"3\" height=\"72\"><strong>D\u00e9charge standard<\/strong><\/td>\n<td class=\"et4\">Courant continu<\/td>\n<td class=\"et4\">85.8A<\/td>\n<\/tr>\n<tr style=\"height: 18.00pt;\">\n<td class=\"et4\">Max. Courant d'impulsion<\/td>\n<td class=\"et4\"><span class=\"font2\">1716A<\/span><\/td>\n<\/tr>\n<tr style=\"height: 18.00pt;\">\n<td class=\"et4\">Tension de coupure de la d\u00e9charge<\/td>\n<td class=\"et4\"><span class=\"font2\">6.0V<\/span><\/td>\n<\/tr>\n<tr style=\"height: 18.00pt;\">\n<td class=\"et3\" style=\"height: 18.00pt;\" height=\"24\"><strong>CCA<\/strong><\/td>\n<td class=\"et4\"><span class=\"font2\">CCA<\/span><\/td>\n<td class=\"et4\"><span class=\"font2\">800CCA<\/span><\/td>\n<\/tr>\n<tr style=\"height: 18.00pt;\">\n<td class=\"et9\" style=\"height: 72.00pt; width: 129.00pt;\" rowspan=\"4\" width=\"172\" height=\"96\"><strong>Environnement<\/strong><\/td>\n<td class=\"et4\">Temp\u00e9rature de charge<\/td>\n<td class=\"et4\">-10 \u2103 \u00e0 45 \u2103 (14F \u00e0 113F) @60\u00b125% Humidit\u00e9 relative<\/td>\n<\/tr>\n<tr style=\"height: 18.00pt;\">\n<td class=\"et4\">Temp\u00e9rature de refoulement<\/td>\n<td class=\"et4\">-40 \u2103 \u00e0 60 \u2103 (-40F \u00e0 140F) @60\u00b125% Humidit\u00e9 relative<\/td>\n<\/tr>\n<tr style=\"height: 18.00pt;\">\n<td class=\"et4\">Temp\u00e9rature de stockage<\/td>\n<td class=\"et4\">-10 \u2103 \u00e0 40 \u2103 (14F \u00e0 104F) @60 \u00b125% Humidit\u00e9 relative<\/td>\n<\/tr>\n<tr style=\"height: 18.00pt;\">\n<td class=\"et4\">R\u00e9sistance \u00e0 l'eau et \u00e0 la poussi\u00e8re<\/td>\n<td class=\"et4\"><span class=\"font2\">IP56<\/span><\/td>\n<\/tr>\n<tr style=\"height: 18.00pt;\">\n<td class=\"et11\" style=\"height: 54.00pt; border-bottom: .5pt solid #000000;\" rowspan=\"3\" height=\"72\"><strong>M\u00e9canique<\/strong><\/td>\n<td class=\"et4\">Bo\u00eetier en plastique<\/td>\n<td class=\"et4\">ABS<\/td>\n<\/tr>\n<tr style=\"height: 18.00pt;\">\n<td class=\"et4\">Dimensions<span class=\"font5\">\uff08<\/span><span class=\"font2\">mm<\/span><span class=\"font5\">\uff09<\/span><\/td>\n<td class=\"et4\">230*175*221mm<\/td>\n<\/tr>\n<tr style=\"height: 18.00pt;\">\n<td class=\"et4\">Poids (kg)<\/td>\n<td class=\"et4\"><span class=\"font2\">10.5KG<\/span><\/td>\n<\/tr>\n<\/tbody>\n<\/table>\n<p>&nbsp;<\/p>","protected":false},"excerpt":{"rendered":"<ul>\n<li>Tension : 12 volts<\/li>\n<li>Capacit\u00e9 : 57.2Ah<\/li>\n<li>Dur\u00e9e de vie : 3000 cycles<\/li>\n<li>Temp\u00e9rature : -40\u2103~+60\u2103<\/li>\n<li>Entretien : Non<\/li>\n<\/ul>","protected":false},"featured_media":25074,"comment_status":"open","ping_status":"closed","template":"","meta":[],"product_brand":[],"product_cat":[270],"product_tag":[],"class_list":{"0":"post-23475","1":"product","2":"type-product","3":"status-publish","4":"has-post-thumbnail","6":"product_cat-sodium-ion-battery","8":"first","9":"instock","10":"shipping-taxable","11":"product-type-simple"},"yoast_head":"<!-- This site is optimized with the Yoast SEO plugin v25.0 - https:\/\/yoast.com\/wordpress\/plugins\/seo\/ -->\n<title>12V 57.2Ah 18650 Sodium Battery Rechargeable SIB For Starting - Delong Energy<\/title>\n<meta name=\"robots\" content=\"index, follow, max-snippet:-1, max-image-preview:large, max-video-preview:-1\" \/>\n<link rel=\"canonical\" href=\"https:\/\/www.delongtop.com\/fr\/product\/12v-57-2-ah-18650-sodium-ion-battery-for-cars\/\" \/>\n<meta property=\"og:locale\" content=\"fr_FR\" \/>\n<meta property=\"og:type\" content=\"article\" \/>\n<meta property=\"og:title\" content=\"12V 57.2Ah 18650 Sodium Battery Rechargeable SIB For Starting - Delong Energy\" \/>\n<meta property=\"og:description\" content=\"Voltage: 12 Volt  Capacity: 57.2Ah  Cycle Life: 3000 cycles  Temperature: -40\u2103~+60\u2103  Maintenance: No\" \/>\n<meta property=\"og:url\" content=\"https:\/\/www.delongtop.com\/fr\/product\/12v-57-2-ah-18650-sodium-ion-battery-for-cars\/\" \/>\n<meta property=\"og:site_name\" content=\"Delong Energy\" \/>\n<meta property=\"article:modified_time\" content=\"2024-11-22T09:49:16+00:00\" \/>\n<meta property=\"og:image\" content=\"https:\/\/i0.wp.com\/www.delongtop.com\/wp-content\/uploads\/2024\/03\/12V-57.2Ah-Sodium-Ion-Battery.png?fit=473%2C451&ssl=1\" \/>\n\t<meta property=\"og:image:width\" content=\"473\" \/>\n\t<meta property=\"og:image:height\" content=\"451\" \/>\n\t<meta property=\"og:image:type\" content=\"image\/png\" \/>\n<meta name=\"twitter:card\" content=\"summary_large_image\" \/>\n<meta name=\"twitter:label1\" content=\"Dur\u00e9e de lecture estim\u00e9e\" \/>\n\t<meta name=\"twitter:data1\" content=\"2 minutes\" \/>\n<script type=\"application\/ld+json\" class=\"yoast-schema-graph\">{\"@context\":\"https:\/\/schema.org\",\"@graph\":[{\"@type\":\"WebPage\",\"@id\":\"https:\/\/www.delongtop.com\/product\/12v-57-2-ah-18650-sodium-ion-battery-for-cars\/\",\"url\":\"https:\/\/www.delongtop.com\/product\/12v-57-2-ah-18650-sodium-ion-battery-for-cars\/\",\"name\":\"12V 57.2Ah 18650 Sodium Battery Rechargeable SIB For Starting - Delong Energy\",\"isPartOf\":{\"@id\":\"https:\/\/www.delongtop.com\/#website\"},\"primaryImageOfPage\":{\"@id\":\"https:\/\/www.delongtop.com\/product\/12v-57-2-ah-18650-sodium-ion-battery-for-cars\/#primaryimage\"},\"image\":{\"@id\":\"https:\/\/www.delongtop.com\/product\/12v-57-2-ah-18650-sodium-ion-battery-for-cars\/#primaryimage\"},\"thumbnailUrl\":\"https:\/\/i0.wp.com\/www.delongtop.com\/wp-content\/uploads\/2024\/03\/12V-57.2Ah-Sodium-Ion-Battery.png?fit=473%2C451&ssl=1\",\"datePublished\":\"2024-03-20T08:47:50+00:00\",\"dateModified\":\"2024-11-22T09:49:16+00:00\",\"breadcrumb\":{\"@id\":\"https:\/\/www.delongtop.com\/product\/12v-57-2-ah-18650-sodium-ion-battery-for-cars\/#breadcrumb\"},\"inLanguage\":\"fr-FR\",\"potentialAction\":[{\"@type\":\"ReadAction\",\"target\":[\"https:\/\/www.delongtop.com\/product\/12v-57-2-ah-18650-sodium-ion-battery-for-cars\/\"]}]},{\"@type\":\"ImageObject\",\"inLanguage\":\"fr-FR\",\"@id\":\"https:\/\/www.delongtop.com\/product\/12v-57-2-ah-18650-sodium-ion-battery-for-cars\/#primaryimage\",\"url\":\"https:\/\/i0.wp.com\/www.delongtop.com\/wp-content\/uploads\/2024\/03\/12V-57.2Ah-Sodium-Ion-Battery.png?fit=473%2C451&ssl=1\",\"contentUrl\":\"https:\/\/i0.wp.com\/www.delongtop.com\/wp-content\/uploads\/2024\/03\/12V-57.2Ah-Sodium-Ion-Battery.png?fit=473%2C451&ssl=1\",\"width\":473,\"height\":451},{\"@type\":\"BreadcrumbList\",\"@id\":\"https:\/\/www.delongtop.com\/product\/12v-57-2-ah-18650-sodium-ion-battery-for-cars\/#breadcrumb\",\"itemListElement\":[{\"@type\":\"ListItem\",\"position\":1,\"name\":\"Home\",\"item\":\"https:\/\/www.delongtop.com\/\"},{\"@type\":\"ListItem\",\"position\":2,\"name\":\"Modern Products\",\"item\":\"https:\/\/www.delongtop.com\/products\/\"},{\"@type\":\"ListItem\",\"position\":3,\"name\":\"12V 57.2Ah 18650 Sodium Battery Rechargeable SIB For Starting\"}]},{\"@type\":\"WebSite\",\"@id\":\"https:\/\/www.delongtop.com\/#website\",\"url\":\"https:\/\/www.delongtop.com\/\",\"name\":\"Delong Energy\",\"description\":\"Lithium Ion Battery Manufacturer &amp; Factory In China\",\"potentialAction\":[{\"@type\":\"SearchAction\",\"target\":{\"@type\":\"EntryPoint\",\"urlTemplate\":\"https:\/\/www.delongtop.com\/?s={search_term_string}\"},\"query-input\":{\"@type\":\"PropertyValueSpecification\",\"valueRequired\":true,\"valueName\":\"search_term_string\"}}],\"inLanguage\":\"fr-FR\"}]}<\/script>\n<!-- \/ Yoast SEO plugin. -->","yoast_head_json":{"title":"12V 57.2Ah 18650 Sodium Battery Rechargeable SIB For Starting - Delong Energy","robots":{"index":"index","follow":"follow","max-snippet":"max-snippet:-1","max-image-preview":"max-image-preview:large","max-video-preview":"max-video-preview:-1"},"canonical":"https:\/\/www.delongtop.com\/fr\/product\/12v-57-2-ah-18650-sodium-ion-battery-for-cars\/","og_locale":"fr_FR","og_type":"article","og_title":"12V 57.2Ah 18650 Sodium Battery Rechargeable SIB For Starting - Delong Energy","og_description":"Voltage: 12 Volt  Capacity: 57.2Ah  Cycle Life: 3000 cycles  Temperature: -40\u2103~+60\u2103  Maintenance: No","og_url":"https:\/\/www.delongtop.com\/fr\/product\/12v-57-2-ah-18650-sodium-ion-battery-for-cars\/","og_site_name":"Delong Energy","article_modified_time":"2024-11-22T09:49:16+00:00","og_image":[{"width":473,"height":451,"url":"https:\/\/i0.wp.com\/www.delongtop.com\/wp-content\/uploads\/2024\/03\/12V-57.2Ah-Sodium-Ion-Battery.png?fit=473%2C451&ssl=1","type":"image\/png"}],"twitter_card":"summary_large_image","twitter_misc":{"Dur\u00e9e de lecture estim\u00e9e":"2 minutes"},"schema":{"@context":"https:\/\/schema.org","@graph":[{"@type":"WebPage","@id":"https:\/\/www.delongtop.com\/product\/12v-57-2-ah-18650-sodium-ion-battery-for-cars\/","url":"https:\/\/www.delongtop.com\/product\/12v-57-2-ah-18650-sodium-ion-battery-for-cars\/","name":"12V 57.2Ah 18650 Sodium Battery Rechargeable SIB For Starting - Delong Energy","isPartOf":{"@id":"https:\/\/www.delongtop.com\/#website"},"primaryImageOfPage":{"@id":"https:\/\/www.delongtop.com\/product\/12v-57-2-ah-18650-sodium-ion-battery-for-cars\/#primaryimage"},"image":{"@id":"https:\/\/www.delongtop.com\/product\/12v-57-2-ah-18650-sodium-ion-battery-for-cars\/#primaryimage"},"thumbnailUrl":"https:\/\/i0.wp.com\/www.delongtop.com\/wp-content\/uploads\/2024\/03\/12V-57.2Ah-Sodium-Ion-Battery.png?fit=473%2C451&ssl=1","datePublished":"2024-03-20T08:47:50+00:00","dateModified":"2024-11-22T09:49:16+00:00","breadcrumb":{"@id":"https:\/\/www.delongtop.com\/product\/12v-57-2-ah-18650-sodium-ion-battery-for-cars\/#breadcrumb"},"inLanguage":"fr-FR","potentialAction":[{"@type":"ReadAction","target":["https:\/\/www.delongtop.com\/product\/12v-57-2-ah-18650-sodium-ion-battery-for-cars\/"]}]},{"@type":"ImageObject","inLanguage":"fr-FR","@id":"https:\/\/www.delongtop.com\/product\/12v-57-2-ah-18650-sodium-ion-battery-for-cars\/#primaryimage","url":"https:\/\/i0.wp.com\/www.delongtop.com\/wp-content\/uploads\/2024\/03\/12V-57.2Ah-Sodium-Ion-Battery.png?fit=473%2C451&ssl=1","contentUrl":"https:\/\/i0.wp.com\/www.delongtop.com\/wp-content\/uploads\/2024\/03\/12V-57.2Ah-Sodium-Ion-Battery.png?fit=473%2C451&ssl=1","width":473,"height":451},{"@type":"BreadcrumbList","@id":"https:\/\/www.delongtop.com\/product\/12v-57-2-ah-18650-sodium-ion-battery-for-cars\/#breadcrumb","itemListElement":[{"@type":"ListItem","position":1,"name":"Home","item":"https:\/\/www.delongtop.com\/"},{"@type":"ListItem","position":2,"name":"Modern Products","item":"https:\/\/www.delongtop.com\/products\/"},{"@type":"ListItem","position":3,"name":"12V 57.2Ah 18650 Sodium Battery Rechargeable SIB For Starting"}]},{"@type":"WebSite","@id":"https:\/\/www.delongtop.com\/#website","url":"https:\/\/www.delongtop.com\/","name":"Delong Energy","description":"Lithium Ion Battery Manufacturer &amp; Factory In China","potentialAction":[{"@type":"SearchAction","target":{"@type":"EntryPoint","urlTemplate":"https:\/\/www.delongtop.com\/?s={search_term_string}"},"query-input":{"@type":"PropertyValueSpecification","valueRequired":true,"valueName":"search_term_string"}}],"inLanguage":"fr-FR"}]}},"jetpack_sharing_enabled":true,"_links":{"self":[{"href":"https:\/\/www.delongtop.com\/fr\/wp-json\/wp\/v2\/product\/23475","targetHints":{"allow":["GET"]}}],"collection":[{"href":"https:\/\/www.delongtop.com\/fr\/wp-json\/wp\/v2\/product"}],"about":[{"href":"https:\/\/www.delongtop.com\/fr\/wp-json\/wp\/v2\/types\/product"}],"replies":[{"embeddable":true,"href":"https:\/\/www.delongtop.com\/fr\/wp-json\/wp\/v2\/comments?post=23475"}],"wp:featuredmedia":[{"embeddable":true,"href":"https:\/\/www.delongtop.com\/fr\/wp-json\/wp\/v2\/media\/25074"}],"wp:attachment":[{"href":"https:\/\/www.delongtop.com\/fr\/wp-json\/wp\/v2\/media?parent=23475"}],"wp:term":[{"taxonomy":"product_brand","embeddable":true,"href":"https:\/\/www.delongtop.com\/fr\/wp-json\/wp\/v2\/product_brand?post=23475"},{"taxonomy":"product_cat","embeddable":true,"href":"https:\/\/www.delongtop.com\/fr\/wp-json\/wp\/v2\/product_cat?post=23475"},{"taxonomy":"product_tag","embeddable":true,"href":"https:\/\/www.delongtop.com\/fr\/wp-json\/wp\/v2\/product_tag?post=23475"}],"curies":[{"name":"wp","href":"https:\/\/api.w.org\/{rel}","templated":true}]}}