{"id":23565,"date":"2024-03-29T07:24:12","date_gmt":"2024-03-29T07:24:12","guid":{"rendered":"https:\/\/www.delongtop.com\/?post_type=product&#038;p=23565"},"modified":"2024-05-02T02:00:07","modified_gmt":"2024-05-02T02:00:07","slug":"204v-307v-409v-512v-50ah-high-voltage-lifepo4-battery","status":"publish","type":"product","link":"https:\/\/www.delongtop.com\/fr\/product\/204v-307v-409v-512v-50ah-high-voltage-lifepo4-battery\/","title":{"rendered":"204V \/ 307V \/ 409V \/ 512V 50Ah High Voltage Lifepo4 Battery 20-50kwh | LFP-HV32-10"},"content":{"rendered":"<h2><span style=\"color: #339966;\">Caract\u00e9ristiques de la batterie Lifepo4 \u00e0 haute tension<\/span><\/h2>\n<p><strong><b>Am\u00e9lioration de l'efficacit\u00e9<\/b><\/strong>: Les syst\u00e8mes \u00e0 haute tension peuvent r\u00e9duire le courant pendant la transmission, r\u00e9duisant ainsi les pertes en ligne et augmentant l'efficacit\u00e9 du transfert d'\u00e9nergie.<\/p>\n<p><strong><b>Utilisation de l'espace<\/b><\/strong>: Pour une m\u00eame capacit\u00e9 de stockage d'\u00e9nergie, les syst\u00e8mes de stockage d'\u00e9nergie \u00e0 haute tension peuvent occuper moins d'espace car ils peuvent utiliser moins de combinaisons de batteries en parall\u00e8le.<\/p>\n<p><strong><b>Int\u00e9gration des syst\u00e8mes<\/b><\/strong>: Les syst\u00e8mes de stockage d'\u00e9nergie \u00e0 haute tension sont plus faciles \u00e0 int\u00e9grer au r\u00e9seau \u00e9lectrique, ce qui contribue \u00e0 am\u00e9liorer la stabilit\u00e9 du r\u00e9seau et le temps de r\u00e9ponse.<\/p>\n<p><strong><b>\u00c9conomies de co\u00fbts \u00e0 long terme<\/b><\/strong>: Bien que l'investissement initial puisse \u00eatre plus \u00e9lev\u00e9, l'efficacit\u00e9 \u00e9lev\u00e9e et les faibles co\u00fbts de maintenance peuvent permettre aux utilisateurs de r\u00e9aliser des \u00e9conomies \u00e0 long terme.<\/p>\n<p><img data-recalc-dims=\"1\" decoding=\"async\" class=\"lazyload size-full wp-image-23578 aligncenter\" src=\"https:\/\/i0.wp.com\/www.delongtop.com\/wp-content\/uploads\/2024\/03\/Stackable-High-Voltage-Battery-Pack-07.jpg?resize=1000%2C700&#038;ssl=1\" data-orig-src=\"https:\/\/www.delongtop.com\/wp-content\/uploads\/2024\/03\/Stackable-High-Voltage-Battery-Pack-07.jpg\" alt=\"\" width=\"1000\" height=\"700\" srcset=\"data:image\/svg+xml,%3Csvg%20xmlns%3D%27http%3A%2F%2Fwww.w3.org%2F2000%2Fsvg%27%20width%3D%271000%27%20height%3D%27700%27%20viewBox%3D%270%200%201000%20700%27%3E%3Crect%20width%3D%271000%27%20height%3D%27700%27%20fill-opacity%3D%220%22%2F%3E%3C%2Fsvg%3E\" data-srcset=\"https:\/\/i0.wp.com\/www.delongtop.com\/wp-content\/uploads\/2024\/03\/Stackable-High-Voltage-Battery-Pack-07.jpg?resize=200%2C140&amp;ssl=1 200w, https:\/\/i0.wp.com\/www.delongtop.com\/wp-content\/uploads\/2024\/03\/Stackable-High-Voltage-Battery-Pack-07.jpg?resize=300%2C210&amp;ssl=1 300w, https:\/\/i0.wp.com\/www.delongtop.com\/wp-content\/uploads\/2024\/03\/Stackable-High-Voltage-Battery-Pack-07.jpg?resize=400%2C280&amp;ssl=1 400w, https:\/\/i0.wp.com\/www.delongtop.com\/wp-content\/uploads\/2024\/03\/Stackable-High-Voltage-Battery-Pack-07.jpg?resize=500%2C350&amp;ssl=1 500w, https:\/\/i0.wp.com\/www.delongtop.com\/wp-content\/uploads\/2024\/03\/Stackable-High-Voltage-Battery-Pack-07.jpg?resize=600%2C420&amp;ssl=1 600w, https:\/\/i0.wp.com\/www.delongtop.com\/wp-content\/uploads\/2024\/03\/Stackable-High-Voltage-Battery-Pack-07.jpg?resize=700%2C490&amp;ssl=1 700w, https:\/\/i0.wp.com\/www.delongtop.com\/wp-content\/uploads\/2024\/03\/Stackable-High-Voltage-Battery-Pack-07.jpg?resize=768%2C538&amp;ssl=1 768w, https:\/\/i0.wp.com\/www.delongtop.com\/wp-content\/uploads\/2024\/03\/Stackable-High-Voltage-Battery-Pack-07.jpg?resize=800%2C560&amp;ssl=1 800w, https:\/\/i0.wp.com\/www.delongtop.com\/wp-content\/uploads\/2024\/03\/Stackable-High-Voltage-Battery-Pack-07.jpg?w=1000&amp;ssl=1 1000w\" data-sizes=\"auto\" data-orig-sizes=\"(max-width: 1000px) 100vw, 1000px\" \/><\/p>\n<h2><span style=\"color: #339966;\">Application du syst\u00e8me de stockage sur batterie \u00e0 haute tension<\/span><\/h2>\n<p><strong>Stockage des \u00e9nergies renouvelables<\/strong>: La production d'\u00e9nergies renouvelables telles que l'\u00e9nergie \u00e9olienne et solaire est fortement influenc\u00e9e par les conditions m\u00e9t\u00e9orologiques. Les batteries de stockage d'\u00e9nergie \u00e0 haute tension peuvent stocker l'\u00e9lectricit\u00e9 en cas d'abondance d'\u00e9nergie et la restituer en cas de p\u00e9nurie, \u00e9quilibrant ainsi l'offre et la demande.<\/p>\n<p><strong>R\u00e9seau \u00e9lectrique<\/strong>: Les batteries de stockage d'\u00e9nergie \u00e0 haute tension peuvent servir d'outils de r\u00e9gulation de la fr\u00e9quence et d'\u00e9cr\u00eatement des pointes dans le r\u00e9seau \u00e9lectrique, am\u00e9liorant ainsi sa stabilit\u00e9 et sa fiabilit\u00e9, en particulier pendant les p\u00e9riodes de forte demande.<\/p>\n<p><strong>Applications industrielles<\/strong>: Dans les environnements industriels qui n\u00e9cessitent une grande quantit\u00e9 d'\u00e9lectricit\u00e9 et une densit\u00e9 \u00e9nerg\u00e9tique \u00e9lev\u00e9e, tels que les grandes installations de fabrication ou les centres de donn\u00e9es, les batteries de stockage d'\u00e9nergie \u00e0 haute tension peuvent fournir une alimentation de secours ou un \u00e9quilibrage de la charge.<\/p>\n<p><strong>Transport<\/strong>: Les v\u00e9hicules tels que les v\u00e9hicules \u00e9lectriques (VE) et les syst\u00e8mes ferroviaires \u00e9lectrifi\u00e9s peuvent utiliser des batteries de stockage d'\u00e9nergie \u00e0 haute tension pour offrir une plus grande autonomie de conduite et une acc\u00e9l\u00e9ration plus rapide.<\/p>\n<p><strong>Commerce et march\u00e9s de l'\u00e9lectricit\u00e9<\/strong>: Sur le march\u00e9 de l'\u00e9lectricit\u00e9, les batteries de stockage d'\u00e9nergie \u00e0 haute tension peuvent \u00eatre utilis\u00e9es pour le commerce de l'\u00e9lectricit\u00e9, l'achat et la vente d'\u00e9lectricit\u00e9 afin de tirer profit des fluctuations de prix pour r\u00e9aliser des gains \u00e9conomiques.<\/p>\n<p><strong>B\u00e2timents commerciaux<\/strong>: Dans les b\u00e2timents commerciaux o\u00f9 la gestion des pics de charge et le co\u00fbt de l'\u00e9nergie sont des pr\u00e9occupations, les batteries de stockage d'\u00e9nergie \u00e0 haute tension peuvent assurer la gestion de la demande.<\/p>\n<p><strong>Micro-r\u00e9seaux et syst\u00e8mes \u00e9nerg\u00e9tiques hors r\u00e9seau<\/strong>: Dans les r\u00e9gions isol\u00e9es ou les \u00eeles, les batteries de stockage d'\u00e9nergie \u00e0 haute tension peuvent \u00eatre associ\u00e9es \u00e0 des micro-r\u00e9seaux pour fournir une alimentation \u00e9lectrique stable et ind\u00e9pendante.<\/p>\n<p><strong>Syst\u00e8mes d'alimentation de secours et d'alimentation sans interruption (ASI)<\/strong>: Dans les h\u00f4pitaux, les centres de donn\u00e9es et autres installations critiques qui n\u00e9cessitent une alimentation \u00e9lectrique continue, les batteries de stockage d'\u00e9nergie \u00e0 haute tension peuvent fournir de l'\u00e9nergie aux charges critiques pendant les interruptions de l'alimentation \u00e9lectrique.<\/p>\n<p><img decoding=\"async\" class=\"lazyload aligncenter wp-image-23572\" src=\"data:image\/svg+xml,%3Csvg%20xmlns%3D%27http%3A%2F%2Fwww.w3.org%2F2000%2Fsvg%27%20width%3D%271000%27%20height%3D%271607%27%20viewBox%3D%270%200%201000%201607%27%3E%3Crect%20width%3D%271000%27%20height%3D%271607%27%20fill-opacity%3D%220%22%2F%3E%3C%2Fsvg%3E\" data-orig-src=\"https:\/\/www.delongtop.com\/wp-content\/uploads\/2024\/03\/\u65e9\u4e2d\u665a\u7528\u7535\u65b9\u6848.jpg\" alt=\"\" width=\"1000\" height=\"1607\" \/><\/p>","protected":false},"excerpt":{"rendered":"<ul>\n<li>204V \/ 307V \/ 409V \/ 512V 50Ah<\/li>\n<li>20kwh \/ 30kwh \/ 40kwh \/ 50kwh<\/li>\n<li>Indice de protection du bo\u00eetier : IP20<\/li>\n<li>Efficacit\u00e9 aller-retour : \u226595%<\/li>\n<li>Port de communication : CAN\/RS485<\/li>\n<li>Certification et licence : CE \/ UN38.3 \/ MSDS<\/li>\n<\/ul>","protected":false},"featured_media":23579,"comment_status":"open","ping_status":"closed","template":"","meta":[],"product_brand":[],"product_cat":[100,207],"product_tag":[],"class_list":{"0":"post-23565","1":"product","2":"type-product","3":"status-publish","4":"has-post-thumbnail","6":"product_cat-energy-storage-battery","7":"product_cat-stackable-lithium-battery","9":"first","10":"instock","11":"shipping-taxable","12":"product-type-simple"},"yoast_head":"<!-- This site is optimized with the Yoast SEO plugin v25.0 - https:\/\/yoast.com\/wordpress\/plugins\/seo\/ -->\n<title>204V \/ 307V \/ 409V \/ 512V 50Ah High Voltage Lifepo4 Battery 20-50kwh | LFP-HV32-10 - Delong Energy<\/title>\n<meta name=\"robots\" content=\"index, follow, max-snippet:-1, max-image-preview:large, max-video-preview:-1\" \/>\n<link rel=\"canonical\" href=\"https:\/\/www.delongtop.com\/fr\/product\/204v-307v-409v-512v-50ah-high-voltage-lifepo4-battery\/\" \/>\n<meta property=\"og:locale\" content=\"fr_FR\" \/>\n<meta property=\"og:type\" content=\"article\" \/>\n<meta property=\"og:title\" content=\"204V \/ 307V \/ 409V \/ 512V 50Ah High Voltage Lifepo4 Battery 20-50kwh | LFP-HV32-10 - Delong Energy\" \/>\n<meta property=\"og:description\" content=\"204V \/ 307V \/ 409V \/ 512V 50Ah  20kwh \/ 30kwh \/ 40kwh \/ 50kwh  Enclosure Protection Rating: IP20  Round-trip Efficiency: \u226595%  Communication Port: CAN\/RS485  Certification &amp; Licensing: CE \/ UN38.3 \/ MSDS\" \/>\n<meta property=\"og:url\" content=\"https:\/\/www.delongtop.com\/fr\/product\/204v-307v-409v-512v-50ah-high-voltage-lifepo4-battery\/\" \/>\n<meta property=\"og:site_name\" content=\"Delong Energy\" \/>\n<meta property=\"article:modified_time\" content=\"2024-05-02T02:00:07+00:00\" \/>\n<meta property=\"og:image\" content=\"https:\/\/i0.wp.com\/www.delongtop.com\/wp-content\/uploads\/2024\/03\/Stackable-High-Voltage-Battery-Pack.jpg?fit=1200%2C1200&ssl=1\" \/>\n\t<meta property=\"og:image:width\" content=\"1200\" \/>\n\t<meta property=\"og:image:height\" content=\"1200\" \/>\n\t<meta property=\"og:image:type\" content=\"image\/jpeg\" \/>\n<meta name=\"twitter:card\" content=\"summary_large_image\" \/>\n<meta name=\"twitter:label1\" content=\"Dur\u00e9e de lecture estim\u00e9e\" \/>\n\t<meta name=\"twitter:data1\" content=\"3 minutes\" \/>\n<script type=\"application\/ld+json\" class=\"yoast-schema-graph\">{\"@context\":\"https:\/\/schema.org\",\"@graph\":[{\"@type\":\"WebPage\",\"@id\":\"https:\/\/www.delongtop.com\/product\/204v-307v-409v-512v-50ah-high-voltage-lifepo4-battery\/\",\"url\":\"https:\/\/www.delongtop.com\/product\/204v-307v-409v-512v-50ah-high-voltage-lifepo4-battery\/\",\"name\":\"204V \/ 307V \/ 409V \/ 512V 50Ah High Voltage Lifepo4 Battery 20-50kwh | LFP-HV32-10 - Delong Energy\",\"isPartOf\":{\"@id\":\"https:\/\/www.delongtop.com\/#website\"},\"primaryImageOfPage\":{\"@id\":\"https:\/\/www.delongtop.com\/product\/204v-307v-409v-512v-50ah-high-voltage-lifepo4-battery\/#primaryimage\"},\"image\":{\"@id\":\"https:\/\/www.delongtop.com\/product\/204v-307v-409v-512v-50ah-high-voltage-lifepo4-battery\/#primaryimage\"},\"thumbnailUrl\":\"https:\/\/i0.wp.com\/www.delongtop.com\/wp-content\/uploads\/2024\/03\/Stackable-High-Voltage-Battery-Pack.jpg?fit=1200%2C1200&ssl=1\",\"datePublished\":\"2024-03-29T07:24:12+00:00\",\"dateModified\":\"2024-05-02T02:00:07+00:00\",\"breadcrumb\":{\"@id\":\"https:\/\/www.delongtop.com\/product\/204v-307v-409v-512v-50ah-high-voltage-lifepo4-battery\/#breadcrumb\"},\"inLanguage\":\"fr-FR\",\"potentialAction\":[{\"@type\":\"ReadAction\",\"target\":[\"https:\/\/www.delongtop.com\/product\/204v-307v-409v-512v-50ah-high-voltage-lifepo4-battery\/\"]}]},{\"@type\":\"ImageObject\",\"inLanguage\":\"fr-FR\",\"@id\":\"https:\/\/www.delongtop.com\/product\/204v-307v-409v-512v-50ah-high-voltage-lifepo4-battery\/#primaryimage\",\"url\":\"https:\/\/i0.wp.com\/www.delongtop.com\/wp-content\/uploads\/2024\/03\/Stackable-High-Voltage-Battery-Pack.jpg?fit=1200%2C1200&ssl=1\",\"contentUrl\":\"https:\/\/i0.wp.com\/www.delongtop.com\/wp-content\/uploads\/2024\/03\/Stackable-High-Voltage-Battery-Pack.jpg?fit=1200%2C1200&ssl=1\",\"width\":1200,\"height\":1200,\"caption\":\"Stackable High Voltage Battery Pack\"},{\"@type\":\"BreadcrumbList\",\"@id\":\"https:\/\/www.delongtop.com\/product\/204v-307v-409v-512v-50ah-high-voltage-lifepo4-battery\/#breadcrumb\",\"itemListElement\":[{\"@type\":\"ListItem\",\"position\":1,\"name\":\"Home\",\"item\":\"https:\/\/www.delongtop.com\/\"},{\"@type\":\"ListItem\",\"position\":2,\"name\":\"Modern Products\",\"item\":\"https:\/\/www.delongtop.com\/products\/\"},{\"@type\":\"ListItem\",\"position\":3,\"name\":\"204V \/ 307V \/ 409V \/ 512V 50Ah High Voltage Lifepo4 Battery 20-50kwh | LFP-HV32-10\"}]},{\"@type\":\"WebSite\",\"@id\":\"https:\/\/www.delongtop.com\/#website\",\"url\":\"https:\/\/www.delongtop.com\/\",\"name\":\"Delong Energy\",\"description\":\"Lithium Ion Battery Manufacturer &amp; Factory In China\",\"potentialAction\":[{\"@type\":\"SearchAction\",\"target\":{\"@type\":\"EntryPoint\",\"urlTemplate\":\"https:\/\/www.delongtop.com\/?s={search_term_string}\"},\"query-input\":{\"@type\":\"PropertyValueSpecification\",\"valueRequired\":true,\"valueName\":\"search_term_string\"}}],\"inLanguage\":\"fr-FR\"}]}<\/script>\n<!-- \/ Yoast SEO plugin. -->","yoast_head_json":{"title":"204V \/ 307V \/ 409V \/ 512V 50Ah High Voltage Lifepo4 Battery 20-50kwh | LFP-HV32-10 - Delong Energy","robots":{"index":"index","follow":"follow","max-snippet":"max-snippet:-1","max-image-preview":"max-image-preview:large","max-video-preview":"max-video-preview:-1"},"canonical":"https:\/\/www.delongtop.com\/fr\/product\/204v-307v-409v-512v-50ah-high-voltage-lifepo4-battery\/","og_locale":"fr_FR","og_type":"article","og_title":"204V \/ 307V \/ 409V \/ 512V 50Ah High Voltage Lifepo4 Battery 20-50kwh | LFP-HV32-10 - Delong Energy","og_description":"204V \/ 307V \/ 409V \/ 512V 50Ah  20kwh \/ 30kwh \/ 40kwh \/ 50kwh  Enclosure Protection Rating: IP20  Round-trip Efficiency: \u226595%  Communication Port: CAN\/RS485  Certification &amp; Licensing: CE \/ UN38.3 \/ MSDS","og_url":"https:\/\/www.delongtop.com\/fr\/product\/204v-307v-409v-512v-50ah-high-voltage-lifepo4-battery\/","og_site_name":"Delong Energy","article_modified_time":"2024-05-02T02:00:07+00:00","og_image":[{"width":1200,"height":1200,"url":"https:\/\/i0.wp.com\/www.delongtop.com\/wp-content\/uploads\/2024\/03\/Stackable-High-Voltage-Battery-Pack.jpg?fit=1200%2C1200&ssl=1","type":"image\/jpeg"}],"twitter_card":"summary_large_image","twitter_misc":{"Dur\u00e9e de lecture estim\u00e9e":"3 minutes"},"schema":{"@context":"https:\/\/schema.org","@graph":[{"@type":"WebPage","@id":"https:\/\/www.delongtop.com\/product\/204v-307v-409v-512v-50ah-high-voltage-lifepo4-battery\/","url":"https:\/\/www.delongtop.com\/product\/204v-307v-409v-512v-50ah-high-voltage-lifepo4-battery\/","name":"204V \/ 307V \/ 409V \/ 512V 50Ah High Voltage Lifepo4 Battery 20-50kwh | LFP-HV32-10 - Delong Energy","isPartOf":{"@id":"https:\/\/www.delongtop.com\/#website"},"primaryImageOfPage":{"@id":"https:\/\/www.delongtop.com\/product\/204v-307v-409v-512v-50ah-high-voltage-lifepo4-battery\/#primaryimage"},"image":{"@id":"https:\/\/www.delongtop.com\/product\/204v-307v-409v-512v-50ah-high-voltage-lifepo4-battery\/#primaryimage"},"thumbnailUrl":"https:\/\/i0.wp.com\/www.delongtop.com\/wp-content\/uploads\/2024\/03\/Stackable-High-Voltage-Battery-Pack.jpg?fit=1200%2C1200&ssl=1","datePublished":"2024-03-29T07:24:12+00:00","dateModified":"2024-05-02T02:00:07+00:00","breadcrumb":{"@id":"https:\/\/www.delongtop.com\/product\/204v-307v-409v-512v-50ah-high-voltage-lifepo4-battery\/#breadcrumb"},"inLanguage":"fr-FR","potentialAction":[{"@type":"ReadAction","target":["https:\/\/www.delongtop.com\/product\/204v-307v-409v-512v-50ah-high-voltage-lifepo4-battery\/"]}]},{"@type":"ImageObject","inLanguage":"fr-FR","@id":"https:\/\/www.delongtop.com\/product\/204v-307v-409v-512v-50ah-high-voltage-lifepo4-battery\/#primaryimage","url":"https:\/\/i0.wp.com\/www.delongtop.com\/wp-content\/uploads\/2024\/03\/Stackable-High-Voltage-Battery-Pack.jpg?fit=1200%2C1200&ssl=1","contentUrl":"https:\/\/i0.wp.com\/www.delongtop.com\/wp-content\/uploads\/2024\/03\/Stackable-High-Voltage-Battery-Pack.jpg?fit=1200%2C1200&ssl=1","width":1200,"height":1200,"caption":"Stackable High Voltage Battery Pack"},{"@type":"BreadcrumbList","@id":"https:\/\/www.delongtop.com\/product\/204v-307v-409v-512v-50ah-high-voltage-lifepo4-battery\/#breadcrumb","itemListElement":[{"@type":"ListItem","position":1,"name":"Home","item":"https:\/\/www.delongtop.com\/"},{"@type":"ListItem","position":2,"name":"Modern Products","item":"https:\/\/www.delongtop.com\/products\/"},{"@type":"ListItem","position":3,"name":"204V \/ 307V \/ 409V \/ 512V 50Ah High Voltage Lifepo4 Battery 20-50kwh | LFP-HV32-10"}]},{"@type":"WebSite","@id":"https:\/\/www.delongtop.com\/#website","url":"https:\/\/www.delongtop.com\/","name":"Delong Energy","description":"Lithium Ion Battery Manufacturer &amp; Factory In China","potentialAction":[{"@type":"SearchAction","target":{"@type":"EntryPoint","urlTemplate":"https:\/\/www.delongtop.com\/?s={search_term_string}"},"query-input":{"@type":"PropertyValueSpecification","valueRequired":true,"valueName":"search_term_string"}}],"inLanguage":"fr-FR"}]}},"jetpack_sharing_enabled":true,"_links":{"self":[{"href":"https:\/\/www.delongtop.com\/fr\/wp-json\/wp\/v2\/product\/23565","targetHints":{"allow":["GET"]}}],"collection":[{"href":"https:\/\/www.delongtop.com\/fr\/wp-json\/wp\/v2\/product"}],"about":[{"href":"https:\/\/www.delongtop.com\/fr\/wp-json\/wp\/v2\/types\/product"}],"replies":[{"embeddable":true,"href":"https:\/\/www.delongtop.com\/fr\/wp-json\/wp\/v2\/comments?post=23565"}],"wp:featuredmedia":[{"embeddable":true,"href":"https:\/\/www.delongtop.com\/fr\/wp-json\/wp\/v2\/media\/23579"}],"wp:attachment":[{"href":"https:\/\/www.delongtop.com\/fr\/wp-json\/wp\/v2\/media?parent=23565"}],"wp:term":[{"taxonomy":"product_brand","embeddable":true,"href":"https:\/\/www.delongtop.com\/fr\/wp-json\/wp\/v2\/product_brand?post=23565"},{"taxonomy":"product_cat","embeddable":true,"href":"https:\/\/www.delongtop.com\/fr\/wp-json\/wp\/v2\/product_cat?post=23565"},{"taxonomy":"product_tag","embeddable":true,"href":"https:\/\/www.delongtop.com\/fr\/wp-json\/wp\/v2\/product_tag?post=23565"}],"curies":[{"name":"wp","href":"https:\/\/api.w.org\/{rel}","templated":true}]}}