{"id":21801,"date":"2023-10-20T09:41:56","date_gmt":"2023-10-20T09:41:56","guid":{"rendered":"https:\/\/www.delongtop.com\/?post_type=product&#038;p=21801"},"modified":"2025-02-28T03:15:33","modified_gmt":"2025-02-28T03:15:33","slug":"25-6v-200ah-lithium-powerwall-5-12kwh-wall-mounted-solar-battery-dl-lfp24200j","status":"publish","type":"product","link":"https:\/\/www.delongtop.com\/it\/product\/25-6v-200ah-lithium-powerwall-5-12kwh-wall-mounted-solar-battery-dl-lfp24200j\/","title":{"rendered":"25,6V 200Ah Batteria solare al litio Powerwall 5,12kwh montata a parete DL-LFP24200J"},"content":{"rendered":"<div>\n<h3><span style=\"color: #339966;\"><strong><b>25,6V 200Ah Batteria solare al litio Powerwall 5,12kwh montata a parete<\/b><\/strong><strong><b>\u00a0Per l'accumulo di energia solare residenziale<\/b><\/strong><\/span><\/h3>\n<p>Questa batteria al litio da parete da 48v 200ah 10kwh \u00e8 la scelta di molte famiglie e piccole\/medie imprese. Poich\u00e9 pu\u00f2 supportare fino a 10 batterie in parallelo per ottenere un effetto di 1000ah, \u00e8 una fonte di alimentazione di riserva affidabile durante le interruzioni di corrente.<\/p>\n<\/div>\n<h3><\/h3>\n<h3><span style=\"color: #339966;\"><strong>Applicazione - Batteria al litio da 10kwh montata a parete<\/strong><\/span><\/h3>\n<div>\n<ul>\n<li>Accumulo di energia per uso domestico<\/li>\n<li>Sistema UPS<\/li>\n<li>Sistema di accumulo dell'energia solare<\/li>\n<li>Ufficio centrale<\/li>\n<li>Stazione ricetrasmittente di base<\/li>\n<li>Sistema elettrico<\/li>\n<li>Sistemi di telecomunicazione<\/li>\n<li>Apparecchiature di comunicazione<\/li>\n<li>Applicazioni di commutazione e altro ancora<\/li>\n<\/ul>\n<h3><\/h3>\n<h3><span style=\"color: #339966;\"><strong><b>Certificazioni delle Powerwall al litio<\/b><\/strong><\/span><\/h3>\n<p>Le batterie al litio montate a parete sono conformi alle certificazioni internazionali di qualit\u00e0, come CE, UL, MSDS, UN38.3, ISO e IEC.<\/p>\n<p><img data-recalc-dims=\"1\" decoding=\"async\" class=\"lazyload alignnone size-full wp-image-21345\" src=\"https:\/\/i0.wp.com\/www.delongtop.com\/wp-content\/uploads\/2023\/10\/Lithium-Battery-Certification.jpg?resize=1170%2C488\" data-orig-src=\"http:\/\/www.delongtop.com\/wp-content\/uploads\/2023\/10\/Lithium-Battery-Certification.jpg\" alt=\"Certificazione delle batterie al litio\" width=\"1170\" height=\"488\" srcset=\"data:image\/svg+xml,%3Csvg%20xmlns%3D%27http%3A%2F%2Fwww.w3.org%2F2000%2Fsvg%27%20width%3D%271920%27%20height%3D%27800%27%20viewBox%3D%270%200%201920%20800%27%3E%3Crect%20width%3D%271920%27%20height%3D%27800%27%20fill-opacity%3D%220%22%2F%3E%3C%2Fsvg%3E\" data-srcset=\"https:\/\/i0.wp.com\/www.delongtop.com\/wp-content\/uploads\/2023\/10\/Lithium-Battery-Certification.jpg?resize=200%2C83&amp;ssl=1 200w, https:\/\/i0.wp.com\/www.delongtop.com\/wp-content\/uploads\/2023\/10\/Lithium-Battery-Certification.jpg?resize=300%2C125&amp;ssl=1 300w, https:\/\/i0.wp.com\/www.delongtop.com\/wp-content\/uploads\/2023\/10\/Lithium-Battery-Certification.jpg?resize=400%2C167&amp;ssl=1 400w, https:\/\/i0.wp.com\/www.delongtop.com\/wp-content\/uploads\/2023\/10\/Lithium-Battery-Certification.jpg?resize=500%2C208&amp;ssl=1 500w, https:\/\/i0.wp.com\/www.delongtop.com\/wp-content\/uploads\/2023\/10\/Lithium-Battery-Certification.jpg?resize=600%2C250&amp;ssl=1 600w, https:\/\/i0.wp.com\/www.delongtop.com\/wp-content\/uploads\/2023\/10\/Lithium-Battery-Certification.jpg?resize=700%2C292&amp;ssl=1 700w, https:\/\/i0.wp.com\/www.delongtop.com\/wp-content\/uploads\/2023\/10\/Lithium-Battery-Certification.jpg?resize=768%2C320&amp;ssl=1 768w, https:\/\/i0.wp.com\/www.delongtop.com\/wp-content\/uploads\/2023\/10\/Lithium-Battery-Certification.jpg?resize=800%2C333&amp;ssl=1 800w, https:\/\/i0.wp.com\/www.delongtop.com\/wp-content\/uploads\/2023\/10\/Lithium-Battery-Certification.jpg?resize=1024%2C427&amp;ssl=1 1024w, https:\/\/i0.wp.com\/www.delongtop.com\/wp-content\/uploads\/2023\/10\/Lithium-Battery-Certification.jpg?resize=1200%2C500&amp;ssl=1 1200w, https:\/\/i0.wp.com\/www.delongtop.com\/wp-content\/uploads\/2023\/10\/Lithium-Battery-Certification.jpg?resize=1536%2C640&amp;ssl=1 1536w, https:\/\/i0.wp.com\/www.delongtop.com\/wp-content\/uploads\/2023\/10\/Lithium-Battery-Certification.jpg?fit=1920%2C800&amp;ssl=1 1920w\" data-sizes=\"auto\" data-orig-sizes=\"(max-width: 1170px) 100vw, 1170px\" \/><\/p>\n<h3><\/h3>\n<h3><span style=\"color: #339966;\"><strong><b>Powerwall al litio <\/b><\/strong><\/span><span style=\"color: #339966;\"><strong><b>Elenco degli inverter compatibili <\/b><\/strong><\/span><\/h3>\n<div id=\"attachment_21816\" style=\"width: 1010px\" class=\"wp-caption aligncenter\"><img data-recalc-dims=\"1\" decoding=\"async\" aria-describedby=\"caption-attachment-21816\" class=\"lazyload size-full wp-image-21816\" src=\"https:\/\/i0.wp.com\/www.delongtop.com\/wp-content\/uploads\/2023\/10\/Compatible-Inverter-List-.png?resize=1000%2C546\" data-orig-src=\"http:\/\/www.delongtop.com\/wp-content\/uploads\/2023\/10\/Compatible-Inverter-List-.png\" alt=\"Elenco degli inverter compatibili\" width=\"1000\" height=\"546\" srcset=\"data:image\/svg+xml,%3Csvg%20xmlns%3D%27http%3A%2F%2Fwww.w3.org%2F2000%2Fsvg%27%20width%3D%271000%27%20height%3D%27546%27%20viewBox%3D%270%200%201000%20546%27%3E%3Crect%20width%3D%271000%27%20height%3D%27546%27%20fill-opacity%3D%220%22%2F%3E%3C%2Fsvg%3E\" data-srcset=\"https:\/\/i0.wp.com\/www.delongtop.com\/wp-content\/uploads\/2023\/10\/Compatible-Inverter-List-.png?resize=200%2C109&amp;ssl=1 200w, https:\/\/i0.wp.com\/www.delongtop.com\/wp-content\/uploads\/2023\/10\/Compatible-Inverter-List-.png?resize=300%2C164&amp;ssl=1 300w, https:\/\/i0.wp.com\/www.delongtop.com\/wp-content\/uploads\/2023\/10\/Compatible-Inverter-List-.png?resize=400%2C218&amp;ssl=1 400w, https:\/\/i0.wp.com\/www.delongtop.com\/wp-content\/uploads\/2023\/10\/Compatible-Inverter-List-.png?resize=500%2C273&amp;ssl=1 500w, https:\/\/i0.wp.com\/www.delongtop.com\/wp-content\/uploads\/2023\/10\/Compatible-Inverter-List-.png?resize=600%2C328&amp;ssl=1 600w, https:\/\/i0.wp.com\/www.delongtop.com\/wp-content\/uploads\/2023\/10\/Compatible-Inverter-List-.png?resize=700%2C382&amp;ssl=1 700w, https:\/\/i0.wp.com\/www.delongtop.com\/wp-content\/uploads\/2023\/10\/Compatible-Inverter-List-.png?resize=768%2C419&amp;ssl=1 768w, https:\/\/i0.wp.com\/www.delongtop.com\/wp-content\/uploads\/2023\/10\/Compatible-Inverter-List-.png?resize=800%2C437&amp;ssl=1 800w, https:\/\/i0.wp.com\/www.delongtop.com\/wp-content\/uploads\/2023\/10\/Compatible-Inverter-List-.png?fit=1000%2C546&amp;ssl=1 1000w\" data-sizes=\"auto\" data-orig-sizes=\"(max-width: 1000px) 100vw, 1000px\" \/><p id=\"caption-attachment-21816\" class=\"wp-caption-text\">Elenco degli inverter compatibili<\/p><\/div>\n<p>&nbsp;<\/p>\n<\/div>\n<h3><span style=\"color: #339966;\"><strong><b>Informazioni su Delong Energy<\/b><\/strong><\/span><\/h3>\n<p>DeLong Energy ha una fabbrica di batterie al litio in Cina da 11 anni. Non produciamo solo batterie al litio montate a parete, ma anche sistemi di accumulo di energia all-in-one, batterie al litio impilate e batterie lifepo4 montate su rack. Naturalmente, potete contattarci per le batterie lifepo4 da 12v, 24v, 36v, 48v, 60v, 72v e 96v per usufruire dei nostri servizi di personalizzazione delle batterie e OEM\/ODM.<\/p>\n<div id=\"attachment_21815\" style=\"width: 1010px\" class=\"wp-caption aligncenter\"><img data-recalc-dims=\"1\" decoding=\"async\" aria-describedby=\"caption-attachment-21815\" class=\"lazyload size-full wp-image-21815\" src=\"https:\/\/i0.wp.com\/www.delongtop.com\/wp-content\/uploads\/2023\/10\/About-Delong-Energy.jpg?resize=1000%2C800\" data-orig-src=\"http:\/\/www.delongtop.com\/wp-content\/uploads\/2023\/10\/About-Delong-Energy.jpg\" alt=\"Informazioni su Delong Energy\" width=\"1000\" height=\"800\" srcset=\"data:image\/svg+xml,%3Csvg%20xmlns%3D%27http%3A%2F%2Fwww.w3.org%2F2000%2Fsvg%27%20width%3D%271000%27%20height%3D%27800%27%20viewBox%3D%270%200%201000%20800%27%3E%3Crect%20width%3D%271000%27%20height%3D%27800%27%20fill-opacity%3D%220%22%2F%3E%3C%2Fsvg%3E\" data-srcset=\"https:\/\/i0.wp.com\/www.delongtop.com\/wp-content\/uploads\/2023\/10\/About-Delong-Energy.jpg?resize=177%2C142&amp;ssl=1 177w, https:\/\/i0.wp.com\/www.delongtop.com\/wp-content\/uploads\/2023\/10\/About-Delong-Energy.jpg?resize=200%2C160&amp;ssl=1 200w, https:\/\/i0.wp.com\/www.delongtop.com\/wp-content\/uploads\/2023\/10\/About-Delong-Energy.jpg?resize=300%2C240&amp;ssl=1 300w, https:\/\/i0.wp.com\/www.delongtop.com\/wp-content\/uploads\/2023\/10\/About-Delong-Energy.jpg?resize=400%2C320&amp;ssl=1 400w, https:\/\/i0.wp.com\/www.delongtop.com\/wp-content\/uploads\/2023\/10\/About-Delong-Energy.jpg?resize=500%2C400&amp;ssl=1 500w, https:\/\/i0.wp.com\/www.delongtop.com\/wp-content\/uploads\/2023\/10\/About-Delong-Energy.jpg?resize=600%2C480&amp;ssl=1 600w, https:\/\/i0.wp.com\/www.delongtop.com\/wp-content\/uploads\/2023\/10\/About-Delong-Energy.jpg?resize=700%2C560&amp;ssl=1 700w, https:\/\/i0.wp.com\/www.delongtop.com\/wp-content\/uploads\/2023\/10\/About-Delong-Energy.jpg?resize=768%2C614&amp;ssl=1 768w, https:\/\/i0.wp.com\/www.delongtop.com\/wp-content\/uploads\/2023\/10\/About-Delong-Energy.jpg?resize=800%2C640&amp;ssl=1 800w, https:\/\/i0.wp.com\/www.delongtop.com\/wp-content\/uploads\/2023\/10\/About-Delong-Energy.jpg?fit=1000%2C800&amp;ssl=1 1000w\" data-sizes=\"auto\" data-orig-sizes=\"(max-width: 1000px) 100vw, 1000px\" \/><p id=\"caption-attachment-21815\" class=\"wp-caption-text\">Informazioni su Delong Energy<\/p><\/div>\n<p>&nbsp;<\/p>","protected":false},"excerpt":{"rendered":"<p>25,6V 200Ah 5,12kwh Batteria di accumulo Powerwall Lifepo4| DL-LFP24200J<\/p>","protected":false},"featured_media":22356,"comment_status":"open","ping_status":"closed","template":"","meta":[],"product_brand":[],"product_cat":[100,208],"product_tag":[],"class_list":{"0":"post-21801","1":"product","2":"type-product","3":"status-publish","4":"has-post-thumbnail","6":"product_cat-energy-storage-battery","7":"product_cat-wall-mounted-lithium-battery","9":"first","10":"instock","11":"shipping-taxable","12":"product-type-simple"},"yoast_head":"<!-- This site is optimized with the Yoast SEO plugin v25.0 - https:\/\/yoast.com\/wordpress\/plugins\/seo\/ -->\n<title>25.6V 200Ah Lithium Powerwall 5.12kwh Wall Mounted Solar Battery DL-LFP24200J - Delong Energy<\/title>\n<meta name=\"description\" content=\"Delong Energy Is A Lithium Powerwall Manufacturer in China Supplying 25.6V 200Ah 5.12kwh Wall Mounted Solar Battery.\" \/>\n<meta name=\"robots\" content=\"index, follow, max-snippet:-1, max-image-preview:large, max-video-preview:-1\" \/>\n<link rel=\"canonical\" href=\"https:\/\/www.delongtop.com\/it\/product\/25-6v-200ah-lithium-powerwall-5-12kwh-wall-mounted-solar-battery-dl-lfp24200j\/\" \/>\n<meta property=\"og:locale\" content=\"it_IT\" \/>\n<meta property=\"og:type\" content=\"article\" \/>\n<meta property=\"og:title\" content=\"25.6V 200Ah Lithium Powerwall 5.12kwh Wall Mounted Solar Battery DL-LFP24200J - Delong Energy\" \/>\n<meta property=\"og:description\" content=\"Delong Energy Is A Lithium Powerwall Manufacturer in China Supplying 25.6V 200Ah 5.12kwh Wall Mounted Solar Battery.\" \/>\n<meta property=\"og:url\" content=\"https:\/\/www.delongtop.com\/it\/product\/25-6v-200ah-lithium-powerwall-5-12kwh-wall-mounted-solar-battery-dl-lfp24200j\/\" \/>\n<meta property=\"og:site_name\" content=\"Delong Energy\" \/>\n<meta property=\"article:modified_time\" content=\"2025-02-28T03:15:33+00:00\" \/>\n<meta property=\"og:image\" content=\"https:\/\/i0.wp.com\/www.delongtop.com\/wp-content\/uploads\/2023\/10\/25.6V-200Ah-Lithium-Powerwall-05.jpg?fit=1000%2C1000&ssl=1\" \/>\n\t<meta property=\"og:image:width\" content=\"1000\" \/>\n\t<meta property=\"og:image:height\" content=\"1000\" \/>\n\t<meta property=\"og:image:type\" content=\"image\/jpeg\" \/>\n<meta name=\"twitter:card\" content=\"summary_large_image\" \/>\n<meta name=\"twitter:label1\" content=\"Tempo di lettura stimato\" \/>\n\t<meta name=\"twitter:data1\" content=\"2 minuti\" \/>\n<script type=\"application\/ld+json\" class=\"yoast-schema-graph\">{\"@context\":\"https:\/\/schema.org\",\"@graph\":[{\"@type\":\"WebPage\",\"@id\":\"https:\/\/www.delongtop.com\/product\/25-6v-200ah-lithium-powerwall-5-12kwh-wall-mounted-solar-battery-dl-lfp24200j\/\",\"url\":\"https:\/\/www.delongtop.com\/product\/25-6v-200ah-lithium-powerwall-5-12kwh-wall-mounted-solar-battery-dl-lfp24200j\/\",\"name\":\"25.6V 200Ah Lithium Powerwall 5.12kwh Wall Mounted Solar Battery DL-LFP24200J - Delong Energy\",\"isPartOf\":{\"@id\":\"https:\/\/www.delongtop.com\/#website\"},\"primaryImageOfPage\":{\"@id\":\"https:\/\/www.delongtop.com\/product\/25-6v-200ah-lithium-powerwall-5-12kwh-wall-mounted-solar-battery-dl-lfp24200j\/#primaryimage\"},\"image\":{\"@id\":\"https:\/\/www.delongtop.com\/product\/25-6v-200ah-lithium-powerwall-5-12kwh-wall-mounted-solar-battery-dl-lfp24200j\/#primaryimage\"},\"thumbnailUrl\":\"https:\/\/i0.wp.com\/www.delongtop.com\/wp-content\/uploads\/2023\/10\/25.6V-200Ah-Lithium-Powerwall-05.jpg?fit=1000%2C1000&ssl=1\",\"datePublished\":\"2023-10-20T09:41:56+00:00\",\"dateModified\":\"2025-02-28T03:15:33+00:00\",\"description\":\"Delong Energy Is A Lithium Powerwall Manufacturer in China Supplying 25.6V 200Ah 5.12kwh Wall Mounted Solar Battery.\",\"breadcrumb\":{\"@id\":\"https:\/\/www.delongtop.com\/product\/25-6v-200ah-lithium-powerwall-5-12kwh-wall-mounted-solar-battery-dl-lfp24200j\/#breadcrumb\"},\"inLanguage\":\"it-IT\",\"potentialAction\":[{\"@type\":\"ReadAction\",\"target\":[\"https:\/\/www.delongtop.com\/product\/25-6v-200ah-lithium-powerwall-5-12kwh-wall-mounted-solar-battery-dl-lfp24200j\/\"]}]},{\"@type\":\"ImageObject\",\"inLanguage\":\"it-IT\",\"@id\":\"https:\/\/www.delongtop.com\/product\/25-6v-200ah-lithium-powerwall-5-12kwh-wall-mounted-solar-battery-dl-lfp24200j\/#primaryimage\",\"url\":\"https:\/\/i0.wp.com\/www.delongtop.com\/wp-content\/uploads\/2023\/10\/25.6V-200Ah-Lithium-Powerwall-05.jpg?fit=1000%2C1000&ssl=1\",\"contentUrl\":\"https:\/\/i0.wp.com\/www.delongtop.com\/wp-content\/uploads\/2023\/10\/25.6V-200Ah-Lithium-Powerwall-05.jpg?fit=1000%2C1000&ssl=1\",\"width\":1000,\"height\":1000,\"caption\":\"Lithium Powerwall\"},{\"@type\":\"BreadcrumbList\",\"@id\":\"https:\/\/www.delongtop.com\/product\/25-6v-200ah-lithium-powerwall-5-12kwh-wall-mounted-solar-battery-dl-lfp24200j\/#breadcrumb\",\"itemListElement\":[{\"@type\":\"ListItem\",\"position\":1,\"name\":\"Home\",\"item\":\"https:\/\/www.delongtop.com\/\"},{\"@type\":\"ListItem\",\"position\":2,\"name\":\"Modern Products\",\"item\":\"https:\/\/www.delongtop.com\/products\/\"},{\"@type\":\"ListItem\",\"position\":3,\"name\":\"25.6V 200Ah Lithium Powerwall 5.12kwh Wall Mounted Solar Battery DL-LFP24200J\"}]},{\"@type\":\"WebSite\",\"@id\":\"https:\/\/www.delongtop.com\/#website\",\"url\":\"https:\/\/www.delongtop.com\/\",\"name\":\"Delong Energy\",\"description\":\"Lithium Ion Battery Manufacturer &amp; Factory In China\",\"potentialAction\":[{\"@type\":\"SearchAction\",\"target\":{\"@type\":\"EntryPoint\",\"urlTemplate\":\"https:\/\/www.delongtop.com\/?s={search_term_string}\"},\"query-input\":{\"@type\":\"PropertyValueSpecification\",\"valueRequired\":true,\"valueName\":\"search_term_string\"}}],\"inLanguage\":\"it-IT\"}]}<\/script>\n<!-- \/ Yoast SEO plugin. -->","yoast_head_json":{"title":"25.6V 200Ah Lithium Powerwall 5.12kwh Wall Mounted Solar Battery DL-LFP24200J - Delong Energy","description":"Delong Energy Is A Lithium Powerwall Manufacturer in China Supplying 25.6V 200Ah 5.12kwh Wall Mounted Solar Battery.","robots":{"index":"index","follow":"follow","max-snippet":"max-snippet:-1","max-image-preview":"max-image-preview:large","max-video-preview":"max-video-preview:-1"},"canonical":"https:\/\/www.delongtop.com\/it\/product\/25-6v-200ah-lithium-powerwall-5-12kwh-wall-mounted-solar-battery-dl-lfp24200j\/","og_locale":"it_IT","og_type":"article","og_title":"25.6V 200Ah Lithium Powerwall 5.12kwh Wall Mounted Solar Battery DL-LFP24200J - Delong Energy","og_description":"Delong Energy Is A Lithium Powerwall Manufacturer in China Supplying 25.6V 200Ah 5.12kwh Wall Mounted Solar Battery.","og_url":"https:\/\/www.delongtop.com\/it\/product\/25-6v-200ah-lithium-powerwall-5-12kwh-wall-mounted-solar-battery-dl-lfp24200j\/","og_site_name":"Delong Energy","article_modified_time":"2025-02-28T03:15:33+00:00","og_image":[{"width":1000,"height":1000,"url":"https:\/\/i0.wp.com\/www.delongtop.com\/wp-content\/uploads\/2023\/10\/25.6V-200Ah-Lithium-Powerwall-05.jpg?fit=1000%2C1000&ssl=1","type":"image\/jpeg"}],"twitter_card":"summary_large_image","twitter_misc":{"Tempo di lettura stimato":"2 minuti"},"schema":{"@context":"https:\/\/schema.org","@graph":[{"@type":"WebPage","@id":"https:\/\/www.delongtop.com\/product\/25-6v-200ah-lithium-powerwall-5-12kwh-wall-mounted-solar-battery-dl-lfp24200j\/","url":"https:\/\/www.delongtop.com\/product\/25-6v-200ah-lithium-powerwall-5-12kwh-wall-mounted-solar-battery-dl-lfp24200j\/","name":"25.6V 200Ah Lithium Powerwall 5.12kwh Wall Mounted Solar Battery DL-LFP24200J - Delong Energy","isPartOf":{"@id":"https:\/\/www.delongtop.com\/#website"},"primaryImageOfPage":{"@id":"https:\/\/www.delongtop.com\/product\/25-6v-200ah-lithium-powerwall-5-12kwh-wall-mounted-solar-battery-dl-lfp24200j\/#primaryimage"},"image":{"@id":"https:\/\/www.delongtop.com\/product\/25-6v-200ah-lithium-powerwall-5-12kwh-wall-mounted-solar-battery-dl-lfp24200j\/#primaryimage"},"thumbnailUrl":"https:\/\/i0.wp.com\/www.delongtop.com\/wp-content\/uploads\/2023\/10\/25.6V-200Ah-Lithium-Powerwall-05.jpg?fit=1000%2C1000&ssl=1","datePublished":"2023-10-20T09:41:56+00:00","dateModified":"2025-02-28T03:15:33+00:00","description":"Delong Energy Is A Lithium Powerwall Manufacturer in China Supplying 25.6V 200Ah 5.12kwh Wall Mounted Solar Battery.","breadcrumb":{"@id":"https:\/\/www.delongtop.com\/product\/25-6v-200ah-lithium-powerwall-5-12kwh-wall-mounted-solar-battery-dl-lfp24200j\/#breadcrumb"},"inLanguage":"it-IT","potentialAction":[{"@type":"ReadAction","target":["https:\/\/www.delongtop.com\/product\/25-6v-200ah-lithium-powerwall-5-12kwh-wall-mounted-solar-battery-dl-lfp24200j\/"]}]},{"@type":"ImageObject","inLanguage":"it-IT","@id":"https:\/\/www.delongtop.com\/product\/25-6v-200ah-lithium-powerwall-5-12kwh-wall-mounted-solar-battery-dl-lfp24200j\/#primaryimage","url":"https:\/\/i0.wp.com\/www.delongtop.com\/wp-content\/uploads\/2023\/10\/25.6V-200Ah-Lithium-Powerwall-05.jpg?fit=1000%2C1000&ssl=1","contentUrl":"https:\/\/i0.wp.com\/www.delongtop.com\/wp-content\/uploads\/2023\/10\/25.6V-200Ah-Lithium-Powerwall-05.jpg?fit=1000%2C1000&ssl=1","width":1000,"height":1000,"caption":"Lithium Powerwall"},{"@type":"BreadcrumbList","@id":"https:\/\/www.delongtop.com\/product\/25-6v-200ah-lithium-powerwall-5-12kwh-wall-mounted-solar-battery-dl-lfp24200j\/#breadcrumb","itemListElement":[{"@type":"ListItem","position":1,"name":"Home","item":"https:\/\/www.delongtop.com\/"},{"@type":"ListItem","position":2,"name":"Modern Products","item":"https:\/\/www.delongtop.com\/products\/"},{"@type":"ListItem","position":3,"name":"25.6V 200Ah Lithium Powerwall 5.12kwh Wall Mounted Solar Battery DL-LFP24200J"}]},{"@type":"WebSite","@id":"https:\/\/www.delongtop.com\/#website","url":"https:\/\/www.delongtop.com\/","name":"Delong Energy","description":"Lithium Ion Battery Manufacturer &amp; Factory In China","potentialAction":[{"@type":"SearchAction","target":{"@type":"EntryPoint","urlTemplate":"https:\/\/www.delongtop.com\/?s={search_term_string}"},"query-input":{"@type":"PropertyValueSpecification","valueRequired":true,"valueName":"search_term_string"}}],"inLanguage":"it-IT"}]}},"jetpack_sharing_enabled":true,"_links":{"self":[{"href":"https:\/\/www.delongtop.com\/it\/wp-json\/wp\/v2\/product\/21801","targetHints":{"allow":["GET"]}}],"collection":[{"href":"https:\/\/www.delongtop.com\/it\/wp-json\/wp\/v2\/product"}],"about":[{"href":"https:\/\/www.delongtop.com\/it\/wp-json\/wp\/v2\/types\/product"}],"replies":[{"embeddable":true,"href":"https:\/\/www.delongtop.com\/it\/wp-json\/wp\/v2\/comments?post=21801"}],"wp:featuredmedia":[{"embeddable":true,"href":"https:\/\/www.delongtop.com\/it\/wp-json\/wp\/v2\/media\/22356"}],"wp:attachment":[{"href":"https:\/\/www.delongtop.com\/it\/wp-json\/wp\/v2\/media?parent=21801"}],"wp:term":[{"taxonomy":"product_brand","embeddable":true,"href":"https:\/\/www.delongtop.com\/it\/wp-json\/wp\/v2\/product_brand?post=21801"},{"taxonomy":"product_cat","embeddable":true,"href":"https:\/\/www.delongtop.com\/it\/wp-json\/wp\/v2\/product_cat?post=21801"},{"taxonomy":"product_tag","embeddable":true,"href":"https:\/\/www.delongtop.com\/it\/wp-json\/wp\/v2\/product_tag?post=21801"}],"curies":[{"name":"wp","href":"https:\/\/api.w.org\/{rel}","templated":true}]}}