{"id":22556,"date":"2023-11-23T15:15:40","date_gmt":"2023-11-23T15:15:40","guid":{"rendered":"https:\/\/www.delongtop.com\/?post_type=product&#038;p=22556"},"modified":"2024-09-05T15:44:36","modified_gmt":"2024-09-05T15:44:36","slug":"51-2v-48v-200ah-agv-lifepo4-battery-dl-lfp-agv51200","status":"publish","type":"product","link":"https:\/\/www.delongtop.com\/it\/product\/51-2v-48v-200ah-agv-lifepo4-battery-dl-lfp-agv51200\/","title":{"rendered":"Delong 51,2V\/48V 200Ah AGV LiFePO4 Batteria DL-LFP-AGV51200"},"content":{"rendered":"<div>\n<h2><strong><span style=\"color: #339966;\">51,2v 200ah Lifepo4 Batteria di alimentazione 10Kwh per AGV - DL-LFP-AGV51200<\/span><\/strong><\/h2>\n<\/div>\n<p>La tensione di questa batteria AGV \u00e8 di 51,2V, con una corrente di 200Ah, e pu\u00f2 fornire 10,24KWh di energia. L'energia di 10,24KWh pu\u00f2 supportare l'uso continuo di un AGV da 1000W per 10 ore. Un'altra batteria AGV da 51,2V e 40Ah \u00e8 <a href=\"https:\/\/www.delongtop.com\/it\/product\/51-2v-48v-40ah-agv-lifepo4-battery-dl-lfp-agv5140\/\" target=\"_blank\" rel=\"noopener\">D-LFP-AGV5140.<\/a><\/p>\n<p>Gli AGV sono generalmente utilizzati in magazzini, fabbriche e sistemi di trasporto che richiedono la movimentazione di merci. In genere, gli AGV devono funzionare ininterrottamente per lunghi periodi di tempo. Di conseguenza, le batterie utilizzate per gli AGV richiedono generalmente un'elevata densit\u00e0 energetica, la capacit\u00e0 di fornire energia per periodi prolungati, un certo grado di resistenza alla temperatura e buone prestazioni di sicurezza.<\/p>\n<p>Le batterie Lifepo4 possono soddisfare questi requisiti perch\u00e9 il materiale dell'elettrodo positivo utilizzato nelle batterie Lifepo4 \u00e8 il fosfato di litio e ferro. Il fosfato di litio e ferro ha le seguenti caratteristiche:<\/p>\n<ol>\n<li>Ha una densit\u00e0 energetica superiore rispetto alle batterie al litio simili.<\/li>\n<li>Ha una durata di vita sufficientemente elevata, idealmente in grado di effettuare decine di migliaia di cicli.<\/li>\n<li>La stabilit\u00e0 del fosfato di ferro e litio \u00e8 riconosciuta dall'industria.<\/li>\n<\/ol>\n<h2><strong><span style=\"color: #339966;\">Batteria al piombo vs batteria lifepo4<\/span><\/strong><\/h2>\n<div id=\"attachment_22615\" style=\"width: 810px\" class=\"wp-caption aligncenter\"><img data-recalc-dims=\"1\" decoding=\"async\" aria-describedby=\"caption-attachment-22615\" class=\"lazyload wp-image-22615 size-fusion-800\" src=\"https:\/\/i0.wp.com\/www.delongtop.com\/wp-content\/uploads\/2023\/11\/Lead-acid-Battery-vs-lifepo4-Battery.webp?resize=800%2C800&#038;ssl=1\" data-orig-src=\"https:\/\/www.delongtop.com\/wp-content\/uploads\/2023\/11\/Lead-acid-Battery-vs-lifepo4-Battery-800x800.webp\" alt=\"Batteria al piombo vs batteria lifepo4\" width=\"800\" height=\"800\" srcset=\"data:image\/svg+xml,%3Csvg%20xmlns%3D%27http%3A%2F%2Fwww.w3.org%2F2000%2Fsvg%27%20width%3D%27800%27%20height%3D%27800%27%20viewBox%3D%270%200%20800%20800%27%3E%3Crect%20width%3D%27800%27%20height%3D%27800%27%20fill-opacity%3D%220%22%2F%3E%3C%2Fsvg%3E\" data-srcset=\"https:\/\/i0.wp.com\/www.delongtop.com\/wp-content\/uploads\/2023\/11\/Lead-acid-Battery-vs-lifepo4-Battery.webp?resize=66%2C66&amp;ssl=1 66w, https:\/\/i0.wp.com\/www.delongtop.com\/wp-content\/uploads\/2023\/11\/Lead-acid-Battery-vs-lifepo4-Battery.webp?resize=100%2C100&amp;ssl=1 100w, https:\/\/i0.wp.com\/www.delongtop.com\/wp-content\/uploads\/2023\/11\/Lead-acid-Battery-vs-lifepo4-Battery.webp?resize=150%2C150&amp;ssl=1 150w, https:\/\/i0.wp.com\/www.delongtop.com\/wp-content\/uploads\/2023\/11\/Lead-acid-Battery-vs-lifepo4-Battery.webp?resize=200%2C200&amp;ssl=1 200w, https:\/\/i0.wp.com\/www.delongtop.com\/wp-content\/uploads\/2023\/11\/Lead-acid-Battery-vs-lifepo4-Battery.webp?resize=300%2C300&amp;ssl=1 300w, https:\/\/i0.wp.com\/www.delongtop.com\/wp-content\/uploads\/2023\/11\/Lead-acid-Battery-vs-lifepo4-Battery.webp?resize=400%2C400&amp;ssl=1 400w, https:\/\/i0.wp.com\/www.delongtop.com\/wp-content\/uploads\/2023\/11\/Lead-acid-Battery-vs-lifepo4-Battery.webp?resize=500%2C500&amp;ssl=1 500w, https:\/\/i0.wp.com\/www.delongtop.com\/wp-content\/uploads\/2023\/11\/Lead-acid-Battery-vs-lifepo4-Battery.webp?resize=600%2C600&amp;ssl=1 600w, https:\/\/i0.wp.com\/www.delongtop.com\/wp-content\/uploads\/2023\/11\/Lead-acid-Battery-vs-lifepo4-Battery.webp?resize=700%2C700&amp;ssl=1 700w, https:\/\/i0.wp.com\/www.delongtop.com\/wp-content\/uploads\/2023\/11\/Lead-acid-Battery-vs-lifepo4-Battery.webp?resize=768%2C768&amp;ssl=1 768w, https:\/\/i0.wp.com\/www.delongtop.com\/wp-content\/uploads\/2023\/11\/Lead-acid-Battery-vs-lifepo4-Battery.webp?resize=800%2C800&amp;ssl=1 800w, https:\/\/i0.wp.com\/www.delongtop.com\/wp-content\/uploads\/2023\/11\/Lead-acid-Battery-vs-lifepo4-Battery.webp?w=1000&amp;ssl=1 1000w\" data-sizes=\"auto\" data-orig-sizes=\"(max-width: 800px) 100vw, 800px\" \/><p id=\"caption-attachment-22615\" class=\"wp-caption-text\">Batteria al piombo vs batteria lifepo4<\/p><\/div>\n<h2><span style=\"color: #339966;\"><strong>BMS intelligente incorporato<\/strong><\/span><\/h2>\n<p>Forniamo un pacco batteria da 51,2V 200Ah per AGV, che utilizza celle al litio ferro fosfato e incorpora al suo interno un BMS intelligente. Il BMS \u00e8 una parte vitale della batteria, in quanto non solo la gestisce per mantenerla in condizioni di lavoro ottimali, ma la protegge anche in modo completo, prolungandone la durata. Le funzioni di protezione del BMS includono principalmente sovraccarico, sovrascarico, sovratensione, sovracorrente, sovratemperatura, cortocircuito e bilanciamento.<\/p>\n<div id=\"attachment_22697\" style=\"width: 768px\" class=\"wp-caption aligncenter\"><img data-recalc-dims=\"1\" decoding=\"async\" aria-describedby=\"caption-attachment-22697\" class=\"lazyload size-full wp-image-22697\" src=\"https:\/\/i0.wp.com\/www.delongtop.com\/wp-content\/uploads\/2022\/08\/BMS-Function.jpg?resize=758%2C246&#038;ssl=1\" data-orig-src=\"https:\/\/www.delongtop.com\/wp-content\/uploads\/2022\/08\/BMS-Function.jpg\" alt=\"Funzione BMS\" width=\"758\" height=\"246\" srcset=\"data:image\/svg+xml,%3Csvg%20xmlns%3D%27http%3A%2F%2Fwww.w3.org%2F2000%2Fsvg%27%20width%3D%27758%27%20height%3D%27246%27%20viewBox%3D%270%200%20758%20246%27%3E%3Crect%20width%3D%27758%27%20height%3D%27246%27%20fill-opacity%3D%220%22%2F%3E%3C%2Fsvg%3E\" data-srcset=\"https:\/\/i0.wp.com\/www.delongtop.com\/wp-content\/uploads\/2022\/08\/BMS-Function.jpg?resize=200%2C65&amp;ssl=1 200w, https:\/\/i0.wp.com\/www.delongtop.com\/wp-content\/uploads\/2022\/08\/BMS-Function.jpg?resize=300%2C97&amp;ssl=1 300w, https:\/\/i0.wp.com\/www.delongtop.com\/wp-content\/uploads\/2022\/08\/BMS-Function.jpg?resize=400%2C130&amp;ssl=1 400w, https:\/\/i0.wp.com\/www.delongtop.com\/wp-content\/uploads\/2022\/08\/BMS-Function.jpg?resize=500%2C162&amp;ssl=1 500w, https:\/\/i0.wp.com\/www.delongtop.com\/wp-content\/uploads\/2022\/08\/BMS-Function.jpg?resize=600%2C195&amp;ssl=1 600w, https:\/\/i0.wp.com\/www.delongtop.com\/wp-content\/uploads\/2022\/08\/BMS-Function.jpg?resize=700%2C227&amp;ssl=1 700w, https:\/\/i0.wp.com\/www.delongtop.com\/wp-content\/uploads\/2022\/08\/BMS-Function.jpg?w=758&amp;ssl=1 758w\" data-sizes=\"auto\" data-orig-sizes=\"(max-width: 758px) 100vw, 758px\" \/><p id=\"caption-attachment-22697\" class=\"wp-caption-text\">Funzione BMS<\/p><\/div>\n<p>La batteria utilizza celle al litio-ferro-fosfato di grado A e BMS interno per garantire un funzionamento sicuro. L'alloggiamento della batteria \u00e8 una scatola di metallo in grado di resistere a un certo grado di impatto e pressione; i terminali utilizzano SB120 e SB175. \u00c8 presente anche un display LCD per monitorare lo stato di funzionamento in tempo reale della batteria.<\/p>\n<h2><strong><span style=\"color: #339966;\">Certificazione della batteria AGV<\/span><\/strong><\/h2>\n<p><img data-recalc-dims=\"1\" decoding=\"async\" class=\"lazyload size-full wp-image-21345 aligncenter\" src=\"https:\/\/i0.wp.com\/www.delongtop.com\/wp-content\/uploads\/2023\/10\/Lithium-Battery-Certification.jpg?resize=1170%2C488&#038;ssl=1\" data-orig-src=\"https:\/\/www.delongtop.com\/wp-content\/uploads\/2023\/10\/Lithium-Battery-Certification.jpg\" alt=\"Certificazione delle batterie al litio\" width=\"1170\" height=\"488\" srcset=\"data:image\/svg+xml,%3Csvg%20xmlns%3D%27http%3A%2F%2Fwww.w3.org%2F2000%2Fsvg%27%20width%3D%271920%27%20height%3D%27800%27%20viewBox%3D%270%200%201920%20800%27%3E%3Crect%20width%3D%271920%27%20height%3D%27800%27%20fill-opacity%3D%220%22%2F%3E%3C%2Fsvg%3E\" data-srcset=\"https:\/\/i0.wp.com\/www.delongtop.com\/wp-content\/uploads\/2023\/10\/Lithium-Battery-Certification.jpg?resize=200%2C83&amp;ssl=1 200w, https:\/\/i0.wp.com\/www.delongtop.com\/wp-content\/uploads\/2023\/10\/Lithium-Battery-Certification.jpg?resize=300%2C125&amp;ssl=1 300w, https:\/\/i0.wp.com\/www.delongtop.com\/wp-content\/uploads\/2023\/10\/Lithium-Battery-Certification.jpg?resize=400%2C167&amp;ssl=1 400w, https:\/\/i0.wp.com\/www.delongtop.com\/wp-content\/uploads\/2023\/10\/Lithium-Battery-Certification.jpg?resize=500%2C208&amp;ssl=1 500w, https:\/\/i0.wp.com\/www.delongtop.com\/wp-content\/uploads\/2023\/10\/Lithium-Battery-Certification.jpg?resize=600%2C250&amp;ssl=1 600w, https:\/\/i0.wp.com\/www.delongtop.com\/wp-content\/uploads\/2023\/10\/Lithium-Battery-Certification.jpg?resize=700%2C292&amp;ssl=1 700w, https:\/\/i0.wp.com\/www.delongtop.com\/wp-content\/uploads\/2023\/10\/Lithium-Battery-Certification.jpg?resize=768%2C320&amp;ssl=1 768w, https:\/\/i0.wp.com\/www.delongtop.com\/wp-content\/uploads\/2023\/10\/Lithium-Battery-Certification.jpg?resize=800%2C333&amp;ssl=1 800w, https:\/\/i0.wp.com\/www.delongtop.com\/wp-content\/uploads\/2023\/10\/Lithium-Battery-Certification.jpg?resize=1024%2C427&amp;ssl=1 1024w, https:\/\/i0.wp.com\/www.delongtop.com\/wp-content\/uploads\/2023\/10\/Lithium-Battery-Certification.jpg?resize=1200%2C500&amp;ssl=1 1200w, https:\/\/i0.wp.com\/www.delongtop.com\/wp-content\/uploads\/2023\/10\/Lithium-Battery-Certification.jpg?resize=1536%2C640&amp;ssl=1 1536w, https:\/\/i0.wp.com\/www.delongtop.com\/wp-content\/uploads\/2023\/10\/Lithium-Battery-Certification.jpg?w=1920&amp;ssl=1 1920w\" data-sizes=\"auto\" data-orig-sizes=\"(max-width: 1170px) 100vw, 1170px\" \/><\/p>\n<h2><strong><span style=\"color: #339966;\">Servizio personalizzato per i vostri progetti<\/span><\/strong><\/h2>\n<p>Se avete bisogno di <a href=\"https:\/\/www.delongtop.com\/it\/oem-odm\/\" target=\"_blank\" rel=\"noopener\">personalizzare una batteria AGV<\/a>Si prega di fornire il consumo di energia dell'AGV, la tensione e la corrente richieste, la temperatura di esercizio, le dimensioni della batteria, l'aspetto e il luogo di installazione. I nostri ingegneri professionisti saranno in grado di fornirvi una soluzione personalizzata.<\/p>\n<p><img data-recalc-dims=\"1\" decoding=\"async\" class=\"lazyload alignnone size-full wp-image-22036\" src=\"https:\/\/i0.wp.com\/www.delongtop.com\/wp-content\/uploads\/2023\/11\/Delong-Energy-Factory-05.jpg?resize=1000%2C667&#038;ssl=1\" data-orig-src=\"https:\/\/www.delongtop.com\/wp-content\/uploads\/2023\/11\/Delong-Energy-Factory-05.jpg\" alt=\"\" width=\"1000\" height=\"667\" srcset=\"data:image\/svg+xml,%3Csvg%20xmlns%3D%27http%3A%2F%2Fwww.w3.org%2F2000%2Fsvg%27%20width%3D%271000%27%20height%3D%27667%27%20viewBox%3D%270%200%201000%20667%27%3E%3Crect%20width%3D%271000%27%20height%3D%27667%27%20fill-opacity%3D%220%22%2F%3E%3C%2Fsvg%3E\" data-srcset=\"https:\/\/i0.wp.com\/www.delongtop.com\/wp-content\/uploads\/2023\/11\/Delong-Energy-Factory-05.jpg?resize=200%2C133&amp;ssl=1 200w, https:\/\/i0.wp.com\/www.delongtop.com\/wp-content\/uploads\/2023\/11\/Delong-Energy-Factory-05.jpg?resize=300%2C200&amp;ssl=1 300w, https:\/\/i0.wp.com\/www.delongtop.com\/wp-content\/uploads\/2023\/11\/Delong-Energy-Factory-05.jpg?resize=400%2C267&amp;ssl=1 400w, https:\/\/i0.wp.com\/www.delongtop.com\/wp-content\/uploads\/2023\/11\/Delong-Energy-Factory-05.jpg?resize=500%2C334&amp;ssl=1 500w, https:\/\/i0.wp.com\/www.delongtop.com\/wp-content\/uploads\/2023\/11\/Delong-Energy-Factory-05.jpg?resize=600%2C400&amp;ssl=1 600w, https:\/\/i0.wp.com\/www.delongtop.com\/wp-content\/uploads\/2023\/11\/Delong-Energy-Factory-05.jpg?resize=700%2C467&amp;ssl=1 700w, https:\/\/i0.wp.com\/www.delongtop.com\/wp-content\/uploads\/2023\/11\/Delong-Energy-Factory-05.jpg?resize=768%2C512&amp;ssl=1 768w, https:\/\/i0.wp.com\/www.delongtop.com\/wp-content\/uploads\/2023\/11\/Delong-Energy-Factory-05.jpg?resize=800%2C534&amp;ssl=1 800w, https:\/\/i0.wp.com\/www.delongtop.com\/wp-content\/uploads\/2023\/11\/Delong-Energy-Factory-05.jpg?w=1000&amp;ssl=1 1000w\" data-sizes=\"auto\" data-orig-sizes=\"(max-width: 1000px) 100vw, 1000px\" \/><\/p>","protected":false},"excerpt":{"rendered":"<ol>\n<li>Tensione nominale: 51,2 V<\/li>\n<li>Capacit\u00e0 nominale: 200ah<\/li>\n<li>Energia della batteria: 10,24kwh<\/li>\n<\/ol>","protected":false},"featured_media":22613,"comment_status":"open","ping_status":"closed","template":"","meta":[],"product_brand":[],"product_cat":[260,102],"product_tag":[],"class_list":{"0":"post-22556","1":"product","2":"type-product","3":"status-publish","4":"has-post-thumbnail","6":"product_cat-agv-lithium-battery","7":"product_cat-power-battery","9":"first","10":"instock","11":"shipping-taxable","12":"product-type-simple"},"yoast_head":"<!-- This site is optimized with the Yoast SEO plugin v25.0 - https:\/\/yoast.com\/wordpress\/plugins\/seo\/ -->\n<title>Delong 51.2V\/48V 200Ah AGV LiFePO4 Battery DL-LFP-AGV51200 - Delong Energy<\/title>\n<meta name=\"description\" content=\"12.8V 200Ah Battery; RV Battery; Caravan battery; 2560Wh Battery; Outdoor Camping Backup Battery; Alternative Lead Acid \/ Gel \/ Agm Batteries\" \/>\n<meta name=\"robots\" content=\"index, follow, max-snippet:-1, max-image-preview:large, max-video-preview:-1\" \/>\n<link rel=\"canonical\" href=\"https:\/\/www.delongtop.com\/it\/product\/51-2v-48v-200ah-agv-lifepo4-battery-dl-lfp-agv51200\/\" \/>\n<meta property=\"og:locale\" content=\"it_IT\" \/>\n<meta property=\"og:type\" content=\"article\" \/>\n<meta property=\"og:title\" content=\"Delong 51.2V\/48V 200Ah AGV LiFePO4 Battery DL-LFP-AGV51200 - Delong Energy\" \/>\n<meta property=\"og:description\" content=\"12.8V 200Ah Battery; RV Battery; Caravan battery; 2560Wh Battery; Outdoor Camping Backup Battery; Alternative Lead Acid \/ Gel \/ Agm Batteries\" \/>\n<meta property=\"og:url\" content=\"https:\/\/www.delongtop.com\/it\/product\/51-2v-48v-200ah-agv-lifepo4-battery-dl-lfp-agv51200\/\" \/>\n<meta property=\"og:site_name\" content=\"Delong Energy\" \/>\n<meta property=\"article:modified_time\" content=\"2024-09-05T15:44:36+00:00\" \/>\n<meta property=\"og:image\" content=\"https:\/\/i0.wp.com\/www.delongtop.com\/wp-content\/uploads\/2023\/11\/51.2V-200Ah-Lifepo4-Battery-For-AGV.jpg?fit=1000%2C1000&ssl=1\" \/>\n\t<meta property=\"og:image:width\" content=\"1000\" \/>\n\t<meta property=\"og:image:height\" content=\"1000\" \/>\n\t<meta property=\"og:image:type\" content=\"image\/jpeg\" \/>\n<meta name=\"twitter:card\" content=\"summary_large_image\" \/>\n<meta name=\"twitter:label1\" content=\"Tempo di lettura stimato\" \/>\n\t<meta name=\"twitter:data1\" content=\"3 minuti\" \/>\n<script type=\"application\/ld+json\" class=\"yoast-schema-graph\">{\"@context\":\"https:\/\/schema.org\",\"@graph\":[{\"@type\":\"WebPage\",\"@id\":\"https:\/\/www.delongtop.com\/product\/51-2v-48v-200ah-agv-lifepo4-battery-dl-lfp-agv51200\/\",\"url\":\"https:\/\/www.delongtop.com\/product\/51-2v-48v-200ah-agv-lifepo4-battery-dl-lfp-agv51200\/\",\"name\":\"Delong 51.2V\/48V 200Ah AGV LiFePO4 Battery DL-LFP-AGV51200 - Delong Energy\",\"isPartOf\":{\"@id\":\"https:\/\/www.delongtop.com\/#website\"},\"primaryImageOfPage\":{\"@id\":\"https:\/\/www.delongtop.com\/product\/51-2v-48v-200ah-agv-lifepo4-battery-dl-lfp-agv51200\/#primaryimage\"},\"image\":{\"@id\":\"https:\/\/www.delongtop.com\/product\/51-2v-48v-200ah-agv-lifepo4-battery-dl-lfp-agv51200\/#primaryimage\"},\"thumbnailUrl\":\"https:\/\/i0.wp.com\/www.delongtop.com\/wp-content\/uploads\/2023\/11\/51.2V-200Ah-Lifepo4-Battery-For-AGV.jpg?fit=1000%2C1000&ssl=1\",\"datePublished\":\"2023-11-23T15:15:40+00:00\",\"dateModified\":\"2024-09-05T15:44:36+00:00\",\"description\":\"12.8V 200Ah Battery; RV Battery; Caravan battery; 2560Wh Battery; Outdoor Camping Backup Battery; Alternative Lead Acid \/ Gel \/ Agm Batteries\",\"breadcrumb\":{\"@id\":\"https:\/\/www.delongtop.com\/product\/51-2v-48v-200ah-agv-lifepo4-battery-dl-lfp-agv51200\/#breadcrumb\"},\"inLanguage\":\"it-IT\",\"potentialAction\":[{\"@type\":\"ReadAction\",\"target\":[\"https:\/\/www.delongtop.com\/product\/51-2v-48v-200ah-agv-lifepo4-battery-dl-lfp-agv51200\/\"]}]},{\"@type\":\"ImageObject\",\"inLanguage\":\"it-IT\",\"@id\":\"https:\/\/www.delongtop.com\/product\/51-2v-48v-200ah-agv-lifepo4-battery-dl-lfp-agv51200\/#primaryimage\",\"url\":\"https:\/\/i0.wp.com\/www.delongtop.com\/wp-content\/uploads\/2023\/11\/51.2V-200Ah-Lifepo4-Battery-For-AGV.jpg?fit=1000%2C1000&ssl=1\",\"contentUrl\":\"https:\/\/i0.wp.com\/www.delongtop.com\/wp-content\/uploads\/2023\/11\/51.2V-200Ah-Lifepo4-Battery-For-AGV.jpg?fit=1000%2C1000&ssl=1\",\"width\":1000,\"height\":1000},{\"@type\":\"BreadcrumbList\",\"@id\":\"https:\/\/www.delongtop.com\/product\/51-2v-48v-200ah-agv-lifepo4-battery-dl-lfp-agv51200\/#breadcrumb\",\"itemListElement\":[{\"@type\":\"ListItem\",\"position\":1,\"name\":\"Home\",\"item\":\"https:\/\/www.delongtop.com\/\"},{\"@type\":\"ListItem\",\"position\":2,\"name\":\"Modern Products\",\"item\":\"https:\/\/www.delongtop.com\/products\/\"},{\"@type\":\"ListItem\",\"position\":3,\"name\":\"Delong 51.2V\/48V 200Ah AGV LiFePO4 Battery DL-LFP-AGV51200\"}]},{\"@type\":\"WebSite\",\"@id\":\"https:\/\/www.delongtop.com\/#website\",\"url\":\"https:\/\/www.delongtop.com\/\",\"name\":\"Delong Energy\",\"description\":\"Lithium Ion Battery Manufacturer &amp; Factory In China\",\"potentialAction\":[{\"@type\":\"SearchAction\",\"target\":{\"@type\":\"EntryPoint\",\"urlTemplate\":\"https:\/\/www.delongtop.com\/?s={search_term_string}\"},\"query-input\":{\"@type\":\"PropertyValueSpecification\",\"valueRequired\":true,\"valueName\":\"search_term_string\"}}],\"inLanguage\":\"it-IT\"}]}<\/script>\n<!-- \/ Yoast SEO plugin. -->","yoast_head_json":{"title":"Delong 51.2V\/48V 200Ah AGV LiFePO4 Battery DL-LFP-AGV51200 - Delong Energy","description":"12.8V 200Ah Battery; RV Battery; Caravan battery; 2560Wh Battery; Outdoor Camping Backup Battery; Alternative Lead Acid \/ Gel \/ Agm Batteries","robots":{"index":"index","follow":"follow","max-snippet":"max-snippet:-1","max-image-preview":"max-image-preview:large","max-video-preview":"max-video-preview:-1"},"canonical":"https:\/\/www.delongtop.com\/it\/product\/51-2v-48v-200ah-agv-lifepo4-battery-dl-lfp-agv51200\/","og_locale":"it_IT","og_type":"article","og_title":"Delong 51.2V\/48V 200Ah AGV LiFePO4 Battery DL-LFP-AGV51200 - Delong Energy","og_description":"12.8V 200Ah Battery; RV Battery; Caravan battery; 2560Wh Battery; Outdoor Camping Backup Battery; Alternative Lead Acid \/ Gel \/ Agm Batteries","og_url":"https:\/\/www.delongtop.com\/it\/product\/51-2v-48v-200ah-agv-lifepo4-battery-dl-lfp-agv51200\/","og_site_name":"Delong Energy","article_modified_time":"2024-09-05T15:44:36+00:00","og_image":[{"width":1000,"height":1000,"url":"https:\/\/i0.wp.com\/www.delongtop.com\/wp-content\/uploads\/2023\/11\/51.2V-200Ah-Lifepo4-Battery-For-AGV.jpg?fit=1000%2C1000&ssl=1","type":"image\/jpeg"}],"twitter_card":"summary_large_image","twitter_misc":{"Tempo di lettura stimato":"3 minuti"},"schema":{"@context":"https:\/\/schema.org","@graph":[{"@type":"WebPage","@id":"https:\/\/www.delongtop.com\/product\/51-2v-48v-200ah-agv-lifepo4-battery-dl-lfp-agv51200\/","url":"https:\/\/www.delongtop.com\/product\/51-2v-48v-200ah-agv-lifepo4-battery-dl-lfp-agv51200\/","name":"Delong 51.2V\/48V 200Ah AGV LiFePO4 Battery DL-LFP-AGV51200 - Delong Energy","isPartOf":{"@id":"https:\/\/www.delongtop.com\/#website"},"primaryImageOfPage":{"@id":"https:\/\/www.delongtop.com\/product\/51-2v-48v-200ah-agv-lifepo4-battery-dl-lfp-agv51200\/#primaryimage"},"image":{"@id":"https:\/\/www.delongtop.com\/product\/51-2v-48v-200ah-agv-lifepo4-battery-dl-lfp-agv51200\/#primaryimage"},"thumbnailUrl":"https:\/\/i0.wp.com\/www.delongtop.com\/wp-content\/uploads\/2023\/11\/51.2V-200Ah-Lifepo4-Battery-For-AGV.jpg?fit=1000%2C1000&ssl=1","datePublished":"2023-11-23T15:15:40+00:00","dateModified":"2024-09-05T15:44:36+00:00","description":"12.8V 200Ah Battery; RV Battery; Caravan battery; 2560Wh Battery; Outdoor Camping Backup Battery; Alternative Lead Acid \/ Gel \/ Agm Batteries","breadcrumb":{"@id":"https:\/\/www.delongtop.com\/product\/51-2v-48v-200ah-agv-lifepo4-battery-dl-lfp-agv51200\/#breadcrumb"},"inLanguage":"it-IT","potentialAction":[{"@type":"ReadAction","target":["https:\/\/www.delongtop.com\/product\/51-2v-48v-200ah-agv-lifepo4-battery-dl-lfp-agv51200\/"]}]},{"@type":"ImageObject","inLanguage":"it-IT","@id":"https:\/\/www.delongtop.com\/product\/51-2v-48v-200ah-agv-lifepo4-battery-dl-lfp-agv51200\/#primaryimage","url":"https:\/\/i0.wp.com\/www.delongtop.com\/wp-content\/uploads\/2023\/11\/51.2V-200Ah-Lifepo4-Battery-For-AGV.jpg?fit=1000%2C1000&ssl=1","contentUrl":"https:\/\/i0.wp.com\/www.delongtop.com\/wp-content\/uploads\/2023\/11\/51.2V-200Ah-Lifepo4-Battery-For-AGV.jpg?fit=1000%2C1000&ssl=1","width":1000,"height":1000},{"@type":"BreadcrumbList","@id":"https:\/\/www.delongtop.com\/product\/51-2v-48v-200ah-agv-lifepo4-battery-dl-lfp-agv51200\/#breadcrumb","itemListElement":[{"@type":"ListItem","position":1,"name":"Home","item":"https:\/\/www.delongtop.com\/"},{"@type":"ListItem","position":2,"name":"Modern Products","item":"https:\/\/www.delongtop.com\/products\/"},{"@type":"ListItem","position":3,"name":"Delong 51.2V\/48V 200Ah AGV LiFePO4 Battery DL-LFP-AGV51200"}]},{"@type":"WebSite","@id":"https:\/\/www.delongtop.com\/#website","url":"https:\/\/www.delongtop.com\/","name":"Delong Energy","description":"Lithium Ion Battery Manufacturer &amp; Factory In China","potentialAction":[{"@type":"SearchAction","target":{"@type":"EntryPoint","urlTemplate":"https:\/\/www.delongtop.com\/?s={search_term_string}"},"query-input":{"@type":"PropertyValueSpecification","valueRequired":true,"valueName":"search_term_string"}}],"inLanguage":"it-IT"}]}},"jetpack_sharing_enabled":true,"_links":{"self":[{"href":"https:\/\/www.delongtop.com\/it\/wp-json\/wp\/v2\/product\/22556","targetHints":{"allow":["GET"]}}],"collection":[{"href":"https:\/\/www.delongtop.com\/it\/wp-json\/wp\/v2\/product"}],"about":[{"href":"https:\/\/www.delongtop.com\/it\/wp-json\/wp\/v2\/types\/product"}],"replies":[{"embeddable":true,"href":"https:\/\/www.delongtop.com\/it\/wp-json\/wp\/v2\/comments?post=22556"}],"wp:featuredmedia":[{"embeddable":true,"href":"https:\/\/www.delongtop.com\/it\/wp-json\/wp\/v2\/media\/22613"}],"wp:attachment":[{"href":"https:\/\/www.delongtop.com\/it\/wp-json\/wp\/v2\/media?parent=22556"}],"wp:term":[{"taxonomy":"product_brand","embeddable":true,"href":"https:\/\/www.delongtop.com\/it\/wp-json\/wp\/v2\/product_brand?post=22556"},{"taxonomy":"product_cat","embeddable":true,"href":"https:\/\/www.delongtop.com\/it\/wp-json\/wp\/v2\/product_cat?post=22556"},{"taxonomy":"product_tag","embeddable":true,"href":"https:\/\/www.delongtop.com\/it\/wp-json\/wp\/v2\/product_tag?post=22556"}],"curies":[{"name":"wp","href":"https:\/\/api.w.org\/{rel}","templated":true}]}}