{"id":22557,"date":"2023-11-23T15:20:18","date_gmt":"2023-11-23T15:20:18","guid":{"rendered":"https:\/\/www.delongtop.com\/?post_type=product&#038;p=22557"},"modified":"2024-09-05T15:44:28","modified_gmt":"2024-09-05T15:44:28","slug":"51-2v-48v-40ah-agv-lifepo4-battery-dl-lfp-agv5140","status":"publish","type":"product","link":"https:\/\/www.delongtop.com\/it\/product\/51-2v-48v-40ah-agv-lifepo4-battery-dl-lfp-agv5140\/","title":{"rendered":"Batteria LiFePO4 AGV Delong 51,2V\/48V 40Ah DL-LFP-AGV5140"},"content":{"rendered":"<div>\n<h2><strong><span style=\"color: #339966;\">51,2V\/48V 40Ah Batteria AGV LiFePO4 <\/span><\/strong><span style=\"color: #339966;\">Alimentazione 2048wh <\/span><strong><span style=\"color: #339966;\">DL-LFP-AGV5140<\/span><\/strong><\/h2>\n<\/div>\n<p>La batteria AGV, acronimo di batteria per veicoli a guida automatica, \u00e8 una fonte di energia utilizzata per guidare i veicoli a guida automatica. Gli AGV sono comunemente utilizzati in fabbriche, sistemi di trasporto logistico, ospedali, magazzini e altri luoghi.<\/p>\n<p>La tensione nominale di questa batteria per AGV \u00e8 di 51,2V, con una corrente nominale di 40Ah, che fornisce un'energia di 2048Wh. Un'altra batteria lifepo4 per AGV pu\u00f2 fornire 10kWh di energia e il suo modello \u00e8 <a href=\"https:\/\/www.delongtop.com\/it\/product\/51-2v-48v-200ah-agv-lifepo4-battery-dl-lfp-agv51200\/\" target=\"_blank\" rel=\"noopener\">D-LFP-AGV51200<\/a>.<\/p>\n<h2><span style=\"color: #339966;\">Perch\u00e9 scegliere la batteria Lifepo4 come fonte di alimentazione per AGV?<\/span><\/h2>\n<ol>\n<li>L'elettrodo positivo del <a href=\"https:\/\/www.delongtop.com\/it\/what-is-a-lifepo4-battery\/\" target=\"_blank\" rel=\"noopener\">batteria al litio ferro fosfato<\/a> \u00e8 il litio-ferro-fosfato, che ha un'alta densit\u00e0 energetica, pu\u00f2 immagazzinare pi\u00f9 elettricit\u00e0 e mantenere lo stato di funzionamento per lungo tempo.<\/li>\n<li>Il litio ferro fosfato ha una lunga durata. La batteria DL-LFP-AGV5140, una batteria AGV da 51,2 V, ha una durata di 12 anni e pu\u00f2 raggiungere oltre 6500 cicli di carica e scarica.<\/li>\n<li>Questa batteria AGV \u00e8 dotata di un display LCD che consente di comprendere lo stato di funzionamento della batteria in tempo reale.<\/li>\n<li>Le batterie al litio ferro fosfato sono ecologiche e non hanno alcun impatto sull'ambiente.<\/li>\n<li>Le nostre batterie soddisfano molte certificazioni internazionali, come CB, CE, IEC, UN38.3 e MSDS.<\/li>\n<\/ol>\n<h2><span style=\"color: #339966;\">Certificazione della batteria AGV<\/span><\/h2>\n<p><img data-recalc-dims=\"1\" decoding=\"async\" class=\"lazyload size-full wp-image-21345 aligncenter\" src=\"https:\/\/i0.wp.com\/www.delongtop.com\/wp-content\/uploads\/2023\/10\/Lithium-Battery-Certification.jpg?resize=1170%2C488&#038;ssl=1\" data-orig-src=\"https:\/\/www.delongtop.com\/wp-content\/uploads\/2023\/10\/Lithium-Battery-Certification.jpg\" alt=\"Certificazione delle batterie al litio\" width=\"1170\" height=\"488\" srcset=\"data:image\/svg+xml,%3Csvg%20xmlns%3D%27http%3A%2F%2Fwww.w3.org%2F2000%2Fsvg%27%20width%3D%271920%27%20height%3D%27800%27%20viewBox%3D%270%200%201920%20800%27%3E%3Crect%20width%3D%271920%27%20height%3D%27800%27%20fill-opacity%3D%220%22%2F%3E%3C%2Fsvg%3E\" data-srcset=\"https:\/\/i0.wp.com\/www.delongtop.com\/wp-content\/uploads\/2023\/10\/Lithium-Battery-Certification.jpg?resize=200%2C83&amp;ssl=1 200w, https:\/\/i0.wp.com\/www.delongtop.com\/wp-content\/uploads\/2023\/10\/Lithium-Battery-Certification.jpg?resize=300%2C125&amp;ssl=1 300w, https:\/\/i0.wp.com\/www.delongtop.com\/wp-content\/uploads\/2023\/10\/Lithium-Battery-Certification.jpg?resize=400%2C167&amp;ssl=1 400w, https:\/\/i0.wp.com\/www.delongtop.com\/wp-content\/uploads\/2023\/10\/Lithium-Battery-Certification.jpg?resize=500%2C208&amp;ssl=1 500w, https:\/\/i0.wp.com\/www.delongtop.com\/wp-content\/uploads\/2023\/10\/Lithium-Battery-Certification.jpg?resize=600%2C250&amp;ssl=1 600w, https:\/\/i0.wp.com\/www.delongtop.com\/wp-content\/uploads\/2023\/10\/Lithium-Battery-Certification.jpg?resize=700%2C292&amp;ssl=1 700w, https:\/\/i0.wp.com\/www.delongtop.com\/wp-content\/uploads\/2023\/10\/Lithium-Battery-Certification.jpg?resize=768%2C320&amp;ssl=1 768w, https:\/\/i0.wp.com\/www.delongtop.com\/wp-content\/uploads\/2023\/10\/Lithium-Battery-Certification.jpg?resize=800%2C333&amp;ssl=1 800w, https:\/\/i0.wp.com\/www.delongtop.com\/wp-content\/uploads\/2023\/10\/Lithium-Battery-Certification.jpg?resize=1024%2C427&amp;ssl=1 1024w, https:\/\/i0.wp.com\/www.delongtop.com\/wp-content\/uploads\/2023\/10\/Lithium-Battery-Certification.jpg?resize=1200%2C500&amp;ssl=1 1200w, https:\/\/i0.wp.com\/www.delongtop.com\/wp-content\/uploads\/2023\/10\/Lithium-Battery-Certification.jpg?resize=1536%2C640&amp;ssl=1 1536w, https:\/\/i0.wp.com\/www.delongtop.com\/wp-content\/uploads\/2023\/10\/Lithium-Battery-Certification.jpg?w=1920&amp;ssl=1 1920w\" data-sizes=\"auto\" data-orig-sizes=\"(max-width: 1170px) 100vw, 1170px\" \/><\/p>\n<h2><span style=\"color: #339966;\"><strong><b>Perch\u00e9 affidarsi a Delong Energy<\/b><\/strong><\/span><\/h2>\n<p><a href=\"https:\/\/www.delongtop.com\/it\/about\/\" target=\"_blank\" rel=\"noopener\">Delong<\/a> \u00e8 una fabbrica cinese che si dedica alla ricerca, allo sviluppo e alla produzione di batterie al litio. La nostra fabbrica copre un'area di 6000 metri quadrati e controlliamo rigorosamente la qualit\u00e0 di ogni batteria.<\/p>\n<p>Abbiamo un team di ingegneri esperti che forniscono soluzioni personalizzate per le batterie. Che si tratti di AGV, carrelli elevatori, <a href=\"https:\/\/www.delongtop.com\/it\/product-category\/power-battery\/lithium-golf-cart-battery\/\" target=\"_blank\" rel=\"noopener\">carrelli da golf<\/a>batterie al litio per uso marino o per l'accumulo di energia domestica, abbiamo un'esperienza rilevante e casi di successo.<\/p>\n<p>Non esitate a contattarci per discutere i requisiti del vostro progetto e vi risponderemo prontamente!<\/p>\n<p><img data-recalc-dims=\"1\" decoding=\"async\" class=\"lazyload size-full wp-image-22036 aligncenter\" src=\"https:\/\/i0.wp.com\/www.delongtop.com\/wp-content\/uploads\/2023\/11\/Delong-Energy-Factory-05.jpg?resize=1000%2C667&#038;ssl=1\" data-orig-src=\"https:\/\/www.delongtop.com\/wp-content\/uploads\/2023\/11\/Delong-Energy-Factory-05.jpg\" alt=\"\" width=\"1000\" height=\"667\" srcset=\"data:image\/svg+xml,%3Csvg%20xmlns%3D%27http%3A%2F%2Fwww.w3.org%2F2000%2Fsvg%27%20width%3D%271000%27%20height%3D%27667%27%20viewBox%3D%270%200%201000%20667%27%3E%3Crect%20width%3D%271000%27%20height%3D%27667%27%20fill-opacity%3D%220%22%2F%3E%3C%2Fsvg%3E\" data-srcset=\"https:\/\/i0.wp.com\/www.delongtop.com\/wp-content\/uploads\/2023\/11\/Delong-Energy-Factory-05.jpg?resize=200%2C133&amp;ssl=1 200w, https:\/\/i0.wp.com\/www.delongtop.com\/wp-content\/uploads\/2023\/11\/Delong-Energy-Factory-05.jpg?resize=300%2C200&amp;ssl=1 300w, https:\/\/i0.wp.com\/www.delongtop.com\/wp-content\/uploads\/2023\/11\/Delong-Energy-Factory-05.jpg?resize=400%2C267&amp;ssl=1 400w, https:\/\/i0.wp.com\/www.delongtop.com\/wp-content\/uploads\/2023\/11\/Delong-Energy-Factory-05.jpg?resize=500%2C334&amp;ssl=1 500w, https:\/\/i0.wp.com\/www.delongtop.com\/wp-content\/uploads\/2023\/11\/Delong-Energy-Factory-05.jpg?resize=600%2C400&amp;ssl=1 600w, https:\/\/i0.wp.com\/www.delongtop.com\/wp-content\/uploads\/2023\/11\/Delong-Energy-Factory-05.jpg?resize=700%2C467&amp;ssl=1 700w, https:\/\/i0.wp.com\/www.delongtop.com\/wp-content\/uploads\/2023\/11\/Delong-Energy-Factory-05.jpg?resize=768%2C512&amp;ssl=1 768w, https:\/\/i0.wp.com\/www.delongtop.com\/wp-content\/uploads\/2023\/11\/Delong-Energy-Factory-05.jpg?resize=800%2C534&amp;ssl=1 800w, https:\/\/i0.wp.com\/www.delongtop.com\/wp-content\/uploads\/2023\/11\/Delong-Energy-Factory-05.jpg?w=1000&amp;ssl=1 1000w\" data-sizes=\"auto\" data-orig-sizes=\"(max-width: 1000px) 100vw, 1000px\" \/><\/p>","protected":false},"excerpt":{"rendered":"<ol>\n<li>Tensione nominale: 51,2 V<\/li>\n<li>Capacit\u00e0 nominale: 40ah<\/li>\n<li>Energia della batteria: 2048wh<\/li>\n<\/ol>","protected":false},"featured_media":22612,"comment_status":"open","ping_status":"closed","template":"","meta":[],"product_brand":[],"product_cat":[260,102],"product_tag":[],"class_list":{"0":"post-22557","1":"product","2":"type-product","3":"status-publish","4":"has-post-thumbnail","6":"product_cat-agv-lithium-battery","7":"product_cat-power-battery","9":"first","10":"instock","11":"shipping-taxable","12":"product-type-simple"},"yoast_head":"<!-- This site is optimized with the Yoast SEO plugin v25.0 - https:\/\/yoast.com\/wordpress\/plugins\/seo\/ -->\n<title>Delong 51.2V\/48V 40Ah AGV LiFePO4 Battery DL-LFP-AGV5140 - Delong Energy<\/title>\n<meta name=\"description\" content=\"12.8V 200Ah Battery; RV Battery; Caravan battery; 2560Wh Battery; Outdoor Camping Backup Battery; Alternative Lead Acid \/ Gel \/ Agm Batteries\" \/>\n<meta name=\"robots\" content=\"index, follow, max-snippet:-1, max-image-preview:large, max-video-preview:-1\" \/>\n<link rel=\"canonical\" href=\"https:\/\/www.delongtop.com\/it\/product\/51-2v-48v-40ah-agv-lifepo4-battery-dl-lfp-agv5140\/\" \/>\n<meta property=\"og:locale\" content=\"it_IT\" \/>\n<meta property=\"og:type\" content=\"article\" \/>\n<meta property=\"og:title\" content=\"Delong 51.2V\/48V 40Ah AGV LiFePO4 Battery DL-LFP-AGV5140 - Delong Energy\" \/>\n<meta property=\"og:description\" content=\"12.8V 200Ah Battery; RV Battery; Caravan battery; 2560Wh Battery; Outdoor Camping Backup Battery; Alternative Lead Acid \/ Gel \/ Agm Batteries\" \/>\n<meta property=\"og:url\" content=\"https:\/\/www.delongtop.com\/it\/product\/51-2v-48v-40ah-agv-lifepo4-battery-dl-lfp-agv5140\/\" \/>\n<meta property=\"og:site_name\" content=\"Delong Energy\" \/>\n<meta property=\"article:modified_time\" content=\"2024-09-05T15:44:28+00:00\" \/>\n<meta property=\"og:image\" content=\"https:\/\/i0.wp.com\/www.delongtop.com\/wp-content\/uploads\/2023\/11\/51.2V-40Ah-Lifepo4-Battery-For-AGV.jpg?fit=1000%2C1000&ssl=1\" \/>\n\t<meta property=\"og:image:width\" content=\"1000\" \/>\n\t<meta property=\"og:image:height\" content=\"1000\" \/>\n\t<meta property=\"og:image:type\" content=\"image\/jpeg\" \/>\n<meta name=\"twitter:card\" content=\"summary_large_image\" \/>\n<meta name=\"twitter:label1\" content=\"Tempo di lettura stimato\" \/>\n\t<meta name=\"twitter:data1\" content=\"2 minuti\" \/>\n<script type=\"application\/ld+json\" class=\"yoast-schema-graph\">{\"@context\":\"https:\/\/schema.org\",\"@graph\":[{\"@type\":\"WebPage\",\"@id\":\"https:\/\/www.delongtop.com\/product\/51-2v-48v-40ah-agv-lifepo4-battery-dl-lfp-agv5140\/\",\"url\":\"https:\/\/www.delongtop.com\/product\/51-2v-48v-40ah-agv-lifepo4-battery-dl-lfp-agv5140\/\",\"name\":\"Delong 51.2V\/48V 40Ah AGV LiFePO4 Battery DL-LFP-AGV5140 - Delong Energy\",\"isPartOf\":{\"@id\":\"https:\/\/www.delongtop.com\/#website\"},\"primaryImageOfPage\":{\"@id\":\"https:\/\/www.delongtop.com\/product\/51-2v-48v-40ah-agv-lifepo4-battery-dl-lfp-agv5140\/#primaryimage\"},\"image\":{\"@id\":\"https:\/\/www.delongtop.com\/product\/51-2v-48v-40ah-agv-lifepo4-battery-dl-lfp-agv5140\/#primaryimage\"},\"thumbnailUrl\":\"https:\/\/i0.wp.com\/www.delongtop.com\/wp-content\/uploads\/2023\/11\/51.2V-40Ah-Lifepo4-Battery-For-AGV.jpg?fit=1000%2C1000&ssl=1\",\"datePublished\":\"2023-11-23T15:20:18+00:00\",\"dateModified\":\"2024-09-05T15:44:28+00:00\",\"description\":\"12.8V 200Ah Battery; RV Battery; Caravan battery; 2560Wh Battery; Outdoor Camping Backup Battery; Alternative Lead Acid \/ Gel \/ Agm Batteries\",\"breadcrumb\":{\"@id\":\"https:\/\/www.delongtop.com\/product\/51-2v-48v-40ah-agv-lifepo4-battery-dl-lfp-agv5140\/#breadcrumb\"},\"inLanguage\":\"it-IT\",\"potentialAction\":[{\"@type\":\"ReadAction\",\"target\":[\"https:\/\/www.delongtop.com\/product\/51-2v-48v-40ah-agv-lifepo4-battery-dl-lfp-agv5140\/\"]}]},{\"@type\":\"ImageObject\",\"inLanguage\":\"it-IT\",\"@id\":\"https:\/\/www.delongtop.com\/product\/51-2v-48v-40ah-agv-lifepo4-battery-dl-lfp-agv5140\/#primaryimage\",\"url\":\"https:\/\/i0.wp.com\/www.delongtop.com\/wp-content\/uploads\/2023\/11\/51.2V-40Ah-Lifepo4-Battery-For-AGV.jpg?fit=1000%2C1000&ssl=1\",\"contentUrl\":\"https:\/\/i0.wp.com\/www.delongtop.com\/wp-content\/uploads\/2023\/11\/51.2V-40Ah-Lifepo4-Battery-For-AGV.jpg?fit=1000%2C1000&ssl=1\",\"width\":1000,\"height\":1000,\"caption\":\"51.2V 40Ah Lifepo4 Battery For AGV\"},{\"@type\":\"BreadcrumbList\",\"@id\":\"https:\/\/www.delongtop.com\/product\/51-2v-48v-40ah-agv-lifepo4-battery-dl-lfp-agv5140\/#breadcrumb\",\"itemListElement\":[{\"@type\":\"ListItem\",\"position\":1,\"name\":\"Home\",\"item\":\"https:\/\/www.delongtop.com\/\"},{\"@type\":\"ListItem\",\"position\":2,\"name\":\"Modern Products\",\"item\":\"https:\/\/www.delongtop.com\/products\/\"},{\"@type\":\"ListItem\",\"position\":3,\"name\":\"Delong 51.2V\/48V 40Ah AGV LiFePO4 Battery DL-LFP-AGV5140\"}]},{\"@type\":\"WebSite\",\"@id\":\"https:\/\/www.delongtop.com\/#website\",\"url\":\"https:\/\/www.delongtop.com\/\",\"name\":\"Delong Energy\",\"description\":\"Lithium Ion Battery Manufacturer &amp; Factory In China\",\"potentialAction\":[{\"@type\":\"SearchAction\",\"target\":{\"@type\":\"EntryPoint\",\"urlTemplate\":\"https:\/\/www.delongtop.com\/?s={search_term_string}\"},\"query-input\":{\"@type\":\"PropertyValueSpecification\",\"valueRequired\":true,\"valueName\":\"search_term_string\"}}],\"inLanguage\":\"it-IT\"}]}<\/script>\n<!-- \/ Yoast SEO plugin. -->","yoast_head_json":{"title":"Delong 51.2V\/48V 40Ah AGV LiFePO4 Battery DL-LFP-AGV5140 - Delong Energy","description":"12.8V 200Ah Battery; RV Battery; Caravan battery; 2560Wh Battery; Outdoor Camping Backup Battery; Alternative Lead Acid \/ Gel \/ Agm Batteries","robots":{"index":"index","follow":"follow","max-snippet":"max-snippet:-1","max-image-preview":"max-image-preview:large","max-video-preview":"max-video-preview:-1"},"canonical":"https:\/\/www.delongtop.com\/it\/product\/51-2v-48v-40ah-agv-lifepo4-battery-dl-lfp-agv5140\/","og_locale":"it_IT","og_type":"article","og_title":"Delong 51.2V\/48V 40Ah AGV LiFePO4 Battery DL-LFP-AGV5140 - Delong Energy","og_description":"12.8V 200Ah Battery; RV Battery; Caravan battery; 2560Wh Battery; Outdoor Camping Backup Battery; Alternative Lead Acid \/ Gel \/ Agm Batteries","og_url":"https:\/\/www.delongtop.com\/it\/product\/51-2v-48v-40ah-agv-lifepo4-battery-dl-lfp-agv5140\/","og_site_name":"Delong Energy","article_modified_time":"2024-09-05T15:44:28+00:00","og_image":[{"width":1000,"height":1000,"url":"https:\/\/i0.wp.com\/www.delongtop.com\/wp-content\/uploads\/2023\/11\/51.2V-40Ah-Lifepo4-Battery-For-AGV.jpg?fit=1000%2C1000&ssl=1","type":"image\/jpeg"}],"twitter_card":"summary_large_image","twitter_misc":{"Tempo di lettura stimato":"2 minuti"},"schema":{"@context":"https:\/\/schema.org","@graph":[{"@type":"WebPage","@id":"https:\/\/www.delongtop.com\/product\/51-2v-48v-40ah-agv-lifepo4-battery-dl-lfp-agv5140\/","url":"https:\/\/www.delongtop.com\/product\/51-2v-48v-40ah-agv-lifepo4-battery-dl-lfp-agv5140\/","name":"Delong 51.2V\/48V 40Ah AGV LiFePO4 Battery DL-LFP-AGV5140 - Delong Energy","isPartOf":{"@id":"https:\/\/www.delongtop.com\/#website"},"primaryImageOfPage":{"@id":"https:\/\/www.delongtop.com\/product\/51-2v-48v-40ah-agv-lifepo4-battery-dl-lfp-agv5140\/#primaryimage"},"image":{"@id":"https:\/\/www.delongtop.com\/product\/51-2v-48v-40ah-agv-lifepo4-battery-dl-lfp-agv5140\/#primaryimage"},"thumbnailUrl":"https:\/\/i0.wp.com\/www.delongtop.com\/wp-content\/uploads\/2023\/11\/51.2V-40Ah-Lifepo4-Battery-For-AGV.jpg?fit=1000%2C1000&ssl=1","datePublished":"2023-11-23T15:20:18+00:00","dateModified":"2024-09-05T15:44:28+00:00","description":"12.8V 200Ah Battery; RV Battery; Caravan battery; 2560Wh Battery; Outdoor Camping Backup Battery; Alternative Lead Acid \/ Gel \/ Agm Batteries","breadcrumb":{"@id":"https:\/\/www.delongtop.com\/product\/51-2v-48v-40ah-agv-lifepo4-battery-dl-lfp-agv5140\/#breadcrumb"},"inLanguage":"it-IT","potentialAction":[{"@type":"ReadAction","target":["https:\/\/www.delongtop.com\/product\/51-2v-48v-40ah-agv-lifepo4-battery-dl-lfp-agv5140\/"]}]},{"@type":"ImageObject","inLanguage":"it-IT","@id":"https:\/\/www.delongtop.com\/product\/51-2v-48v-40ah-agv-lifepo4-battery-dl-lfp-agv5140\/#primaryimage","url":"https:\/\/i0.wp.com\/www.delongtop.com\/wp-content\/uploads\/2023\/11\/51.2V-40Ah-Lifepo4-Battery-For-AGV.jpg?fit=1000%2C1000&ssl=1","contentUrl":"https:\/\/i0.wp.com\/www.delongtop.com\/wp-content\/uploads\/2023\/11\/51.2V-40Ah-Lifepo4-Battery-For-AGV.jpg?fit=1000%2C1000&ssl=1","width":1000,"height":1000,"caption":"51.2V 40Ah Lifepo4 Battery For AGV"},{"@type":"BreadcrumbList","@id":"https:\/\/www.delongtop.com\/product\/51-2v-48v-40ah-agv-lifepo4-battery-dl-lfp-agv5140\/#breadcrumb","itemListElement":[{"@type":"ListItem","position":1,"name":"Home","item":"https:\/\/www.delongtop.com\/"},{"@type":"ListItem","position":2,"name":"Modern Products","item":"https:\/\/www.delongtop.com\/products\/"},{"@type":"ListItem","position":3,"name":"Delong 51.2V\/48V 40Ah AGV LiFePO4 Battery DL-LFP-AGV5140"}]},{"@type":"WebSite","@id":"https:\/\/www.delongtop.com\/#website","url":"https:\/\/www.delongtop.com\/","name":"Delong Energy","description":"Lithium Ion Battery Manufacturer &amp; Factory In China","potentialAction":[{"@type":"SearchAction","target":{"@type":"EntryPoint","urlTemplate":"https:\/\/www.delongtop.com\/?s={search_term_string}"},"query-input":{"@type":"PropertyValueSpecification","valueRequired":true,"valueName":"search_term_string"}}],"inLanguage":"it-IT"}]}},"jetpack_sharing_enabled":true,"_links":{"self":[{"href":"https:\/\/www.delongtop.com\/it\/wp-json\/wp\/v2\/product\/22557","targetHints":{"allow":["GET"]}}],"collection":[{"href":"https:\/\/www.delongtop.com\/it\/wp-json\/wp\/v2\/product"}],"about":[{"href":"https:\/\/www.delongtop.com\/it\/wp-json\/wp\/v2\/types\/product"}],"replies":[{"embeddable":true,"href":"https:\/\/www.delongtop.com\/it\/wp-json\/wp\/v2\/comments?post=22557"}],"wp:featuredmedia":[{"embeddable":true,"href":"https:\/\/www.delongtop.com\/it\/wp-json\/wp\/v2\/media\/22612"}],"wp:attachment":[{"href":"https:\/\/www.delongtop.com\/it\/wp-json\/wp\/v2\/media?parent=22557"}],"wp:term":[{"taxonomy":"product_brand","embeddable":true,"href":"https:\/\/www.delongtop.com\/it\/wp-json\/wp\/v2\/product_brand?post=22557"},{"taxonomy":"product_cat","embeddable":true,"href":"https:\/\/www.delongtop.com\/it\/wp-json\/wp\/v2\/product_cat?post=22557"},{"taxonomy":"product_tag","embeddable":true,"href":"https:\/\/www.delongtop.com\/it\/wp-json\/wp\/v2\/product_tag?post=22557"}],"curies":[{"name":"wp","href":"https:\/\/api.w.org\/{rel}","templated":true}]}}