{"id":23224,"date":"2024-02-29T07:07:18","date_gmt":"2024-02-29T07:07:18","guid":{"rendered":"https:\/\/www.delongtop.com\/?post_type=product&#038;p=23224"},"modified":"2026-01-23T10:02:30","modified_gmt":"2026-01-23T10:02:30","slug":"18650-cylindrical-sodium-ion-battery-cells-1200mah","status":"publish","type":"product","link":"https:\/\/www.delongtop.com\/it\/product\/18650-cylindrical-sodium-ion-battery-cells-1200mah\/","title":{"rendered":"18650 Celle di batteria agli ioni di sodio cilindriche ad alto tasso 3V 1200mAh"},"content":{"rendered":"<h2><span style=\"color: #339966;\"><strong>Batteria cilindrica ricaricabile agli ioni di sodio (SIB) da 3V 1200mAh 18650<\/strong><\/span><\/h2>\n<div id=\"attachment_23286\" style=\"width: 1010px\" class=\"wp-caption aligncenter\"><img data-recalc-dims=\"1\" decoding=\"async\" aria-describedby=\"caption-attachment-23286\" class=\"lazyload size-full wp-image-23286\" src=\"https:\/\/i0.wp.com\/www.delongtop.com\/wp-content\/uploads\/2024\/03\/Sodium-Battery-02.jpg?resize=1000%2C650&#038;ssl=1\" data-orig-src=\"https:\/\/www.delongtop.com\/wp-content\/uploads\/2024\/03\/Sodium-Battery-02.jpg\" alt=\"Produttore di batterie al sodio\" width=\"1000\" height=\"650\" srcset=\"data:image\/svg+xml,%3Csvg%20xmlns%3D%27http%3A%2F%2Fwww.w3.org%2F2000%2Fsvg%27%20width%3D%271000%27%20height%3D%27650%27%20viewBox%3D%270%200%201000%20650%27%3E%3Crect%20width%3D%271000%27%20height%3D%27650%27%20fill-opacity%3D%220%22%2F%3E%3C%2Fsvg%3E\" data-srcset=\"https:\/\/i0.wp.com\/www.delongtop.com\/wp-content\/uploads\/2024\/03\/Sodium-Battery-02.jpg?resize=200%2C130&amp;ssl=1 200w, https:\/\/i0.wp.com\/www.delongtop.com\/wp-content\/uploads\/2024\/03\/Sodium-Battery-02.jpg?resize=300%2C195&amp;ssl=1 300w, https:\/\/i0.wp.com\/www.delongtop.com\/wp-content\/uploads\/2024\/03\/Sodium-Battery-02.jpg?resize=400%2C260&amp;ssl=1 400w, https:\/\/i0.wp.com\/www.delongtop.com\/wp-content\/uploads\/2024\/03\/Sodium-Battery-02.jpg?resize=500%2C325&amp;ssl=1 500w, https:\/\/i0.wp.com\/www.delongtop.com\/wp-content\/uploads\/2024\/03\/Sodium-Battery-02.jpg?resize=600%2C390&amp;ssl=1 600w, https:\/\/i0.wp.com\/www.delongtop.com\/wp-content\/uploads\/2024\/03\/Sodium-Battery-02.jpg?resize=700%2C455&amp;ssl=1 700w, https:\/\/i0.wp.com\/www.delongtop.com\/wp-content\/uploads\/2024\/03\/Sodium-Battery-02.jpg?resize=768%2C499&amp;ssl=1 768w, https:\/\/i0.wp.com\/www.delongtop.com\/wp-content\/uploads\/2024\/03\/Sodium-Battery-02.jpg?resize=800%2C520&amp;ssl=1 800w, https:\/\/i0.wp.com\/www.delongtop.com\/wp-content\/uploads\/2024\/03\/Sodium-Battery-02.jpg?w=1000&amp;ssl=1 1000w\" data-sizes=\"auto\" data-orig-sizes=\"(max-width: 1000px) 100vw, 1000px\" \/><p id=\"caption-attachment-23286\" class=\"wp-caption-text\">Produttore di batterie al sodio<\/p><\/div>\n<h3><span style=\"color: #339966;\"><strong>Caratteristiche della batteria al sodio 18650:<\/strong><\/span><\/h3>\n<p><strong><b>Buone prestazioni di sicurezza<\/b><\/strong><\/p>\n<p>La cella cilindrica 18650 ha superato diversi test e non \u00e8 incline a prendere fuoco o a esplodere facilmente. \u00c8 possibile utilizzarla con fiducia.<\/p>\n<p><strong><b>Peso complessivo ridotto<\/b><\/strong><\/p>\n<p>Rispetto alle batterie al piombo, la densit\u00e0 di energia delle batterie al sodio 18650 \u00e8 ancora molto elevata, il che ne rende il volume e il peso relativamente ridotti.<\/p>\n<p><strong><b>Lunga durata di vita<\/b><\/strong><\/p>\n<p>Pu\u00f2 completare 2000 cicli di carica-scarica e viene continuamente ottimizzata e migliorata. Ci\u00f2 consente non solo di evitare frequenti sostituzioni della batteria, ma anche di ridurre i costi.<\/p>\n<p><strong><b>Alto tasso di conversione dell'energia<\/b><\/strong><\/p>\n<p>La batteria al sodio 18650 ha un'elevata efficienza di carica e scarica e pu\u00f2 fornire pi\u00f9 energia in un breve lasso di tempo.<\/p>\n<p><strong><b>Buone prestazioni a bassa temperatura<\/b><\/strong><\/p>\n<p>La sua temperatura di esercizio va da -40\u00b0C a 60\u00b0C, un intervallo molto ampio. Questo rende la 18650 molto adatta a lavorare in condizioni climatiche estreme.<\/p>\n<h3><span style=\"color: #339966;\"><strong>Applicazione <\/strong><strong>Batteria al sodio 18650<\/strong><\/span><\/h3>\n<p>Le celle cilindriche al sodio 18650 sono molto adatte per essere utilizzate nei veicoli elettrici a bassa velocit\u00e0, perch\u00e9 una delle loro caratteristiche \u00e8 quella di avere buone prestazioni ad alta potenza. Inoltre, le loro elevate prestazioni di sicurezza, l'ampio intervallo di temperatura operativa e la capacit\u00e0 di caricarsi e scaricarsi rapidamente le rendono molto apprezzate nel campo dell'accumulo di energia.<\/p>","protected":false},"excerpt":{"rendered":"<ul>\n<li>Tensione nominale: 3V<\/li>\n<li>Capacit\u00e0 nominale: 1200mAh<\/li>\n<li>Durata del ciclo: 2000 cicli<\/li>\n<li>Gamma di tensione di lavoro: 1.5V-4.0V<\/li>\n<\/ul>","protected":false},"featured_media":23285,"comment_status":"open","ping_status":"closed","template":"","meta":[],"product_brand":[],"product_cat":[270],"product_tag":[],"class_list":{"0":"post-23224","1":"product","2":"type-product","3":"status-publish","4":"has-post-thumbnail","6":"product_cat-sodium-ion-battery","8":"first","9":"instock","10":"shipping-taxable","11":"product-type-simple"},"yoast_head":"<!-- This site is optimized with the Yoast SEO plugin v25.0 - https:\/\/yoast.com\/wordpress\/plugins\/seo\/ -->\n<title>18650 High Rate Cylindrical Sodium Ion Battery Cells 3V 1200mAh - Delong Energy<\/title>\n<meta name=\"robots\" content=\"index, follow, max-snippet:-1, max-image-preview:large, max-video-preview:-1\" \/>\n<link rel=\"canonical\" href=\"https:\/\/www.delongtop.com\/it\/product\/18650-cylindrical-sodium-ion-battery-cells-1200mah\/\" \/>\n<meta property=\"og:locale\" content=\"it_IT\" \/>\n<meta property=\"og:type\" content=\"article\" \/>\n<meta property=\"og:title\" content=\"18650 High Rate Cylindrical Sodium Ion Battery Cells 3V 1200mAh - Delong Energy\" \/>\n<meta property=\"og:description\" content=\"Nominal Voltage: 3V  Nominal capacity: 1200mAh  Cycle life: 2000 cycles  Working Voltage Range: 1.5V-4.0V\" \/>\n<meta property=\"og:url\" content=\"https:\/\/www.delongtop.com\/it\/product\/18650-cylindrical-sodium-ion-battery-cells-1200mah\/\" \/>\n<meta property=\"og:site_name\" content=\"Delong Energy\" \/>\n<meta property=\"article:modified_time\" content=\"2026-01-23T10:02:30+00:00\" \/>\n<meta property=\"og:image\" content=\"https:\/\/i0.wp.com\/www.delongtop.com\/wp-content\/uploads\/2024\/03\/Sodium-Ion-Battery-Cells-.jpg?fit=1000%2C1000&ssl=1\" \/>\n\t<meta property=\"og:image:width\" content=\"1000\" \/>\n\t<meta property=\"og:image:height\" content=\"1000\" \/>\n\t<meta property=\"og:image:type\" content=\"image\/jpeg\" \/>\n<meta name=\"twitter:card\" content=\"summary_large_image\" \/>\n<meta name=\"twitter:label1\" content=\"Tempo di lettura stimato\" \/>\n\t<meta name=\"twitter:data1\" content=\"2 minuti\" \/>\n<script type=\"application\/ld+json\" class=\"yoast-schema-graph\">{\"@context\":\"https:\/\/schema.org\",\"@graph\":[{\"@type\":\"WebPage\",\"@id\":\"https:\/\/www.delongtop.com\/product\/18650-cylindrical-sodium-ion-battery-cells-1200mah\/\",\"url\":\"https:\/\/www.delongtop.com\/product\/18650-cylindrical-sodium-ion-battery-cells-1200mah\/\",\"name\":\"18650 High Rate Cylindrical Sodium Ion Battery Cells 3V 1200mAh - Delong Energy\",\"isPartOf\":{\"@id\":\"https:\/\/www.delongtop.com\/#website\"},\"primaryImageOfPage\":{\"@id\":\"https:\/\/www.delongtop.com\/product\/18650-cylindrical-sodium-ion-battery-cells-1200mah\/#primaryimage\"},\"image\":{\"@id\":\"https:\/\/www.delongtop.com\/product\/18650-cylindrical-sodium-ion-battery-cells-1200mah\/#primaryimage\"},\"thumbnailUrl\":\"https:\/\/i0.wp.com\/www.delongtop.com\/wp-content\/uploads\/2024\/03\/Sodium-Ion-Battery-Cells-.jpg?fit=1000%2C1000&ssl=1\",\"datePublished\":\"2024-02-29T07:07:18+00:00\",\"dateModified\":\"2026-01-23T10:02:30+00:00\",\"breadcrumb\":{\"@id\":\"https:\/\/www.delongtop.com\/product\/18650-cylindrical-sodium-ion-battery-cells-1200mah\/#breadcrumb\"},\"inLanguage\":\"it-IT\",\"potentialAction\":[{\"@type\":\"ReadAction\",\"target\":[\"https:\/\/www.delongtop.com\/product\/18650-cylindrical-sodium-ion-battery-cells-1200mah\/\"]}]},{\"@type\":\"ImageObject\",\"inLanguage\":\"it-IT\",\"@id\":\"https:\/\/www.delongtop.com\/product\/18650-cylindrical-sodium-ion-battery-cells-1200mah\/#primaryimage\",\"url\":\"https:\/\/i0.wp.com\/www.delongtop.com\/wp-content\/uploads\/2024\/03\/Sodium-Ion-Battery-Cells-.jpg?fit=1000%2C1000&ssl=1\",\"contentUrl\":\"https:\/\/i0.wp.com\/www.delongtop.com\/wp-content\/uploads\/2024\/03\/Sodium-Ion-Battery-Cells-.jpg?fit=1000%2C1000&ssl=1\",\"width\":1000,\"height\":1000,\"caption\":\"Sodium Battery Manufacturer\"},{\"@type\":\"BreadcrumbList\",\"@id\":\"https:\/\/www.delongtop.com\/product\/18650-cylindrical-sodium-ion-battery-cells-1200mah\/#breadcrumb\",\"itemListElement\":[{\"@type\":\"ListItem\",\"position\":1,\"name\":\"Home\",\"item\":\"https:\/\/www.delongtop.com\/\"},{\"@type\":\"ListItem\",\"position\":2,\"name\":\"Modern Products\",\"item\":\"https:\/\/www.delongtop.com\/products\/\"},{\"@type\":\"ListItem\",\"position\":3,\"name\":\"18650 High Rate Cylindrical Sodium Ion Battery Cells 3V 1200mAh\"}]},{\"@type\":\"WebSite\",\"@id\":\"https:\/\/www.delongtop.com\/#website\",\"url\":\"https:\/\/www.delongtop.com\/\",\"name\":\"Delong Energy\",\"description\":\"Lithium Ion Battery Manufacturer &amp; Factory In China\",\"potentialAction\":[{\"@type\":\"SearchAction\",\"target\":{\"@type\":\"EntryPoint\",\"urlTemplate\":\"https:\/\/www.delongtop.com\/?s={search_term_string}\"},\"query-input\":{\"@type\":\"PropertyValueSpecification\",\"valueRequired\":true,\"valueName\":\"search_term_string\"}}],\"inLanguage\":\"it-IT\"}]}<\/script>\n<!-- \/ Yoast SEO plugin. -->","yoast_head_json":{"title":"18650 High Rate Cylindrical Sodium Ion Battery Cells 3V 1200mAh - Delong Energy","robots":{"index":"index","follow":"follow","max-snippet":"max-snippet:-1","max-image-preview":"max-image-preview:large","max-video-preview":"max-video-preview:-1"},"canonical":"https:\/\/www.delongtop.com\/it\/product\/18650-cylindrical-sodium-ion-battery-cells-1200mah\/","og_locale":"it_IT","og_type":"article","og_title":"18650 High Rate Cylindrical Sodium Ion Battery Cells 3V 1200mAh - Delong Energy","og_description":"Nominal Voltage: 3V  Nominal capacity: 1200mAh  Cycle life: 2000 cycles  Working Voltage Range: 1.5V-4.0V","og_url":"https:\/\/www.delongtop.com\/it\/product\/18650-cylindrical-sodium-ion-battery-cells-1200mah\/","og_site_name":"Delong Energy","article_modified_time":"2026-01-23T10:02:30+00:00","og_image":[{"width":1000,"height":1000,"url":"https:\/\/i0.wp.com\/www.delongtop.com\/wp-content\/uploads\/2024\/03\/Sodium-Ion-Battery-Cells-.jpg?fit=1000%2C1000&ssl=1","type":"image\/jpeg"}],"twitter_card":"summary_large_image","twitter_misc":{"Tempo di lettura stimato":"2 minuti"},"schema":{"@context":"https:\/\/schema.org","@graph":[{"@type":"WebPage","@id":"https:\/\/www.delongtop.com\/product\/18650-cylindrical-sodium-ion-battery-cells-1200mah\/","url":"https:\/\/www.delongtop.com\/product\/18650-cylindrical-sodium-ion-battery-cells-1200mah\/","name":"18650 High Rate Cylindrical Sodium Ion Battery Cells 3V 1200mAh - Delong Energy","isPartOf":{"@id":"https:\/\/www.delongtop.com\/#website"},"primaryImageOfPage":{"@id":"https:\/\/www.delongtop.com\/product\/18650-cylindrical-sodium-ion-battery-cells-1200mah\/#primaryimage"},"image":{"@id":"https:\/\/www.delongtop.com\/product\/18650-cylindrical-sodium-ion-battery-cells-1200mah\/#primaryimage"},"thumbnailUrl":"https:\/\/i0.wp.com\/www.delongtop.com\/wp-content\/uploads\/2024\/03\/Sodium-Ion-Battery-Cells-.jpg?fit=1000%2C1000&ssl=1","datePublished":"2024-02-29T07:07:18+00:00","dateModified":"2026-01-23T10:02:30+00:00","breadcrumb":{"@id":"https:\/\/www.delongtop.com\/product\/18650-cylindrical-sodium-ion-battery-cells-1200mah\/#breadcrumb"},"inLanguage":"it-IT","potentialAction":[{"@type":"ReadAction","target":["https:\/\/www.delongtop.com\/product\/18650-cylindrical-sodium-ion-battery-cells-1200mah\/"]}]},{"@type":"ImageObject","inLanguage":"it-IT","@id":"https:\/\/www.delongtop.com\/product\/18650-cylindrical-sodium-ion-battery-cells-1200mah\/#primaryimage","url":"https:\/\/i0.wp.com\/www.delongtop.com\/wp-content\/uploads\/2024\/03\/Sodium-Ion-Battery-Cells-.jpg?fit=1000%2C1000&ssl=1","contentUrl":"https:\/\/i0.wp.com\/www.delongtop.com\/wp-content\/uploads\/2024\/03\/Sodium-Ion-Battery-Cells-.jpg?fit=1000%2C1000&ssl=1","width":1000,"height":1000,"caption":"Sodium Battery Manufacturer"},{"@type":"BreadcrumbList","@id":"https:\/\/www.delongtop.com\/product\/18650-cylindrical-sodium-ion-battery-cells-1200mah\/#breadcrumb","itemListElement":[{"@type":"ListItem","position":1,"name":"Home","item":"https:\/\/www.delongtop.com\/"},{"@type":"ListItem","position":2,"name":"Modern Products","item":"https:\/\/www.delongtop.com\/products\/"},{"@type":"ListItem","position":3,"name":"18650 High Rate Cylindrical Sodium Ion Battery Cells 3V 1200mAh"}]},{"@type":"WebSite","@id":"https:\/\/www.delongtop.com\/#website","url":"https:\/\/www.delongtop.com\/","name":"Delong Energy","description":"Lithium Ion Battery Manufacturer &amp; Factory In China","potentialAction":[{"@type":"SearchAction","target":{"@type":"EntryPoint","urlTemplate":"https:\/\/www.delongtop.com\/?s={search_term_string}"},"query-input":{"@type":"PropertyValueSpecification","valueRequired":true,"valueName":"search_term_string"}}],"inLanguage":"it-IT"}]}},"jetpack_sharing_enabled":true,"_links":{"self":[{"href":"https:\/\/www.delongtop.com\/it\/wp-json\/wp\/v2\/product\/23224","targetHints":{"allow":["GET"]}}],"collection":[{"href":"https:\/\/www.delongtop.com\/it\/wp-json\/wp\/v2\/product"}],"about":[{"href":"https:\/\/www.delongtop.com\/it\/wp-json\/wp\/v2\/types\/product"}],"replies":[{"embeddable":true,"href":"https:\/\/www.delongtop.com\/it\/wp-json\/wp\/v2\/comments?post=23224"}],"wp:featuredmedia":[{"embeddable":true,"href":"https:\/\/www.delongtop.com\/it\/wp-json\/wp\/v2\/media\/23285"}],"wp:attachment":[{"href":"https:\/\/www.delongtop.com\/it\/wp-json\/wp\/v2\/media?parent=23224"}],"wp:term":[{"taxonomy":"product_brand","embeddable":true,"href":"https:\/\/www.delongtop.com\/it\/wp-json\/wp\/v2\/product_brand?post=23224"},{"taxonomy":"product_cat","embeddable":true,"href":"https:\/\/www.delongtop.com\/it\/wp-json\/wp\/v2\/product_cat?post=23224"},{"taxonomy":"product_tag","embeddable":true,"href":"https:\/\/www.delongtop.com\/it\/wp-json\/wp\/v2\/product_tag?post=23224"}],"curies":[{"name":"wp","href":"https:\/\/api.w.org\/{rel}","templated":true}]}}