{"id":23353,"date":"2024-03-12T10:03:38","date_gmt":"2024-03-12T10:03:38","guid":{"rendered":"https:\/\/www.delongtop.com\/?post_type=product&#038;p=23353"},"modified":"2024-11-22T09:50:30","modified_gmt":"2024-11-22T09:50:30","slug":"12v-5200mah-18650-sodium-ion-battery","status":"publish","type":"product","link":"https:\/\/www.delongtop.com\/it\/product\/12v-5200mah-18650-sodium-ion-battery\/","title":{"rendered":"12V 5200mAh 18650 batteria agli ioni di sodio per il motociclo"},"content":{"rendered":"<h2><span style=\"color: #339966;\"><strong>12V 5200mAh sodio ione moto batteria di avviamento 18650<\/strong><\/span><\/h2>\n<p>Questo \u00e8 un <a href=\"https:\/\/www.delongtop.com\/it\/what-is-sodium-ion-battery\/\" target=\"_blank\" rel=\"noopener\">batteria agli ioni di sodio<\/a> specificamente progettato per l'avviamento delle moto, con una tensione di 12 V e una capacit\u00e0 di 5,2 Ah. Le sue caratteristiche sono le seguenti.<\/p>\n<div id=\"attachment_23350\" style=\"width: 517px\" class=\"wp-caption aligncenter\"><img decoding=\"async\" aria-describedby=\"caption-attachment-23350\" class=\"lazyload wp-image-23350 size-full\" src=\"data:image\/svg+xml,%3Csvg%20xmlns%3D%27http%3A%2F%2Fwww.w3.org%2F2000%2Fsvg%27%20width%3D%27507%27%20height%3D%27329%27%20viewBox%3D%270%200%20507%20329%27%3E%3Crect%20width%3D%27507%27%20height%3D%27329%27%20fill-opacity%3D%220%22%2F%3E%3C%2Fsvg%3E\" data-orig-src=\"https:\/\/www.delongtop.com\/wp-content\/uploads\/2024\/03\/Motorcycle-Starter-Battery-Sodium-12V-10Ah-.png\" alt=\"Batteria di avviamento per motocicli al sodio\" width=\"507\" height=\"329\" \/><p id=\"caption-attachment-23350\" class=\"wp-caption-text\">Batteria di avviamento moto SIB<\/p><\/div>\n<h2><span style=\"color: #339966;\"><strong><b>Caratteristiche di <\/b><\/strong><strong><b>12V <\/b><\/strong><strong><b>52<\/b><\/strong><strong><b>00mAh<\/b><\/strong><strong><b>\u00a0Batteria al sodio<\/b><\/strong><\/span><\/h2>\n<ol>\n<li>La batteria al sodio da 5200 mAh ha superato diversi test di sicurezza, tra cui quelli di sovraccarico, sovra-scarico, cortocircuito, perforazione e schiacciamento, rendendo le sue prestazioni di sicurezza eccezionalmente elevate.<\/li>\n<li>\u00c8 pi\u00f9 leggera e pi\u00f9 piccola rispetto alle batterie al piombo, riducendo il carico sulle moto e liberando pi\u00f9 spazio.<\/li>\n<li>I motocicli possono richiedere avviamenti frequenti e la lunga durata delle batterie agli ioni di sodio \u00e8 in grado di soddisfare le elevate richieste di cicli di carica-scarica del veicolo.<\/li>\n<li>La batteria agli ioni di sodio da 5200 mAh da 12 V funziona in un ampio intervallo di temperatura, consentendo l'avviamento delle moto in varie condizioni di temperatura.<\/li>\n<li>Se si usa la moto solo occasionalmente, \u00e8 necessaria una fonte di energia con un alto tasso di mantenimento della capacit\u00e0. Le batterie agli ioni di sodio, che hanno un tasso di autoscarica molto basso, sono molto adatte.<\/li>\n<li>La manutenzione delle batterie agli ioni di sodio \u00e8 molto semplice: non richiedono un'annaffiatura o un rifornimento regolare di elettrolito.<\/li>\n<li>Come batteria di avviamento, la batteria agli ioni di sodio fornisce una corrente di scarica istantanea sufficiente per il normale avviamento del veicolo.<\/li>\n<\/ol>\n<h2><span style=\"color: #339966;\"><strong>Informazioni su Delong Top<\/strong><\/span><\/h2>\n<p>Delong \u00e8 un produttore esperto di batterie agli ioni di sodio. Il nostro team di ricerca e sviluppo \u00e8 in grado di innovare tecnologicamente e la nostra fabbrica vanta capacit\u00e0 produttive efficienti, con tutti i prodotti che soddisfano gli standard internazionali di certificazione della qualit\u00e0. Oltre alle batterie di avviamento per motocicli, forniamo anche celle cilindriche per batterie agli ioni di sodio.<\/p>\n<div id=\"attachment_22036\" style=\"width: 1010px\" class=\"wp-caption aligncenter\"><img data-recalc-dims=\"1\" decoding=\"async\" aria-describedby=\"caption-attachment-22036\" class=\"lazyload size-full wp-image-22036\" src=\"https:\/\/i0.wp.com\/www.delongtop.com\/wp-content\/uploads\/2023\/11\/Delong-Energy-Factory-05.jpg?resize=1000%2C667&#038;ssl=1\" data-orig-src=\"https:\/\/www.delongtop.com\/wp-content\/uploads\/2023\/11\/Delong-Energy-Factory-05.jpg\" alt=\"Fabbrica di energia Delong\" width=\"1000\" height=\"667\" srcset=\"data:image\/svg+xml,%3Csvg%20xmlns%3D%27http%3A%2F%2Fwww.w3.org%2F2000%2Fsvg%27%20width%3D%271000%27%20height%3D%27667%27%20viewBox%3D%270%200%201000%20667%27%3E%3Crect%20width%3D%271000%27%20height%3D%27667%27%20fill-opacity%3D%220%22%2F%3E%3C%2Fsvg%3E\" data-srcset=\"https:\/\/i0.wp.com\/www.delongtop.com\/wp-content\/uploads\/2023\/11\/Delong-Energy-Factory-05.jpg?resize=200%2C133&amp;ssl=1 200w, https:\/\/i0.wp.com\/www.delongtop.com\/wp-content\/uploads\/2023\/11\/Delong-Energy-Factory-05.jpg?resize=300%2C200&amp;ssl=1 300w, https:\/\/i0.wp.com\/www.delongtop.com\/wp-content\/uploads\/2023\/11\/Delong-Energy-Factory-05.jpg?resize=400%2C267&amp;ssl=1 400w, https:\/\/i0.wp.com\/www.delongtop.com\/wp-content\/uploads\/2023\/11\/Delong-Energy-Factory-05.jpg?resize=500%2C334&amp;ssl=1 500w, https:\/\/i0.wp.com\/www.delongtop.com\/wp-content\/uploads\/2023\/11\/Delong-Energy-Factory-05.jpg?resize=600%2C400&amp;ssl=1 600w, https:\/\/i0.wp.com\/www.delongtop.com\/wp-content\/uploads\/2023\/11\/Delong-Energy-Factory-05.jpg?resize=700%2C467&amp;ssl=1 700w, https:\/\/i0.wp.com\/www.delongtop.com\/wp-content\/uploads\/2023\/11\/Delong-Energy-Factory-05.jpg?resize=768%2C512&amp;ssl=1 768w, https:\/\/i0.wp.com\/www.delongtop.com\/wp-content\/uploads\/2023\/11\/Delong-Energy-Factory-05.jpg?resize=800%2C534&amp;ssl=1 800w, https:\/\/i0.wp.com\/www.delongtop.com\/wp-content\/uploads\/2023\/11\/Delong-Energy-Factory-05.jpg?w=1000&amp;ssl=1 1000w\" data-sizes=\"auto\" data-orig-sizes=\"(max-width: 1000px) 100vw, 1000px\" \/><p id=\"caption-attachment-22036\" class=\"wp-caption-text\">Fabbrica di energia Delong<\/p><\/div>","protected":false},"excerpt":{"rendered":"<ul>\n<li>Tensione: 12V<\/li>\n<li>Capacit\u00e0: 5,2Ah<\/li>\n<li>Durata del ciclo: 3000 cicli<\/li>\n<li>Temperatura: -40\u2103~+60\u2103<\/li>\n<li>Manutenzione: No<\/li>\n<\/ul>","protected":false},"featured_media":0,"comment_status":"open","ping_status":"closed","template":"","meta":[],"product_brand":[],"product_cat":[270],"product_tag":[],"class_list":{"0":"post-23353","1":"product","2":"type-product","3":"status-publish","5":"product_cat-sodium-ion-battery","7":"first","8":"instock","9":"shipping-taxable","10":"product-type-simple"},"yoast_head":"<!-- This site is optimized with the Yoast SEO plugin v25.0 - https:\/\/yoast.com\/wordpress\/plugins\/seo\/ -->\n<title>12V 5200mAh 18650 Sodium Ion Battery For Motorcycle - Delong Energy<\/title>\n<meta name=\"robots\" content=\"index, follow, max-snippet:-1, max-image-preview:large, max-video-preview:-1\" \/>\n<link rel=\"canonical\" href=\"https:\/\/www.delongtop.com\/it\/product\/12v-5200mah-18650-sodium-ion-battery\/\" \/>\n<meta property=\"og:locale\" content=\"it_IT\" \/>\n<meta property=\"og:type\" content=\"article\" \/>\n<meta property=\"og:title\" content=\"12V 5200mAh 18650 Sodium Ion Battery For Motorcycle - Delong Energy\" \/>\n<meta property=\"og:description\" content=\"Voltage: 12V  Capacity: 5.2Ah  Cycle Life: 3000 cycles  Temperature: -40\u2103~+60\u2103  Maintenance: No\" \/>\n<meta property=\"og:url\" content=\"https:\/\/www.delongtop.com\/it\/product\/12v-5200mah-18650-sodium-ion-battery\/\" \/>\n<meta property=\"og:site_name\" content=\"Delong Energy\" \/>\n<meta property=\"article:modified_time\" content=\"2024-11-22T09:50:30+00:00\" \/>\n<meta property=\"og:image\" content=\"https:\/\/i0.wp.com\/www.delongtop.com\/wp-content\/uploads\/2024\/03\/Motorcycle-Starter-Battery-Sodium-12V-10Ah-.png?fit=507%2C329&ssl=1\" \/>\n\t<meta property=\"og:image:width\" content=\"507\" \/>\n\t<meta property=\"og:image:height\" content=\"329\" \/>\n\t<meta property=\"og:image:type\" content=\"image\/png\" \/>\n<meta name=\"twitter:card\" content=\"summary_large_image\" \/>\n<meta name=\"twitter:label1\" content=\"Tempo di lettura stimato\" \/>\n\t<meta name=\"twitter:data1\" content=\"2 minuti\" \/>\n<script type=\"application\/ld+json\" class=\"yoast-schema-graph\">{\"@context\":\"https:\/\/schema.org\",\"@graph\":[{\"@type\":\"WebPage\",\"@id\":\"https:\/\/www.delongtop.com\/product\/12v-5200mah-18650-sodium-ion-battery\/\",\"url\":\"https:\/\/www.delongtop.com\/product\/12v-5200mah-18650-sodium-ion-battery\/\",\"name\":\"12V 5200mAh 18650 Sodium Ion Battery For Motorcycle - Delong Energy\",\"isPartOf\":{\"@id\":\"https:\/\/www.delongtop.com\/#website\"},\"primaryImageOfPage\":{\"@id\":\"https:\/\/www.delongtop.com\/product\/12v-5200mah-18650-sodium-ion-battery\/#primaryimage\"},\"image\":{\"@id\":\"https:\/\/www.delongtop.com\/product\/12v-5200mah-18650-sodium-ion-battery\/#primaryimage\"},\"thumbnailUrl\":\"https:\/\/www.delongtop.com\/wp-content\/uploads\/2024\/03\/Motorcycle-Starter-Battery-Sodium-12V-10Ah-.png\",\"datePublished\":\"2024-03-12T10:03:38+00:00\",\"dateModified\":\"2024-11-22T09:50:30+00:00\",\"breadcrumb\":{\"@id\":\"https:\/\/www.delongtop.com\/product\/12v-5200mah-18650-sodium-ion-battery\/#breadcrumb\"},\"inLanguage\":\"it-IT\",\"potentialAction\":[{\"@type\":\"ReadAction\",\"target\":[\"https:\/\/www.delongtop.com\/product\/12v-5200mah-18650-sodium-ion-battery\/\"]}]},{\"@type\":\"ImageObject\",\"inLanguage\":\"it-IT\",\"@id\":\"https:\/\/www.delongtop.com\/product\/12v-5200mah-18650-sodium-ion-battery\/#primaryimage\",\"url\":\"https:\/\/www.delongtop.com\/wp-content\/uploads\/2024\/03\/Motorcycle-Starter-Battery-Sodium-12V-10Ah-.png\",\"contentUrl\":\"https:\/\/www.delongtop.com\/wp-content\/uploads\/2024\/03\/Motorcycle-Starter-Battery-Sodium-12V-10Ah-.png\"},{\"@type\":\"BreadcrumbList\",\"@id\":\"https:\/\/www.delongtop.com\/product\/12v-5200mah-18650-sodium-ion-battery\/#breadcrumb\",\"itemListElement\":[{\"@type\":\"ListItem\",\"position\":1,\"name\":\"Home\",\"item\":\"https:\/\/www.delongtop.com\/\"},{\"@type\":\"ListItem\",\"position\":2,\"name\":\"Modern Products\",\"item\":\"https:\/\/www.delongtop.com\/products\/\"},{\"@type\":\"ListItem\",\"position\":3,\"name\":\"12V 5200mAh 18650 Sodium Ion Battery For Motorcycle\"}]},{\"@type\":\"WebSite\",\"@id\":\"https:\/\/www.delongtop.com\/#website\",\"url\":\"https:\/\/www.delongtop.com\/\",\"name\":\"Delong Energy\",\"description\":\"Lithium Ion Battery Manufacturer &amp; Factory In China\",\"potentialAction\":[{\"@type\":\"SearchAction\",\"target\":{\"@type\":\"EntryPoint\",\"urlTemplate\":\"https:\/\/www.delongtop.com\/?s={search_term_string}\"},\"query-input\":{\"@type\":\"PropertyValueSpecification\",\"valueRequired\":true,\"valueName\":\"search_term_string\"}}],\"inLanguage\":\"it-IT\"}]}<\/script>\n<!-- \/ Yoast SEO plugin. -->","yoast_head_json":{"title":"12V 5200mAh 18650 Sodium Ion Battery For Motorcycle - Delong Energy","robots":{"index":"index","follow":"follow","max-snippet":"max-snippet:-1","max-image-preview":"max-image-preview:large","max-video-preview":"max-video-preview:-1"},"canonical":"https:\/\/www.delongtop.com\/it\/product\/12v-5200mah-18650-sodium-ion-battery\/","og_locale":"it_IT","og_type":"article","og_title":"12V 5200mAh 18650 Sodium Ion Battery For Motorcycle - Delong Energy","og_description":"Voltage: 12V  Capacity: 5.2Ah  Cycle Life: 3000 cycles  Temperature: -40\u2103~+60\u2103  Maintenance: No","og_url":"https:\/\/www.delongtop.com\/it\/product\/12v-5200mah-18650-sodium-ion-battery\/","og_site_name":"Delong Energy","article_modified_time":"2024-11-22T09:50:30+00:00","og_image":[{"width":507,"height":329,"url":"https:\/\/i0.wp.com\/www.delongtop.com\/wp-content\/uploads\/2024\/03\/Motorcycle-Starter-Battery-Sodium-12V-10Ah-.png?fit=507%2C329&ssl=1","type":"image\/png"}],"twitter_card":"summary_large_image","twitter_misc":{"Tempo di lettura stimato":"2 minuti"},"schema":{"@context":"https:\/\/schema.org","@graph":[{"@type":"WebPage","@id":"https:\/\/www.delongtop.com\/product\/12v-5200mah-18650-sodium-ion-battery\/","url":"https:\/\/www.delongtop.com\/product\/12v-5200mah-18650-sodium-ion-battery\/","name":"12V 5200mAh 18650 Sodium Ion Battery For Motorcycle - Delong Energy","isPartOf":{"@id":"https:\/\/www.delongtop.com\/#website"},"primaryImageOfPage":{"@id":"https:\/\/www.delongtop.com\/product\/12v-5200mah-18650-sodium-ion-battery\/#primaryimage"},"image":{"@id":"https:\/\/www.delongtop.com\/product\/12v-5200mah-18650-sodium-ion-battery\/#primaryimage"},"thumbnailUrl":"https:\/\/www.delongtop.com\/wp-content\/uploads\/2024\/03\/Motorcycle-Starter-Battery-Sodium-12V-10Ah-.png","datePublished":"2024-03-12T10:03:38+00:00","dateModified":"2024-11-22T09:50:30+00:00","breadcrumb":{"@id":"https:\/\/www.delongtop.com\/product\/12v-5200mah-18650-sodium-ion-battery\/#breadcrumb"},"inLanguage":"it-IT","potentialAction":[{"@type":"ReadAction","target":["https:\/\/www.delongtop.com\/product\/12v-5200mah-18650-sodium-ion-battery\/"]}]},{"@type":"ImageObject","inLanguage":"it-IT","@id":"https:\/\/www.delongtop.com\/product\/12v-5200mah-18650-sodium-ion-battery\/#primaryimage","url":"https:\/\/www.delongtop.com\/wp-content\/uploads\/2024\/03\/Motorcycle-Starter-Battery-Sodium-12V-10Ah-.png","contentUrl":"https:\/\/www.delongtop.com\/wp-content\/uploads\/2024\/03\/Motorcycle-Starter-Battery-Sodium-12V-10Ah-.png"},{"@type":"BreadcrumbList","@id":"https:\/\/www.delongtop.com\/product\/12v-5200mah-18650-sodium-ion-battery\/#breadcrumb","itemListElement":[{"@type":"ListItem","position":1,"name":"Home","item":"https:\/\/www.delongtop.com\/"},{"@type":"ListItem","position":2,"name":"Modern Products","item":"https:\/\/www.delongtop.com\/products\/"},{"@type":"ListItem","position":3,"name":"12V 5200mAh 18650 Sodium Ion Battery For Motorcycle"}]},{"@type":"WebSite","@id":"https:\/\/www.delongtop.com\/#website","url":"https:\/\/www.delongtop.com\/","name":"Delong Energy","description":"Lithium Ion Battery Manufacturer &amp; Factory In China","potentialAction":[{"@type":"SearchAction","target":{"@type":"EntryPoint","urlTemplate":"https:\/\/www.delongtop.com\/?s={search_term_string}"},"query-input":{"@type":"PropertyValueSpecification","valueRequired":true,"valueName":"search_term_string"}}],"inLanguage":"it-IT"}]}},"jetpack_sharing_enabled":true,"_links":{"self":[{"href":"https:\/\/www.delongtop.com\/it\/wp-json\/wp\/v2\/product\/23353","targetHints":{"allow":["GET"]}}],"collection":[{"href":"https:\/\/www.delongtop.com\/it\/wp-json\/wp\/v2\/product"}],"about":[{"href":"https:\/\/www.delongtop.com\/it\/wp-json\/wp\/v2\/types\/product"}],"replies":[{"embeddable":true,"href":"https:\/\/www.delongtop.com\/it\/wp-json\/wp\/v2\/comments?post=23353"}],"wp:attachment":[{"href":"https:\/\/www.delongtop.com\/it\/wp-json\/wp\/v2\/media?parent=23353"}],"wp:term":[{"taxonomy":"product_brand","embeddable":true,"href":"https:\/\/www.delongtop.com\/it\/wp-json\/wp\/v2\/product_brand?post=23353"},{"taxonomy":"product_cat","embeddable":true,"href":"https:\/\/www.delongtop.com\/it\/wp-json\/wp\/v2\/product_cat?post=23353"},{"taxonomy":"product_tag","embeddable":true,"href":"https:\/\/www.delongtop.com\/it\/wp-json\/wp\/v2\/product_tag?post=23353"}],"curies":[{"name":"wp","href":"https:\/\/api.w.org\/{rel}","templated":true}]}}